{"id":102,"date":"2021-02-26T20:18:00","date_gmt":"2021-02-26T19:18:00","guid":{"rendered":"https:\/\/pfingstrosen-paradies.de\/?page_id=102"},"modified":"2025-12-31T17:20:04","modified_gmt":"2025-12-31T16:20:04","slug":"ueber-uns","status":"publish","type":"page","link":"https:\/\/pfingstrosen-paradies.de\/en\/ueber-uns\/","title":{"rendered":"About"},"content":{"rendered":"<h2 class=\"wp-block-heading has-palette-color-1-color has-text-color\" id=\"das-sind-wir\">About Us<\/h2>\n\n\n\n<hr class=\"wp-block-separator has-css-opacity is-style-wide\" \/>\n\n\n\n<div class=\"wp-block-columns is-layout-flex wp-container-core-columns-is-layout-28f84493 wp-block-columns-is-layout-flex\">\n<div class=\"wp-block-column is-layout-flow wp-block-column-is-layout-flow\" style=\"flex-basis:66.66%\">\n<p>Wie in vielen Gartenbaubetrieben, die sich auf einzelne Kulturen spezialisiert haben, ist dies durch Hobby und Leidenschaft zu diesen Pflanzen entstanden. Bei uns war es nicht anders. In einem Urlaub in der Eifel Mitte der 70iger Jahrebe kam ich als Jugendlicher von unserer Gastwirtin je ein Exemplar von\u00a0<strong>P. officinalis rubra plena<\/strong>\u00a0and\u00a0<strong>Festiva Maxima<\/strong>\u00a0geschenkt. Dies ist inzwischen \u00fcber 50 Jahre her und war der Grundstein der heutigen Sammlung. Aus urspr\u00fcnglich 2 Pflanzen ist die Sammlung \u00fcber die Jahrzehnte auf \u00fcber 800 Sorten angewachsen und aus dem Hobby und der Sammelleidenschaft ist ein Beruf geworden und die ganze Familie mit eingebunden.<\/p>\n\n\n\n<p>Im Sommer 2002 haben wir endlich unseren Traum verwirklichen k\u00f6nnen und einen eigenen Betrieb in Korschenbroich erworben, den wir mit einer Schauanlage rund um das Haus ausgestattet haben. Nat\u00fcrlich sind auch andere Pflanzen als ausschlie\u00dflich Pfingstrosen angepflanzt worden.  <\/p>\n\n\n\n<p>Nach 14 Jahren in Korschenbroich ist unser Hof in Pesch zu klein geworden, und so sind wir im im Fr\u00fchjahr 2017 nach Grevenbroich-Hemmerden auf einen Hof in Alleinlage gezogen (ca. 10 km s\u00fcdlich vom bisherigen Standort, N\u00e4he Schlo\u00df Dyck).  <strong><a href=\"\/en\/die-gaertnerei-in-bildern\/\">Fotos<\/a>&nbsp;<\/strong>finden Sie im Bilderteil. Interessierte sind herzlich eingeladen, die neue&nbsp;<strong>Schauanlage<\/strong>&nbsp;w\u00e4hrend der Bl\u00fctezeit&nbsp;<strong>von Anfang Mai bis Anfang Juni zu besichtigen<\/strong>.  <\/p>\n\n\n\n<p>Nach einer Ausbildung zum Staudeng\u00e4rtner und anschlie\u00dfendem Studium im Fachbereich Produktionsgartenbau ist mit Sohn Max seit 2022 nun auch die zweite Generation &#8222;Pfingstrosen-Verr\u00fcckter&#8220; mit im Betrieb.<\/p>\n<\/div>\n\n\n\n<div class=\"wp-block-column is-layout-flow wp-block-column-is-layout-flow\" style=\"flex-basis:25%\">\n<figure class=\"wp-block-image size-large is-resized is-style-default\"><img decoding=\"async\" width=\"831\" height=\"1024\" src=\"https:\/\/pfingstrosen-paradies.de\/wp-content\/uploads\/CordiTetziMax-von-Borkowski-1-831x1024.jpg\" alt=\"uber-uns\" class=\"wp-image-2226\" style=\"width:320px;height:393px\" srcset=\"https:\/\/pfingstrosen-paradies.de\/wp-content\/uploads\/CordiTetziMax-von-Borkowski-1-831x1024.jpg 831w, https:\/\/pfingstrosen-paradies.de\/wp-content\/uploads\/CordiTetziMax-von-Borkowski-1-800x986.jpg 800w, https:\/\/pfingstrosen-paradies.de\/wp-content\/uploads\/CordiTetziMax-von-Borkowski-1-244x300.jpg 244w, https:\/\/pfingstrosen-paradies.de\/wp-content\/uploads\/CordiTetziMax-von-Borkowski-1-768x946.jpg 768w, https:\/\/pfingstrosen-paradies.de\/wp-content\/uploads\/CordiTetziMax-von-Borkowski-1-10x12.jpg 10w, https:\/\/pfingstrosen-paradies.de\/wp-content\/uploads\/CordiTetziMax-von-Borkowski-1.jpg 974w\" sizes=\"(max-width: 831px) 100vw, 831px\" \/><\/figure>\n<\/div>\n<\/div>\n\n\n\n<hr class=\"wp-block-separator has-css-opacity is-style-wide\" \/>\n\n\n\n<div class=\"wp-block-columns wp-embed-aspect-16-9 wp-has-aspect-ratio is-layout-flex wp-container-core-columns-is-layout-28f84493 wp-block-columns-is-layout-flex\">\n<div class=\"wp-block-column is-layout-flow wp-block-column-is-layout-flow\">\n<div class=\"wp-block-stackable-call-to-action stk-block-call-to-action stk-block stk-3fbe308\" data-block-id=\"3fbe308\"><style>.stk-3fbe308{margin-bottom:10px !important}.stk-3fbe308-container{background-image:url(https:\/\/pfingstrosen-paradies.de\/wp-content\/uploads\/Pfingstrosen-Paradies-Tetzlaff.jpg) !important}.stk-3fbe308 .stk-block-call-to-action__content{min-height:360px !important}<\/style><div class=\"stk-block-call-to-action__content stk-content-align stk-3fbe308-column stk-container stk-3fbe308-container stk-hover-parent stk--has-background-overlay\"><div class=\"has-text-align-center stk-block-content stk-inner-blocks\">\n\n<div class=\"wp-block-stackable-heading stk-block-heading stk-block stk-7e01424\" data-block-id=\"7e01424\"><style>.stk-7e01424{margin-bottom:0px !important}<\/style><h3 class=\"stk-block-heading__text\"><\/h3><\/div>\n\n\n<div class=\"wp-block-stackable-button-group stk-block-button-group stk-block stk-f2188ea\" data-block-id=\"f2188ea\"><div class=\"stk-row stk-inner-blocks stk-block-content stk-button-group\">\n\n<div class=\"wp-block-stackable-button stk-block-button stk-block stk-b2196b7\" data-block-id=\"b2196b7\"><style>.stk-b2196b7 .stk-button{border-radius:3px !important;overflow:hidden !important}<\/style><a class=\"stk-link stk-button stk--hover-effect-darken\" href=\"\/en\/die-gaertnerei-in-bildern\/\"><span class=\"stk--svg-wrapper\"><div class=\"stk--inner-svg\"><svg aria-hidden=\"true\" data-prefix=\"fas\" data-icon=\"arrow-circle-right\" class=\"svg-inline--fa fa-arrow-circle-right fa-w-16\" xmlns=\"http:\/\/www.w3.org\/2000\/svg\" viewbox=\"0 0 512 512\" width=\"32\" height=\"32\"><path fill=\"currentColor\" d=\"M256 8c137 0 248 111 248 248S393 504 256 504 8 393 8 256 119 8 256 8zm-28.9 143.6l75.5 72.4H120c-13.3 0-24 10.7-24 24v16c0 13.3 10.7 24 24 24h182.6l-75.5 72.4c-9.7 9.3-9.9 24.8-.4 34.3l11 10.9c9.4 9.4 24.6 9.4 33.9 0L404.3 273c9.4-9.4 9.4-24.6 0-33.9L271.6 106.3c-9.4-9.4-24.6-9.4-33.9 0l-11 10.9c-9.5 9.6-9.3 25.1.4 34.4z\"><\/path><\/svg><\/div><\/span><span class=\"stk-button__inner-text\">Our Nursery | Gallery<\/span><\/a><\/div>\n\n<\/div><\/div>\n\n<\/div><\/div><\/div>\n\n\n\n<p class=\"has-text-align-center\" style=\"font-size:14px\"><a href=\"\/en\/die-gaertnerei-in-bildern\/\">Viele tolle Eindr\u00fccke aus unserer G\u00e4rtnerei finden Sie hier.<\/a><\/p>\n<\/div>\n\n\n\n<div class=\"wp-block-column is-layout-flow wp-block-column-is-layout-flow\">\n<figure class=\"wp-block-embed is-type-video is-provider-youtube wp-block-embed-youtube wp-embed-aspect-16-9 wp-has-aspect-ratio\"><div class=\"wp-block-embed__wrapper\">\n<iframe loading=\"lazy\" hcb-fetch-image-from=\"https:\/\/www.youtube.com\/watch?v=X4VZLaaYTEQ\" title=\"GARTEN TV OnTour: Toskana-Feeling im Rheinischen Pfingstrosen-Paradies\" width=\"1360\" height=\"765\" src=\"https:\/\/www.youtube.com\/embed\/X4VZLaaYTEQ?feature=oembed\" frameborder=\"0\" allow=\"accelerometer; autoplay; clipboard-write; encrypted-media; gyroscope; picture-in-picture; web-share\" referrerpolicy=\"strict-origin-when-cross-origin\" allowfullscreen><\/iframe>\n<\/div><figcaption class=\"wp-element-caption\"><a href=\"https:\/\/www.youtube.com\/watch?v=X4VZLaaYTEQ\" target=\"_blank\" rel=\"noreferrer noopener\">Garten TV Beitrag \u00fcber unser Pfingstrosen-Paradies<\/a><\/figcaption><\/figure>\n<\/div>\n<\/div>\n\n\n\n<figure class=\"wp-block-video wp-embed-aspect-16-9 wp-has-aspect-ratio\"><video height=\"1080\" style=\"aspect-ratio: 1920 \/ 1080;\" width=\"1920\" controls poster=\"https:\/\/pfingstrosen-paradies.de\/wp-content\/uploads\/Drohnen-Video.jpg\" src=\"https:\/\/pfingstrosen-paradies.de\/wp-content\/uploads\/Schaugarten-April-25.mp4\"><\/video><figcaption class=\"wp-element-caption\">Schaugarten am 25. April 2020<\/figcaption><\/figure>\n\n\n\n<hr class=\"wp-block-separator has-css-opacity is-style-wide\" \/>\n\n\n\n<p><strong><span style=\"color: var(--theme-palette-color-1, #c22365)\" class=\"stk-highlight\">About Us<\/span> | <a href=\"\/en\/die-gaertnerei-in-bildern\/\">Our Nursery | Gallery<\/a> | <a href=\"\/en\/kontakt\/\">Business Hours | Directions<\/a> | <a href=\"\/en\/pfingstrosen-schaugarten\/\">Showgarden | Plant Sale<\/a><\/strong> <strong>|<\/strong> <strong><a href=\"\/en\/kategorie\/veranstaltungen\/\">Events<\/a> <\/strong><\/p>","protected":false},"excerpt":{"rendered":"<p>Das sind wir Wie in vielen Gartenbaubetrieben, die sich auf einzelne Kulturen spezialisiert haben, ist dies durch Hobby und Leidenschaft zu diesen Pflanzen entstanden. Bei uns war es nicht anders. In einem Urlaub in der Eifel Mitte der 70iger Jahrebe kam ich als Jugendlicher von unserer Gastwirtin je ein Exemplar von\u00a0P. officinalis rubra plena\u00a0und\u00a0Festiva Maxima\u00a0geschenkt. [&hellip;]<\/p>\n","protected":false},"author":2,"featured_media":0,"parent":0,"menu_order":0,"comment_status":"closed","ping_status":"closed","template":"","meta":{"footnotes":""},"class_list":["post-102","page","type-page","status-publish","hentry"],"blocksy_meta":{"styles_descriptor":{"styles":{"desktop":"","tablet":"","mobile":""},"google_fonts":[],"version":6}},"featured_image_urls":{"full":"","thumbnail":"","medium":"","medium_large":"","large":"","1536x1536":"","2048x2048":"","trp-custom-language-flag":"","ptam-block-post-grid-landscape":"","ptam-block-post-grid-square":"","ptam-block-post-grid-featured-landscape":"","woocommerce_archive_thumbnail":"","woocommerce_thumbnail":"","woocommerce_single":"","woocommerce_gallery_thumbnail":""},"post_excerpt_stackable":"<p>Das sind wir Wie in vielen Gartenbaubetrieben, die sich auf einzelne Kulturen spezialisiert haben, ist dies durch Hobby und Leidenschaft zu diesen Pflanzen entstanden. Bei uns war es nicht anders. In einem Urlaub in der Eifel Mitte der 70iger Jahrebe kam ich als Jugendlicher von unserer Gastwirtin je ein Exemplar von\u00a0P. officinalis rubra plena\u00a0und\u00a0Festiva Maxima\u00a0geschenkt. Dies ist inzwischen \u00fcber 50 Jahre her und war der Grundstein der heutigen Sammlung. Aus urspr\u00fcnglich 2 Pflanzen ist die Sammlung \u00fcber die Jahrzehnte auf \u00fcber 800 Sorten angewachsen und aus dem Hobby und der Sammelleidenschaft ist ein Beruf geworden und die ganze Familie mit&hellip;<\/p>\n","category_list":"","author_info":{"name":"max","url":"https:\/\/pfingstrosen-paradies.de\/en\/author\/max\/"},"comments_num":"0 comments","featured_image_urls_v2":{"full":"","thumbnail":"","medium":"","medium_large":"","large":"","1536x1536":"","2048x2048":"","trp-custom-language-flag":"","ptam-block-post-grid-landscape":"","ptam-block-post-grid-square":"","ptam-block-post-grid-featured-landscape":"","woocommerce_archive_thumbnail":"","woocommerce_thumbnail":"","woocommerce_single":"","woocommerce_gallery_thumbnail":""},"post_excerpt_stackable_v2":"<p>Das sind wir Wie in vielen Gartenbaubetrieben, die sich auf einzelne Kulturen spezialisiert haben, ist dies durch Hobby und Leidenschaft zu diesen Pflanzen entstanden. Bei uns war es nicht anders. In einem Urlaub in der Eifel Mitte der 70iger Jahrebe kam ich als Jugendlicher von unserer Gastwirtin je ein Exemplar von\u00a0P. officinalis rubra plena\u00a0und\u00a0Festiva Maxima\u00a0geschenkt. Dies ist inzwischen \u00fcber 50 Jahre her und war der Grundstein der heutigen Sammlung. Aus urspr\u00fcnglich 2 Pflanzen ist die Sammlung \u00fcber die Jahrzehnte auf \u00fcber 800 Sorten angewachsen und aus dem Hobby und der Sammelleidenschaft ist ein Beruf geworden und die ganze Familie mit&hellip;<\/p>\n","category_list_v2":"","author_info_v2":{"name":"max","url":"https:\/\/pfingstrosen-paradies.de\/en\/author\/max\/"},"comments_num_v2":"0 comments","yoast_head":"<!-- This site is optimized with the Yoast SEO plugin v27.3 - https:\/\/yoast.com\/product\/yoast-seo-wordpress\/ -->\n<title>\u00dcber uns | Pfingstrosen-Paradies Tetzlaff<\/title>\n<meta name=\"description\" content=\"Wie in vielen Gartenbaubetrieben, die sich auf einzelne Kulturen spezialisiert haben, ist dies durch Hobby und Leidenschaft zu diesen Pflanzen entstanden. Bei uns war es nicht anders. In einem Urlaub in der Eifel bekam ich als Jugendlicher von unserer Gastwirtin je ein Exemplar von P. officinalis rubra plena und Festiva Maxima geschenkt. Dies war der Grundstein der heutigen Sammlung. Inzwischen ist die Sammlung auf \u00fcber 700 Sorten angewachsen und aus dem Hobby und der Sammelleidenschaft ist ein Beruf geworden und die ganze Familie mit eingebunden. Insgesamt kultivieren wir zur Zeit auf rund 4 ha Pfingstrosen.\" \/>\n<meta name=\"robots\" content=\"index, follow, max-snippet:-1, max-image-preview:large, max-video-preview:-1\" \/>\n<link rel=\"canonical\" href=\"https:\/\/pfingstrosen-paradies.de\/en\/ueber-uns\/\" \/>\n<meta property=\"og:locale\" content=\"en_GB\" \/>\n<meta property=\"og:type\" content=\"article\" \/>\n<meta property=\"og:title\" content=\"\u00dcber uns | Pfingstrosen-Paradies Tetzlaff\" \/>\n<meta property=\"og:description\" content=\"Wie in vielen Gartenbaubetrieben, die sich auf einzelne Kulturen spezialisiert haben, ist dies durch Hobby und Leidenschaft zu diesen Pflanzen entstanden. Bei uns war es nicht anders. In einem Urlaub in der Eifel bekam ich als Jugendlicher von unserer Gastwirtin je ein Exemplar von P. officinalis rubra plena und Festiva Maxima geschenkt. Dies war der Grundstein der heutigen Sammlung. Inzwischen ist die Sammlung auf \u00fcber 700 Sorten angewachsen und aus dem Hobby und der Sammelleidenschaft ist ein Beruf geworden und die ganze Familie mit eingebunden. Insgesamt kultivieren wir zur Zeit auf rund 4 ha Pfingstrosen.\" \/>\n<meta property=\"og:url\" content=\"https:\/\/pfingstrosen-paradies.de\/en\/ueber-uns\/\" \/>\n<meta property=\"og:site_name\" content=\"Pfingstrosen-Paradies\" \/>\n<meta property=\"article:modified_time\" content=\"2025-12-31T16:20:04+00:00\" \/>\n<meta property=\"og:image\" content=\"https:\/\/pfingstrosen-paradies.de\/wp-content\/uploads\/CordiTetziMax-von-Borkowski-1.jpg\" \/>\n\t<meta property=\"og:image:width\" content=\"974\" \/>\n\t<meta property=\"og:image:height\" content=\"1200\" \/>\n\t<meta property=\"og:image:type\" content=\"image\/jpeg\" \/>\n<meta name=\"twitter:card\" content=\"summary_large_image\" \/>\n<meta name=\"twitter:label1\" content=\"Estimated reading time\" \/>\n\t<meta name=\"twitter:data1\" content=\"2 minutes\" \/>\n<script type=\"application\/ld+json\" class=\"yoast-schema-graph\">{\"@context\":\"https:\\\/\\\/schema.org\",\"@graph\":[{\"@type\":\"WebPage\",\"@id\":\"https:\\\/\\\/pfingstrosen-paradies.de\\\/ueber-uns\\\/\",\"url\":\"https:\\\/\\\/pfingstrosen-paradies.de\\\/ueber-uns\\\/\",\"name\":\"\u00dcber uns | Pfingstrosen-Paradies Tetzlaff\",\"isPartOf\":{\"@id\":\"https:\\\/\\\/pfingstrosen-paradies.de\\\/#website\"},\"primaryImageOfPage\":{\"@id\":\"https:\\\/\\\/pfingstrosen-paradies.de\\\/ueber-uns\\\/#primaryimage\"},\"image\":{\"@id\":\"https:\\\/\\\/pfingstrosen-paradies.de\\\/ueber-uns\\\/#primaryimage\"},\"thumbnailUrl\":\"https:\\\/\\\/pfingstrosen-paradies.de\\\/wp-content\\\/uploads\\\/CordiTetziMax-von-Borkowski-1-831x1024.jpg\",\"datePublished\":\"2021-02-26T19:18:00+00:00\",\"dateModified\":\"2025-12-31T16:20:04+00:00\",\"description\":\"Wie in vielen Gartenbaubetrieben, die sich auf einzelne Kulturen spezialisiert haben, ist dies durch Hobby und Leidenschaft zu diesen Pflanzen entstanden. Bei uns war es nicht anders. In einem Urlaub in der Eifel bekam ich als Jugendlicher von unserer Gastwirtin je ein Exemplar von P. officinalis rubra plena und Festiva Maxima geschenkt. Dies war der Grundstein der heutigen Sammlung. Inzwischen ist die Sammlung auf \u00fcber 700 Sorten angewachsen und aus dem Hobby und der Sammelleidenschaft ist ein Beruf geworden und die ganze Familie mit eingebunden. Insgesamt kultivieren wir zur Zeit auf rund 4 ha Pfingstrosen.\",\"breadcrumb\":{\"@id\":\"https:\\\/\\\/pfingstrosen-paradies.de\\\/ueber-uns\\\/#breadcrumb\"},\"inLanguage\":\"en-GB\",\"potentialAction\":[{\"@type\":\"ReadAction\",\"target\":[\"https:\\\/\\\/pfingstrosen-paradies.de\\\/ueber-uns\\\/\"]}]},{\"@type\":\"ImageObject\",\"inLanguage\":\"en-GB\",\"@id\":\"https:\\\/\\\/pfingstrosen-paradies.de\\\/ueber-uns\\\/#primaryimage\",\"url\":\"https:\\\/\\\/pfingstrosen-paradies.de\\\/wp-content\\\/uploads\\\/CordiTetziMax-von-Borkowski-1-831x1024.jpg\",\"contentUrl\":\"https:\\\/\\\/pfingstrosen-paradies.de\\\/wp-content\\\/uploads\\\/CordiTetziMax-von-Borkowski-1-831x1024.jpg\"},{\"@type\":\"BreadcrumbList\",\"@id\":\"https:\\\/\\\/pfingstrosen-paradies.de\\\/ueber-uns\\\/#breadcrumb\",\"itemListElement\":[{\"@type\":\"ListItem\",\"position\":1,\"name\":\"Start\",\"item\":\"https:\\\/\\\/pfingstrosen-paradies.de\\\/\"},{\"@type\":\"ListItem\",\"position\":2,\"name\":\"\u00dcber uns\"}]},{\"@type\":\"WebSite\",\"@id\":\"https:\\\/\\\/pfingstrosen-paradies.de\\\/#website\",\"url\":\"https:\\\/\\\/pfingstrosen-paradies.de\\\/\",\"name\":\"Pfingstrosen-Paradies\",\"description\":\"Fachg\u00e4rtnerei f\u00fcr Pfingstrosen\",\"publisher\":{\"@id\":\"https:\\\/\\\/pfingstrosen-paradies.de\\\/#organization\"},\"potentialAction\":[{\"@type\":\"SearchAction\",\"target\":{\"@type\":\"EntryPoint\",\"urlTemplate\":\"https:\\\/\\\/pfingstrosen-paradies.de\\\/?s={search_term_string}\"},\"query-input\":{\"@type\":\"PropertyValueSpecification\",\"valueRequired\":true,\"valueName\":\"search_term_string\"}}],\"inLanguage\":\"en-GB\"},{\"@type\":\"Organization\",\"@id\":\"https:\\\/\\\/pfingstrosen-paradies.de\\\/#organization\",\"name\":\"Pfingstrosen-Paradies\",\"url\":\"https:\\\/\\\/pfingstrosen-paradies.de\\\/\",\"logo\":{\"@type\":\"ImageObject\",\"inLanguage\":\"en-GB\",\"@id\":\"https:\\\/\\\/pfingstrosen-paradies.de\\\/#\\\/schema\\\/logo\\\/image\\\/\",\"url\":\"https:\\\/\\\/pfingstrosen-paradies.de\\\/wp-content\\\/uploads\\\/2021\\\/02\\\/logo-pfingstrosen.png\",\"contentUrl\":\"https:\\\/\\\/pfingstrosen-paradies.de\\\/wp-content\\\/uploads\\\/2021\\\/02\\\/logo-pfingstrosen.png\",\"width\":1568,\"height\":366,\"caption\":\"Pfingstrosen-Paradies\"},\"image\":{\"@id\":\"https:\\\/\\\/pfingstrosen-paradies.de\\\/#\\\/schema\\\/logo\\\/image\\\/\"}}]}<\/script>\n<!-- \/ Yoast SEO plugin. -->","yoast_head_json":{"title":"\u00dcber uns | Pfingstrosen-Paradies Tetzlaff","description":"Wie in vielen Gartenbaubetrieben, die sich auf einzelne Kulturen spezialisiert haben, ist dies durch Hobby und Leidenschaft zu diesen Pflanzen entstanden. Bei uns war es nicht anders. In einem Urlaub in der Eifel bekam ich als Jugendlicher von unserer Gastwirtin je ein Exemplar von P. officinalis rubra plena und Festiva Maxima geschenkt. Dies war der Grundstein der heutigen Sammlung. Inzwischen ist die Sammlung auf \u00fcber 700 Sorten angewachsen und aus dem Hobby und der Sammelleidenschaft ist ein Beruf geworden und die ganze Familie mit eingebunden. Insgesamt kultivieren wir zur Zeit auf rund 4 ha Pfingstrosen.","robots":{"index":"index","follow":"follow","max-snippet":"max-snippet:-1","max-image-preview":"max-image-preview:large","max-video-preview":"max-video-preview:-1"},"canonical":"https:\/\/pfingstrosen-paradies.de\/en\/ueber-uns\/","og_locale":"en_GB","og_type":"article","og_title":"\u00dcber uns | Pfingstrosen-Paradies Tetzlaff","og_description":"Wie in vielen Gartenbaubetrieben, die sich auf einzelne Kulturen spezialisiert haben, ist dies durch Hobby und Leidenschaft zu diesen Pflanzen entstanden. Bei uns war es nicht anders. In einem Urlaub in der Eifel bekam ich als Jugendlicher von unserer Gastwirtin je ein Exemplar von P. officinalis rubra plena und Festiva Maxima geschenkt. Dies war der Grundstein der heutigen Sammlung. Inzwischen ist die Sammlung auf \u00fcber 700 Sorten angewachsen und aus dem Hobby und der Sammelleidenschaft ist ein Beruf geworden und die ganze Familie mit eingebunden. Insgesamt kultivieren wir zur Zeit auf rund 4 ha Pfingstrosen.","og_url":"https:\/\/pfingstrosen-paradies.de\/en\/ueber-uns\/","og_site_name":"Pfingstrosen-Paradies","article_modified_time":"2025-12-31T16:20:04+00:00","og_image":[{"width":974,"height":1200,"url":"https:\/\/pfingstrosen-paradies.de\/wp-content\/uploads\/CordiTetziMax-von-Borkowski-1.jpg","type":"image\/jpeg"}],"twitter_card":"summary_large_image","twitter_misc":{"Estimated reading time":"2 minutes"},"schema":{"@context":"https:\/\/schema.org","@graph":[{"@type":"WebPage","@id":"https:\/\/pfingstrosen-paradies.de\/ueber-uns\/","url":"https:\/\/pfingstrosen-paradies.de\/ueber-uns\/","name":"\u00dcber uns | Pfingstrosen-Paradies Tetzlaff","isPartOf":{"@id":"https:\/\/pfingstrosen-paradies.de\/#website"},"primaryImageOfPage":{"@id":"https:\/\/pfingstrosen-paradies.de\/ueber-uns\/#primaryimage"},"image":{"@id":"https:\/\/pfingstrosen-paradies.de\/ueber-uns\/#primaryimage"},"thumbnailUrl":"https:\/\/pfingstrosen-paradies.de\/wp-content\/uploads\/CordiTetziMax-von-Borkowski-1-831x1024.jpg","datePublished":"2021-02-26T19:18:00+00:00","dateModified":"2025-12-31T16:20:04+00:00","description":"Wie in vielen Gartenbaubetrieben, die sich auf einzelne Kulturen spezialisiert haben, ist dies durch Hobby und Leidenschaft zu diesen Pflanzen entstanden. Bei uns war es nicht anders. In einem Urlaub in der Eifel bekam ich als Jugendlicher von unserer Gastwirtin je ein Exemplar von P. officinalis rubra plena und Festiva Maxima geschenkt. Dies war der Grundstein der heutigen Sammlung. Inzwischen ist die Sammlung auf \u00fcber 700 Sorten angewachsen und aus dem Hobby und der Sammelleidenschaft ist ein Beruf geworden und die ganze Familie mit eingebunden. Insgesamt kultivieren wir zur Zeit auf rund 4 ha Pfingstrosen.","breadcrumb":{"@id":"https:\/\/pfingstrosen-paradies.de\/ueber-uns\/#breadcrumb"},"inLanguage":"en-GB","potentialAction":[{"@type":"ReadAction","target":["https:\/\/pfingstrosen-paradies.de\/ueber-uns\/"]}]},{"@type":"ImageObject","inLanguage":"en-GB","@id":"https:\/\/pfingstrosen-paradies.de\/ueber-uns\/#primaryimage","url":"https:\/\/pfingstrosen-paradies.de\/wp-content\/uploads\/CordiTetziMax-von-Borkowski-1-831x1024.jpg","contentUrl":"https:\/\/pfingstrosen-paradies.de\/wp-content\/uploads\/CordiTetziMax-von-Borkowski-1-831x1024.jpg"},{"@type":"BreadcrumbList","@id":"https:\/\/pfingstrosen-paradies.de\/ueber-uns\/#breadcrumb","itemListElement":[{"@type":"ListItem","position":1,"name":"Start","item":"https:\/\/pfingstrosen-paradies.de\/"},{"@type":"ListItem","position":2,"name":"\u00dcber uns"}]},{"@type":"WebSite","@id":"https:\/\/pfingstrosen-paradies.de\/#website","url":"https:\/\/pfingstrosen-paradies.de\/","name":"Pfingstrosen-Paradies","description":"Fachg\u00e4rtnerei f\u00fcr Pfingstrosen","publisher":{"@id":"https:\/\/pfingstrosen-paradies.de\/#organization"},"potentialAction":[{"@type":"SearchAction","target":{"@type":"EntryPoint","urlTemplate":"https:\/\/pfingstrosen-paradies.de\/?s={search_term_string}"},"query-input":{"@type":"PropertyValueSpecification","valueRequired":true,"valueName":"search_term_string"}}],"inLanguage":"en-GB"},{"@type":"Organization","@id":"https:\/\/pfingstrosen-paradies.de\/#organization","name":"Pfingstrosen-Paradies","url":"https:\/\/pfingstrosen-paradies.de\/","logo":{"@type":"ImageObject","inLanguage":"en-GB","@id":"https:\/\/pfingstrosen-paradies.de\/#\/schema\/logo\/image\/","url":"https:\/\/pfingstrosen-paradies.de\/wp-content\/uploads\/2021\/02\/logo-pfingstrosen.png","contentUrl":"https:\/\/pfingstrosen-paradies.de\/wp-content\/uploads\/2021\/02\/logo-pfingstrosen.png","width":1568,"height":366,"caption":"Pfingstrosen-Paradies"},"image":{"@id":"https:\/\/pfingstrosen-paradies.de\/#\/schema\/logo\/image\/"}}]}},"_links":{"self":[{"href":"https:\/\/pfingstrosen-paradies.de\/en\/wp-json\/wp\/v2\/pages\/102","targetHints":{"allow":["GET"]}}],"collection":[{"href":"https:\/\/pfingstrosen-paradies.de\/en\/wp-json\/wp\/v2\/pages"}],"about":[{"href":"https:\/\/pfingstrosen-paradies.de\/en\/wp-json\/wp\/v2\/types\/page"}],"author":[{"embeddable":true,"href":"https:\/\/pfingstrosen-paradies.de\/en\/wp-json\/wp\/v2\/users\/2"}],"replies":[{"embeddable":true,"href":"https:\/\/pfingstrosen-paradies.de\/en\/wp-json\/wp\/v2\/comments?post=102"}],"version-history":[{"count":0,"href":"https:\/\/pfingstrosen-paradies.de\/en\/wp-json\/wp\/v2\/pages\/102\/revisions"}],"wp:attachment":[{"href":"https:\/\/pfingstrosen-paradies.de\/en\/wp-json\/wp\/v2\/media?parent=102"}],"curies":[{"name":"wp","href":"https:\/\/api.w.org\/{rel}","templated":true}]}}