{"id":112,"date":"2021-02-26T20:43:03","date_gmt":"2021-02-26T19:43:03","guid":{"rendered":"https:\/\/pfingstrosen-paradies.de\/?page_id=112"},"modified":"2024-12-20T11:38:44","modified_gmt":"2024-12-20T10:38:44","slug":"infothek","status":"publish","type":"page","link":"https:\/\/pfingstrosen-paradies.de\/en\/infothek\/","title":{"rendered":"Info"},"content":{"rendered":"<h1 class=\"wp-block-heading\" id=\"infothek\">Info<\/h1>\n\n\n\n<p>In unserer Infothek erhalten Sie viele Informationen zu den Pfingstrosenarten im Allgemeinen und Sie erfahren, was bei der Pflanzung und der weiteren Pflege bedacht werden sollte.<\/p>\n\n\n\n<hr class=\"wp-block-separator has-alpha-channel-opacity is-style-wide\"\/>\n\n\n\n<p><strong>Herbaceous Peonies<\/strong><\/p>\n\n\n\n<ul class=\"wp-block-list\">\n<li><strong><strong><a href=\"\/en\/staudenpfingstrosen\/\">Art-Beschreibung<\/a><\/strong><\/strong> <\/li>\n\n\n\n<li><strong><a href=\"\/en\/product-category\/staudenpfingstrosen\/\">Assortment<\/a><\/strong><\/li>\n\n\n\n<li><strong><a href=\"\/en\/pflanzung-und-pflege-der-staudenpfingstrose\/\">Plant and Care<\/a><\/strong><\/li>\n\n\n\n<li><strong><a href=\"\/en\/standort-und-duengung-staudenpfingstrose\/\">Culture and Fertilization<\/a><\/strong><\/li>\n<\/ul>\n\n\n\n<p><strong>Intersectionals<\/strong><\/p>\n\n\n\n<ul class=\"wp-block-list\">\n<li><strong><strong><a href=\"\/en\/itoh-hybriden-beschreibung\/\">Art-Beschreibung<\/a><\/strong><\/strong> <\/li>\n\n\n\n<li><strong><a href=\"\/en\/product-category\/itoh-hybriden\/\">Assortment<\/a><\/strong><\/li>\n\n\n\n<li><strong><a href=\"\/en\/pflanzung-und-pflege-itoh-hybride\/\">Plant and Care<\/a><\/strong><\/li>\n\n\n\n<li><strong><a href=\"\/en\/standort-und-duengung-itoh-hybriden\/\">Culture and Fertilization<\/a><\/strong><\/li>\n<\/ul>\n\n\n\n<p><strong>Woody Peonies<\/strong><\/p>\n\n\n\n<ul class=\"wp-block-list\">\n<li><strong><strong><a href=\"\/en\/baumpaeonien-beschreibung\/\">Art-Beschreibung<\/a><\/strong><\/strong><\/li>\n\n\n\n<li><strong><a href=\"\/en\/product-category\/baumpaeonien\/\">Assortment<\/a><\/strong><\/li>\n\n\n\n<li><strong><a href=\"\/en\/pflanzung-und-pflege-baumpaeonie\/\">Plant and Care<\/a><\/strong><\/li>\n\n\n\n<li><strong><a href=\"\/en\/standort-und-duengung-baumpaeonie\/\">Culture and Fertilization<\/a><\/strong><\/li>\n<\/ul>\n\n\n\n<hr class=\"wp-block-separator has-alpha-channel-opacity is-style-wide\"\/>\n\n\n\n<p><strong><a href=\"\/en\/krankheiten-und-schaedlinge\/\">Diseases | Pests<\/a><\/strong><\/p>\n\n\n\n<p><strong><a href=\"\/en\/bluetenformen\/\">Flower Forms<\/a><\/strong><\/p>\n\n\n\n<p><strong><a href=\"\/en\/bluetezeiten\/\">Bloom Periods<\/a><\/strong><\/p>","protected":false},"excerpt":{"rendered":"<p>Infothek In unserer Infothek erhalten Sie viele Informationen zu den Pfingstrosenarten im Allgemeinen und Sie erfahren, was bei der Pflanzung und der weiteren Pflege bedacht werden sollte. Staudenpfingstrosen Itoh-Hybriden Strauchp\u00e4onien Krankheiten und Sch\u00e4dlinge Bl\u00fctenformen Bl\u00fctezeiten<\/p>","protected":false},"author":2,"featured_media":17192,"parent":0,"menu_order":0,"comment_status":"closed","ping_status":"closed","template":"","meta":{"footnotes":""},"class_list":["post-112","page","type-page","status-publish","has-post-thumbnail","hentry"],"blocksy_meta":{"styles_descriptor":{"styles":{"desktop":"","tablet":"","mobile":""},"google_fonts":[],"version":6}},"featured_image_urls":{"full":["https:\/\/pfingstrosen-paradies.de\/wp-content\/uploads\/Pflanztiefe-Stauden.jpg",1280,905,false],"thumbnail":["https:\/\/pfingstrosen-paradies.de\/wp-content\/uploads\/Pflanztiefe-Stauden-150x150.jpg",150,150,true],"medium":["https:\/\/pfingstrosen-paradies.de\/wp-content\/uploads\/Pflanztiefe-Stauden-300x212.jpg",300,212,true],"medium_large":["https:\/\/pfingstrosen-paradies.de\/wp-content\/uploads\/Pflanztiefe-Stauden-768x543.jpg",768,543,true],"large":["https:\/\/pfingstrosen-paradies.de\/wp-content\/uploads\/Pflanztiefe-Stauden-1024x724.jpg",1024,724,true],"1536x1536":["https:\/\/pfingstrosen-paradies.de\/wp-content\/uploads\/Pflanztiefe-Stauden.jpg",1280,905,false],"2048x2048":["https:\/\/pfingstrosen-paradies.de\/wp-content\/uploads\/Pflanztiefe-Stauden.jpg",1280,905,false],"trp-custom-language-flag":["https:\/\/pfingstrosen-paradies.de\/wp-content\/uploads\/Pflanztiefe-Stauden-18x12.jpg",18,12,true],"ptam-block-post-grid-landscape":["https:\/\/pfingstrosen-paradies.de\/wp-content\/uploads\/Pflanztiefe-Stauden-600x400.jpg",600,400,true],"ptam-block-post-grid-square":["https:\/\/pfingstrosen-paradies.de\/wp-content\/uploads\/Pflanztiefe-Stauden-600x600.jpg",600,600,true],"ptam-block-post-grid-featured-landscape":["https:\/\/pfingstrosen-paradies.de\/wp-content\/uploads\/Pflanztiefe-Stauden-1000x600.jpg",1000,600,true],"woocommerce_archive_thumbnail":["https:\/\/pfingstrosen-paradies.de\/wp-content\/uploads\/Pflanztiefe-Stauden-400x350.jpg",400,350,true],"woocommerce_thumbnail":["https:\/\/pfingstrosen-paradies.de\/wp-content\/uploads\/Pflanztiefe-Stauden-400x350.jpg",400,350,true],"woocommerce_single":["https:\/\/pfingstrosen-paradies.de\/wp-content\/uploads\/Pflanztiefe-Stauden-1200x848.jpg",1200,848,true],"woocommerce_gallery_thumbnail":["https:\/\/pfingstrosen-paradies.de\/wp-content\/uploads\/Pflanztiefe-Stauden-100x100.jpg",100,100,true]},"post_excerpt_stackable":"<p>Infothek In unserer Infothek erhalten Sie viele Informationen zu den Pfingstrosenarten im Allgemeinen und Sie erfahren, was bei der Pflanzung und der weiteren Pflege bedacht werden sollte. Staudenpfingstrosen Art-Beschreibung Sortiment Pflanzung und Pflege Standort und D\u00fcngung Itoh-Hybriden Art-Beschreibung Sortiment Pflanzung und Pflege Standort und D\u00fcngung Strauchp\u00e4onien Art-Beschreibung Sortiment Pflanzung und Pflege Standort und D\u00fcngung Krankheiten und Sch\u00e4dlinge Bl\u00fctenformen Bl\u00fctezeiten<\/p>\n","category_list":"","author_info":{"name":"max","url":"https:\/\/pfingstrosen-paradies.de\/en\/author\/max\/"},"comments_num":"0 comments","featured_image_urls_v2":{"full":["https:\/\/pfingstrosen-paradies.de\/wp-content\/uploads\/Pflanztiefe-Stauden.jpg",1280,905,false],"thumbnail":["https:\/\/pfingstrosen-paradies.de\/wp-content\/uploads\/Pflanztiefe-Stauden-150x150.jpg",150,150,true],"medium":["https:\/\/pfingstrosen-paradies.de\/wp-content\/uploads\/Pflanztiefe-Stauden-300x212.jpg",300,212,true],"medium_large":["https:\/\/pfingstrosen-paradies.de\/wp-content\/uploads\/Pflanztiefe-Stauden-768x543.jpg",768,543,true],"large":["https:\/\/pfingstrosen-paradies.de\/wp-content\/uploads\/Pflanztiefe-Stauden-1024x724.jpg",1024,724,true],"1536x1536":["https:\/\/pfingstrosen-paradies.de\/wp-content\/uploads\/Pflanztiefe-Stauden.jpg",1280,905,false],"2048x2048":["https:\/\/pfingstrosen-paradies.de\/wp-content\/uploads\/Pflanztiefe-Stauden.jpg",1280,905,false],"trp-custom-language-flag":["https:\/\/pfingstrosen-paradies.de\/wp-content\/uploads\/Pflanztiefe-Stauden-18x12.jpg",18,12,true],"ptam-block-post-grid-landscape":["https:\/\/pfingstrosen-paradies.de\/wp-content\/uploads\/Pflanztiefe-Stauden-600x400.jpg",600,400,true],"ptam-block-post-grid-square":["https:\/\/pfingstrosen-paradies.de\/wp-content\/uploads\/Pflanztiefe-Stauden-600x600.jpg",600,600,true],"ptam-block-post-grid-featured-landscape":["https:\/\/pfingstrosen-paradies.de\/wp-content\/uploads\/Pflanztiefe-Stauden-1000x600.jpg",1000,600,true],"woocommerce_archive_thumbnail":["https:\/\/pfingstrosen-paradies.de\/wp-content\/uploads\/Pflanztiefe-Stauden-400x350.jpg",400,350,true],"woocommerce_thumbnail":["https:\/\/pfingstrosen-paradies.de\/wp-content\/uploads\/Pflanztiefe-Stauden-400x350.jpg",400,350,true],"woocommerce_single":["https:\/\/pfingstrosen-paradies.de\/wp-content\/uploads\/Pflanztiefe-Stauden-1200x848.jpg",1200,848,true],"woocommerce_gallery_thumbnail":["https:\/\/pfingstrosen-paradies.de\/wp-content\/uploads\/Pflanztiefe-Stauden-100x100.jpg",100,100,true]},"post_excerpt_stackable_v2":"<p>Infothek In unserer Infothek erhalten Sie viele Informationen zu den Pfingstrosenarten im Allgemeinen und Sie erfahren, was bei der Pflanzung und der weiteren Pflege bedacht werden sollte. Staudenpfingstrosen Art-Beschreibung Sortiment Pflanzung und Pflege Standort und D\u00fcngung Itoh-Hybriden Art-Beschreibung Sortiment Pflanzung und Pflege Standort und D\u00fcngung Strauchp\u00e4onien Art-Beschreibung Sortiment Pflanzung und Pflege Standort und D\u00fcngung Krankheiten und Sch\u00e4dlinge Bl\u00fctenformen Bl\u00fctezeiten<\/p>\n","category_list_v2":"","author_info_v2":{"name":"max","url":"https:\/\/pfingstrosen-paradies.de\/en\/author\/max\/"},"comments_num_v2":"0 comments","yoast_head":"<!-- This site is optimized with the Yoast SEO plugin v27.3 - https:\/\/yoast.com\/product\/yoast-seo-wordpress\/ -->\n<title>Infothek | Pfingstrosen-Paradies Tetzlaff<\/title>\n<meta name=\"description\" content=\"In unserer Infothek erfahren Sie was bei der Pflanzung von Pfinsgtrosen und der weiteren Pflege bedacht werden sollte.\" \/>\n<meta name=\"robots\" content=\"index, follow, max-snippet:-1, max-image-preview:large, max-video-preview:-1\" \/>\n<link rel=\"canonical\" href=\"https:\/\/pfingstrosen-paradies.de\/en\/infothek\/\" \/>\n<meta property=\"og:locale\" content=\"en_GB\" \/>\n<meta property=\"og:type\" content=\"article\" \/>\n<meta property=\"og:title\" content=\"Infothek | Pfingstrosen-Paradies Tetzlaff\" \/>\n<meta property=\"og:description\" content=\"In unserer Infothek erfahren Sie was bei der Pflanzung von Pfinsgtrosen und der weiteren Pflege bedacht werden sollte.\" \/>\n<meta property=\"og:url\" content=\"https:\/\/pfingstrosen-paradies.de\/en\/infothek\/\" \/>\n<meta property=\"og:site_name\" content=\"Pfingstrosen-Paradies\" \/>\n<meta property=\"article:modified_time\" content=\"2024-12-20T10:38:44+00:00\" \/>\n<meta property=\"og:image\" content=\"https:\/\/pfingstrosen-paradies.de\/wp-content\/uploads\/Pflanztiefe-Stauden.jpg\" \/>\n\t<meta property=\"og:image:width\" content=\"1280\" \/>\n\t<meta property=\"og:image:height\" content=\"905\" \/>\n\t<meta property=\"og:image:type\" content=\"image\/jpeg\" \/>\n<meta name=\"twitter:card\" content=\"summary_large_image\" \/>\n<meta name=\"twitter:label1\" content=\"Estimated reading time\" \/>\n\t<meta name=\"twitter:data1\" content=\"1 minute\" \/>\n<script type=\"application\/ld+json\" class=\"yoast-schema-graph\">{\"@context\":\"https:\\\/\\\/schema.org\",\"@graph\":[{\"@type\":\"WebPage\",\"@id\":\"https:\\\/\\\/pfingstrosen-paradies.de\\\/infothek\\\/\",\"url\":\"https:\\\/\\\/pfingstrosen-paradies.de\\\/infothek\\\/\",\"name\":\"Infothek | Pfingstrosen-Paradies Tetzlaff\",\"isPartOf\":{\"@id\":\"https:\\\/\\\/pfingstrosen-paradies.de\\\/#website\"},\"primaryImageOfPage\":{\"@id\":\"https:\\\/\\\/pfingstrosen-paradies.de\\\/infothek\\\/#primaryimage\"},\"image\":{\"@id\":\"https:\\\/\\\/pfingstrosen-paradies.de\\\/infothek\\\/#primaryimage\"},\"thumbnailUrl\":\"https:\\\/\\\/pfingstrosen-paradies.de\\\/wp-content\\\/uploads\\\/Pflanztiefe-Stauden.jpg\",\"datePublished\":\"2021-02-26T19:43:03+00:00\",\"dateModified\":\"2024-12-20T10:38:44+00:00\",\"description\":\"In unserer Infothek erfahren Sie was bei der Pflanzung von Pfinsgtrosen und der weiteren Pflege bedacht werden sollte.\",\"breadcrumb\":{\"@id\":\"https:\\\/\\\/pfingstrosen-paradies.de\\\/infothek\\\/#breadcrumb\"},\"inLanguage\":\"en-GB\",\"potentialAction\":[{\"@type\":\"ReadAction\",\"target\":[\"https:\\\/\\\/pfingstrosen-paradies.de\\\/infothek\\\/\"]}]},{\"@type\":\"ImageObject\",\"inLanguage\":\"en-GB\",\"@id\":\"https:\\\/\\\/pfingstrosen-paradies.de\\\/infothek\\\/#primaryimage\",\"url\":\"https:\\\/\\\/pfingstrosen-paradies.de\\\/wp-content\\\/uploads\\\/Pflanztiefe-Stauden.jpg\",\"contentUrl\":\"https:\\\/\\\/pfingstrosen-paradies.de\\\/wp-content\\\/uploads\\\/Pflanztiefe-Stauden.jpg\",\"width\":1280,\"height\":905,\"caption\":\"Staudenp\u00e4onien pflanzen\"},{\"@type\":\"BreadcrumbList\",\"@id\":\"https:\\\/\\\/pfingstrosen-paradies.de\\\/infothek\\\/#breadcrumb\",\"itemListElement\":[{\"@type\":\"ListItem\",\"position\":1,\"name\":\"Start\",\"item\":\"https:\\\/\\\/pfingstrosen-paradies.de\\\/\"},{\"@type\":\"ListItem\",\"position\":2,\"name\":\"Infothek\"}]},{\"@type\":\"WebSite\",\"@id\":\"https:\\\/\\\/pfingstrosen-paradies.de\\\/#website\",\"url\":\"https:\\\/\\\/pfingstrosen-paradies.de\\\/\",\"name\":\"Pfingstrosen-Paradies\",\"description\":\"Fachg\u00e4rtnerei f\u00fcr Pfingstrosen\",\"publisher\":{\"@id\":\"https:\\\/\\\/pfingstrosen-paradies.de\\\/#organization\"},\"potentialAction\":[{\"@type\":\"SearchAction\",\"target\":{\"@type\":\"EntryPoint\",\"urlTemplate\":\"https:\\\/\\\/pfingstrosen-paradies.de\\\/?s={search_term_string}\"},\"query-input\":{\"@type\":\"PropertyValueSpecification\",\"valueRequired\":true,\"valueName\":\"search_term_string\"}}],\"inLanguage\":\"en-GB\"},{\"@type\":\"Organization\",\"@id\":\"https:\\\/\\\/pfingstrosen-paradies.de\\\/#organization\",\"name\":\"Pfingstrosen-Paradies\",\"url\":\"https:\\\/\\\/pfingstrosen-paradies.de\\\/\",\"logo\":{\"@type\":\"ImageObject\",\"inLanguage\":\"en-GB\",\"@id\":\"https:\\\/\\\/pfingstrosen-paradies.de\\\/#\\\/schema\\\/logo\\\/image\\\/\",\"url\":\"https:\\\/\\\/pfingstrosen-paradies.de\\\/wp-content\\\/uploads\\\/2021\\\/02\\\/logo-pfingstrosen.png\",\"contentUrl\":\"https:\\\/\\\/pfingstrosen-paradies.de\\\/wp-content\\\/uploads\\\/2021\\\/02\\\/logo-pfingstrosen.png\",\"width\":1568,\"height\":366,\"caption\":\"Pfingstrosen-Paradies\"},\"image\":{\"@id\":\"https:\\\/\\\/pfingstrosen-paradies.de\\\/#\\\/schema\\\/logo\\\/image\\\/\"}}]}<\/script>\n<!-- \/ Yoast SEO plugin. -->","yoast_head_json":{"title":"Infothek | Pfingstrosen-Paradies Tetzlaff","description":"In unserer Infothek erfahren Sie was bei der Pflanzung von Pfinsgtrosen und der weiteren Pflege bedacht werden sollte.","robots":{"index":"index","follow":"follow","max-snippet":"max-snippet:-1","max-image-preview":"max-image-preview:large","max-video-preview":"max-video-preview:-1"},"canonical":"https:\/\/pfingstrosen-paradies.de\/en\/infothek\/","og_locale":"en_GB","og_type":"article","og_title":"Infothek | Pfingstrosen-Paradies Tetzlaff","og_description":"In unserer Infothek erfahren Sie was bei der Pflanzung von Pfinsgtrosen und der weiteren Pflege bedacht werden sollte.","og_url":"https:\/\/pfingstrosen-paradies.de\/en\/infothek\/","og_site_name":"Pfingstrosen-Paradies","article_modified_time":"2024-12-20T10:38:44+00:00","og_image":[{"width":1280,"height":905,"url":"https:\/\/pfingstrosen-paradies.de\/wp-content\/uploads\/Pflanztiefe-Stauden.jpg","type":"image\/jpeg"}],"twitter_card":"summary_large_image","twitter_misc":{"Estimated reading time":"1 minute"},"schema":{"@context":"https:\/\/schema.org","@graph":[{"@type":"WebPage","@id":"https:\/\/pfingstrosen-paradies.de\/infothek\/","url":"https:\/\/pfingstrosen-paradies.de\/infothek\/","name":"Infothek | Pfingstrosen-Paradies Tetzlaff","isPartOf":{"@id":"https:\/\/pfingstrosen-paradies.de\/#website"},"primaryImageOfPage":{"@id":"https:\/\/pfingstrosen-paradies.de\/infothek\/#primaryimage"},"image":{"@id":"https:\/\/pfingstrosen-paradies.de\/infothek\/#primaryimage"},"thumbnailUrl":"https:\/\/pfingstrosen-paradies.de\/wp-content\/uploads\/Pflanztiefe-Stauden.jpg","datePublished":"2021-02-26T19:43:03+00:00","dateModified":"2024-12-20T10:38:44+00:00","description":"In unserer Infothek erfahren Sie was bei der Pflanzung von Pfinsgtrosen und der weiteren Pflege bedacht werden sollte.","breadcrumb":{"@id":"https:\/\/pfingstrosen-paradies.de\/infothek\/#breadcrumb"},"inLanguage":"en-GB","potentialAction":[{"@type":"ReadAction","target":["https:\/\/pfingstrosen-paradies.de\/infothek\/"]}]},{"@type":"ImageObject","inLanguage":"en-GB","@id":"https:\/\/pfingstrosen-paradies.de\/infothek\/#primaryimage","url":"https:\/\/pfingstrosen-paradies.de\/wp-content\/uploads\/Pflanztiefe-Stauden.jpg","contentUrl":"https:\/\/pfingstrosen-paradies.de\/wp-content\/uploads\/Pflanztiefe-Stauden.jpg","width":1280,"height":905,"caption":"Staudenp\u00e4onien pflanzen"},{"@type":"BreadcrumbList","@id":"https:\/\/pfingstrosen-paradies.de\/infothek\/#breadcrumb","itemListElement":[{"@type":"ListItem","position":1,"name":"Start","item":"https:\/\/pfingstrosen-paradies.de\/"},{"@type":"ListItem","position":2,"name":"Infothek"}]},{"@type":"WebSite","@id":"https:\/\/pfingstrosen-paradies.de\/#website","url":"https:\/\/pfingstrosen-paradies.de\/","name":"Pfingstrosen-Paradies","description":"Fachg\u00e4rtnerei f\u00fcr Pfingstrosen","publisher":{"@id":"https:\/\/pfingstrosen-paradies.de\/#organization"},"potentialAction":[{"@type":"SearchAction","target":{"@type":"EntryPoint","urlTemplate":"https:\/\/pfingstrosen-paradies.de\/?s={search_term_string}"},"query-input":{"@type":"PropertyValueSpecification","valueRequired":true,"valueName":"search_term_string"}}],"inLanguage":"en-GB"},{"@type":"Organization","@id":"https:\/\/pfingstrosen-paradies.de\/#organization","name":"Pfingstrosen-Paradies","url":"https:\/\/pfingstrosen-paradies.de\/","logo":{"@type":"ImageObject","inLanguage":"en-GB","@id":"https:\/\/pfingstrosen-paradies.de\/#\/schema\/logo\/image\/","url":"https:\/\/pfingstrosen-paradies.de\/wp-content\/uploads\/2021\/02\/logo-pfingstrosen.png","contentUrl":"https:\/\/pfingstrosen-paradies.de\/wp-content\/uploads\/2021\/02\/logo-pfingstrosen.png","width":1568,"height":366,"caption":"Pfingstrosen-Paradies"},"image":{"@id":"https:\/\/pfingstrosen-paradies.de\/#\/schema\/logo\/image\/"}}]}},"_links":{"self":[{"href":"https:\/\/pfingstrosen-paradies.de\/en\/wp-json\/wp\/v2\/pages\/112","targetHints":{"allow":["GET"]}}],"collection":[{"href":"https:\/\/pfingstrosen-paradies.de\/en\/wp-json\/wp\/v2\/pages"}],"about":[{"href":"https:\/\/pfingstrosen-paradies.de\/en\/wp-json\/wp\/v2\/types\/page"}],"author":[{"embeddable":true,"href":"https:\/\/pfingstrosen-paradies.de\/en\/wp-json\/wp\/v2\/users\/2"}],"replies":[{"embeddable":true,"href":"https:\/\/pfingstrosen-paradies.de\/en\/wp-json\/wp\/v2\/comments?post=112"}],"version-history":[{"count":0,"href":"https:\/\/pfingstrosen-paradies.de\/en\/wp-json\/wp\/v2\/pages\/112\/revisions"}],"wp:featuredmedia":[{"embeddable":true,"href":"https:\/\/pfingstrosen-paradies.de\/en\/wp-json\/wp\/v2\/media\/17192"}],"wp:attachment":[{"href":"https:\/\/pfingstrosen-paradies.de\/en\/wp-json\/wp\/v2\/media?parent=112"}],"curies":[{"name":"wp","href":"https:\/\/api.w.org\/{rel}","templated":true}]}}