{"id":2093,"date":"2021-12-17T12:38:22","date_gmt":"2021-12-17T11:38:22","guid":{"rendered":"https:\/\/pfingstrosen-paradies.de\/?page_id=2093"},"modified":"2022-01-19T15:19:48","modified_gmt":"2022-01-19T14:19:48","slug":"wiederverkaeufer","status":"publish","type":"page","link":"https:\/\/pfingstrosen-paradies.de\/en\/wiederverkaeufer\/","title":{"rendered":"Wholesale Customers"},"content":{"rendered":"<h1 class=\"has-palette-color-1-color has-text-color wp-block-heading\">Peonies for Wholesale Customers<\/h1>\n\n\n\n<hr class=\"wp-block-separator is-style-wide\"\/>\n\n\n\n<div class=\"wp-block-columns is-layout-flex wp-container-core-columns-is-layout-28f84493 wp-block-columns-is-layout-flex\">\n<div class=\"wp-block-column is-layout-flow wp-block-column-is-layout-flow\">\n<p>We are known beyond the country for our large assortment and excellent quality.  Our customers include nurseries, landscape architects, cut flower businesses, garden centers, as well as trade and export companies.  The plants are shipped throughout Europe by DHL or freight forwarding, but exclusively bare-root in autumn. Please understand that we offer potted plants only for private customers. Peony cut flowers are available from us regionally for resellers in spring.  <\/p>\n\n\n\n<p>Through our own propagation and 2-year cultivation, we can always ensure the highest quality and variety authenticity. We can supply everything from rare varieties in small quantities to larger quantities for cut flower cultivation.  <\/p>\n\n\n\n<p>If you are interested in adding new peony varieties to your assortment, please contact us by e-mail. Please let us know which types or varieties you are interested in and we will make you an individual offer.   <\/p>\n\n\n\n<h3 class=\"wp-block-heading\"> <strong>Reach out to us by E-Mail:<\/strong> <\/h3>\n\n\n\n<div class=\"wp-block-buttons is-layout-flex wp-block-buttons-is-layout-flex\">\n<div class=\"wp-block-button\"><a class=\"wp-block-button__link\" href=\"mailto:info@pfingstrosen-paradies.de\">info@pfingstrosen-paradies.de<\/a><\/div>\n<\/div>\n<\/div>\n\n\n\n<div class=\"wp-block-column is-layout-flow wp-block-column-is-layout-flow\">\n<div class=\"wp-block-getwid-images-slider has-arrows-inside has-dots-inside has-images-center has-fixed-height\"><div class=\"wp-block-getwid-images-slider__wrapper\" data-effect=\"slide\" data-slides-show=\"1\" data-slides-show-laptop=\"1\" data-slides-show-tablet=\"1\" data-slides-show-mobile=\"1\" data-slides-scroll=\"1\" data-autoplay=\"true\" data-autoplay-speed=\"8000\" data-infinite=\"true\" data-animation-speed=\"800\" data-center-mode=\"false\" data-variable-width=\"false\" data-arrows=\"inside\" data-dots=\"inside\" data-spacing=\"none\"><div class=\"wp-block-getwid-images-slider__item\" style=\"height:451px\"><figure><img decoding=\"async\" width=\"1200\" height=\"900\" src=\"https:\/\/pfingstrosen-paradies.de\/wp-content\/uploads\/P1080739.jpg\" data-id=\"2113\" data-link=\"https:\/\/pfingstrosen-paradies.de\/wiederverkaeufer\/p1080739\/\" data-original-link=\"https:\/\/pfingstrosen-paradies.de\/wp-content\/uploads\/P1080739.jpg\" class=\"wp-block-getwid-images-slider__image wp-image-2113\" srcset=\"https:\/\/pfingstrosen-paradies.de\/wp-content\/uploads\/P1080739.jpg 1200w, https:\/\/pfingstrosen-paradies.de\/wp-content\/uploads\/P1080739-800x600.jpg 800w, https:\/\/pfingstrosen-paradies.de\/wp-content\/uploads\/P1080739-300x225.jpg 300w, https:\/\/pfingstrosen-paradies.de\/wp-content\/uploads\/P1080739-1024x768.jpg 1024w, https:\/\/pfingstrosen-paradies.de\/wp-content\/uploads\/P1080739-768x576.jpg 768w, https:\/\/pfingstrosen-paradies.de\/wp-content\/uploads\/P1080739-16x12.jpg 16w\" sizes=\"(max-width: 1200px) 100vw, 1200px\" \/><\/figure><\/div><div class=\"wp-block-getwid-images-slider__item\" style=\"height:451px\"><figure><img decoding=\"async\" width=\"900\" height=\"1200\" src=\"https:\/\/pfingstrosen-paradies.de\/wp-content\/uploads\/IMG_8280.jpg\" data-id=\"2118\" data-link=\"https:\/\/pfingstrosen-paradies.de\/wiederverkaeufer\/img_8280\/\" data-original-link=\"https:\/\/pfingstrosen-paradies.de\/wp-content\/uploads\/IMG_8280.jpg\" class=\"wp-block-getwid-images-slider__image wp-image-2118\" srcset=\"https:\/\/pfingstrosen-paradies.de\/wp-content\/uploads\/IMG_8280.jpg 900w, https:\/\/pfingstrosen-paradies.de\/wp-content\/uploads\/IMG_8280-800x1067.jpg 800w, https:\/\/pfingstrosen-paradies.de\/wp-content\/uploads\/IMG_8280-225x300.jpg 225w, https:\/\/pfingstrosen-paradies.de\/wp-content\/uploads\/IMG_8280-768x1024.jpg 768w, https:\/\/pfingstrosen-paradies.de\/wp-content\/uploads\/IMG_8280-9x12.jpg 9w\" sizes=\"(max-width: 900px) 100vw, 900px\" \/><\/figure><\/div><div class=\"wp-block-getwid-images-slider__item\" style=\"height:451px\"><figure><img decoding=\"async\" width=\"1200\" height=\"900\" src=\"https:\/\/pfingstrosen-paradies.de\/wp-content\/uploads\/IMG_3229.jpg\" data-id=\"2109\" data-link=\"https:\/\/pfingstrosen-paradies.de\/wiederverkaeufer\/img_3229\/\" data-original-link=\"https:\/\/pfingstrosen-paradies.de\/wp-content\/uploads\/IMG_3229.jpg\" class=\"wp-block-getwid-images-slider__image wp-image-2109\" srcset=\"https:\/\/pfingstrosen-paradies.de\/wp-content\/uploads\/IMG_3229.jpg 1200w, https:\/\/pfingstrosen-paradies.de\/wp-content\/uploads\/IMG_3229-800x600.jpg 800w, https:\/\/pfingstrosen-paradies.de\/wp-content\/uploads\/IMG_3229-300x225.jpg 300w, https:\/\/pfingstrosen-paradies.de\/wp-content\/uploads\/IMG_3229-1024x768.jpg 1024w, https:\/\/pfingstrosen-paradies.de\/wp-content\/uploads\/IMG_3229-768x576.jpg 768w, https:\/\/pfingstrosen-paradies.de\/wp-content\/uploads\/IMG_3229-16x12.jpg 16w\" sizes=\"(max-width: 1200px) 100vw, 1200px\" \/><\/figure><\/div><div class=\"wp-block-getwid-images-slider__item\" style=\"height:451px\"><figure><img decoding=\"async\" width=\"1200\" height=\"900\" src=\"https:\/\/pfingstrosen-paradies.de\/wp-content\/uploads\/20191012_140622.jpg\" data-id=\"2094\" data-link=\"https:\/\/pfingstrosen-paradies.de\/wiederverkaeufer\/20191012_140622\/\" data-original-link=\"https:\/\/pfingstrosen-paradies.de\/wp-content\/uploads\/20191012_140622.jpg\" class=\"wp-block-getwid-images-slider__image wp-image-2094\" srcset=\"https:\/\/pfingstrosen-paradies.de\/wp-content\/uploads\/20191012_140622.jpg 1200w, https:\/\/pfingstrosen-paradies.de\/wp-content\/uploads\/20191012_140622-800x600.jpg 800w, https:\/\/pfingstrosen-paradies.de\/wp-content\/uploads\/20191012_140622-300x225.jpg 300w, https:\/\/pfingstrosen-paradies.de\/wp-content\/uploads\/20191012_140622-1024x768.jpg 1024w, https:\/\/pfingstrosen-paradies.de\/wp-content\/uploads\/20191012_140622-768x576.jpg 768w, https:\/\/pfingstrosen-paradies.de\/wp-content\/uploads\/20191012_140622-16x12.jpg 16w\" sizes=\"(max-width: 1200px) 100vw, 1200px\" \/><\/figure><\/div><div class=\"wp-block-getwid-images-slider__item\" style=\"height:451px\"><figure><img decoding=\"async\" width=\"1200\" height=\"900\" src=\"https:\/\/pfingstrosen-paradies.de\/wp-content\/uploads\/IMG_4296.jpg\" alt=\"Sarah Bernhardt\" data-id=\"1876\" data-link=\"https:\/\/pfingstrosen-paradies.de\/homepage\/img_4296\/\" data-original-link=\"https:\/\/pfingstrosen-paradies.de\/wp-content\/uploads\/IMG_4296.jpg\" class=\"wp-block-getwid-images-slider__image wp-image-1876\" srcset=\"https:\/\/pfingstrosen-paradies.de\/wp-content\/uploads\/IMG_4296.jpg 1200w, https:\/\/pfingstrosen-paradies.de\/wp-content\/uploads\/IMG_4296-800x600.jpg 800w, https:\/\/pfingstrosen-paradies.de\/wp-content\/uploads\/IMG_4296-300x225.jpg 300w, https:\/\/pfingstrosen-paradies.de\/wp-content\/uploads\/IMG_4296-1024x768.jpg 1024w, https:\/\/pfingstrosen-paradies.de\/wp-content\/uploads\/IMG_4296-768x576.jpg 768w, https:\/\/pfingstrosen-paradies.de\/wp-content\/uploads\/IMG_4296-16x12.jpg 16w\" sizes=\"(max-width: 1200px) 100vw, 1200px\" \/><figcaption class=\"wp-block-getwid-images-slider__caption\">Sarah Bernhardt<\/figcaption><\/figure><\/div><\/div><\/div>\n<\/div>\n<\/div>\n\n\n\n<hr class=\"wp-block-separator is-style-wide\"\/>\n\n\n\n<p><\/p>","protected":false},"excerpt":{"rendered":"<p>P\u00e4onien f\u00fcr den Gro\u00dfhandel Wie sind \u00fcberregional f\u00fcr unser gro\u00dfes Sortiment und ausgezeichnete Qualit\u00e4t bekannt. Zu unseren Kunden geh\u00f6ren G\u00e4rtnereien, Landschaftsarchitekten, Schnittblumenbetriebe, Gartencenter sowie Handels- und Exportbetriebe. Der Versand der Pflanzen erfolgt europaweit per DHL oder Spedition, jedoch ausschlie\u00dflich wurzelnackt im Herbst. Bitte haben Sie Verst\u00e4ndnis, dass wir getopfte Pflanzen nur f\u00fcr Privatkunden anbieten. Pfingstrosen-Schnittblumen [&hellip;]<\/p>\n","protected":false},"author":2,"featured_media":0,"parent":0,"menu_order":0,"comment_status":"closed","ping_status":"closed","template":"","meta":{"footnotes":""},"class_list":["post-2093","page","type-page","status-publish","hentry"],"blocksy_meta":{"styles_descriptor":{"styles":{"desktop":"","tablet":"","mobile":""},"google_fonts":[],"version":6}},"featured_image_urls":{"full":"","thumbnail":"","medium":"","medium_large":"","large":"","1536x1536":"","2048x2048":"","trp-custom-language-flag":"","ptam-block-post-grid-landscape":"","ptam-block-post-grid-square":"","ptam-block-post-grid-featured-landscape":"","woocommerce_archive_thumbnail":"","woocommerce_thumbnail":"","woocommerce_single":"","woocommerce_gallery_thumbnail":""},"post_excerpt_stackable":"<p>P\u00e4onien f\u00fcr den Gro\u00dfhandel Wie sind \u00fcberregional f\u00fcr unser gro\u00dfes Sortiment und ausgezeichnete Qualit\u00e4t bekannt. Zu unseren Kunden geh\u00f6ren G\u00e4rtnereien, Landschaftsarchitekten, Schnittblumenbetriebe, Gartencenter sowie Handels- und Exportbetriebe. Der Versand der Pflanzen erfolgt europaweit per DHL oder Spedition, jedoch ausschlie\u00dflich wurzelnackt im Herbst. Bitte haben Sie Verst\u00e4ndnis, dass wir getopfte Pflanzen nur f\u00fcr Privatkunden anbieten. Pfingstrosen-Schnittblumen sind bei uns im Fr\u00fchjahr regional f\u00fcr Wiederverk\u00e4ufer erh\u00e4ltlich. Durch unsere eigene Vermehrung und 2-j\u00e4hrige Kultivierung k\u00f6nnen wir stets h\u00f6chste Qualit\u00e4t und Sortenechtheit gew\u00e4hrleisten. Wir k\u00f6nnen von ausgefallenen Sorten in geringen St\u00fcckzahlen bis hin zu gr\u00f6\u00dferen Mengen f\u00fcr den Schnittblumenanbau alles liefern. Falls Sie interessiert&hellip;<\/p>\n","category_list":"","author_info":{"name":"max","url":"https:\/\/pfingstrosen-paradies.de\/en\/author\/max\/"},"comments_num":"0 comments","featured_image_urls_v2":{"full":"","thumbnail":"","medium":"","medium_large":"","large":"","1536x1536":"","2048x2048":"","trp-custom-language-flag":"","ptam-block-post-grid-landscape":"","ptam-block-post-grid-square":"","ptam-block-post-grid-featured-landscape":"","woocommerce_archive_thumbnail":"","woocommerce_thumbnail":"","woocommerce_single":"","woocommerce_gallery_thumbnail":""},"post_excerpt_stackable_v2":"<p>P\u00e4onien f\u00fcr den Gro\u00dfhandel Wie sind \u00fcberregional f\u00fcr unser gro\u00dfes Sortiment und ausgezeichnete Qualit\u00e4t bekannt. Zu unseren Kunden geh\u00f6ren G\u00e4rtnereien, Landschaftsarchitekten, Schnittblumenbetriebe, Gartencenter sowie Handels- und Exportbetriebe. Der Versand der Pflanzen erfolgt europaweit per DHL oder Spedition, jedoch ausschlie\u00dflich wurzelnackt im Herbst. Bitte haben Sie Verst\u00e4ndnis, dass wir getopfte Pflanzen nur f\u00fcr Privatkunden anbieten. Pfingstrosen-Schnittblumen sind bei uns im Fr\u00fchjahr regional f\u00fcr Wiederverk\u00e4ufer erh\u00e4ltlich. Durch unsere eigene Vermehrung und 2-j\u00e4hrige Kultivierung k\u00f6nnen wir stets h\u00f6chste Qualit\u00e4t und Sortenechtheit gew\u00e4hrleisten. Wir k\u00f6nnen von ausgefallenen Sorten in geringen St\u00fcckzahlen bis hin zu gr\u00f6\u00dferen Mengen f\u00fcr den Schnittblumenanbau alles liefern. Falls Sie interessiert&hellip;<\/p>\n","category_list_v2":"","author_info_v2":{"name":"max","url":"https:\/\/pfingstrosen-paradies.de\/en\/author\/max\/"},"comments_num_v2":"0 comments","yoast_head":"<!-- This site is optimized with the Yoast SEO plugin v27.5 - https:\/\/yoast.com\/product\/yoast-seo-wordpress\/ -->\n<title>P\u00e4onien f\u00fcr Gro\u00dfhandelskunden | Pfingstrosen-Paradies<\/title>\n<meta name=\"description\" content=\"P\u00e4onien f\u00fcr den Gro\u00dfhandel Wie sind \u00fcberregional f\u00fcr unser gro\u00dfes Sortiment und ausgezeichnete Qualit\u00e4t bekannt. Zu unseren Kunden geh\u00f6ren G\u00e4rtnereien,\" \/>\n<meta name=\"robots\" content=\"index, follow, max-snippet:-1, max-image-preview:large, max-video-preview:-1\" \/>\n<link rel=\"canonical\" href=\"https:\/\/pfingstrosen-paradies.de\/en\/wiederverkaeufer\/\" \/>\n<meta property=\"og:locale\" content=\"en_GB\" \/>\n<meta property=\"og:type\" content=\"article\" \/>\n<meta property=\"og:title\" content=\"P\u00e4onien f\u00fcr Gro\u00dfhandelskunden | Pfingstrosen-Paradies\" \/>\n<meta property=\"og:description\" content=\"P\u00e4onien f\u00fcr den Gro\u00dfhandel Wie sind \u00fcberregional f\u00fcr unser gro\u00dfes Sortiment und ausgezeichnete Qualit\u00e4t bekannt. Zu unseren Kunden geh\u00f6ren G\u00e4rtnereien,\" \/>\n<meta property=\"og:url\" content=\"https:\/\/pfingstrosen-paradies.de\/en\/wiederverkaeufer\/\" \/>\n<meta property=\"og:site_name\" content=\"Pfingstrosen-Paradies\" \/>\n<meta property=\"article:modified_time\" content=\"2022-01-19T14:19:48+00:00\" \/>\n<meta property=\"og:image\" content=\"https:\/\/pfingstrosen-paradies.de\/wp-content\/uploads\/P1080739.jpg\" \/>\n<meta name=\"twitter:card\" content=\"summary_large_image\" \/>\n<meta name=\"twitter:label1\" content=\"Estimated reading time\" \/>\n\t<meta name=\"twitter:data1\" content=\"2 minutes\" \/>\n<script type=\"application\/ld+json\" class=\"yoast-schema-graph\">{\"@context\":\"https:\\\/\\\/schema.org\",\"@graph\":[{\"@type\":\"WebPage\",\"@id\":\"https:\\\/\\\/pfingstrosen-paradies.de\\\/wiederverkaeufer\\\/\",\"url\":\"https:\\\/\\\/pfingstrosen-paradies.de\\\/wiederverkaeufer\\\/\",\"name\":\"P\u00e4onien f\u00fcr Gro\u00dfhandelskunden | Pfingstrosen-Paradies\",\"isPartOf\":{\"@id\":\"https:\\\/\\\/pfingstrosen-paradies.de\\\/#website\"},\"primaryImageOfPage\":{\"@id\":\"https:\\\/\\\/pfingstrosen-paradies.de\\\/wiederverkaeufer\\\/#primaryimage\"},\"image\":{\"@id\":\"https:\\\/\\\/pfingstrosen-paradies.de\\\/wiederverkaeufer\\\/#primaryimage\"},\"thumbnailUrl\":\"https:\\\/\\\/pfingstrosen-paradies.de\\\/wp-content\\\/uploads\\\/P1080739.jpg\",\"datePublished\":\"2021-12-17T11:38:22+00:00\",\"dateModified\":\"2022-01-19T14:19:48+00:00\",\"description\":\"P\u00e4onien f\u00fcr den Gro\u00dfhandel Wie sind \u00fcberregional f\u00fcr unser gro\u00dfes Sortiment und ausgezeichnete Qualit\u00e4t bekannt. Zu unseren Kunden geh\u00f6ren G\u00e4rtnereien,\",\"breadcrumb\":{\"@id\":\"https:\\\/\\\/pfingstrosen-paradies.de\\\/wiederverkaeufer\\\/#breadcrumb\"},\"inLanguage\":\"en-GB\",\"potentialAction\":[{\"@type\":\"ReadAction\",\"target\":[\"https:\\\/\\\/pfingstrosen-paradies.de\\\/wiederverkaeufer\\\/\"]}]},{\"@type\":\"ImageObject\",\"inLanguage\":\"en-GB\",\"@id\":\"https:\\\/\\\/pfingstrosen-paradies.de\\\/wiederverkaeufer\\\/#primaryimage\",\"url\":\"https:\\\/\\\/pfingstrosen-paradies.de\\\/wp-content\\\/uploads\\\/P1080739.jpg\",\"contentUrl\":\"https:\\\/\\\/pfingstrosen-paradies.de\\\/wp-content\\\/uploads\\\/P1080739.jpg\"},{\"@type\":\"BreadcrumbList\",\"@id\":\"https:\\\/\\\/pfingstrosen-paradies.de\\\/wiederverkaeufer\\\/#breadcrumb\",\"itemListElement\":[{\"@type\":\"ListItem\",\"position\":1,\"name\":\"Start\",\"item\":\"https:\\\/\\\/pfingstrosen-paradies.de\\\/\"},{\"@type\":\"ListItem\",\"position\":2,\"name\":\"Gro\u00dfhandelskunden\"}]},{\"@type\":\"WebSite\",\"@id\":\"https:\\\/\\\/pfingstrosen-paradies.de\\\/#website\",\"url\":\"https:\\\/\\\/pfingstrosen-paradies.de\\\/\",\"name\":\"Pfingstrosen-Paradies\",\"description\":\"Fachg\u00e4rtnerei f\u00fcr Pfingstrosen\",\"publisher\":{\"@id\":\"https:\\\/\\\/pfingstrosen-paradies.de\\\/#organization\"},\"potentialAction\":[{\"@type\":\"SearchAction\",\"target\":{\"@type\":\"EntryPoint\",\"urlTemplate\":\"https:\\\/\\\/pfingstrosen-paradies.de\\\/?s={search_term_string}\"},\"query-input\":{\"@type\":\"PropertyValueSpecification\",\"valueRequired\":true,\"valueName\":\"search_term_string\"}}],\"inLanguage\":\"en-GB\"},{\"@type\":\"Organization\",\"@id\":\"https:\\\/\\\/pfingstrosen-paradies.de\\\/#organization\",\"name\":\"Pfingstrosen-Paradies\",\"url\":\"https:\\\/\\\/pfingstrosen-paradies.de\\\/\",\"logo\":{\"@type\":\"ImageObject\",\"inLanguage\":\"en-GB\",\"@id\":\"https:\\\/\\\/pfingstrosen-paradies.de\\\/#\\\/schema\\\/logo\\\/image\\\/\",\"url\":\"https:\\\/\\\/pfingstrosen-paradies.de\\\/wp-content\\\/uploads\\\/2021\\\/02\\\/logo-pfingstrosen.png\",\"contentUrl\":\"https:\\\/\\\/pfingstrosen-paradies.de\\\/wp-content\\\/uploads\\\/2021\\\/02\\\/logo-pfingstrosen.png\",\"width\":1568,\"height\":366,\"caption\":\"Pfingstrosen-Paradies\"},\"image\":{\"@id\":\"https:\\\/\\\/pfingstrosen-paradies.de\\\/#\\\/schema\\\/logo\\\/image\\\/\"}}]}<\/script>\n<!-- \/ Yoast SEO plugin. -->","yoast_head_json":{"title":"P\u00e4onien f\u00fcr Gro\u00dfhandelskunden | Pfingstrosen-Paradies","description":"P\u00e4onien f\u00fcr den Gro\u00dfhandel Wie sind \u00fcberregional f\u00fcr unser gro\u00dfes Sortiment und ausgezeichnete Qualit\u00e4t bekannt. Zu unseren Kunden geh\u00f6ren G\u00e4rtnereien,","robots":{"index":"index","follow":"follow","max-snippet":"max-snippet:-1","max-image-preview":"max-image-preview:large","max-video-preview":"max-video-preview:-1"},"canonical":"https:\/\/pfingstrosen-paradies.de\/en\/wiederverkaeufer\/","og_locale":"en_GB","og_type":"article","og_title":"P\u00e4onien f\u00fcr Gro\u00dfhandelskunden | Pfingstrosen-Paradies","og_description":"P\u00e4onien f\u00fcr den Gro\u00dfhandel Wie sind \u00fcberregional f\u00fcr unser gro\u00dfes Sortiment und ausgezeichnete Qualit\u00e4t bekannt. Zu unseren Kunden geh\u00f6ren G\u00e4rtnereien,","og_url":"https:\/\/pfingstrosen-paradies.de\/en\/wiederverkaeufer\/","og_site_name":"Pfingstrosen-Paradies","article_modified_time":"2022-01-19T14:19:48+00:00","og_image":[{"url":"https:\/\/pfingstrosen-paradies.de\/wp-content\/uploads\/P1080739.jpg","type":"","width":"","height":""}],"twitter_card":"summary_large_image","twitter_misc":{"Estimated reading time":"2 minutes"},"schema":{"@context":"https:\/\/schema.org","@graph":[{"@type":"WebPage","@id":"https:\/\/pfingstrosen-paradies.de\/wiederverkaeufer\/","url":"https:\/\/pfingstrosen-paradies.de\/wiederverkaeufer\/","name":"P\u00e4onien f\u00fcr Gro\u00dfhandelskunden | Pfingstrosen-Paradies","isPartOf":{"@id":"https:\/\/pfingstrosen-paradies.de\/#website"},"primaryImageOfPage":{"@id":"https:\/\/pfingstrosen-paradies.de\/wiederverkaeufer\/#primaryimage"},"image":{"@id":"https:\/\/pfingstrosen-paradies.de\/wiederverkaeufer\/#primaryimage"},"thumbnailUrl":"https:\/\/pfingstrosen-paradies.de\/wp-content\/uploads\/P1080739.jpg","datePublished":"2021-12-17T11:38:22+00:00","dateModified":"2022-01-19T14:19:48+00:00","description":"P\u00e4onien f\u00fcr den Gro\u00dfhandel Wie sind \u00fcberregional f\u00fcr unser gro\u00dfes Sortiment und ausgezeichnete Qualit\u00e4t bekannt. Zu unseren Kunden geh\u00f6ren G\u00e4rtnereien,","breadcrumb":{"@id":"https:\/\/pfingstrosen-paradies.de\/wiederverkaeufer\/#breadcrumb"},"inLanguage":"en-GB","potentialAction":[{"@type":"ReadAction","target":["https:\/\/pfingstrosen-paradies.de\/wiederverkaeufer\/"]}]},{"@type":"ImageObject","inLanguage":"en-GB","@id":"https:\/\/pfingstrosen-paradies.de\/wiederverkaeufer\/#primaryimage","url":"https:\/\/pfingstrosen-paradies.de\/wp-content\/uploads\/P1080739.jpg","contentUrl":"https:\/\/pfingstrosen-paradies.de\/wp-content\/uploads\/P1080739.jpg"},{"@type":"BreadcrumbList","@id":"https:\/\/pfingstrosen-paradies.de\/wiederverkaeufer\/#breadcrumb","itemListElement":[{"@type":"ListItem","position":1,"name":"Start","item":"https:\/\/pfingstrosen-paradies.de\/"},{"@type":"ListItem","position":2,"name":"Gro\u00dfhandelskunden"}]},{"@type":"WebSite","@id":"https:\/\/pfingstrosen-paradies.de\/#website","url":"https:\/\/pfingstrosen-paradies.de\/","name":"Pfingstrosen-Paradies","description":"Fachg\u00e4rtnerei f\u00fcr Pfingstrosen","publisher":{"@id":"https:\/\/pfingstrosen-paradies.de\/#organization"},"potentialAction":[{"@type":"SearchAction","target":{"@type":"EntryPoint","urlTemplate":"https:\/\/pfingstrosen-paradies.de\/?s={search_term_string}"},"query-input":{"@type":"PropertyValueSpecification","valueRequired":true,"valueName":"search_term_string"}}],"inLanguage":"en-GB"},{"@type":"Organization","@id":"https:\/\/pfingstrosen-paradies.de\/#organization","name":"Pfingstrosen-Paradies","url":"https:\/\/pfingstrosen-paradies.de\/","logo":{"@type":"ImageObject","inLanguage":"en-GB","@id":"https:\/\/pfingstrosen-paradies.de\/#\/schema\/logo\/image\/","url":"https:\/\/pfingstrosen-paradies.de\/wp-content\/uploads\/2021\/02\/logo-pfingstrosen.png","contentUrl":"https:\/\/pfingstrosen-paradies.de\/wp-content\/uploads\/2021\/02\/logo-pfingstrosen.png","width":1568,"height":366,"caption":"Pfingstrosen-Paradies"},"image":{"@id":"https:\/\/pfingstrosen-paradies.de\/#\/schema\/logo\/image\/"}}]}},"_links":{"self":[{"href":"https:\/\/pfingstrosen-paradies.de\/en\/wp-json\/wp\/v2\/pages\/2093","targetHints":{"allow":["GET"]}}],"collection":[{"href":"https:\/\/pfingstrosen-paradies.de\/en\/wp-json\/wp\/v2\/pages"}],"about":[{"href":"https:\/\/pfingstrosen-paradies.de\/en\/wp-json\/wp\/v2\/types\/page"}],"author":[{"embeddable":true,"href":"https:\/\/pfingstrosen-paradies.de\/en\/wp-json\/wp\/v2\/users\/2"}],"replies":[{"embeddable":true,"href":"https:\/\/pfingstrosen-paradies.de\/en\/wp-json\/wp\/v2\/comments?post=2093"}],"version-history":[{"count":0,"href":"https:\/\/pfingstrosen-paradies.de\/en\/wp-json\/wp\/v2\/pages\/2093\/revisions"}],"wp:attachment":[{"href":"https:\/\/pfingstrosen-paradies.de\/en\/wp-json\/wp\/v2\/media?parent=2093"}],"curies":[{"name":"wp","href":"https:\/\/api.w.org\/{rel}","templated":true}]}}