{"id":2239,"date":"2021-12-21T11:45:11","date_gmt":"2021-12-21T10:45:11","guid":{"rendered":"https:\/\/pfingstrosen-paradies.de\/?page_id=2239"},"modified":"2025-03-11T22:59:00","modified_gmt":"2025-03-11T21:59:00","slug":"bluetezeiten","status":"publish","type":"page","link":"https:\/\/pfingstrosen-paradies.de\/en\/bluetezeiten\/","title":{"rendered":"Bloom Periods"},"content":{"rendered":"<h2 class=\"wp-block-heading has-palette-color-1-color has-text-color\">Bl\u00fctezeiten von Pfingstrosen<\/h2>\n\n\n\n<div class=\"wp-block-columns is-layout-flex wp-container-core-columns-is-layout-28f84493 wp-block-columns-is-layout-flex\">\n<div class=\"wp-block-column is-layout-flow wp-block-column-is-layout-flow\" style=\"flex-basis:66.66%\">\n<p>Um eine einheitliche Einordung der verschiedenen Bl\u00fctezeiten der jeweiligen Pfingstrosen- Arten und Sorten zu geben nutzen wir die gleichen Bl\u00fctezeiten-Kategorien wie die American Peony Society. Hierbei werden die Pfingstrosen in eine der 7 Bl\u00fctezeiten-Kategorien eingeordnet (sehr fr\u00fch, fr\u00fch, mittel-fr\u00fch, mittel, mittel-sp\u00e4t, sp\u00e4t, sehr sp\u00e4t). Diese Angaben entsprechen unseren pers\u00f6nlichen Erfahrungswerten, welche wir \u00fcber viele Jahre m\u00fchevoll dokumentiert haben. Aufgrund von Witterungseinfl\u00fcssen kann eine genaue Zuordnung jedoch nie vorgenommen werden, sodass es von Jahr zu Jahr zu Unterschieden bei den Bl\u00fctezeiten kommen kann. Ebenso spielt das regionale Klima eine Rolle. Angaben wie z.B. Ende April bis Anfang Mai beziehen sich auf einen &#8222;normalen&#8220; niederrheinischen Winter\/ Fr\u00fchling. Die Bl\u00fctezeiten werden bei uns in jeder Sortenbeschreibung angegeben, sodass man leicht Sorten, die zu verschiedenen Zeitpunkten bl\u00fchen, kombinieren kann. Eine einzelne Pfingstrose bl\u00fcht in der Regel nicht l\u00e4nger als 2 Wochen. Wer eine richtige Auswahl von sehr fr\u00fchen bis sehr sp\u00e4ten Sorten trifft kann durchaus mit einer <strong>P\u00e4onienbl\u00fctezeit von bis zu 2 Monaten <\/strong>rechnen.<\/p>\n<\/div>\n\n\n\n<div class=\"wp-block-column is-layout-flow wp-block-column-is-layout-flow\" style=\"flex-basis:33.33%\">\n<figure class=\"wp-block-image size-large is-style-default\"><img decoding=\"async\" width=\"1024\" height=\"768\" src=\"https:\/\/pfingstrosen-paradies.de\/wp-content\/uploads\/tenuifolia-1024x768.jpg\" alt=\"P. tenuifolia\" class=\"wp-image-846\" srcset=\"https:\/\/pfingstrosen-paradies.de\/wp-content\/uploads\/tenuifolia-1024x768.jpg 1024w, https:\/\/pfingstrosen-paradies.de\/wp-content\/uploads\/tenuifolia-800x600.jpg 800w, https:\/\/pfingstrosen-paradies.de\/wp-content\/uploads\/tenuifolia-300x225.jpg 300w, https:\/\/pfingstrosen-paradies.de\/wp-content\/uploads\/tenuifolia-768x576.jpg 768w, https:\/\/pfingstrosen-paradies.de\/wp-content\/uploads\/tenuifolia-16x12.jpg 16w, https:\/\/pfingstrosen-paradies.de\/wp-content\/uploads\/tenuifolia.jpg 1200w\" sizes=\"(max-width: 1024px) 100vw, 1024px\" \/><\/figure>\n<\/div>\n<\/div>\n\n\n\n<div style=\"height:100px\" aria-hidden=\"true\" class=\"wp-block-spacer\"><\/div>\n\n\n\n<div class=\"wp-block-columns is-layout-flex wp-container-core-columns-is-layout-28f84493 wp-block-columns-is-layout-flex\">\n<div class=\"wp-block-column is-layout-flow wp-block-column-is-layout-flow\">\n<h3 class=\"wp-block-heading has-text-align-center\"><strong>Bloom Periods<\/strong><\/h3>\n<\/div>\n\n\n\n<div class=\"wp-block-column is-layout-flow wp-block-column-is-layout-flow\">\n<h3 class=\"wp-block-heading has-text-align-center\"><strong>Sorten-Beispiele<\/strong><\/h3>\n<\/div>\n<\/div>\n\n\n\n<hr class=\"wp-block-separator has-css-opacity is-style-wide\"\/>\n\n\n\n<div class=\"wp-block-getwid-content-timeline\" data-animation=\"none\" data-filling=\"false\"><div class=\"wp-block-getwid-content-timeline__line\"><div class=\"wp-block-getwid-content-timeline__bar\"><\/div><\/div><div class=\"wp-block-getwid-content-timeline__wrapper\">\n<div class=\"wp-block-getwid-content-timeline-item has-card-left\"><div class=\"wp-block-getwid-content-timeline-item__wrapper\"><div class=\"wp-block-getwid-content-timeline-item__card has-background has-palette-color-5-background-color\"><div class=\"wp-block-getwid-content-timeline-item__card-wrapper\"><div class=\"wp-block-getwid-content-timeline-item__content-wrapper\" style=\"padding-top:0px\"><div class=\"wp-block-getwid-content-timeline-item__mobile-meta\"><p class=\"wp-block-getwid-content-timeline-item__meta-content\">z.B. Audrey, P. mlokosewitschii, P. officinalis &#8218;Monte Baldo&#8216;, <a href=\"\/en\/product-category\/baumpaeonien\/suffruticosa-japan\/\">P. <\/a><a href=\"\/en\/product-category\/baumpaeonien\/suffruticosa\/\">suffruticosa <\/a><a href=\"\/en\/product-category\/baumpaeonien\/suffruticosa-japan\/\">Gruppe<\/a>, P. tenuifolia<\/p><\/div>\n<h3 class=\"wp-block-heading has-text-align-center\"><strong>very early<\/strong><\/h3>\n\n\n\n<p class=\"has-text-align-center\">~ Mitte April bis Ende April<\/p>\n<\/div><\/div><\/div><div class=\"wp-block-getwid-content-timeline-item__point\"><div class=\"wp-block-getwid-content-timeline-item__point-content\"><\/div><\/div><div class=\"wp-block-getwid-content-timeline-item__meta\"><p class=\"wp-block-getwid-content-timeline-item__meta-content\">z.B. Audrey, P. mlokosewitschii, P. officinalis &#8218;Monte Baldo&#8216;, <a href=\"\/en\/product-category\/baumpaeonien\/suffruticosa-japan\/\">P. <\/a><a href=\"\/en\/product-category\/baumpaeonien\/suffruticosa\/\">suffruticosa <\/a><a href=\"\/en\/product-category\/baumpaeonien\/suffruticosa-japan\/\">Gruppe<\/a>, P. tenuifolia<\/p><\/div><\/div><\/div>\n\n\n\n<div class=\"wp-block-getwid-content-timeline-item has-card-left\"><div class=\"wp-block-getwid-content-timeline-item__wrapper\"><div class=\"wp-block-getwid-content-timeline-item__card has-background has-palette-color-5-background-color\"><div class=\"wp-block-getwid-content-timeline-item__card-wrapper\"><div class=\"wp-block-getwid-content-timeline-item__content-wrapper\" style=\"padding-top:0px\"><div class=\"wp-block-getwid-content-timeline-item__mobile-meta\"><p class=\"wp-block-getwid-content-timeline-item__meta-content\"> z.B. Blushing Princess, Claire de Lune, <a href=\"\/en\/shop\/staudenpfingstrosen\/hybriden\/lois-choice\/\">Lois&#8216; Choice<\/a>, Pink Hawaiian Coral, Nancy P. officinalis &#8218;Rubra Plena&#8216;, <a href=\"\/en\/product-category\/baumpaeonien\/rockii-hybriden\/\">P. Rockii-Hybriden<\/a>, Tranquil Dove<\/p><\/div>\n<h3 class=\"wp-block-heading has-text-align-center\"><strong>early<\/strong><\/h3>\n\n\n\n<p class=\"has-text-align-center\">~ Ende April bis Anfang Mai<\/p>\n<\/div><\/div><\/div><div class=\"wp-block-getwid-content-timeline-item__point\"><div class=\"wp-block-getwid-content-timeline-item__point-content\"><\/div><\/div><div class=\"wp-block-getwid-content-timeline-item__meta\"><p class=\"wp-block-getwid-content-timeline-item__meta-content\"> z.B. Blushing Princess, Claire de Lune, <a href=\"\/en\/shop\/staudenpfingstrosen\/hybriden\/lois-choice\/\">Lois&#8216; Choice<\/a>, Pink Hawaiian Coral, Nancy P. officinalis &#8218;Rubra Plena&#8216;, <a href=\"\/en\/product-category\/baumpaeonien\/rockii-hybriden\/\">P. Rockii-Hybriden<\/a>, Tranquil Dove<\/p><\/div><\/div><\/div>\n\n\n\n<div class=\"wp-block-getwid-content-timeline-item\"><div class=\"wp-block-getwid-content-timeline-item__wrapper\"><div class=\"wp-block-getwid-content-timeline-item__card has-background has-palette-color-5-background-color\"><div class=\"wp-block-getwid-content-timeline-item__card-wrapper\"><div class=\"wp-block-getwid-content-timeline-item__content-wrapper\" style=\"padding-top:0px\"><div class=\"wp-block-getwid-content-timeline-item__mobile-meta\"><p class=\"wp-block-getwid-content-timeline-item__meta-content\"> z.B.  <a href=\"\/en\/shop\/staudenpfingstrosen\/hybriden\/amarillo-star-ex-yellow-breeder-plant\/\">Amarillo Star<\/a>, Coral Charm, First Arrival, Hephestos, <a href=\"https:\/\/pfingstrosen-paradies.de\/en\/shop\/staudenpfingstrosen\/hybriden\/red-charm\/\">Red Charm<\/a>, Rosalind Elsie Franklin<\/p><\/div>\n<h3 class=\"wp-block-heading has-text-align-center\"><strong>early-midseason<\/strong><\/h3>\n\n\n\n<p class=\"has-text-align-center\">~ Anfang Mai bis Mitte Mai<\/p>\n<\/div><\/div><\/div><div class=\"wp-block-getwid-content-timeline-item__point\"><div class=\"wp-block-getwid-content-timeline-item__point-content\"><\/div><\/div><div class=\"wp-block-getwid-content-timeline-item__meta\"><p class=\"wp-block-getwid-content-timeline-item__meta-content\"> z.B.  <a href=\"\/en\/shop\/staudenpfingstrosen\/hybriden\/amarillo-star-ex-yellow-breeder-plant\/\">Amarillo Star<\/a>, Coral Charm, First Arrival, Hephestos, <a href=\"https:\/\/pfingstrosen-paradies.de\/en\/shop\/staudenpfingstrosen\/hybriden\/red-charm\/\">Red Charm<\/a>, Rosalind Elsie Franklin<\/p><\/div><\/div><\/div>\n\n\n\n<div class=\"wp-block-getwid-content-timeline-item has-card-left\"><div class=\"wp-block-getwid-content-timeline-item__wrapper\"><div class=\"wp-block-getwid-content-timeline-item__card has-background has-palette-color-5-background-color\"><div class=\"wp-block-getwid-content-timeline-item__card-wrapper\"><div class=\"wp-block-getwid-content-timeline-item__content-wrapper\" style=\"padding-top:0px\"><div class=\"wp-block-getwid-content-timeline-item__mobile-meta\"><p class=\"wp-block-getwid-content-timeline-item__meta-content\"> z.B. Bartzella, Duchesse de Nemours, Henry Bockstoce, Jan van Leeuwen, Madame Claude Tain<\/p><\/div>\n<h3 class=\"wp-block-heading has-text-align-center\"><strong>midseason<\/strong><\/h3>\n\n\n\n<p class=\"has-text-align-center\">~ Mitte Mai<\/p>\n<\/div><\/div><\/div><div class=\"wp-block-getwid-content-timeline-item__point\"><div class=\"wp-block-getwid-content-timeline-item__point-content\"><\/div><\/div><div class=\"wp-block-getwid-content-timeline-item__meta\"><p class=\"wp-block-getwid-content-timeline-item__meta-content\"> z.B. Bartzella, Duchesse de Nemours, Henry Bockstoce, Jan van Leeuwen, Madame Claude Tain<\/p><\/div><\/div><\/div>\n\n\n\n<div class=\"wp-block-getwid-content-timeline-item\"><div class=\"wp-block-getwid-content-timeline-item__wrapper\"><div class=\"wp-block-getwid-content-timeline-item__card has-background has-palette-color-5-background-color\"><div class=\"wp-block-getwid-content-timeline-item__card-wrapper\"><div class=\"wp-block-getwid-content-timeline-item__content-wrapper\" style=\"padding-top:0px\"><div class=\"wp-block-getwid-content-timeline-item__mobile-meta\"><p class=\"wp-block-getwid-content-timeline-item__meta-content\"> z.B. Angel Cheeks, Candy Stripe, Old Faithful, White Innocence<\/p><\/div>\n<h3 class=\"wp-block-heading has-text-align-center\"><strong>late midseason<\/strong><\/h3>\n\n\n\n<p class=\"has-text-align-center\">~ Mitte Mai bis Ende Mai<\/p>\n<\/div><\/div><\/div><div class=\"wp-block-getwid-content-timeline-item__point\"><div class=\"wp-block-getwid-content-timeline-item__point-content\"><\/div><\/div><div class=\"wp-block-getwid-content-timeline-item__meta\"><p class=\"wp-block-getwid-content-timeline-item__meta-content\"> z.B. Angel Cheeks, Candy Stripe, Old Faithful, White Innocence<\/p><\/div><\/div><\/div>\n\n\n\n<div class=\"wp-block-getwid-content-timeline-item has-card-left\"><div class=\"wp-block-getwid-content-timeline-item__wrapper\"><div class=\"wp-block-getwid-content-timeline-item__card has-background has-palette-color-5-background-color\"><div class=\"wp-block-getwid-content-timeline-item__card-wrapper\"><div class=\"wp-block-getwid-content-timeline-item__content-wrapper\" style=\"padding-top:0px\"><div class=\"wp-block-getwid-content-timeline-item__mobile-meta\"><p class=\"wp-block-getwid-content-timeline-item__meta-content\"> z.B. Ann Cousins, Madylone, Sarah Bernhardt, <\/p><\/div>\n<h3 class=\"wp-block-heading has-text-align-center\"><strong>late<\/strong><\/h3>\n\n\n\n<p class=\"has-text-align-center\"> ~ Ende Mai bis Anfang Juni<\/p>\n<\/div><\/div><\/div><div class=\"wp-block-getwid-content-timeline-item__point\"><div class=\"wp-block-getwid-content-timeline-item__point-content\"><\/div><\/div><div class=\"wp-block-getwid-content-timeline-item__meta\"><p class=\"wp-block-getwid-content-timeline-item__meta-content\"> z.B. Ann Cousins, Madylone, Sarah Bernhardt, <\/p><\/div><\/div><\/div>\n\n\n\n<div class=\"wp-block-getwid-content-timeline-item\"><div class=\"wp-block-getwid-content-timeline-item__wrapper\"><div class=\"wp-block-getwid-content-timeline-item__card has-background has-palette-color-5-background-color\"><div class=\"wp-block-getwid-content-timeline-item__card-wrapper\"><div class=\"wp-block-getwid-content-timeline-item__content-wrapper\" style=\"padding-top:0px\"><div class=\"wp-block-getwid-content-timeline-item__mobile-meta\"><p class=\"wp-block-getwid-content-timeline-item__meta-content\"> z.B. Elsa Sass, Glory Hallelujah, Ivory Victory, Pink Giant<\/p><\/div>\n<h3 class=\"wp-block-heading has-text-align-center\"><strong>very late<\/strong><\/h3>\n\n\n\n<p class=\"has-text-align-center\">~ Mitte Juni<\/p>\n<\/div><\/div><\/div><div class=\"wp-block-getwid-content-timeline-item__point\"><div class=\"wp-block-getwid-content-timeline-item__point-content\"><\/div><\/div><div class=\"wp-block-getwid-content-timeline-item__meta\"><p class=\"wp-block-getwid-content-timeline-item__meta-content\"> z.B. Elsa Sass, Glory Hallelujah, Ivory Victory, Pink Giant<\/p><\/div><\/div><\/div>\n<\/div><\/div>","protected":false},"excerpt":{"rendered":"<p>Bl\u00fctezeiten von Pfingstrosen Um eine einheitliche Einordung der verschiedenen Bl\u00fctezeiten der jeweiligen Pfingstrosen- Arten und Sorten zu geben nutzen wir die gleichen Bl\u00fctezeiten-Kategorien wie die American Peony Society. Hierbei werden die Pfingstrosen in eine der 7 Bl\u00fctezeiten-Kategorien eingeordnet (sehr fr\u00fch, fr\u00fch, mittel-fr\u00fch, mittel, mittel-sp\u00e4t, sp\u00e4t, sehr sp\u00e4t). Diese Angaben entsprechen unseren pers\u00f6nlichen Erfahrungswerten, welche wir [&hellip;]<\/p>\n","protected":false},"author":2,"featured_media":0,"parent":0,"menu_order":0,"comment_status":"closed","ping_status":"closed","template":"","meta":{"footnotes":""},"class_list":["post-2239","page","type-page","status-publish","hentry"],"blocksy_meta":{"styles_descriptor":{"styles":{"desktop":"","tablet":"","mobile":""},"google_fonts":[],"version":6}},"featured_image_urls":{"full":"","thumbnail":"","medium":"","medium_large":"","large":"","1536x1536":"","2048x2048":"","trp-custom-language-flag":"","ptam-block-post-grid-landscape":"","ptam-block-post-grid-square":"","ptam-block-post-grid-featured-landscape":"","woocommerce_archive_thumbnail":"","woocommerce_thumbnail":"","woocommerce_single":"","woocommerce_gallery_thumbnail":""},"post_excerpt_stackable":"<p>Bl\u00fctezeiten von Pfingstrosen Um eine einheitliche Einordung der verschiedenen Bl\u00fctezeiten der jeweiligen Pfingstrosen- Arten und Sorten zu geben nutzen wir die gleichen Bl\u00fctezeiten-Kategorien wie die American Peony Society. Hierbei werden die Pfingstrosen in eine der 7 Bl\u00fctezeiten-Kategorien eingeordnet (sehr fr\u00fch, fr\u00fch, mittel-fr\u00fch, mittel, mittel-sp\u00e4t, sp\u00e4t, sehr sp\u00e4t). Diese Angaben entsprechen unseren pers\u00f6nlichen Erfahrungswerten, welche wir \u00fcber viele Jahre m\u00fchevoll dokumentiert haben. Aufgrund von Witterungseinfl\u00fcssen kann eine genaue Zuordnung jedoch nie vorgenommen werden, sodass es von Jahr zu Jahr zu Unterschieden bei den Bl\u00fctezeiten kommen kann. Ebenso spielt das regionale Klima eine Rolle. Angaben wie z.B. Ende April bis Anfang Mai&hellip;<\/p>\n","category_list":"","author_info":{"name":"max","url":"https:\/\/pfingstrosen-paradies.de\/en\/author\/max\/"},"comments_num":"0 comments","featured_image_urls_v2":{"full":"","thumbnail":"","medium":"","medium_large":"","large":"","1536x1536":"","2048x2048":"","trp-custom-language-flag":"","ptam-block-post-grid-landscape":"","ptam-block-post-grid-square":"","ptam-block-post-grid-featured-landscape":"","woocommerce_archive_thumbnail":"","woocommerce_thumbnail":"","woocommerce_single":"","woocommerce_gallery_thumbnail":""},"post_excerpt_stackable_v2":"<p>Bl\u00fctezeiten von Pfingstrosen Um eine einheitliche Einordung der verschiedenen Bl\u00fctezeiten der jeweiligen Pfingstrosen- Arten und Sorten zu geben nutzen wir die gleichen Bl\u00fctezeiten-Kategorien wie die American Peony Society. Hierbei werden die Pfingstrosen in eine der 7 Bl\u00fctezeiten-Kategorien eingeordnet (sehr fr\u00fch, fr\u00fch, mittel-fr\u00fch, mittel, mittel-sp\u00e4t, sp\u00e4t, sehr sp\u00e4t). Diese Angaben entsprechen unseren pers\u00f6nlichen Erfahrungswerten, welche wir \u00fcber viele Jahre m\u00fchevoll dokumentiert haben. Aufgrund von Witterungseinfl\u00fcssen kann eine genaue Zuordnung jedoch nie vorgenommen werden, sodass es von Jahr zu Jahr zu Unterschieden bei den Bl\u00fctezeiten kommen kann. Ebenso spielt das regionale Klima eine Rolle. Angaben wie z.B. Ende April bis Anfang Mai&hellip;<\/p>\n","category_list_v2":"","author_info_v2":{"name":"max","url":"https:\/\/pfingstrosen-paradies.de\/en\/author\/max\/"},"comments_num_v2":"0 comments","yoast_head":"<!-- This site is optimized with the Yoast SEO plugin v27.3 - https:\/\/yoast.com\/product\/yoast-seo-wordpress\/ -->\n<title>Bl\u00fctezeiten P\u00e4onien | Pfingstrosen-Paradies Tetzlaff<\/title>\n<meta name=\"description\" content=\"Mit der richtigen Sortenwahl von fr\u00fch bis sp\u00e4t kann eine Pfinsgtrosenbl\u00fctezeit von bis zu 2 Monaten erreicht werden.\" \/>\n<meta name=\"robots\" content=\"index, follow, max-snippet:-1, max-image-preview:large, max-video-preview:-1\" \/>\n<link rel=\"canonical\" href=\"https:\/\/pfingstrosen-paradies.de\/en\/bluetezeiten\/\" \/>\n<meta property=\"og:locale\" content=\"en_GB\" \/>\n<meta property=\"og:type\" content=\"article\" \/>\n<meta property=\"og:title\" content=\"Bl\u00fctezeiten P\u00e4onien | Pfingstrosen-Paradies Tetzlaff\" \/>\n<meta property=\"og:description\" content=\"Mit der richtigen Sortenwahl von fr\u00fch bis sp\u00e4t kann eine Pfinsgtrosenbl\u00fctezeit von bis zu 2 Monaten erreicht werden.\" \/>\n<meta property=\"og:url\" content=\"https:\/\/pfingstrosen-paradies.de\/en\/bluetezeiten\/\" \/>\n<meta property=\"og:site_name\" content=\"Pfingstrosen-Paradies\" \/>\n<meta property=\"article:modified_time\" content=\"2025-03-11T21:59:00+00:00\" \/>\n<meta property=\"og:image\" content=\"https:\/\/pfingstrosen-paradies.de\/wp-content\/uploads\/tenuifolia.jpg\" \/>\n\t<meta property=\"og:image:width\" content=\"1200\" \/>\n\t<meta property=\"og:image:height\" content=\"900\" \/>\n\t<meta property=\"og:image:type\" content=\"image\/jpeg\" \/>\n<meta name=\"twitter:card\" content=\"summary_large_image\" \/>\n<meta name=\"twitter:label1\" content=\"Estimated reading time\" \/>\n\t<meta name=\"twitter:data1\" content=\"3 minutes\" \/>\n<script type=\"application\/ld+json\" class=\"yoast-schema-graph\">{\"@context\":\"https:\\\/\\\/schema.org\",\"@graph\":[{\"@type\":\"WebPage\",\"@id\":\"https:\\\/\\\/pfingstrosen-paradies.de\\\/bluetezeiten\\\/\",\"url\":\"https:\\\/\\\/pfingstrosen-paradies.de\\\/bluetezeiten\\\/\",\"name\":\"Bl\u00fctezeiten P\u00e4onien | Pfingstrosen-Paradies Tetzlaff\",\"isPartOf\":{\"@id\":\"https:\\\/\\\/pfingstrosen-paradies.de\\\/#website\"},\"primaryImageOfPage\":{\"@id\":\"https:\\\/\\\/pfingstrosen-paradies.de\\\/bluetezeiten\\\/#primaryimage\"},\"image\":{\"@id\":\"https:\\\/\\\/pfingstrosen-paradies.de\\\/bluetezeiten\\\/#primaryimage\"},\"thumbnailUrl\":\"https:\\\/\\\/pfingstrosen-paradies.de\\\/wp-content\\\/uploads\\\/tenuifolia-1024x768.jpg\",\"datePublished\":\"2021-12-21T10:45:11+00:00\",\"dateModified\":\"2025-03-11T21:59:00+00:00\",\"description\":\"Mit der richtigen Sortenwahl von fr\u00fch bis sp\u00e4t kann eine Pfinsgtrosenbl\u00fctezeit von bis zu 2 Monaten erreicht werden.\",\"breadcrumb\":{\"@id\":\"https:\\\/\\\/pfingstrosen-paradies.de\\\/bluetezeiten\\\/#breadcrumb\"},\"inLanguage\":\"en-GB\",\"potentialAction\":[{\"@type\":\"ReadAction\",\"target\":[\"https:\\\/\\\/pfingstrosen-paradies.de\\\/bluetezeiten\\\/\"]}]},{\"@type\":\"ImageObject\",\"inLanguage\":\"en-GB\",\"@id\":\"https:\\\/\\\/pfingstrosen-paradies.de\\\/bluetezeiten\\\/#primaryimage\",\"url\":\"https:\\\/\\\/pfingstrosen-paradies.de\\\/wp-content\\\/uploads\\\/tenuifolia-1024x768.jpg\",\"contentUrl\":\"https:\\\/\\\/pfingstrosen-paradies.de\\\/wp-content\\\/uploads\\\/tenuifolia-1024x768.jpg\"},{\"@type\":\"BreadcrumbList\",\"@id\":\"https:\\\/\\\/pfingstrosen-paradies.de\\\/bluetezeiten\\\/#breadcrumb\",\"itemListElement\":[{\"@type\":\"ListItem\",\"position\":1,\"name\":\"Start\",\"item\":\"https:\\\/\\\/pfingstrosen-paradies.de\\\/\"},{\"@type\":\"ListItem\",\"position\":2,\"name\":\"Bl\u00fctezeiten\"}]},{\"@type\":\"WebSite\",\"@id\":\"https:\\\/\\\/pfingstrosen-paradies.de\\\/#website\",\"url\":\"https:\\\/\\\/pfingstrosen-paradies.de\\\/\",\"name\":\"Pfingstrosen-Paradies\",\"description\":\"Fachg\u00e4rtnerei f\u00fcr Pfingstrosen\",\"publisher\":{\"@id\":\"https:\\\/\\\/pfingstrosen-paradies.de\\\/#organization\"},\"potentialAction\":[{\"@type\":\"SearchAction\",\"target\":{\"@type\":\"EntryPoint\",\"urlTemplate\":\"https:\\\/\\\/pfingstrosen-paradies.de\\\/?s={search_term_string}\"},\"query-input\":{\"@type\":\"PropertyValueSpecification\",\"valueRequired\":true,\"valueName\":\"search_term_string\"}}],\"inLanguage\":\"en-GB\"},{\"@type\":\"Organization\",\"@id\":\"https:\\\/\\\/pfingstrosen-paradies.de\\\/#organization\",\"name\":\"Pfingstrosen-Paradies\",\"url\":\"https:\\\/\\\/pfingstrosen-paradies.de\\\/\",\"logo\":{\"@type\":\"ImageObject\",\"inLanguage\":\"en-GB\",\"@id\":\"https:\\\/\\\/pfingstrosen-paradies.de\\\/#\\\/schema\\\/logo\\\/image\\\/\",\"url\":\"https:\\\/\\\/pfingstrosen-paradies.de\\\/wp-content\\\/uploads\\\/2021\\\/02\\\/logo-pfingstrosen.png\",\"contentUrl\":\"https:\\\/\\\/pfingstrosen-paradies.de\\\/wp-content\\\/uploads\\\/2021\\\/02\\\/logo-pfingstrosen.png\",\"width\":1568,\"height\":366,\"caption\":\"Pfingstrosen-Paradies\"},\"image\":{\"@id\":\"https:\\\/\\\/pfingstrosen-paradies.de\\\/#\\\/schema\\\/logo\\\/image\\\/\"}}]}<\/script>\n<!-- \/ Yoast SEO plugin. -->","yoast_head_json":{"title":"Bl\u00fctezeiten P\u00e4onien | Pfingstrosen-Paradies Tetzlaff","description":"Mit der richtigen Sortenwahl von fr\u00fch bis sp\u00e4t kann eine Pfinsgtrosenbl\u00fctezeit von bis zu 2 Monaten erreicht werden.","robots":{"index":"index","follow":"follow","max-snippet":"max-snippet:-1","max-image-preview":"max-image-preview:large","max-video-preview":"max-video-preview:-1"},"canonical":"https:\/\/pfingstrosen-paradies.de\/en\/bluetezeiten\/","og_locale":"en_GB","og_type":"article","og_title":"Bl\u00fctezeiten P\u00e4onien | Pfingstrosen-Paradies Tetzlaff","og_description":"Mit der richtigen Sortenwahl von fr\u00fch bis sp\u00e4t kann eine Pfinsgtrosenbl\u00fctezeit von bis zu 2 Monaten erreicht werden.","og_url":"https:\/\/pfingstrosen-paradies.de\/en\/bluetezeiten\/","og_site_name":"Pfingstrosen-Paradies","article_modified_time":"2025-03-11T21:59:00+00:00","og_image":[{"width":1200,"height":900,"url":"https:\/\/pfingstrosen-paradies.de\/wp-content\/uploads\/tenuifolia.jpg","type":"image\/jpeg"}],"twitter_card":"summary_large_image","twitter_misc":{"Estimated reading time":"3 minutes"},"schema":{"@context":"https:\/\/schema.org","@graph":[{"@type":"WebPage","@id":"https:\/\/pfingstrosen-paradies.de\/bluetezeiten\/","url":"https:\/\/pfingstrosen-paradies.de\/bluetezeiten\/","name":"Bl\u00fctezeiten P\u00e4onien | Pfingstrosen-Paradies Tetzlaff","isPartOf":{"@id":"https:\/\/pfingstrosen-paradies.de\/#website"},"primaryImageOfPage":{"@id":"https:\/\/pfingstrosen-paradies.de\/bluetezeiten\/#primaryimage"},"image":{"@id":"https:\/\/pfingstrosen-paradies.de\/bluetezeiten\/#primaryimage"},"thumbnailUrl":"https:\/\/pfingstrosen-paradies.de\/wp-content\/uploads\/tenuifolia-1024x768.jpg","datePublished":"2021-12-21T10:45:11+00:00","dateModified":"2025-03-11T21:59:00+00:00","description":"Mit der richtigen Sortenwahl von fr\u00fch bis sp\u00e4t kann eine Pfinsgtrosenbl\u00fctezeit von bis zu 2 Monaten erreicht werden.","breadcrumb":{"@id":"https:\/\/pfingstrosen-paradies.de\/bluetezeiten\/#breadcrumb"},"inLanguage":"en-GB","potentialAction":[{"@type":"ReadAction","target":["https:\/\/pfingstrosen-paradies.de\/bluetezeiten\/"]}]},{"@type":"ImageObject","inLanguage":"en-GB","@id":"https:\/\/pfingstrosen-paradies.de\/bluetezeiten\/#primaryimage","url":"https:\/\/pfingstrosen-paradies.de\/wp-content\/uploads\/tenuifolia-1024x768.jpg","contentUrl":"https:\/\/pfingstrosen-paradies.de\/wp-content\/uploads\/tenuifolia-1024x768.jpg"},{"@type":"BreadcrumbList","@id":"https:\/\/pfingstrosen-paradies.de\/bluetezeiten\/#breadcrumb","itemListElement":[{"@type":"ListItem","position":1,"name":"Start","item":"https:\/\/pfingstrosen-paradies.de\/"},{"@type":"ListItem","position":2,"name":"Bl\u00fctezeiten"}]},{"@type":"WebSite","@id":"https:\/\/pfingstrosen-paradies.de\/#website","url":"https:\/\/pfingstrosen-paradies.de\/","name":"Pfingstrosen-Paradies","description":"Fachg\u00e4rtnerei f\u00fcr Pfingstrosen","publisher":{"@id":"https:\/\/pfingstrosen-paradies.de\/#organization"},"potentialAction":[{"@type":"SearchAction","target":{"@type":"EntryPoint","urlTemplate":"https:\/\/pfingstrosen-paradies.de\/?s={search_term_string}"},"query-input":{"@type":"PropertyValueSpecification","valueRequired":true,"valueName":"search_term_string"}}],"inLanguage":"en-GB"},{"@type":"Organization","@id":"https:\/\/pfingstrosen-paradies.de\/#organization","name":"Pfingstrosen-Paradies","url":"https:\/\/pfingstrosen-paradies.de\/","logo":{"@type":"ImageObject","inLanguage":"en-GB","@id":"https:\/\/pfingstrosen-paradies.de\/#\/schema\/logo\/image\/","url":"https:\/\/pfingstrosen-paradies.de\/wp-content\/uploads\/2021\/02\/logo-pfingstrosen.png","contentUrl":"https:\/\/pfingstrosen-paradies.de\/wp-content\/uploads\/2021\/02\/logo-pfingstrosen.png","width":1568,"height":366,"caption":"Pfingstrosen-Paradies"},"image":{"@id":"https:\/\/pfingstrosen-paradies.de\/#\/schema\/logo\/image\/"}}]}},"_links":{"self":[{"href":"https:\/\/pfingstrosen-paradies.de\/en\/wp-json\/wp\/v2\/pages\/2239","targetHints":{"allow":["GET"]}}],"collection":[{"href":"https:\/\/pfingstrosen-paradies.de\/en\/wp-json\/wp\/v2\/pages"}],"about":[{"href":"https:\/\/pfingstrosen-paradies.de\/en\/wp-json\/wp\/v2\/types\/page"}],"author":[{"embeddable":true,"href":"https:\/\/pfingstrosen-paradies.de\/en\/wp-json\/wp\/v2\/users\/2"}],"replies":[{"embeddable":true,"href":"https:\/\/pfingstrosen-paradies.de\/en\/wp-json\/wp\/v2\/comments?post=2239"}],"version-history":[{"count":0,"href":"https:\/\/pfingstrosen-paradies.de\/en\/wp-json\/wp\/v2\/pages\/2239\/revisions"}],"wp:attachment":[{"href":"https:\/\/pfingstrosen-paradies.de\/en\/wp-json\/wp\/v2\/media?parent=2239"}],"curies":[{"name":"wp","href":"https:\/\/api.w.org\/{rel}","templated":true}]}}