{"id":379,"date":"2021-03-17T22:14:13","date_gmt":"2021-03-17T21:14:13","guid":{"rendered":"https:\/\/pfingstrosen-paradies.de\/?page_id=379"},"modified":"2026-01-13T15:54:29","modified_gmt":"2026-01-13T14:54:29","slug":"bestellung-und-versand","status":"publish","type":"page","link":"https:\/\/pfingstrosen-paradies.de\/en\/bestellung-und-versand\/","title":{"rendered":"Order and Shipping"},"content":{"rendered":"<h1 class=\"wp-block-heading has-palette-color-1-color has-text-color\" id=\"bestellung-und-versand\">Order and Shipping<\/h1>\n\n\n\n<hr class=\"wp-block-separator has-css-opacity is-style-wide\"\/>\n\n\n\n<p><\/p>\n\n\n\n<p>Der Mindestbestellwert betr\u00e4gt 25 \u20ac. Bitte bestellen Sie m\u00f6glichst fr\u00fchzeitig im Jahr, da die gew\u00fcnschten Sorten sonst ausverkauft sein k\u00f6nnen.  Der Versand der Pflanzenwurzeln erfolgt ausschlie\u00dflich ab Mitte Oktober bis Mitte November je nach Witterung.<\/p>\n\n\n\n<p>Grunds\u00e4tzlich eignet sich die Pfingstrose nicht als K\u00fcbelpflanze, sondern soll unbedingt im Freien ausgepflanzt werden, da die Wurzeln sehr tief in den Boden wachsen.<\/p>\n\n\n\n<div class=\"wp-block-stackable-columns stk-block-columns stk-block stk-cb903d1 stk-block-background\" data-block-id=\"cb903d1\"><style>.stk-cb903d1{margin-bottom:40px !important}<\/style><div class=\"stk-row stk-inner-blocks stk-block-content stk-content-align stk-cb903d1-column\">\n\n<div class=\"wp-block-stackable-column stk-block-column stk-column stk-block stk-e4b9cab\" data-block-id=\"e4b9cab\"><div class=\"stk-column-wrapper stk-block-column__content stk-container stk-e4b9cab-container stk--no-background stk--no-padding\"><div class=\"stk-block-content stk-inner-blocks\">\n\n<p class=\"translation-block\"><strong>Please place your order through our<\/strong> <strong><a href=\"https:\/\/pfingstrosen-paradies.de\/en\/pfingstrosen-shop\/\" target=\"_self\">Online-Shop<\/a><\/strong>.<\/p>\n\n<\/div><\/div><\/div>\n\n<\/div><\/div>\n\n\n\n<p><\/p>\n\n\n\n<p><strong>Bestellm\u00f6glichkeiten:<\/strong> Bitte achten Sie darauf, dass Ihre Adressdaten vollst\u00e4ndig sind. Nur so k\u00f6nnen wir Ihre Bestellung bearbeiten. Bitte reichen Sie Ihre Bestellung in schriftlicher Form ein (e-mail, Fax oder per Brief). Telefonische Bestellung k\u00f6nnen wir leider nicht durchf\u00fchren.<\/p>\n\n\n\n<p>Der Schutz Ihrer pers\u00f6nlichen Daten ist uns wichtig und wir verarbeiten sie gem\u00e4\u00df DSGVO und BDSG datenschutzkonform. Unsere Datenschutzerkl\u00e4rung finden Sie hier. Beachten Sie bitte dazu auch unsere <a href=\"https:\/\/pfingstrosen-paradies.de\/en\/allgemeine-geschaeftsbedingungen\/\">Terms &amp; Conditions<\/a>, sowie das Widerrufsrecht. Unsere Datenschutzbestimmung und unsere AGB gelten f\u00fcr alle Bestellungen im Pfingstrosen-Paradies, unabh\u00e4ngig davon, ob diese telefonisch, per E-Mail oder pers\u00f6nlich get\u00e4tigt werden.<\/p>\n\n\n\n<h2 class=\"wp-block-heading has-medium-font-size\" id=\"online-shop\">Online-Shop<\/h2>\n\n\n\n<p>Die einfachste M\u00f6glichkeit der Bestellung ist \u00fcber unseren <a href=\"\/en\/pfingstrosen-shop\/\">Online-Shop<\/a>. W\u00e4hlen Sie einfach die gew\u00fcnschten Sorten aus und legen Sie diese in den <a href=\"\/en\/warenkorb\/\">Shopping Cart<\/a>. In der Men\u00fcleiste oben rechts k\u00f6nnen Sie jederzeit auf das <a href=\"\/en\/warenkorb\/\">Warenkorbsymbol <\/a>klicken, von wo aus Sie Ihre Bestellung ansehen und abschlie\u00dfen k\u00f6nnen. Die Versandkosten werden automatisch auf Basis des Artikelgewichts berechnet. Sofern Sie Ihre Auswahl getroffen haben klicken Sie &#8222;Weiter zur Kasse&#8220; an, wo Sie nun Ihre Liefer- bzw. Rechnungsadresse angeben m\u00fcssen und Ihre Bestellung ein letztes mal pr\u00fcfen k\u00f6nnen. Mit dem Klick auf &#8222;Kostenpflichtig bestellen&#8220; ist Ihre Bestellung abgeschlossen und wird an uns \u00fcbermittelt. Sie erhalten von uns eine Bestellbest\u00e4tigung mit weiteren Informationen und einer Zusammenfassung Ihrer Bestellung. <\/p>\n\n\n\n<h2 class=\"wp-block-heading has-medium-font-size\" id=\"mail\">E-Mail<\/h2>\n\n\n\n<p>Senden Sie uns einfach eine Email mit Ihren Bestellw\u00fcnschen. Bitte denken Sie daran, Ihre Adresse vollst\u00e4ndig anzugeben. Dazu k\u00f6nnen Sie auch einfach unser Kontaktformular verwenden. Unsere Datenschutzerkl\u00e4rung , unsere AGB, sowie das Widerrufsrecht gelten bei auch einer Bestellung per Mail.<\/p>\n\n\n\n<h2 class=\"wp-block-heading has-medium-font-size\" id=\"brief\">Letter<\/h2>\n\n\n\n<p>Unsere Postanschrift lautet:<\/p>\n\n\n\n<p>Pfingstrosen-Paradies, Im Weidendahl 1, 41516 Grevenbroich<\/p>\n\n\n\n<p>Bitte denken Sie daran, Ihre Adresse vollst\u00e4ndig anzugeben. Unsere Datenschutzerkl\u00e4rung finden Sie hier. Beachten Sie bitte dazu auch unsere AGB, sowie das Widerrufsrecht. Diese gelten auch bei einer schriftlichen Bestellung.<\/p>\n\n\n\n<h2 class=\"wp-block-heading has-medium-font-size\" id=\"telefon-eine-telefonische-bestellung-ist-nicht-moglich\">(Phone) - Order by phone are not possible<\/h2>\n\n\n\n<p>Bestellung muss schriftlich erfolgen. Sie k\u00f6nnen uns bei Fragen und zur Beratung nat\u00fcrlich trotzdem telefonsich erreichen.<\/p>\n\n\n\n<p>Rufen Sie uns an: Telefon 02182-5731694. B\u00fcrotage: Montag und Freitag . Unsere Datenschutzerkl\u00e4rung finden Sie hier. Beachten Sie bitte dazu auch unsere AGB, sowie das Widerrufsrecht. Telefonische Bestellungen k\u00f6nnen wir leider nicht annehmen. Es gab in der Vergangenheit immer wieder Adressfehler bei der \u00dcbermittlung. Daher nehmen wir Bestellungen nur noch in schriftlicher Form (Shop, e-mail oder Brief an).&nbsp; Bitte ber\u00fccksichtigen Sie, dass wir ein kleiner Familienbetrieb sind und alle Arbeiten nur mit Unterst\u00fctzung unserer Erntehelfer allein ausf\u00fchren. Deshalb sind wir besonders zu den Hauptarbeitszeiten Pfingstrosenbl\u00fcte im Mai\/Juni, sowie zur Vermehrungszeit (Mitte August &#8211; Ende November) schwer telefonisch zu erreichen. Getopfte Ware kann auch direkt ab Hof abgeholt werden. Bitte vereinbaren Sie hierzu einen Termin. Wir sind im Fr\u00fchjahr auf einigen <strong>Gartenm\u00e4rkten<\/strong> vertreten, auch dort k\u00f6nnen Sie getopfte Ware kaufen. Termine werden zeitig auf unserer Homepage bekannt gegeben.<\/p>\n\n\n\n<hr class=\"wp-block-separator has-css-opacity is-style-wide\"\/>\n\n\n\n<h1 class=\"wp-block-heading has-large-font-size\" id=\"versandkosten\">Shipping Costs<\/h1>\n\n\n\n<p>Die Versandkosten werden basierend auf dem Versandgewicht berechnet. Das Gewicht der einzelnen Pflanzen entnehmen Sie bitte der jeweiligen Artikelbeschreibung (z.B. 0,4 kg bei Staudenp\u00e4onien; 0,7 kg bei Itohs; oder 1 kg bei 3-j\u00e4hrigen Strauchp\u00e4onien). <strong>Bei dem angegebenen Gewicht handelt es sich um Durchschnittswerte, die sich inkl. des Verpackungsmaterials wie z.B. das Torfsubstrat, F\u00fcllmaterial und Umverpackung verstehen.<\/strong> Mit diesen Angaben und mithilfe der Versandkostentabelle k\u00f6nnen Sie die Kosten einfach ermitteln, der Shop berechnet die Versandkosten jedoch auch automatisch, sobald Sie zum Warenkorb gehen. <strong>Da es sich um Pflanzen, und somit sehr variable nat\u00fcrliche Produkte handelt, weisen wir ausdr\u00fccklich darauf hin, dass das tats\u00e4chliche Gewicht des Pakets von den Angaben abweichen kann. Die Pflanzenqualit\u00e4t wird anhand der Anzahl der Augen oder des Alters der Pflanze bemessen und nicht nach dem Gewicht.<\/strong> Die Angabe des Gewichtes dient lediglich der Ermittlung der Versandkosten. Unser Ziel ist es den Versand m\u00f6glichst umweltschoned und lediglich auf Selbstkostenbasis zu erm\u00f6glichen. <\/p>\n\n\n\n<p>Bsp.: Sie bestellen 10 Staudenp\u00e4onien (Gewicht 0,4 kg pro Pflanze inkl. Verpackung), ergibt ein Gesamtgewicht von 4,0 kg -&gt; Versandkosten in D 7,90 \u20ac (inkl. MwSt) | in der EU 19,90 \u20ac (inkl. MwSt)<\/p>\n\n\n\n<div class=\"wp-block-stackable-columns stk-block-columns stk-block stk-5b9fb15\" data-block-id=\"5b9fb15\"><style>.stk-5b9fb15{margin-bottom:1px !important}<\/style><div class=\"stk-row stk-inner-blocks stk-block-content stk-content-align stk-5b9fb15-column\">\n<div class=\"wp-block-stackable-column stk-block-column stk-column stk-block stk-5dd2f82\" data-block-id=\"5dd2f82\"><div class=\"stk-column-wrapper stk-block-column__content stk-container stk-5dd2f82-container stk--no-background stk--no-padding\"><div class=\"stk-block-content stk-inner-blocks\">\n<h2 class=\"wp-block-heading has-text-align-center has-medium-font-size\" id=\"porto-und-verpackung-fur-lieferung-innerhalb-deutschlands\"> <span style=\"color: var(--theme-palette-color-1, #c22365)\" class=\"stk-highlight\">Shipping Costs <\/span><em><span style=\"color: var(--theme-palette-color-1, #c22365)\" class=\"stk-highlight\">within Germany<\/span> <\/em><\/h2>\n<figure class=\"wp-block-table alignleft\"><table><tbody><tr><td class=\"has-text-align-center\" data-align=\"center\"><strong>Weight<\/strong><\/td><td class=\"has-text-align-center\" data-align=\"center\"><strong>Price<\/strong> (incl. VAT)<\/td><\/tr><tr><td class=\"has-text-align-center\" data-align=\"center\">up to 2,99 kg<\/td><td class=\"has-text-align-center\" data-align=\"center\">7,90 \u20ac<\/td><\/tr><tr><td class=\"has-text-align-center\" data-align=\"center\">3,0 &#8211; 4,99 kg<\/td><td class=\"has-text-align-center\" data-align=\"center\">8,90 \u20ac<\/td><\/tr><tr><td class=\"has-text-align-center\" data-align=\"center\">5,0 &#8211; 9,99 kg<\/td><td class=\"has-text-align-center\" data-align=\"center\">9,90 \u20ac<\/td><\/tr><tr><td class=\"has-text-align-center\" data-align=\"center\">10,0 &#8211; 19,99 kg<\/td><td class=\"has-text-align-center\" data-align=\"center\">14,90 \u20ac<\/td><\/tr><tr><td class=\"has-text-align-center\" data-align=\"center\">20,0 &#8211; 24,99 kg<\/td><td class=\"has-text-align-center\" data-align=\"center\">19,90 \u20ac<\/td><\/tr><tr><td class=\"has-text-align-center\" data-align=\"center\">25,0 &#8211; 39,99 kg<\/td><td class=\"has-text-align-center\" data-align=\"center\">28,90 \u20ac<\/td><\/tr><tr><td class=\"has-text-align-center\" data-align=\"center\">40,0 &#8211; 59,99 kg <\/td><td class=\"has-text-align-center\" data-align=\"center\">34,90 \u20ac<\/td><\/tr><\/tbody><\/table><\/figure>\n<\/div><\/div><\/div>\n<div class=\"wp-block-stackable-column stk-block-column stk-column stk-block stk-97775ca\" data-block-id=\"97775ca\"><div class=\"stk-column-wrapper stk-block-column__content stk-container stk-97775ca-container stk--no-background stk--no-padding\"><div class=\"stk-block-content stk-inner-blocks\">\n<h2 class=\"wp-block-heading has-text-align-center has-medium-font-size\" id=\"porto-und-verpackung-fur-auslandsversand-in-eu-lander\"><span style=\"color: var(--theme-palette-color-1, #c22365)\" class=\"stk-highlight\">Shipping Costs <em>outside Germany<\/em><\/span> <span style=\"color: var(--theme-palette-color-1, #c22365)\" class=\"stk-highlight\">(to other EU-countries)<\/span><\/h2>\n<figure class=\"wp-block-table alignleft\"><table><tbody><tr><td class=\"has-text-align-center\" data-align=\"center\"><strong>Weight <\/strong><\/td><td class=\"has-text-align-center\" data-align=\"center\"><strong>Price<\/strong> (incl. VAT)<\/td><\/tr><tr><td class=\"has-text-align-center\" data-align=\"center\">up to 1,99 kg<\/td><td class=\"has-text-align-center\" data-align=\"center\">17,90 \u20ac<\/td><\/tr><tr><td class=\"has-text-align-center\" data-align=\"center\"> 2,0 &#8211; 4,99 kg <\/td><td class=\"has-text-align-center\" data-align=\"center\">19,90 \u20ac<\/td><\/tr><tr><td class=\"has-text-align-center\" data-align=\"center\"> 5,0 &#8211; 9,99 kg <\/td><td class=\"has-text-align-center\" data-align=\"center\">24,90 \u20ac<\/td><\/tr><tr><td class=\"has-text-align-center\" data-align=\"center\"> 10,0 &#8211; 14,99 kg <\/td><td class=\"has-text-align-center\" data-align=\"center\">30,90 \u20ac<\/td><\/tr><tr><td class=\"has-text-align-center\" data-align=\"center\"> 15,0 &#8211; 19,99 kg  <\/td><td class=\"has-text-align-center\" data-align=\"center\">35,90 \u20ac<\/td><\/tr><tr><td class=\"has-text-align-center\" data-align=\"center\"> 20,0 &#8211; 24,99 kg <\/td><td class=\"has-text-align-center\" data-align=\"center\">48,90 \u20ac<\/td><\/tr><tr><td class=\"has-text-align-center\" data-align=\"center\">25,0 &#8211; 39,99 kg <\/td><td class=\"has-text-align-center\" data-align=\"center\">64,90 \u20ac<\/td><\/tr><tr><td class=\"has-text-align-center\" data-align=\"center\">40,0 &#8211; 59,99 kg<\/td><td class=\"has-text-align-center\" data-align=\"center\">95,90 \u20ac<\/td><\/tr><\/tbody><\/table><\/figure>\n<\/div><\/div><\/div>\n<\/div><\/div>\n\n\n\n<p>If you have any questions please reach out to us.<\/p>\n\n\n\n<hr class=\"wp-block-separator has-css-opacity is-style-wide\"\/>\n\n\n\n<div class=\"wp-block-stackable-expand stk-block-expand stk-block stk-b5e31b7\" aria-expanded=\"false\" data-block-id=\"b5e31b7\"><div class=\"stk-inner-blocks stk-block-content\">\n\n<div class=\"wp-block-stackable-text stk-block-expand__short-text stk-block-text stk-block stk-d4caed4\" aria-hidden=\"false\" data-block-id=\"d4caed4\"><p class=\"stk-block-text__text\"><strong>Shipping costs to Switzerland<\/strong><\/p><\/div>\n\n\n<div class=\"wp-block-stackable-button stk-block-button stk-block-expand__show-button is-style-link stk-block stk-20535a3\" data-block-id=\"20535a3\"><a aria-hidden=\"false\" role=\"button\" class=\"stk-link stk-button stk--hover-effect-darken\" href=\"#\"><span class=\"stk-button__inner-text\">show<\/span><\/a><\/div>\n\n\n<div class=\"wp-block-stackable-text stk-block-expand__more-text stk-block-text stk-block stk-f62e0f4\" aria-hidden=\"true\" data-block-id=\"f62e0f4\"><p class=\"stk-block-text__text\"><br><strong>Shipping costs to Switzerland<\/strong> <br><br><strong>Weight | Costs <\/strong>(incl. VAT)<br>bis 1,99 kg | 24,90 \u20ac<br>2,0 &#8211; 4,99 kg | 30,90 \u20ac <br>5,0 &#8211; 9,99 kg | 39,90 \u20ac<br>10,0 &#8211; 14,99 kg | 45,90 \u20ac<br>15,0 &#8211; 19,99 kg | 55,90 \u20ac<br>20,0 &#8211; 31,5 kg | 69,90 \u20ac <br><br>For deliveries to Switzerland, additional VAT, customs duties or other charges such as customs clearance costs may be incurred upon import. These costs are not included in the cost of goods or shipping and must be paid by the customer to third parties upon importation.<br><\/p><\/div>\n\n\n<div class=\"wp-block-stackable-button stk-block-button is-style-link stk-block-expand__hide-button stk-block stk-020dde6\" data-block-id=\"020dde6\"><a aria-hidden=\"true\" role=\"button\" class=\"stk-link stk-button stk--hover-effect-darken\" href=\"#\"><span class=\"stk-button__inner-text\">hide<\/span><\/a><\/div>\n\n<\/div><\/div>\n\n\n\n<hr class=\"wp-block-separator has-css-opacity is-style-wide\"\/>","protected":false},"excerpt":{"rendered":"<p>Bestellung und Versand Der Mindestbestellwert betr\u00e4gt 25 \u20ac. Bitte bestellen Sie m\u00f6glichst fr\u00fchzeitig im Jahr, da die gew\u00fcnschten Sorten sonst ausverkauft sein k\u00f6nnen. Der Versand der Pflanzenwurzeln erfolgt ausschlie\u00dflich ab Mitte Oktober bis Mitte November je nach Witterung. Grunds\u00e4tzlich eignet sich die Pfingstrose nicht als K\u00fcbelpflanze, sondern soll unbedingt im Freien ausgepflanzt werden, da die [&hellip;]<\/p>\n","protected":false},"author":2,"featured_media":0,"parent":0,"menu_order":0,"comment_status":"closed","ping_status":"closed","template":"","meta":{"footnotes":""},"class_list":["post-379","page","type-page","status-publish","hentry"],"blocksy_meta":{"styles_descriptor":{"styles":{"desktop":"","tablet":"","mobile":""},"google_fonts":[],"version":6}},"featured_image_urls":{"full":"","thumbnail":"","medium":"","medium_large":"","large":"","1536x1536":"","2048x2048":"","trp-custom-language-flag":"","ptam-block-post-grid-landscape":"","ptam-block-post-grid-square":"","ptam-block-post-grid-featured-landscape":"","woocommerce_archive_thumbnail":"","woocommerce_thumbnail":"","woocommerce_single":"","woocommerce_gallery_thumbnail":""},"post_excerpt_stackable":"<p>Bestellung und Versand Der Mindestbestellwert betr\u00e4gt 25 \u20ac. Bitte bestellen Sie m\u00f6glichst fr\u00fchzeitig im Jahr, da die gew\u00fcnschten Sorten sonst ausverkauft sein k\u00f6nnen. Der Versand der Pflanzenwurzeln erfolgt ausschlie\u00dflich ab Mitte Oktober bis Mitte November je nach Witterung. Grunds\u00e4tzlich eignet sich die Pfingstrose nicht als K\u00fcbelpflanze, sondern soll unbedingt im Freien ausgepflanzt werden, da die Wurzeln sehr tief in den Boden wachsen. Wir bitten Sie, sofern m\u00f6glich, eine Bestellung \u00fcber unseren Online-Shop abzugeben. Sollte Ihnen dies nicht m\u00f6glich sein, haben Sie noch andere M\u00f6glichkeiten zur Bestellung: Bestellm\u00f6glichkeiten: Bitte achten Sie darauf, dass Ihre Adressdaten vollst\u00e4ndig sind. Nur so k\u00f6nnen wir&hellip;<\/p>\n","category_list":"","author_info":{"name":"max","url":"https:\/\/pfingstrosen-paradies.de\/en\/author\/max\/"},"comments_num":"0 comments","featured_image_urls_v2":{"full":"","thumbnail":"","medium":"","medium_large":"","large":"","1536x1536":"","2048x2048":"","trp-custom-language-flag":"","ptam-block-post-grid-landscape":"","ptam-block-post-grid-square":"","ptam-block-post-grid-featured-landscape":"","woocommerce_archive_thumbnail":"","woocommerce_thumbnail":"","woocommerce_single":"","woocommerce_gallery_thumbnail":""},"post_excerpt_stackable_v2":"<p>Bestellung und Versand Der Mindestbestellwert betr\u00e4gt 25 \u20ac. Bitte bestellen Sie m\u00f6glichst fr\u00fchzeitig im Jahr, da die gew\u00fcnschten Sorten sonst ausverkauft sein k\u00f6nnen. Der Versand der Pflanzenwurzeln erfolgt ausschlie\u00dflich ab Mitte Oktober bis Mitte November je nach Witterung. Grunds\u00e4tzlich eignet sich die Pfingstrose nicht als K\u00fcbelpflanze, sondern soll unbedingt im Freien ausgepflanzt werden, da die Wurzeln sehr tief in den Boden wachsen. Wir bitten Sie, sofern m\u00f6glich, eine Bestellung \u00fcber unseren Online-Shop abzugeben. Sollte Ihnen dies nicht m\u00f6glich sein, haben Sie noch andere M\u00f6glichkeiten zur Bestellung: Bestellm\u00f6glichkeiten: Bitte achten Sie darauf, dass Ihre Adressdaten vollst\u00e4ndig sind. Nur so k\u00f6nnen wir&hellip;<\/p>\n","category_list_v2":"","author_info_v2":{"name":"max","url":"https:\/\/pfingstrosen-paradies.de\/en\/author\/max\/"},"comments_num_v2":"0 comments","yoast_head":"<!-- This site is optimized with the Yoast SEO plugin v27.5 - https:\/\/yoast.com\/product\/yoast-seo-wordpress\/ -->\n<title>Bestellung und Versand | Pfingstrosen-Paradies Tetzlaff<\/title>\n<meta name=\"description\" content=\"Bestellung und Versand Der Mindestbestellwert betr\u00e4gt 25 \u20ac. Bitte bestellen Sie m\u00f6glichst fr\u00fchzeitig im Jahr, da die gew\u00fcnschten Sorten sonst ausverkauft\" \/>\n<meta name=\"robots\" content=\"index, follow, max-snippet:-1, max-image-preview:large, max-video-preview:-1\" \/>\n<link rel=\"canonical\" href=\"https:\/\/pfingstrosen-paradies.de\/en\/bestellung-und-versand\/\" \/>\n<meta property=\"og:locale\" content=\"en_GB\" \/>\n<meta property=\"og:type\" content=\"article\" \/>\n<meta property=\"og:title\" content=\"Bestellung und Versand | Pfingstrosen-Paradies Tetzlaff\" \/>\n<meta property=\"og:description\" content=\"Bestellung und Versand Der Mindestbestellwert betr\u00e4gt 25 \u20ac. Bitte bestellen Sie m\u00f6glichst fr\u00fchzeitig im Jahr, da die gew\u00fcnschten Sorten sonst ausverkauft\" \/>\n<meta property=\"og:url\" content=\"https:\/\/pfingstrosen-paradies.de\/en\/bestellung-und-versand\/\" \/>\n<meta property=\"og:site_name\" content=\"Pfingstrosen-Paradies\" \/>\n<meta property=\"article:modified_time\" content=\"2026-01-13T14:54:29+00:00\" \/>\n<meta name=\"twitter:card\" content=\"summary_large_image\" \/>\n<meta name=\"twitter:label1\" content=\"Estimated reading time\" \/>\n\t<meta name=\"twitter:data1\" content=\"6 minutes\" \/>\n<script type=\"application\/ld+json\" class=\"yoast-schema-graph\">{\"@context\":\"https:\\\/\\\/schema.org\",\"@graph\":[{\"@type\":\"WebPage\",\"@id\":\"https:\\\/\\\/pfingstrosen-paradies.de\\\/bestellung-und-versand\\\/\",\"url\":\"https:\\\/\\\/pfingstrosen-paradies.de\\\/bestellung-und-versand\\\/\",\"name\":\"Bestellung und Versand | Pfingstrosen-Paradies Tetzlaff\",\"isPartOf\":{\"@id\":\"https:\\\/\\\/pfingstrosen-paradies.de\\\/#website\"},\"datePublished\":\"2021-03-17T21:14:13+00:00\",\"dateModified\":\"2026-01-13T14:54:29+00:00\",\"description\":\"Bestellung und Versand Der Mindestbestellwert betr\u00e4gt 25 \u20ac. Bitte bestellen Sie m\u00f6glichst fr\u00fchzeitig im Jahr, da die gew\u00fcnschten Sorten sonst ausverkauft\",\"breadcrumb\":{\"@id\":\"https:\\\/\\\/pfingstrosen-paradies.de\\\/bestellung-und-versand\\\/#breadcrumb\"},\"inLanguage\":\"en-GB\",\"potentialAction\":[{\"@type\":\"ReadAction\",\"target\":[\"https:\\\/\\\/pfingstrosen-paradies.de\\\/bestellung-und-versand\\\/\"]}]},{\"@type\":\"BreadcrumbList\",\"@id\":\"https:\\\/\\\/pfingstrosen-paradies.de\\\/bestellung-und-versand\\\/#breadcrumb\",\"itemListElement\":[{\"@type\":\"ListItem\",\"position\":1,\"name\":\"Start\",\"item\":\"https:\\\/\\\/pfingstrosen-paradies.de\\\/\"},{\"@type\":\"ListItem\",\"position\":2,\"name\":\"Bestellung und Versand\"}]},{\"@type\":\"WebSite\",\"@id\":\"https:\\\/\\\/pfingstrosen-paradies.de\\\/#website\",\"url\":\"https:\\\/\\\/pfingstrosen-paradies.de\\\/\",\"name\":\"Pfingstrosen-Paradies\",\"description\":\"Fachg\u00e4rtnerei f\u00fcr Pfingstrosen\",\"publisher\":{\"@id\":\"https:\\\/\\\/pfingstrosen-paradies.de\\\/#organization\"},\"potentialAction\":[{\"@type\":\"SearchAction\",\"target\":{\"@type\":\"EntryPoint\",\"urlTemplate\":\"https:\\\/\\\/pfingstrosen-paradies.de\\\/?s={search_term_string}\"},\"query-input\":{\"@type\":\"PropertyValueSpecification\",\"valueRequired\":true,\"valueName\":\"search_term_string\"}}],\"inLanguage\":\"en-GB\"},{\"@type\":\"Organization\",\"@id\":\"https:\\\/\\\/pfingstrosen-paradies.de\\\/#organization\",\"name\":\"Pfingstrosen-Paradies\",\"url\":\"https:\\\/\\\/pfingstrosen-paradies.de\\\/\",\"logo\":{\"@type\":\"ImageObject\",\"inLanguage\":\"en-GB\",\"@id\":\"https:\\\/\\\/pfingstrosen-paradies.de\\\/#\\\/schema\\\/logo\\\/image\\\/\",\"url\":\"https:\\\/\\\/pfingstrosen-paradies.de\\\/wp-content\\\/uploads\\\/2021\\\/02\\\/logo-pfingstrosen.png\",\"contentUrl\":\"https:\\\/\\\/pfingstrosen-paradies.de\\\/wp-content\\\/uploads\\\/2021\\\/02\\\/logo-pfingstrosen.png\",\"width\":1568,\"height\":366,\"caption\":\"Pfingstrosen-Paradies\"},\"image\":{\"@id\":\"https:\\\/\\\/pfingstrosen-paradies.de\\\/#\\\/schema\\\/logo\\\/image\\\/\"}}]}<\/script>\n<!-- \/ Yoast SEO plugin. -->","yoast_head_json":{"title":"Bestellung und Versand | Pfingstrosen-Paradies Tetzlaff","description":"Bestellung und Versand Der Mindestbestellwert betr\u00e4gt 25 \u20ac. Bitte bestellen Sie m\u00f6glichst fr\u00fchzeitig im Jahr, da die gew\u00fcnschten Sorten sonst ausverkauft","robots":{"index":"index","follow":"follow","max-snippet":"max-snippet:-1","max-image-preview":"max-image-preview:large","max-video-preview":"max-video-preview:-1"},"canonical":"https:\/\/pfingstrosen-paradies.de\/en\/bestellung-und-versand\/","og_locale":"en_GB","og_type":"article","og_title":"Bestellung und Versand | Pfingstrosen-Paradies Tetzlaff","og_description":"Bestellung und Versand Der Mindestbestellwert betr\u00e4gt 25 \u20ac. Bitte bestellen Sie m\u00f6glichst fr\u00fchzeitig im Jahr, da die gew\u00fcnschten Sorten sonst ausverkauft","og_url":"https:\/\/pfingstrosen-paradies.de\/en\/bestellung-und-versand\/","og_site_name":"Pfingstrosen-Paradies","article_modified_time":"2026-01-13T14:54:29+00:00","twitter_card":"summary_large_image","twitter_misc":{"Estimated reading time":"6 minutes"},"schema":{"@context":"https:\/\/schema.org","@graph":[{"@type":"WebPage","@id":"https:\/\/pfingstrosen-paradies.de\/bestellung-und-versand\/","url":"https:\/\/pfingstrosen-paradies.de\/bestellung-und-versand\/","name":"Bestellung und Versand | Pfingstrosen-Paradies Tetzlaff","isPartOf":{"@id":"https:\/\/pfingstrosen-paradies.de\/#website"},"datePublished":"2021-03-17T21:14:13+00:00","dateModified":"2026-01-13T14:54:29+00:00","description":"Bestellung und Versand Der Mindestbestellwert betr\u00e4gt 25 \u20ac. Bitte bestellen Sie m\u00f6glichst fr\u00fchzeitig im Jahr, da die gew\u00fcnschten Sorten sonst ausverkauft","breadcrumb":{"@id":"https:\/\/pfingstrosen-paradies.de\/bestellung-und-versand\/#breadcrumb"},"inLanguage":"en-GB","potentialAction":[{"@type":"ReadAction","target":["https:\/\/pfingstrosen-paradies.de\/bestellung-und-versand\/"]}]},{"@type":"BreadcrumbList","@id":"https:\/\/pfingstrosen-paradies.de\/bestellung-und-versand\/#breadcrumb","itemListElement":[{"@type":"ListItem","position":1,"name":"Start","item":"https:\/\/pfingstrosen-paradies.de\/"},{"@type":"ListItem","position":2,"name":"Bestellung und Versand"}]},{"@type":"WebSite","@id":"https:\/\/pfingstrosen-paradies.de\/#website","url":"https:\/\/pfingstrosen-paradies.de\/","name":"Pfingstrosen-Paradies","description":"Fachg\u00e4rtnerei f\u00fcr Pfingstrosen","publisher":{"@id":"https:\/\/pfingstrosen-paradies.de\/#organization"},"potentialAction":[{"@type":"SearchAction","target":{"@type":"EntryPoint","urlTemplate":"https:\/\/pfingstrosen-paradies.de\/?s={search_term_string}"},"query-input":{"@type":"PropertyValueSpecification","valueRequired":true,"valueName":"search_term_string"}}],"inLanguage":"en-GB"},{"@type":"Organization","@id":"https:\/\/pfingstrosen-paradies.de\/#organization","name":"Pfingstrosen-Paradies","url":"https:\/\/pfingstrosen-paradies.de\/","logo":{"@type":"ImageObject","inLanguage":"en-GB","@id":"https:\/\/pfingstrosen-paradies.de\/#\/schema\/logo\/image\/","url":"https:\/\/pfingstrosen-paradies.de\/wp-content\/uploads\/2021\/02\/logo-pfingstrosen.png","contentUrl":"https:\/\/pfingstrosen-paradies.de\/wp-content\/uploads\/2021\/02\/logo-pfingstrosen.png","width":1568,"height":366,"caption":"Pfingstrosen-Paradies"},"image":{"@id":"https:\/\/pfingstrosen-paradies.de\/#\/schema\/logo\/image\/"}}]}},"_links":{"self":[{"href":"https:\/\/pfingstrosen-paradies.de\/en\/wp-json\/wp\/v2\/pages\/379","targetHints":{"allow":["GET"]}}],"collection":[{"href":"https:\/\/pfingstrosen-paradies.de\/en\/wp-json\/wp\/v2\/pages"}],"about":[{"href":"https:\/\/pfingstrosen-paradies.de\/en\/wp-json\/wp\/v2\/types\/page"}],"author":[{"embeddable":true,"href":"https:\/\/pfingstrosen-paradies.de\/en\/wp-json\/wp\/v2\/users\/2"}],"replies":[{"embeddable":true,"href":"https:\/\/pfingstrosen-paradies.de\/en\/wp-json\/wp\/v2\/comments?post=379"}],"version-history":[{"count":0,"href":"https:\/\/pfingstrosen-paradies.de\/en\/wp-json\/wp\/v2\/pages\/379\/revisions"}],"wp:attachment":[{"href":"https:\/\/pfingstrosen-paradies.de\/en\/wp-json\/wp\/v2\/media?parent=379"}],"curies":[{"name":"wp","href":"https:\/\/api.w.org\/{rel}","templated":true}]}}