{"id":421,"date":"2021-03-17T23:24:54","date_gmt":"2021-03-17T22:24:54","guid":{"rendered":"https:\/\/pfingstrosen-paradies.de\/?page_id=421"},"modified":"2024-12-20T11:11:38","modified_gmt":"2024-12-20T10:11:38","slug":"pflanzung-und-pflege-der-staudenpfingstrose","status":"publish","type":"page","link":"https:\/\/pfingstrosen-paradies.de\/en\/pflanzung-und-pflege-der-staudenpfingstrose\/","title":{"rendered":"Pflanzung und Pflege | Staudenpfingstrose"},"content":{"rendered":"<h1 class=\"wp-block-heading\">Pflanzung und Pflege der Staudenpfingstrose<\/h1>\n\n\n\n<hr class=\"wp-block-separator has-css-opacity is-style-wide\"\/>\n\n\n\n<p>Grunds\u00e4tzlich gilt f\u00fcr alle Pfingstrosen: Sie wollen m\u00f6glichst lange an ein und demselben Standort bleiben. Ein regelm\u00e4\u00dfiges Umpflanzen oder Teilen wie es bei zahlreichen anderen Stauden praktiziert wird, nehmen die Pfingstrosen sehr \u00fcbel und strafen es mit aussetzender Bl\u00fcte. Sie brauchen dann wieder, je nach Gr\u00f6\u00dfe der Teilst\u00fccke, 1-3 Jahre bis sie wieder zu ihrer vollen Leistung zur\u00fcckkehren.<\/p>\n\n\n\n<h2 class=\"wp-block-heading\" style=\"font-size:clamp(16.293px, 1.018rem + ((1vw - 3.2px) * 0.68), 25px);\">Wann ist die beste Pflanzzeit einer Staudenpfingstrose?<\/h2>\n\n\n\n<p>Gepflanzt werden k\u00f6nnen getopfte Pfingstrosen ganzj\u00e4hrig. G\u00e4ngigerweise werden Pfingstrosen auch im Herbst als wurzelnackte Teilst\u00fccke im Herbst gepflanzt. Vorteil hierbei, die Pflanzen wurzeln meist noch direkt ein und die Wahrscheinlichkeit, schon direkt im ersten Jahr eine leichte Bl\u00fcte zu erhalten, ist durchaus gegeben. Um die Pflanze aber nicht zu stark zu belasten, sollte man die Bl\u00fcte allenfalls kurz aufbl\u00fchen lassen und dann entfernen. Die Bl\u00fcte kostet viel Kraft, und die Pflanze wird es mit Sicherheit durch st\u00e4rkeren Bl\u00fctenflor im n\u00e4chsten Jahr danken. In der Regel besitzen die von uns gelieferten Teilst\u00fccke 3-5 Augen mit mehreren Wurzeln. Bei Teilst\u00fccken von alten Wurzelst\u00f6cken sollte man die Wurzeln auf 10 bis 15 cm L\u00e4nge eink\u00fcrzen. Dieses regt die Wurzelneubildung an. Bei Jungpflanzen ist dies nicht n\u00f6tig, da das Zellgewebe noch sehr teilungsfreudig und w\u00fcchsig ist. Wir liefern in jedem Fall Wurzelst\u00fccke, die f\u00fcr direktes Pflanzen aufbereitet sind.<\/p>\n\n\n\n<h2 class=\"wp-block-heading\" style=\"font-size:clamp(16.293px, 1.018rem + ((1vw - 3.2px) * 0.68), 25px);\">Wie tief d\u00fcrfen Staudenpfingstrosen gepflanzt werden?<\/h2>\n\n\n\n<p>Staudenp\u00e4onien d\u00fcrfen nicht zu tief gepflanzt werden, sonst haben sie Schwierigkeiten, sich zu etablieren und bl\u00fchen sehr schlecht. Gepflanzt wird so, dass die Augen ca. 3-5 cm tief im Boden sitzen. Dies ist tief genug. Man sagt, die Pflanze &#8222;soll die Glocken noch l\u00e4uten h\u00f6ren&#8220;. Sollten alte St\u00f6cke verpflanzt werden, so m\u00fcssen diese unbedingt geteilt und die Wurzeln eingek\u00fcrzt werden. Alte St\u00f6cke, als ganze Pflanze umgesetzt, bl\u00fchen oft nie wieder. Geteilt und verj\u00fcngt setzt die Bl\u00fcte aber nach 1 bis 2 Jahren wieder ein. Damit sich die Staudenp\u00e4onie optimal entfalten kann, sollte ihr etwa eine Fl\u00e4che von ungef\u00e4hr 1 m\u00b2 gegeben werden.<\/p>\n\n\n\n<figure class=\"wp-block-image size-large is-resized\"><a href=\"https:\/\/pfingstrosen-paradies.de\/wp-content\/uploads\/Pflanztiefe-Stauden.jpg\" data-rel=\"lightbox-gallery-q1dVDdBe\" data-magnific_type=\"image\" data-rl_title=\"\" data-rl_caption=\"Staudenp\u00e4onien pflanzen\" title=\"\"><img decoding=\"async\" width=\"1024\" height=\"724\" src=\"https:\/\/pfingstrosen-paradies.de\/wp-content\/uploads\/Pflanztiefe-Stauden-1024x724.jpg\" alt=\"Pfingstrosen richtig pflanzen\" class=\"wp-image-17192\" style=\"width:900px\" srcset=\"https:\/\/pfingstrosen-paradies.de\/wp-content\/uploads\/Pflanztiefe-Stauden-1024x724.jpg 1024w, https:\/\/pfingstrosen-paradies.de\/wp-content\/uploads\/Pflanztiefe-Stauden-300x212.jpg 300w, https:\/\/pfingstrosen-paradies.de\/wp-content\/uploads\/Pflanztiefe-Stauden-768x543.jpg 768w, https:\/\/pfingstrosen-paradies.de\/wp-content\/uploads\/Pflanztiefe-Stauden-18x12.jpg 18w, https:\/\/pfingstrosen-paradies.de\/wp-content\/uploads\/Pflanztiefe-Stauden-1200x848.jpg 1200w, https:\/\/pfingstrosen-paradies.de\/wp-content\/uploads\/Pflanztiefe-Stauden.jpg 1280w\" sizes=\"(max-width: 1024px) 100vw, 1024px\" \/><\/a><\/figure>\n\n\n\n<h2 class=\"wp-block-heading\" style=\"font-size:clamp(16.293px, 1.018rem + ((1vw - 3.2px) * 0.68), 25px);\">Welchen Boden brauchen P\u00e4onien?<\/h2>\n\n\n\n<p>Sogenannte Bodenverbesserungen mit Torf im Pflanzloch sollten unterbleiben. Der normale Humusgehalt im Boden ist absolut ausreichend und Torf kein Medium in dem Pfingstrosen wachsen wollen. Will man selber nicht z\u00fcchten, sollten grunds\u00e4tzlich die Samenst\u00e4nde nach der Bl\u00fcte entfernt werden. Der Samenansatz kostet die Pflanze viel Kraft. Die komplette Pflanze bei den Staudenp\u00e4onien wird ab Mitte September, wenn das Laub schon unansehnlich wird, kurz \u00fcber dem Boden abgeschnitten und vollst\u00e4ndig entfernt. Dies beugt von vornherein der M\u00f6glichkeit einer\u00dcbertragung von Krankheitserregern f\u00fcr das n\u00e4chste Jahr vor.<\/p>\n\n\n\n<h2 class=\"wp-block-heading\" style=\"font-size:clamp(16.293px, 1.018rem + ((1vw - 3.2px) * 0.68), 25px);\">Wann werden Staudenpfingstrosen zur\u00fcckgeschnitten?<\/h2>\n\n\n\n<p>Die komplette Pflanze bei den Staudenpfingstrosen wird im Herbst (ab Mitte September) kurz \u00fcber dem Boden abgeschnitten und vollst\u00e4ndig entfernt. Dieses beugt von vornherein der M\u00f6glichkeit einer \u00dcbertragung von Krankheitserregern f\u00fcr das n\u00e4chste Jahr vor. Sollten jedoch schon im Fr\u00fchjahr einzelne Stiele zu faulen beginnen, empfiehlt es sich diese direkt zu entfernen, um einer Pilzausbreitung vorzubeugen.<\/p>\n\n\n\n<h2 class=\"wp-block-heading\" style=\"font-size:clamp(16.293px, 1.018rem + ((1vw - 3.2px) * 0.68), 25px);\">Kann man Pfingstrosen dort pflanzen, wo vorher Pfingstrosen gestanden haben?<\/h2>\n\n\n\n<p>Grunds\u00e4tzlich sollte man keine Pfingstrosen auf dieselbe Stelle pflanzen, an der bereits Pfingstrosen im Vorfeld gestanden haben. Die sogenannte Bodenm\u00fcdigkeit f\u00fchrt zu einem K\u00fcmmerwuchs er neuen Pflanze. Sie wird sich nie vern\u00fcnftig an diesem Platz entwickeln. Sollte die Pflanzstelle im Vorfeld nur ein bis 2 Jahre mit einer Pfingstrose belegt gewesen sein, so ist eine Neupflanzung auf demselben Platz noch vertretbar. Aber es sollte das Erdreich vorsichtshalber gro\u00dfz\u00fcgig ausgetauscht werden. Dann wird auch die neue Pflanze sich gut entwickeln. Aber bei \u00e4lteren Anpflanzungen hilft auch ein Erdaustausch nicht mehr. Die Wurzeln der Pfingstrosen sind noch in solch tiefen Zonen zu finden, in denen man nicht mehr gr\u00e4bt. Die von der alten Pflanzen verbliebenen und nun verrottenden Wurzelreste bergen ein solch gro\u00dfes Krankheitspotential, da\u00df die jungen Wurzeln der neuen Pflanze sehr schnell infiziert werden. Die Pflanze mag durchaus die ersten 2 Jahre noch z\u00fcgig wachsen, aber sp\u00e4testens im 3. Jahr, wenn sie in die Zonen gelangt, in denen kein Bodenaustausch durchgef\u00fchrt worden ist, stellen sich die Wuchsdepressionen ein.<\/p>\n\n\n\n<h2 class=\"wp-block-heading\" style=\"font-size:clamp(16.293px, 1.018rem + ((1vw - 3.2px) * 0.68), 25px);\">K\u00f6nnen Pfingstrosen in einen Topf gepflanzt werden?<\/h2>\n\n\n\n<p>Grunds\u00e4tzlich eignet sich die Pfingstrose nicht als K\u00fcbelpflanze, sondern soll unbedingt im Freien ausgepflanzt werden, da die Wurzeln sehr tief in den Boden wachsen.<\/p>\n\n\n\n<h2 class=\"wp-block-heading\" style=\"font-size:clamp(16.293px, 1.018rem + ((1vw - 3.2px) * 0.68), 25px);\">Meine Pfingstrose bl\u00fcht nicht mehr, was kann ich tun?<\/h2>\n\n\n\n<p>Pfingstrosen k\u00f6nnen bis zu 100 Jahre alt werden, ohne Ihre Bl\u00fchfreudigkeit und W\u00fcchsigkeit zu verlieren. In manchen F\u00e4llen kann es nach einer Zeit trotzdem dazu kommen, dass die P\u00e4onie nicht mehr so will, wie fr\u00fcher. Dies kann eine Vielzahl von Gr\u00fcnden haben, die meist auf ver\u00e4nderte Umwelteinfl\u00fcsse zur\u00fcckzuf\u00fchren sind. Oft liegt es an ver\u00e4nderten Lichtverh\u00e4ltnissen. Staudenp\u00e4onien brauchen einen vollsonnigen Standort. Wird es \u00fcber die Jahre zu schattig, l\u00e4sst die Bl\u00fchfreudigkeit nach. Au\u00dferdem kann es durch Absacken des Erdreichs und wiederholter Mulchgabe dazu gekommen sein, dass die P\u00e4onien zu tief im Boden sitzen. Des weiteren bevorzugen die Pflanzen eher trockenere Standorte, ist der Boden der Pflanzstelle mittlerweile dauerhaft zu feucht kann es zu F\u00e4ulnis in der Wurzel kommen. Bei den zuvor genannten Gr\u00fcnden empfiehlt es sich die P\u00e4onie im Herbst vorsichtig auszugraben, im Bedarfsfall zu teilen und an einer neuen Stelle im Garten wieder einzupflanzen. Eine D\u00fcngergabe hilft meist nicht den Wuchs wieder anzuregen, sondern schadet den Pflanzen oft nur, da die Pflanze durch \u00fcberh\u00f6hte Stickstoffgaben zu weich und anf\u00e4llg wird.<\/p>\n\n\n\n<div style=\"height:100px\" aria-hidden=\"true\" class=\"wp-block-spacer\"><\/div>\n\n\n\n<figure class=\"wp-block-embed is-type-video is-provider-youtube wp-block-embed-youtube wp-embed-aspect-16-9 wp-has-aspect-ratio\"><div class=\"wp-block-embed__wrapper\">\n<iframe loading=\"lazy\" hcb-fetch-image-from=\"https:\/\/www.youtube.com\/watch?v=gJTj6sX8SUI&amp;t=3s\" title=\"Pfingstrosen (P\u00e4onien) pflanzen | Pfingstrosen-Paradies Tetzlaff\" width=\"1360\" height=\"765\" src=\"https:\/\/www.youtube.com\/embed\/gJTj6sX8SUI?start=3&#038;feature=oembed\" frameborder=\"0\" allow=\"accelerometer; autoplay; clipboard-write; encrypted-media; gyroscope; picture-in-picture; web-share\" referrerpolicy=\"strict-origin-when-cross-origin\" allowfullscreen><\/iframe>\n<\/div><figcaption class=\"wp-element-caption\">Unterschiede bei der Pflanzung verschiedener P\u00e4onien-Arten<\/figcaption><\/figure>","protected":false},"excerpt":{"rendered":"<p>Pflanzung und Pflege der Staudenpfingstrose Grunds\u00e4tzlich gilt f\u00fcr alle Pfingstrosen: Sie wollen m\u00f6glichst lange an ein und demselben Standort bleiben. Ein regelm\u00e4\u00dfiges Umpflanzen oder Teilen wie es bei zahlreichen anderen Stauden praktiziert wird, nehmen die Pfingstrosen sehr \u00fcbel und strafen es mit aussetzender Bl\u00fcte. Sie brauchen dann wieder, je nach Gr\u00f6\u00dfe der Teilst\u00fccke, 1-3 Jahre [&hellip;]<\/p>\n","protected":false},"author":2,"featured_media":17192,"parent":0,"menu_order":0,"comment_status":"closed","ping_status":"closed","template":"","meta":{"footnotes":""},"class_list":["post-421","page","type-page","status-publish","has-post-thumbnail","hentry"],"blocksy_meta":{"styles_descriptor":{"styles":{"desktop":"","tablet":"","mobile":""},"google_fonts":[],"version":6}},"featured_image_urls":{"full":["https:\/\/pfingstrosen-paradies.de\/wp-content\/uploads\/Pflanztiefe-Stauden.jpg",1280,905,false],"thumbnail":["https:\/\/pfingstrosen-paradies.de\/wp-content\/uploads\/Pflanztiefe-Stauden-150x150.jpg",150,150,true],"medium":["https:\/\/pfingstrosen-paradies.de\/wp-content\/uploads\/Pflanztiefe-Stauden-300x212.jpg",300,212,true],"medium_large":["https:\/\/pfingstrosen-paradies.de\/wp-content\/uploads\/Pflanztiefe-Stauden-768x543.jpg",768,543,true],"large":["https:\/\/pfingstrosen-paradies.de\/wp-content\/uploads\/Pflanztiefe-Stauden-1024x724.jpg",1024,724,true],"1536x1536":["https:\/\/pfingstrosen-paradies.de\/wp-content\/uploads\/Pflanztiefe-Stauden.jpg",1280,905,false],"2048x2048":["https:\/\/pfingstrosen-paradies.de\/wp-content\/uploads\/Pflanztiefe-Stauden.jpg",1280,905,false],"trp-custom-language-flag":["https:\/\/pfingstrosen-paradies.de\/wp-content\/uploads\/Pflanztiefe-Stauden-18x12.jpg",18,12,true],"ptam-block-post-grid-landscape":["https:\/\/pfingstrosen-paradies.de\/wp-content\/uploads\/Pflanztiefe-Stauden-600x400.jpg",600,400,true],"ptam-block-post-grid-square":["https:\/\/pfingstrosen-paradies.de\/wp-content\/uploads\/Pflanztiefe-Stauden-600x600.jpg",600,600,true],"ptam-block-post-grid-featured-landscape":["https:\/\/pfingstrosen-paradies.de\/wp-content\/uploads\/Pflanztiefe-Stauden-1000x600.jpg",1000,600,true],"woocommerce_archive_thumbnail":["https:\/\/pfingstrosen-paradies.de\/wp-content\/uploads\/Pflanztiefe-Stauden-400x350.jpg",400,350,true],"woocommerce_thumbnail":["https:\/\/pfingstrosen-paradies.de\/wp-content\/uploads\/Pflanztiefe-Stauden-400x350.jpg",400,350,true],"woocommerce_single":["https:\/\/pfingstrosen-paradies.de\/wp-content\/uploads\/Pflanztiefe-Stauden-1200x848.jpg",1200,848,true],"woocommerce_gallery_thumbnail":["https:\/\/pfingstrosen-paradies.de\/wp-content\/uploads\/Pflanztiefe-Stauden-100x100.jpg",100,100,true]},"post_excerpt_stackable":"<p>Pflanzung und Pflege der Staudenpfingstrose Grunds\u00e4tzlich gilt f\u00fcr alle Pfingstrosen: Sie wollen m\u00f6glichst lange an ein und demselben Standort bleiben. Ein regelm\u00e4\u00dfiges Umpflanzen oder Teilen wie es bei zahlreichen anderen Stauden praktiziert wird, nehmen die Pfingstrosen sehr \u00fcbel und strafen es mit aussetzender Bl\u00fcte. Sie brauchen dann wieder, je nach Gr\u00f6\u00dfe der Teilst\u00fccke, 1-3 Jahre bis sie wieder zu ihrer vollen Leistung zur\u00fcckkehren. Wann ist die beste Pflanzzeit einer Staudenpfingstrose? Gepflanzt werden k\u00f6nnen getopfte Pfingstrosen ganzj\u00e4hrig. G\u00e4ngigerweise werden Pfingstrosen auch im Herbst als wurzelnackte Teilst\u00fccke im Herbst gepflanzt. Vorteil hierbei, die Pflanzen wurzeln meist noch direkt ein und die Wahrscheinlichkeit,&hellip;<\/p>\n","category_list":"","author_info":{"name":"max","url":"https:\/\/pfingstrosen-paradies.de\/en\/author\/max\/"},"comments_num":"0 comments","featured_image_urls_v2":{"full":["https:\/\/pfingstrosen-paradies.de\/wp-content\/uploads\/Pflanztiefe-Stauden.jpg",1280,905,false],"thumbnail":["https:\/\/pfingstrosen-paradies.de\/wp-content\/uploads\/Pflanztiefe-Stauden-150x150.jpg",150,150,true],"medium":["https:\/\/pfingstrosen-paradies.de\/wp-content\/uploads\/Pflanztiefe-Stauden-300x212.jpg",300,212,true],"medium_large":["https:\/\/pfingstrosen-paradies.de\/wp-content\/uploads\/Pflanztiefe-Stauden-768x543.jpg",768,543,true],"large":["https:\/\/pfingstrosen-paradies.de\/wp-content\/uploads\/Pflanztiefe-Stauden-1024x724.jpg",1024,724,true],"1536x1536":["https:\/\/pfingstrosen-paradies.de\/wp-content\/uploads\/Pflanztiefe-Stauden.jpg",1280,905,false],"2048x2048":["https:\/\/pfingstrosen-paradies.de\/wp-content\/uploads\/Pflanztiefe-Stauden.jpg",1280,905,false],"trp-custom-language-flag":["https:\/\/pfingstrosen-paradies.de\/wp-content\/uploads\/Pflanztiefe-Stauden-18x12.jpg",18,12,true],"ptam-block-post-grid-landscape":["https:\/\/pfingstrosen-paradies.de\/wp-content\/uploads\/Pflanztiefe-Stauden-600x400.jpg",600,400,true],"ptam-block-post-grid-square":["https:\/\/pfingstrosen-paradies.de\/wp-content\/uploads\/Pflanztiefe-Stauden-600x600.jpg",600,600,true],"ptam-block-post-grid-featured-landscape":["https:\/\/pfingstrosen-paradies.de\/wp-content\/uploads\/Pflanztiefe-Stauden-1000x600.jpg",1000,600,true],"woocommerce_archive_thumbnail":["https:\/\/pfingstrosen-paradies.de\/wp-content\/uploads\/Pflanztiefe-Stauden-400x350.jpg",400,350,true],"woocommerce_thumbnail":["https:\/\/pfingstrosen-paradies.de\/wp-content\/uploads\/Pflanztiefe-Stauden-400x350.jpg",400,350,true],"woocommerce_single":["https:\/\/pfingstrosen-paradies.de\/wp-content\/uploads\/Pflanztiefe-Stauden-1200x848.jpg",1200,848,true],"woocommerce_gallery_thumbnail":["https:\/\/pfingstrosen-paradies.de\/wp-content\/uploads\/Pflanztiefe-Stauden-100x100.jpg",100,100,true]},"post_excerpt_stackable_v2":"<p>Pflanzung und Pflege der Staudenpfingstrose Grunds\u00e4tzlich gilt f\u00fcr alle Pfingstrosen: Sie wollen m\u00f6glichst lange an ein und demselben Standort bleiben. Ein regelm\u00e4\u00dfiges Umpflanzen oder Teilen wie es bei zahlreichen anderen Stauden praktiziert wird, nehmen die Pfingstrosen sehr \u00fcbel und strafen es mit aussetzender Bl\u00fcte. Sie brauchen dann wieder, je nach Gr\u00f6\u00dfe der Teilst\u00fccke, 1-3 Jahre bis sie wieder zu ihrer vollen Leistung zur\u00fcckkehren. Wann ist die beste Pflanzzeit einer Staudenpfingstrose? Gepflanzt werden k\u00f6nnen getopfte Pfingstrosen ganzj\u00e4hrig. G\u00e4ngigerweise werden Pfingstrosen auch im Herbst als wurzelnackte Teilst\u00fccke im Herbst gepflanzt. Vorteil hierbei, die Pflanzen wurzeln meist noch direkt ein und die Wahrscheinlichkeit,&hellip;<\/p>\n","category_list_v2":"","author_info_v2":{"name":"max","url":"https:\/\/pfingstrosen-paradies.de\/en\/author\/max\/"},"comments_num_v2":"0 comments","yoast_head":"<!-- This site is optimized with the Yoast SEO plugin v27.3 - https:\/\/yoast.com\/product\/yoast-seo-wordpress\/ -->\n<title>Pflanzung und Pflege | Staudenpfingstrose | Pfingstrosen-Paradies Tetzlaff<\/title>\n<meta name=\"description\" content=\"Pflanzung und Pflege der Staudenpfingstrose Grunds\u00e4tzlich gilt f\u00fcr alle Pfingstrosen: Sie wollen m\u00f6glichst lange an ein und demselben Standort bleiben.\" \/>\n<meta name=\"robots\" content=\"index, follow, max-snippet:-1, max-image-preview:large, max-video-preview:-1\" \/>\n<link rel=\"canonical\" href=\"https:\/\/pfingstrosen-paradies.de\/en\/pflanzung-und-pflege-der-staudenpfingstrose\/\" \/>\n<meta property=\"og:locale\" content=\"en_GB\" \/>\n<meta property=\"og:type\" content=\"article\" \/>\n<meta property=\"og:title\" content=\"Pflanzung und Pflege | Staudenpfingstrose | Pfingstrosen-Paradies Tetzlaff\" \/>\n<meta property=\"og:description\" content=\"Pflanzung und Pflege der Staudenpfingstrose Grunds\u00e4tzlich gilt f\u00fcr alle Pfingstrosen: Sie wollen m\u00f6glichst lange an ein und demselben Standort bleiben.\" \/>\n<meta property=\"og:url\" content=\"https:\/\/pfingstrosen-paradies.de\/en\/pflanzung-und-pflege-der-staudenpfingstrose\/\" \/>\n<meta property=\"og:site_name\" content=\"Pfingstrosen-Paradies\" \/>\n<meta property=\"article:modified_time\" content=\"2024-12-20T10:11:38+00:00\" \/>\n<meta property=\"og:image\" content=\"https:\/\/pfingstrosen-paradies.de\/wp-content\/uploads\/Pflanztiefe-Stauden.jpg\" \/>\n\t<meta property=\"og:image:width\" content=\"1280\" \/>\n\t<meta property=\"og:image:height\" content=\"905\" \/>\n\t<meta property=\"og:image:type\" content=\"image\/jpeg\" \/>\n<meta name=\"twitter:card\" content=\"summary_large_image\" \/>\n<meta name=\"twitter:label1\" content=\"Estimated reading time\" \/>\n\t<meta name=\"twitter:data1\" content=\"6 minutes\" \/>\n<script type=\"application\/ld+json\" class=\"yoast-schema-graph\">{\"@context\":\"https:\\\/\\\/schema.org\",\"@graph\":[{\"@type\":\"WebPage\",\"@id\":\"https:\\\/\\\/pfingstrosen-paradies.de\\\/pflanzung-und-pflege-der-staudenpfingstrose\\\/\",\"url\":\"https:\\\/\\\/pfingstrosen-paradies.de\\\/pflanzung-und-pflege-der-staudenpfingstrose\\\/\",\"name\":\"Pflanzung und Pflege | Staudenpfingstrose | Pfingstrosen-Paradies Tetzlaff\",\"isPartOf\":{\"@id\":\"https:\\\/\\\/pfingstrosen-paradies.de\\\/#website\"},\"primaryImageOfPage\":{\"@id\":\"https:\\\/\\\/pfingstrosen-paradies.de\\\/pflanzung-und-pflege-der-staudenpfingstrose\\\/#primaryimage\"},\"image\":{\"@id\":\"https:\\\/\\\/pfingstrosen-paradies.de\\\/pflanzung-und-pflege-der-staudenpfingstrose\\\/#primaryimage\"},\"thumbnailUrl\":\"https:\\\/\\\/pfingstrosen-paradies.de\\\/wp-content\\\/uploads\\\/Pflanztiefe-Stauden.jpg\",\"datePublished\":\"2021-03-17T22:24:54+00:00\",\"dateModified\":\"2024-12-20T10:11:38+00:00\",\"description\":\"Pflanzung und Pflege der Staudenpfingstrose Grunds\u00e4tzlich gilt f\u00fcr alle Pfingstrosen: Sie wollen m\u00f6glichst lange an ein und demselben Standort bleiben.\",\"breadcrumb\":{\"@id\":\"https:\\\/\\\/pfingstrosen-paradies.de\\\/pflanzung-und-pflege-der-staudenpfingstrose\\\/#breadcrumb\"},\"inLanguage\":\"en-GB\",\"potentialAction\":[{\"@type\":\"ReadAction\",\"target\":[\"https:\\\/\\\/pfingstrosen-paradies.de\\\/pflanzung-und-pflege-der-staudenpfingstrose\\\/\"]}]},{\"@type\":\"ImageObject\",\"inLanguage\":\"en-GB\",\"@id\":\"https:\\\/\\\/pfingstrosen-paradies.de\\\/pflanzung-und-pflege-der-staudenpfingstrose\\\/#primaryimage\",\"url\":\"https:\\\/\\\/pfingstrosen-paradies.de\\\/wp-content\\\/uploads\\\/Pflanztiefe-Stauden.jpg\",\"contentUrl\":\"https:\\\/\\\/pfingstrosen-paradies.de\\\/wp-content\\\/uploads\\\/Pflanztiefe-Stauden.jpg\",\"width\":1280,\"height\":905,\"caption\":\"Staudenp\u00e4onien pflanzen\"},{\"@type\":\"BreadcrumbList\",\"@id\":\"https:\\\/\\\/pfingstrosen-paradies.de\\\/pflanzung-und-pflege-der-staudenpfingstrose\\\/#breadcrumb\",\"itemListElement\":[{\"@type\":\"ListItem\",\"position\":1,\"name\":\"Start\",\"item\":\"https:\\\/\\\/pfingstrosen-paradies.de\\\/\"},{\"@type\":\"ListItem\",\"position\":2,\"name\":\"Pflanzung und Pflege | Staudenpfingstrose\"}]},{\"@type\":\"WebSite\",\"@id\":\"https:\\\/\\\/pfingstrosen-paradies.de\\\/#website\",\"url\":\"https:\\\/\\\/pfingstrosen-paradies.de\\\/\",\"name\":\"Pfingstrosen-Paradies\",\"description\":\"Fachg\u00e4rtnerei f\u00fcr Pfingstrosen\",\"publisher\":{\"@id\":\"https:\\\/\\\/pfingstrosen-paradies.de\\\/#organization\"},\"potentialAction\":[{\"@type\":\"SearchAction\",\"target\":{\"@type\":\"EntryPoint\",\"urlTemplate\":\"https:\\\/\\\/pfingstrosen-paradies.de\\\/?s={search_term_string}\"},\"query-input\":{\"@type\":\"PropertyValueSpecification\",\"valueRequired\":true,\"valueName\":\"search_term_string\"}}],\"inLanguage\":\"en-GB\"},{\"@type\":\"Organization\",\"@id\":\"https:\\\/\\\/pfingstrosen-paradies.de\\\/#organization\",\"name\":\"Pfingstrosen-Paradies\",\"url\":\"https:\\\/\\\/pfingstrosen-paradies.de\\\/\",\"logo\":{\"@type\":\"ImageObject\",\"inLanguage\":\"en-GB\",\"@id\":\"https:\\\/\\\/pfingstrosen-paradies.de\\\/#\\\/schema\\\/logo\\\/image\\\/\",\"url\":\"https:\\\/\\\/pfingstrosen-paradies.de\\\/wp-content\\\/uploads\\\/2021\\\/02\\\/logo-pfingstrosen.png\",\"contentUrl\":\"https:\\\/\\\/pfingstrosen-paradies.de\\\/wp-content\\\/uploads\\\/2021\\\/02\\\/logo-pfingstrosen.png\",\"width\":1568,\"height\":366,\"caption\":\"Pfingstrosen-Paradies\"},\"image\":{\"@id\":\"https:\\\/\\\/pfingstrosen-paradies.de\\\/#\\\/schema\\\/logo\\\/image\\\/\"}}]}<\/script>\n<!-- \/ Yoast SEO plugin. -->","yoast_head_json":{"title":"Pflanzung und Pflege | Staudenpfingstrose | Pfingstrosen-Paradies Tetzlaff","description":"Pflanzung und Pflege der Staudenpfingstrose Grunds\u00e4tzlich gilt f\u00fcr alle Pfingstrosen: Sie wollen m\u00f6glichst lange an ein und demselben Standort bleiben.","robots":{"index":"index","follow":"follow","max-snippet":"max-snippet:-1","max-image-preview":"max-image-preview:large","max-video-preview":"max-video-preview:-1"},"canonical":"https:\/\/pfingstrosen-paradies.de\/en\/pflanzung-und-pflege-der-staudenpfingstrose\/","og_locale":"en_GB","og_type":"article","og_title":"Pflanzung und Pflege | Staudenpfingstrose | Pfingstrosen-Paradies Tetzlaff","og_description":"Pflanzung und Pflege der Staudenpfingstrose Grunds\u00e4tzlich gilt f\u00fcr alle Pfingstrosen: Sie wollen m\u00f6glichst lange an ein und demselben Standort bleiben.","og_url":"https:\/\/pfingstrosen-paradies.de\/en\/pflanzung-und-pflege-der-staudenpfingstrose\/","og_site_name":"Pfingstrosen-Paradies","article_modified_time":"2024-12-20T10:11:38+00:00","og_image":[{"width":1280,"height":905,"url":"https:\/\/pfingstrosen-paradies.de\/wp-content\/uploads\/Pflanztiefe-Stauden.jpg","type":"image\/jpeg"}],"twitter_card":"summary_large_image","twitter_misc":{"Estimated reading time":"6 minutes"},"schema":{"@context":"https:\/\/schema.org","@graph":[{"@type":"WebPage","@id":"https:\/\/pfingstrosen-paradies.de\/pflanzung-und-pflege-der-staudenpfingstrose\/","url":"https:\/\/pfingstrosen-paradies.de\/pflanzung-und-pflege-der-staudenpfingstrose\/","name":"Pflanzung und Pflege | Staudenpfingstrose | Pfingstrosen-Paradies Tetzlaff","isPartOf":{"@id":"https:\/\/pfingstrosen-paradies.de\/#website"},"primaryImageOfPage":{"@id":"https:\/\/pfingstrosen-paradies.de\/pflanzung-und-pflege-der-staudenpfingstrose\/#primaryimage"},"image":{"@id":"https:\/\/pfingstrosen-paradies.de\/pflanzung-und-pflege-der-staudenpfingstrose\/#primaryimage"},"thumbnailUrl":"https:\/\/pfingstrosen-paradies.de\/wp-content\/uploads\/Pflanztiefe-Stauden.jpg","datePublished":"2021-03-17T22:24:54+00:00","dateModified":"2024-12-20T10:11:38+00:00","description":"Pflanzung und Pflege der Staudenpfingstrose Grunds\u00e4tzlich gilt f\u00fcr alle Pfingstrosen: Sie wollen m\u00f6glichst lange an ein und demselben Standort bleiben.","breadcrumb":{"@id":"https:\/\/pfingstrosen-paradies.de\/pflanzung-und-pflege-der-staudenpfingstrose\/#breadcrumb"},"inLanguage":"en-GB","potentialAction":[{"@type":"ReadAction","target":["https:\/\/pfingstrosen-paradies.de\/pflanzung-und-pflege-der-staudenpfingstrose\/"]}]},{"@type":"ImageObject","inLanguage":"en-GB","@id":"https:\/\/pfingstrosen-paradies.de\/pflanzung-und-pflege-der-staudenpfingstrose\/#primaryimage","url":"https:\/\/pfingstrosen-paradies.de\/wp-content\/uploads\/Pflanztiefe-Stauden.jpg","contentUrl":"https:\/\/pfingstrosen-paradies.de\/wp-content\/uploads\/Pflanztiefe-Stauden.jpg","width":1280,"height":905,"caption":"Staudenp\u00e4onien pflanzen"},{"@type":"BreadcrumbList","@id":"https:\/\/pfingstrosen-paradies.de\/pflanzung-und-pflege-der-staudenpfingstrose\/#breadcrumb","itemListElement":[{"@type":"ListItem","position":1,"name":"Start","item":"https:\/\/pfingstrosen-paradies.de\/"},{"@type":"ListItem","position":2,"name":"Pflanzung und Pflege | Staudenpfingstrose"}]},{"@type":"WebSite","@id":"https:\/\/pfingstrosen-paradies.de\/#website","url":"https:\/\/pfingstrosen-paradies.de\/","name":"Pfingstrosen-Paradies","description":"Fachg\u00e4rtnerei f\u00fcr Pfingstrosen","publisher":{"@id":"https:\/\/pfingstrosen-paradies.de\/#organization"},"potentialAction":[{"@type":"SearchAction","target":{"@type":"EntryPoint","urlTemplate":"https:\/\/pfingstrosen-paradies.de\/?s={search_term_string}"},"query-input":{"@type":"PropertyValueSpecification","valueRequired":true,"valueName":"search_term_string"}}],"inLanguage":"en-GB"},{"@type":"Organization","@id":"https:\/\/pfingstrosen-paradies.de\/#organization","name":"Pfingstrosen-Paradies","url":"https:\/\/pfingstrosen-paradies.de\/","logo":{"@type":"ImageObject","inLanguage":"en-GB","@id":"https:\/\/pfingstrosen-paradies.de\/#\/schema\/logo\/image\/","url":"https:\/\/pfingstrosen-paradies.de\/wp-content\/uploads\/2021\/02\/logo-pfingstrosen.png","contentUrl":"https:\/\/pfingstrosen-paradies.de\/wp-content\/uploads\/2021\/02\/logo-pfingstrosen.png","width":1568,"height":366,"caption":"Pfingstrosen-Paradies"},"image":{"@id":"https:\/\/pfingstrosen-paradies.de\/#\/schema\/logo\/image\/"}}]}},"_links":{"self":[{"href":"https:\/\/pfingstrosen-paradies.de\/en\/wp-json\/wp\/v2\/pages\/421","targetHints":{"allow":["GET"]}}],"collection":[{"href":"https:\/\/pfingstrosen-paradies.de\/en\/wp-json\/wp\/v2\/pages"}],"about":[{"href":"https:\/\/pfingstrosen-paradies.de\/en\/wp-json\/wp\/v2\/types\/page"}],"author":[{"embeddable":true,"href":"https:\/\/pfingstrosen-paradies.de\/en\/wp-json\/wp\/v2\/users\/2"}],"replies":[{"embeddable":true,"href":"https:\/\/pfingstrosen-paradies.de\/en\/wp-json\/wp\/v2\/comments?post=421"}],"version-history":[{"count":0,"href":"https:\/\/pfingstrosen-paradies.de\/en\/wp-json\/wp\/v2\/pages\/421\/revisions"}],"wp:featuredmedia":[{"embeddable":true,"href":"https:\/\/pfingstrosen-paradies.de\/en\/wp-json\/wp\/v2\/media\/17192"}],"wp:attachment":[{"href":"https:\/\/pfingstrosen-paradies.de\/en\/wp-json\/wp\/v2\/media?parent=421"}],"curies":[{"name":"wp","href":"https:\/\/api.w.org\/{rel}","templated":true}]}}