{"id":431,"date":"2021-03-17T23:36:15","date_gmt":"2021-03-17T22:36:15","guid":{"rendered":"https:\/\/pfingstrosen-paradies.de\/?page_id=431"},"modified":"2022-02-08T15:34:04","modified_gmt":"2022-02-08T14:34:04","slug":"itoh-hybriden-beschreibung","status":"publish","type":"page","link":"https:\/\/pfingstrosen-paradies.de\/en\/itoh-hybriden-beschreibung\/","title":{"rendered":"Itoh &#8211; Hybriden | Beschreibung"},"content":{"rendered":"<h1 class=\"wp-block-heading\" id=\"itoh-hybriden-beschreibung\">Itoh-Hybriden &#8211; Beschreibung<\/h1>\n\n\n\n<p>Diese neuen Mitglieder der Pfingstrosenfamilie sind aus Kreuzungen zwischen P. lactiflora x P. lutea-Hybriden hervorgegangen. Als erstem Z\u00fcchter gelang dies dem Japaner Toichi Itoh in den 1950er Jahren.<\/p>\n\n\n\n<p>Deshalb werden die Pflanzen aus diesen Kreuzungen auch oft Itoh-Hybriden genannt. Bis dahin hatte man ein Kreuzung beider Pfingstrosenarten miteinander f\u00fcr unm\u00f6glich gehalten, da v\u00f6llig unterschiedliche Chromosomens\u00e4tze diese eigentlich ausschlie\u00dfen.<\/p>\n\n\n\n<p>Korrekterweise d\u00fcrfte man hierzu aber nur die eigentlichen Itoh-Kreuzungen z\u00e4hlen. Die ganze Gruppe dieser Pflanzen bezeichnet man als Interspezifische- oder Intersektionelle-Hybriden. Mittlerweile hat sich aber der Begriff &#8222;Itoh-Hybriden&#8220; f\u00fcr die gesamte Gruppe durchgesetzt, den wir auch verwenden wollen. Erst mit diesem Z\u00fcchtungserfolg ist es gelungen, Bl\u00fctenfarben und Bl\u00fctengr\u00f6\u00dfen der Strauchpfingstrosen mit dem Wuchs der Staudenpfingstrosen zu kombinieren.<\/p>\n\n\n\n<p>Toichi Itoh selber hat seine Pflanzen nie bl\u00fchen sehen. Bevor seine S\u00e4mlinge gro\u00df genug waren um Bl\u00fcten zu produzieren, starb er. Die S\u00e4mlinge gelangten dann in die USA von wo aus der weltweite Siegeszug dieser Pflanzen begann.<br>Diese Pflanzen sind wesentlich robuster als die Strauch- und die Staudenpfingstrosen. Der Wuchs der I-Hybriden \u00e4hnelt dem der Strauchpfingstrosen.<\/p>\n\n\n\n<p>Allerdings ziehen die Pflanzen jeden Herbst ein, wie es von den Stauden her bekannt ist. In milden Wintern bleibt aber durchaus auch etwas Holz stehen, aus welchem die Pflanzen dann neben den Bodentrieben ebenfalls austreiben. Die neueren amerikanischen Sorten sind gegen\u00fcber den Itoh-Sorten wesentlich schnellw\u00fcchsiger und h\u00f6her in der Entwicklung. Leider ist es bis heute noch nicht gelungen, die Sterilit\u00e4t dieser Pflanzen f\u00fcr weiter gehende Z\u00fcchtungen zu durchbrechen. Gelegentlich setzen sie zwar Samen an, diese sind aber bis zum heutigen Tage alle taub.<\/p>\n\n\n\n<p>Die Itoh-Hybriden zeichnen sich durch eine verz\u00f6gerte Bl\u00fcte aus. Das hei\u00dft, die Bl\u00fcten \u00f6ffnen sich nicht wie bei den Strauch- oder Staudenp\u00e4onien alle ziemlich konzentriert, sondern bl\u00fchen etwas versetzt auf. Hierdurch wird die Bl\u00fctezeit verl\u00e4ngert. Gelegentlich bl\u00fchen die Itoh-Hybriden auch im Sp\u00e4tsommer mit vereinzelten Bl\u00fcten nach. Diese Bl\u00fcten sind dann meist wesentlich st\u00e4rker gef\u00fcllt als die Bl\u00fcten im Fr\u00fchjahr. Alle I-Hybriden halten ihr dekoratives Laub sehr lange im Herbst. Die Itoh-Hybriden zeichnen sich durch eine ausgesprochen gute Gesundheit und sehr kr\u00e4ftige W\u00fcchsigkeit aus. Auch an f\u00fcr Strauchpfingstrosen suboptimalen Standorten ist es m\u00f6glich durch diese Gruppe von P\u00e4onien eine attraktive \u201eStrauchpfingstrosenbl\u00fcte\u201c zu erzielen.<br>Die bei den einzelnen Sorten angegebenen Bl\u00fctezeitpunkte sind folgenderma\u00dfen zu verstehen:<br>mittel (Mitte Mai)<br>sp\u00e4t (Ende Mai, Anfang Juni)<br>Die Itoh-Sorten sind im Gegensatz zu den \u00fcbrigen Sorten deutlich niedriger. Dies liegt an den zur Z\u00fcchtung verwandten Kreuzungssorten <strong>Kakoden<\/strong> (P. lact.) x <strong>Alice Harding<\/strong> (P. lutea-Hybr.). Beide Sorten sind kompakt wachsend.<\/p>\n\n\n\n<p>Da es sich bei den meisten Sorten um noch recht junge Z\u00fcchtungen handelt und die St\u00fcckzahlen noch sehr gering sind, sind auch Sorten aufgef\u00fchrt, die leider zur Zeit noch nicht k\u00e4uflich zu erwerben sind. Allerdings sollen die Bilder zeigen, was bei dieser Z\u00fcchtung alles m\u00f6glich ist und was die Zukunft uns noch bringen kann.<\/p>\n\n\n\n<div style=\"height:100px\" aria-hidden=\"true\" class=\"wp-block-spacer\"><\/div>\n\n\n\n<hr class=\"wp-block-separator is-style-wide\"\/>\n\n\n\n<p><strong><span style=\"color: var(--theme-palette-color-1, #c22365);\" class=\"stk-highlight\">Itoh-Hybriden &#8211; Beschreibung<\/span> | <a href=\"\/en\/product-category\/itoh-hybriden\/\">Assortment<\/a> | <a href=\"\/en\/pflanzung-und-pflege-itoh-hybride\/\">Plant and Care<\/a> | <a href=\"\/en\/standort-und-duengung-itoh-hybriden\/\">Culture and Fertilization<\/a><\/strong><\/p>","protected":false},"excerpt":{"rendered":"<p>Itoh-Hybriden &#8211; Beschreibung Diese neuen Mitglieder der Pfingstrosenfamilie sind aus Kreuzungen zwischen P. lactiflora x P. lutea-Hybriden hervorgegangen. Als erstem Z\u00fcchter gelang dies dem Japaner Toichi Itoh in den 1950er Jahren. Deshalb werden die Pflanzen aus diesen Kreuzungen auch oft Itoh-Hybriden genannt. Bis dahin hatte man ein Kreuzung beider Pfingstrosenarten miteinander f\u00fcr unm\u00f6glich gehalten, da [&hellip;]<\/p>\n","protected":false},"author":2,"featured_media":0,"parent":0,"menu_order":0,"comment_status":"closed","ping_status":"closed","template":"","meta":{"footnotes":""},"class_list":["post-431","page","type-page","status-publish","hentry"],"blocksy_meta":{"styles_descriptor":{"styles":{"desktop":"","tablet":"","mobile":""},"google_fonts":[],"version":6}},"featured_image_urls":{"full":"","thumbnail":"","medium":"","medium_large":"","large":"","1536x1536":"","2048x2048":"","trp-custom-language-flag":"","ptam-block-post-grid-landscape":"","ptam-block-post-grid-square":"","ptam-block-post-grid-featured-landscape":"","woocommerce_archive_thumbnail":"","woocommerce_thumbnail":"","woocommerce_single":"","woocommerce_gallery_thumbnail":""},"post_excerpt_stackable":"<p>Itoh-Hybriden &#8211; Beschreibung Diese neuen Mitglieder der Pfingstrosenfamilie sind aus Kreuzungen zwischen P. lactiflora x P. lutea-Hybriden hervorgegangen. Als erstem Z\u00fcchter gelang dies dem Japaner Toichi Itoh in den 1950er Jahren. Deshalb werden die Pflanzen aus diesen Kreuzungen auch oft Itoh-Hybriden genannt. Bis dahin hatte man ein Kreuzung beider Pfingstrosenarten miteinander f\u00fcr unm\u00f6glich gehalten, da v\u00f6llig unterschiedliche Chromosomens\u00e4tze diese eigentlich ausschlie\u00dfen. Korrekterweise d\u00fcrfte man hierzu aber nur die eigentlichen Itoh-Kreuzungen z\u00e4hlen. Die ganze Gruppe dieser Pflanzen bezeichnet man als Interspezifische- oder Intersektionelle-Hybriden. Mittlerweile hat sich aber der Begriff &#8222;Itoh-Hybriden&#8220; f\u00fcr die gesamte Gruppe durchgesetzt, den wir auch verwenden wollen. Erst&hellip;<\/p>\n","category_list":"","author_info":{"name":"max","url":"https:\/\/pfingstrosen-paradies.de\/en\/author\/max\/"},"comments_num":"0 comments","featured_image_urls_v2":{"full":"","thumbnail":"","medium":"","medium_large":"","large":"","1536x1536":"","2048x2048":"","trp-custom-language-flag":"","ptam-block-post-grid-landscape":"","ptam-block-post-grid-square":"","ptam-block-post-grid-featured-landscape":"","woocommerce_archive_thumbnail":"","woocommerce_thumbnail":"","woocommerce_single":"","woocommerce_gallery_thumbnail":""},"post_excerpt_stackable_v2":"<p>Itoh-Hybriden &#8211; Beschreibung Diese neuen Mitglieder der Pfingstrosenfamilie sind aus Kreuzungen zwischen P. lactiflora x P. lutea-Hybriden hervorgegangen. Als erstem Z\u00fcchter gelang dies dem Japaner Toichi Itoh in den 1950er Jahren. Deshalb werden die Pflanzen aus diesen Kreuzungen auch oft Itoh-Hybriden genannt. Bis dahin hatte man ein Kreuzung beider Pfingstrosenarten miteinander f\u00fcr unm\u00f6glich gehalten, da v\u00f6llig unterschiedliche Chromosomens\u00e4tze diese eigentlich ausschlie\u00dfen. Korrekterweise d\u00fcrfte man hierzu aber nur die eigentlichen Itoh-Kreuzungen z\u00e4hlen. Die ganze Gruppe dieser Pflanzen bezeichnet man als Interspezifische- oder Intersektionelle-Hybriden. Mittlerweile hat sich aber der Begriff &#8222;Itoh-Hybriden&#8220; f\u00fcr die gesamte Gruppe durchgesetzt, den wir auch verwenden wollen. Erst&hellip;<\/p>\n","category_list_v2":"","author_info_v2":{"name":"max","url":"https:\/\/pfingstrosen-paradies.de\/en\/author\/max\/"},"comments_num_v2":"0 comments","yoast_head":"<!-- This site is optimized with the Yoast SEO plugin v27.3 - https:\/\/yoast.com\/product\/yoast-seo-wordpress\/ -->\n<title>Itoh - Hybriden | Beschreibung | Pfingstrosen-Paradies Tetzlaff<\/title>\n<meta name=\"description\" content=\"Itoh-Hybriden - Beschreibung Diese neuen Mitglieder der Pfingstrosenfamilie sind aus Kreuzungen zwischen P. lactiflora x P. lutea-Hybriden hervorgegangen.\" \/>\n<meta name=\"robots\" content=\"index, follow, max-snippet:-1, max-image-preview:large, max-video-preview:-1\" \/>\n<link rel=\"canonical\" href=\"https:\/\/pfingstrosen-paradies.de\/en\/itoh-hybriden-beschreibung\/\" \/>\n<meta property=\"og:locale\" content=\"en_GB\" \/>\n<meta property=\"og:type\" content=\"article\" \/>\n<meta property=\"og:title\" content=\"Itoh - Hybriden | Beschreibung | Pfingstrosen-Paradies Tetzlaff\" \/>\n<meta property=\"og:description\" content=\"Itoh-Hybriden - Beschreibung Diese neuen Mitglieder der Pfingstrosenfamilie sind aus Kreuzungen zwischen P. lactiflora x P. lutea-Hybriden hervorgegangen.\" \/>\n<meta property=\"og:url\" content=\"https:\/\/pfingstrosen-paradies.de\/en\/itoh-hybriden-beschreibung\/\" \/>\n<meta property=\"og:site_name\" content=\"Pfingstrosen-Paradies\" \/>\n<meta property=\"article:modified_time\" content=\"2022-02-08T14:34:04+00:00\" \/>\n<meta name=\"twitter:card\" content=\"summary_large_image\" \/>\n<meta name=\"twitter:label1\" content=\"Estimated reading time\" \/>\n\t<meta name=\"twitter:data1\" content=\"3 minutes\" \/>\n<script type=\"application\/ld+json\" class=\"yoast-schema-graph\">{\"@context\":\"https:\\\/\\\/schema.org\",\"@graph\":[{\"@type\":\"WebPage\",\"@id\":\"https:\\\/\\\/pfingstrosen-paradies.de\\\/itoh-hybriden-beschreibung\\\/\",\"url\":\"https:\\\/\\\/pfingstrosen-paradies.de\\\/itoh-hybriden-beschreibung\\\/\",\"name\":\"Itoh - Hybriden | Beschreibung | Pfingstrosen-Paradies Tetzlaff\",\"isPartOf\":{\"@id\":\"https:\\\/\\\/pfingstrosen-paradies.de\\\/#website\"},\"datePublished\":\"2021-03-17T22:36:15+00:00\",\"dateModified\":\"2022-02-08T14:34:04+00:00\",\"description\":\"Itoh-Hybriden - Beschreibung Diese neuen Mitglieder der Pfingstrosenfamilie sind aus Kreuzungen zwischen P. lactiflora x P. lutea-Hybriden hervorgegangen.\",\"breadcrumb\":{\"@id\":\"https:\\\/\\\/pfingstrosen-paradies.de\\\/itoh-hybriden-beschreibung\\\/#breadcrumb\"},\"inLanguage\":\"en-GB\",\"potentialAction\":[{\"@type\":\"ReadAction\",\"target\":[\"https:\\\/\\\/pfingstrosen-paradies.de\\\/itoh-hybriden-beschreibung\\\/\"]}]},{\"@type\":\"BreadcrumbList\",\"@id\":\"https:\\\/\\\/pfingstrosen-paradies.de\\\/itoh-hybriden-beschreibung\\\/#breadcrumb\",\"itemListElement\":[{\"@type\":\"ListItem\",\"position\":1,\"name\":\"Start\",\"item\":\"https:\\\/\\\/pfingstrosen-paradies.de\\\/\"},{\"@type\":\"ListItem\",\"position\":2,\"name\":\"Itoh &#8211; Hybriden | Beschreibung\"}]},{\"@type\":\"WebSite\",\"@id\":\"https:\\\/\\\/pfingstrosen-paradies.de\\\/#website\",\"url\":\"https:\\\/\\\/pfingstrosen-paradies.de\\\/\",\"name\":\"Pfingstrosen-Paradies\",\"description\":\"Fachg\u00e4rtnerei f\u00fcr Pfingstrosen\",\"publisher\":{\"@id\":\"https:\\\/\\\/pfingstrosen-paradies.de\\\/#organization\"},\"potentialAction\":[{\"@type\":\"SearchAction\",\"target\":{\"@type\":\"EntryPoint\",\"urlTemplate\":\"https:\\\/\\\/pfingstrosen-paradies.de\\\/?s={search_term_string}\"},\"query-input\":{\"@type\":\"PropertyValueSpecification\",\"valueRequired\":true,\"valueName\":\"search_term_string\"}}],\"inLanguage\":\"en-GB\"},{\"@type\":\"Organization\",\"@id\":\"https:\\\/\\\/pfingstrosen-paradies.de\\\/#organization\",\"name\":\"Pfingstrosen-Paradies\",\"url\":\"https:\\\/\\\/pfingstrosen-paradies.de\\\/\",\"logo\":{\"@type\":\"ImageObject\",\"inLanguage\":\"en-GB\",\"@id\":\"https:\\\/\\\/pfingstrosen-paradies.de\\\/#\\\/schema\\\/logo\\\/image\\\/\",\"url\":\"https:\\\/\\\/pfingstrosen-paradies.de\\\/wp-content\\\/uploads\\\/2021\\\/02\\\/logo-pfingstrosen.png\",\"contentUrl\":\"https:\\\/\\\/pfingstrosen-paradies.de\\\/wp-content\\\/uploads\\\/2021\\\/02\\\/logo-pfingstrosen.png\",\"width\":1568,\"height\":366,\"caption\":\"Pfingstrosen-Paradies\"},\"image\":{\"@id\":\"https:\\\/\\\/pfingstrosen-paradies.de\\\/#\\\/schema\\\/logo\\\/image\\\/\"}}]}<\/script>\n<!-- \/ Yoast SEO plugin. -->","yoast_head_json":{"title":"Itoh - Hybriden | Beschreibung | Pfingstrosen-Paradies Tetzlaff","description":"Itoh-Hybriden - Beschreibung Diese neuen Mitglieder der Pfingstrosenfamilie sind aus Kreuzungen zwischen P. lactiflora x P. lutea-Hybriden hervorgegangen.","robots":{"index":"index","follow":"follow","max-snippet":"max-snippet:-1","max-image-preview":"max-image-preview:large","max-video-preview":"max-video-preview:-1"},"canonical":"https:\/\/pfingstrosen-paradies.de\/en\/itoh-hybriden-beschreibung\/","og_locale":"en_GB","og_type":"article","og_title":"Itoh - Hybriden | Beschreibung | Pfingstrosen-Paradies Tetzlaff","og_description":"Itoh-Hybriden - Beschreibung Diese neuen Mitglieder der Pfingstrosenfamilie sind aus Kreuzungen zwischen P. lactiflora x P. lutea-Hybriden hervorgegangen.","og_url":"https:\/\/pfingstrosen-paradies.de\/en\/itoh-hybriden-beschreibung\/","og_site_name":"Pfingstrosen-Paradies","article_modified_time":"2022-02-08T14:34:04+00:00","twitter_card":"summary_large_image","twitter_misc":{"Estimated reading time":"3 minutes"},"schema":{"@context":"https:\/\/schema.org","@graph":[{"@type":"WebPage","@id":"https:\/\/pfingstrosen-paradies.de\/itoh-hybriden-beschreibung\/","url":"https:\/\/pfingstrosen-paradies.de\/itoh-hybriden-beschreibung\/","name":"Itoh - Hybriden | Beschreibung | Pfingstrosen-Paradies Tetzlaff","isPartOf":{"@id":"https:\/\/pfingstrosen-paradies.de\/#website"},"datePublished":"2021-03-17T22:36:15+00:00","dateModified":"2022-02-08T14:34:04+00:00","description":"Itoh-Hybriden - Beschreibung Diese neuen Mitglieder der Pfingstrosenfamilie sind aus Kreuzungen zwischen P. lactiflora x P. lutea-Hybriden hervorgegangen.","breadcrumb":{"@id":"https:\/\/pfingstrosen-paradies.de\/itoh-hybriden-beschreibung\/#breadcrumb"},"inLanguage":"en-GB","potentialAction":[{"@type":"ReadAction","target":["https:\/\/pfingstrosen-paradies.de\/itoh-hybriden-beschreibung\/"]}]},{"@type":"BreadcrumbList","@id":"https:\/\/pfingstrosen-paradies.de\/itoh-hybriden-beschreibung\/#breadcrumb","itemListElement":[{"@type":"ListItem","position":1,"name":"Start","item":"https:\/\/pfingstrosen-paradies.de\/"},{"@type":"ListItem","position":2,"name":"Itoh &#8211; Hybriden | Beschreibung"}]},{"@type":"WebSite","@id":"https:\/\/pfingstrosen-paradies.de\/#website","url":"https:\/\/pfingstrosen-paradies.de\/","name":"Pfingstrosen-Paradies","description":"Fachg\u00e4rtnerei f\u00fcr Pfingstrosen","publisher":{"@id":"https:\/\/pfingstrosen-paradies.de\/#organization"},"potentialAction":[{"@type":"SearchAction","target":{"@type":"EntryPoint","urlTemplate":"https:\/\/pfingstrosen-paradies.de\/?s={search_term_string}"},"query-input":{"@type":"PropertyValueSpecification","valueRequired":true,"valueName":"search_term_string"}}],"inLanguage":"en-GB"},{"@type":"Organization","@id":"https:\/\/pfingstrosen-paradies.de\/#organization","name":"Pfingstrosen-Paradies","url":"https:\/\/pfingstrosen-paradies.de\/","logo":{"@type":"ImageObject","inLanguage":"en-GB","@id":"https:\/\/pfingstrosen-paradies.de\/#\/schema\/logo\/image\/","url":"https:\/\/pfingstrosen-paradies.de\/wp-content\/uploads\/2021\/02\/logo-pfingstrosen.png","contentUrl":"https:\/\/pfingstrosen-paradies.de\/wp-content\/uploads\/2021\/02\/logo-pfingstrosen.png","width":1568,"height":366,"caption":"Pfingstrosen-Paradies"},"image":{"@id":"https:\/\/pfingstrosen-paradies.de\/#\/schema\/logo\/image\/"}}]}},"_links":{"self":[{"href":"https:\/\/pfingstrosen-paradies.de\/en\/wp-json\/wp\/v2\/pages\/431","targetHints":{"allow":["GET"]}}],"collection":[{"href":"https:\/\/pfingstrosen-paradies.de\/en\/wp-json\/wp\/v2\/pages"}],"about":[{"href":"https:\/\/pfingstrosen-paradies.de\/en\/wp-json\/wp\/v2\/types\/page"}],"author":[{"embeddable":true,"href":"https:\/\/pfingstrosen-paradies.de\/en\/wp-json\/wp\/v2\/users\/2"}],"replies":[{"embeddable":true,"href":"https:\/\/pfingstrosen-paradies.de\/en\/wp-json\/wp\/v2\/comments?post=431"}],"version-history":[{"count":0,"href":"https:\/\/pfingstrosen-paradies.de\/en\/wp-json\/wp\/v2\/pages\/431\/revisions"}],"wp:attachment":[{"href":"https:\/\/pfingstrosen-paradies.de\/en\/wp-json\/wp\/v2\/media?parent=431"}],"curies":[{"name":"wp","href":"https:\/\/api.w.org\/{rel}","templated":true}]}}