{"id":438,"date":"2021-03-17T23:42:27","date_gmt":"2021-03-17T22:42:27","guid":{"rendered":"https:\/\/pfingstrosen-paradies.de\/?page_id=438"},"modified":"2021-03-17T23:42:27","modified_gmt":"2021-03-17T22:42:27","slug":"standort-und-duengung-itoh-hybriden","status":"publish","type":"page","link":"https:\/\/pfingstrosen-paradies.de\/en\/standort-und-duengung-itoh-hybriden\/","title":{"rendered":"Standort und D\u00fcngung | Itoh &#8211; Hybriden"},"content":{"rendered":"<h1 class=\"wp-block-heading\">Standort und D\u00fcngung der Itoh-Hybride<\/h1>\n\n\n\n<h2 class=\"wp-block-heading\">Welche Standortanspr\u00fcche haben intersektionelle Pfingstrosen?<\/h2>\n\n\n\n<p><strong>Itoh &#8211; Hybriden unterscheiden sich bei Standortanspr\u00fcchen und D\u00fcngung nicht von den Staudenpfingstrosen<\/strong><\/p>\n\n\n\n<p>Alle Pfingstrosen, egal ob Strauch oder Stauden, sind Tiefwurzler und bis auf wenige Ausnamen (einige Wildarten) Sonnenkinder. Sie bevorzugen sonnige bis leicht halbschattige Standorte mit tiefgr\u00fcndigen B\u00f6den. Ein bis anderthalb Meter tief gehende Wurzeln sind durchaus g\u00e4ngig. Staunasse B\u00f6den m\u00fcssen, will man keinen Verlust erleiden, entsprechend tiefgr\u00fcndig aufgelockert werden und eventuell das Pflanzloch etwas mit Sand aufgearbeitet werden. Dies ist bei den Stauden und Intersektionellen-Hybriden aber nur n\u00f6tig, wenn wirklich das Wasser im Wurzelbereich nicht ablaufen sollte. Ansonsten sind sie mit allen B\u00f6den zufrieden, wobei sie schwerere B\u00f6den wie L\u00f6\u00dfboden, sandigen Lehm oder lehmigen Sand bevorzugen. Auf diesen B\u00f6den brauchen sie auch nicht gew\u00e4ssert zu werden, da sie auf Grund der tief sitzenden Wurzeln immer ausreichend mit Wasser versorgt sind.<\/p>\n\n\n\n<h2 class=\"wp-block-heading\">Wie werden Itoh &#8211; Hybriden ged\u00fcngt?<\/h2>\n\n\n\n<p>Auch auf eine D\u00fcngung mit Minerald\u00fcnger kann auf diesen B\u00f6den verzichtet werden. Pfingstrosen sind langsam wachsende Stauden und somit Schwachzehrer, die nicht viel N\u00e4hrstoffe ben\u00f6tigen. Zudem k\u00f6nnen sie durch ihr tiefsitzendes Wurzelwerk noch in Zonen N\u00e4hrstoffe erschlie\u00dfen, die anderen Pflanzen nicht mehr zur Verf\u00fcgung stehen. Zu starke D\u00fcngergaben k\u00f6nnen sogar von Nachteil sein und zu Krankheiten wie <a href=\"https:\/\/pfingstrosen-paradies.de\/en\/pilzkrankheiten\/\"><strong>Botrytisbefall<\/strong><\/a> f\u00fchren (siehe auch <a href=\"https:\/\/pfingstrosen-paradies.de\/en\/krankheiten-und-schaedlinge\/\"><strong>Diseases | Pests<\/strong><\/a>). Gelegentliche Kompostgaben ab dem 3. Standjahr sind aber nicht von Nachteil, aber auch hier meist nicht n\u00f6tig. In dieser Beziehung sind Pfingstrosen sehr gen\u00fcgsam. Bei Schnittpfingstrosen sieht diese nat\u00fcrlich anders aus. Hier werden den Pflanzen durch die Entnahme der Stiele viel N\u00e4hrstoffe entnommen, die wieder zugef\u00fchrt werden m\u00fcssen. Eine D\u00fcngung mit Minerald\u00fcnger sollte jedoch erst nach der Bl\u00fcte erfolgen. Dann sind die Stiele ausgereift und hart und es erfolgt kein \u00fcberm\u00e4\u00dfiger Wachstumsschub mehr. Eine zweite leichte D\u00fcngung (Phosphor und Kalium betont) kann dann Anfang bis Mitte August durchgef\u00fchrt werden. Auf sehr sandigen B\u00f6den kann eine D\u00fcngung durchaus notwendig sein, da die N\u00e4hrstoffe sehr schnell ausgewaschen werden. Aber auch hier gilt im ersten Jahr lieber gar kein D\u00fcnger, sondern die Pflanze besser in Ruhe einwachsen lassen. Ab dem zweiten Jahr sind verhaltene organische D\u00fcngergaben den mineralischen vorzuziehen. Eine Aufbereitung der Pflanzstelle mit ein bis zwei Eimern schwererem Boden ist durchaus von Vorteil. Auf den sehr leichten B\u00f6den kann von eine Bew\u00e4sserung im Sommer durchaus einmal notwendig sein, da diese B\u00f6den eine sehr geringe Wasserhaltef\u00e4higkeit besitzen. Aufgrund ihres verhaltenen Wachstums haben Pfingstrosen es schwer, sich gegen Pflanzen zu behaupten, die ein stark ausgepr\u00e4gtes Wurzelwerk haben. Hierzu z\u00e4hlen zum Beispiel Forsythien, Fichten, Taxus, Bambus oder andere stark wachsende Gr\u00e4ser. Hier sollte man Pfingstrosen nicht in unmittelbarer N\u00e4he pflanzen, sondern etwas Abstand halten. Dann k\u00f6nnen sie sich auch in dieser Gesellschaft etablieren.<\/p>\n\n\n\n<div style=\"height:100px\" aria-hidden=\"true\" class=\"wp-block-spacer\"><\/div>","protected":false},"excerpt":{"rendered":"<p>Standort und D\u00fcngung der Itoh-Hybride Welche Standortanspr\u00fcche haben intersektionelle Pfingstrosen? Itoh &#8211; Hybriden unterscheiden sich bei Standortanspr\u00fcchen und D\u00fcngung nicht von den Staudenpfingstrosen Alle Pfingstrosen, egal ob Strauch oder Stauden, sind Tiefwurzler und bis auf wenige Ausnamen (einige Wildarten) Sonnenkinder. Sie bevorzugen sonnige bis leicht halbschattige Standorte mit tiefgr\u00fcndigen B\u00f6den. Ein bis anderthalb Meter tief [&hellip;]<\/p>\n","protected":false},"author":2,"featured_media":0,"parent":0,"menu_order":0,"comment_status":"closed","ping_status":"closed","template":"","meta":{"footnotes":""},"class_list":["post-438","page","type-page","status-publish","hentry"],"blocksy_meta":{"styles_descriptor":{"styles":{"desktop":"","tablet":"","mobile":""},"google_fonts":[],"version":6}},"featured_image_urls":{"full":"","thumbnail":"","medium":"","medium_large":"","large":"","1536x1536":"","2048x2048":"","trp-custom-language-flag":"","ptam-block-post-grid-landscape":"","ptam-block-post-grid-square":"","ptam-block-post-grid-featured-landscape":"","woocommerce_archive_thumbnail":"","woocommerce_thumbnail":"","woocommerce_single":"","woocommerce_gallery_thumbnail":""},"post_excerpt_stackable":"<p>Standort und D\u00fcngung der Itoh-Hybride Welche Standortanspr\u00fcche haben intersektionelle Pfingstrosen? Itoh &#8211; Hybriden unterscheiden sich bei Standortanspr\u00fcchen und D\u00fcngung nicht von den Staudenpfingstrosen Alle Pfingstrosen, egal ob Strauch oder Stauden, sind Tiefwurzler und bis auf wenige Ausnamen (einige Wildarten) Sonnenkinder. Sie bevorzugen sonnige bis leicht halbschattige Standorte mit tiefgr\u00fcndigen B\u00f6den. Ein bis anderthalb Meter tief gehende Wurzeln sind durchaus g\u00e4ngig. Staunasse B\u00f6den m\u00fcssen, will man keinen Verlust erleiden, entsprechend tiefgr\u00fcndig aufgelockert werden und eventuell das Pflanzloch etwas mit Sand aufgearbeitet werden. Dies ist bei den Stauden und Intersektionellen-Hybriden aber nur n\u00f6tig, wenn wirklich das Wasser im Wurzelbereich nicht ablaufen sollte.&hellip;<\/p>\n","category_list":"","author_info":{"name":"max","url":"https:\/\/pfingstrosen-paradies.de\/en\/author\/max\/"},"comments_num":"0 comments","featured_image_urls_v2":{"full":"","thumbnail":"","medium":"","medium_large":"","large":"","1536x1536":"","2048x2048":"","trp-custom-language-flag":"","ptam-block-post-grid-landscape":"","ptam-block-post-grid-square":"","ptam-block-post-grid-featured-landscape":"","woocommerce_archive_thumbnail":"","woocommerce_thumbnail":"","woocommerce_single":"","woocommerce_gallery_thumbnail":""},"post_excerpt_stackable_v2":"<p>Standort und D\u00fcngung der Itoh-Hybride Welche Standortanspr\u00fcche haben intersektionelle Pfingstrosen? Itoh &#8211; Hybriden unterscheiden sich bei Standortanspr\u00fcchen und D\u00fcngung nicht von den Staudenpfingstrosen Alle Pfingstrosen, egal ob Strauch oder Stauden, sind Tiefwurzler und bis auf wenige Ausnamen (einige Wildarten) Sonnenkinder. Sie bevorzugen sonnige bis leicht halbschattige Standorte mit tiefgr\u00fcndigen B\u00f6den. Ein bis anderthalb Meter tief gehende Wurzeln sind durchaus g\u00e4ngig. Staunasse B\u00f6den m\u00fcssen, will man keinen Verlust erleiden, entsprechend tiefgr\u00fcndig aufgelockert werden und eventuell das Pflanzloch etwas mit Sand aufgearbeitet werden. Dies ist bei den Stauden und Intersektionellen-Hybriden aber nur n\u00f6tig, wenn wirklich das Wasser im Wurzelbereich nicht ablaufen sollte.&hellip;<\/p>\n","category_list_v2":"","author_info_v2":{"name":"max","url":"https:\/\/pfingstrosen-paradies.de\/en\/author\/max\/"},"comments_num_v2":"0 comments","yoast_head":"<!-- This site is optimized with the Yoast SEO plugin v27.3 - https:\/\/yoast.com\/product\/yoast-seo-wordpress\/ -->\n<title>Standort und D\u00fcngung | Itoh - Hybriden | Pfingstrosen-Paradies Tetzlaff<\/title>\n<meta name=\"description\" content=\"Standort und D\u00fcngung der Itoh-Hybride Welche Standortanspr\u00fcche haben intersektionelle Pfingstrosen? Itoh - Hybriden unterscheiden sich bei\" \/>\n<meta name=\"robots\" content=\"index, follow, max-snippet:-1, max-image-preview:large, max-video-preview:-1\" \/>\n<link rel=\"canonical\" href=\"https:\/\/pfingstrosen-paradies.de\/en\/standort-und-duengung-itoh-hybriden\/\" \/>\n<meta property=\"og:locale\" content=\"en_GB\" \/>\n<meta property=\"og:type\" content=\"article\" \/>\n<meta property=\"og:title\" content=\"Standort und D\u00fcngung | Itoh - Hybriden | Pfingstrosen-Paradies Tetzlaff\" \/>\n<meta property=\"og:description\" content=\"Standort und D\u00fcngung der Itoh-Hybride Welche Standortanspr\u00fcche haben intersektionelle Pfingstrosen? Itoh - Hybriden unterscheiden sich bei\" \/>\n<meta property=\"og:url\" content=\"https:\/\/pfingstrosen-paradies.de\/en\/standort-und-duengung-itoh-hybriden\/\" \/>\n<meta property=\"og:site_name\" content=\"Pfingstrosen-Paradies\" \/>\n<meta name=\"twitter:card\" content=\"summary_large_image\" \/>\n<meta name=\"twitter:label1\" content=\"Estimated reading time\" \/>\n\t<meta name=\"twitter:data1\" content=\"2 minutes\" \/>\n<script type=\"application\/ld+json\" class=\"yoast-schema-graph\">{\"@context\":\"https:\\\/\\\/schema.org\",\"@graph\":[{\"@type\":\"WebPage\",\"@id\":\"https:\\\/\\\/pfingstrosen-paradies.de\\\/standort-und-duengung-itoh-hybriden\\\/\",\"url\":\"https:\\\/\\\/pfingstrosen-paradies.de\\\/standort-und-duengung-itoh-hybriden\\\/\",\"name\":\"Standort und D\u00fcngung | Itoh - Hybriden | Pfingstrosen-Paradies Tetzlaff\",\"isPartOf\":{\"@id\":\"https:\\\/\\\/pfingstrosen-paradies.de\\\/#website\"},\"datePublished\":\"2021-03-17T22:42:27+00:00\",\"description\":\"Standort und D\u00fcngung der Itoh-Hybride Welche Standortanspr\u00fcche haben intersektionelle Pfingstrosen? Itoh - Hybriden unterscheiden sich bei\",\"breadcrumb\":{\"@id\":\"https:\\\/\\\/pfingstrosen-paradies.de\\\/standort-und-duengung-itoh-hybriden\\\/#breadcrumb\"},\"inLanguage\":\"en-GB\",\"potentialAction\":[{\"@type\":\"ReadAction\",\"target\":[\"https:\\\/\\\/pfingstrosen-paradies.de\\\/standort-und-duengung-itoh-hybriden\\\/\"]}]},{\"@type\":\"BreadcrumbList\",\"@id\":\"https:\\\/\\\/pfingstrosen-paradies.de\\\/standort-und-duengung-itoh-hybriden\\\/#breadcrumb\",\"itemListElement\":[{\"@type\":\"ListItem\",\"position\":1,\"name\":\"Start\",\"item\":\"https:\\\/\\\/pfingstrosen-paradies.de\\\/\"},{\"@type\":\"ListItem\",\"position\":2,\"name\":\"Standort und D\u00fcngung | Itoh &#8211; Hybriden\"}]},{\"@type\":\"WebSite\",\"@id\":\"https:\\\/\\\/pfingstrosen-paradies.de\\\/#website\",\"url\":\"https:\\\/\\\/pfingstrosen-paradies.de\\\/\",\"name\":\"Pfingstrosen-Paradies\",\"description\":\"Fachg\u00e4rtnerei f\u00fcr Pfingstrosen\",\"publisher\":{\"@id\":\"https:\\\/\\\/pfingstrosen-paradies.de\\\/#organization\"},\"potentialAction\":[{\"@type\":\"SearchAction\",\"target\":{\"@type\":\"EntryPoint\",\"urlTemplate\":\"https:\\\/\\\/pfingstrosen-paradies.de\\\/?s={search_term_string}\"},\"query-input\":{\"@type\":\"PropertyValueSpecification\",\"valueRequired\":true,\"valueName\":\"search_term_string\"}}],\"inLanguage\":\"en-GB\"},{\"@type\":\"Organization\",\"@id\":\"https:\\\/\\\/pfingstrosen-paradies.de\\\/#organization\",\"name\":\"Pfingstrosen-Paradies\",\"url\":\"https:\\\/\\\/pfingstrosen-paradies.de\\\/\",\"logo\":{\"@type\":\"ImageObject\",\"inLanguage\":\"en-GB\",\"@id\":\"https:\\\/\\\/pfingstrosen-paradies.de\\\/#\\\/schema\\\/logo\\\/image\\\/\",\"url\":\"https:\\\/\\\/pfingstrosen-paradies.de\\\/wp-content\\\/uploads\\\/2021\\\/02\\\/logo-pfingstrosen.png\",\"contentUrl\":\"https:\\\/\\\/pfingstrosen-paradies.de\\\/wp-content\\\/uploads\\\/2021\\\/02\\\/logo-pfingstrosen.png\",\"width\":1568,\"height\":366,\"caption\":\"Pfingstrosen-Paradies\"},\"image\":{\"@id\":\"https:\\\/\\\/pfingstrosen-paradies.de\\\/#\\\/schema\\\/logo\\\/image\\\/\"}}]}<\/script>\n<!-- \/ Yoast SEO plugin. -->","yoast_head_json":{"title":"Standort und D\u00fcngung | Itoh - Hybriden | Pfingstrosen-Paradies Tetzlaff","description":"Standort und D\u00fcngung der Itoh-Hybride Welche Standortanspr\u00fcche haben intersektionelle Pfingstrosen? Itoh - Hybriden unterscheiden sich bei","robots":{"index":"index","follow":"follow","max-snippet":"max-snippet:-1","max-image-preview":"max-image-preview:large","max-video-preview":"max-video-preview:-1"},"canonical":"https:\/\/pfingstrosen-paradies.de\/en\/standort-und-duengung-itoh-hybriden\/","og_locale":"en_GB","og_type":"article","og_title":"Standort und D\u00fcngung | Itoh - Hybriden | Pfingstrosen-Paradies Tetzlaff","og_description":"Standort und D\u00fcngung der Itoh-Hybride Welche Standortanspr\u00fcche haben intersektionelle Pfingstrosen? Itoh - Hybriden unterscheiden sich bei","og_url":"https:\/\/pfingstrosen-paradies.de\/en\/standort-und-duengung-itoh-hybriden\/","og_site_name":"Pfingstrosen-Paradies","twitter_card":"summary_large_image","twitter_misc":{"Estimated reading time":"2 minutes"},"schema":{"@context":"https:\/\/schema.org","@graph":[{"@type":"WebPage","@id":"https:\/\/pfingstrosen-paradies.de\/standort-und-duengung-itoh-hybriden\/","url":"https:\/\/pfingstrosen-paradies.de\/standort-und-duengung-itoh-hybriden\/","name":"Standort und D\u00fcngung | Itoh - Hybriden | Pfingstrosen-Paradies Tetzlaff","isPartOf":{"@id":"https:\/\/pfingstrosen-paradies.de\/#website"},"datePublished":"2021-03-17T22:42:27+00:00","description":"Standort und D\u00fcngung der Itoh-Hybride Welche Standortanspr\u00fcche haben intersektionelle Pfingstrosen? Itoh - Hybriden unterscheiden sich bei","breadcrumb":{"@id":"https:\/\/pfingstrosen-paradies.de\/standort-und-duengung-itoh-hybriden\/#breadcrumb"},"inLanguage":"en-GB","potentialAction":[{"@type":"ReadAction","target":["https:\/\/pfingstrosen-paradies.de\/standort-und-duengung-itoh-hybriden\/"]}]},{"@type":"BreadcrumbList","@id":"https:\/\/pfingstrosen-paradies.de\/standort-und-duengung-itoh-hybriden\/#breadcrumb","itemListElement":[{"@type":"ListItem","position":1,"name":"Start","item":"https:\/\/pfingstrosen-paradies.de\/"},{"@type":"ListItem","position":2,"name":"Standort und D\u00fcngung | Itoh &#8211; Hybriden"}]},{"@type":"WebSite","@id":"https:\/\/pfingstrosen-paradies.de\/#website","url":"https:\/\/pfingstrosen-paradies.de\/","name":"Pfingstrosen-Paradies","description":"Fachg\u00e4rtnerei f\u00fcr Pfingstrosen","publisher":{"@id":"https:\/\/pfingstrosen-paradies.de\/#organization"},"potentialAction":[{"@type":"SearchAction","target":{"@type":"EntryPoint","urlTemplate":"https:\/\/pfingstrosen-paradies.de\/?s={search_term_string}"},"query-input":{"@type":"PropertyValueSpecification","valueRequired":true,"valueName":"search_term_string"}}],"inLanguage":"en-GB"},{"@type":"Organization","@id":"https:\/\/pfingstrosen-paradies.de\/#organization","name":"Pfingstrosen-Paradies","url":"https:\/\/pfingstrosen-paradies.de\/","logo":{"@type":"ImageObject","inLanguage":"en-GB","@id":"https:\/\/pfingstrosen-paradies.de\/#\/schema\/logo\/image\/","url":"https:\/\/pfingstrosen-paradies.de\/wp-content\/uploads\/2021\/02\/logo-pfingstrosen.png","contentUrl":"https:\/\/pfingstrosen-paradies.de\/wp-content\/uploads\/2021\/02\/logo-pfingstrosen.png","width":1568,"height":366,"caption":"Pfingstrosen-Paradies"},"image":{"@id":"https:\/\/pfingstrosen-paradies.de\/#\/schema\/logo\/image\/"}}]}},"_links":{"self":[{"href":"https:\/\/pfingstrosen-paradies.de\/en\/wp-json\/wp\/v2\/pages\/438","targetHints":{"allow":["GET"]}}],"collection":[{"href":"https:\/\/pfingstrosen-paradies.de\/en\/wp-json\/wp\/v2\/pages"}],"about":[{"href":"https:\/\/pfingstrosen-paradies.de\/en\/wp-json\/wp\/v2\/types\/page"}],"author":[{"embeddable":true,"href":"https:\/\/pfingstrosen-paradies.de\/en\/wp-json\/wp\/v2\/users\/2"}],"replies":[{"embeddable":true,"href":"https:\/\/pfingstrosen-paradies.de\/en\/wp-json\/wp\/v2\/comments?post=438"}],"version-history":[{"count":0,"href":"https:\/\/pfingstrosen-paradies.de\/en\/wp-json\/wp\/v2\/pages\/438\/revisions"}],"wp:attachment":[{"href":"https:\/\/pfingstrosen-paradies.de\/en\/wp-json\/wp\/v2\/media?parent=438"}],"curies":[{"name":"wp","href":"https:\/\/api.w.org\/{rel}","templated":true}]}}