{"id":441,"date":"2021-03-17T23:45:15","date_gmt":"2021-03-17T22:45:15","guid":{"rendered":"https:\/\/pfingstrosen-paradies.de\/?page_id=441"},"modified":"2022-02-08T15:42:37","modified_gmt":"2022-02-08T14:42:37","slug":"baumpaeonien-beschreibung","status":"publish","type":"page","link":"https:\/\/pfingstrosen-paradies.de\/en\/baumpaeonien-beschreibung\/","title":{"rendered":"Woody Peonies | Description"},"content":{"rendered":"<h1 class=\"wp-block-heading\" id=\"strauchpfingstrosen-beschreibung\">Strauchpfingstrosen &#8211; Beschreibung<\/h1>\n\n\n\n<p>Auch allgemein als <strong>Tree Peonies<\/strong> bekannt.<\/p>\n\n\n\n<p>Die Strauchpfingstrosen geh\u00f6ren zu den edelsten Vertretern der Pfingstrosen und werden auch als die kaiserlichen Blumen bezeichnet. In Ihrem Herkunftsland China waren diese Pflanzen viele Jahrhunderte den Kaisern vorbehalten. Mit diesen Pflanzen wird in China schon seit \u00fcber 1000 Jahren gez\u00fcchtet. Die Staudenpfingstrosen dagegen hatten in China l\u00e4ngst nicht den Stellenwert, der den Strauchp\u00e4onien einger\u00e4umt wurde. Daher wurde in diesem Land hier l\u00e4ngst nicht eine solch intensive Z\u00fcchtung betrieben, wie es bei den Strauchp\u00e4onien der Fall war.<\/p>\n\n\n\n<p>Unterschieden wird bei der Z\u00fcchtung der Strauchp\u00e4onien in drei Gruppen:<\/p>\n\n\n\n<p>\u2022 <strong>Suffruticosa Strauchp\u00e4onien<\/strong><br>\u2022 <strong>Rockii-Hybrids<\/strong><br>\u2022 <strong>Lutea-Hybrids<\/strong><\/p>\n\n\n\n<p>Nach der Machtergreifung der Kommunisten durch Mao kamen die Baump\u00e4onien leider auch in Verruf, da sie ja in der Vergangenheit die Blume der Aristokratie gewesen waren. So kam es zu Ausw\u00fcchsen, da\u00df in manchen Regionen w\u00e4hrend der Kulturrevolution die Strauchp\u00e4onien entfernt wurden. Politische Verfolgung macht auch vor Pflanzen nicht halt. Aber die Liebe zu diesen Pflanzen in der Bev\u00f6lkerung ist nicht erloschen, und so gibt es heute in China wieder gro\u00dfe Schauanpflanzungen, zu denen w\u00e4hrend der Bl\u00fctezeit wahre V\u00f6lkerungswanderungen einsetzen.<\/p>\n\n\n\n<p>Ihre gro\u00dfen Bl\u00fcten und auff\u00e4lligen Farben lassen sie in jedem Garten zum Blickfang werden. Aber auch nach der Bl\u00fcte sind die Pflanzen durch ihr dekoratives Blattwerk durchaus eine Zierde. Die Entwicklung dieser Pflanzen ist im Vergleich zu den Stauden sehr viel langsamer. Es dauert schon einige Jahre, bis sich aus einer Pflanze ein ordentlicher Busch entwickelt hat. F\u00fcr unser Klima sind die einfachen bis halb gef\u00fcllten Sorten besser geeignet. Diese Bl\u00fcten sind nicht so regenanf\u00e4llig wie die der gef\u00fcllten Sorten. Aus diesem Grunde haben wir, mit wenigen Ausnahmen, auch keine chinesischen Sorten (meist starke Bl\u00fctenf\u00fcllung) im Angebot. Zudem treiben chinesische Sorten in unseren doch warmen Wintern oft zu fr\u00fch durch und sind somit frostgef\u00e4hrdet.<\/p>\n\n\n\n<p>Die <strong>Rockii-Hybrids<\/strong> aus China bilden hier eine Ausnahme. Durch die Kreuzung von chinesischen P. suffruticosa-Sorten mit der sp\u00e4t austreibenden Wildart P. rockii sind diese Pflanzen wesentlich robuster als die reinen Suffruticosa-Sorten.<\/p>\n\n\n\n<p>Eine gute Erl\u00e4uterung der Rockiis bietet Prof. Warda vom Arboretum Ellerhoop im <strong>Gartenfernsehen<\/strong>. Angeboten werden die Pflanzen meist in den Gr\u00f6\u00dfen 1- bis 3-j\u00e4hrige Veredelungen. Aufgrund der Widerstandsf\u00e4higkeit dieser doch sehr langsam wachsenden Pflanzen ist es ratsam, mindestens eine 2-j\u00e4hrige Qualit\u00e4t zu pflanzen. Diese ist auf Grund ihrer Gr\u00f6\u00dfe doch schon erheblich robuster.<\/p>\n\n\n\n<h2 class=\"wp-block-heading\" id=\"paeonia-suffruticosa-europaische-und-japanische-strauchpfingstrosen\">Paeonia suffruticosa &#8211; Europ\u00e4ische und Japanische Strauchpfingstrosen<\/h2>\n\n\n\n<p>Der Ursprung dieser Sorten ist China. Bereits vor Jahrhunderten gelangten zahlreiche chinesische Sorten nach Japan. Hier entstand von den chinesischen Z\u00fcchtungen losgel\u00f6st im Laufe der Zeit mit dem urspr\u00fcnglich chinesischen Material eine v\u00f6llig andere Zuchtrichtung. Die chinesischen Sorten zeichnen sich vielmals durch sehr starke Bl\u00fctenf\u00fcllung aus.<\/p>\n\n\n\n<p>Zum Teil stehen die Bl\u00fcten auch nicht frei \u00fcber dem Laub. Dieses trifft nicht unbedingt immer den westlichen \/ europ\u00e4ischen Geschmack. Die Japaner haben bereits vor Jahrhunderten Strauchp\u00e4onien aus China importiert, im Laufe der Jahrhunderte aus diesen Pflanzen Z\u00fcchtungen hervorgebracht, die sich durch gro\u00dfe, frei \u00fcber dem Laub stehende Bl\u00fcten mit klaren Farben auszeichnen. Die Bl\u00fctenf\u00fcllung ist meist halb gef\u00fcllt, wodurch die Bl\u00fcten weniger f\u00e4ulnis- und regenanf\u00e4llig sind. Jedoch auch hier ist bei einigen Sorten, die sehr gro\u00dfe Bl\u00fcten besitzen angebracht w\u00e4hrend der Bl\u00fctezeit die Zweige zu st\u00fctzen.<\/p>\n\n\n\n<p>Mit den Importen der ersten Strauchp\u00e4onien aus Japan und China im 19. Jahrhundert hat dann auch eine Z\u00fcchtung in Europa und sp\u00e4ter auch in den USA eingesetzt. Die aus diesen Z\u00fcchtungen hervorgegangenen Sorten sind entsprechend auf unser Klima selektiert und entsprechen in Ihrem Aussehen mehr dem japanischen als dem chinesischen Blut.<\/p>\n\n\n\n<p>Grunds\u00e4tzlich geh\u00f6ren die Suffruticosa-Sorten zu den fr\u00fchest bl\u00fchenden Strauchp\u00e4onien. Die chinesischen Sorten bl\u00fchen hierbei in der Regel vor den japanischen und europ\u00e4ischen\/ amerikanischen Sorten.<\/p>\n\n\n\n<h2 class=\"wp-block-heading\" id=\"rockii-hybriden\">Rockii-Hybrids<\/h2>\n\n\n\n<p>In den letzten Jahrzehnten hat in China ein regelrechter Boom in dieser Z\u00fcchtung eingesetzt. Die Robustheit der ebenfalls aus China stammenden, sp\u00e4t austreibenden Wildart P\u00e4onia rockii machte man sich zu nutze und kreuzte diese mit den chinesischen Suffruticosa-Sorten. Es entstanden \u00fcberwiegend einfach bl\u00fchende Sorten in zahlreichen Farbabstufungen. Allen gemeinsam ist der intensive Basalfleck in der Bl\u00fcte und das stark eingeschnittene Laub. Gegen\u00fcber den Suffruticosa-Sorten wachsen die Rockii-Hybriden deutlich schneller und kr\u00e4ftiger. Auch besitzen die Rockii-Hybriden eine ausgepr\u00e4gte Neigung zur Bildung von Basistrieben. Hierdurch k\u00f6nnen im Laufe der Jahre recht breite B\u00fcsche entstehen. Meist handelt es sich bei den chinesischen Sorten um Absaaten von Kreuzungen, die bis ins bl\u00fchf\u00e4hige Alter kultiviert werden. Danach erfolgt eine Einteilung der S\u00e4mlinge in das chinesisch definierte Sortenmuster. Teilweise sind kleinste Unterschiede in der Bl\u00fctenblattform (z.B. gewellter Bl\u00fctenblattrand) der Grund das 2 ansonsten gleich aussehende S\u00e4mlinge einer anderen Sorte zugeordnet werden. Diese kleinen Unterschiede sind in der chinesischen Mentalit\u00e4t teilweise von gro\u00dfer Bedeutung, spielen f\u00fcr unseren Geschmack jedoch meist eine untergeordnete Bedeutung. Hierdurch sind in China viele Sorten im Angebot, die sich sehr \u00e4hnlich sind. Wir haben uns daher auf einige Sorten beschr\u00e4nkt, die charakteristisch in ihrer Bl\u00fctenfarbe und Bl\u00fctenform sind. Leichte Abweichungen innerhalb eines Sortenspektrums sind aber durch die Vermehrung \u00fcber Aussaat m\u00f6glich. Der Charakter der Sorte bleibt aber auf jeden Fall erhalten. Ein gro\u00dfer Vorteil der S\u00e4mlinge ist, da\u00df diese bereits deutlich gr\u00f6\u00dfer (~ 60-80 cm) und \u00e4lter (~ 5 Jahre) als die veredelten Pflanzen sind und direkt auf eigener Wurzel stehen und nicht wie die meisten Suffruticosa-Sorten \u00fcber Veredelungen vermehrt worden sind. Diese m\u00fcssen in den n\u00e4chsten Jahren erst einmal eigene Wurzeln produzieren. In den letzten Jahren ist man aber auch in China vermehrt dazu \u00fcbergegangen neben den S\u00e4mlingspflanzen auch die Sorten \u00fcber Veredelung anzubieten. Aber auch in Europa werden inzwischen <strong>Rockii-Hybrids<\/strong> gez\u00fcchtet. Diese werden allerdings zur Zeit, mit wenigen Ausnahmen, noch nicht in Sorten verkauft, sondern lediglich als S\u00e4mlingspflanzen angeboten. Dieses tut der Sch\u00f6nheit und Anmut der einzelnen Pflanze jedoch keinen Abbruch. Im Gegenteil, jede Pflanze ist somit ein Unikat. Diese unbenannten S\u00e4mlinge sind zudem preisg\u00fcnstiger zu erwerben als die benannten Sorten. Rockii-Hybriden bl\u00fchen in der Regel im Anschlu\u00df an die <strong>Suffruticosa<\/strong>. Eine gute Einf\u00fchrung zu den Rockiis bietet Prof. Warda vom Arboretum Ellerhoop im <a href=\"https:\/\/www.youtube.com\/watch?v=JBSxJEEVvXk\" target=\"_blank\" rel=\"noreferrer noopener\"><strong>Gartenfernsehen<\/strong>.<\/a><\/p>\n\n\n\n<h2 class=\"wp-block-heading\" id=\"lutea-hybriden\">Lutea-Hybrids<\/h2>\n\n\n\n<p>Unter dem Begriff Lutea-Hybriden werden Kreuzungen zwischen den Wildarten <strong>P. lutea<\/strong> bzw. <strong>P. delavayii<\/strong> x Suffruticosa-Sorten zusammengefa\u00dft. Speziell Kreuzungen von <strong>P. lutea<\/strong> haben erst dazu gef\u00fchrt, da\u00df die Farbe Gelb Einzug in die Strauchp\u00e4onienz\u00fcchtung gefunden hat. Obwohl beide Wildarten, <strong>P. lutea<\/strong> and <strong>P. delavayii<\/strong>, endemisch in China vorkommen, wurden diese nie in der \u00fcber tausendj\u00e4hrigen Z\u00fcchtung in China verwandt.<\/p>\n\n\n\n<p>Erst die franz\u00f6sischen Z\u00fcchter Henry und Lemoine waren zu Beginn des letzten Jahrhundert bahnbrechend in dieser Z\u00fcchtung t\u00e4tig. Ihre Sorten sind auch heute noch bekannt und in Kultur. Aber auch hier hat der Amerikaner Prof. Arthur Percy Saunders die eigentlichen Meilensteine in der Z\u00fcchtung gesetzt.<\/p>\n\n\n\n<p>Die franz\u00f6sischen Z\u00fcchter waren die ersten, die diese Wildarten eingekreuzt haben, aber was den Wuchs und die Bl\u00fctenqualit\u00e4t betrifft hat Saunders Zuchtprogramm deutlich weiter gefasste Ziele gehabt. Dutzende sehr bekannter Sorten aus der Saunders-Z\u00fcchtung sind heute noch der Beweis daf\u00fcr. Sein Zuchtprogramm hat es den sp\u00e4teren Z\u00fcchtern Nassos Daphnis und David Reath es erst erm\u00f6glicht, eine eigene Z\u00fcchtung aufzubauen.<\/p>\n\n\n\n<p>Grunds\u00e4tzlich sind die Kreuzungshybriden der F1-Genaration von Saunders alle steril, doch per gl\u00fccklichem Zufall und unz\u00e4hligen Kreuzungsversuchen ist es Daphnis gelungen einige wenige Korn Saatgut zu erhalten, die dann die Grundlage f\u00fcr sp\u00e4tere Zuchtprogramme waren. Mit der folgende F2-Generation war die Sterilit\u00e4t gebrochen und von nun an bestand die M\u00f6glichkeit, auch Pflanzen mit anderen Farben als Gelb- oder Rott\u00f6nen mit diesem Wildblut zu z\u00fcchten. Auch die Intersektionellen Hybriden haben im Grunde genommen ihre Wurzeln in dieser Gruppe von Strauchp\u00e4onien.<\/p>\n\n\n\n<p>Ohne die Einkreuzung von <strong>P. lutea<\/strong> von Lemoine h\u00e4tte Toichi Ito keinen fertilen Kreuzungspartner (<strong>Alice Harding<\/strong>) f\u00fcr die ersten Z\u00fcchtungen gehabt. Ohne die Weiterentwicklung der Saunderssorten durch Reath w\u00e4ren die bekanntesten Intersektionellen Hybriden des amerikanischen Z\u00fcchters Anderson nicht entstanden.<\/p>\n\n\n\n<p>Charakteristisch f\u00fcr diese Gruppe ist das meist stark eingeschnittene Laub, die h\u00e4ufig leicht nickenden Bl\u00fcten und die, wie bei den <strong>Rockii-Hybrids<\/strong>, ausgepr\u00e4gte Neigung zur Seitentriebbildung aus der Basis heraus, sowie erh\u00f6hte Widerstandsf\u00e4higkiet gegen <strong>Botrytis<\/strong>. Die ausgewachsene Pflanze (nach 10-12 Jahren) wird 1,20 m -1,50 m hoch.<\/p>\n\n\n\n<p>Die Lutea-Hybriden sind ebenfalls sp\u00e4t austreibend und bl\u00fchen in der Regel als letzte in der Gruppe der Baump\u00e4onien, also noch nach den <strong>Rockii-Hybrids<\/strong>.<\/p>\n\n\n\n<div style=\"height:39px\" aria-hidden=\"true\" class=\"wp-block-spacer\"><\/div>\n\n\n\n<hr class=\"wp-block-separator is-style-wide\"\/>\n\n\n\n<p><strong><span style=\"color: var(--theme-palette-color-1, #c22365);\" class=\"stk-highlight\">Strauchp\u00e4onien &#8211; Beschreibung<\/span> | <a href=\"\/en\/product-category\/baumpaeonien\/\">Assortment<\/a> | <a href=\"\/en\/pflanzung-und-pflege-baumpaeonie\/\">Plant and Care <\/a>| <a href=\"\/en\/standort-und-duengung-baumpaeonie\/\">Culture and Fertilization<\/a><\/strong><\/p>","protected":false},"excerpt":{"rendered":"<p>Strauchpfingstrosen &#8211; Beschreibung Auch allgemein als Baump\u00e4onien bekannt. Die Strauchpfingstrosen geh\u00f6ren zu den edelsten Vertretern der Pfingstrosen und werden auch als die kaiserlichen Blumen bezeichnet. In Ihrem Herkunftsland China waren diese Pflanzen viele Jahrhunderte den Kaisern vorbehalten. Mit diesen Pflanzen wird in China schon seit \u00fcber 1000 Jahren gez\u00fcchtet. Die Staudenpfingstrosen dagegen hatten in China [&hellip;]<\/p>\n","protected":false},"author":2,"featured_media":0,"parent":0,"menu_order":0,"comment_status":"closed","ping_status":"closed","template":"","meta":{"footnotes":""},"class_list":["post-441","page","type-page","status-publish","hentry"],"blocksy_meta":{"styles_descriptor":{"styles":{"desktop":"","tablet":"","mobile":""},"google_fonts":[],"version":6}},"featured_image_urls":{"full":"","thumbnail":"","medium":"","medium_large":"","large":"","1536x1536":"","2048x2048":"","trp-custom-language-flag":"","ptam-block-post-grid-landscape":"","ptam-block-post-grid-square":"","ptam-block-post-grid-featured-landscape":"","woocommerce_archive_thumbnail":"","woocommerce_thumbnail":"","woocommerce_single":"","woocommerce_gallery_thumbnail":""},"post_excerpt_stackable":"<p>Strauchpfingstrosen &#8211; Beschreibung Auch allgemein als Baump\u00e4onien bekannt. Die Strauchpfingstrosen geh\u00f6ren zu den edelsten Vertretern der Pfingstrosen und werden auch als die kaiserlichen Blumen bezeichnet. In Ihrem Herkunftsland China waren diese Pflanzen viele Jahrhunderte den Kaisern vorbehalten. Mit diesen Pflanzen wird in China schon seit \u00fcber 1000 Jahren gez\u00fcchtet. Die Staudenpfingstrosen dagegen hatten in China l\u00e4ngst nicht den Stellenwert, der den Strauchp\u00e4onien einger\u00e4umt wurde. Daher wurde in diesem Land hier l\u00e4ngst nicht eine solch intensive Z\u00fcchtung betrieben, wie es bei den Strauchp\u00e4onien der Fall war. Unterschieden wird bei der Z\u00fcchtung der Strauchp\u00e4onien in drei Gruppen: \u2022 Suffruticosa Strauchp\u00e4onien\u2022 Rockii-Hybriden\u2022 Lutea-Hybriden&hellip;<\/p>\n","category_list":"","author_info":{"name":"max","url":"https:\/\/pfingstrosen-paradies.de\/en\/author\/max\/"},"comments_num":"0 comments","featured_image_urls_v2":{"full":"","thumbnail":"","medium":"","medium_large":"","large":"","1536x1536":"","2048x2048":"","trp-custom-language-flag":"","ptam-block-post-grid-landscape":"","ptam-block-post-grid-square":"","ptam-block-post-grid-featured-landscape":"","woocommerce_archive_thumbnail":"","woocommerce_thumbnail":"","woocommerce_single":"","woocommerce_gallery_thumbnail":""},"post_excerpt_stackable_v2":"<p>Strauchpfingstrosen &#8211; Beschreibung Auch allgemein als Baump\u00e4onien bekannt. Die Strauchpfingstrosen geh\u00f6ren zu den edelsten Vertretern der Pfingstrosen und werden auch als die kaiserlichen Blumen bezeichnet. In Ihrem Herkunftsland China waren diese Pflanzen viele Jahrhunderte den Kaisern vorbehalten. Mit diesen Pflanzen wird in China schon seit \u00fcber 1000 Jahren gez\u00fcchtet. Die Staudenpfingstrosen dagegen hatten in China l\u00e4ngst nicht den Stellenwert, der den Strauchp\u00e4onien einger\u00e4umt wurde. Daher wurde in diesem Land hier l\u00e4ngst nicht eine solch intensive Z\u00fcchtung betrieben, wie es bei den Strauchp\u00e4onien der Fall war. Unterschieden wird bei der Z\u00fcchtung der Strauchp\u00e4onien in drei Gruppen: \u2022 Suffruticosa Strauchp\u00e4onien\u2022 Rockii-Hybriden\u2022 Lutea-Hybriden&hellip;<\/p>\n","category_list_v2":"","author_info_v2":{"name":"max","url":"https:\/\/pfingstrosen-paradies.de\/en\/author\/max\/"},"comments_num_v2":"0 comments","yoast_head":"<!-- This site is optimized with the Yoast SEO plugin v27.1.1 - https:\/\/yoast.com\/product\/yoast-seo-wordpress\/ -->\n<title>Baump\u00e4onien | Beschreibung | Pfingstrosen-Paradies Tetzlaff<\/title>\n<meta name=\"description\" content=\"Strauchpfingstrosen - Beschreibung Auch allgemein als Baump\u00e4onien bekannt. Die Strauchpfingstrosen geh\u00f6ren zu den edelsten Vertretern der Pfingstrosen und\" \/>\n<meta name=\"robots\" content=\"index, follow, max-snippet:-1, max-image-preview:large, max-video-preview:-1\" \/>\n<link rel=\"canonical\" href=\"https:\/\/pfingstrosen-paradies.de\/en\/baumpaeonien-beschreibung\/\" \/>\n<meta property=\"og:locale\" content=\"en_GB\" \/>\n<meta property=\"og:type\" content=\"article\" \/>\n<meta property=\"og:title\" content=\"Baump\u00e4onien | Beschreibung | Pfingstrosen-Paradies Tetzlaff\" \/>\n<meta property=\"og:description\" content=\"Strauchpfingstrosen - Beschreibung Auch allgemein als Baump\u00e4onien bekannt. Die Strauchpfingstrosen geh\u00f6ren zu den edelsten Vertretern der Pfingstrosen und\" \/>\n<meta property=\"og:url\" content=\"https:\/\/pfingstrosen-paradies.de\/en\/baumpaeonien-beschreibung\/\" \/>\n<meta property=\"og:site_name\" content=\"Pfingstrosen-Paradies\" \/>\n<meta property=\"article:modified_time\" content=\"2022-02-08T14:42:37+00:00\" \/>\n<meta name=\"twitter:card\" content=\"summary_large_image\" \/>\n<meta name=\"twitter:label1\" content=\"Estimated reading time\" \/>\n\t<meta name=\"twitter:data1\" content=\"8 minutes\" \/>\n<script type=\"application\/ld+json\" class=\"yoast-schema-graph\">{\"@context\":\"https:\/\/schema.org\",\"@graph\":[{\"@type\":\"WebPage\",\"@id\":\"https:\/\/pfingstrosen-paradies.de\/baumpaeonien-beschreibung\/\",\"url\":\"https:\/\/pfingstrosen-paradies.de\/baumpaeonien-beschreibung\/\",\"name\":\"Baump\u00e4onien | Beschreibung | Pfingstrosen-Paradies Tetzlaff\",\"isPartOf\":{\"@id\":\"https:\/\/pfingstrosen-paradies.de\/#website\"},\"datePublished\":\"2021-03-17T22:45:15+00:00\",\"dateModified\":\"2022-02-08T14:42:37+00:00\",\"description\":\"Strauchpfingstrosen - Beschreibung Auch allgemein als Baump\u00e4onien bekannt. Die Strauchpfingstrosen geh\u00f6ren zu den edelsten Vertretern der Pfingstrosen und\",\"breadcrumb\":{\"@id\":\"https:\/\/pfingstrosen-paradies.de\/baumpaeonien-beschreibung\/#breadcrumb\"},\"inLanguage\":\"en-GB\",\"potentialAction\":[{\"@type\":\"ReadAction\",\"target\":[\"https:\/\/pfingstrosen-paradies.de\/baumpaeonien-beschreibung\/\"]}]},{\"@type\":\"BreadcrumbList\",\"@id\":\"https:\/\/pfingstrosen-paradies.de\/baumpaeonien-beschreibung\/#breadcrumb\",\"itemListElement\":[{\"@type\":\"ListItem\",\"position\":1,\"name\":\"Start\",\"item\":\"https:\/\/pfingstrosen-paradies.de\/\"},{\"@type\":\"ListItem\",\"position\":2,\"name\":\"Baump\u00e4onien | Beschreibung\"}]},{\"@type\":\"WebSite\",\"@id\":\"https:\/\/pfingstrosen-paradies.de\/#website\",\"url\":\"https:\/\/pfingstrosen-paradies.de\/\",\"name\":\"Pfingstrosen-Paradies\",\"description\":\"Fachg\u00e4rtnerei f\u00fcr Pfingstrosen\",\"publisher\":{\"@id\":\"https:\/\/pfingstrosen-paradies.de\/#organization\"},\"potentialAction\":[{\"@type\":\"SearchAction\",\"target\":{\"@type\":\"EntryPoint\",\"urlTemplate\":\"https:\/\/pfingstrosen-paradies.de\/?s={search_term_string}\"},\"query-input\":{\"@type\":\"PropertyValueSpecification\",\"valueRequired\":true,\"valueName\":\"search_term_string\"}}],\"inLanguage\":\"en-GB\"},{\"@type\":\"Organization\",\"@id\":\"https:\/\/pfingstrosen-paradies.de\/#organization\",\"name\":\"Pfingstrosen-Paradies\",\"url\":\"https:\/\/pfingstrosen-paradies.de\/\",\"logo\":{\"@type\":\"ImageObject\",\"inLanguage\":\"en-GB\",\"@id\":\"https:\/\/pfingstrosen-paradies.de\/#\/schema\/logo\/image\/\",\"url\":\"https:\/\/pfingstrosen-paradies.de\/wp-content\/uploads\/2021\/02\/logo-pfingstrosen.png\",\"contentUrl\":\"https:\/\/pfingstrosen-paradies.de\/wp-content\/uploads\/2021\/02\/logo-pfingstrosen.png\",\"width\":1568,\"height\":366,\"caption\":\"Pfingstrosen-Paradies\"},\"image\":{\"@id\":\"https:\/\/pfingstrosen-paradies.de\/#\/schema\/logo\/image\/\"}}]}<\/script>\n<!-- \/ Yoast SEO plugin. -->","yoast_head_json":{"title":"Baump\u00e4onien | Beschreibung | Pfingstrosen-Paradies Tetzlaff","description":"Strauchpfingstrosen - Beschreibung Auch allgemein als Baump\u00e4onien bekannt. Die Strauchpfingstrosen geh\u00f6ren zu den edelsten Vertretern der Pfingstrosen und","robots":{"index":"index","follow":"follow","max-snippet":"max-snippet:-1","max-image-preview":"max-image-preview:large","max-video-preview":"max-video-preview:-1"},"canonical":"https:\/\/pfingstrosen-paradies.de\/en\/baumpaeonien-beschreibung\/","og_locale":"en_GB","og_type":"article","og_title":"Baump\u00e4onien | Beschreibung | Pfingstrosen-Paradies Tetzlaff","og_description":"Strauchpfingstrosen - Beschreibung Auch allgemein als Baump\u00e4onien bekannt. Die Strauchpfingstrosen geh\u00f6ren zu den edelsten Vertretern der Pfingstrosen und","og_url":"https:\/\/pfingstrosen-paradies.de\/en\/baumpaeonien-beschreibung\/","og_site_name":"Pfingstrosen-Paradies","article_modified_time":"2022-02-08T14:42:37+00:00","twitter_card":"summary_large_image","twitter_misc":{"Estimated reading time":"8 minutes"},"schema":{"@context":"https:\/\/schema.org","@graph":[{"@type":"WebPage","@id":"https:\/\/pfingstrosen-paradies.de\/baumpaeonien-beschreibung\/","url":"https:\/\/pfingstrosen-paradies.de\/baumpaeonien-beschreibung\/","name":"Baump\u00e4onien | Beschreibung | Pfingstrosen-Paradies Tetzlaff","isPartOf":{"@id":"https:\/\/pfingstrosen-paradies.de\/#website"},"datePublished":"2021-03-17T22:45:15+00:00","dateModified":"2022-02-08T14:42:37+00:00","description":"Strauchpfingstrosen - Beschreibung Auch allgemein als Baump\u00e4onien bekannt. Die Strauchpfingstrosen geh\u00f6ren zu den edelsten Vertretern der Pfingstrosen und","breadcrumb":{"@id":"https:\/\/pfingstrosen-paradies.de\/baumpaeonien-beschreibung\/#breadcrumb"},"inLanguage":"en-GB","potentialAction":[{"@type":"ReadAction","target":["https:\/\/pfingstrosen-paradies.de\/baumpaeonien-beschreibung\/"]}]},{"@type":"BreadcrumbList","@id":"https:\/\/pfingstrosen-paradies.de\/baumpaeonien-beschreibung\/#breadcrumb","itemListElement":[{"@type":"ListItem","position":1,"name":"Start","item":"https:\/\/pfingstrosen-paradies.de\/"},{"@type":"ListItem","position":2,"name":"Baump\u00e4onien | Beschreibung"}]},{"@type":"WebSite","@id":"https:\/\/pfingstrosen-paradies.de\/#website","url":"https:\/\/pfingstrosen-paradies.de\/","name":"Pfingstrosen-Paradies","description":"Fachg\u00e4rtnerei f\u00fcr Pfingstrosen","publisher":{"@id":"https:\/\/pfingstrosen-paradies.de\/#organization"},"potentialAction":[{"@type":"SearchAction","target":{"@type":"EntryPoint","urlTemplate":"https:\/\/pfingstrosen-paradies.de\/?s={search_term_string}"},"query-input":{"@type":"PropertyValueSpecification","valueRequired":true,"valueName":"search_term_string"}}],"inLanguage":"en-GB"},{"@type":"Organization","@id":"https:\/\/pfingstrosen-paradies.de\/#organization","name":"Pfingstrosen-Paradies","url":"https:\/\/pfingstrosen-paradies.de\/","logo":{"@type":"ImageObject","inLanguage":"en-GB","@id":"https:\/\/pfingstrosen-paradies.de\/#\/schema\/logo\/image\/","url":"https:\/\/pfingstrosen-paradies.de\/wp-content\/uploads\/2021\/02\/logo-pfingstrosen.png","contentUrl":"https:\/\/pfingstrosen-paradies.de\/wp-content\/uploads\/2021\/02\/logo-pfingstrosen.png","width":1568,"height":366,"caption":"Pfingstrosen-Paradies"},"image":{"@id":"https:\/\/pfingstrosen-paradies.de\/#\/schema\/logo\/image\/"}}]}},"_links":{"self":[{"href":"https:\/\/pfingstrosen-paradies.de\/en\/wp-json\/wp\/v2\/pages\/441","targetHints":{"allow":["GET"]}}],"collection":[{"href":"https:\/\/pfingstrosen-paradies.de\/en\/wp-json\/wp\/v2\/pages"}],"about":[{"href":"https:\/\/pfingstrosen-paradies.de\/en\/wp-json\/wp\/v2\/types\/page"}],"author":[{"embeddable":true,"href":"https:\/\/pfingstrosen-paradies.de\/en\/wp-json\/wp\/v2\/users\/2"}],"replies":[{"embeddable":true,"href":"https:\/\/pfingstrosen-paradies.de\/en\/wp-json\/wp\/v2\/comments?post=441"}],"version-history":[{"count":0,"href":"https:\/\/pfingstrosen-paradies.de\/en\/wp-json\/wp\/v2\/pages\/441\/revisions"}],"wp:attachment":[{"href":"https:\/\/pfingstrosen-paradies.de\/en\/wp-json\/wp\/v2\/media?parent=441"}],"curies":[{"name":"wp","href":"https:\/\/api.w.org\/{rel}","templated":true}]}}