{"id":445,"date":"2021-03-17T23:49:22","date_gmt":"2021-03-17T22:49:22","guid":{"rendered":"https:\/\/pfingstrosen-paradies.de\/?page_id=445"},"modified":"2021-03-17T23:50:48","modified_gmt":"2021-03-17T22:50:48","slug":"standort-und-duengung-baumpaeonie","status":"publish","type":"page","link":"https:\/\/pfingstrosen-paradies.de\/en\/standort-und-duengung-baumpaeonie\/","title":{"rendered":"Standort und D\u00fcngung | Baump\u00e4onie"},"content":{"rendered":"<h1 class=\"wp-block-heading\">Standort und D\u00fcngung der Strauchpfingstrose<\/h1>\n\n\n\n<h2 class=\"wp-block-heading\">Welchen Standort brauchen Baump\u00e4onien?<\/h2>\n\n\n\n<p>Alle Pfingstrosen, egal ob Strauch oder Stauden, sind Tiefwurzler und bis auf wenige Ausnahmen (einige Wildarten) Sonnenkinder. Sie bevorzugen sonnige bis leicht halbschattige Standorte mit tiefgr\u00fcndigen B\u00f6den. Ein bis anderthalb Meter tief gehende Wurzeln sind durchaus g\u00e4ngig.<\/p>\n\n\n\n<h2 class=\"wp-block-heading\">Welche Boden- und Klimaanspr\u00fcche haben Strauchpfingstrosen?<\/h2>\n\n\n\n<p>Staunasse B\u00f6den m\u00fcssen, will man keinen Verlust erleiden, entsprechend tiefgr\u00fcndig aufgelockert werden und eventuell das Pflanzloch etwas mit Sand aufgearbeitet werden. Strauchp\u00e4onien reagieren wesentlich empfindlicher auf zu nasse B\u00f6den als Staudenpfingstrosen. Deshalb bevorzugen sie tendenziell leichtere B\u00f6den als ihre staudigen Verwandten. Sehr niederschlagsreiche Gebiete sind f\u00fcr sie eher ung\u00fcnstig. Grunds\u00e4tzlich l\u00e4\u00dft hier zur Widerstandsf\u00e4higkeit gegen\u00fcber ung\u00fcnstigen, sehr nassen Lagen sagen: Am widerstandsf\u00e4higsten sind die <strong>Rockii-Hybrids<\/strong>, direkt gefolgt von den <strong>Lutea-Hybrids<\/strong>. Die Suffruticosa-Sorten k\u00f6nnen in extrem Lagen problematisch in der Kultur sein (siehe Krankheiten und Sch\u00e4dlinge). Aber auch hier wie \u00fcberall in der Natur ist keine Gesetzm\u00e4\u00dfigkeit daraus abzuleiten. In niederschlagsreichen Regionen wie dem Allg\u00e4u mit durchaus 1200 mm Jahresniederschlag rate ich den Kunden von Suffruticosa-Sorten eher ab. Immer wieder bekomme ich dann von einzelnen Kunden zu h\u00f6ren, \u201ewir haben aber schon seit Jahren welche im Garten und die wachsen wunderbar\u201c. Das regionale Kleinklima ist hier nicht zu untersch\u00e4tzender Einflu\u00dffaktor.<\/p>\n\n\n\n<h2 class=\"wp-block-heading\">Wie werden Baumpfingstrosen ged\u00fcngt?<\/h2>\n\n\n\n<p>Auf eine mineralische Stickstoffd\u00fcngung sollte bei Strauchpfingstrosen generell verzichtet werden. Sie ben\u00f6tigen noch viel weniger N\u00e4hrstoffe als die Staudenpfingstrosen und die ben\u00f6tigte Menge Stickstoff (N) ist allemal im Boden vorhanden. Eine Phospor- und Kalid\u00fcngung im Sp\u00e4tsommer ist f\u00fcr die Ausreifung des Holzes und f\u00fcr die Bl\u00fctenbildung durchaus von Vorteil. Allerdings ist die ben\u00f6tigte Menge auch hier in den ersten zwei bis drei Jahren so gering, da\u00df in diesem Zeitraum auf diese D\u00fcngung verzichtet werden kann.<\/p>\n\n\n\n<h2 class=\"wp-block-heading\">Kann man andere Pflanzen neben Strauchpfingstrosen pflanzen?<\/h2>\n\n\n\n<p>Aufgrund ihres zu Beginn verhaltenen Wachstums haben Strauchpfingstrosen es schwer sich gegen Pflanzen zu behaupten, die ein stark ausgepr\u00e4gtes Wurzelwerk haben. Hierzu z\u00e4hlen zum Beispiel Forsythien, Fichten, Taxus, Bambus oder auch andere stark wachsende Gr\u00e4ser. Hier sollte man Pfingstrosen nicht in unmittelbarer N\u00e4he pflanzen, sondern etwas Abstand halten. Dann k\u00f6nnen sie sich auch in dieser Gesellschaft etablieren.<\/p>\n\n\n\n<div style=\"height:100px\" aria-hidden=\"true\" class=\"wp-block-spacer\"><\/div>","protected":false},"excerpt":{"rendered":"<p>Standort und D\u00fcngung der Strauchpfingstrose Welchen Standort brauchen Baump\u00e4onien? Alle Pfingstrosen, egal ob Strauch oder Stauden, sind Tiefwurzler und bis auf wenige Ausnahmen (einige Wildarten) Sonnenkinder. Sie bevorzugen sonnige bis leicht halbschattige Standorte mit tiefgr\u00fcndigen B\u00f6den. Ein bis anderthalb Meter tief gehende Wurzeln sind durchaus g\u00e4ngig. Welche Boden- und Klimaanspr\u00fcche haben Strauchpfingstrosen? Staunasse B\u00f6den m\u00fcssen, [&hellip;]<\/p>\n","protected":false},"author":2,"featured_media":0,"parent":0,"menu_order":0,"comment_status":"closed","ping_status":"closed","template":"","meta":{"footnotes":""},"class_list":["post-445","page","type-page","status-publish","hentry"],"blocksy_meta":{"styles_descriptor":{"styles":{"desktop":"","tablet":"","mobile":""},"google_fonts":[],"version":6}},"featured_image_urls":{"full":"","thumbnail":"","medium":"","medium_large":"","large":"","1536x1536":"","2048x2048":"","trp-custom-language-flag":"","ptam-block-post-grid-landscape":"","ptam-block-post-grid-square":"","ptam-block-post-grid-featured-landscape":"","woocommerce_archive_thumbnail":"","woocommerce_thumbnail":"","woocommerce_single":"","woocommerce_gallery_thumbnail":""},"post_excerpt_stackable":"<p>Standort und D\u00fcngung der Strauchpfingstrose Welchen Standort brauchen Baump\u00e4onien? Alle Pfingstrosen, egal ob Strauch oder Stauden, sind Tiefwurzler und bis auf wenige Ausnahmen (einige Wildarten) Sonnenkinder. Sie bevorzugen sonnige bis leicht halbschattige Standorte mit tiefgr\u00fcndigen B\u00f6den. Ein bis anderthalb Meter tief gehende Wurzeln sind durchaus g\u00e4ngig. Welche Boden- und Klimaanspr\u00fcche haben Strauchpfingstrosen? Staunasse B\u00f6den m\u00fcssen, will man keinen Verlust erleiden, entsprechend tiefgr\u00fcndig aufgelockert werden und eventuell das Pflanzloch etwas mit Sand aufgearbeitet werden. Strauchp\u00e4onien reagieren wesentlich empfindlicher auf zu nasse B\u00f6den als Staudenpfingstrosen. Deshalb bevorzugen sie tendenziell leichtere B\u00f6den als ihre staudigen Verwandten. Sehr niederschlagsreiche Gebiete sind f\u00fcr sie eher&hellip;<\/p>\n","category_list":"","author_info":{"name":"max","url":"https:\/\/pfingstrosen-paradies.de\/en\/author\/max\/"},"comments_num":"0 comments","featured_image_urls_v2":{"full":"","thumbnail":"","medium":"","medium_large":"","large":"","1536x1536":"","2048x2048":"","trp-custom-language-flag":"","ptam-block-post-grid-landscape":"","ptam-block-post-grid-square":"","ptam-block-post-grid-featured-landscape":"","woocommerce_archive_thumbnail":"","woocommerce_thumbnail":"","woocommerce_single":"","woocommerce_gallery_thumbnail":""},"post_excerpt_stackable_v2":"<p>Standort und D\u00fcngung der Strauchpfingstrose Welchen Standort brauchen Baump\u00e4onien? Alle Pfingstrosen, egal ob Strauch oder Stauden, sind Tiefwurzler und bis auf wenige Ausnahmen (einige Wildarten) Sonnenkinder. Sie bevorzugen sonnige bis leicht halbschattige Standorte mit tiefgr\u00fcndigen B\u00f6den. Ein bis anderthalb Meter tief gehende Wurzeln sind durchaus g\u00e4ngig. Welche Boden- und Klimaanspr\u00fcche haben Strauchpfingstrosen? Staunasse B\u00f6den m\u00fcssen, will man keinen Verlust erleiden, entsprechend tiefgr\u00fcndig aufgelockert werden und eventuell das Pflanzloch etwas mit Sand aufgearbeitet werden. Strauchp\u00e4onien reagieren wesentlich empfindlicher auf zu nasse B\u00f6den als Staudenpfingstrosen. Deshalb bevorzugen sie tendenziell leichtere B\u00f6den als ihre staudigen Verwandten. Sehr niederschlagsreiche Gebiete sind f\u00fcr sie eher&hellip;<\/p>\n","category_list_v2":"","author_info_v2":{"name":"max","url":"https:\/\/pfingstrosen-paradies.de\/en\/author\/max\/"},"comments_num_v2":"0 comments","yoast_head":"<!-- This site is optimized with the Yoast SEO plugin v27.5 - https:\/\/yoast.com\/product\/yoast-seo-wordpress\/ -->\n<title>Standort und D\u00fcngung | Baump\u00e4onie | Pfingstrosen-Paradies Tetzlaff<\/title>\n<meta name=\"description\" content=\"Standort und D\u00fcngung der Strauchpfingstrose Welchen Standort brauchen Baump\u00e4onien? Alle Pfingstrosen, egal ob Strauch oder Stauden, sind Tiefwurzler und\" \/>\n<meta name=\"robots\" content=\"index, follow, max-snippet:-1, max-image-preview:large, max-video-preview:-1\" \/>\n<link rel=\"canonical\" href=\"https:\/\/pfingstrosen-paradies.de\/en\/standort-und-duengung-baumpaeonie\/\" \/>\n<meta property=\"og:locale\" content=\"en_GB\" \/>\n<meta property=\"og:type\" content=\"article\" \/>\n<meta property=\"og:title\" content=\"Standort und D\u00fcngung | Baump\u00e4onie | Pfingstrosen-Paradies Tetzlaff\" \/>\n<meta property=\"og:description\" content=\"Standort und D\u00fcngung der Strauchpfingstrose Welchen Standort brauchen Baump\u00e4onien? Alle Pfingstrosen, egal ob Strauch oder Stauden, sind Tiefwurzler und\" \/>\n<meta property=\"og:url\" content=\"https:\/\/pfingstrosen-paradies.de\/en\/standort-und-duengung-baumpaeonie\/\" \/>\n<meta property=\"og:site_name\" content=\"Pfingstrosen-Paradies\" \/>\n<meta property=\"article:modified_time\" content=\"2021-03-17T22:50:48+00:00\" \/>\n<meta name=\"twitter:card\" content=\"summary_large_image\" \/>\n<meta name=\"twitter:label1\" content=\"Estimated reading time\" \/>\n\t<meta name=\"twitter:data1\" content=\"2 minutes\" \/>\n<script type=\"application\/ld+json\" class=\"yoast-schema-graph\">{\"@context\":\"https:\\\/\\\/schema.org\",\"@graph\":[{\"@type\":\"WebPage\",\"@id\":\"https:\\\/\\\/pfingstrosen-paradies.de\\\/standort-und-duengung-baumpaeonie\\\/\",\"url\":\"https:\\\/\\\/pfingstrosen-paradies.de\\\/standort-und-duengung-baumpaeonie\\\/\",\"name\":\"Standort und D\u00fcngung | Baump\u00e4onie | Pfingstrosen-Paradies Tetzlaff\",\"isPartOf\":{\"@id\":\"https:\\\/\\\/pfingstrosen-paradies.de\\\/#website\"},\"datePublished\":\"2021-03-17T22:49:22+00:00\",\"dateModified\":\"2021-03-17T22:50:48+00:00\",\"description\":\"Standort und D\u00fcngung der Strauchpfingstrose Welchen Standort brauchen Baump\u00e4onien? Alle Pfingstrosen, egal ob Strauch oder Stauden, sind Tiefwurzler und\",\"breadcrumb\":{\"@id\":\"https:\\\/\\\/pfingstrosen-paradies.de\\\/standort-und-duengung-baumpaeonie\\\/#breadcrumb\"},\"inLanguage\":\"en-GB\",\"potentialAction\":[{\"@type\":\"ReadAction\",\"target\":[\"https:\\\/\\\/pfingstrosen-paradies.de\\\/standort-und-duengung-baumpaeonie\\\/\"]}]},{\"@type\":\"BreadcrumbList\",\"@id\":\"https:\\\/\\\/pfingstrosen-paradies.de\\\/standort-und-duengung-baumpaeonie\\\/#breadcrumb\",\"itemListElement\":[{\"@type\":\"ListItem\",\"position\":1,\"name\":\"Start\",\"item\":\"https:\\\/\\\/pfingstrosen-paradies.de\\\/\"},{\"@type\":\"ListItem\",\"position\":2,\"name\":\"Standort und D\u00fcngung | Baump\u00e4onie\"}]},{\"@type\":\"WebSite\",\"@id\":\"https:\\\/\\\/pfingstrosen-paradies.de\\\/#website\",\"url\":\"https:\\\/\\\/pfingstrosen-paradies.de\\\/\",\"name\":\"Pfingstrosen-Paradies\",\"description\":\"Fachg\u00e4rtnerei f\u00fcr Pfingstrosen\",\"publisher\":{\"@id\":\"https:\\\/\\\/pfingstrosen-paradies.de\\\/#organization\"},\"potentialAction\":[{\"@type\":\"SearchAction\",\"target\":{\"@type\":\"EntryPoint\",\"urlTemplate\":\"https:\\\/\\\/pfingstrosen-paradies.de\\\/?s={search_term_string}\"},\"query-input\":{\"@type\":\"PropertyValueSpecification\",\"valueRequired\":true,\"valueName\":\"search_term_string\"}}],\"inLanguage\":\"en-GB\"},{\"@type\":\"Organization\",\"@id\":\"https:\\\/\\\/pfingstrosen-paradies.de\\\/#organization\",\"name\":\"Pfingstrosen-Paradies\",\"url\":\"https:\\\/\\\/pfingstrosen-paradies.de\\\/\",\"logo\":{\"@type\":\"ImageObject\",\"inLanguage\":\"en-GB\",\"@id\":\"https:\\\/\\\/pfingstrosen-paradies.de\\\/#\\\/schema\\\/logo\\\/image\\\/\",\"url\":\"https:\\\/\\\/pfingstrosen-paradies.de\\\/wp-content\\\/uploads\\\/2021\\\/02\\\/logo-pfingstrosen.png\",\"contentUrl\":\"https:\\\/\\\/pfingstrosen-paradies.de\\\/wp-content\\\/uploads\\\/2021\\\/02\\\/logo-pfingstrosen.png\",\"width\":1568,\"height\":366,\"caption\":\"Pfingstrosen-Paradies\"},\"image\":{\"@id\":\"https:\\\/\\\/pfingstrosen-paradies.de\\\/#\\\/schema\\\/logo\\\/image\\\/\"}}]}<\/script>\n<!-- \/ Yoast SEO plugin. -->","yoast_head_json":{"title":"Standort und D\u00fcngung | Baump\u00e4onie | Pfingstrosen-Paradies Tetzlaff","description":"Standort und D\u00fcngung der Strauchpfingstrose Welchen Standort brauchen Baump\u00e4onien? Alle Pfingstrosen, egal ob Strauch oder Stauden, sind Tiefwurzler und","robots":{"index":"index","follow":"follow","max-snippet":"max-snippet:-1","max-image-preview":"max-image-preview:large","max-video-preview":"max-video-preview:-1"},"canonical":"https:\/\/pfingstrosen-paradies.de\/en\/standort-und-duengung-baumpaeonie\/","og_locale":"en_GB","og_type":"article","og_title":"Standort und D\u00fcngung | Baump\u00e4onie | Pfingstrosen-Paradies Tetzlaff","og_description":"Standort und D\u00fcngung der Strauchpfingstrose Welchen Standort brauchen Baump\u00e4onien? Alle Pfingstrosen, egal ob Strauch oder Stauden, sind Tiefwurzler und","og_url":"https:\/\/pfingstrosen-paradies.de\/en\/standort-und-duengung-baumpaeonie\/","og_site_name":"Pfingstrosen-Paradies","article_modified_time":"2021-03-17T22:50:48+00:00","twitter_card":"summary_large_image","twitter_misc":{"Estimated reading time":"2 minutes"},"schema":{"@context":"https:\/\/schema.org","@graph":[{"@type":"WebPage","@id":"https:\/\/pfingstrosen-paradies.de\/standort-und-duengung-baumpaeonie\/","url":"https:\/\/pfingstrosen-paradies.de\/standort-und-duengung-baumpaeonie\/","name":"Standort und D\u00fcngung | Baump\u00e4onie | Pfingstrosen-Paradies Tetzlaff","isPartOf":{"@id":"https:\/\/pfingstrosen-paradies.de\/#website"},"datePublished":"2021-03-17T22:49:22+00:00","dateModified":"2021-03-17T22:50:48+00:00","description":"Standort und D\u00fcngung der Strauchpfingstrose Welchen Standort brauchen Baump\u00e4onien? Alle Pfingstrosen, egal ob Strauch oder Stauden, sind Tiefwurzler und","breadcrumb":{"@id":"https:\/\/pfingstrosen-paradies.de\/standort-und-duengung-baumpaeonie\/#breadcrumb"},"inLanguage":"en-GB","potentialAction":[{"@type":"ReadAction","target":["https:\/\/pfingstrosen-paradies.de\/standort-und-duengung-baumpaeonie\/"]}]},{"@type":"BreadcrumbList","@id":"https:\/\/pfingstrosen-paradies.de\/standort-und-duengung-baumpaeonie\/#breadcrumb","itemListElement":[{"@type":"ListItem","position":1,"name":"Start","item":"https:\/\/pfingstrosen-paradies.de\/"},{"@type":"ListItem","position":2,"name":"Standort und D\u00fcngung | Baump\u00e4onie"}]},{"@type":"WebSite","@id":"https:\/\/pfingstrosen-paradies.de\/#website","url":"https:\/\/pfingstrosen-paradies.de\/","name":"Pfingstrosen-Paradies","description":"Fachg\u00e4rtnerei f\u00fcr Pfingstrosen","publisher":{"@id":"https:\/\/pfingstrosen-paradies.de\/#organization"},"potentialAction":[{"@type":"SearchAction","target":{"@type":"EntryPoint","urlTemplate":"https:\/\/pfingstrosen-paradies.de\/?s={search_term_string}"},"query-input":{"@type":"PropertyValueSpecification","valueRequired":true,"valueName":"search_term_string"}}],"inLanguage":"en-GB"},{"@type":"Organization","@id":"https:\/\/pfingstrosen-paradies.de\/#organization","name":"Pfingstrosen-Paradies","url":"https:\/\/pfingstrosen-paradies.de\/","logo":{"@type":"ImageObject","inLanguage":"en-GB","@id":"https:\/\/pfingstrosen-paradies.de\/#\/schema\/logo\/image\/","url":"https:\/\/pfingstrosen-paradies.de\/wp-content\/uploads\/2021\/02\/logo-pfingstrosen.png","contentUrl":"https:\/\/pfingstrosen-paradies.de\/wp-content\/uploads\/2021\/02\/logo-pfingstrosen.png","width":1568,"height":366,"caption":"Pfingstrosen-Paradies"},"image":{"@id":"https:\/\/pfingstrosen-paradies.de\/#\/schema\/logo\/image\/"}}]}},"_links":{"self":[{"href":"https:\/\/pfingstrosen-paradies.de\/en\/wp-json\/wp\/v2\/pages\/445","targetHints":{"allow":["GET"]}}],"collection":[{"href":"https:\/\/pfingstrosen-paradies.de\/en\/wp-json\/wp\/v2\/pages"}],"about":[{"href":"https:\/\/pfingstrosen-paradies.de\/en\/wp-json\/wp\/v2\/types\/page"}],"author":[{"embeddable":true,"href":"https:\/\/pfingstrosen-paradies.de\/en\/wp-json\/wp\/v2\/users\/2"}],"replies":[{"embeddable":true,"href":"https:\/\/pfingstrosen-paradies.de\/en\/wp-json\/wp\/v2\/comments?post=445"}],"version-history":[{"count":0,"href":"https:\/\/pfingstrosen-paradies.de\/en\/wp-json\/wp\/v2\/pages\/445\/revisions"}],"wp:attachment":[{"href":"https:\/\/pfingstrosen-paradies.de\/en\/wp-json\/wp\/v2\/media?parent=445"}],"curies":[{"name":"wp","href":"https:\/\/api.w.org\/{rel}","templated":true}]}}