{"id":451,"date":"2021-03-17T23:57:38","date_gmt":"2021-03-17T22:57:38","guid":{"rendered":"https:\/\/pfingstrosen-paradies.de\/?page_id=451"},"modified":"2022-02-08T15:27:58","modified_gmt":"2022-02-08T14:27:58","slug":"krankheiten-und-schaedlinge","status":"publish","type":"page","link":"https:\/\/pfingstrosen-paradies.de\/en\/krankheiten-und-schaedlinge\/","title":{"rendered":"Diseases | Pests"},"content":{"rendered":"<h1 class=\"wp-block-heading\" id=\"krankheiten-und-schadlinge\">Krankheiten und  Sch\u00e4dlinge<\/h1>\n\n\n\n<p>Im gro\u00dfen und ganzen geh\u00f6ren Pfingstrosen zu den Pflanzen, die mit sehr wenigen Sch\u00e4dlingen zu k\u00e4mpfen haben.<\/p>\n\n\n\n<p>L\u00e4use- und Raupenbefall kennen sie zum Beispiel \u00fcberhaupt nicht. Auch Schnecken greifen diese Pflanzen nur h\u00f6chst selten an.<\/p>\n\n\n\n<p>Pfingstrosenbl\u00fcten werden gerne von Ameisen besucht. Aber nur, um den von den Knospen gebildeten klebrigen Zucker zu fressen. Sie richten keinen Schaden an den Bl\u00fcten an.<\/p>\n\n\n\n<p>Aber ein paar wenige Krankheiten und Sch\u00e4dlinge gibt es schon, die wir im Folgenden kurz aufzeigen m\u00f6chten.<\/p>\n\n\n\n<p>&#8211; <strong><a href=\"\/en\/pilzkrankheiten\/\">Fungal Diseases<\/a><\/strong><br>&#8211; <strong><a href=\"\/en\/tierische-schaedlinge\/\">Pests<\/a><\/strong><br>&#8211; <strong><a href=\"\/en\/sonstige-schaeden\/\">Others Harms<\/a><\/strong><br>&#8211; <strong><a href=\"\/en\/homo-nordeuropaeicus\/\">Homo nordeuropaeicus ssp. horticus var. trampelensis<\/a><\/strong><\/p>\n\n\n\n<div style=\"height:100px\" aria-hidden=\"true\" class=\"wp-block-spacer\"><\/div>","protected":false},"excerpt":{"rendered":"<p>Krankheiten und Sch\u00e4dlinge Im gro\u00dfen und ganzen geh\u00f6ren Pfingstrosen zu den Pflanzen, die mit sehr wenigen Sch\u00e4dlingen zu k\u00e4mpfen haben. L\u00e4use- und Raupenbefall kennen sie zum Beispiel \u00fcberhaupt nicht. Auch Schnecken greifen diese Pflanzen nur h\u00f6chst selten an. Pfingstrosenbl\u00fcten werden gerne von Ameisen besucht. Aber nur, um den von den Knospen gebildeten klebrigen Zucker zu [&hellip;]<\/p>\n","protected":false},"author":2,"featured_media":0,"parent":0,"menu_order":0,"comment_status":"closed","ping_status":"closed","template":"","meta":{"footnotes":""},"class_list":["post-451","page","type-page","status-publish","hentry"],"blocksy_meta":{"styles_descriptor":{"styles":{"desktop":"","tablet":"","mobile":""},"google_fonts":[],"version":6}},"featured_image_urls":{"full":"","thumbnail":"","medium":"","medium_large":"","large":"","1536x1536":"","2048x2048":"","trp-custom-language-flag":"","ptam-block-post-grid-landscape":"","ptam-block-post-grid-square":"","ptam-block-post-grid-featured-landscape":"","woocommerce_archive_thumbnail":"","woocommerce_thumbnail":"","woocommerce_single":"","woocommerce_gallery_thumbnail":""},"post_excerpt_stackable":"<p>Krankheiten und Sch\u00e4dlinge Im gro\u00dfen und ganzen geh\u00f6ren Pfingstrosen zu den Pflanzen, die mit sehr wenigen Sch\u00e4dlingen zu k\u00e4mpfen haben. L\u00e4use- und Raupenbefall kennen sie zum Beispiel \u00fcberhaupt nicht. Auch Schnecken greifen diese Pflanzen nur h\u00f6chst selten an. Pfingstrosenbl\u00fcten werden gerne von Ameisen besucht. Aber nur, um den von den Knospen gebildeten klebrigen Zucker zu fressen. Sie richten keinen Schaden an den Bl\u00fcten an. Aber ein paar wenige Krankheiten und Sch\u00e4dlinge gibt es schon, die wir im Folgenden kurz aufzeigen m\u00f6chten. &#8211; Pilzkrankheiten&#8211; Tierische Sch\u00e4dlinge&#8211; Sonstige Sch\u00e4den&#8211; Homo nordeuropaeicus ssp. horticus var. trampelensis<\/p>\n","category_list":"","author_info":{"name":"max","url":"https:\/\/pfingstrosen-paradies.de\/en\/author\/max\/"},"comments_num":"0 comments","featured_image_urls_v2":{"full":"","thumbnail":"","medium":"","medium_large":"","large":"","1536x1536":"","2048x2048":"","trp-custom-language-flag":"","ptam-block-post-grid-landscape":"","ptam-block-post-grid-square":"","ptam-block-post-grid-featured-landscape":"","woocommerce_archive_thumbnail":"","woocommerce_thumbnail":"","woocommerce_single":"","woocommerce_gallery_thumbnail":""},"post_excerpt_stackable_v2":"<p>Krankheiten und Sch\u00e4dlinge Im gro\u00dfen und ganzen geh\u00f6ren Pfingstrosen zu den Pflanzen, die mit sehr wenigen Sch\u00e4dlingen zu k\u00e4mpfen haben. L\u00e4use- und Raupenbefall kennen sie zum Beispiel \u00fcberhaupt nicht. Auch Schnecken greifen diese Pflanzen nur h\u00f6chst selten an. Pfingstrosenbl\u00fcten werden gerne von Ameisen besucht. Aber nur, um den von den Knospen gebildeten klebrigen Zucker zu fressen. Sie richten keinen Schaden an den Bl\u00fcten an. Aber ein paar wenige Krankheiten und Sch\u00e4dlinge gibt es schon, die wir im Folgenden kurz aufzeigen m\u00f6chten. &#8211; Pilzkrankheiten&#8211; Tierische Sch\u00e4dlinge&#8211; Sonstige Sch\u00e4den&#8211; Homo nordeuropaeicus ssp. horticus var. trampelensis<\/p>\n","category_list_v2":"","author_info_v2":{"name":"max","url":"https:\/\/pfingstrosen-paradies.de\/en\/author\/max\/"},"comments_num_v2":"0 comments","yoast_head":"<!-- This site is optimized with the Yoast SEO plugin v27.5 - https:\/\/yoast.com\/product\/yoast-seo-wordpress\/ -->\n<title>Krankheiten und Sch\u00e4dlinge | Pfingstrosen-Paradies Tetzlaff<\/title>\n<meta name=\"description\" content=\"Krankheiten und Sch\u00e4dlinge Im gro\u00dfen und ganzen geh\u00f6ren Pfingstrosen zu den Pflanzen, die mit sehr wenigen Sch\u00e4dlingen zu k\u00e4mpfen haben. L\u00e4use- und\" \/>\n<meta name=\"robots\" content=\"index, follow, max-snippet:-1, max-image-preview:large, max-video-preview:-1\" \/>\n<link rel=\"canonical\" href=\"https:\/\/pfingstrosen-paradies.de\/en\/krankheiten-und-schaedlinge\/\" \/>\n<meta property=\"og:locale\" content=\"en_GB\" \/>\n<meta property=\"og:type\" content=\"article\" \/>\n<meta property=\"og:title\" content=\"Krankheiten und Sch\u00e4dlinge | Pfingstrosen-Paradies Tetzlaff\" \/>\n<meta property=\"og:description\" content=\"Krankheiten und Sch\u00e4dlinge Im gro\u00dfen und ganzen geh\u00f6ren Pfingstrosen zu den Pflanzen, die mit sehr wenigen Sch\u00e4dlingen zu k\u00e4mpfen haben. L\u00e4use- und\" \/>\n<meta property=\"og:url\" content=\"https:\/\/pfingstrosen-paradies.de\/en\/krankheiten-und-schaedlinge\/\" \/>\n<meta property=\"og:site_name\" content=\"Pfingstrosen-Paradies\" \/>\n<meta property=\"article:modified_time\" content=\"2022-02-08T14:27:58+00:00\" \/>\n<meta name=\"twitter:card\" content=\"summary_large_image\" \/>\n<meta name=\"twitter:label1\" content=\"Estimated reading time\" \/>\n\t<meta name=\"twitter:data1\" content=\"1 minute\" \/>\n<script type=\"application\/ld+json\" class=\"yoast-schema-graph\">{\"@context\":\"https:\\\/\\\/schema.org\",\"@graph\":[{\"@type\":\"WebPage\",\"@id\":\"https:\\\/\\\/pfingstrosen-paradies.de\\\/krankheiten-und-schaedlinge\\\/\",\"url\":\"https:\\\/\\\/pfingstrosen-paradies.de\\\/krankheiten-und-schaedlinge\\\/\",\"name\":\"Krankheiten und Sch\u00e4dlinge | Pfingstrosen-Paradies Tetzlaff\",\"isPartOf\":{\"@id\":\"https:\\\/\\\/pfingstrosen-paradies.de\\\/#website\"},\"datePublished\":\"2021-03-17T22:57:38+00:00\",\"dateModified\":\"2022-02-08T14:27:58+00:00\",\"description\":\"Krankheiten und Sch\u00e4dlinge Im gro\u00dfen und ganzen geh\u00f6ren Pfingstrosen zu den Pflanzen, die mit sehr wenigen Sch\u00e4dlingen zu k\u00e4mpfen haben. L\u00e4use- und\",\"breadcrumb\":{\"@id\":\"https:\\\/\\\/pfingstrosen-paradies.de\\\/krankheiten-und-schaedlinge\\\/#breadcrumb\"},\"inLanguage\":\"en-GB\",\"potentialAction\":[{\"@type\":\"ReadAction\",\"target\":[\"https:\\\/\\\/pfingstrosen-paradies.de\\\/krankheiten-und-schaedlinge\\\/\"]}]},{\"@type\":\"BreadcrumbList\",\"@id\":\"https:\\\/\\\/pfingstrosen-paradies.de\\\/krankheiten-und-schaedlinge\\\/#breadcrumb\",\"itemListElement\":[{\"@type\":\"ListItem\",\"position\":1,\"name\":\"Start\",\"item\":\"https:\\\/\\\/pfingstrosen-paradies.de\\\/\"},{\"@type\":\"ListItem\",\"position\":2,\"name\":\"Krankheiten und Sch\u00e4dlinge\"}]},{\"@type\":\"WebSite\",\"@id\":\"https:\\\/\\\/pfingstrosen-paradies.de\\\/#website\",\"url\":\"https:\\\/\\\/pfingstrosen-paradies.de\\\/\",\"name\":\"Pfingstrosen-Paradies\",\"description\":\"Fachg\u00e4rtnerei f\u00fcr Pfingstrosen\",\"publisher\":{\"@id\":\"https:\\\/\\\/pfingstrosen-paradies.de\\\/#organization\"},\"potentialAction\":[{\"@type\":\"SearchAction\",\"target\":{\"@type\":\"EntryPoint\",\"urlTemplate\":\"https:\\\/\\\/pfingstrosen-paradies.de\\\/?s={search_term_string}\"},\"query-input\":{\"@type\":\"PropertyValueSpecification\",\"valueRequired\":true,\"valueName\":\"search_term_string\"}}],\"inLanguage\":\"en-GB\"},{\"@type\":\"Organization\",\"@id\":\"https:\\\/\\\/pfingstrosen-paradies.de\\\/#organization\",\"name\":\"Pfingstrosen-Paradies\",\"url\":\"https:\\\/\\\/pfingstrosen-paradies.de\\\/\",\"logo\":{\"@type\":\"ImageObject\",\"inLanguage\":\"en-GB\",\"@id\":\"https:\\\/\\\/pfingstrosen-paradies.de\\\/#\\\/schema\\\/logo\\\/image\\\/\",\"url\":\"https:\\\/\\\/pfingstrosen-paradies.de\\\/wp-content\\\/uploads\\\/2021\\\/02\\\/logo-pfingstrosen.png\",\"contentUrl\":\"https:\\\/\\\/pfingstrosen-paradies.de\\\/wp-content\\\/uploads\\\/2021\\\/02\\\/logo-pfingstrosen.png\",\"width\":1568,\"height\":366,\"caption\":\"Pfingstrosen-Paradies\"},\"image\":{\"@id\":\"https:\\\/\\\/pfingstrosen-paradies.de\\\/#\\\/schema\\\/logo\\\/image\\\/\"}}]}<\/script>\n<!-- \/ Yoast SEO plugin. -->","yoast_head_json":{"title":"Krankheiten und Sch\u00e4dlinge | Pfingstrosen-Paradies Tetzlaff","description":"Krankheiten und Sch\u00e4dlinge Im gro\u00dfen und ganzen geh\u00f6ren Pfingstrosen zu den Pflanzen, die mit sehr wenigen Sch\u00e4dlingen zu k\u00e4mpfen haben. L\u00e4use- und","robots":{"index":"index","follow":"follow","max-snippet":"max-snippet:-1","max-image-preview":"max-image-preview:large","max-video-preview":"max-video-preview:-1"},"canonical":"https:\/\/pfingstrosen-paradies.de\/en\/krankheiten-und-schaedlinge\/","og_locale":"en_GB","og_type":"article","og_title":"Krankheiten und Sch\u00e4dlinge | Pfingstrosen-Paradies Tetzlaff","og_description":"Krankheiten und Sch\u00e4dlinge Im gro\u00dfen und ganzen geh\u00f6ren Pfingstrosen zu den Pflanzen, die mit sehr wenigen Sch\u00e4dlingen zu k\u00e4mpfen haben. L\u00e4use- und","og_url":"https:\/\/pfingstrosen-paradies.de\/en\/krankheiten-und-schaedlinge\/","og_site_name":"Pfingstrosen-Paradies","article_modified_time":"2022-02-08T14:27:58+00:00","twitter_card":"summary_large_image","twitter_misc":{"Estimated reading time":"1 minute"},"schema":{"@context":"https:\/\/schema.org","@graph":[{"@type":"WebPage","@id":"https:\/\/pfingstrosen-paradies.de\/krankheiten-und-schaedlinge\/","url":"https:\/\/pfingstrosen-paradies.de\/krankheiten-und-schaedlinge\/","name":"Krankheiten und Sch\u00e4dlinge | Pfingstrosen-Paradies Tetzlaff","isPartOf":{"@id":"https:\/\/pfingstrosen-paradies.de\/#website"},"datePublished":"2021-03-17T22:57:38+00:00","dateModified":"2022-02-08T14:27:58+00:00","description":"Krankheiten und Sch\u00e4dlinge Im gro\u00dfen und ganzen geh\u00f6ren Pfingstrosen zu den Pflanzen, die mit sehr wenigen Sch\u00e4dlingen zu k\u00e4mpfen haben. L\u00e4use- und","breadcrumb":{"@id":"https:\/\/pfingstrosen-paradies.de\/krankheiten-und-schaedlinge\/#breadcrumb"},"inLanguage":"en-GB","potentialAction":[{"@type":"ReadAction","target":["https:\/\/pfingstrosen-paradies.de\/krankheiten-und-schaedlinge\/"]}]},{"@type":"BreadcrumbList","@id":"https:\/\/pfingstrosen-paradies.de\/krankheiten-und-schaedlinge\/#breadcrumb","itemListElement":[{"@type":"ListItem","position":1,"name":"Start","item":"https:\/\/pfingstrosen-paradies.de\/"},{"@type":"ListItem","position":2,"name":"Krankheiten und Sch\u00e4dlinge"}]},{"@type":"WebSite","@id":"https:\/\/pfingstrosen-paradies.de\/#website","url":"https:\/\/pfingstrosen-paradies.de\/","name":"Pfingstrosen-Paradies","description":"Fachg\u00e4rtnerei f\u00fcr Pfingstrosen","publisher":{"@id":"https:\/\/pfingstrosen-paradies.de\/#organization"},"potentialAction":[{"@type":"SearchAction","target":{"@type":"EntryPoint","urlTemplate":"https:\/\/pfingstrosen-paradies.de\/?s={search_term_string}"},"query-input":{"@type":"PropertyValueSpecification","valueRequired":true,"valueName":"search_term_string"}}],"inLanguage":"en-GB"},{"@type":"Organization","@id":"https:\/\/pfingstrosen-paradies.de\/#organization","name":"Pfingstrosen-Paradies","url":"https:\/\/pfingstrosen-paradies.de\/","logo":{"@type":"ImageObject","inLanguage":"en-GB","@id":"https:\/\/pfingstrosen-paradies.de\/#\/schema\/logo\/image\/","url":"https:\/\/pfingstrosen-paradies.de\/wp-content\/uploads\/2021\/02\/logo-pfingstrosen.png","contentUrl":"https:\/\/pfingstrosen-paradies.de\/wp-content\/uploads\/2021\/02\/logo-pfingstrosen.png","width":1568,"height":366,"caption":"Pfingstrosen-Paradies"},"image":{"@id":"https:\/\/pfingstrosen-paradies.de\/#\/schema\/logo\/image\/"}}]}},"_links":{"self":[{"href":"https:\/\/pfingstrosen-paradies.de\/en\/wp-json\/wp\/v2\/pages\/451","targetHints":{"allow":["GET"]}}],"collection":[{"href":"https:\/\/pfingstrosen-paradies.de\/en\/wp-json\/wp\/v2\/pages"}],"about":[{"href":"https:\/\/pfingstrosen-paradies.de\/en\/wp-json\/wp\/v2\/types\/page"}],"author":[{"embeddable":true,"href":"https:\/\/pfingstrosen-paradies.de\/en\/wp-json\/wp\/v2\/users\/2"}],"replies":[{"embeddable":true,"href":"https:\/\/pfingstrosen-paradies.de\/en\/wp-json\/wp\/v2\/comments?post=451"}],"version-history":[{"count":0,"href":"https:\/\/pfingstrosen-paradies.de\/en\/wp-json\/wp\/v2\/pages\/451\/revisions"}],"wp:attachment":[{"href":"https:\/\/pfingstrosen-paradies.de\/en\/wp-json\/wp\/v2\/media?parent=451"}],"curies":[{"name":"wp","href":"https:\/\/api.w.org\/{rel}","templated":true}]}}