{"id":498,"date":"2021-03-19T20:15:03","date_gmt":"2021-03-19T19:15:03","guid":{"rendered":"https:\/\/pfingstrosen-paradies.de\/?page_id=498"},"modified":"2023-02-24T10:00:02","modified_gmt":"2023-02-24T09:00:02","slug":"impressum","status":"publish","type":"page","link":"https:\/\/pfingstrosen-paradies.de\/en\/impressum\/","title":{"rendered":"Imprint"},"content":{"rendered":"<h2 class=\"wp-block-heading\" id=\"impressum\"><span class=\"stk-highlight\">Imprint<\/span><\/h2>\n\n\n\n<hr class=\"wp-block-separator has-css-opacity is-style-wide\"\/>\n\n\n\n<p><strong>Pfingstrosen-Paradies<\/strong> <strong>GbR<\/strong><\/p>\n\n\n\n<p>Stephan Tetzlaff, Max Tetzlaff<br>Im Weidendahl 1<br>41516 Grevenbroich<\/p>\n\n\n\n<p>Telefon: 02182-5731694<br>Telefax: 02182-5731695 (ggf. mehrfach versuchen!)<br>Internet: <a href=\"https:\/\/pfingstrosen-paradies.de\/en\/\">www.pfingstrosen-paradies.de<\/a><br>E-Mail: <a href=\"mailto:info@pfingstrosen-paradies.de\">info@pfingstrosen-paradies.de(Link sendet E-Mail)<\/a><\/p>\n\n\n\n<p>Umsatzsteuer-Identifikationsnummer gem\u00e4\u00df \u00a7 27a &#8211; USt-IdNr.: DE355811122<\/p>\n\n\n\n<p>Verantwortlich f\u00fcr Inhalte: Stephan Tetzlaff und Max Tetzlaff<\/p>\n\n\n\n<div style=\"height:25px\" aria-hidden=\"true\" class=\"wp-block-spacer\"><\/div>\n\n\n\n<p>WordPress-Theme: <a href=\"https:\/\/creativethemes.com\/blocksy\/\">https:\/\/creativethemes.com\/blocksy\/<\/a><\/p>\n\n\n\n<hr class=\"wp-block-separator has-css-opacity is-style-wide\"\/>\n\n\n\n<p><strong>Informationen zur Online-Streitbeilegung gem\u00e4\u00df Art. 14 Abs. 1 ODR-VO:<\/strong><br>Plattform der EU-Kommission zur Online-Streitbeilegung:<a href=\"http:\/\/ec.europa.eu\/consumers\/odr\" target=\"_blank\" rel=\"noreferrer noopener\"> http:\/\/ec.europa.eu\/consumers\/odr<\/a><br>Wir sind zur Teilnahme an einem Streitbeilegungsverfahren vor einer Verbraucherschlichtungsstelle weder verpflichtet noch bereit.<\/p>\n\n\n\n<p><strong>Privacy Policy<\/strong><br>Beim Ausf\u00fcllen der Bestellung und des Kontaktformulars werden Sie um Angabe pers\u00f6nlicher Daten gebeten. Diese werden lediglich dazu ben\u00f6tigt, Ihre Bestellung durchzuf\u00fchren oder ihre Mitteilung zu beantworten. Wir sichern Ihnen die Vertraulichkeit Ihrer Daten zu. Ihre Angaben werden entsprechend dem geltenden Datenschutzrecht behandelt. Ihre personenbezogenen Daten werden nicht an Dritte weitergegeben. Weitere Information dazu finden Sie in unserer <a href=\"https:\/\/pfingstrosen-paradies.de\/en\/datenschutzerklaerung\/\">Privacy Policy<\/a>.<\/p>\n\n\n\n<p><strong>Allgemeine Gesch\u00e4ftsbedingung<\/strong><\/p>\n\n\n\n<p>Unsere allgemeine Gesch\u00e4ftsbedingung (AGB) finden sie hier: <a href=\"\/en\/agb\/\">www.pfingstrosen-paradies.de\/agb<\/a><\/p>\n\n\n\n<p><strong>Copyright<\/strong><br>Diese Webseiten und deren Inhalte sind urheberrechtlich gesch\u00fctzt.<br>Eine Vervielf\u00e4ltigung oder Verwendung von Grafiken, Bildern oder Texten in anderen elektronischen oder gedruckten Publikationen ist ohne ausdr\u00fcckliche vorherige Zustimmung nicht gestattet.<\/p>\n\n\n\n<h3 class=\"wp-block-heading\" id=\"haftungsausschluss-disclaimer\"><strong>Haftungsausschluss (Disclaimer)<\/strong><\/h3>\n\n\n\n<p>Alle in dieser Internetseite enthaltenen Informationen und Angaben wurden von uns sorgf\u00e4ltig recherchiert und gepr\u00fcft. Eine Haftung oder Garantie f\u00fcr die Aktualit\u00e4t, Richtigkeit und Vollst\u00e4ndigkeit der zur Verf\u00fcgung gestellten Daten und Informationen ist jedoch ausgeschlossen. Trotz sorgf\u00e4ltiger inhaltlicher Kontrolle \u00fcbernehmen wir keine Haftung jeglicher Art f\u00fcr die Inhalte externer Links. F\u00fcr den Inhalt von evtl. verlinkten Seiten sind ausschlie\u00dflich deren Betreiber verantwortlich.<\/p>\n\n\n\n<p><strong>Haftung f\u00fcr Inhalte<\/strong><\/p>\n\n\n\n<p>Als Diensteanbieter sind wir gem\u00e4\u00df \u00a7 7 Abs.1 TMG f\u00fcr eigene Inhalte auf diesen Seiten nach den allgemeinen Gesetzen verantwortlich. Nach \u00a7\u00a7 8 bis 10 TMG sind wir als Diensteanbieter jedoch nicht verpflichtet, \u00fcbermittelte oder gespeicherte fremde Informationen zu \u00fcberwachen oder nach Umst\u00e4nden zu forschen, die auf eine rechtswidrige T\u00e4tigkeit hinweisen. Verpflichtungen zur Entfernung oder Sperrung der Nutzung von Informationen nach den allgemeinen Gesetzen bleiben hiervon unber\u00fchrt. Eine diesbez\u00fcgliche Haftung ist jedoch erst ab dem Zeitpunkt der Kenntnis einer konkreten Rechtsverletzung m\u00f6glich. Bei Bekanntwerden von entsprechenden Rechtsverletzungen werden wir diese Inhalte umgehend entfernen.<\/p>\n\n\n\n<p><strong>Haftung f\u00fcr Links<\/strong><\/p>\n\n\n\n<p>Unser Angebot enth\u00e4lt Links zu externen Webseiten Dritter, auf deren Inhalte wir keinen Einfluss haben. Deshalb k\u00f6nnen wir f\u00fcr diese fremden Inhalte auch keine Gew\u00e4hr \u00fcbernehmen. F\u00fcr die Inhalte der verlinkten Seiten ist stets der jeweilige Anbieter oder Betreiber der Seiten verantwortlich. Die verlinkten Seiten wurden zum Zeitpunkt der Verlinkung auf m\u00f6gliche Rechtsverst\u00f6\u00dfe \u00fcberpr\u00fcft. Rechtswidrige Inhalte waren zum Zeitpunkt der Verlinkung nicht erkennbar. Eine permanente inhaltliche Kontrolle der verlinkten Seiten ist jedoch ohne konkrete Anhaltspunkte einer Rechtsverletzung nicht zumutbar. Bei Bekanntwerden von Rechtsverletzungen werden wir derartige Links umgehend entfernen.<\/p>\n\n\n\n<p><strong>Urheberrecht<\/strong><\/p>\n\n\n\n<p>Die durch die Seitenbetreiber erstellten Inhalte und Werke auf diesen Seiten unterliegen dem deutschen Urheberrecht. Die Vervielf\u00e4ltigung, Bearbeitung, Verbreitung und jede Art der Verwertung au\u00dferhalb der Grenzen des Urheberrechtes bed\u00fcrfen der schriftlichen Zustimmung des jeweiligen Autors bzw. Erstellers. Downloads und Kopien dieser Seite sind nur f\u00fcr den privaten, nicht kommerziellen Gebrauch gestattet. Soweit die Inhalte auf dieser Seite nicht vom Betreiber erstellt wurden, werden die Urheberrechte Dritter beachtet. Insbesondere werden Inhalte Dritter als solche gekennzeichnet. Sollten Sie trotzdem auf eine Urheberrechtsverletzung aufmerksam werden, bitten wir um einen entsprechenden Hinweis. Bei Bekanntwerden von Rechtsverletzungen werden wir derartige Inhalte umgehend entfernen.<\/p>\n\n\n\n<p><\/p>","protected":false},"excerpt":{"rendered":"<p>Impressum Pfingstrosen-Paradies GbR Stephan Tetzlaff, Max TetzlaffIm Weidendahl 141516 Grevenbroich Telefon: 02182-5731694Telefax: 02182-5731695 (ggf. mehrfach versuchen!)Internet: www.pfingstrosen-paradies.deE-Mail: info@pfingstrosen-paradies.de(Link sendet E-Mail) Umsatzsteuer-Identifikationsnummer gem\u00e4\u00df \u00a7 27a &#8211; USt-IdNr.: DE355811122 Verantwortlich f\u00fcr Inhalte: Stephan Tetzlaff und Max Tetzlaff WordPress-Theme: https:\/\/creativethemes.com\/blocksy\/ Informationen zur Online-Streitbeilegung gem\u00e4\u00df Art. 14 Abs. 1 ODR-VO:Plattform der EU-Kommission zur Online-Streitbeilegung: http:\/\/ec.europa.eu\/consumers\/odrWir sind zur Teilnahme an [&hellip;]<\/p>\n","protected":false},"author":2,"featured_media":0,"parent":0,"menu_order":0,"comment_status":"closed","ping_status":"closed","template":"","meta":{"footnotes":""},"class_list":["post-498","page","type-page","status-publish","hentry"],"blocksy_meta":{"styles_descriptor":{"styles":{"desktop":"","tablet":"","mobile":""},"google_fonts":[],"version":6}},"featured_image_urls":{"full":"","thumbnail":"","medium":"","medium_large":"","large":"","1536x1536":"","2048x2048":"","trp-custom-language-flag":"","ptam-block-post-grid-landscape":"","ptam-block-post-grid-square":"","ptam-block-post-grid-featured-landscape":"","woocommerce_archive_thumbnail":"","woocommerce_thumbnail":"","woocommerce_single":"","woocommerce_gallery_thumbnail":""},"post_excerpt_stackable":"<p>Impressum Pfingstrosen-Paradies GbR Stephan Tetzlaff, Max TetzlaffIm Weidendahl 141516 Grevenbroich Telefon: 02182-5731694Telefax: 02182-5731695 (ggf. mehrfach versuchen!)Internet: www.pfingstrosen-paradies.deE-Mail: info@pfingstrosen-paradies.de(Link sendet E-Mail) Umsatzsteuer-Identifikationsnummer gem\u00e4\u00df \u00a7 27a &#8211; USt-IdNr.: DE355811122 Verantwortlich f\u00fcr Inhalte: Stephan Tetzlaff und Max Tetzlaff WordPress-Theme: https:\/\/creativethemes.com\/blocksy\/ Informationen zur Online-Streitbeilegung gem\u00e4\u00df Art. 14 Abs. 1 ODR-VO:Plattform der EU-Kommission zur Online-Streitbeilegung: http:\/\/ec.europa.eu\/consumers\/odrWir sind zur Teilnahme an einem Streitbeilegungsverfahren vor einer Verbraucherschlichtungsstelle weder verpflichtet noch bereit. DatenschutzBeim Ausf\u00fcllen der Bestellung und des Kontaktformulars werden Sie um Angabe pers\u00f6nlicher Daten gebeten. Diese werden lediglich dazu ben\u00f6tigt, Ihre Bestellung durchzuf\u00fchren oder ihre Mitteilung zu beantworten. Wir sichern Ihnen die Vertraulichkeit Ihrer Daten zu. Ihre&hellip;<\/p>\n","category_list":"","author_info":{"name":"max","url":"https:\/\/pfingstrosen-paradies.de\/en\/author\/max\/"},"comments_num":"0 comments","featured_image_urls_v2":{"full":"","thumbnail":"","medium":"","medium_large":"","large":"","1536x1536":"","2048x2048":"","trp-custom-language-flag":"","ptam-block-post-grid-landscape":"","ptam-block-post-grid-square":"","ptam-block-post-grid-featured-landscape":"","woocommerce_archive_thumbnail":"","woocommerce_thumbnail":"","woocommerce_single":"","woocommerce_gallery_thumbnail":""},"post_excerpt_stackable_v2":"<p>Impressum Pfingstrosen-Paradies GbR Stephan Tetzlaff, Max TetzlaffIm Weidendahl 141516 Grevenbroich Telefon: 02182-5731694Telefax: 02182-5731695 (ggf. mehrfach versuchen!)Internet: www.pfingstrosen-paradies.deE-Mail: info@pfingstrosen-paradies.de(Link sendet E-Mail) Umsatzsteuer-Identifikationsnummer gem\u00e4\u00df \u00a7 27a &#8211; USt-IdNr.: DE355811122 Verantwortlich f\u00fcr Inhalte: Stephan Tetzlaff und Max Tetzlaff WordPress-Theme: https:\/\/creativethemes.com\/blocksy\/ Informationen zur Online-Streitbeilegung gem\u00e4\u00df Art. 14 Abs. 1 ODR-VO:Plattform der EU-Kommission zur Online-Streitbeilegung: http:\/\/ec.europa.eu\/consumers\/odrWir sind zur Teilnahme an einem Streitbeilegungsverfahren vor einer Verbraucherschlichtungsstelle weder verpflichtet noch bereit. DatenschutzBeim Ausf\u00fcllen der Bestellung und des Kontaktformulars werden Sie um Angabe pers\u00f6nlicher Daten gebeten. Diese werden lediglich dazu ben\u00f6tigt, Ihre Bestellung durchzuf\u00fchren oder ihre Mitteilung zu beantworten. Wir sichern Ihnen die Vertraulichkeit Ihrer Daten zu. Ihre&hellip;<\/p>\n","category_list_v2":"","author_info_v2":{"name":"max","url":"https:\/\/pfingstrosen-paradies.de\/en\/author\/max\/"},"comments_num_v2":"0 comments","yoast_head":"<!-- This site is optimized with the Yoast SEO plugin v27.1.1 - https:\/\/yoast.com\/product\/yoast-seo-wordpress\/ -->\n<title>Impressum | Pfingstrosen-Paradies Tetzlaff<\/title>\n<meta name=\"description\" content=\"Impressum Pfingstrosen-Paradies GbR Stephan Tetzlaff, Max TetzlaffIm Weidendahl 141516 Grevenbroich Telefon: 02182-5731694Telefax: 02182-5731695 (ggf.\" \/>\n<meta name=\"robots\" content=\"noindex, follow\" \/>\n<meta property=\"og:locale\" content=\"en_GB\" \/>\n<meta property=\"og:type\" content=\"article\" \/>\n<meta property=\"og:title\" content=\"Impressum | Pfingstrosen-Paradies Tetzlaff\" \/>\n<meta property=\"og:description\" content=\"Impressum Pfingstrosen-Paradies GbR Stephan Tetzlaff, Max TetzlaffIm Weidendahl 141516 Grevenbroich Telefon: 02182-5731694Telefax: 02182-5731695 (ggf.\" \/>\n<meta property=\"og:url\" content=\"https:\/\/pfingstrosen-paradies.de\/en\/impressum\/\" \/>\n<meta property=\"og:site_name\" content=\"Pfingstrosen-Paradies\" \/>\n<meta property=\"article:modified_time\" content=\"2023-02-24T09:00:02+00:00\" \/>\n<meta name=\"twitter:card\" content=\"summary_large_image\" \/>\n<meta name=\"twitter:label1\" content=\"Estimated reading time\" \/>\n\t<meta name=\"twitter:data1\" content=\"3 minutes\" \/>\n<script type=\"application\/ld+json\" class=\"yoast-schema-graph\">{\"@context\":\"https:\/\/schema.org\",\"@graph\":[{\"@type\":\"WebPage\",\"@id\":\"https:\/\/pfingstrosen-paradies.de\/impressum\/\",\"url\":\"https:\/\/pfingstrosen-paradies.de\/impressum\/\",\"name\":\"Impressum | Pfingstrosen-Paradies Tetzlaff\",\"isPartOf\":{\"@id\":\"https:\/\/pfingstrosen-paradies.de\/#website\"},\"datePublished\":\"2021-03-19T19:15:03+00:00\",\"dateModified\":\"2023-02-24T09:00:02+00:00\",\"description\":\"Impressum Pfingstrosen-Paradies GbR Stephan Tetzlaff, Max TetzlaffIm Weidendahl 141516 Grevenbroich Telefon: 02182-5731694Telefax: 02182-5731695 (ggf.\",\"breadcrumb\":{\"@id\":\"https:\/\/pfingstrosen-paradies.de\/impressum\/#breadcrumb\"},\"inLanguage\":\"en-GB\",\"potentialAction\":[{\"@type\":\"ReadAction\",\"target\":[\"https:\/\/pfingstrosen-paradies.de\/impressum\/\"]}]},{\"@type\":\"BreadcrumbList\",\"@id\":\"https:\/\/pfingstrosen-paradies.de\/impressum\/#breadcrumb\",\"itemListElement\":[{\"@type\":\"ListItem\",\"position\":1,\"name\":\"Start\",\"item\":\"https:\/\/pfingstrosen-paradies.de\/\"},{\"@type\":\"ListItem\",\"position\":2,\"name\":\"Impressum\"}]},{\"@type\":\"WebSite\",\"@id\":\"https:\/\/pfingstrosen-paradies.de\/#website\",\"url\":\"https:\/\/pfingstrosen-paradies.de\/\",\"name\":\"Pfingstrosen-Paradies\",\"description\":\"Fachg\u00e4rtnerei f\u00fcr Pfingstrosen\",\"publisher\":{\"@id\":\"https:\/\/pfingstrosen-paradies.de\/#organization\"},\"potentialAction\":[{\"@type\":\"SearchAction\",\"target\":{\"@type\":\"EntryPoint\",\"urlTemplate\":\"https:\/\/pfingstrosen-paradies.de\/?s={search_term_string}\"},\"query-input\":{\"@type\":\"PropertyValueSpecification\",\"valueRequired\":true,\"valueName\":\"search_term_string\"}}],\"inLanguage\":\"en-GB\"},{\"@type\":\"Organization\",\"@id\":\"https:\/\/pfingstrosen-paradies.de\/#organization\",\"name\":\"Pfingstrosen-Paradies\",\"url\":\"https:\/\/pfingstrosen-paradies.de\/\",\"logo\":{\"@type\":\"ImageObject\",\"inLanguage\":\"en-GB\",\"@id\":\"https:\/\/pfingstrosen-paradies.de\/#\/schema\/logo\/image\/\",\"url\":\"https:\/\/pfingstrosen-paradies.de\/wp-content\/uploads\/2021\/02\/logo-pfingstrosen.png\",\"contentUrl\":\"https:\/\/pfingstrosen-paradies.de\/wp-content\/uploads\/2021\/02\/logo-pfingstrosen.png\",\"width\":1568,\"height\":366,\"caption\":\"Pfingstrosen-Paradies\"},\"image\":{\"@id\":\"https:\/\/pfingstrosen-paradies.de\/#\/schema\/logo\/image\/\"}}]}<\/script>\n<!-- \/ Yoast SEO plugin. -->","yoast_head_json":{"title":"Impressum | Pfingstrosen-Paradies Tetzlaff","description":"Impressum Pfingstrosen-Paradies GbR Stephan Tetzlaff, Max TetzlaffIm Weidendahl 141516 Grevenbroich Telefon: 02182-5731694Telefax: 02182-5731695 (ggf.","robots":{"index":"noindex","follow":"follow"},"og_locale":"en_GB","og_type":"article","og_title":"Impressum | Pfingstrosen-Paradies Tetzlaff","og_description":"Impressum Pfingstrosen-Paradies GbR Stephan Tetzlaff, Max TetzlaffIm Weidendahl 141516 Grevenbroich Telefon: 02182-5731694Telefax: 02182-5731695 (ggf.","og_url":"https:\/\/pfingstrosen-paradies.de\/en\/impressum\/","og_site_name":"Pfingstrosen-Paradies","article_modified_time":"2023-02-24T09:00:02+00:00","twitter_card":"summary_large_image","twitter_misc":{"Estimated reading time":"3 minutes"},"schema":{"@context":"https:\/\/schema.org","@graph":[{"@type":"WebPage","@id":"https:\/\/pfingstrosen-paradies.de\/impressum\/","url":"https:\/\/pfingstrosen-paradies.de\/impressum\/","name":"Impressum | Pfingstrosen-Paradies Tetzlaff","isPartOf":{"@id":"https:\/\/pfingstrosen-paradies.de\/#website"},"datePublished":"2021-03-19T19:15:03+00:00","dateModified":"2023-02-24T09:00:02+00:00","description":"Impressum Pfingstrosen-Paradies GbR Stephan Tetzlaff, Max TetzlaffIm Weidendahl 141516 Grevenbroich Telefon: 02182-5731694Telefax: 02182-5731695 (ggf.","breadcrumb":{"@id":"https:\/\/pfingstrosen-paradies.de\/impressum\/#breadcrumb"},"inLanguage":"en-GB","potentialAction":[{"@type":"ReadAction","target":["https:\/\/pfingstrosen-paradies.de\/impressum\/"]}]},{"@type":"BreadcrumbList","@id":"https:\/\/pfingstrosen-paradies.de\/impressum\/#breadcrumb","itemListElement":[{"@type":"ListItem","position":1,"name":"Start","item":"https:\/\/pfingstrosen-paradies.de\/"},{"@type":"ListItem","position":2,"name":"Impressum"}]},{"@type":"WebSite","@id":"https:\/\/pfingstrosen-paradies.de\/#website","url":"https:\/\/pfingstrosen-paradies.de\/","name":"Pfingstrosen-Paradies","description":"Fachg\u00e4rtnerei f\u00fcr Pfingstrosen","publisher":{"@id":"https:\/\/pfingstrosen-paradies.de\/#organization"},"potentialAction":[{"@type":"SearchAction","target":{"@type":"EntryPoint","urlTemplate":"https:\/\/pfingstrosen-paradies.de\/?s={search_term_string}"},"query-input":{"@type":"PropertyValueSpecification","valueRequired":true,"valueName":"search_term_string"}}],"inLanguage":"en-GB"},{"@type":"Organization","@id":"https:\/\/pfingstrosen-paradies.de\/#organization","name":"Pfingstrosen-Paradies","url":"https:\/\/pfingstrosen-paradies.de\/","logo":{"@type":"ImageObject","inLanguage":"en-GB","@id":"https:\/\/pfingstrosen-paradies.de\/#\/schema\/logo\/image\/","url":"https:\/\/pfingstrosen-paradies.de\/wp-content\/uploads\/2021\/02\/logo-pfingstrosen.png","contentUrl":"https:\/\/pfingstrosen-paradies.de\/wp-content\/uploads\/2021\/02\/logo-pfingstrosen.png","width":1568,"height":366,"caption":"Pfingstrosen-Paradies"},"image":{"@id":"https:\/\/pfingstrosen-paradies.de\/#\/schema\/logo\/image\/"}}]}},"_links":{"self":[{"href":"https:\/\/pfingstrosen-paradies.de\/en\/wp-json\/wp\/v2\/pages\/498","targetHints":{"allow":["GET"]}}],"collection":[{"href":"https:\/\/pfingstrosen-paradies.de\/en\/wp-json\/wp\/v2\/pages"}],"about":[{"href":"https:\/\/pfingstrosen-paradies.de\/en\/wp-json\/wp\/v2\/types\/page"}],"author":[{"embeddable":true,"href":"https:\/\/pfingstrosen-paradies.de\/en\/wp-json\/wp\/v2\/users\/2"}],"replies":[{"embeddable":true,"href":"https:\/\/pfingstrosen-paradies.de\/en\/wp-json\/wp\/v2\/comments?post=498"}],"version-history":[{"count":0,"href":"https:\/\/pfingstrosen-paradies.de\/en\/wp-json\/wp\/v2\/pages\/498\/revisions"}],"wp:attachment":[{"href":"https:\/\/pfingstrosen-paradies.de\/en\/wp-json\/wp\/v2\/media?parent=498"}],"curies":[{"name":"wp","href":"https:\/\/api.w.org\/{rel}","templated":true}]}}