{"id":544,"date":"2021-03-21T18:38:12","date_gmt":"2021-03-21T17:38:12","guid":{"rendered":"https:\/\/pfingstrosen-paradies.de\/?page_id=544"},"modified":"2025-10-17T14:29:02","modified_gmt":"2025-10-17T12:29:02","slug":"widerrufsbelehrung","status":"publish","type":"page","link":"https:\/\/pfingstrosen-paradies.de\/en\/widerrufsbelehrung\/","title":{"rendered":"Cancellation Policy"},"content":{"rendered":"<h1 class=\"wp-block-heading\" id=\"widerrufsbelehrung-fur-verbraucher\"><span style=\"color: var(--theme-palette-color-1, #c22365)\" class=\"stk-highlight\">Cancellation Policy<\/span><\/h1>\n\n\n\n<p>Consumers in the sense of \u00a7 13 BGB are entitled to a right of withdrawal. A consumer is any natural person who enters into a legal transaction for a purpose that can be attributed neither to his commercial nor to his independent professional activity.<\/p>\n\n\n\n<h2 class=\"wp-block-heading\" id=\"widerrufsrecht\">Right of withdrawal.<\/h2>\n\n\n\n<p>You have the right to cancel this contract within 14 days without giving any reason.<\/p>\n\n\n\n<p>The cancellation period is 14 days from the day on which you or a third party named by you, who is not the carrier, has taken possession of the last goods.<\/p>\n\n\n\n<p>Um Ihr Widerrufsrecht auszu\u00fcben, m\u00fcssen Sie uns (Pfingstrosen-Paradies GbR Max u. Stephan Tetzlaff, Im Weidendahl 1, 41516 Grevenbroich, E-Mail: info@pfingstrosen-paradies.de) mittels einer eindeutigen Erkl\u00e4rung (z. B. ein mit der Post versandter Brief oder E-Mail) \u00fcber Ihren Entschluss, diesen Vertrag zu widerrufen, informieren. Sie k\u00f6nnen daf\u00fcr das beigef\u00fcgte Muster-Widerrufsformular verwenden, das jedoch nicht vorgeschrieben ist.<\/p>\n\n\n\n<p>Macht der Verbraucher erst nach Zusendung der Ware von seinem Widerrufsrecht gebrauch tr\u00e4gt er die Kosten der R\u00fccksendung.k\u00f6nnen,<\/p>\n\n\n\n<p>In order to comply with the withdrawal period, it is sufficient that you send the notification of the exercise of the right of withdrawal before the expiry of the withdrawal period.<\/p>\n\n\n\n<h3 class=\"wp-block-heading\" id=\"muster-widerrufsformular\">Model Cancellation Form<\/h3>\n\n\n\n<div class=\"wp-block-stackable-columns stk-block-columns stk-block stk-9e9cdca\" data-block-id=\"9e9cdca\"><div class=\"stk-row stk-inner-blocks stk-block-content stk-content-align stk-9e9cdca-column\">\n\n<div class=\"wp-block-stackable-column stk-block-column stk-column stk-block stk-8b10340 stk-block-background\" data-block-id=\"8b10340\"><div class=\"stk-column-wrapper stk-block-column__content stk-container stk-8b10340-container stk--no-background stk--no-padding\"><div class=\"stk-block-content stk-inner-blocks\">\n\n<p>An: Pfingstrosen-Paradies, Stephan Tetzlaff, Im Weidendahl 1, 41516 Grevenbroich, E-Mail: info@pfingstrosen-paradies.de<\/p>\n\n\n<p class=\"translation-block\">I hereby revoke the contract concluded by me for the purchase of of goods:<\/p>\n\n\n<p>-&gt; &#8230;&#8230;&#8230;&#8230;&#8230;&#8230;&#8230;&#8230;&#8230;&#8230;&#8230;&#8230;&#8230;<\/p>\n\n\n<p>-&gt; &#8230;&#8230;&#8230;&#8230;&#8230;&#8230;&#8230;&#8230;&#8230;&#8230;&#8230;&#8230;&#8230;<\/p>\n\n\n<p>-&gt; &#8230;&#8230;&#8230;&#8230;&#8230;&#8230;&#8230;&#8230;&#8230;&#8230;&#8230;&#8230;&#8230;<\/p>\n\n\n<p>Ordered on \u2026\u2026\u2026\u2026\u2026\u2026\u2026\u2026\u2026\u2026\u2026\u2026\u2026<\/p>\n\n\n<p><\/p>\n\n\n<p>Name of Customer: <\/p>\n\n\n<p> &#8230;&#8230;&#8230;&#8230;&#8230;&#8230;&#8230;&#8230;&#8230;&#8230;&#8230;&#8230;&#8230;<\/p>\n\n\n<p> &#8230;&#8230;&#8230;&#8230;&#8230;&#8230;&#8230;&#8230;&#8230;&#8230;&#8230;&#8230;&#8230;<\/p>\n\n\n<p>Address of customer<\/p>\n\n\n<p> &#8230;&#8230;&#8230;&#8230;&#8230;&#8230;&#8230;&#8230;&#8230;&#8230;&#8230;&#8230;&#8230;<\/p>\n\n\n<p> &#8230;&#8230;&#8230;&#8230;&#8230;&#8230;&#8230;&#8230;&#8230;&#8230;&#8230;&#8230;&#8230;<\/p>\n\n\n<p> &#8230;&#8230;&#8230;&#8230;&#8230;&#8230;&#8230;&#8230;&#8230;&#8230;&#8230;&#8230;&#8230;<\/p>\n\n\n<p><\/p>\n\n\n<p><\/p>\n\n\n<p> &#8230;&#8230;&#8230;&#8230;&#8230;&#8230;&#8230;&#8230;&#8230;&#8230;&#8230;&#8230;&#8230;<\/p>\n\n\n<p class=\"translation-block\">Signature (only if document is printed)<\/p>\n\n<\/div><\/div><\/div>\n\n<\/div><\/div>\n\n\n\n<h3 class=\"wp-block-heading\" id=\"folgen-des-widerrufs\">Consequences of withdrawal<\/h3>\n\n\n\n<p>If you revoke this contract, we shall reimburse you all payments that we have received from you, including the delivery costs - with the exception of the additional costs resulting from the fact that you have chosen a type of delivery other than the most favorable standard delivery offered by us - without undue delay and at the latest within fourteen days from the day on which we received the notification of revocation of the contract. For the repayment, we will use the same means of payment that you used for the original transaction, unless expressly agreed otherwise with you; in no case will you be charged for this repayment. <\/p>\n\n\n\n<p class=\"translation-block\">You must return or hand over the goods to us immediately and in any case no later than fourteen days from the day on which you notify us of the revocation of this contract. The deadline is met if you send the goods before the expiry of the period of fourteen days. <strong>You shall bear the direct costs of returning the goods<\/strong>. The costs for a return can not be named here as a lump sum, because they are weight-dependent per order and are calculated. These costs can be found on the invoice sent to you. You only have to pay for any loss of value of the goods if this loss of value is due to a handling of the goods that is not necessary for the inspection of the condition, properties and functioning of the goods.<\/p>\n\n\n\n<p><em>- End of the cancellation policy -<\/em><\/p>\n\n\n\n<p><strong>Exception:<\/strong>The right of withdrawal does not apply to contracts for the supply of goods that are not prefabricated and for the manufacture of which an individual selection or determination by the consumer is decisive or which are clearly tailored to the personal needs of the consumer, as well as contracts for the supply of goods that can spoil quickly or whose expiration date would be exceeded quickly.<\/p>\n\n\n\n<p><\/p>","protected":false},"excerpt":{"rendered":"<p>Widerrufsbelehrung f\u00fcr Verbraucher Verbrauchern steht ein Widerrufsrecht zu. Verbraucher ist jede nat\u00fcrliche Person, die ein Rechtsgesch\u00e4ft zu Zwecken abschlie\u00dft, die \u00fcberwiegend weder ihrer gewerblichen noch ihrer selbst\u00e4ndigen beruflichen T\u00e4tigkeit zugerechnet werden k\u00f6nnen. Widerrufsrecht Sie haben das Recht, binnen 14 Tagen ohne Angabe von Gr\u00fcnden diesen Vertrag zu widerrufen. Die Widerrufsfrist betr\u00e4gt 14 Tage ab dem [&hellip;]<\/p>\n","protected":false},"author":2,"featured_media":0,"parent":0,"menu_order":0,"comment_status":"closed","ping_status":"closed","template":"","meta":{"footnotes":""},"class_list":["post-544","page","type-page","status-publish","hentry"],"blocksy_meta":{"styles_descriptor":{"styles":{"desktop":"","tablet":"","mobile":""},"google_fonts":[],"version":6}},"featured_image_urls":{"full":"","thumbnail":"","medium":"","medium_large":"","large":"","1536x1536":"","2048x2048":"","trp-custom-language-flag":"","ptam-block-post-grid-landscape":"","ptam-block-post-grid-square":"","ptam-block-post-grid-featured-landscape":"","woocommerce_archive_thumbnail":"","woocommerce_thumbnail":"","woocommerce_single":"","woocommerce_gallery_thumbnail":""},"post_excerpt_stackable":"<p>Widerrufsbelehrung f\u00fcr Verbraucher Verbrauchern steht ein Widerrufsrecht zu. Verbraucher ist jede nat\u00fcrliche Person, die ein Rechtsgesch\u00e4ft zu Zwecken abschlie\u00dft, die \u00fcberwiegend weder ihrer gewerblichen noch ihrer selbst\u00e4ndigen beruflichen T\u00e4tigkeit zugerechnet werden k\u00f6nnen. Widerrufsrecht Sie haben das Recht, binnen 14 Tagen ohne Angabe von Gr\u00fcnden diesen Vertrag zu widerrufen. Die Widerrufsfrist betr\u00e4gt 14 Tage ab dem Tag, an dem Sie oder ein von Ihnen benannter Dritter, der nicht der Bef\u00f6rderer ist, die letzte Ware in Besitz genommen haben bzw. hat. Um Ihr Widerrufsrecht auszu\u00fcben, m\u00fcssen Sie uns (Pfingstrosen-Paradies GbR Max u. Stephan Tetzlaff, Im Weidendahl 1, 41516 Grevenbroich, E-Mail: info@pfingstrosen-paradies.de) mittels&hellip;<\/p>\n","category_list":"","author_info":{"name":"max","url":"https:\/\/pfingstrosen-paradies.de\/en\/author\/max\/"},"comments_num":"0 comments","featured_image_urls_v2":{"full":"","thumbnail":"","medium":"","medium_large":"","large":"","1536x1536":"","2048x2048":"","trp-custom-language-flag":"","ptam-block-post-grid-landscape":"","ptam-block-post-grid-square":"","ptam-block-post-grid-featured-landscape":"","woocommerce_archive_thumbnail":"","woocommerce_thumbnail":"","woocommerce_single":"","woocommerce_gallery_thumbnail":""},"post_excerpt_stackable_v2":"<p>Widerrufsbelehrung f\u00fcr Verbraucher Verbrauchern steht ein Widerrufsrecht zu. Verbraucher ist jede nat\u00fcrliche Person, die ein Rechtsgesch\u00e4ft zu Zwecken abschlie\u00dft, die \u00fcberwiegend weder ihrer gewerblichen noch ihrer selbst\u00e4ndigen beruflichen T\u00e4tigkeit zugerechnet werden k\u00f6nnen. Widerrufsrecht Sie haben das Recht, binnen 14 Tagen ohne Angabe von Gr\u00fcnden diesen Vertrag zu widerrufen. Die Widerrufsfrist betr\u00e4gt 14 Tage ab dem Tag, an dem Sie oder ein von Ihnen benannter Dritter, der nicht der Bef\u00f6rderer ist, die letzte Ware in Besitz genommen haben bzw. hat. Um Ihr Widerrufsrecht auszu\u00fcben, m\u00fcssen Sie uns (Pfingstrosen-Paradies GbR Max u. Stephan Tetzlaff, Im Weidendahl 1, 41516 Grevenbroich, E-Mail: info@pfingstrosen-paradies.de) mittels&hellip;<\/p>\n","category_list_v2":"","author_info_v2":{"name":"max","url":"https:\/\/pfingstrosen-paradies.de\/en\/author\/max\/"},"comments_num_v2":"0 comments","yoast_head":"<!-- This site is optimized with the Yoast SEO plugin v27.1.1 - https:\/\/yoast.com\/product\/yoast-seo-wordpress\/ -->\n<title>Widerrufsbelehrung | Pfingstrosen-Paradies Tetzlaff<\/title>\n<meta name=\"description\" content=\"Widerrufsbelehrung f\u00fcr Verbraucher Verbrauchern steht ein Widerrufsrecht zu. Verbraucher ist jede nat\u00fcrliche Person, die ein Rechtsgesch\u00e4ft zu Zwecken\" \/>\n<meta name=\"robots\" content=\"noindex, follow\" \/>\n<meta property=\"og:locale\" content=\"en_GB\" \/>\n<meta property=\"og:type\" content=\"article\" \/>\n<meta property=\"og:title\" content=\"Widerrufsbelehrung | Pfingstrosen-Paradies Tetzlaff\" \/>\n<meta property=\"og:description\" content=\"Widerrufsbelehrung f\u00fcr Verbraucher Verbrauchern steht ein Widerrufsrecht zu. Verbraucher ist jede nat\u00fcrliche Person, die ein Rechtsgesch\u00e4ft zu Zwecken\" \/>\n<meta property=\"og:url\" content=\"https:\/\/pfingstrosen-paradies.de\/en\/widerrufsbelehrung\/\" \/>\n<meta property=\"og:site_name\" content=\"Pfingstrosen-Paradies\" \/>\n<meta property=\"article:modified_time\" content=\"2025-10-17T12:29:02+00:00\" \/>\n<meta name=\"twitter:card\" content=\"summary_large_image\" \/>\n<meta name=\"twitter:label1\" content=\"Estimated reading time\" \/>\n\t<meta name=\"twitter:data1\" content=\"3 minutes\" \/>\n<script type=\"application\/ld+json\" class=\"yoast-schema-graph\">{\"@context\":\"https:\/\/schema.org\",\"@graph\":[{\"@type\":\"WebPage\",\"@id\":\"https:\/\/pfingstrosen-paradies.de\/widerrufsbelehrung\/\",\"url\":\"https:\/\/pfingstrosen-paradies.de\/widerrufsbelehrung\/\",\"name\":\"Widerrufsbelehrung | Pfingstrosen-Paradies Tetzlaff\",\"isPartOf\":{\"@id\":\"https:\/\/pfingstrosen-paradies.de\/#website\"},\"datePublished\":\"2021-03-21T17:38:12+00:00\",\"dateModified\":\"2025-10-17T12:29:02+00:00\",\"description\":\"Widerrufsbelehrung f\u00fcr Verbraucher Verbrauchern steht ein Widerrufsrecht zu. Verbraucher ist jede nat\u00fcrliche Person, die ein Rechtsgesch\u00e4ft zu Zwecken\",\"breadcrumb\":{\"@id\":\"https:\/\/pfingstrosen-paradies.de\/widerrufsbelehrung\/#breadcrumb\"},\"inLanguage\":\"en-GB\",\"potentialAction\":[{\"@type\":\"ReadAction\",\"target\":[\"https:\/\/pfingstrosen-paradies.de\/widerrufsbelehrung\/\"]}]},{\"@type\":\"BreadcrumbList\",\"@id\":\"https:\/\/pfingstrosen-paradies.de\/widerrufsbelehrung\/#breadcrumb\",\"itemListElement\":[{\"@type\":\"ListItem\",\"position\":1,\"name\":\"Start\",\"item\":\"https:\/\/pfingstrosen-paradies.de\/\"},{\"@type\":\"ListItem\",\"position\":2,\"name\":\"Widerrufsbelehrung\"}]},{\"@type\":\"WebSite\",\"@id\":\"https:\/\/pfingstrosen-paradies.de\/#website\",\"url\":\"https:\/\/pfingstrosen-paradies.de\/\",\"name\":\"Pfingstrosen-Paradies\",\"description\":\"Fachg\u00e4rtnerei f\u00fcr Pfingstrosen\",\"publisher\":{\"@id\":\"https:\/\/pfingstrosen-paradies.de\/#organization\"},\"potentialAction\":[{\"@type\":\"SearchAction\",\"target\":{\"@type\":\"EntryPoint\",\"urlTemplate\":\"https:\/\/pfingstrosen-paradies.de\/?s={search_term_string}\"},\"query-input\":{\"@type\":\"PropertyValueSpecification\",\"valueRequired\":true,\"valueName\":\"search_term_string\"}}],\"inLanguage\":\"en-GB\"},{\"@type\":\"Organization\",\"@id\":\"https:\/\/pfingstrosen-paradies.de\/#organization\",\"name\":\"Pfingstrosen-Paradies\",\"url\":\"https:\/\/pfingstrosen-paradies.de\/\",\"logo\":{\"@type\":\"ImageObject\",\"inLanguage\":\"en-GB\",\"@id\":\"https:\/\/pfingstrosen-paradies.de\/#\/schema\/logo\/image\/\",\"url\":\"https:\/\/pfingstrosen-paradies.de\/wp-content\/uploads\/2021\/02\/logo-pfingstrosen.png\",\"contentUrl\":\"https:\/\/pfingstrosen-paradies.de\/wp-content\/uploads\/2021\/02\/logo-pfingstrosen.png\",\"width\":1568,\"height\":366,\"caption\":\"Pfingstrosen-Paradies\"},\"image\":{\"@id\":\"https:\/\/pfingstrosen-paradies.de\/#\/schema\/logo\/image\/\"}}]}<\/script>\n<!-- \/ Yoast SEO plugin. -->","yoast_head_json":{"title":"Widerrufsbelehrung | Pfingstrosen-Paradies Tetzlaff","description":"Widerrufsbelehrung f\u00fcr Verbraucher Verbrauchern steht ein Widerrufsrecht zu. Verbraucher ist jede nat\u00fcrliche Person, die ein Rechtsgesch\u00e4ft zu Zwecken","robots":{"index":"noindex","follow":"follow"},"og_locale":"en_GB","og_type":"article","og_title":"Widerrufsbelehrung | Pfingstrosen-Paradies Tetzlaff","og_description":"Widerrufsbelehrung f\u00fcr Verbraucher Verbrauchern steht ein Widerrufsrecht zu. Verbraucher ist jede nat\u00fcrliche Person, die ein Rechtsgesch\u00e4ft zu Zwecken","og_url":"https:\/\/pfingstrosen-paradies.de\/en\/widerrufsbelehrung\/","og_site_name":"Pfingstrosen-Paradies","article_modified_time":"2025-10-17T12:29:02+00:00","twitter_card":"summary_large_image","twitter_misc":{"Estimated reading time":"3 minutes"},"schema":{"@context":"https:\/\/schema.org","@graph":[{"@type":"WebPage","@id":"https:\/\/pfingstrosen-paradies.de\/widerrufsbelehrung\/","url":"https:\/\/pfingstrosen-paradies.de\/widerrufsbelehrung\/","name":"Widerrufsbelehrung | Pfingstrosen-Paradies Tetzlaff","isPartOf":{"@id":"https:\/\/pfingstrosen-paradies.de\/#website"},"datePublished":"2021-03-21T17:38:12+00:00","dateModified":"2025-10-17T12:29:02+00:00","description":"Widerrufsbelehrung f\u00fcr Verbraucher Verbrauchern steht ein Widerrufsrecht zu. Verbraucher ist jede nat\u00fcrliche Person, die ein Rechtsgesch\u00e4ft zu Zwecken","breadcrumb":{"@id":"https:\/\/pfingstrosen-paradies.de\/widerrufsbelehrung\/#breadcrumb"},"inLanguage":"en-GB","potentialAction":[{"@type":"ReadAction","target":["https:\/\/pfingstrosen-paradies.de\/widerrufsbelehrung\/"]}]},{"@type":"BreadcrumbList","@id":"https:\/\/pfingstrosen-paradies.de\/widerrufsbelehrung\/#breadcrumb","itemListElement":[{"@type":"ListItem","position":1,"name":"Start","item":"https:\/\/pfingstrosen-paradies.de\/"},{"@type":"ListItem","position":2,"name":"Widerrufsbelehrung"}]},{"@type":"WebSite","@id":"https:\/\/pfingstrosen-paradies.de\/#website","url":"https:\/\/pfingstrosen-paradies.de\/","name":"Pfingstrosen-Paradies","description":"Fachg\u00e4rtnerei f\u00fcr Pfingstrosen","publisher":{"@id":"https:\/\/pfingstrosen-paradies.de\/#organization"},"potentialAction":[{"@type":"SearchAction","target":{"@type":"EntryPoint","urlTemplate":"https:\/\/pfingstrosen-paradies.de\/?s={search_term_string}"},"query-input":{"@type":"PropertyValueSpecification","valueRequired":true,"valueName":"search_term_string"}}],"inLanguage":"en-GB"},{"@type":"Organization","@id":"https:\/\/pfingstrosen-paradies.de\/#organization","name":"Pfingstrosen-Paradies","url":"https:\/\/pfingstrosen-paradies.de\/","logo":{"@type":"ImageObject","inLanguage":"en-GB","@id":"https:\/\/pfingstrosen-paradies.de\/#\/schema\/logo\/image\/","url":"https:\/\/pfingstrosen-paradies.de\/wp-content\/uploads\/2021\/02\/logo-pfingstrosen.png","contentUrl":"https:\/\/pfingstrosen-paradies.de\/wp-content\/uploads\/2021\/02\/logo-pfingstrosen.png","width":1568,"height":366,"caption":"Pfingstrosen-Paradies"},"image":{"@id":"https:\/\/pfingstrosen-paradies.de\/#\/schema\/logo\/image\/"}}]}},"_links":{"self":[{"href":"https:\/\/pfingstrosen-paradies.de\/en\/wp-json\/wp\/v2\/pages\/544","targetHints":{"allow":["GET"]}}],"collection":[{"href":"https:\/\/pfingstrosen-paradies.de\/en\/wp-json\/wp\/v2\/pages"}],"about":[{"href":"https:\/\/pfingstrosen-paradies.de\/en\/wp-json\/wp\/v2\/types\/page"}],"author":[{"embeddable":true,"href":"https:\/\/pfingstrosen-paradies.de\/en\/wp-json\/wp\/v2\/users\/2"}],"replies":[{"embeddable":true,"href":"https:\/\/pfingstrosen-paradies.de\/en\/wp-json\/wp\/v2\/comments?post=544"}],"version-history":[{"count":0,"href":"https:\/\/pfingstrosen-paradies.de\/en\/wp-json\/wp\/v2\/pages\/544\/revisions"}],"wp:attachment":[{"href":"https:\/\/pfingstrosen-paradies.de\/en\/wp-json\/wp\/v2\/media?parent=544"}],"curies":[{"name":"wp","href":"https:\/\/api.w.org\/{rel}","templated":true}]}}