{"id":6211,"date":"2022-01-24T13:37:57","date_gmt":"2022-01-24T12:37:57","guid":{"rendered":"https:\/\/pfingstrosen-paradies.de\/?page_id=6211"},"modified":"2026-02-05T17:01:22","modified_gmt":"2026-02-05T16:01:22","slug":"links-und-tipps","status":"publish","type":"page","link":"https:\/\/pfingstrosen-paradies.de\/en\/links-und-tipps\/","title":{"rendered":"Links and Tips"},"content":{"rendered":"<h2 class=\"wp-block-heading\"><span class=\"stk-highlight\">Links and Tips<\/span><\/h2>\n\n\n\n<p><strong>Stauden und Kr\u00e4uter:<\/strong><br><a href=\"http:\/\/www.gaissmayer.de\" target=\"_blank\" rel=\"noreferrer noopener\">Gaissmayer<\/a><br>Gro\u00dfer Staudenbetrieb mit Versand<\/p>\n\n\n\n<p><strong>Rosen:<\/strong><br><a href=\"http:\/\/www.vierlaender-rosenhof.de\" target=\"_blank\" rel=\"noreferrer noopener\">Vierl\u00e4nder Rosenhof<\/a><br>Von uns empfohlener Z\u00fcchter von Rosen im nostalgischen Flair, historischen Rosenrarit\u00e4ten, modernen Rosen aller Klassen<\/p>\n\n\n\n<p><strong>Gute Erl\u00e4uterung zu den Rockiis von Prof. Warda von Arboretum Ellerhoop im Gartenfensehen<\/strong><br><a href=\"https:\/\/www.youtube.com\/watch?v=JBSxJEEVvXk\" target=\"_blank\" rel=\"noreferrer noopener\">https:\/\/www.youtube.com\/watch?v=JBSxJEEVvXk<\/a><\/p>\n\n\n\n<p><strong>Touristische Attraktionen in unserer N\u00e4he:<\/strong><br>In <strong>J\u00fcchen<\/strong> nur 2 km von unserem neuen Standort entfernt: <a href=\"http:\/\/www.stiftung-schloss-dyck.de\/\" target=\"_blank\" rel=\"noreferrer noopener\">Schloss Dyck<\/a><br>Schloss Dyck geh\u00f6rt als Wasserschloss mit mehreren Vorburgen und seinem bedeutenden englischen Landschaftsgarten zu den wichtigen Kulturdenkm\u00e4lern im Rheinland. Als Zentrum f\u00fcr Gartenkunst und Landschaftskultur bietet es heute sowohl Familien und kulturinteressierten Besuchern, als auch Gartenliebhabern und Fachleuten ein facettenreiches Angebot.<\/p>\n\n\n\n<p>In <strong>Neuss<\/strong> ca. 6 km von unserem neuen Standort entfernt: Museumsinsel Hombroich und Raketenstation<br><a href=\"https:\/\/www.inselhombroich.de\/de\/museum\" target=\"_blank\" rel=\"noreferrer noopener\">https:\/\/www.inselhombroich.de\/de\/museum<\/a><br>Das 1987 er\u00f6ffnete Museum Insel Hombroich ist der verwirklichte Traum des D\u00fcsseldorfer Sammlers<br>Karl-Heinrich M\u00fcller (1936-2007). Zu seiner vielseitigen Sammlung geh\u00f6ren neben fern\u00f6stlicher Kunst Werke von Lovis Corinth, Hans Arp, Kurt Schwitters, Alexander Calder, Henri Matisse, Rembrandt, Yves Klein und Gotthard Graubner. Diese wollte Karl-Heinrich M\u00fcller mit anderen Menschen teilen und w\u00e4hlte in Anlehnung an den franz\u00f6sischen Maler Paul C\u00e9zanne das Leitmotiv \u201eKunst parallel zur Natur\u201c.<\/p>\n\n\n\n<p>Das <strong><a href=\"http:\/\/nikolauskloster.de\/angebote-veranstaltungen.html\" target=\"_blank\" rel=\"noreferrer noopener\">Nikolauskloster<\/a><\/strong> in J\u00fcchen-Damm ist nur wenige Kilometer von unseren Hof entfernt. Dort lohnt sich jederzeit ein Besuch, in der Parkanlage sind \u00fcber 100 Strauchp\u00e4onien von uns gepflanzt. Besonders beliebt ist dort das Kaffee- und Kuchenangebot. Freitags bis sonntags: 13-17 Uhr. Man kann auch g\u00fcnstig dort \u00fcbernachten, Wand an Wand mit den Ordensbr\u00fcdern (jedes Zimmer ist nach einem Heiligen benannt).<\/p>\n\n\n\n<p><strong>Sch\u00f6ne G\u00e4rten zum Besichtigen:<\/strong><\/p>\n\n\n\n<p>In Mecklenburg-Vorpommern nahe der polnischen Grenze: Ein wundersch\u00f6ner privater Schaugarten mit vielen Pfingstrosen, Magnolien, Rosen, sehenswert zu jeder Jahreszeit: <a href=\"http:\/\/www.botanischer-garten-christiansberg.de\/home.html\" target=\"_blank\" rel=\"noreferrer noopener\">http:\/\/www.botanischer-garten-christiansberg.de\/home.html<\/a><\/p>\n\n\n\n<p>In Bonn:<br>Der Park vereinigt umfangreiche Pflanzensammlungen verschiedenster Gattungen mit Rosen, wertvollen Solit\u00e4rpflanzen und besonders seltenen Geh\u00f6lzen. Das milde Klima im Rheinland erm\u00f6glicht die Kultur zahlreicher frostempfindlicher, teils mediterraner Geh\u00f6lze.<br><a href=\"http:\/\/www.arboretum-haerle.de\/\" target=\"_blank\" rel=\"noreferrer noopener\">http:\/\/www.arboretum-haerle.de\/<\/a><\/p>\n\n\n\n<p>In Solingen:<br>Ein wunderbarer Schaugarten im Bergischen Land, errichtet auf dem Gel\u00e4nde einer ehemaligen G\u00e4rtnerei mit 10 &#8222;Gartenzimmern&#8220; von Klostergarten bis Knotengarten: <a href=\"http:\/\/ulbrich-garten-solingen.jimdo.com\/\" target=\"_blank\" rel=\"noreferrer noopener\">http:\/\/ulbrich-garten-solingen.jimdo.com\/<\/a><\/p>\n\n\n\n<p>In Hamminkeln\/Wesel:<br>Ein privater Park mit in sch\u00f6ner Lage an der Stadtgrenze Wesel\/Hamminkeln, an einigen Schautagen im Jahr der \u00d6ffentlichkeit zug\u00e4nglich, sehr lohnenswert!<br><a href=\"http:\/\/www.grenzenlust.de\/\" target=\"_blank\" rel=\"noreferrer noopener\">http:\/\/www.grenzenlust.de\/<\/a><\/p>\n\n\n\n<hr class=\"wp-block-separator has-alpha-channel-opacity is-style-wide\" \/>\n\n\n\n<h2 class=\"wp-block-heading\">Hotels &amp; Gastronomie<\/h2>\n\n\n\n<p>&#8211; <strong><strong>Nikolauskloster<\/strong> <\/strong>(inkl. Hotel)<\/p>\n\n\n\n<p><a href=\"https:\/\/nikolauskloster.de\/de\/uebernachten-und-tagen\">https:\/\/nikolauskloster.de\/de\/uebernachten-und-tagen<\/a><\/p>\n\n\n\n<p>Das <strong>Nikolauskloster<\/strong> in J\u00fcchen-Damm ist nur wenige Kilometer von unseren Hof entfernt. Dort lohnt sich jederzeit ein Besuch, in der Parkanlage sind \u00fcber 100 Strauchp\u00e4onien von uns gepflanzt. Besonders beliebt ist dort das Kaffee- und Kuchenangebot. Donnerstags bis sonntags: 13-17 Uhr. Man kann auch g\u00fcnstig dort \u00fcbernachten, Wand an Wand mit den Ordensbr\u00fcdern (jedes Zimmer ist nach einem Heiligen benannt).<\/p>\n\n\n\n<p>&#8211; <strong>Erftruhe<\/strong> (inkl. Hotel)<\/p>\n\n\n\n<p><a href=\"https:\/\/www.erftruhe.de\">https:\/\/www.erftruhe.de<\/a><\/p>\n\n\n\n<p>Das Hotel und Restaurant <strong>Erftruhe<\/strong> in Grevenbroich-Wevlinghoven ist nur 5 Autominuten und ~3,5 km von uns entfernt. Dort kann man \u00fcbernachten und ab nachmittags auch im Restaurant und Biergarten essen.<\/p>\n\n\n\n<p>&#8211; <strong>Alt Glehn<\/strong> (inkl. Hotel)<\/p>\n\n\n\n<p><a href=\"http:\/\/altglehn.de\/\">http:\/\/altglehn.de\/<\/a><\/p>\n\n\n\n<p>Das Gasthaus <strong>Alt Glehn<\/strong> im Stadtteil Korschenbroich-Glehn liegt 5 km von uns entfernt und ist in ~10 Minuten mit dem Auto von uns zu erreichen. Dort kann g\u00fcnstig \u00fcbernachtet werden, sowie ab Nachmittags auch im Restaurant gegessen werden.<\/p>\n\n\n\n<p>&#8211;<strong> Happy Pizza D\u00f6ner Imbiss<\/strong><\/p>\n\n\n\n<p><a href=\"https:\/\/happy-pizza-doener.de\">https:\/\/happy-pizza-doener.de<\/a><\/p>\n\n\n\n<p>F\u00fcr den schnellen Hunger gibt es bei uns im Ort, in fu\u00dfl\u00e4ufiger Entfernung auch eine kleine Imbissbude; <strong>Happy Pizza D\u00f6ner<\/strong>, wo man auch zur Mittagszeit schon etwas zu Essen bekommt.<\/p>\n\n\n\n<p> &#8211; <strong>Artemis Grill<\/strong><\/p>\n\n\n\n<p><a href=\"https:\/\/artemisgrill-grevenbroich.de\/\">https:\/\/artemisgrill-grevenbroich.de\/<\/a><\/p>\n\n\n\n<p>Etwa 4 km und keine 10 Minuten von uns entfernt, kann man beim <strong>Artemis Grill<\/strong> in Grevenbroich gut und g\u00fcnstig auch schon zur Mittagszeit essen.<\/p>","protected":false},"excerpt":{"rendered":"<p>Links und Tipps Stauden und Kr\u00e4uter:GaissmayerGro\u00dfer Staudenbetrieb mit Versand Rosen:Vierl\u00e4nder RosenhofVon uns empfohlener Z\u00fcchter von Rosen im nostalgischen Flair, historischen Rosenrarit\u00e4ten, modernen Rosen aller Klassen Gute Erl\u00e4uterung zu den Rockiis von Prof. Warda von Arboretum Ellerhoop im Gartenfensehenhttps:\/\/www.youtube.com\/watch?v=JBSxJEEVvXk Touristische Attraktionen in unserer N\u00e4he:In J\u00fcchen nur 2 km von unserem neuen Standort entfernt: Schloss DyckSchloss Dyck [&hellip;]<\/p>\n","protected":false},"author":2,"featured_media":0,"parent":0,"menu_order":0,"comment_status":"closed","ping_status":"closed","template":"","meta":{"footnotes":""},"class_list":["post-6211","page","type-page","status-publish","hentry"],"blocksy_meta":{"styles_descriptor":{"styles":{"desktop":"","tablet":"","mobile":""},"google_fonts":[],"version":6}},"featured_image_urls":{"full":"","thumbnail":"","medium":"","medium_large":"","large":"","1536x1536":"","2048x2048":"","trp-custom-language-flag":"","ptam-block-post-grid-landscape":"","ptam-block-post-grid-square":"","ptam-block-post-grid-featured-landscape":"","woocommerce_archive_thumbnail":"","woocommerce_thumbnail":"","woocommerce_single":"","woocommerce_gallery_thumbnail":""},"post_excerpt_stackable":"<p>Links und Tipps Stauden und Kr\u00e4uter:GaissmayerGro\u00dfer Staudenbetrieb mit Versand Rosen:Vierl\u00e4nder RosenhofVon uns empfohlener Z\u00fcchter von Rosen im nostalgischen Flair, historischen Rosenrarit\u00e4ten, modernen Rosen aller Klassen Gute Erl\u00e4uterung zu den Rockiis von Prof. Warda von Arboretum Ellerhoop im Gartenfensehenhttps:\/\/www.youtube.com\/watch?v=JBSxJEEVvXk Touristische Attraktionen in unserer N\u00e4he:In J\u00fcchen nur 2 km von unserem neuen Standort entfernt: Schloss DyckSchloss Dyck geh\u00f6rt als Wasserschloss mit mehreren Vorburgen und seinem bedeutenden englischen Landschaftsgarten zu den wichtigen Kulturdenkm\u00e4lern im Rheinland. Als Zentrum f\u00fcr Gartenkunst und Landschaftskultur bietet es heute sowohl Familien und kulturinteressierten Besuchern, als auch Gartenliebhabern und Fachleuten ein facettenreiches Angebot. In Neuss ca. 6 km von&hellip;<\/p>\n","category_list":"","author_info":{"name":"max","url":"https:\/\/pfingstrosen-paradies.de\/en\/author\/max\/"},"comments_num":"0 comments","featured_image_urls_v2":{"full":"","thumbnail":"","medium":"","medium_large":"","large":"","1536x1536":"","2048x2048":"","trp-custom-language-flag":"","ptam-block-post-grid-landscape":"","ptam-block-post-grid-square":"","ptam-block-post-grid-featured-landscape":"","woocommerce_archive_thumbnail":"","woocommerce_thumbnail":"","woocommerce_single":"","woocommerce_gallery_thumbnail":""},"post_excerpt_stackable_v2":"<p>Links und Tipps Stauden und Kr\u00e4uter:GaissmayerGro\u00dfer Staudenbetrieb mit Versand Rosen:Vierl\u00e4nder RosenhofVon uns empfohlener Z\u00fcchter von Rosen im nostalgischen Flair, historischen Rosenrarit\u00e4ten, modernen Rosen aller Klassen Gute Erl\u00e4uterung zu den Rockiis von Prof. Warda von Arboretum Ellerhoop im Gartenfensehenhttps:\/\/www.youtube.com\/watch?v=JBSxJEEVvXk Touristische Attraktionen in unserer N\u00e4he:In J\u00fcchen nur 2 km von unserem neuen Standort entfernt: Schloss DyckSchloss Dyck geh\u00f6rt als Wasserschloss mit mehreren Vorburgen und seinem bedeutenden englischen Landschaftsgarten zu den wichtigen Kulturdenkm\u00e4lern im Rheinland. Als Zentrum f\u00fcr Gartenkunst und Landschaftskultur bietet es heute sowohl Familien und kulturinteressierten Besuchern, als auch Gartenliebhabern und Fachleuten ein facettenreiches Angebot. In Neuss ca. 6 km von&hellip;<\/p>\n","category_list_v2":"","author_info_v2":{"name":"max","url":"https:\/\/pfingstrosen-paradies.de\/en\/author\/max\/"},"comments_num_v2":"0 comments","yoast_head":"<!-- This site is optimized with the Yoast SEO plugin v27.3 - https:\/\/yoast.com\/product\/yoast-seo-wordpress\/ -->\n<title>Links und Tipps | Pfingstrosen-Paradies Tetzlaff<\/title>\n<meta name=\"description\" content=\"Links und Tipps Stauden und Kr\u00e4uter:GaissmayerGro\u00dfer Staudenbetrieb mit Versand Rosen:Vierl\u00e4nder RosenhofVon uns empfohlener Z\u00fcchter von Rosen im\" \/>\n<meta name=\"robots\" content=\"index, follow, max-snippet:-1, max-image-preview:large, max-video-preview:-1\" \/>\n<link rel=\"canonical\" href=\"https:\/\/pfingstrosen-paradies.de\/en\/links-und-tipps\/\" \/>\n<meta property=\"og:locale\" content=\"en_GB\" \/>\n<meta property=\"og:type\" content=\"article\" \/>\n<meta property=\"og:title\" content=\"Links und Tipps | Pfingstrosen-Paradies Tetzlaff\" \/>\n<meta property=\"og:description\" content=\"Links und Tipps Stauden und Kr\u00e4uter:GaissmayerGro\u00dfer Staudenbetrieb mit Versand Rosen:Vierl\u00e4nder RosenhofVon uns empfohlener Z\u00fcchter von Rosen im\" \/>\n<meta property=\"og:url\" content=\"https:\/\/pfingstrosen-paradies.de\/en\/links-und-tipps\/\" \/>\n<meta property=\"og:site_name\" content=\"Pfingstrosen-Paradies\" \/>\n<meta property=\"article:modified_time\" content=\"2026-02-05T16:01:22+00:00\" \/>\n<meta name=\"twitter:card\" content=\"summary_large_image\" \/>\n<meta name=\"twitter:label1\" content=\"Estimated reading time\" \/>\n\t<meta name=\"twitter:data1\" content=\"4 minutes\" \/>\n<script type=\"application\/ld+json\" class=\"yoast-schema-graph\">{\"@context\":\"https:\\\/\\\/schema.org\",\"@graph\":[{\"@type\":\"WebPage\",\"@id\":\"https:\\\/\\\/pfingstrosen-paradies.de\\\/links-und-tipps\\\/\",\"url\":\"https:\\\/\\\/pfingstrosen-paradies.de\\\/links-und-tipps\\\/\",\"name\":\"Links und Tipps | Pfingstrosen-Paradies Tetzlaff\",\"isPartOf\":{\"@id\":\"https:\\\/\\\/pfingstrosen-paradies.de\\\/#website\"},\"datePublished\":\"2022-01-24T12:37:57+00:00\",\"dateModified\":\"2026-02-05T16:01:22+00:00\",\"description\":\"Links und Tipps Stauden und Kr\u00e4uter:GaissmayerGro\u00dfer Staudenbetrieb mit Versand Rosen:Vierl\u00e4nder RosenhofVon uns empfohlener Z\u00fcchter von Rosen im\",\"breadcrumb\":{\"@id\":\"https:\\\/\\\/pfingstrosen-paradies.de\\\/links-und-tipps\\\/#breadcrumb\"},\"inLanguage\":\"en-GB\",\"potentialAction\":[{\"@type\":\"ReadAction\",\"target\":[\"https:\\\/\\\/pfingstrosen-paradies.de\\\/links-und-tipps\\\/\"]}]},{\"@type\":\"BreadcrumbList\",\"@id\":\"https:\\\/\\\/pfingstrosen-paradies.de\\\/links-und-tipps\\\/#breadcrumb\",\"itemListElement\":[{\"@type\":\"ListItem\",\"position\":1,\"name\":\"Start\",\"item\":\"https:\\\/\\\/pfingstrosen-paradies.de\\\/\"},{\"@type\":\"ListItem\",\"position\":2,\"name\":\"Links und Tipps\"}]},{\"@type\":\"WebSite\",\"@id\":\"https:\\\/\\\/pfingstrosen-paradies.de\\\/#website\",\"url\":\"https:\\\/\\\/pfingstrosen-paradies.de\\\/\",\"name\":\"Pfingstrosen-Paradies\",\"description\":\"Fachg\u00e4rtnerei f\u00fcr Pfingstrosen\",\"publisher\":{\"@id\":\"https:\\\/\\\/pfingstrosen-paradies.de\\\/#organization\"},\"potentialAction\":[{\"@type\":\"SearchAction\",\"target\":{\"@type\":\"EntryPoint\",\"urlTemplate\":\"https:\\\/\\\/pfingstrosen-paradies.de\\\/?s={search_term_string}\"},\"query-input\":{\"@type\":\"PropertyValueSpecification\",\"valueRequired\":true,\"valueName\":\"search_term_string\"}}],\"inLanguage\":\"en-GB\"},{\"@type\":\"Organization\",\"@id\":\"https:\\\/\\\/pfingstrosen-paradies.de\\\/#organization\",\"name\":\"Pfingstrosen-Paradies\",\"url\":\"https:\\\/\\\/pfingstrosen-paradies.de\\\/\",\"logo\":{\"@type\":\"ImageObject\",\"inLanguage\":\"en-GB\",\"@id\":\"https:\\\/\\\/pfingstrosen-paradies.de\\\/#\\\/schema\\\/logo\\\/image\\\/\",\"url\":\"https:\\\/\\\/pfingstrosen-paradies.de\\\/wp-content\\\/uploads\\\/2021\\\/02\\\/logo-pfingstrosen.png\",\"contentUrl\":\"https:\\\/\\\/pfingstrosen-paradies.de\\\/wp-content\\\/uploads\\\/2021\\\/02\\\/logo-pfingstrosen.png\",\"width\":1568,\"height\":366,\"caption\":\"Pfingstrosen-Paradies\"},\"image\":{\"@id\":\"https:\\\/\\\/pfingstrosen-paradies.de\\\/#\\\/schema\\\/logo\\\/image\\\/\"}}]}<\/script>\n<!-- \/ Yoast SEO plugin. -->","yoast_head_json":{"title":"Links und Tipps | Pfingstrosen-Paradies Tetzlaff","description":"Links und Tipps Stauden und Kr\u00e4uter:GaissmayerGro\u00dfer Staudenbetrieb mit Versand Rosen:Vierl\u00e4nder RosenhofVon uns empfohlener Z\u00fcchter von Rosen im","robots":{"index":"index","follow":"follow","max-snippet":"max-snippet:-1","max-image-preview":"max-image-preview:large","max-video-preview":"max-video-preview:-1"},"canonical":"https:\/\/pfingstrosen-paradies.de\/en\/links-und-tipps\/","og_locale":"en_GB","og_type":"article","og_title":"Links und Tipps | Pfingstrosen-Paradies Tetzlaff","og_description":"Links und Tipps Stauden und Kr\u00e4uter:GaissmayerGro\u00dfer Staudenbetrieb mit Versand Rosen:Vierl\u00e4nder RosenhofVon uns empfohlener Z\u00fcchter von Rosen im","og_url":"https:\/\/pfingstrosen-paradies.de\/en\/links-und-tipps\/","og_site_name":"Pfingstrosen-Paradies","article_modified_time":"2026-02-05T16:01:22+00:00","twitter_card":"summary_large_image","twitter_misc":{"Estimated reading time":"4 minutes"},"schema":{"@context":"https:\/\/schema.org","@graph":[{"@type":"WebPage","@id":"https:\/\/pfingstrosen-paradies.de\/links-und-tipps\/","url":"https:\/\/pfingstrosen-paradies.de\/links-und-tipps\/","name":"Links und Tipps | Pfingstrosen-Paradies Tetzlaff","isPartOf":{"@id":"https:\/\/pfingstrosen-paradies.de\/#website"},"datePublished":"2022-01-24T12:37:57+00:00","dateModified":"2026-02-05T16:01:22+00:00","description":"Links und Tipps Stauden und Kr\u00e4uter:GaissmayerGro\u00dfer Staudenbetrieb mit Versand Rosen:Vierl\u00e4nder RosenhofVon uns empfohlener Z\u00fcchter von Rosen im","breadcrumb":{"@id":"https:\/\/pfingstrosen-paradies.de\/links-und-tipps\/#breadcrumb"},"inLanguage":"en-GB","potentialAction":[{"@type":"ReadAction","target":["https:\/\/pfingstrosen-paradies.de\/links-und-tipps\/"]}]},{"@type":"BreadcrumbList","@id":"https:\/\/pfingstrosen-paradies.de\/links-und-tipps\/#breadcrumb","itemListElement":[{"@type":"ListItem","position":1,"name":"Start","item":"https:\/\/pfingstrosen-paradies.de\/"},{"@type":"ListItem","position":2,"name":"Links und Tipps"}]},{"@type":"WebSite","@id":"https:\/\/pfingstrosen-paradies.de\/#website","url":"https:\/\/pfingstrosen-paradies.de\/","name":"Pfingstrosen-Paradies","description":"Fachg\u00e4rtnerei f\u00fcr Pfingstrosen","publisher":{"@id":"https:\/\/pfingstrosen-paradies.de\/#organization"},"potentialAction":[{"@type":"SearchAction","target":{"@type":"EntryPoint","urlTemplate":"https:\/\/pfingstrosen-paradies.de\/?s={search_term_string}"},"query-input":{"@type":"PropertyValueSpecification","valueRequired":true,"valueName":"search_term_string"}}],"inLanguage":"en-GB"},{"@type":"Organization","@id":"https:\/\/pfingstrosen-paradies.de\/#organization","name":"Pfingstrosen-Paradies","url":"https:\/\/pfingstrosen-paradies.de\/","logo":{"@type":"ImageObject","inLanguage":"en-GB","@id":"https:\/\/pfingstrosen-paradies.de\/#\/schema\/logo\/image\/","url":"https:\/\/pfingstrosen-paradies.de\/wp-content\/uploads\/2021\/02\/logo-pfingstrosen.png","contentUrl":"https:\/\/pfingstrosen-paradies.de\/wp-content\/uploads\/2021\/02\/logo-pfingstrosen.png","width":1568,"height":366,"caption":"Pfingstrosen-Paradies"},"image":{"@id":"https:\/\/pfingstrosen-paradies.de\/#\/schema\/logo\/image\/"}}]}},"_links":{"self":[{"href":"https:\/\/pfingstrosen-paradies.de\/en\/wp-json\/wp\/v2\/pages\/6211","targetHints":{"allow":["GET"]}}],"collection":[{"href":"https:\/\/pfingstrosen-paradies.de\/en\/wp-json\/wp\/v2\/pages"}],"about":[{"href":"https:\/\/pfingstrosen-paradies.de\/en\/wp-json\/wp\/v2\/types\/page"}],"author":[{"embeddable":true,"href":"https:\/\/pfingstrosen-paradies.de\/en\/wp-json\/wp\/v2\/users\/2"}],"replies":[{"embeddable":true,"href":"https:\/\/pfingstrosen-paradies.de\/en\/wp-json\/wp\/v2\/comments?post=6211"}],"version-history":[{"count":0,"href":"https:\/\/pfingstrosen-paradies.de\/en\/wp-json\/wp\/v2\/pages\/6211\/revisions"}],"wp:attachment":[{"href":"https:\/\/pfingstrosen-paradies.de\/en\/wp-json\/wp\/v2\/media?parent=6211"}],"curies":[{"name":"wp","href":"https:\/\/api.w.org\/{rel}","templated":true}]}}