{"id":6663,"date":"2022-01-30T23:20:23","date_gmt":"2022-01-30T22:20:23","guid":{"rendered":"https:\/\/pfingstrosen-paradies.de\/?page_id=6663"},"modified":"2022-02-27T21:56:38","modified_gmt":"2022-02-27T20:56:38","slug":"tierische-schaedlinge","status":"publish","type":"page","link":"https:\/\/pfingstrosen-paradies.de\/en\/tierische-schaedlinge\/","title":{"rendered":"Pests"},"content":{"rendered":"<h1 class=\"wp-block-heading\" id=\"tierische-schadlinge\">Pests<\/h1>\n\n\n\n<hr class=\"wp-block-separator is-style-wide\"\/>\n\n\n\n<h2 class=\"wp-block-heading\" id=\"ameisen-an-pfingstrosen\">Ameisen an Pfingstrosen:<\/h2>\n\n\n\n<p>Diese Insekten findet man jedes Jahr kurz vor der Bl\u00fcte in mehr oder gro\u00dfen Mengen auf den Pflanzen, meist an den Knospen. Die Ameisen sind kein Anzeichen f\u00fcr einen eventuellen L\u00e4usebefall, wie man es von zahlreichen anderen Pflanzen her kennt. Sie interessiert einzig und alleine der von den Pfingstrosen produzierte Zuckersaft, der an den Bl\u00fcten entsteht und dann herunter tropft. In machen Jahren wird der Zucker in solch gro\u00dfen Mengen produziert, da\u00df die Pflanzen regelrecht kleben. Die Ameisen selber verursachen keine Sch\u00e4den an den Pflanzen. Den einzigen Schaden, den sie anrichten k\u00f6nnen, ist die Verbreitung von Pilzsporen (haupts\u00e4chlich <a href=\"https:\/\/pfingstrosen-paradies.de\/en\/pilzkrankheiten\/\">Botrytis<\/a>) von einer Knospe und einer Pflanze zur anderen.<\/p>\n\n\n\n<h2 class=\"wp-block-heading\" id=\"kleiner-hopfenspinner\">Kleiner Hopfenspinner:<\/h2>\n\n\n\n<figure class=\"wp-block-image size-large is-resized\"><a href=\"https:\/\/pfingstrosen-paradies.de\/wp-content\/uploads\/P1040069.jpg\" data-rel=\"lightbox-gallery-kfH5wGjs\" data-magnific_type=\"image\" data-rl_title=\"\" data-rl_caption=\"Kleiner Hopfenspinner\" title=\"\"><img decoding=\"async\" src=\"https:\/\/pfingstrosen-paradies.de\/wp-content\/uploads\/P1040069-1024x768.jpg\" alt=\"Kleiner Hopfenspinner\" class=\"wp-image-7542\" width=\"512\" height=\"384\" srcset=\"https:\/\/pfingstrosen-paradies.de\/wp-content\/uploads\/P1040069-1024x768.jpg 1024w, https:\/\/pfingstrosen-paradies.de\/wp-content\/uploads\/P1040069-1200x900.jpg 1200w, https:\/\/pfingstrosen-paradies.de\/wp-content\/uploads\/P1040069-300x225.jpg 300w, https:\/\/pfingstrosen-paradies.de\/wp-content\/uploads\/P1040069-768x576.jpg 768w, https:\/\/pfingstrosen-paradies.de\/wp-content\/uploads\/P1040069-16x12.jpg 16w, https:\/\/pfingstrosen-paradies.de\/wp-content\/uploads\/P1040069-800x600.jpg 800w, https:\/\/pfingstrosen-paradies.de\/wp-content\/uploads\/P1040069.jpg 1280w\" sizes=\"(max-width: 512px) 100vw, 512px\" \/><\/a><\/figure>\n\n\n\n<p>Dieser Sch\u00e4dling kommt eher selten vor und kann eigentlich nur bei feldm\u00e4\u00dfigem Anbau von Bedeutung werden, da er sich hier unter g\u00fcnstigen Bedingungen durchaus in nennenswerten St\u00fcckzahlen vermehren kann. In Hausg\u00e4rten spielt dieser Sch\u00e4dling keine Rolle, da sich hier die Populationen nicht so hoch aufbauen. Einzelne Raupen k\u00f6nnen eine Pfingstrose nicht sch\u00e4digen. In den Niederlanden ist dieser Kleinfalter auch als \u201eSlawortelenflieg\u201c (Salatwurzelfliege) bekannt. Der Falter ist unscheinbar und f\u00e4llt daher nicht auf. Er bewegt sich \u00fcberwiegend unterhalb des Laubes und wirft seine Eier im Flug ab. Die geschl\u00fcpften Raupen suchen dann aktiv im Boden nach Wurzeln in die sie sich hineinfressen und k\u00f6nnen bei starkem Befall ganze Pflanzen v\u00f6llig aush\u00f6hlen. Im Vorjahr noch kr\u00e4ftige Pflanzen treiben ohne erkennbaren Grund im Fr\u00fchjahr nicht mehr aus. Geht man mit dem Spaten vorsichtig auf den Grund stellt man fest, da\u00df lediglich ausgeh\u00f6hlte Wurzelreste vorhanden sind.<\/p>\n\n\n\n<h2 class=\"wp-block-heading\" id=\"kleiner-rosentriebbohrer\">Kleiner Rosentriebbohrer:<\/h2>\n\n\n\n<p>Auch dieser Sch\u00e4dling kommt eher selten vor. Im Gegensatz zum Kleinen Hopfenspinner fressen sich die Larven nur in das Innere des Stieles, aber befallen nicht die Wurzeln. Man unterscheidet je nach Fra\u00dfrichtung zwischen dem Abw\u00e4rtssteigenden oder dem Aufw\u00e4rtssteigenden Triebbohrer.<\/p>\n\n\n\n<h2 class=\"wp-block-heading\">Raupen<\/h2>\n\n\n\n<p>Im zeitigen Fr\u00fchjahr sind gelegentlich Fra\u00dfspuren an den frisch austreibenden Knospen der Baump\u00e4onien zu beobachten. Hierbei handelt es sich um einen Befall von Erdraupen. Jungtiere sind noch tagaktiv und durch ihre leuchtendgr\u00fcne Farbe zu erkennen und leicht abzusammeln. \u00c4ltere Exemplare haben hingegen schon eine graubraune Farbe angenommen und verkriechen sich \u00fcber Tag im Boden und sind nachtaktiv. Baump\u00e4onienbest\u00e4nde auf Fra\u00dfspuren kontrollieren. Wenn Fra\u00dfspuren festgestellt werden, die oberste Schicht des Bodens vorsichtig um die Pflanze herum durcharbeiten. Meist findet man in unmittelbarer N\u00e4he der Triebe die Raupen.<\/p>\n\n\n\n<div class=\"wp-block-image\"><figure class=\"alignleft size-full is-resized\"><a href=\"https:\/\/pfingstrosen-paradies.de\/wp-content\/uploads\/Raupen-an-Pfingstrosen-2.jpg\" data-rel=\"lightbox-gallery-kfH5wGjs\" data-magnific_type=\"image\" data-rl_title=\"\" data-rl_caption=\"\" title=\"\"><img decoding=\"async\" src=\"https:\/\/pfingstrosen-paradies.de\/wp-content\/uploads\/Raupen-an-Pfingstrosen-2.jpg\" alt=\"\" class=\"wp-image-7850\" width=\"240\" height=\"320\" srcset=\"https:\/\/pfingstrosen-paradies.de\/wp-content\/uploads\/Raupen-an-Pfingstrosen-2.jpg 960w, https:\/\/pfingstrosen-paradies.de\/wp-content\/uploads\/Raupen-an-Pfingstrosen-2-800x1067.jpg 800w, https:\/\/pfingstrosen-paradies.de\/wp-content\/uploads\/Raupen-an-Pfingstrosen-2-225x300.jpg 225w, https:\/\/pfingstrosen-paradies.de\/wp-content\/uploads\/Raupen-an-Pfingstrosen-2-768x1024.jpg 768w, https:\/\/pfingstrosen-paradies.de\/wp-content\/uploads\/Raupen-an-Pfingstrosen-2-9x12.jpg 9w\" sizes=\"(max-width: 240px) 100vw, 240px\" \/><\/a><figcaption>Raupenfrass an Strauchp\u00e4onien<\/figcaption><\/figure><\/div>\n\n\n\n<figure class=\"wp-block-image size-full is-resized\"><a href=\"https:\/\/pfingstrosen-paradies.de\/wp-content\/uploads\/Raupen-an-Pfingstrosen.jpg\" data-rel=\"lightbox-gallery-kfH5wGjs\" data-magnific_type=\"image\" data-rl_title=\"\" data-rl_caption=\"\" title=\"\"><img decoding=\"async\" src=\"https:\/\/pfingstrosen-paradies.de\/wp-content\/uploads\/Raupen-an-Pfingstrosen.jpg\" alt=\"\" class=\"wp-image-7851\" width=\"240\" height=\"320\" srcset=\"https:\/\/pfingstrosen-paradies.de\/wp-content\/uploads\/Raupen-an-Pfingstrosen.jpg 960w, https:\/\/pfingstrosen-paradies.de\/wp-content\/uploads\/Raupen-an-Pfingstrosen-800x1067.jpg 800w, https:\/\/pfingstrosen-paradies.de\/wp-content\/uploads\/Raupen-an-Pfingstrosen-225x300.jpg 225w, https:\/\/pfingstrosen-paradies.de\/wp-content\/uploads\/Raupen-an-Pfingstrosen-768x1024.jpg 768w, https:\/\/pfingstrosen-paradies.de\/wp-content\/uploads\/Raupen-an-Pfingstrosen-9x12.jpg 9w\" sizes=\"(max-width: 240px) 100vw, 240px\" \/><\/a><\/figure>\n\n\n\n<p><\/p>\n\n\n\n<p><\/p>\n\n\n\n<h2 class=\"wp-block-heading\" id=\"mai-junikafer\">Mai-\/ Junik\u00e4fer:<\/h2>\n\n\n\n<p>Die Engerlinge dieser K\u00e4ferart sind ebenfalls gelegentlich an den Wurzeln zu finden. Allerdings haben wir in all den Jahren, in denen wir uns mit Pfingstrosen besch\u00e4ftigen, noch von keinem gro\u00dfen Schaden geh\u00f6rt. Wir finden jedes Jahr beim Roden und Vermehren der Stauden einzelne Pflanzen an denen wir verd\u00e4chtige Fra\u00dfg\u00e4nge entdecken. Der Hunger der Engerlinge ist jedoch so klein, da\u00df es auch hier keine Sch\u00e4digungen gibt. Trotz zum Teil starken Befalls in angrenzenden Grasfl\u00e4chen verirren sich nur einzelne Engerlinge in die Pfingstrosen.<\/p>\n\n\n\n<figure class=\"wp-block-image size-large is-resized\"><a href=\"https:\/\/pfingstrosen-paradies.de\/wp-content\/uploads\/P1040073.jpg\" data-rel=\"lightbox-gallery-kfH5wGjs\" data-magnific_type=\"image\" data-rl_title=\"\" data-rl_caption=\"Fra\u00dfspuren &#039;Kleiner Hopfenspinner&#039;\" title=\"\"><img decoding=\"async\" src=\"https:\/\/pfingstrosen-paradies.de\/wp-content\/uploads\/P1040073-1024x768.jpg\" alt=\"Fra\u00dfspuren 'Kleiner Hopfenspinner'\" class=\"wp-image-7544\" width=\"512\" height=\"384\" srcset=\"https:\/\/pfingstrosen-paradies.de\/wp-content\/uploads\/P1040073-1024x768.jpg 1024w, https:\/\/pfingstrosen-paradies.de\/wp-content\/uploads\/P1040073-1200x900.jpg 1200w, https:\/\/pfingstrosen-paradies.de\/wp-content\/uploads\/P1040073-300x225.jpg 300w, https:\/\/pfingstrosen-paradies.de\/wp-content\/uploads\/P1040073-768x576.jpg 768w, https:\/\/pfingstrosen-paradies.de\/wp-content\/uploads\/P1040073-16x12.jpg 16w, https:\/\/pfingstrosen-paradies.de\/wp-content\/uploads\/P1040073-800x600.jpg 800w, https:\/\/pfingstrosen-paradies.de\/wp-content\/uploads\/P1040073.jpg 1280w\" sizes=\"(max-width: 512px) 100vw, 512px\" \/><\/a><\/figure>\n\n\n\n<h2 class=\"wp-block-heading\" id=\"nematoden\">Nematoden:<\/h2>\n\n\n\n<figure class=\"wp-block-image\"><img decoding=\"async\" src=\"https:\/\/www.pfingstrosen-paradies.de\/sites\/bilder\/pfingstrosen-paradies-bilder\/tierische-schaeden\/nematoden.jpg\" alt=\"Nematoden\"\/><\/figure>\n\n\n\n<p>Nematoden bzw. Fadenw\u00fcrmer kommen in jedem Boden vor, spielen aber haupts\u00e4chlich auf landwirtschaftlichen Fl\u00e4chen eine Rolle. Bedingt durch zu enge gestellte Fruchtfolge oder mangelnde Bodenhygiene kann sich die Population stark vergr\u00f6\u00dfern, so da\u00df f\u00fcr die Pflanzen eine sch\u00e4dliche Konzentration erreicht werden kann. Vor allen Dingen Kartoffel- und R\u00fcbenfl\u00e4chen, sowie sandige B\u00f6den mit starkem Unkrautbewuchs neigen zu einem st\u00e4rkeren Nematodenbefall. Die Kn\u00f6llchen bildenden Nematoden spielen hier die gr\u00f6\u00dfte Rolle. Sie dringen \u00fcber die Faserwurzel in das Wurzelinnere ein. Als Reaktion darauf kommt es im weiteren Verlauf zu kn\u00f6llchenartigen Verdickungen. Die Pflanze versucht die Wucherungen durch verst\u00e4rkte Wurzelproduktion zu \u00fcberbr\u00fccken. Da die neuen Wurzeln ebenfalls infiziert werden, entsteht innerhalb kurzer Zeit ein regelrechter Wurzelfilz. Die Pflanzen gehen von einem Nematodenbefall zwar nicht ein, aber sie verlieren ihre W\u00fcchsigkeit. Die einfachste, billigste und umweltschonenste Bek\u00e4mpfung der Fadenw\u00fcrmer erfolgt durch den Anbau von Tagetes. Die Wurzelausscheidungen der Tagetes reduzieren den Nematodenbestand erheblich. Dabei sind die billigen, starkw\u00fcchsigen Sorten den modernen Hochzuchtsorten (Balkon- und Gartensorten) vorzuziehen, da die Starkw\u00fcchsigen wesentlich mehr Wurzelausscheidungen haben. Im gro\u00dffl\u00e4chigen Anbau gibt es nach dem Roden noch die M\u00f6glichkeit einer Hei\u00dfwasserbehandlung der Pflanzen, dem sogenannten Kochen. Hierbei werden die Pflanzen allm\u00e4hlich auf 43,5\u00b0 C erhitzt. Die Temperatur wird ~ 30 Minuten gehalten und danach langsam zur\u00fcckgefahren. Da tierisches Eiwei\u00df bei Temperaturen \u00fcber 42\u00b0 C gerinnt, werden die Nematoden abget\u00f6tet. Die Pflanzen werden nach der Behandlung nahezu schwarz und sehen verbrannt aus. Dies ist aber eine rein optische Erscheinung. Im folgenden Fr\u00fchjahr treiben sie gesund und w\u00fcchsig aus. Bei Importen aus bestimmten L\u00e4ndern ist diese Art der Behandlung bei Pfingstrosen sogar durch die EU zwingend vorgeschrieben.<\/p>\n\n\n\n<h2 class=\"wp-block-heading\" id=\"wildschaden\">Wildsch\u00e4den:<\/h2>\n\n\n\n<figure class=\"wp-block-image size-full\"><a href=\"https:\/\/pfingstrosen-paradies.de\/wp-content\/uploads\/Wildschaeden.jpg\" data-rel=\"lightbox-gallery-kfH5wGjs\" data-magnific_type=\"image\" data-rl_title=\"\" data-rl_caption=\"Wildsch\u00e4den Kaninchen\" title=\"\"><img decoding=\"async\" width=\"400\" height=\"300\" src=\"https:\/\/pfingstrosen-paradies.de\/wp-content\/uploads\/Wildschaeden.jpg\" alt=\"\" class=\"wp-image-7572\" srcset=\"https:\/\/pfingstrosen-paradies.de\/wp-content\/uploads\/Wildschaeden.jpg 400w, https:\/\/pfingstrosen-paradies.de\/wp-content\/uploads\/Wildschaeden-300x225.jpg 300w, https:\/\/pfingstrosen-paradies.de\/wp-content\/uploads\/Wildschaeden-16x12.jpg 16w\" sizes=\"(max-width: 400px) 100vw, 400px\" \/><\/a><\/figure>\n\n\n\n<p>Bei den Staudenpfingstrosen kann es durch Jungkaninchen Verbi\u00df an den jungen, noch zarten Trieben geben. Gefressen werden die Pflanzen allerdings nicht, da diese den Tieren nicht schmecken. Es ist lediglich ein Ausprobieren, welche Pflanzen als Nahrungsquelle geeignet sind. In sehr nassen Fr\u00fchjahren kann es ganz vereinzelt zu Knospenfra\u00df durch Schnecken kommen. Der Befall ist aber so gering, da\u00df eine Behandlung nicht erforderlich ist. Im Winter konnten wir vereinzelt an Baump\u00e4onien Fra\u00dfsch\u00e4den an den Knospen durch Feldhasen und Rehe beobachten. Sobald die Pflanzen jedoch anfangen zu treiben, werden sie nicht mehr als Nahrungsquelle genutzt.<\/p>","protected":false},"excerpt":{"rendered":"<p>Tierische Sch\u00e4dlinge Ameisen an Pfingstrosen: Diese Insekten findet man jedes Jahr kurz vor der Bl\u00fcte in mehr oder gro\u00dfen Mengen auf den Pflanzen, meist an den Knospen. Die Ameisen sind kein Anzeichen f\u00fcr einen eventuellen L\u00e4usebefall, wie man es von zahlreichen anderen Pflanzen her kennt. Sie interessiert einzig und alleine der von den Pfingstrosen produzierte [&hellip;]<\/p>\n","protected":false},"author":2,"featured_media":0,"parent":0,"menu_order":0,"comment_status":"closed","ping_status":"closed","template":"","meta":{"footnotes":""},"class_list":["post-6663","page","type-page","status-publish","hentry"],"blocksy_meta":{"styles_descriptor":{"styles":{"desktop":"","tablet":"","mobile":""},"google_fonts":[],"version":6}},"featured_image_urls":{"full":"","thumbnail":"","medium":"","medium_large":"","large":"","1536x1536":"","2048x2048":"","trp-custom-language-flag":"","ptam-block-post-grid-landscape":"","ptam-block-post-grid-square":"","ptam-block-post-grid-featured-landscape":"","woocommerce_archive_thumbnail":"","woocommerce_thumbnail":"","woocommerce_single":"","woocommerce_gallery_thumbnail":""},"post_excerpt_stackable":"<p>Tierische Sch\u00e4dlinge Ameisen an Pfingstrosen: Diese Insekten findet man jedes Jahr kurz vor der Bl\u00fcte in mehr oder gro\u00dfen Mengen auf den Pflanzen, meist an den Knospen. Die Ameisen sind kein Anzeichen f\u00fcr einen eventuellen L\u00e4usebefall, wie man es von zahlreichen anderen Pflanzen her kennt. Sie interessiert einzig und alleine der von den Pfingstrosen produzierte Zuckersaft, der an den Bl\u00fcten entsteht und dann herunter tropft. In machen Jahren wird der Zucker in solch gro\u00dfen Mengen produziert, da\u00df die Pflanzen regelrecht kleben. Die Ameisen selber verursachen keine Sch\u00e4den an den Pflanzen. Den einzigen Schaden, den sie anrichten k\u00f6nnen, ist die Verbreitung&hellip;<\/p>\n","category_list":"","author_info":{"name":"max","url":"https:\/\/pfingstrosen-paradies.de\/en\/author\/max\/"},"comments_num":"0 comments","featured_image_urls_v2":{"full":"","thumbnail":"","medium":"","medium_large":"","large":"","1536x1536":"","2048x2048":"","trp-custom-language-flag":"","ptam-block-post-grid-landscape":"","ptam-block-post-grid-square":"","ptam-block-post-grid-featured-landscape":"","woocommerce_archive_thumbnail":"","woocommerce_thumbnail":"","woocommerce_single":"","woocommerce_gallery_thumbnail":""},"post_excerpt_stackable_v2":"<p>Tierische Sch\u00e4dlinge Ameisen an Pfingstrosen: Diese Insekten findet man jedes Jahr kurz vor der Bl\u00fcte in mehr oder gro\u00dfen Mengen auf den Pflanzen, meist an den Knospen. Die Ameisen sind kein Anzeichen f\u00fcr einen eventuellen L\u00e4usebefall, wie man es von zahlreichen anderen Pflanzen her kennt. Sie interessiert einzig und alleine der von den Pfingstrosen produzierte Zuckersaft, der an den Bl\u00fcten entsteht und dann herunter tropft. In machen Jahren wird der Zucker in solch gro\u00dfen Mengen produziert, da\u00df die Pflanzen regelrecht kleben. Die Ameisen selber verursachen keine Sch\u00e4den an den Pflanzen. Den einzigen Schaden, den sie anrichten k\u00f6nnen, ist die Verbreitung&hellip;<\/p>\n","category_list_v2":"","author_info_v2":{"name":"max","url":"https:\/\/pfingstrosen-paradies.de\/en\/author\/max\/"},"comments_num_v2":"0 comments","yoast_head":"<!-- This site is optimized with the Yoast SEO plugin v27.3 - https:\/\/yoast.com\/product\/yoast-seo-wordpress\/ -->\n<title>Tierische Sch\u00e4dlinge | Pfingstrosen-Paradies Tetzlaff<\/title>\n<meta name=\"description\" content=\"Tierische Sch\u00e4dlinge Ameisen an Pfingstrosen: Diese Insekten findet man jedes Jahr kurz vor der Bl\u00fcte in mehr oder gro\u00dfen Mengen auf den Pflanzen, meist\" \/>\n<meta name=\"robots\" content=\"index, follow, max-snippet:-1, max-image-preview:large, max-video-preview:-1\" \/>\n<link rel=\"canonical\" href=\"https:\/\/pfingstrosen-paradies.de\/en\/tierische-schaedlinge\/\" \/>\n<meta property=\"og:locale\" content=\"en_GB\" \/>\n<meta property=\"og:type\" content=\"article\" \/>\n<meta property=\"og:title\" content=\"Tierische Sch\u00e4dlinge | Pfingstrosen-Paradies Tetzlaff\" \/>\n<meta property=\"og:description\" content=\"Tierische Sch\u00e4dlinge Ameisen an Pfingstrosen: Diese Insekten findet man jedes Jahr kurz vor der Bl\u00fcte in mehr oder gro\u00dfen Mengen auf den Pflanzen, meist\" \/>\n<meta property=\"og:url\" content=\"https:\/\/pfingstrosen-paradies.de\/en\/tierische-schaedlinge\/\" \/>\n<meta property=\"og:site_name\" content=\"Pfingstrosen-Paradies\" \/>\n<meta property=\"article:modified_time\" content=\"2022-02-27T20:56:38+00:00\" \/>\n<meta property=\"og:image\" content=\"https:\/\/pfingstrosen-paradies.de\/wp-content\/uploads\/P1040069-1024x768.jpg\" \/>\n<meta name=\"twitter:card\" content=\"summary_large_image\" \/>\n<meta name=\"twitter:label1\" content=\"Estimated reading time\" \/>\n\t<meta name=\"twitter:data1\" content=\"6 minutes\" \/>\n<script type=\"application\/ld+json\" class=\"yoast-schema-graph\">{\"@context\":\"https:\\\/\\\/schema.org\",\"@graph\":[{\"@type\":\"WebPage\",\"@id\":\"https:\\\/\\\/pfingstrosen-paradies.de\\\/tierische-schaedlinge\\\/\",\"url\":\"https:\\\/\\\/pfingstrosen-paradies.de\\\/tierische-schaedlinge\\\/\",\"name\":\"Tierische Sch\u00e4dlinge | Pfingstrosen-Paradies Tetzlaff\",\"isPartOf\":{\"@id\":\"https:\\\/\\\/pfingstrosen-paradies.de\\\/#website\"},\"primaryImageOfPage\":{\"@id\":\"https:\\\/\\\/pfingstrosen-paradies.de\\\/tierische-schaedlinge\\\/#primaryimage\"},\"image\":{\"@id\":\"https:\\\/\\\/pfingstrosen-paradies.de\\\/tierische-schaedlinge\\\/#primaryimage\"},\"thumbnailUrl\":\"https:\\\/\\\/pfingstrosen-paradies.de\\\/wp-content\\\/uploads\\\/P1040069-1024x768.jpg\",\"datePublished\":\"2022-01-30T22:20:23+00:00\",\"dateModified\":\"2022-02-27T20:56:38+00:00\",\"description\":\"Tierische Sch\u00e4dlinge Ameisen an Pfingstrosen: Diese Insekten findet man jedes Jahr kurz vor der Bl\u00fcte in mehr oder gro\u00dfen Mengen auf den Pflanzen, meist\",\"breadcrumb\":{\"@id\":\"https:\\\/\\\/pfingstrosen-paradies.de\\\/tierische-schaedlinge\\\/#breadcrumb\"},\"inLanguage\":\"en-GB\",\"potentialAction\":[{\"@type\":\"ReadAction\",\"target\":[\"https:\\\/\\\/pfingstrosen-paradies.de\\\/tierische-schaedlinge\\\/\"]}]},{\"@type\":\"ImageObject\",\"inLanguage\":\"en-GB\",\"@id\":\"https:\\\/\\\/pfingstrosen-paradies.de\\\/tierische-schaedlinge\\\/#primaryimage\",\"url\":\"https:\\\/\\\/pfingstrosen-paradies.de\\\/wp-content\\\/uploads\\\/P1040069-1024x768.jpg\",\"contentUrl\":\"https:\\\/\\\/pfingstrosen-paradies.de\\\/wp-content\\\/uploads\\\/P1040069-1024x768.jpg\"},{\"@type\":\"BreadcrumbList\",\"@id\":\"https:\\\/\\\/pfingstrosen-paradies.de\\\/tierische-schaedlinge\\\/#breadcrumb\",\"itemListElement\":[{\"@type\":\"ListItem\",\"position\":1,\"name\":\"Start\",\"item\":\"https:\\\/\\\/pfingstrosen-paradies.de\\\/\"},{\"@type\":\"ListItem\",\"position\":2,\"name\":\"Tierische Sch\u00e4dlinge\"}]},{\"@type\":\"WebSite\",\"@id\":\"https:\\\/\\\/pfingstrosen-paradies.de\\\/#website\",\"url\":\"https:\\\/\\\/pfingstrosen-paradies.de\\\/\",\"name\":\"Pfingstrosen-Paradies\",\"description\":\"Fachg\u00e4rtnerei f\u00fcr Pfingstrosen\",\"publisher\":{\"@id\":\"https:\\\/\\\/pfingstrosen-paradies.de\\\/#organization\"},\"potentialAction\":[{\"@type\":\"SearchAction\",\"target\":{\"@type\":\"EntryPoint\",\"urlTemplate\":\"https:\\\/\\\/pfingstrosen-paradies.de\\\/?s={search_term_string}\"},\"query-input\":{\"@type\":\"PropertyValueSpecification\",\"valueRequired\":true,\"valueName\":\"search_term_string\"}}],\"inLanguage\":\"en-GB\"},{\"@type\":\"Organization\",\"@id\":\"https:\\\/\\\/pfingstrosen-paradies.de\\\/#organization\",\"name\":\"Pfingstrosen-Paradies\",\"url\":\"https:\\\/\\\/pfingstrosen-paradies.de\\\/\",\"logo\":{\"@type\":\"ImageObject\",\"inLanguage\":\"en-GB\",\"@id\":\"https:\\\/\\\/pfingstrosen-paradies.de\\\/#\\\/schema\\\/logo\\\/image\\\/\",\"url\":\"https:\\\/\\\/pfingstrosen-paradies.de\\\/wp-content\\\/uploads\\\/2021\\\/02\\\/logo-pfingstrosen.png\",\"contentUrl\":\"https:\\\/\\\/pfingstrosen-paradies.de\\\/wp-content\\\/uploads\\\/2021\\\/02\\\/logo-pfingstrosen.png\",\"width\":1568,\"height\":366,\"caption\":\"Pfingstrosen-Paradies\"},\"image\":{\"@id\":\"https:\\\/\\\/pfingstrosen-paradies.de\\\/#\\\/schema\\\/logo\\\/image\\\/\"}}]}<\/script>\n<!-- \/ Yoast SEO plugin. -->","yoast_head_json":{"title":"Tierische Sch\u00e4dlinge | Pfingstrosen-Paradies Tetzlaff","description":"Tierische Sch\u00e4dlinge Ameisen an Pfingstrosen: Diese Insekten findet man jedes Jahr kurz vor der Bl\u00fcte in mehr oder gro\u00dfen Mengen auf den Pflanzen, meist","robots":{"index":"index","follow":"follow","max-snippet":"max-snippet:-1","max-image-preview":"max-image-preview:large","max-video-preview":"max-video-preview:-1"},"canonical":"https:\/\/pfingstrosen-paradies.de\/en\/tierische-schaedlinge\/","og_locale":"en_GB","og_type":"article","og_title":"Tierische Sch\u00e4dlinge | Pfingstrosen-Paradies Tetzlaff","og_description":"Tierische Sch\u00e4dlinge Ameisen an Pfingstrosen: Diese Insekten findet man jedes Jahr kurz vor der Bl\u00fcte in mehr oder gro\u00dfen Mengen auf den Pflanzen, meist","og_url":"https:\/\/pfingstrosen-paradies.de\/en\/tierische-schaedlinge\/","og_site_name":"Pfingstrosen-Paradies","article_modified_time":"2022-02-27T20:56:38+00:00","og_image":[{"url":"https:\/\/pfingstrosen-paradies.de\/wp-content\/uploads\/P1040069-1024x768.jpg","type":"","width":"","height":""}],"twitter_card":"summary_large_image","twitter_misc":{"Estimated reading time":"6 minutes"},"schema":{"@context":"https:\/\/schema.org","@graph":[{"@type":"WebPage","@id":"https:\/\/pfingstrosen-paradies.de\/tierische-schaedlinge\/","url":"https:\/\/pfingstrosen-paradies.de\/tierische-schaedlinge\/","name":"Tierische Sch\u00e4dlinge | Pfingstrosen-Paradies Tetzlaff","isPartOf":{"@id":"https:\/\/pfingstrosen-paradies.de\/#website"},"primaryImageOfPage":{"@id":"https:\/\/pfingstrosen-paradies.de\/tierische-schaedlinge\/#primaryimage"},"image":{"@id":"https:\/\/pfingstrosen-paradies.de\/tierische-schaedlinge\/#primaryimage"},"thumbnailUrl":"https:\/\/pfingstrosen-paradies.de\/wp-content\/uploads\/P1040069-1024x768.jpg","datePublished":"2022-01-30T22:20:23+00:00","dateModified":"2022-02-27T20:56:38+00:00","description":"Tierische Sch\u00e4dlinge Ameisen an Pfingstrosen: Diese Insekten findet man jedes Jahr kurz vor der Bl\u00fcte in mehr oder gro\u00dfen Mengen auf den Pflanzen, meist","breadcrumb":{"@id":"https:\/\/pfingstrosen-paradies.de\/tierische-schaedlinge\/#breadcrumb"},"inLanguage":"en-GB","potentialAction":[{"@type":"ReadAction","target":["https:\/\/pfingstrosen-paradies.de\/tierische-schaedlinge\/"]}]},{"@type":"ImageObject","inLanguage":"en-GB","@id":"https:\/\/pfingstrosen-paradies.de\/tierische-schaedlinge\/#primaryimage","url":"https:\/\/pfingstrosen-paradies.de\/wp-content\/uploads\/P1040069-1024x768.jpg","contentUrl":"https:\/\/pfingstrosen-paradies.de\/wp-content\/uploads\/P1040069-1024x768.jpg"},{"@type":"BreadcrumbList","@id":"https:\/\/pfingstrosen-paradies.de\/tierische-schaedlinge\/#breadcrumb","itemListElement":[{"@type":"ListItem","position":1,"name":"Start","item":"https:\/\/pfingstrosen-paradies.de\/"},{"@type":"ListItem","position":2,"name":"Tierische Sch\u00e4dlinge"}]},{"@type":"WebSite","@id":"https:\/\/pfingstrosen-paradies.de\/#website","url":"https:\/\/pfingstrosen-paradies.de\/","name":"Pfingstrosen-Paradies","description":"Fachg\u00e4rtnerei f\u00fcr Pfingstrosen","publisher":{"@id":"https:\/\/pfingstrosen-paradies.de\/#organization"},"potentialAction":[{"@type":"SearchAction","target":{"@type":"EntryPoint","urlTemplate":"https:\/\/pfingstrosen-paradies.de\/?s={search_term_string}"},"query-input":{"@type":"PropertyValueSpecification","valueRequired":true,"valueName":"search_term_string"}}],"inLanguage":"en-GB"},{"@type":"Organization","@id":"https:\/\/pfingstrosen-paradies.de\/#organization","name":"Pfingstrosen-Paradies","url":"https:\/\/pfingstrosen-paradies.de\/","logo":{"@type":"ImageObject","inLanguage":"en-GB","@id":"https:\/\/pfingstrosen-paradies.de\/#\/schema\/logo\/image\/","url":"https:\/\/pfingstrosen-paradies.de\/wp-content\/uploads\/2021\/02\/logo-pfingstrosen.png","contentUrl":"https:\/\/pfingstrosen-paradies.de\/wp-content\/uploads\/2021\/02\/logo-pfingstrosen.png","width":1568,"height":366,"caption":"Pfingstrosen-Paradies"},"image":{"@id":"https:\/\/pfingstrosen-paradies.de\/#\/schema\/logo\/image\/"}}]}},"_links":{"self":[{"href":"https:\/\/pfingstrosen-paradies.de\/en\/wp-json\/wp\/v2\/pages\/6663","targetHints":{"allow":["GET"]}}],"collection":[{"href":"https:\/\/pfingstrosen-paradies.de\/en\/wp-json\/wp\/v2\/pages"}],"about":[{"href":"https:\/\/pfingstrosen-paradies.de\/en\/wp-json\/wp\/v2\/types\/page"}],"author":[{"embeddable":true,"href":"https:\/\/pfingstrosen-paradies.de\/en\/wp-json\/wp\/v2\/users\/2"}],"replies":[{"embeddable":true,"href":"https:\/\/pfingstrosen-paradies.de\/en\/wp-json\/wp\/v2\/comments?post=6663"}],"version-history":[{"count":0,"href":"https:\/\/pfingstrosen-paradies.de\/en\/wp-json\/wp\/v2\/pages\/6663\/revisions"}],"wp:attachment":[{"href":"https:\/\/pfingstrosen-paradies.de\/en\/wp-json\/wp\/v2\/media?parent=6663"}],"curies":[{"name":"wp","href":"https:\/\/api.w.org\/{rel}","templated":true}]}}