{"id":6665,"date":"2022-01-30T23:21:44","date_gmt":"2022-01-30T22:21:44","guid":{"rendered":"https:\/\/pfingstrosen-paradies.de\/?page_id=6665"},"modified":"2022-02-19T22:10:51","modified_gmt":"2022-02-19T21:10:51","slug":"sonstige-schaeden","status":"publish","type":"page","link":"https:\/\/pfingstrosen-paradies.de\/en\/sonstige-schaeden\/","title":{"rendered":"Others Harms"},"content":{"rendered":"<h1 class=\"wp-block-heading\" id=\"sonstige-schaden\">Others Harms<\/h1>\n\n\n\n<h4 class=\"wp-block-heading\" id=\"frostschaden-an-paonien\">Frostsch\u00e4den an P\u00e4onien<\/h4>\n\n\n\n<p>Frostsch\u00e4den an Pfingstrosen treten in den meisten F\u00e4llen bei Sp\u00e4tfrostereignissen auf, wenn die Pflanzen schon zu weit ausgetrieben sind. Genrell sind Pfingstrosen absolut winterhart, jedoch kann der Sp\u00e4tfrost schon mal die Bl\u00fctenknospen sch\u00e4digen. Die Sch\u00e4den lassen sich meist unschwer erkennen. Nach einem Frostschaden empfiehlt es sich die befallenen Pflanzenteile abzuschneiden, um dem Risiko einer Pilzinfektion vorzubeugen. Die Pflanzen treiben in der Regel zeitnah nach einem Forstschaden erneut wieder aus. <\/p>\n\n\n\n<div class=\"wp-block-image\"><figure class=\"aligncenter size-large is-resized\"><a href=\"https:\/\/pfingstrosen-paradies.de\/wp-content\/uploads\/Spaetfrost-Buampaeonien.jpg\" data-rel=\"lightbox-gallery-oxWRckpg\" data-magnific_type=\"image\" data-rl_title=\"\" data-rl_caption=\"Sp\u00e4tfrost Baump\u00e4onien\" title=\"\"><img decoding=\"async\" src=\"https:\/\/pfingstrosen-paradies.de\/wp-content\/uploads\/Spaetfrost-Buampaeonien-1024x681.jpg\" alt=\"Sp\u00e4tfrost Baump\u00e4onien\" class=\"wp-image-7771\" width=\"768\" height=\"511\" srcset=\"https:\/\/pfingstrosen-paradies.de\/wp-content\/uploads\/Spaetfrost-Buampaeonien-1024x681.jpg 1024w, https:\/\/pfingstrosen-paradies.de\/wp-content\/uploads\/Spaetfrost-Buampaeonien-1200x798.jpg 1200w, https:\/\/pfingstrosen-paradies.de\/wp-content\/uploads\/Spaetfrost-Buampaeonien-300x199.jpg 300w, https:\/\/pfingstrosen-paradies.de\/wp-content\/uploads\/Spaetfrost-Buampaeonien-768x511.jpg 768w, https:\/\/pfingstrosen-paradies.de\/wp-content\/uploads\/Spaetfrost-Buampaeonien-18x12.jpg 18w, https:\/\/pfingstrosen-paradies.de\/wp-content\/uploads\/Spaetfrost-Buampaeonien-600x400.jpg 600w, https:\/\/pfingstrosen-paradies.de\/wp-content\/uploads\/Spaetfrost-Buampaeonien-800x532.jpg 800w, https:\/\/pfingstrosen-paradies.de\/wp-content\/uploads\/Spaetfrost-Buampaeonien.jpg 1280w\" sizes=\"(max-width: 768px) 100vw, 768px\" \/><\/a><figcaption>Sp\u00e4tfrost Baump\u00e4onien<\/figcaption><\/figure><\/div>\n\n\n\n<div class=\"wp-block-image\"><figure class=\"aligncenter size-large is-resized\"><a href=\"https:\/\/pfingstrosen-paradies.de\/wp-content\/uploads\/Spaetfrostschaden-Knospen.jpg\" data-rel=\"lightbox-gallery-oxWRckpg\" data-magnific_type=\"image\" data-rl_title=\"\" data-rl_caption=\"Sp\u00e4tfrostschaden Knospen\" title=\"\"><img decoding=\"async\" src=\"https:\/\/pfingstrosen-paradies.de\/wp-content\/uploads\/Spaetfrostschaden-Knospen-1024x681.jpg\" alt=\"Sp\u00e4tfrostschaden Knospen\" class=\"wp-image-7772\" width=\"768\" height=\"511\" srcset=\"https:\/\/pfingstrosen-paradies.de\/wp-content\/uploads\/Spaetfrostschaden-Knospen-1024x681.jpg 1024w, https:\/\/pfingstrosen-paradies.de\/wp-content\/uploads\/Spaetfrostschaden-Knospen-1200x798.jpg 1200w, https:\/\/pfingstrosen-paradies.de\/wp-content\/uploads\/Spaetfrostschaden-Knospen-300x199.jpg 300w, https:\/\/pfingstrosen-paradies.de\/wp-content\/uploads\/Spaetfrostschaden-Knospen-768x511.jpg 768w, https:\/\/pfingstrosen-paradies.de\/wp-content\/uploads\/Spaetfrostschaden-Knospen-18x12.jpg 18w, https:\/\/pfingstrosen-paradies.de\/wp-content\/uploads\/Spaetfrostschaden-Knospen-600x400.jpg 600w, https:\/\/pfingstrosen-paradies.de\/wp-content\/uploads\/Spaetfrostschaden-Knospen-800x532.jpg 800w, https:\/\/pfingstrosen-paradies.de\/wp-content\/uploads\/Spaetfrostschaden-Knospen.jpg 1280w\" sizes=\"(max-width: 768px) 100vw, 768px\" \/><\/a><figcaption>Sp\u00e4tfrostschaden Knospen<\/figcaption><\/figure><\/div>\n\n\n\n<div class=\"wp-block-image\"><figure class=\"aligncenter size-large is-resized\"><a href=\"https:\/\/pfingstrosen-paradies.de\/wp-content\/uploads\/Spaetfrostschaden-Stauden.jpg\" data-rel=\"lightbox-gallery-oxWRckpg\" data-magnific_type=\"image\" data-rl_title=\"\" data-rl_caption=\"Sp\u00e4tfrostschaden Stauden\" title=\"\"><img decoding=\"async\" src=\"https:\/\/pfingstrosen-paradies.de\/wp-content\/uploads\/Spaetfrostschaden-Stauden-1024x681.jpg\" alt=\"Sp\u00e4tfrostschaden Stauden\" class=\"wp-image-7773\" width=\"768\" height=\"511\" srcset=\"https:\/\/pfingstrosen-paradies.de\/wp-content\/uploads\/Spaetfrostschaden-Stauden-1024x681.jpg 1024w, https:\/\/pfingstrosen-paradies.de\/wp-content\/uploads\/Spaetfrostschaden-Stauden-1200x798.jpg 1200w, https:\/\/pfingstrosen-paradies.de\/wp-content\/uploads\/Spaetfrostschaden-Stauden-300x199.jpg 300w, https:\/\/pfingstrosen-paradies.de\/wp-content\/uploads\/Spaetfrostschaden-Stauden-768x511.jpg 768w, https:\/\/pfingstrosen-paradies.de\/wp-content\/uploads\/Spaetfrostschaden-Stauden-18x12.jpg 18w, https:\/\/pfingstrosen-paradies.de\/wp-content\/uploads\/Spaetfrostschaden-Stauden-600x400.jpg 600w, https:\/\/pfingstrosen-paradies.de\/wp-content\/uploads\/Spaetfrostschaden-Stauden-800x532.jpg 800w, https:\/\/pfingstrosen-paradies.de\/wp-content\/uploads\/Spaetfrostschaden-Stauden.jpg 1280w\" sizes=\"(max-width: 768px) 100vw, 768px\" \/><\/a><figcaption>Sp\u00e4tfrostschaden Stauden<\/figcaption><\/figure><\/div>\n\n\n\n<div class=\"wp-block-image\"><figure class=\"aligncenter size-large is-resized\"><a href=\"https:\/\/pfingstrosen-paradies.de\/wp-content\/uploads\/Frostschaden-SSS.jpg\" data-rel=\"lightbox-gallery-oxWRckpg\" data-magnific_type=\"image\" data-rl_title=\"\" data-rl_caption=\"Frostschaden an den Bl\u00e4ttern\" title=\"\"><img decoding=\"async\" src=\"https:\/\/pfingstrosen-paradies.de\/wp-content\/uploads\/Frostschaden-SSS-1024x768.jpg\" alt=\"Frostschaden an den Bl\u00e4ttern\" class=\"wp-image-7779\" width=\"768\" height=\"576\" srcset=\"https:\/\/pfingstrosen-paradies.de\/wp-content\/uploads\/Frostschaden-SSS-1024x768.jpg 1024w, https:\/\/pfingstrosen-paradies.de\/wp-content\/uploads\/Frostschaden-SSS-1200x900.jpg 1200w, https:\/\/pfingstrosen-paradies.de\/wp-content\/uploads\/Frostschaden-SSS-300x225.jpg 300w, https:\/\/pfingstrosen-paradies.de\/wp-content\/uploads\/Frostschaden-SSS-768x576.jpg 768w, https:\/\/pfingstrosen-paradies.de\/wp-content\/uploads\/Frostschaden-SSS-16x12.jpg 16w, https:\/\/pfingstrosen-paradies.de\/wp-content\/uploads\/Frostschaden-SSS-800x600.jpg 800w, https:\/\/pfingstrosen-paradies.de\/wp-content\/uploads\/Frostschaden-SSS.jpg 1280w\" sizes=\"(max-width: 768px) 100vw, 768px\" \/><\/a><figcaption>Frostschaden an den Bl\u00e4ttern<\/figcaption><\/figure><\/div>","protected":false},"excerpt":{"rendered":"<p>Sonstige Sch\u00e4den Frostsch\u00e4den an P\u00e4onien Frostsch\u00e4den an Pfingstrosen treten in den meisten F\u00e4llen bei Sp\u00e4tfrostereignissen auf, wenn die Pflanzen schon zu weit ausgetrieben sind. Genrell sind Pfingstrosen absolut winterhart, jedoch kann der Sp\u00e4tfrost schon mal die Bl\u00fctenknospen sch\u00e4digen. Die Sch\u00e4den lassen sich meist unschwer erkennen. Nach einem Frostschaden empfiehlt es sich die befallenen Pflanzenteile abzuschneiden, [&hellip;]<\/p>\n","protected":false},"author":2,"featured_media":0,"parent":0,"menu_order":0,"comment_status":"closed","ping_status":"closed","template":"","meta":{"footnotes":""},"class_list":["post-6665","page","type-page","status-publish","hentry"],"blocksy_meta":{"styles_descriptor":{"styles":{"desktop":"","tablet":"","mobile":""},"google_fonts":[],"version":6}},"featured_image_urls":{"full":"","thumbnail":"","medium":"","medium_large":"","large":"","1536x1536":"","2048x2048":"","trp-custom-language-flag":"","ptam-block-post-grid-landscape":"","ptam-block-post-grid-square":"","ptam-block-post-grid-featured-landscape":"","woocommerce_archive_thumbnail":"","woocommerce_thumbnail":"","woocommerce_single":"","woocommerce_gallery_thumbnail":""},"post_excerpt_stackable":"<p>Sonstige Sch\u00e4den Frostsch\u00e4den an P\u00e4onien Frostsch\u00e4den an Pfingstrosen treten in den meisten F\u00e4llen bei Sp\u00e4tfrostereignissen auf, wenn die Pflanzen schon zu weit ausgetrieben sind. Genrell sind Pfingstrosen absolut winterhart, jedoch kann der Sp\u00e4tfrost schon mal die Bl\u00fctenknospen sch\u00e4digen. Die Sch\u00e4den lassen sich meist unschwer erkennen. Nach einem Frostschaden empfiehlt es sich die befallenen Pflanzenteile abzuschneiden, um dem Risiko einer Pilzinfektion vorzubeugen. Die Pflanzen treiben in der Regel zeitnah nach einem Forstschaden erneut wieder aus. Sp\u00e4tfrost Baump\u00e4onien Sp\u00e4tfrostschaden Knospen Sp\u00e4tfrostschaden Stauden Frostschaden an den Bl\u00e4ttern<\/p>\n","category_list":"","author_info":{"name":"max","url":"https:\/\/pfingstrosen-paradies.de\/en\/author\/max\/"},"comments_num":"0 comments","featured_image_urls_v2":{"full":"","thumbnail":"","medium":"","medium_large":"","large":"","1536x1536":"","2048x2048":"","trp-custom-language-flag":"","ptam-block-post-grid-landscape":"","ptam-block-post-grid-square":"","ptam-block-post-grid-featured-landscape":"","woocommerce_archive_thumbnail":"","woocommerce_thumbnail":"","woocommerce_single":"","woocommerce_gallery_thumbnail":""},"post_excerpt_stackable_v2":"<p>Sonstige Sch\u00e4den Frostsch\u00e4den an P\u00e4onien Frostsch\u00e4den an Pfingstrosen treten in den meisten F\u00e4llen bei Sp\u00e4tfrostereignissen auf, wenn die Pflanzen schon zu weit ausgetrieben sind. Genrell sind Pfingstrosen absolut winterhart, jedoch kann der Sp\u00e4tfrost schon mal die Bl\u00fctenknospen sch\u00e4digen. Die Sch\u00e4den lassen sich meist unschwer erkennen. Nach einem Frostschaden empfiehlt es sich die befallenen Pflanzenteile abzuschneiden, um dem Risiko einer Pilzinfektion vorzubeugen. Die Pflanzen treiben in der Regel zeitnah nach einem Forstschaden erneut wieder aus. Sp\u00e4tfrost Baump\u00e4onien Sp\u00e4tfrostschaden Knospen Sp\u00e4tfrostschaden Stauden Frostschaden an den Bl\u00e4ttern<\/p>\n","category_list_v2":"","author_info_v2":{"name":"max","url":"https:\/\/pfingstrosen-paradies.de\/en\/author\/max\/"},"comments_num_v2":"0 comments","yoast_head":"<!-- This site is optimized with the Yoast SEO plugin v27.1.1 - https:\/\/yoast.com\/product\/yoast-seo-wordpress\/ -->\n<title>Sonstige Sch\u00e4den | Pfingstrosen-Paradies Tetzlaff<\/title>\n<meta name=\"description\" content=\"Sonstige Sch\u00e4den Frostsch\u00e4den an P\u00e4onien Frostsch\u00e4den an Pfingstrosen treten in den meisten F\u00e4llen bei Sp\u00e4tfrostereignissen auf, wenn die Pflanzen schon\" \/>\n<meta name=\"robots\" content=\"index, follow, max-snippet:-1, max-image-preview:large, max-video-preview:-1\" \/>\n<link rel=\"canonical\" href=\"https:\/\/pfingstrosen-paradies.de\/en\/sonstige-schaeden\/\" \/>\n<meta property=\"og:locale\" content=\"en_GB\" \/>\n<meta property=\"og:type\" content=\"article\" \/>\n<meta property=\"og:title\" content=\"Sonstige Sch\u00e4den | Pfingstrosen-Paradies Tetzlaff\" \/>\n<meta property=\"og:description\" content=\"Sonstige Sch\u00e4den Frostsch\u00e4den an P\u00e4onien Frostsch\u00e4den an Pfingstrosen treten in den meisten F\u00e4llen bei Sp\u00e4tfrostereignissen auf, wenn die Pflanzen schon\" \/>\n<meta property=\"og:url\" content=\"https:\/\/pfingstrosen-paradies.de\/en\/sonstige-schaeden\/\" \/>\n<meta property=\"og:site_name\" content=\"Pfingstrosen-Paradies\" \/>\n<meta property=\"article:modified_time\" content=\"2022-02-19T21:10:51+00:00\" \/>\n<meta property=\"og:image\" content=\"https:\/\/pfingstrosen-paradies.de\/wp-content\/uploads\/Spaetfrost-Buampaeonien-1024x681.jpg\" \/>\n<meta name=\"twitter:card\" content=\"summary_large_image\" \/>\n<meta name=\"twitter:label1\" content=\"Estimated reading time\" \/>\n\t<meta name=\"twitter:data1\" content=\"2 minutes\" \/>\n<script type=\"application\/ld+json\" class=\"yoast-schema-graph\">{\"@context\":\"https:\/\/schema.org\",\"@graph\":[{\"@type\":\"WebPage\",\"@id\":\"https:\/\/pfingstrosen-paradies.de\/sonstige-schaeden\/\",\"url\":\"https:\/\/pfingstrosen-paradies.de\/sonstige-schaeden\/\",\"name\":\"Sonstige Sch\u00e4den | Pfingstrosen-Paradies Tetzlaff\",\"isPartOf\":{\"@id\":\"https:\/\/pfingstrosen-paradies.de\/#website\"},\"primaryImageOfPage\":{\"@id\":\"https:\/\/pfingstrosen-paradies.de\/sonstige-schaeden\/#primaryimage\"},\"image\":{\"@id\":\"https:\/\/pfingstrosen-paradies.de\/sonstige-schaeden\/#primaryimage\"},\"thumbnailUrl\":\"https:\/\/pfingstrosen-paradies.de\/wp-content\/uploads\/Spaetfrost-Buampaeonien-1024x681.jpg\",\"datePublished\":\"2022-01-30T22:21:44+00:00\",\"dateModified\":\"2022-02-19T21:10:51+00:00\",\"description\":\"Sonstige Sch\u00e4den Frostsch\u00e4den an P\u00e4onien Frostsch\u00e4den an Pfingstrosen treten in den meisten F\u00e4llen bei Sp\u00e4tfrostereignissen auf, wenn die Pflanzen schon\",\"breadcrumb\":{\"@id\":\"https:\/\/pfingstrosen-paradies.de\/sonstige-schaeden\/#breadcrumb\"},\"inLanguage\":\"en-GB\",\"potentialAction\":[{\"@type\":\"ReadAction\",\"target\":[\"https:\/\/pfingstrosen-paradies.de\/sonstige-schaeden\/\"]}]},{\"@type\":\"ImageObject\",\"inLanguage\":\"en-GB\",\"@id\":\"https:\/\/pfingstrosen-paradies.de\/sonstige-schaeden\/#primaryimage\",\"url\":\"https:\/\/pfingstrosen-paradies.de\/wp-content\/uploads\/Spaetfrost-Buampaeonien-1024x681.jpg\",\"contentUrl\":\"https:\/\/pfingstrosen-paradies.de\/wp-content\/uploads\/Spaetfrost-Buampaeonien-1024x681.jpg\"},{\"@type\":\"BreadcrumbList\",\"@id\":\"https:\/\/pfingstrosen-paradies.de\/sonstige-schaeden\/#breadcrumb\",\"itemListElement\":[{\"@type\":\"ListItem\",\"position\":1,\"name\":\"Start\",\"item\":\"https:\/\/pfingstrosen-paradies.de\/\"},{\"@type\":\"ListItem\",\"position\":2,\"name\":\"Sonstige Sch\u00e4den\"}]},{\"@type\":\"WebSite\",\"@id\":\"https:\/\/pfingstrosen-paradies.de\/#website\",\"url\":\"https:\/\/pfingstrosen-paradies.de\/\",\"name\":\"Pfingstrosen-Paradies\",\"description\":\"Fachg\u00e4rtnerei f\u00fcr Pfingstrosen\",\"publisher\":{\"@id\":\"https:\/\/pfingstrosen-paradies.de\/#organization\"},\"potentialAction\":[{\"@type\":\"SearchAction\",\"target\":{\"@type\":\"EntryPoint\",\"urlTemplate\":\"https:\/\/pfingstrosen-paradies.de\/?s={search_term_string}\"},\"query-input\":{\"@type\":\"PropertyValueSpecification\",\"valueRequired\":true,\"valueName\":\"search_term_string\"}}],\"inLanguage\":\"en-GB\"},{\"@type\":\"Organization\",\"@id\":\"https:\/\/pfingstrosen-paradies.de\/#organization\",\"name\":\"Pfingstrosen-Paradies\",\"url\":\"https:\/\/pfingstrosen-paradies.de\/\",\"logo\":{\"@type\":\"ImageObject\",\"inLanguage\":\"en-GB\",\"@id\":\"https:\/\/pfingstrosen-paradies.de\/#\/schema\/logo\/image\/\",\"url\":\"https:\/\/pfingstrosen-paradies.de\/wp-content\/uploads\/2021\/02\/logo-pfingstrosen.png\",\"contentUrl\":\"https:\/\/pfingstrosen-paradies.de\/wp-content\/uploads\/2021\/02\/logo-pfingstrosen.png\",\"width\":1568,\"height\":366,\"caption\":\"Pfingstrosen-Paradies\"},\"image\":{\"@id\":\"https:\/\/pfingstrosen-paradies.de\/#\/schema\/logo\/image\/\"}}]}<\/script>\n<!-- \/ Yoast SEO plugin. -->","yoast_head_json":{"title":"Sonstige Sch\u00e4den | Pfingstrosen-Paradies Tetzlaff","description":"Sonstige Sch\u00e4den Frostsch\u00e4den an P\u00e4onien Frostsch\u00e4den an Pfingstrosen treten in den meisten F\u00e4llen bei Sp\u00e4tfrostereignissen auf, wenn die Pflanzen schon","robots":{"index":"index","follow":"follow","max-snippet":"max-snippet:-1","max-image-preview":"max-image-preview:large","max-video-preview":"max-video-preview:-1"},"canonical":"https:\/\/pfingstrosen-paradies.de\/en\/sonstige-schaeden\/","og_locale":"en_GB","og_type":"article","og_title":"Sonstige Sch\u00e4den | Pfingstrosen-Paradies Tetzlaff","og_description":"Sonstige Sch\u00e4den Frostsch\u00e4den an P\u00e4onien Frostsch\u00e4den an Pfingstrosen treten in den meisten F\u00e4llen bei Sp\u00e4tfrostereignissen auf, wenn die Pflanzen schon","og_url":"https:\/\/pfingstrosen-paradies.de\/en\/sonstige-schaeden\/","og_site_name":"Pfingstrosen-Paradies","article_modified_time":"2022-02-19T21:10:51+00:00","og_image":[{"url":"https:\/\/pfingstrosen-paradies.de\/wp-content\/uploads\/Spaetfrost-Buampaeonien-1024x681.jpg","type":"","width":"","height":""}],"twitter_card":"summary_large_image","twitter_misc":{"Estimated reading time":"2 minutes"},"schema":{"@context":"https:\/\/schema.org","@graph":[{"@type":"WebPage","@id":"https:\/\/pfingstrosen-paradies.de\/sonstige-schaeden\/","url":"https:\/\/pfingstrosen-paradies.de\/sonstige-schaeden\/","name":"Sonstige Sch\u00e4den | Pfingstrosen-Paradies Tetzlaff","isPartOf":{"@id":"https:\/\/pfingstrosen-paradies.de\/#website"},"primaryImageOfPage":{"@id":"https:\/\/pfingstrosen-paradies.de\/sonstige-schaeden\/#primaryimage"},"image":{"@id":"https:\/\/pfingstrosen-paradies.de\/sonstige-schaeden\/#primaryimage"},"thumbnailUrl":"https:\/\/pfingstrosen-paradies.de\/wp-content\/uploads\/Spaetfrost-Buampaeonien-1024x681.jpg","datePublished":"2022-01-30T22:21:44+00:00","dateModified":"2022-02-19T21:10:51+00:00","description":"Sonstige Sch\u00e4den Frostsch\u00e4den an P\u00e4onien Frostsch\u00e4den an Pfingstrosen treten in den meisten F\u00e4llen bei Sp\u00e4tfrostereignissen auf, wenn die Pflanzen schon","breadcrumb":{"@id":"https:\/\/pfingstrosen-paradies.de\/sonstige-schaeden\/#breadcrumb"},"inLanguage":"en-GB","potentialAction":[{"@type":"ReadAction","target":["https:\/\/pfingstrosen-paradies.de\/sonstige-schaeden\/"]}]},{"@type":"ImageObject","inLanguage":"en-GB","@id":"https:\/\/pfingstrosen-paradies.de\/sonstige-schaeden\/#primaryimage","url":"https:\/\/pfingstrosen-paradies.de\/wp-content\/uploads\/Spaetfrost-Buampaeonien-1024x681.jpg","contentUrl":"https:\/\/pfingstrosen-paradies.de\/wp-content\/uploads\/Spaetfrost-Buampaeonien-1024x681.jpg"},{"@type":"BreadcrumbList","@id":"https:\/\/pfingstrosen-paradies.de\/sonstige-schaeden\/#breadcrumb","itemListElement":[{"@type":"ListItem","position":1,"name":"Start","item":"https:\/\/pfingstrosen-paradies.de\/"},{"@type":"ListItem","position":2,"name":"Sonstige Sch\u00e4den"}]},{"@type":"WebSite","@id":"https:\/\/pfingstrosen-paradies.de\/#website","url":"https:\/\/pfingstrosen-paradies.de\/","name":"Pfingstrosen-Paradies","description":"Fachg\u00e4rtnerei f\u00fcr Pfingstrosen","publisher":{"@id":"https:\/\/pfingstrosen-paradies.de\/#organization"},"potentialAction":[{"@type":"SearchAction","target":{"@type":"EntryPoint","urlTemplate":"https:\/\/pfingstrosen-paradies.de\/?s={search_term_string}"},"query-input":{"@type":"PropertyValueSpecification","valueRequired":true,"valueName":"search_term_string"}}],"inLanguage":"en-GB"},{"@type":"Organization","@id":"https:\/\/pfingstrosen-paradies.de\/#organization","name":"Pfingstrosen-Paradies","url":"https:\/\/pfingstrosen-paradies.de\/","logo":{"@type":"ImageObject","inLanguage":"en-GB","@id":"https:\/\/pfingstrosen-paradies.de\/#\/schema\/logo\/image\/","url":"https:\/\/pfingstrosen-paradies.de\/wp-content\/uploads\/2021\/02\/logo-pfingstrosen.png","contentUrl":"https:\/\/pfingstrosen-paradies.de\/wp-content\/uploads\/2021\/02\/logo-pfingstrosen.png","width":1568,"height":366,"caption":"Pfingstrosen-Paradies"},"image":{"@id":"https:\/\/pfingstrosen-paradies.de\/#\/schema\/logo\/image\/"}}]}},"_links":{"self":[{"href":"https:\/\/pfingstrosen-paradies.de\/en\/wp-json\/wp\/v2\/pages\/6665","targetHints":{"allow":["GET"]}}],"collection":[{"href":"https:\/\/pfingstrosen-paradies.de\/en\/wp-json\/wp\/v2\/pages"}],"about":[{"href":"https:\/\/pfingstrosen-paradies.de\/en\/wp-json\/wp\/v2\/types\/page"}],"author":[{"embeddable":true,"href":"https:\/\/pfingstrosen-paradies.de\/en\/wp-json\/wp\/v2\/users\/2"}],"replies":[{"embeddable":true,"href":"https:\/\/pfingstrosen-paradies.de\/en\/wp-json\/wp\/v2\/comments?post=6665"}],"version-history":[{"count":0,"href":"https:\/\/pfingstrosen-paradies.de\/en\/wp-json\/wp\/v2\/pages\/6665\/revisions"}],"wp:attachment":[{"href":"https:\/\/pfingstrosen-paradies.de\/en\/wp-json\/wp\/v2\/media?parent=6665"}],"curies":[{"name":"wp","href":"https:\/\/api.w.org\/{rel}","templated":true}]}}