{"id":6667,"date":"2022-01-30T23:23:49","date_gmt":"2022-01-30T22:23:49","guid":{"rendered":"https:\/\/pfingstrosen-paradies.de\/?page_id=6667"},"modified":"2022-02-13T13:55:45","modified_gmt":"2022-02-13T12:55:45","slug":"homo-nordeuropaeicus","status":"publish","type":"page","link":"https:\/\/pfingstrosen-paradies.de\/en\/homo-nordeuropaeicus\/","title":{"rendered":"Homo nordeuropaeicus"},"content":{"rendered":"<h1 class=\"wp-block-heading\" id=\"der-nordeuropaische-trampelaffe\">Der Nordeurop\u00e4ische Trampelaffe<\/h1>\n\n\n\n<h6 class=\"wp-block-heading\" id=\"homo-nordeuropaeicus-ssp-horticus-var-trampelensis\">(Homo nordeuropaeicus ssp. horticus var. trampelensis)<\/h6>\n\n\n\n<p>Einer der \u00fcbelsten Sch\u00e4dlinge im Gartenbereich \u00fcberhaupt, der sich vornehmlich auf teure und ausgefallene Pflanzen spezialisiert hat, ist der Nordeurop\u00e4ische Trampelaffe.<\/p>\n\n\n\n<p>Die Sch\u00e4den sind teilweise immens. Speziell bei Jungpflanzen entstehen sehr schnell Totalsch\u00e4den. Eine Bek\u00e4mpfung dieses Sch\u00e4dlings hat sich als sehr schwierig und kaum durchf\u00fchrbar erwiesen, da er extrem scheu und gleichzeitig sehr schnell und wendig ist. Teilweise mu\u00df man noch den Hauch seines Atems im Nacken gesp\u00fcrt haben, so kurz vorher ist der Schaden hinter einem entstanden. Doch man kann sich noch so schnell nach hinten bewegen und umdrehen, es ist noch nie jemanden gelungen ihn vollst\u00e4ndig zu Gesicht zu bekommen. Auch uns ist es in der Vielzahl von Gartenjahren erst ein einziges Mal gelungen wenigstens mit einem Blick seine Trampelf\u00fc\u00dfe auf frischer Tat zu erhaschen (siehe Beweisfoto). Zu mehr hat die Zeit schon nicht mehr gereicht. Da war er auch schon verschwunden. <\/p>\n\n\n\n<p>Zu erkennen sind die Sch\u00e4den aber meist sehr einfach durch Fu\u00dfabdr\u00fccke im Fersenbereich an den zerst\u00f6rten Pflanzen. Dies l\u00e4sst den Schlu\u00df zu, dass der Nordeurop\u00e4ische Trampelaffe sich r\u00fcckw\u00e4rts gewandt bewegt. Wie viele andere Sch\u00e4dlinge scheint der Nordeurop\u00e4ische Trampelaffe die warme Jahreszeit zu bevorzugen. Nennenswerte Sch\u00e4den im Winter sind jedenfalls kaum bekannt. Die wenigen dokumentierten F\u00e4lle lassen jedoch vermuten, da\u00df er im Winter neben den Trampelf\u00fc\u00dfen verst\u00e4rkt seine rasiermesserscharfen Krallen der Vorderpfoten einsetzt, die gartenscherenartig alles kurz und klein machen, was ihnen in den Weg kommt. <\/p>\n\n\n\n<p>Auch ist der Trampelaffe offensichtlich ein tagaktives Wesen. Umso erstaunlicher ist es, da\u00df ihn noch nie jemand vollst\u00e4ndig zu Gesicht bekommen hat. Aus diesem Grunde gibt es auch keinerlei Informationen \u00fcber Vermehrung und Aufzucht des Nachwuchses.<\/p>\n\n\n\n<div class=\"wp-block-image\"><figure class=\"aligncenter size-full is-resized\"><img decoding=\"async\" src=\"https:\/\/pfingstrosen-paradies.de\/wp-content\/uploads\/Trampelaffe.jpg\" alt=\"\" class=\"wp-image-7555\" width=\"584\" height=\"438\" srcset=\"https:\/\/pfingstrosen-paradies.de\/wp-content\/uploads\/Trampelaffe.jpg 1280w, https:\/\/pfingstrosen-paradies.de\/wp-content\/uploads\/Trampelaffe-1200x900.jpg 1200w, https:\/\/pfingstrosen-paradies.de\/wp-content\/uploads\/Trampelaffe-300x225.jpg 300w, https:\/\/pfingstrosen-paradies.de\/wp-content\/uploads\/Trampelaffe-1024x768.jpg 1024w, https:\/\/pfingstrosen-paradies.de\/wp-content\/uploads\/Trampelaffe-768x576.jpg 768w, https:\/\/pfingstrosen-paradies.de\/wp-content\/uploads\/Trampelaffe-16x12.jpg 16w, https:\/\/pfingstrosen-paradies.de\/wp-content\/uploads\/Trampelaffe-800x600.jpg 800w\" sizes=\"(max-width: 584px) 100vw, 584px\" \/><figcaption>Homo nordeuropaeicus ssp. horticus var. trampelensis<\/figcaption><\/figure><\/div>\n\n\n\n<hr class=\"wp-block-separator is-style-wide\"\/>","protected":false},"excerpt":{"rendered":"<p>Der Nordeurop\u00e4ische Trampelaffe (Homo nordeuropaeicus ssp. horticus var. trampelensis) Einer der \u00fcbelsten Sch\u00e4dlinge im Gartenbereich \u00fcberhaupt, der sich vornehmlich auf teure und ausgefallene Pflanzen spezialisiert hat, ist der Nordeurop\u00e4ische Trampelaffe. Die Sch\u00e4den sind teilweise immens. Speziell bei Jungpflanzen entstehen sehr schnell Totalsch\u00e4den. Eine Bek\u00e4mpfung dieses Sch\u00e4dlings hat sich als sehr schwierig und kaum durchf\u00fchrbar erwiesen, [&hellip;]<\/p>\n","protected":false},"author":2,"featured_media":0,"parent":0,"menu_order":0,"comment_status":"closed","ping_status":"closed","template":"","meta":{"footnotes":""},"class_list":["post-6667","page","type-page","status-publish","hentry"],"blocksy_meta":{"styles_descriptor":{"styles":{"desktop":"","tablet":"","mobile":""},"google_fonts":[],"version":6}},"featured_image_urls":{"full":"","thumbnail":"","medium":"","medium_large":"","large":"","1536x1536":"","2048x2048":"","trp-custom-language-flag":"","ptam-block-post-grid-landscape":"","ptam-block-post-grid-square":"","ptam-block-post-grid-featured-landscape":"","woocommerce_archive_thumbnail":"","woocommerce_thumbnail":"","woocommerce_single":"","woocommerce_gallery_thumbnail":""},"post_excerpt_stackable":"<p>Der Nordeurop\u00e4ische Trampelaffe (Homo nordeuropaeicus ssp. horticus var. trampelensis) Einer der \u00fcbelsten Sch\u00e4dlinge im Gartenbereich \u00fcberhaupt, der sich vornehmlich auf teure und ausgefallene Pflanzen spezialisiert hat, ist der Nordeurop\u00e4ische Trampelaffe. Die Sch\u00e4den sind teilweise immens. Speziell bei Jungpflanzen entstehen sehr schnell Totalsch\u00e4den. Eine Bek\u00e4mpfung dieses Sch\u00e4dlings hat sich als sehr schwierig und kaum durchf\u00fchrbar erwiesen, da er extrem scheu und gleichzeitig sehr schnell und wendig ist. Teilweise mu\u00df man noch den Hauch seines Atems im Nacken gesp\u00fcrt haben, so kurz vorher ist der Schaden hinter einem entstanden. Doch man kann sich noch so schnell nach hinten bewegen und umdrehen, es&hellip;<\/p>\n","category_list":"","author_info":{"name":"max","url":"https:\/\/pfingstrosen-paradies.de\/en\/author\/max\/"},"comments_num":"0 comments","featured_image_urls_v2":{"full":"","thumbnail":"","medium":"","medium_large":"","large":"","1536x1536":"","2048x2048":"","trp-custom-language-flag":"","ptam-block-post-grid-landscape":"","ptam-block-post-grid-square":"","ptam-block-post-grid-featured-landscape":"","woocommerce_archive_thumbnail":"","woocommerce_thumbnail":"","woocommerce_single":"","woocommerce_gallery_thumbnail":""},"post_excerpt_stackable_v2":"<p>Der Nordeurop\u00e4ische Trampelaffe (Homo nordeuropaeicus ssp. horticus var. trampelensis) Einer der \u00fcbelsten Sch\u00e4dlinge im Gartenbereich \u00fcberhaupt, der sich vornehmlich auf teure und ausgefallene Pflanzen spezialisiert hat, ist der Nordeurop\u00e4ische Trampelaffe. Die Sch\u00e4den sind teilweise immens. Speziell bei Jungpflanzen entstehen sehr schnell Totalsch\u00e4den. Eine Bek\u00e4mpfung dieses Sch\u00e4dlings hat sich als sehr schwierig und kaum durchf\u00fchrbar erwiesen, da er extrem scheu und gleichzeitig sehr schnell und wendig ist. Teilweise mu\u00df man noch den Hauch seines Atems im Nacken gesp\u00fcrt haben, so kurz vorher ist der Schaden hinter einem entstanden. Doch man kann sich noch so schnell nach hinten bewegen und umdrehen, es&hellip;<\/p>\n","category_list_v2":"","author_info_v2":{"name":"max","url":"https:\/\/pfingstrosen-paradies.de\/en\/author\/max\/"},"comments_num_v2":"0 comments","yoast_head":"<!-- This site is optimized with the Yoast SEO plugin v27.5 - https:\/\/yoast.com\/product\/yoast-seo-wordpress\/ -->\n<title>Der Nordeurop\u00e4ische Trampelaffe | Pfingstrosen-Paradies Tetzlaff<\/title>\n<meta name=\"description\" content=\"Der Nordeurop\u00e4ische Trampelaffe (Homo nordeuropaeicus ssp. horticus var. trampelensis) Einer der \u00fcbelsten Sch\u00e4dlinge im Gartenbereich \u00fcberhaupt, der sich\" \/>\n<meta name=\"robots\" content=\"index, follow, max-snippet:-1, max-image-preview:large, max-video-preview:-1\" \/>\n<link rel=\"canonical\" href=\"https:\/\/pfingstrosen-paradies.de\/en\/homo-nordeuropaeicus\/\" \/>\n<meta property=\"og:locale\" content=\"en_GB\" \/>\n<meta property=\"og:type\" content=\"article\" \/>\n<meta property=\"og:title\" content=\"Der Nordeurop\u00e4ische Trampelaffe | Pfingstrosen-Paradies Tetzlaff\" \/>\n<meta property=\"og:description\" content=\"Der Nordeurop\u00e4ische Trampelaffe (Homo nordeuropaeicus ssp. horticus var. trampelensis) Einer der \u00fcbelsten Sch\u00e4dlinge im Gartenbereich \u00fcberhaupt, der sich\" \/>\n<meta property=\"og:url\" content=\"https:\/\/pfingstrosen-paradies.de\/en\/homo-nordeuropaeicus\/\" \/>\n<meta property=\"og:site_name\" content=\"Pfingstrosen-Paradies\" \/>\n<meta property=\"article:modified_time\" content=\"2022-02-13T12:55:45+00:00\" \/>\n<meta property=\"og:image\" content=\"https:\/\/pfingstrosen-paradies.de\/wp-content\/uploads\/Trampelaffe.jpg\" \/>\n<meta name=\"twitter:card\" content=\"summary_large_image\" \/>\n<meta name=\"twitter:label1\" content=\"Estimated reading time\" \/>\n\t<meta name=\"twitter:data1\" content=\"2 minutes\" \/>\n<script type=\"application\/ld+json\" class=\"yoast-schema-graph\">{\"@context\":\"https:\\\/\\\/schema.org\",\"@graph\":[{\"@type\":\"WebPage\",\"@id\":\"https:\\\/\\\/pfingstrosen-paradies.de\\\/homo-nordeuropaeicus\\\/\",\"url\":\"https:\\\/\\\/pfingstrosen-paradies.de\\\/homo-nordeuropaeicus\\\/\",\"name\":\"Der Nordeurop\u00e4ische Trampelaffe | Pfingstrosen-Paradies Tetzlaff\",\"isPartOf\":{\"@id\":\"https:\\\/\\\/pfingstrosen-paradies.de\\\/#website\"},\"primaryImageOfPage\":{\"@id\":\"https:\\\/\\\/pfingstrosen-paradies.de\\\/homo-nordeuropaeicus\\\/#primaryimage\"},\"image\":{\"@id\":\"https:\\\/\\\/pfingstrosen-paradies.de\\\/homo-nordeuropaeicus\\\/#primaryimage\"},\"thumbnailUrl\":\"https:\\\/\\\/pfingstrosen-paradies.de\\\/wp-content\\\/uploads\\\/Trampelaffe.jpg\",\"datePublished\":\"2022-01-30T22:23:49+00:00\",\"dateModified\":\"2022-02-13T12:55:45+00:00\",\"description\":\"Der Nordeurop\u00e4ische Trampelaffe (Homo nordeuropaeicus ssp. horticus var. trampelensis) Einer der \u00fcbelsten Sch\u00e4dlinge im Gartenbereich \u00fcberhaupt, der sich\",\"breadcrumb\":{\"@id\":\"https:\\\/\\\/pfingstrosen-paradies.de\\\/homo-nordeuropaeicus\\\/#breadcrumb\"},\"inLanguage\":\"en-GB\",\"potentialAction\":[{\"@type\":\"ReadAction\",\"target\":[\"https:\\\/\\\/pfingstrosen-paradies.de\\\/homo-nordeuropaeicus\\\/\"]}]},{\"@type\":\"ImageObject\",\"inLanguage\":\"en-GB\",\"@id\":\"https:\\\/\\\/pfingstrosen-paradies.de\\\/homo-nordeuropaeicus\\\/#primaryimage\",\"url\":\"https:\\\/\\\/pfingstrosen-paradies.de\\\/wp-content\\\/uploads\\\/Trampelaffe.jpg\",\"contentUrl\":\"https:\\\/\\\/pfingstrosen-paradies.de\\\/wp-content\\\/uploads\\\/Trampelaffe.jpg\"},{\"@type\":\"BreadcrumbList\",\"@id\":\"https:\\\/\\\/pfingstrosen-paradies.de\\\/homo-nordeuropaeicus\\\/#breadcrumb\",\"itemListElement\":[{\"@type\":\"ListItem\",\"position\":1,\"name\":\"Start\",\"item\":\"https:\\\/\\\/pfingstrosen-paradies.de\\\/\"},{\"@type\":\"ListItem\",\"position\":2,\"name\":\"Homo nordeuropaeicus\"}]},{\"@type\":\"WebSite\",\"@id\":\"https:\\\/\\\/pfingstrosen-paradies.de\\\/#website\",\"url\":\"https:\\\/\\\/pfingstrosen-paradies.de\\\/\",\"name\":\"Pfingstrosen-Paradies\",\"description\":\"Fachg\u00e4rtnerei f\u00fcr Pfingstrosen\",\"publisher\":{\"@id\":\"https:\\\/\\\/pfingstrosen-paradies.de\\\/#organization\"},\"potentialAction\":[{\"@type\":\"SearchAction\",\"target\":{\"@type\":\"EntryPoint\",\"urlTemplate\":\"https:\\\/\\\/pfingstrosen-paradies.de\\\/?s={search_term_string}\"},\"query-input\":{\"@type\":\"PropertyValueSpecification\",\"valueRequired\":true,\"valueName\":\"search_term_string\"}}],\"inLanguage\":\"en-GB\"},{\"@type\":\"Organization\",\"@id\":\"https:\\\/\\\/pfingstrosen-paradies.de\\\/#organization\",\"name\":\"Pfingstrosen-Paradies\",\"url\":\"https:\\\/\\\/pfingstrosen-paradies.de\\\/\",\"logo\":{\"@type\":\"ImageObject\",\"inLanguage\":\"en-GB\",\"@id\":\"https:\\\/\\\/pfingstrosen-paradies.de\\\/#\\\/schema\\\/logo\\\/image\\\/\",\"url\":\"https:\\\/\\\/pfingstrosen-paradies.de\\\/wp-content\\\/uploads\\\/2021\\\/02\\\/logo-pfingstrosen.png\",\"contentUrl\":\"https:\\\/\\\/pfingstrosen-paradies.de\\\/wp-content\\\/uploads\\\/2021\\\/02\\\/logo-pfingstrosen.png\",\"width\":1568,\"height\":366,\"caption\":\"Pfingstrosen-Paradies\"},\"image\":{\"@id\":\"https:\\\/\\\/pfingstrosen-paradies.de\\\/#\\\/schema\\\/logo\\\/image\\\/\"}}]}<\/script>\n<!-- \/ Yoast SEO plugin. -->","yoast_head_json":{"title":"Der Nordeurop\u00e4ische Trampelaffe | Pfingstrosen-Paradies Tetzlaff","description":"Der Nordeurop\u00e4ische Trampelaffe (Homo nordeuropaeicus ssp. horticus var. trampelensis) Einer der \u00fcbelsten Sch\u00e4dlinge im Gartenbereich \u00fcberhaupt, der sich","robots":{"index":"index","follow":"follow","max-snippet":"max-snippet:-1","max-image-preview":"max-image-preview:large","max-video-preview":"max-video-preview:-1"},"canonical":"https:\/\/pfingstrosen-paradies.de\/en\/homo-nordeuropaeicus\/","og_locale":"en_GB","og_type":"article","og_title":"Der Nordeurop\u00e4ische Trampelaffe | Pfingstrosen-Paradies Tetzlaff","og_description":"Der Nordeurop\u00e4ische Trampelaffe (Homo nordeuropaeicus ssp. horticus var. trampelensis) Einer der \u00fcbelsten Sch\u00e4dlinge im Gartenbereich \u00fcberhaupt, der sich","og_url":"https:\/\/pfingstrosen-paradies.de\/en\/homo-nordeuropaeicus\/","og_site_name":"Pfingstrosen-Paradies","article_modified_time":"2022-02-13T12:55:45+00:00","og_image":[{"url":"https:\/\/pfingstrosen-paradies.de\/wp-content\/uploads\/Trampelaffe.jpg","type":"","width":"","height":""}],"twitter_card":"summary_large_image","twitter_misc":{"Estimated reading time":"2 minutes"},"schema":{"@context":"https:\/\/schema.org","@graph":[{"@type":"WebPage","@id":"https:\/\/pfingstrosen-paradies.de\/homo-nordeuropaeicus\/","url":"https:\/\/pfingstrosen-paradies.de\/homo-nordeuropaeicus\/","name":"Der Nordeurop\u00e4ische Trampelaffe | Pfingstrosen-Paradies Tetzlaff","isPartOf":{"@id":"https:\/\/pfingstrosen-paradies.de\/#website"},"primaryImageOfPage":{"@id":"https:\/\/pfingstrosen-paradies.de\/homo-nordeuropaeicus\/#primaryimage"},"image":{"@id":"https:\/\/pfingstrosen-paradies.de\/homo-nordeuropaeicus\/#primaryimage"},"thumbnailUrl":"https:\/\/pfingstrosen-paradies.de\/wp-content\/uploads\/Trampelaffe.jpg","datePublished":"2022-01-30T22:23:49+00:00","dateModified":"2022-02-13T12:55:45+00:00","description":"Der Nordeurop\u00e4ische Trampelaffe (Homo nordeuropaeicus ssp. horticus var. trampelensis) Einer der \u00fcbelsten Sch\u00e4dlinge im Gartenbereich \u00fcberhaupt, der sich","breadcrumb":{"@id":"https:\/\/pfingstrosen-paradies.de\/homo-nordeuropaeicus\/#breadcrumb"},"inLanguage":"en-GB","potentialAction":[{"@type":"ReadAction","target":["https:\/\/pfingstrosen-paradies.de\/homo-nordeuropaeicus\/"]}]},{"@type":"ImageObject","inLanguage":"en-GB","@id":"https:\/\/pfingstrosen-paradies.de\/homo-nordeuropaeicus\/#primaryimage","url":"https:\/\/pfingstrosen-paradies.de\/wp-content\/uploads\/Trampelaffe.jpg","contentUrl":"https:\/\/pfingstrosen-paradies.de\/wp-content\/uploads\/Trampelaffe.jpg"},{"@type":"BreadcrumbList","@id":"https:\/\/pfingstrosen-paradies.de\/homo-nordeuropaeicus\/#breadcrumb","itemListElement":[{"@type":"ListItem","position":1,"name":"Start","item":"https:\/\/pfingstrosen-paradies.de\/"},{"@type":"ListItem","position":2,"name":"Homo nordeuropaeicus"}]},{"@type":"WebSite","@id":"https:\/\/pfingstrosen-paradies.de\/#website","url":"https:\/\/pfingstrosen-paradies.de\/","name":"Pfingstrosen-Paradies","description":"Fachg\u00e4rtnerei f\u00fcr Pfingstrosen","publisher":{"@id":"https:\/\/pfingstrosen-paradies.de\/#organization"},"potentialAction":[{"@type":"SearchAction","target":{"@type":"EntryPoint","urlTemplate":"https:\/\/pfingstrosen-paradies.de\/?s={search_term_string}"},"query-input":{"@type":"PropertyValueSpecification","valueRequired":true,"valueName":"search_term_string"}}],"inLanguage":"en-GB"},{"@type":"Organization","@id":"https:\/\/pfingstrosen-paradies.de\/#organization","name":"Pfingstrosen-Paradies","url":"https:\/\/pfingstrosen-paradies.de\/","logo":{"@type":"ImageObject","inLanguage":"en-GB","@id":"https:\/\/pfingstrosen-paradies.de\/#\/schema\/logo\/image\/","url":"https:\/\/pfingstrosen-paradies.de\/wp-content\/uploads\/2021\/02\/logo-pfingstrosen.png","contentUrl":"https:\/\/pfingstrosen-paradies.de\/wp-content\/uploads\/2021\/02\/logo-pfingstrosen.png","width":1568,"height":366,"caption":"Pfingstrosen-Paradies"},"image":{"@id":"https:\/\/pfingstrosen-paradies.de\/#\/schema\/logo\/image\/"}}]}},"_links":{"self":[{"href":"https:\/\/pfingstrosen-paradies.de\/en\/wp-json\/wp\/v2\/pages\/6667","targetHints":{"allow":["GET"]}}],"collection":[{"href":"https:\/\/pfingstrosen-paradies.de\/en\/wp-json\/wp\/v2\/pages"}],"about":[{"href":"https:\/\/pfingstrosen-paradies.de\/en\/wp-json\/wp\/v2\/types\/page"}],"author":[{"embeddable":true,"href":"https:\/\/pfingstrosen-paradies.de\/en\/wp-json\/wp\/v2\/users\/2"}],"replies":[{"embeddable":true,"href":"https:\/\/pfingstrosen-paradies.de\/en\/wp-json\/wp\/v2\/comments?post=6667"}],"version-history":[{"count":0,"href":"https:\/\/pfingstrosen-paradies.de\/en\/wp-json\/wp\/v2\/pages\/6667\/revisions"}],"wp:attachment":[{"href":"https:\/\/pfingstrosen-paradies.de\/en\/wp-json\/wp\/v2\/media?parent=6667"}],"curies":[{"name":"wp","href":"https:\/\/api.w.org\/{rel}","templated":true}]}}