{"id":6712,"date":"2022-01-31T19:50:06","date_gmt":"2022-01-31T18:50:06","guid":{"rendered":"https:\/\/pfingstrosen-paradies.de\/?page_id=6712"},"modified":"2026-02-05T16:30:34","modified_gmt":"2026-02-05T15:30:34","slug":"bestellinfo-auslandskunden","status":"publish","type":"page","link":"https:\/\/pfingstrosen-paradies.de\/en\/bestellinfo-auslandskunden\/","title":{"rendered":"Bestellinfos Auslandskunden"},"content":{"rendered":"<h1 class=\"wp-block-heading\" id=\"bestellinformationen-fur-eu-auslandskunden\">Order info for EU-customers<\/h1>\n\n\n\n<h3 class=\"wp-block-heading\" id=\"eu-mwst-digitalpaket\">EU-Vat Laws<\/h3>\n\n\n\n<div class=\"wp-block-stackable-text stk-block-text stk-block stk-d519989\" data-block-id=\"d519989\"><p class=\"stk-block-text__text\">Due to the introduction of the new EU VAT laws, which came into effect on 01.07.2021, the respective VAT rates of the customer's address will be charged depending on the specified delivery address. By default, the prices in the store are indicated including the German VAT (as long as you are not logged in or have already entered your delivery address in the shopping cart). It is no longer possible for customers with a delivery address outside Germany to purchase the plants with our German tax rate as in the past. Unfortunately, this has increased the prices for some EU countries. However, if you have a shipping address in Germany, even if your billing address is in another EU country, you can still purchase the plants at the lower German rates. We are very unhappy with the current situation of EU tax law, but we do not see any other option. Since we tax our sales quite differently under German tax law than we now have to do in other EU countries, these countries unfortunately now have higher end prices. We do not have any additional earnings due to the higher prices, as all applicable taxes are paid to the customer's country. We just have more work to do. <\/p><\/div>\n\n\n\n<div class=\"wp-block-stackable-text stk-block-text stk-block stk-4ba6995\" data-block-id=\"4ba6995\"><p class=\"stk-block-text__text\">If you want to see the final prices for your country already in the store and on the product pages, it is best to log in with your customer account, or create a new customer account. The prices will then be shown including VAT for your selected delivery address.<\/p><\/div>\n\n\n\n<div class=\"wp-block-stackable-text stk-block-text stk-block stk-3828a86\" data-block-id=\"3828a86\"><p class=\"stk-block-text__text\"> The prices in the store are displayed including German VAT (gross prices). For your delivery address, the following tax rates will then be applied to the net price (price without taxes):<\/p><\/div>\n\n\n\n<figure class=\"wp-block-table alignleft is-style-regular\" style=\"font-size:14px\"><table><tbody><tr><td class=\"has-text-align-center\" data-align=\"center\"><strong>Country<\/strong><\/td><td class=\"has-text-align-center\" data-align=\"center\"><strong>VAT-rate in %<\/strong><\/td><\/tr><tr><td class=\"has-text-align-center\" data-align=\"center\">Belgium<\/td><td class=\"has-text-align-center\" data-align=\"center\">6<\/td><\/tr><tr><td class=\"has-text-align-center\" data-align=\"center\">Bulgaria<\/td><td class=\"has-text-align-center\" data-align=\"center\">20<\/td><\/tr><tr><td class=\"has-text-align-center\" data-align=\"center\">Denmark<\/td><td class=\"has-text-align-center\" data-align=\"center\">25<\/td><\/tr><tr><td class=\"has-text-align-center\" data-align=\"center\">Estonia<\/td><td class=\"has-text-align-center\" data-align=\"center\">22<\/td><\/tr><tr><td class=\"has-text-align-center\" data-align=\"center\">Finland<\/td><td class=\"has-text-align-center\" data-align=\"center\">25,5<\/td><\/tr><tr><td class=\"has-text-align-center\" data-align=\"center\">France<\/td><td class=\"has-text-align-center\" data-align=\"center\">10<\/td><\/tr><tr><td class=\"has-text-align-center\" data-align=\"center\">Greece<\/td><td class=\"has-text-align-center\" data-align=\"center\">13<\/td><\/tr><tr><td class=\"has-text-align-center\" data-align=\"center\">Ireland<\/td><td class=\"has-text-align-center\" data-align=\"center\">13,5<\/td><\/tr><tr><td class=\"has-text-align-center\" data-align=\"center\">Italy<\/td><td class=\"has-text-align-center\" data-align=\"center\">10<\/td><\/tr><tr><td class=\"has-text-align-center\" data-align=\"center\">Croatia<\/td><td class=\"has-text-align-center\" data-align=\"center\">5<\/td><\/tr><tr><td class=\"has-text-align-center\" data-align=\"center\">Latvia<\/td><td class=\"has-text-align-center\" data-align=\"center\">21<\/td><\/tr><tr><td class=\"has-text-align-center\" data-align=\"center\">Lithuania<\/td><td class=\"has-text-align-center\" data-align=\"center\">21<\/td><\/tr><tr><td class=\"has-text-align-center\" data-align=\"center\">Luxembourg<\/td><td class=\"has-text-align-center\" data-align=\"center\">8<\/td><\/tr><tr><td class=\"has-text-align-center\" data-align=\"center\">Malta<\/td><td class=\"has-text-align-center\" data-align=\"center\">18<\/td><\/tr><tr><td class=\"has-text-align-center\" data-align=\"center\">Netherlands<\/td><td class=\"has-text-align-center\" data-align=\"center\">9<\/td><\/tr><tr><td class=\"has-text-align-center\" data-align=\"center\">Austria<\/td><td class=\"has-text-align-center\" data-align=\"center\">13<\/td><\/tr><tr><td class=\"has-text-align-center\" data-align=\"center\">Poland<\/td><td class=\"has-text-align-center\" data-align=\"center\">8<\/td><\/tr><tr><td class=\"has-text-align-center\" data-align=\"center\">Portugal<\/td><td class=\"has-text-align-center\" data-align=\"center\">23<\/td><\/tr><tr><td class=\"has-text-align-center\" data-align=\"center\">Romania<\/td><td class=\"has-text-align-center\" data-align=\"center\">19<\/td><\/tr><tr><td class=\"has-text-align-center\" data-align=\"center\">Sweden<\/td><td class=\"has-text-align-center\" data-align=\"center\">25<\/td><\/tr><tr><td class=\"has-text-align-center\" data-align=\"center\">Slovakia<\/td><td class=\"has-text-align-center\" data-align=\"center\">23<\/td><\/tr><tr><td class=\"has-text-align-center\" data-align=\"center\">Slovenia<\/td><td class=\"has-text-align-center\" data-align=\"center\">9,5<\/td><\/tr><tr><td class=\"has-text-align-center\" data-align=\"center\">Spain<\/td><td class=\"has-text-align-center\" data-align=\"center\">21<\/td><\/tr><tr><td class=\"has-text-align-center\" data-align=\"center\">Czech Republic<\/td><td class=\"has-text-align-center\" data-align=\"center\">12<\/td><\/tr><tr><td class=\"has-text-align-center\" data-align=\"center\">Hungary<\/td><td class=\"has-text-align-center\" data-align=\"center\">27<\/td><\/tr><tr><td class=\"has-text-align-center\" data-align=\"center\">Cyprus<\/td><td class=\"has-text-align-center\" data-align=\"center\">19<\/td><\/tr><\/tbody><\/table><\/figure>\n\n\n\n<div class=\"wp-block-stackable-text stk-block-text stk-block stk-8f74ca7\" data-block-id=\"8f74ca7\"><style>.stk-8f74ca7{margin-bottom:40px !important}<\/style><p class=\"stk-block-text__text\">Example: You order a plant, which is listed in the store with a gross price (incl. VAT) of <strong>25 \u20ac <\/strong>(for German delivery address). When shipping to a delivery address in Austria, the Austrian tax rate for plant products of 13% is added to the net price (\u20ac22.94) of the same plant. Thus the gross price including VAT for the plant is now <strong>25,92 \u20ac<\/strong>. For example, for a delivery to Belgium, with a tax rate of 6%, the price is only 24.31\u20ac.<\/p><\/div>\n\n\n\n<p><\/p>\n\n\n\n<p><\/p>\n\n\n\n<p><\/p>\n\n\n\n<p><\/p>\n\n\n\n<p><\/p>\n\n\n\n<p><\/p>\n\n\n\n<p><\/p>\n\n\n\n<div style=\"height:10px\" aria-hidden=\"true\" class=\"wp-block-spacer\"><\/div>\n\n\n\n<h3 class=\"wp-block-heading\" id=\"bezahlung-und-versand\">Order and Shipping<\/h3>\n\n\n\n<p>Please note that depending on the weather, shipment will be made only from mid-October to mid-November after prepayment. We will send you the invoice by email as soon as the plants are ready for dispatch. You do not have to make a payment through our website. If you want to change your order or still add new plants, this must be done no later than September 15th.<\/p>\n\n\n\n<p>For new customers, we reserve the right to request a down-payment to complete the order confirmation. Down-payment instructions will be sent out manually after the order confirmation. If you do not hear from us, your order has been accepted without the need for a deposit. You will receive full payment instructions in autumn.<\/p>\n\n\n\n<p>The shipping costs for your country are calculated automatically by the store based on the item weight. You can find an overview of the applicable shipping costs. <a href=\"https:\/\/pfingstrosen-paradies.de\/en\/bestellung-und-versand\/#versandkosten\"><strong>here<\/strong><\/a>.<\/p>\n\n\n\n<p>If you submit multiple orders in one year, please mention this as a note when completing each additional order. Of course, you will then only have to pay shipping costs once. We will combine your orders manually and then charge you only the shipping costs for the actual weight of the package. <\/p>\n\n\n\n<hr class=\"wp-block-separator has-css-opacity is-style-wide\"\/>","protected":false},"excerpt":{"rendered":"<p>Bestellinformationen f\u00fcr EU-Auslandskunden EU-MwSt-Digitalpaket Aufgrund der Einf\u00fchrung des neuen EU-MwST Digitalpaketes, welches zum 01.07.2021 in Kraft getreten ist, werden je nach angegebener Lieferadresse die jeweiligen Umsatzsteuers\u00e4tze der Adresse des Kunden erhoben. Standarm\u00e4\u00dfig werden die Preise im Shop inkl. der deutschen Merhwertsteuer angegeben (solange Sie nicht eingeloggt sind oder Ihre Lieferadresse bereits im Warenkorb eingegeben haben). [&hellip;]<\/p>\n","protected":false},"author":2,"featured_media":0,"parent":0,"menu_order":0,"comment_status":"closed","ping_status":"closed","template":"","meta":{"footnotes":""},"class_list":["post-6712","page","type-page","status-publish","hentry"],"blocksy_meta":{"styles_descriptor":{"styles":{"desktop":"","tablet":"","mobile":""},"google_fonts":[],"version":6}},"featured_image_urls":{"full":"","thumbnail":"","medium":"","medium_large":"","large":"","1536x1536":"","2048x2048":"","trp-custom-language-flag":"","ptam-block-post-grid-landscape":"","ptam-block-post-grid-square":"","ptam-block-post-grid-featured-landscape":"","woocommerce_archive_thumbnail":"","woocommerce_thumbnail":"","woocommerce_single":"","woocommerce_gallery_thumbnail":""},"post_excerpt_stackable":"<p>Bestellinformationen f\u00fcr EU-Auslandskunden EU-MwSt-Digitalpaket Aufgrund der Einf\u00fchrung des neuen EU-MwST Digitalpaketes, welches zum 01.07.2021 in Kraft getreten ist, werden je nach angegebener Lieferadresse die jeweiligen Umsatzsteuers\u00e4tze der Adresse des Kunden erhoben. Standarm\u00e4\u00dfig werden die Preise im Shop inkl. der deutschen Merhwertsteuer angegeben (solange Sie nicht eingeloggt sind oder Ihre Lieferadresse bereits im Warenkorb eingegeben haben). Es ist f\u00fcr Kunden mit einer Lieferadresse au\u00dferhalb Deutschlands nicht mehr m\u00f6glich die Pflanzen wie in Vergangeheit mit unserem deutschen Steuersatz zu erwerben. Leider sind dadurch die Preise f\u00fcr einige EU-L\u00e4nder gestiegen. Haben Sie jedoch eine Lieferadresse in Deutschland, auch wenn Ihre Rechnungsadresse in einem&hellip;<\/p>\n","category_list":"","author_info":{"name":"max","url":"https:\/\/pfingstrosen-paradies.de\/en\/author\/max\/"},"comments_num":"0 comments","featured_image_urls_v2":{"full":"","thumbnail":"","medium":"","medium_large":"","large":"","1536x1536":"","2048x2048":"","trp-custom-language-flag":"","ptam-block-post-grid-landscape":"","ptam-block-post-grid-square":"","ptam-block-post-grid-featured-landscape":"","woocommerce_archive_thumbnail":"","woocommerce_thumbnail":"","woocommerce_single":"","woocommerce_gallery_thumbnail":""},"post_excerpt_stackable_v2":"<p>Bestellinformationen f\u00fcr EU-Auslandskunden EU-MwSt-Digitalpaket Aufgrund der Einf\u00fchrung des neuen EU-MwST Digitalpaketes, welches zum 01.07.2021 in Kraft getreten ist, werden je nach angegebener Lieferadresse die jeweiligen Umsatzsteuers\u00e4tze der Adresse des Kunden erhoben. Standarm\u00e4\u00dfig werden die Preise im Shop inkl. der deutschen Merhwertsteuer angegeben (solange Sie nicht eingeloggt sind oder Ihre Lieferadresse bereits im Warenkorb eingegeben haben). Es ist f\u00fcr Kunden mit einer Lieferadresse au\u00dferhalb Deutschlands nicht mehr m\u00f6glich die Pflanzen wie in Vergangeheit mit unserem deutschen Steuersatz zu erwerben. Leider sind dadurch die Preise f\u00fcr einige EU-L\u00e4nder gestiegen. Haben Sie jedoch eine Lieferadresse in Deutschland, auch wenn Ihre Rechnungsadresse in einem&hellip;<\/p>\n","category_list_v2":"","author_info_v2":{"name":"max","url":"https:\/\/pfingstrosen-paradies.de\/en\/author\/max\/"},"comments_num_v2":"0 comments","yoast_head":"<!-- This site is optimized with the Yoast SEO plugin v27.5 - https:\/\/yoast.com\/product\/yoast-seo-wordpress\/ -->\n<title>Bestellinfos Auslandskunden | Pfingstrosen-Paradies Tetzlaff<\/title>\n<meta name=\"description\" content=\"Bestellinformationen f\u00fcr EU-Auslandskunden EU-MwSt-Digitalpaket Aufgrund der Einf\u00fchrung des neuen EU-MwST Digitalpaketes, welches zum 01.07.2021 in Kraft\" \/>\n<meta name=\"robots\" content=\"index, follow, max-snippet:-1, max-image-preview:large, max-video-preview:-1\" \/>\n<link rel=\"canonical\" href=\"https:\/\/pfingstrosen-paradies.de\/en\/bestellinfo-auslandskunden\/\" \/>\n<meta property=\"og:locale\" content=\"en_GB\" \/>\n<meta property=\"og:type\" content=\"article\" \/>\n<meta property=\"og:title\" content=\"Bestellinfos Auslandskunden | Pfingstrosen-Paradies Tetzlaff\" \/>\n<meta property=\"og:description\" content=\"Bestellinformationen f\u00fcr EU-Auslandskunden EU-MwSt-Digitalpaket Aufgrund der Einf\u00fchrung des neuen EU-MwST Digitalpaketes, welches zum 01.07.2021 in Kraft\" \/>\n<meta property=\"og:url\" content=\"https:\/\/pfingstrosen-paradies.de\/en\/bestellinfo-auslandskunden\/\" \/>\n<meta property=\"og:site_name\" content=\"Pfingstrosen-Paradies\" \/>\n<meta property=\"article:modified_time\" content=\"2026-02-05T15:30:34+00:00\" \/>\n<meta name=\"twitter:card\" content=\"summary_large_image\" \/>\n<meta name=\"twitter:label1\" content=\"Estimated reading time\" \/>\n\t<meta name=\"twitter:data1\" content=\"4 minutes\" \/>\n<script type=\"application\/ld+json\" class=\"yoast-schema-graph\">{\"@context\":\"https:\\\/\\\/schema.org\",\"@graph\":[{\"@type\":\"WebPage\",\"@id\":\"https:\\\/\\\/pfingstrosen-paradies.de\\\/bestellinfo-auslandskunden\\\/\",\"url\":\"https:\\\/\\\/pfingstrosen-paradies.de\\\/bestellinfo-auslandskunden\\\/\",\"name\":\"Bestellinfos Auslandskunden | Pfingstrosen-Paradies Tetzlaff\",\"isPartOf\":{\"@id\":\"https:\\\/\\\/pfingstrosen-paradies.de\\\/#website\"},\"datePublished\":\"2022-01-31T18:50:06+00:00\",\"dateModified\":\"2026-02-05T15:30:34+00:00\",\"description\":\"Bestellinformationen f\u00fcr EU-Auslandskunden EU-MwSt-Digitalpaket Aufgrund der Einf\u00fchrung des neuen EU-MwST Digitalpaketes, welches zum 01.07.2021 in Kraft\",\"breadcrumb\":{\"@id\":\"https:\\\/\\\/pfingstrosen-paradies.de\\\/bestellinfo-auslandskunden\\\/#breadcrumb\"},\"inLanguage\":\"en-GB\",\"potentialAction\":[{\"@type\":\"ReadAction\",\"target\":[\"https:\\\/\\\/pfingstrosen-paradies.de\\\/bestellinfo-auslandskunden\\\/\"]}]},{\"@type\":\"BreadcrumbList\",\"@id\":\"https:\\\/\\\/pfingstrosen-paradies.de\\\/bestellinfo-auslandskunden\\\/#breadcrumb\",\"itemListElement\":[{\"@type\":\"ListItem\",\"position\":1,\"name\":\"Start\",\"item\":\"https:\\\/\\\/pfingstrosen-paradies.de\\\/\"},{\"@type\":\"ListItem\",\"position\":2,\"name\":\"Bestellinfos Auslandskunden\"}]},{\"@type\":\"WebSite\",\"@id\":\"https:\\\/\\\/pfingstrosen-paradies.de\\\/#website\",\"url\":\"https:\\\/\\\/pfingstrosen-paradies.de\\\/\",\"name\":\"Pfingstrosen-Paradies\",\"description\":\"Fachg\u00e4rtnerei f\u00fcr Pfingstrosen\",\"publisher\":{\"@id\":\"https:\\\/\\\/pfingstrosen-paradies.de\\\/#organization\"},\"potentialAction\":[{\"@type\":\"SearchAction\",\"target\":{\"@type\":\"EntryPoint\",\"urlTemplate\":\"https:\\\/\\\/pfingstrosen-paradies.de\\\/?s={search_term_string}\"},\"query-input\":{\"@type\":\"PropertyValueSpecification\",\"valueRequired\":true,\"valueName\":\"search_term_string\"}}],\"inLanguage\":\"en-GB\"},{\"@type\":\"Organization\",\"@id\":\"https:\\\/\\\/pfingstrosen-paradies.de\\\/#organization\",\"name\":\"Pfingstrosen-Paradies\",\"url\":\"https:\\\/\\\/pfingstrosen-paradies.de\\\/\",\"logo\":{\"@type\":\"ImageObject\",\"inLanguage\":\"en-GB\",\"@id\":\"https:\\\/\\\/pfingstrosen-paradies.de\\\/#\\\/schema\\\/logo\\\/image\\\/\",\"url\":\"https:\\\/\\\/pfingstrosen-paradies.de\\\/wp-content\\\/uploads\\\/2021\\\/02\\\/logo-pfingstrosen.png\",\"contentUrl\":\"https:\\\/\\\/pfingstrosen-paradies.de\\\/wp-content\\\/uploads\\\/2021\\\/02\\\/logo-pfingstrosen.png\",\"width\":1568,\"height\":366,\"caption\":\"Pfingstrosen-Paradies\"},\"image\":{\"@id\":\"https:\\\/\\\/pfingstrosen-paradies.de\\\/#\\\/schema\\\/logo\\\/image\\\/\"}}]}<\/script>\n<!-- \/ Yoast SEO plugin. -->","yoast_head_json":{"title":"Bestellinfos Auslandskunden | Pfingstrosen-Paradies Tetzlaff","description":"Bestellinformationen f\u00fcr EU-Auslandskunden EU-MwSt-Digitalpaket Aufgrund der Einf\u00fchrung des neuen EU-MwST Digitalpaketes, welches zum 01.07.2021 in Kraft","robots":{"index":"index","follow":"follow","max-snippet":"max-snippet:-1","max-image-preview":"max-image-preview:large","max-video-preview":"max-video-preview:-1"},"canonical":"https:\/\/pfingstrosen-paradies.de\/en\/bestellinfo-auslandskunden\/","og_locale":"en_GB","og_type":"article","og_title":"Bestellinfos Auslandskunden | Pfingstrosen-Paradies Tetzlaff","og_description":"Bestellinformationen f\u00fcr EU-Auslandskunden EU-MwSt-Digitalpaket Aufgrund der Einf\u00fchrung des neuen EU-MwST Digitalpaketes, welches zum 01.07.2021 in Kraft","og_url":"https:\/\/pfingstrosen-paradies.de\/en\/bestellinfo-auslandskunden\/","og_site_name":"Pfingstrosen-Paradies","article_modified_time":"2026-02-05T15:30:34+00:00","twitter_card":"summary_large_image","twitter_misc":{"Estimated reading time":"4 minutes"},"schema":{"@context":"https:\/\/schema.org","@graph":[{"@type":"WebPage","@id":"https:\/\/pfingstrosen-paradies.de\/bestellinfo-auslandskunden\/","url":"https:\/\/pfingstrosen-paradies.de\/bestellinfo-auslandskunden\/","name":"Bestellinfos Auslandskunden | Pfingstrosen-Paradies Tetzlaff","isPartOf":{"@id":"https:\/\/pfingstrosen-paradies.de\/#website"},"datePublished":"2022-01-31T18:50:06+00:00","dateModified":"2026-02-05T15:30:34+00:00","description":"Bestellinformationen f\u00fcr EU-Auslandskunden EU-MwSt-Digitalpaket Aufgrund der Einf\u00fchrung des neuen EU-MwST Digitalpaketes, welches zum 01.07.2021 in Kraft","breadcrumb":{"@id":"https:\/\/pfingstrosen-paradies.de\/bestellinfo-auslandskunden\/#breadcrumb"},"inLanguage":"en-GB","potentialAction":[{"@type":"ReadAction","target":["https:\/\/pfingstrosen-paradies.de\/bestellinfo-auslandskunden\/"]}]},{"@type":"BreadcrumbList","@id":"https:\/\/pfingstrosen-paradies.de\/bestellinfo-auslandskunden\/#breadcrumb","itemListElement":[{"@type":"ListItem","position":1,"name":"Start","item":"https:\/\/pfingstrosen-paradies.de\/"},{"@type":"ListItem","position":2,"name":"Bestellinfos Auslandskunden"}]},{"@type":"WebSite","@id":"https:\/\/pfingstrosen-paradies.de\/#website","url":"https:\/\/pfingstrosen-paradies.de\/","name":"Pfingstrosen-Paradies","description":"Fachg\u00e4rtnerei f\u00fcr Pfingstrosen","publisher":{"@id":"https:\/\/pfingstrosen-paradies.de\/#organization"},"potentialAction":[{"@type":"SearchAction","target":{"@type":"EntryPoint","urlTemplate":"https:\/\/pfingstrosen-paradies.de\/?s={search_term_string}"},"query-input":{"@type":"PropertyValueSpecification","valueRequired":true,"valueName":"search_term_string"}}],"inLanguage":"en-GB"},{"@type":"Organization","@id":"https:\/\/pfingstrosen-paradies.de\/#organization","name":"Pfingstrosen-Paradies","url":"https:\/\/pfingstrosen-paradies.de\/","logo":{"@type":"ImageObject","inLanguage":"en-GB","@id":"https:\/\/pfingstrosen-paradies.de\/#\/schema\/logo\/image\/","url":"https:\/\/pfingstrosen-paradies.de\/wp-content\/uploads\/2021\/02\/logo-pfingstrosen.png","contentUrl":"https:\/\/pfingstrosen-paradies.de\/wp-content\/uploads\/2021\/02\/logo-pfingstrosen.png","width":1568,"height":366,"caption":"Pfingstrosen-Paradies"},"image":{"@id":"https:\/\/pfingstrosen-paradies.de\/#\/schema\/logo\/image\/"}}]}},"_links":{"self":[{"href":"https:\/\/pfingstrosen-paradies.de\/en\/wp-json\/wp\/v2\/pages\/6712","targetHints":{"allow":["GET"]}}],"collection":[{"href":"https:\/\/pfingstrosen-paradies.de\/en\/wp-json\/wp\/v2\/pages"}],"about":[{"href":"https:\/\/pfingstrosen-paradies.de\/en\/wp-json\/wp\/v2\/types\/page"}],"author":[{"embeddable":true,"href":"https:\/\/pfingstrosen-paradies.de\/en\/wp-json\/wp\/v2\/users\/2"}],"replies":[{"embeddable":true,"href":"https:\/\/pfingstrosen-paradies.de\/en\/wp-json\/wp\/v2\/comments?post=6712"}],"version-history":[{"count":0,"href":"https:\/\/pfingstrosen-paradies.de\/en\/wp-json\/wp\/v2\/pages\/6712\/revisions"}],"wp:attachment":[{"href":"https:\/\/pfingstrosen-paradies.de\/en\/wp-json\/wp\/v2\/media?parent=6712"}],"curies":[{"name":"wp","href":"https:\/\/api.w.org\/{rel}","templated":true}]}}