{"id":6785,"date":"2022-02-01T14:01:46","date_gmt":"2022-02-01T13:01:46","guid":{"rendered":"https:\/\/pfingstrosen-paradies.de\/?page_id=6785"},"modified":"2022-02-01T14:02:13","modified_gmt":"2022-02-01T13:02:13","slug":"presse-und-medien","status":"publish","type":"page","link":"https:\/\/pfingstrosen-paradies.de\/en\/presse-und-medien\/","title":{"rendered":"Media"},"content":{"rendered":"<h1 class=\"wp-block-heading\" id=\"das-pfingstrosen-paradies-in-der-presse\">Das Pfingstrosen-Paradies in der Presse<\/h1>\n\n\n\n<hr class=\"wp-block-separator is-style-wide\"\/>\n\n\n\n<div class=\"wp-block-group is-layout-flow wp-block-group-is-layout-flow\">\n<h4 class=\"wp-block-heading\" id=\"pfingstrosen-paradies-zieht-nach-hemmerden-2017\"><a href=\"https:\/\/rp-online.de\/nrw\/staedte\/korschenbroich\/pfingstrosen-paradies-zieht-nach-hemmerden_aid-21019893\">Pfingstrosen-Paradies zieht nach Hemmerden &#8211; 2017<\/a><\/h4>\n\n\n\n<p>21. April 2017 Von Ruth Wiedner-Runo Korschenbroich. Stephan Tetzlaff verlagert seinen Betrieb von Korschenbroich-Pesch nach Grevenbroich. Blumen werden weiter in Pesch verkauft. Der bessere Boden und mehr Platz sind die Gr\u00fcnde f\u00fcr den Umzug.<\/p>\n\n\n\n<h4 class=\"wp-block-heading\" id=\"jetzt-herrscht-blutezeit-im-pfingstrosen-paradies-2016\"><a href=\"https:\/\/rp-online.de\/nrw\/staedte\/korschenbroich\/jetzt-herrscht-bluetezeit-im-pfingstrosen-paradies_aid-19660293\">Jetzt herrscht Bl\u00fctezeit im Pfingstrosen-Paradies &#8211; 2016<\/a><\/h4>\n\n\n\n<p>26. Mai 2016 Von Marion Lisken-Pruss Korschenbroich. F\u00fcr Stephan Tetzlaff l\u00e4uft die Pfingstrosen-Zeit erst jetzt so richtig an. Gemeinsam mit seinem Sohn erkl\u00e4rt er den Anbau. Sie hei\u00dfen &#8222;Duchesse de Morny&#8220;, &#8222;Reine Elisabeth&#8220; und &#8222;Contessa&#8220;: Hinter diesen kaprizi\u00f6sen Namen verbergen sich nicht etwa adelige Damen, sondern aufbl\u00fchende Pfingstrosen.<\/p>\n\n\n\n<h4 class=\"wp-block-heading\" id=\"pfingstrosen-diven-ohne-staralluren-2015\"><a href=\"https:\/\/rp-online.de\/nrw\/staedte\/korschenbroich\/pfingstrosen-diven-ohne-starallueren_aid-21796537\">Pfingstrosen: Diven ohne Starall\u00fcren &#8211; 2015<\/a><\/h4>\n\n\n\n<p>29. Mai 2015 Von Marion Lisken-Pruss Korschenbroich: Im Pfingstrosen-Paradies von Stephan Tetzlaff in Pesch herrscht Hochkonjunktur. Das trockene und k\u00fchle Wetter bekommt den P\u00e4onien bestens. Doch schon in zwei Wochen ist es vorbei mit der Pracht &#8211; dann ist die Saison zu Ende.<\/p>\n\n\n\n<h4 class=\"wp-block-heading\" id=\"pfingstrosen-aus-pesch-furs-tv-2012\"><a href=\"https:\/\/rp-online.de\/nrw\/staedte\/rhein-kreis\/sport\/pfingstrosen-aus-pesch-fuers-tv_aid-14294399\">Pfingstrosen aus Pesch f\u00fcrs TV &#8211; 2012<\/a><\/h4>\n\n\n\n<p>24. Mai 2012 Von Ruth Wiedner Korschenbroich. Der Gartenbauingenieur Stephan Tetzlaff hat sich auf die Pfingstrosenzucht spezialisiert. Mit einer Bauernpfingstrose fing vor 30 Jahren alles an, heute z\u00fcchtet er 500 Sorten. Sogar Fernsehg\u00e4rtner setzen auf sein Wissen.<\/p>\n\n\n\n<h4 class=\"wp-block-heading\" id=\"wie-pfingstrosen-richtig-wachsen-2011\"><a href=\"http:\/\/www.ngz-online.de\/korschenbroich\/nachrichten\/wie-pfingstrosen-richtig-wachsen-1.1277896\">Wie Pfingstrosen richtig wachsen &#8211; 2011<\/a><\/h4>\n\n\n\n<p>25. Mai 2011 Von Ruth Wiedner Korschenbroich (NGZ). Zum Pfingstfest Mitte Juni werden keine heimischen Pfingstrosen mehr bl\u00fchen. Die warme Witterung hat der Staude ordentlich zugesetzt. Damit der Pfingstrosen-Zauber im kommenden Fr\u00fchjahr wieder in voller Pracht erstrahlt, h\u00e4lt der Gartenbau-Ingenieur Stephan Tetzlaff wertvolle Tipps parat.<\/p>\n\n\n\n<h4 class=\"wp-block-heading\" id=\"fur-pfingstrosen-ist-es-zu-kalt-2010\"><a href=\"\/en\/a href=&quot;http:\/\/www.ngz-online.de\/korschenbroich\/nachrichten\/fuer-pfingstrosen-ist-es-zu-kalt-1.189443&quot; title=&quot;RP-Online\/\">F\u00fcr Pfingstrosen ist es zu kalt &#8211; 2010<\/a><\/h4>\n\n\n\n<p>20. Mai 2010 Von Ruth Wiedner und Daniela Buschkamp Korschenbroich (NGZO). Wuchtige F\u00fclle und leichte Eleganz stehen f\u00fcr die Pfingstrose: Kaum einer Pflanze gelingt es besser, diese Gegens\u00e4tze so harmonisch zu vereinen. Stephan Tetzlaff z\u00e4hlt fast 500 verschiedene Sorten zu seiner Zucht in Pesch.<\/p>\n\n\n\n<h4 class=\"wp-block-heading\" id=\"vom-sammler-zum-zuchter-2006\"><a href=\"https:\/\/rp-online.de\/nrw\/staedte\/rhein-kreis\/sport\/vom-sammler-zum-zuechter_aid-17449613\">Vom Sammler zum Z\u00fcchter &#8211; 2006<\/a><\/h4>\n\n\n\n<p>02. Mai 2006 NGZ, von Ruth Wiedner Korschenbroich (NGZ). Pesch Stephan Tetzlaff hat sein Hobby zum Beruf gemacht. T\u00e4glich begutachtet er sein Pfingstrosen-Paradies an der Kleinenbroicher Stra\u00dfe 85. Heute z\u00e4hlen gut 300 verschiedene Sorten zu seiner Zucht in Pesch. Er verkauft die Blumen mit der ausgefallenen Bl\u00fcte, vermehrt die Stauden, die jedem Gartenfreund viel Geduld abverlangen, kreuzt und z\u00fcchtet diese edlen Gew\u00e4chse mit einer hingebungsvollen Geduld.<\/p>\n<\/div>","protected":false},"excerpt":{"rendered":"<p>Das Pfingstrosen-Paradies in der Presse Pfingstrosen-Paradies zieht nach Hemmerden &#8211; 2017 21. April 2017 Von Ruth Wiedner-Runo Korschenbroich. Stephan Tetzlaff verlagert seinen Betrieb von Korschenbroich-Pesch nach Grevenbroich. Blumen werden weiter in Pesch verkauft. Der bessere Boden und mehr Platz sind die Gr\u00fcnde f\u00fcr den Umzug. Jetzt herrscht Bl\u00fctezeit im Pfingstrosen-Paradies &#8211; 2016 26. Mai 2016 [&hellip;]<\/p>\n","protected":false},"author":2,"featured_media":0,"parent":0,"menu_order":0,"comment_status":"closed","ping_status":"closed","template":"","meta":{"footnotes":""},"class_list":["post-6785","page","type-page","status-publish","hentry"],"blocksy_meta":{"styles_descriptor":{"styles":{"desktop":"","tablet":"","mobile":""},"google_fonts":[],"version":6}},"featured_image_urls":{"full":"","thumbnail":"","medium":"","medium_large":"","large":"","1536x1536":"","2048x2048":"","trp-custom-language-flag":"","ptam-block-post-grid-landscape":"","ptam-block-post-grid-square":"","ptam-block-post-grid-featured-landscape":"","woocommerce_archive_thumbnail":"","woocommerce_thumbnail":"","woocommerce_single":"","woocommerce_gallery_thumbnail":""},"post_excerpt_stackable":"<p>Das Pfingstrosen-Paradies in der Presse Pfingstrosen-Paradies zieht nach Hemmerden &#8211; 2017 21. April 2017 Von Ruth Wiedner-Runo Korschenbroich. Stephan Tetzlaff verlagert seinen Betrieb von Korschenbroich-Pesch nach Grevenbroich. Blumen werden weiter in Pesch verkauft. Der bessere Boden und mehr Platz sind die Gr\u00fcnde f\u00fcr den Umzug. Jetzt herrscht Bl\u00fctezeit im Pfingstrosen-Paradies &#8211; 2016 26. Mai 2016 Von Marion Lisken-Pruss Korschenbroich. F\u00fcr Stephan Tetzlaff l\u00e4uft die Pfingstrosen-Zeit erst jetzt so richtig an. Gemeinsam mit seinem Sohn erkl\u00e4rt er den Anbau. Sie hei\u00dfen &#8222;Duchesse de Morny&#8220;, &#8222;Reine Elisabeth&#8220; und &#8222;Contessa&#8220;: Hinter diesen kaprizi\u00f6sen Namen verbergen sich nicht etwa adelige Damen, sondern aufbl\u00fchende Pfingstrosen.&hellip;<\/p>\n","category_list":"","author_info":{"name":"max","url":"https:\/\/pfingstrosen-paradies.de\/en\/author\/max\/"},"comments_num":"0 comments","featured_image_urls_v2":{"full":"","thumbnail":"","medium":"","medium_large":"","large":"","1536x1536":"","2048x2048":"","trp-custom-language-flag":"","ptam-block-post-grid-landscape":"","ptam-block-post-grid-square":"","ptam-block-post-grid-featured-landscape":"","woocommerce_archive_thumbnail":"","woocommerce_thumbnail":"","woocommerce_single":"","woocommerce_gallery_thumbnail":""},"post_excerpt_stackable_v2":"<p>Das Pfingstrosen-Paradies in der Presse Pfingstrosen-Paradies zieht nach Hemmerden &#8211; 2017 21. April 2017 Von Ruth Wiedner-Runo Korschenbroich. Stephan Tetzlaff verlagert seinen Betrieb von Korschenbroich-Pesch nach Grevenbroich. Blumen werden weiter in Pesch verkauft. Der bessere Boden und mehr Platz sind die Gr\u00fcnde f\u00fcr den Umzug. Jetzt herrscht Bl\u00fctezeit im Pfingstrosen-Paradies &#8211; 2016 26. Mai 2016 Von Marion Lisken-Pruss Korschenbroich. F\u00fcr Stephan Tetzlaff l\u00e4uft die Pfingstrosen-Zeit erst jetzt so richtig an. Gemeinsam mit seinem Sohn erkl\u00e4rt er den Anbau. Sie hei\u00dfen &#8222;Duchesse de Morny&#8220;, &#8222;Reine Elisabeth&#8220; und &#8222;Contessa&#8220;: Hinter diesen kaprizi\u00f6sen Namen verbergen sich nicht etwa adelige Damen, sondern aufbl\u00fchende Pfingstrosen.&hellip;<\/p>\n","category_list_v2":"","author_info_v2":{"name":"max","url":"https:\/\/pfingstrosen-paradies.de\/en\/author\/max\/"},"comments_num_v2":"0 comments","yoast_head":"<!-- This site is optimized with the Yoast SEO plugin v27.3 - https:\/\/yoast.com\/product\/yoast-seo-wordpress\/ -->\n<title>Presse und Medien | Pfingstrosen-Paradies Tetzlaff<\/title>\n<meta name=\"description\" content=\"Das Pfingstrosen-Paradies in der Presse Pfingstrosen-Paradies zieht nach Hemmerden - 2017 21. April 2017 Von Ruth Wiedner-Runo Korschenbroich. Stephan\" \/>\n<meta name=\"robots\" content=\"index, follow, max-snippet:-1, max-image-preview:large, max-video-preview:-1\" \/>\n<link rel=\"canonical\" href=\"https:\/\/pfingstrosen-paradies.de\/en\/presse-und-medien\/\" \/>\n<meta property=\"og:locale\" content=\"en_GB\" \/>\n<meta property=\"og:type\" content=\"article\" \/>\n<meta property=\"og:title\" content=\"Presse und Medien | Pfingstrosen-Paradies Tetzlaff\" \/>\n<meta property=\"og:description\" content=\"Das Pfingstrosen-Paradies in der Presse Pfingstrosen-Paradies zieht nach Hemmerden - 2017 21. April 2017 Von Ruth Wiedner-Runo Korschenbroich. Stephan\" \/>\n<meta property=\"og:url\" content=\"https:\/\/pfingstrosen-paradies.de\/en\/presse-und-medien\/\" \/>\n<meta property=\"og:site_name\" content=\"Pfingstrosen-Paradies\" \/>\n<meta property=\"article:modified_time\" content=\"2022-02-01T13:02:13+00:00\" \/>\n<meta name=\"twitter:card\" content=\"summary_large_image\" \/>\n<meta name=\"twitter:label1\" content=\"Estimated reading time\" \/>\n\t<meta name=\"twitter:data1\" content=\"3 minutes\" \/>\n<script type=\"application\/ld+json\" class=\"yoast-schema-graph\">{\"@context\":\"https:\\\/\\\/schema.org\",\"@graph\":[{\"@type\":\"WebPage\",\"@id\":\"https:\\\/\\\/pfingstrosen-paradies.de\\\/presse-und-medien\\\/\",\"url\":\"https:\\\/\\\/pfingstrosen-paradies.de\\\/presse-und-medien\\\/\",\"name\":\"Presse und Medien | Pfingstrosen-Paradies Tetzlaff\",\"isPartOf\":{\"@id\":\"https:\\\/\\\/pfingstrosen-paradies.de\\\/#website\"},\"datePublished\":\"2022-02-01T13:01:46+00:00\",\"dateModified\":\"2022-02-01T13:02:13+00:00\",\"description\":\"Das Pfingstrosen-Paradies in der Presse Pfingstrosen-Paradies zieht nach Hemmerden - 2017 21. April 2017 Von Ruth Wiedner-Runo Korschenbroich. Stephan\",\"breadcrumb\":{\"@id\":\"https:\\\/\\\/pfingstrosen-paradies.de\\\/presse-und-medien\\\/#breadcrumb\"},\"inLanguage\":\"en-GB\",\"potentialAction\":[{\"@type\":\"ReadAction\",\"target\":[\"https:\\\/\\\/pfingstrosen-paradies.de\\\/presse-und-medien\\\/\"]}]},{\"@type\":\"BreadcrumbList\",\"@id\":\"https:\\\/\\\/pfingstrosen-paradies.de\\\/presse-und-medien\\\/#breadcrumb\",\"itemListElement\":[{\"@type\":\"ListItem\",\"position\":1,\"name\":\"Start\",\"item\":\"https:\\\/\\\/pfingstrosen-paradies.de\\\/\"},{\"@type\":\"ListItem\",\"position\":2,\"name\":\"Presse und Medien\"}]},{\"@type\":\"WebSite\",\"@id\":\"https:\\\/\\\/pfingstrosen-paradies.de\\\/#website\",\"url\":\"https:\\\/\\\/pfingstrosen-paradies.de\\\/\",\"name\":\"Pfingstrosen-Paradies\",\"description\":\"Fachg\u00e4rtnerei f\u00fcr Pfingstrosen\",\"publisher\":{\"@id\":\"https:\\\/\\\/pfingstrosen-paradies.de\\\/#organization\"},\"potentialAction\":[{\"@type\":\"SearchAction\",\"target\":{\"@type\":\"EntryPoint\",\"urlTemplate\":\"https:\\\/\\\/pfingstrosen-paradies.de\\\/?s={search_term_string}\"},\"query-input\":{\"@type\":\"PropertyValueSpecification\",\"valueRequired\":true,\"valueName\":\"search_term_string\"}}],\"inLanguage\":\"en-GB\"},{\"@type\":\"Organization\",\"@id\":\"https:\\\/\\\/pfingstrosen-paradies.de\\\/#organization\",\"name\":\"Pfingstrosen-Paradies\",\"url\":\"https:\\\/\\\/pfingstrosen-paradies.de\\\/\",\"logo\":{\"@type\":\"ImageObject\",\"inLanguage\":\"en-GB\",\"@id\":\"https:\\\/\\\/pfingstrosen-paradies.de\\\/#\\\/schema\\\/logo\\\/image\\\/\",\"url\":\"https:\\\/\\\/pfingstrosen-paradies.de\\\/wp-content\\\/uploads\\\/2021\\\/02\\\/logo-pfingstrosen.png\",\"contentUrl\":\"https:\\\/\\\/pfingstrosen-paradies.de\\\/wp-content\\\/uploads\\\/2021\\\/02\\\/logo-pfingstrosen.png\",\"width\":1568,\"height\":366,\"caption\":\"Pfingstrosen-Paradies\"},\"image\":{\"@id\":\"https:\\\/\\\/pfingstrosen-paradies.de\\\/#\\\/schema\\\/logo\\\/image\\\/\"}}]}<\/script>\n<!-- \/ Yoast SEO plugin. -->","yoast_head_json":{"title":"Presse und Medien | Pfingstrosen-Paradies Tetzlaff","description":"Das Pfingstrosen-Paradies in der Presse Pfingstrosen-Paradies zieht nach Hemmerden - 2017 21. April 2017 Von Ruth Wiedner-Runo Korschenbroich. Stephan","robots":{"index":"index","follow":"follow","max-snippet":"max-snippet:-1","max-image-preview":"max-image-preview:large","max-video-preview":"max-video-preview:-1"},"canonical":"https:\/\/pfingstrosen-paradies.de\/en\/presse-und-medien\/","og_locale":"en_GB","og_type":"article","og_title":"Presse und Medien | Pfingstrosen-Paradies Tetzlaff","og_description":"Das Pfingstrosen-Paradies in der Presse Pfingstrosen-Paradies zieht nach Hemmerden - 2017 21. April 2017 Von Ruth Wiedner-Runo Korschenbroich. Stephan","og_url":"https:\/\/pfingstrosen-paradies.de\/en\/presse-und-medien\/","og_site_name":"Pfingstrosen-Paradies","article_modified_time":"2022-02-01T13:02:13+00:00","twitter_card":"summary_large_image","twitter_misc":{"Estimated reading time":"3 minutes"},"schema":{"@context":"https:\/\/schema.org","@graph":[{"@type":"WebPage","@id":"https:\/\/pfingstrosen-paradies.de\/presse-und-medien\/","url":"https:\/\/pfingstrosen-paradies.de\/presse-und-medien\/","name":"Presse und Medien | Pfingstrosen-Paradies Tetzlaff","isPartOf":{"@id":"https:\/\/pfingstrosen-paradies.de\/#website"},"datePublished":"2022-02-01T13:01:46+00:00","dateModified":"2022-02-01T13:02:13+00:00","description":"Das Pfingstrosen-Paradies in der Presse Pfingstrosen-Paradies zieht nach Hemmerden - 2017 21. April 2017 Von Ruth Wiedner-Runo Korschenbroich. Stephan","breadcrumb":{"@id":"https:\/\/pfingstrosen-paradies.de\/presse-und-medien\/#breadcrumb"},"inLanguage":"en-GB","potentialAction":[{"@type":"ReadAction","target":["https:\/\/pfingstrosen-paradies.de\/presse-und-medien\/"]}]},{"@type":"BreadcrumbList","@id":"https:\/\/pfingstrosen-paradies.de\/presse-und-medien\/#breadcrumb","itemListElement":[{"@type":"ListItem","position":1,"name":"Start","item":"https:\/\/pfingstrosen-paradies.de\/"},{"@type":"ListItem","position":2,"name":"Presse und Medien"}]},{"@type":"WebSite","@id":"https:\/\/pfingstrosen-paradies.de\/#website","url":"https:\/\/pfingstrosen-paradies.de\/","name":"Pfingstrosen-Paradies","description":"Fachg\u00e4rtnerei f\u00fcr Pfingstrosen","publisher":{"@id":"https:\/\/pfingstrosen-paradies.de\/#organization"},"potentialAction":[{"@type":"SearchAction","target":{"@type":"EntryPoint","urlTemplate":"https:\/\/pfingstrosen-paradies.de\/?s={search_term_string}"},"query-input":{"@type":"PropertyValueSpecification","valueRequired":true,"valueName":"search_term_string"}}],"inLanguage":"en-GB"},{"@type":"Organization","@id":"https:\/\/pfingstrosen-paradies.de\/#organization","name":"Pfingstrosen-Paradies","url":"https:\/\/pfingstrosen-paradies.de\/","logo":{"@type":"ImageObject","inLanguage":"en-GB","@id":"https:\/\/pfingstrosen-paradies.de\/#\/schema\/logo\/image\/","url":"https:\/\/pfingstrosen-paradies.de\/wp-content\/uploads\/2021\/02\/logo-pfingstrosen.png","contentUrl":"https:\/\/pfingstrosen-paradies.de\/wp-content\/uploads\/2021\/02\/logo-pfingstrosen.png","width":1568,"height":366,"caption":"Pfingstrosen-Paradies"},"image":{"@id":"https:\/\/pfingstrosen-paradies.de\/#\/schema\/logo\/image\/"}}]}},"_links":{"self":[{"href":"https:\/\/pfingstrosen-paradies.de\/en\/wp-json\/wp\/v2\/pages\/6785","targetHints":{"allow":["GET"]}}],"collection":[{"href":"https:\/\/pfingstrosen-paradies.de\/en\/wp-json\/wp\/v2\/pages"}],"about":[{"href":"https:\/\/pfingstrosen-paradies.de\/en\/wp-json\/wp\/v2\/types\/page"}],"author":[{"embeddable":true,"href":"https:\/\/pfingstrosen-paradies.de\/en\/wp-json\/wp\/v2\/users\/2"}],"replies":[{"embeddable":true,"href":"https:\/\/pfingstrosen-paradies.de\/en\/wp-json\/wp\/v2\/comments?post=6785"}],"version-history":[{"count":0,"href":"https:\/\/pfingstrosen-paradies.de\/en\/wp-json\/wp\/v2\/pages\/6785\/revisions"}],"wp:attachment":[{"href":"https:\/\/pfingstrosen-paradies.de\/en\/wp-json\/wp\/v2\/media?parent=6785"}],"curies":[{"name":"wp","href":"https:\/\/api.w.org\/{rel}","templated":true}]}}