{"id":12614,"date":"2024-01-14T20:57:19","date_gmt":"2024-01-14T19:57:19","guid":{"rendered":"https:\/\/pfingstrosen-paradies.de\/?post_type=product&#038;p=12614"},"modified":"2026-04-13T09:58:12","modified_gmt":"2026-04-13T07:58:12","slug":"pink-sensation","status":"publish","type":"product","link":"https:\/\/pfingstrosen-paradies.de\/en\/shop\/baumpaeonien\/rockii-hybriden\/pink-sensation\/","title":{"rendered":"Pink Sensation"},"content":{"rendered":"<p>Eine von uns selektierte Rockii-Sorte die sich durch eine tolle Bl\u00fctenf\u00fcllung und eine kr\u00e4ftig rosa Farbe auszeichnet. Der Wuchs ist kr\u00e4ftig und gut verzweigt bei einer H\u00f6he bis 120 cm. Die Bl\u00fcten sind halb gef\u00fcllt bis ganz gef\u00fcllt und haben einen angenehmen Duft. F\u00fcr die Rockiis typisches fein geschlitztes Laub und fr\u00fche Bl\u00fctezeit.<\/p>","protected":false},"excerpt":{"rendered":"<p>Eine von uns selektierte Rockii-Sorte die sich durch eine tolle Bl\u00fctenf\u00fcllung und eine kr\u00e4ftig rosa Farbe auszeichnet. Der Wuchs ist kr\u00e4ftig und gut verzweigt bei einer H\u00f6he bis 120 cm. Die Bl\u00fcten sind halb gef\u00fcllt bis ganz gef\u00fcllt und haben einen angenehmen Duft. F\u00fcr die Rockiis typisches fein geschlitztes Laub und fr\u00fche Bl\u00fctezeit.<\/p>","protected":false},"featured_media":21047,"template":"","meta":[],"product_brand":[],"product_cat":[45,35],"product_tag":[],"class_list":{"0":"post-12614","1":"product","2":"type-product","3":"status-publish","4":"has-post-thumbnail","6":"product_cat-neu-im-sortiment","7":"product_cat-rockii-hybriden","9":"first","10":"instock","11":"taxable","12":"shipping-taxable","13":"purchasable","14":"product-type-simple"},"featured_image_urls":{"full":["https:\/\/pfingstrosen-paradies.de\/wp-content\/uploads\/Pink-Sensation-3.jpg",1280,960,false],"thumbnail":["https:\/\/pfingstrosen-paradies.de\/wp-content\/uploads\/Pink-Sensation-3-150x150.jpg",150,150,true],"medium":["https:\/\/pfingstrosen-paradies.de\/wp-content\/uploads\/Pink-Sensation-3-300x225.jpg",300,225,true],"medium_large":["https:\/\/pfingstrosen-paradies.de\/wp-content\/uploads\/Pink-Sensation-3-768x576.jpg",768,576,true],"large":["https:\/\/pfingstrosen-paradies.de\/wp-content\/uploads\/Pink-Sensation-3-1024x768.jpg",1024,768,true],"1536x1536":["https:\/\/pfingstrosen-paradies.de\/wp-content\/uploads\/Pink-Sensation-3.jpg",1280,960,false],"2048x2048":["https:\/\/pfingstrosen-paradies.de\/wp-content\/uploads\/Pink-Sensation-3.jpg",1280,960,false],"trp-custom-language-flag":["https:\/\/pfingstrosen-paradies.de\/wp-content\/uploads\/Pink-Sensation-3-16x12.jpg",16,12,true],"ptam-block-post-grid-landscape":["https:\/\/pfingstrosen-paradies.de\/wp-content\/uploads\/Pink-Sensation-3-600x400.jpg",600,400,true],"ptam-block-post-grid-square":["https:\/\/pfingstrosen-paradies.de\/wp-content\/uploads\/Pink-Sensation-3-600x600.jpg",600,600,true],"ptam-block-post-grid-featured-landscape":["https:\/\/pfingstrosen-paradies.de\/wp-content\/uploads\/Pink-Sensation-3-1000x600.jpg",1000,600,true],"woocommerce_archive_thumbnail":["https:\/\/pfingstrosen-paradies.de\/wp-content\/uploads\/Pink-Sensation-3-400x350.jpg",400,350,true],"woocommerce_thumbnail":["https:\/\/pfingstrosen-paradies.de\/wp-content\/uploads\/Pink-Sensation-3-400x350.jpg",400,350,true],"woocommerce_single":["https:\/\/pfingstrosen-paradies.de\/wp-content\/uploads\/Pink-Sensation-3-1200x900.jpg",1200,900,true],"woocommerce_gallery_thumbnail":["https:\/\/pfingstrosen-paradies.de\/wp-content\/uploads\/Pink-Sensation-3-100x100.jpg",100,100,true]},"post_excerpt_stackable":"<p>Eine von uns selektierte Rockii-Sorte die sich durch eine tolle Bl\u00fctenf\u00fcllung und eine kr\u00e4ftig rosa Farbe auszeichnet. Der Wuchs ist kr\u00e4ftig und gut verzweigt bei einer H\u00f6he bis 120 cm. Die Bl\u00fcten sind halb gef\u00fcllt bis ganz gef\u00fcllt und haben einen angenehmen Duft. F\u00fcr die Rockiis typisches fein geschlitztes Laub und fr\u00fche Bl\u00fctezeit.<\/p>\n","category_list":"","author_info":{"name":"","url":""},"comments_num":"0 comments","featured_image_urls_v2":{"full":["https:\/\/pfingstrosen-paradies.de\/wp-content\/uploads\/Pink-Sensation-3.jpg",1280,960,false],"thumbnail":["https:\/\/pfingstrosen-paradies.de\/wp-content\/uploads\/Pink-Sensation-3-150x150.jpg",150,150,true],"medium":["https:\/\/pfingstrosen-paradies.de\/wp-content\/uploads\/Pink-Sensation-3-300x225.jpg",300,225,true],"medium_large":["https:\/\/pfingstrosen-paradies.de\/wp-content\/uploads\/Pink-Sensation-3-768x576.jpg",768,576,true],"large":["https:\/\/pfingstrosen-paradies.de\/wp-content\/uploads\/Pink-Sensation-3-1024x768.jpg",1024,768,true],"1536x1536":["https:\/\/pfingstrosen-paradies.de\/wp-content\/uploads\/Pink-Sensation-3.jpg",1280,960,false],"2048x2048":["https:\/\/pfingstrosen-paradies.de\/wp-content\/uploads\/Pink-Sensation-3.jpg",1280,960,false],"trp-custom-language-flag":["https:\/\/pfingstrosen-paradies.de\/wp-content\/uploads\/Pink-Sensation-3-16x12.jpg",16,12,true],"ptam-block-post-grid-landscape":["https:\/\/pfingstrosen-paradies.de\/wp-content\/uploads\/Pink-Sensation-3-600x400.jpg",600,400,true],"ptam-block-post-grid-square":["https:\/\/pfingstrosen-paradies.de\/wp-content\/uploads\/Pink-Sensation-3-600x600.jpg",600,600,true],"ptam-block-post-grid-featured-landscape":["https:\/\/pfingstrosen-paradies.de\/wp-content\/uploads\/Pink-Sensation-3-1000x600.jpg",1000,600,true],"woocommerce_archive_thumbnail":["https:\/\/pfingstrosen-paradies.de\/wp-content\/uploads\/Pink-Sensation-3-400x350.jpg",400,350,true],"woocommerce_thumbnail":["https:\/\/pfingstrosen-paradies.de\/wp-content\/uploads\/Pink-Sensation-3-400x350.jpg",400,350,true],"woocommerce_single":["https:\/\/pfingstrosen-paradies.de\/wp-content\/uploads\/Pink-Sensation-3-1200x900.jpg",1200,900,true],"woocommerce_gallery_thumbnail":["https:\/\/pfingstrosen-paradies.de\/wp-content\/uploads\/Pink-Sensation-3-100x100.jpg",100,100,true]},"post_excerpt_stackable_v2":"<p>Eine von uns selektierte Rockii-Sorte die sich durch eine tolle Bl\u00fctenf\u00fcllung und eine kr\u00e4ftig rosa Farbe auszeichnet. Der Wuchs ist kr\u00e4ftig und gut verzweigt bei einer H\u00f6he bis 120 cm. Die Bl\u00fcten sind halb gef\u00fcllt bis ganz gef\u00fcllt und haben einen angenehmen Duft. F\u00fcr die Rockiis typisches fein geschlitztes Laub und fr\u00fche Bl\u00fctezeit.<\/p>\n","category_list_v2":"","author_info_v2":{"name":"","url":""},"comments_num_v2":"0 comments","yoast_head":"<!-- This site is optimized with the Yoast SEO plugin v27.3 - https:\/\/yoast.com\/product\/yoast-seo-wordpress\/ -->\n<title>Paeonia &#039;Pink Sensation&#039; | Pfingstrosen-Paradies Tetzlaff<\/title>\n<meta name=\"description\" content=\"Neuheiten, Rockii-Hybriden | Eine von uns selektierte Rockii-Sorte die sich durch eine tolle Bl\u00fctenf\u00fcllung und eine kr\u00e4ftig rosa Farbe auszeichnet. Der Wuchs ist kr\u00e4ftig und gut\" \/>\n<meta name=\"robots\" content=\"index, follow, max-snippet:-1, max-image-preview:large, max-video-preview:-1\" \/>\n<link rel=\"canonical\" href=\"https:\/\/pfingstrosen-paradies.de\/en\/shop\/baumpaeonien\/rockii-hybriden\/pink-sensation\/\" \/>\n<meta property=\"og:locale\" content=\"en_GB\" \/>\n<meta property=\"og:type\" content=\"article\" \/>\n<meta property=\"og:title\" content=\"Paeonia &#039;Pink Sensation&#039; | Pfingstrosen-Paradies Tetzlaff\" \/>\n<meta property=\"og:description\" content=\"Neuheiten, Rockii-Hybriden | Eine von uns selektierte Rockii-Sorte die sich durch eine tolle Bl\u00fctenf\u00fcllung und eine kr\u00e4ftig rosa Farbe auszeichnet. Der Wuchs ist kr\u00e4ftig und gut\" \/>\n<meta property=\"og:url\" content=\"https:\/\/pfingstrosen-paradies.de\/en\/shop\/baumpaeonien\/rockii-hybriden\/pink-sensation\/\" \/>\n<meta property=\"og:site_name\" content=\"Pfingstrosen-Paradies\" \/>\n<meta property=\"article:modified_time\" content=\"2026-04-13T07:58:12+00:00\" \/>\n<meta property=\"og:image\" content=\"https:\/\/pfingstrosen-paradies.de\/wp-content\/uploads\/Pink-Sensation-3.jpg\" \/>\n\t<meta property=\"og:image:width\" content=\"1280\" \/>\n\t<meta property=\"og:image:height\" content=\"960\" \/>\n\t<meta property=\"og:image:type\" content=\"image\/jpeg\" \/>\n<meta name=\"twitter:card\" content=\"summary_large_image\" \/>\n<meta name=\"twitter:label1\" content=\"Estimated reading time\" \/>\n\t<meta name=\"twitter:data1\" content=\"1 minute\" \/>\n<script type=\"application\/ld+json\" class=\"yoast-schema-graph\">{\"@context\":\"https:\\\/\\\/schema.org\",\"@graph\":[{\"@type\":\"WebPage\",\"@id\":\"https:\\\/\\\/pfingstrosen-paradies.de\\\/shop\\\/baumpaeonien\\\/rockii-hybriden\\\/pink-sensation\\\/\",\"url\":\"https:\\\/\\\/pfingstrosen-paradies.de\\\/shop\\\/baumpaeonien\\\/rockii-hybriden\\\/pink-sensation\\\/\",\"name\":\"Paeonia 'Pink Sensation' | Pfingstrosen-Paradies Tetzlaff\",\"isPartOf\":{\"@id\":\"https:\\\/\\\/pfingstrosen-paradies.de\\\/#website\"},\"primaryImageOfPage\":{\"@id\":\"https:\\\/\\\/pfingstrosen-paradies.de\\\/shop\\\/baumpaeonien\\\/rockii-hybriden\\\/pink-sensation\\\/#primaryimage\"},\"image\":{\"@id\":\"https:\\\/\\\/pfingstrosen-paradies.de\\\/shop\\\/baumpaeonien\\\/rockii-hybriden\\\/pink-sensation\\\/#primaryimage\"},\"thumbnailUrl\":\"https:\\\/\\\/pfingstrosen-paradies.de\\\/wp-content\\\/uploads\\\/Pink-Sensation-3.jpg\",\"datePublished\":\"2024-01-14T19:57:19+00:00\",\"dateModified\":\"2026-04-13T07:58:12+00:00\",\"description\":\"Neuheiten, Rockii-Hybriden | Eine von uns selektierte Rockii-Sorte die sich durch eine tolle Bl\u00fctenf\u00fcllung und eine kr\u00e4ftig rosa Farbe auszeichnet. Der Wuchs ist kr\u00e4ftig und gut\",\"breadcrumb\":{\"@id\":\"https:\\\/\\\/pfingstrosen-paradies.de\\\/shop\\\/baumpaeonien\\\/rockii-hybriden\\\/pink-sensation\\\/#breadcrumb\"},\"inLanguage\":\"en-GB\",\"potentialAction\":[{\"@type\":\"ReadAction\",\"target\":[\"https:\\\/\\\/pfingstrosen-paradies.de\\\/shop\\\/baumpaeonien\\\/rockii-hybriden\\\/pink-sensation\\\/\"]}]},{\"@type\":\"ImageObject\",\"inLanguage\":\"en-GB\",\"@id\":\"https:\\\/\\\/pfingstrosen-paradies.de\\\/shop\\\/baumpaeonien\\\/rockii-hybriden\\\/pink-sensation\\\/#primaryimage\",\"url\":\"https:\\\/\\\/pfingstrosen-paradies.de\\\/wp-content\\\/uploads\\\/Pink-Sensation-3.jpg\",\"contentUrl\":\"https:\\\/\\\/pfingstrosen-paradies.de\\\/wp-content\\\/uploads\\\/Pink-Sensation-3.jpg\",\"width\":1280,\"height\":960,\"caption\":\"Pink Sensation\"},{\"@type\":\"BreadcrumbList\",\"@id\":\"https:\\\/\\\/pfingstrosen-paradies.de\\\/shop\\\/baumpaeonien\\\/rockii-hybriden\\\/pink-sensation\\\/#breadcrumb\",\"itemListElement\":[{\"@type\":\"ListItem\",\"position\":1,\"name\":\"Start\",\"item\":\"https:\\\/\\\/pfingstrosen-paradies.de\\\/\"},{\"@type\":\"ListItem\",\"position\":2,\"name\":\"Shop\",\"item\":\"https:\\\/\\\/pfingstrosen-paradies.de\\\/shop\\\/\"},{\"@type\":\"ListItem\",\"position\":3,\"name\":\"Pink Sensation\"}]},{\"@type\":\"WebSite\",\"@id\":\"https:\\\/\\\/pfingstrosen-paradies.de\\\/#website\",\"url\":\"https:\\\/\\\/pfingstrosen-paradies.de\\\/\",\"name\":\"Pfingstrosen-Paradies\",\"description\":\"Fachg\u00e4rtnerei f\u00fcr Pfingstrosen\",\"publisher\":{\"@id\":\"https:\\\/\\\/pfingstrosen-paradies.de\\\/#organization\"},\"potentialAction\":[{\"@type\":\"SearchAction\",\"target\":{\"@type\":\"EntryPoint\",\"urlTemplate\":\"https:\\\/\\\/pfingstrosen-paradies.de\\\/?s={search_term_string}\"},\"query-input\":{\"@type\":\"PropertyValueSpecification\",\"valueRequired\":true,\"valueName\":\"search_term_string\"}}],\"inLanguage\":\"en-GB\"},{\"@type\":\"Organization\",\"@id\":\"https:\\\/\\\/pfingstrosen-paradies.de\\\/#organization\",\"name\":\"Pfingstrosen-Paradies\",\"url\":\"https:\\\/\\\/pfingstrosen-paradies.de\\\/\",\"logo\":{\"@type\":\"ImageObject\",\"inLanguage\":\"en-GB\",\"@id\":\"https:\\\/\\\/pfingstrosen-paradies.de\\\/#\\\/schema\\\/logo\\\/image\\\/\",\"url\":\"https:\\\/\\\/pfingstrosen-paradies.de\\\/wp-content\\\/uploads\\\/2021\\\/02\\\/logo-pfingstrosen.png\",\"contentUrl\":\"https:\\\/\\\/pfingstrosen-paradies.de\\\/wp-content\\\/uploads\\\/2021\\\/02\\\/logo-pfingstrosen.png\",\"width\":1568,\"height\":366,\"caption\":\"Pfingstrosen-Paradies\"},\"image\":{\"@id\":\"https:\\\/\\\/pfingstrosen-paradies.de\\\/#\\\/schema\\\/logo\\\/image\\\/\"}}]}<\/script>\n<!-- \/ Yoast SEO plugin. -->","yoast_head_json":{"title":"Paeonia 'Pink Sensation' | Pfingstrosen-Paradies Tetzlaff","description":"Neuheiten, Rockii-Hybriden | Eine von uns selektierte Rockii-Sorte die sich durch eine tolle Bl\u00fctenf\u00fcllung und eine kr\u00e4ftig rosa Farbe auszeichnet. Der Wuchs ist kr\u00e4ftig und gut","robots":{"index":"index","follow":"follow","max-snippet":"max-snippet:-1","max-image-preview":"max-image-preview:large","max-video-preview":"max-video-preview:-1"},"canonical":"https:\/\/pfingstrosen-paradies.de\/en\/shop\/baumpaeonien\/rockii-hybriden\/pink-sensation\/","og_locale":"en_GB","og_type":"article","og_title":"Paeonia 'Pink Sensation' | Pfingstrosen-Paradies Tetzlaff","og_description":"Neuheiten, Rockii-Hybriden | Eine von uns selektierte Rockii-Sorte die sich durch eine tolle Bl\u00fctenf\u00fcllung und eine kr\u00e4ftig rosa Farbe auszeichnet. Der Wuchs ist kr\u00e4ftig und gut","og_url":"https:\/\/pfingstrosen-paradies.de\/en\/shop\/baumpaeonien\/rockii-hybriden\/pink-sensation\/","og_site_name":"Pfingstrosen-Paradies","article_modified_time":"2026-04-13T07:58:12+00:00","og_image":[{"width":1280,"height":960,"url":"https:\/\/pfingstrosen-paradies.de\/wp-content\/uploads\/Pink-Sensation-3.jpg","type":"image\/jpeg"}],"twitter_card":"summary_large_image","twitter_misc":{"Estimated reading time":"1 minute"},"schema":{"@context":"https:\/\/schema.org","@graph":[{"@type":"WebPage","@id":"https:\/\/pfingstrosen-paradies.de\/shop\/baumpaeonien\/rockii-hybriden\/pink-sensation\/","url":"https:\/\/pfingstrosen-paradies.de\/shop\/baumpaeonien\/rockii-hybriden\/pink-sensation\/","name":"Paeonia 'Pink Sensation' | Pfingstrosen-Paradies Tetzlaff","isPartOf":{"@id":"https:\/\/pfingstrosen-paradies.de\/#website"},"primaryImageOfPage":{"@id":"https:\/\/pfingstrosen-paradies.de\/shop\/baumpaeonien\/rockii-hybriden\/pink-sensation\/#primaryimage"},"image":{"@id":"https:\/\/pfingstrosen-paradies.de\/shop\/baumpaeonien\/rockii-hybriden\/pink-sensation\/#primaryimage"},"thumbnailUrl":"https:\/\/pfingstrosen-paradies.de\/wp-content\/uploads\/Pink-Sensation-3.jpg","datePublished":"2024-01-14T19:57:19+00:00","dateModified":"2026-04-13T07:58:12+00:00","description":"Neuheiten, Rockii-Hybriden | Eine von uns selektierte Rockii-Sorte die sich durch eine tolle Bl\u00fctenf\u00fcllung und eine kr\u00e4ftig rosa Farbe auszeichnet. Der Wuchs ist kr\u00e4ftig und gut","breadcrumb":{"@id":"https:\/\/pfingstrosen-paradies.de\/shop\/baumpaeonien\/rockii-hybriden\/pink-sensation\/#breadcrumb"},"inLanguage":"en-GB","potentialAction":[{"@type":"ReadAction","target":["https:\/\/pfingstrosen-paradies.de\/shop\/baumpaeonien\/rockii-hybriden\/pink-sensation\/"]}]},{"@type":"ImageObject","inLanguage":"en-GB","@id":"https:\/\/pfingstrosen-paradies.de\/shop\/baumpaeonien\/rockii-hybriden\/pink-sensation\/#primaryimage","url":"https:\/\/pfingstrosen-paradies.de\/wp-content\/uploads\/Pink-Sensation-3.jpg","contentUrl":"https:\/\/pfingstrosen-paradies.de\/wp-content\/uploads\/Pink-Sensation-3.jpg","width":1280,"height":960,"caption":"Pink Sensation"},{"@type":"BreadcrumbList","@id":"https:\/\/pfingstrosen-paradies.de\/shop\/baumpaeonien\/rockii-hybriden\/pink-sensation\/#breadcrumb","itemListElement":[{"@type":"ListItem","position":1,"name":"Start","item":"https:\/\/pfingstrosen-paradies.de\/"},{"@type":"ListItem","position":2,"name":"Shop","item":"https:\/\/pfingstrosen-paradies.de\/shop\/"},{"@type":"ListItem","position":3,"name":"Pink Sensation"}]},{"@type":"WebSite","@id":"https:\/\/pfingstrosen-paradies.de\/#website","url":"https:\/\/pfingstrosen-paradies.de\/","name":"Pfingstrosen-Paradies","description":"Fachg\u00e4rtnerei f\u00fcr Pfingstrosen","publisher":{"@id":"https:\/\/pfingstrosen-paradies.de\/#organization"},"potentialAction":[{"@type":"SearchAction","target":{"@type":"EntryPoint","urlTemplate":"https:\/\/pfingstrosen-paradies.de\/?s={search_term_string}"},"query-input":{"@type":"PropertyValueSpecification","valueRequired":true,"valueName":"search_term_string"}}],"inLanguage":"en-GB"},{"@type":"Organization","@id":"https:\/\/pfingstrosen-paradies.de\/#organization","name":"Pfingstrosen-Paradies","url":"https:\/\/pfingstrosen-paradies.de\/","logo":{"@type":"ImageObject","inLanguage":"en-GB","@id":"https:\/\/pfingstrosen-paradies.de\/#\/schema\/logo\/image\/","url":"https:\/\/pfingstrosen-paradies.de\/wp-content\/uploads\/2021\/02\/logo-pfingstrosen.png","contentUrl":"https:\/\/pfingstrosen-paradies.de\/wp-content\/uploads\/2021\/02\/logo-pfingstrosen.png","width":1568,"height":366,"caption":"Pfingstrosen-Paradies"},"image":{"@id":"https:\/\/pfingstrosen-paradies.de\/#\/schema\/logo\/image\/"}}]}},"_links":{"self":[{"href":"https:\/\/pfingstrosen-paradies.de\/en\/wp-json\/wp\/v2\/product\/12614","targetHints":{"allow":["GET"]}}],"collection":[{"href":"https:\/\/pfingstrosen-paradies.de\/en\/wp-json\/wp\/v2\/product"}],"about":[{"href":"https:\/\/pfingstrosen-paradies.de\/en\/wp-json\/wp\/v2\/types\/product"}],"wp:featuredmedia":[{"embeddable":true,"href":"https:\/\/pfingstrosen-paradies.de\/en\/wp-json\/wp\/v2\/media\/21047"}],"wp:attachment":[{"href":"https:\/\/pfingstrosen-paradies.de\/en\/wp-json\/wp\/v2\/media?parent=12614"}],"wp:term":[{"taxonomy":"product_brand","embeddable":true,"href":"https:\/\/pfingstrosen-paradies.de\/en\/wp-json\/wp\/v2\/product_brand?post=12614"},{"taxonomy":"product_cat","embeddable":true,"href":"https:\/\/pfingstrosen-paradies.de\/en\/wp-json\/wp\/v2\/product_cat?post=12614"},{"taxonomy":"product_tag","embeddable":true,"href":"https:\/\/pfingstrosen-paradies.de\/en\/wp-json\/wp\/v2\/product_tag?post=12614"}],"curies":[{"name":"wp","href":"https:\/\/api.w.org\/{rel}","templated":true}]}}