{"id":12623,"date":"2024-01-15T15:29:07","date_gmt":"2024-01-15T14:29:07","guid":{"rendered":"https:\/\/pfingstrosen-paradies.de\/?post_type=product&#038;p=12623"},"modified":"2026-04-24T12:44:12","modified_gmt":"2026-04-24T10:44:12","slug":"long-yuan-zhuang-shi","status":"publish","type":"product","link":"https:\/\/pfingstrosen-paradies.de\/en\/shop\/baumpaeonien\/rockii-hybriden\/long-yuan-zhuang-shi\/","title":{"rendered":"Long Yuan Zhuang Shi"},"content":{"rendered":"<p>&#8218;Long Yuan Zhuang Shi&#8216; ist eine eindrucksvolle Rockii-Sorte die sich besonders durch ihre zartrosa halb gef\u00fcllten Bl\u00fcten auszeichnet. Sie besitzt den f\u00fcr die Rockiis typischen, kr\u00e4ftig verzweigten Wuchs und kann bis 150 cm gro\u00df werden. Das Laub ist fein geschlitzt und bleibt lange gesund gr\u00fcn. Bl\u00fctendurchmesser 15-18 cm<\/p>","protected":false},"excerpt":{"rendered":"<p>&#8218;Long Yuan Zhuang Shi&#8216; ist eine eindrucksvolle Rockii-Sorte die sich besonders durch ihre zartrosa halb gef\u00fcllten Bl\u00fcten auszeichnet. Sie besitzt den f\u00fcr die Rockiis typischen, kr\u00e4ftig verzweigten Wuchs und kann bis 150 cm gro\u00df werden. Das Laub ist fein geschlitzt und bleibt lange gesund gr\u00fcn. Bl\u00fctendurchmesser 15-18 cm<\/p>","protected":false},"featured_media":12624,"template":"","meta":[],"product_brand":[],"product_cat":[35,34],"product_tag":[],"class_list":{"0":"post-12623","1":"product","2":"type-product","3":"status-publish","4":"has-post-thumbnail","6":"product_cat-rockii-hybriden","7":"product_cat-baumpaeonien","9":"first","10":"instock","11":"taxable","12":"shipping-taxable","13":"purchasable","14":"product-type-simple"},"featured_image_urls":{"full":["https:\/\/pfingstrosen-paradies.de\/wp-content\/uploads\/Long-Yuan-Zhuang-Shi.jpg",800,600,false],"thumbnail":["https:\/\/pfingstrosen-paradies.de\/wp-content\/uploads\/Long-Yuan-Zhuang-Shi-150x150.jpg",150,150,true],"medium":["https:\/\/pfingstrosen-paradies.de\/wp-content\/uploads\/Long-Yuan-Zhuang-Shi-300x225.jpg",300,225,true],"medium_large":["https:\/\/pfingstrosen-paradies.de\/wp-content\/uploads\/Long-Yuan-Zhuang-Shi-768x576.jpg",768,576,true],"large":["https:\/\/pfingstrosen-paradies.de\/wp-content\/uploads\/Long-Yuan-Zhuang-Shi.jpg",800,600,false],"1536x1536":["https:\/\/pfingstrosen-paradies.de\/wp-content\/uploads\/Long-Yuan-Zhuang-Shi.jpg",800,600,false],"2048x2048":["https:\/\/pfingstrosen-paradies.de\/wp-content\/uploads\/Long-Yuan-Zhuang-Shi.jpg",800,600,false],"trp-custom-language-flag":["https:\/\/pfingstrosen-paradies.de\/wp-content\/uploads\/Long-Yuan-Zhuang-Shi-16x12.jpg",16,12,true],"ptam-block-post-grid-landscape":["https:\/\/pfingstrosen-paradies.de\/wp-content\/uploads\/Long-Yuan-Zhuang-Shi-600x400.jpg",600,400,true],"ptam-block-post-grid-square":["https:\/\/pfingstrosen-paradies.de\/wp-content\/uploads\/Long-Yuan-Zhuang-Shi-600x600.jpg",600,600,true],"ptam-block-post-grid-featured-landscape":["https:\/\/pfingstrosen-paradies.de\/wp-content\/uploads\/Long-Yuan-Zhuang-Shi.jpg",800,600,false],"woocommerce_archive_thumbnail":["https:\/\/pfingstrosen-paradies.de\/wp-content\/uploads\/Long-Yuan-Zhuang-Shi-400x350.jpg",400,350,true],"woocommerce_thumbnail":["https:\/\/pfingstrosen-paradies.de\/wp-content\/uploads\/Long-Yuan-Zhuang-Shi-400x350.jpg",400,350,true],"woocommerce_single":["https:\/\/pfingstrosen-paradies.de\/wp-content\/uploads\/Long-Yuan-Zhuang-Shi.jpg",800,600,false],"woocommerce_gallery_thumbnail":["https:\/\/pfingstrosen-paradies.de\/wp-content\/uploads\/Long-Yuan-Zhuang-Shi-100x100.jpg",100,100,true]},"post_excerpt_stackable":"<p>&#8218;Long Yuan Zhuang Shi&#8216; ist eine eindrucksvolle Rockii-Sorte die sich besonders durch ihre zartrosa halb gef\u00fcllten Bl\u00fcten auszeichnet. Sie besitzt den f\u00fcr die Rockiis typischen, kr\u00e4ftig verzweigten Wuchs und kann bis 150 cm gro\u00df werden. Das Laub ist fein geschlitzt und bleibt lange gesund gr\u00fcn. Bl\u00fctendurchmesser 15-18 cm<\/p>\n","category_list":"","author_info":{"name":"","url":""},"comments_num":"0 comments","featured_image_urls_v2":{"full":["https:\/\/pfingstrosen-paradies.de\/wp-content\/uploads\/Long-Yuan-Zhuang-Shi.jpg",800,600,false],"thumbnail":["https:\/\/pfingstrosen-paradies.de\/wp-content\/uploads\/Long-Yuan-Zhuang-Shi-150x150.jpg",150,150,true],"medium":["https:\/\/pfingstrosen-paradies.de\/wp-content\/uploads\/Long-Yuan-Zhuang-Shi-300x225.jpg",300,225,true],"medium_large":["https:\/\/pfingstrosen-paradies.de\/wp-content\/uploads\/Long-Yuan-Zhuang-Shi-768x576.jpg",768,576,true],"large":["https:\/\/pfingstrosen-paradies.de\/wp-content\/uploads\/Long-Yuan-Zhuang-Shi.jpg",800,600,false],"1536x1536":["https:\/\/pfingstrosen-paradies.de\/wp-content\/uploads\/Long-Yuan-Zhuang-Shi.jpg",800,600,false],"2048x2048":["https:\/\/pfingstrosen-paradies.de\/wp-content\/uploads\/Long-Yuan-Zhuang-Shi.jpg",800,600,false],"trp-custom-language-flag":["https:\/\/pfingstrosen-paradies.de\/wp-content\/uploads\/Long-Yuan-Zhuang-Shi-16x12.jpg",16,12,true],"ptam-block-post-grid-landscape":["https:\/\/pfingstrosen-paradies.de\/wp-content\/uploads\/Long-Yuan-Zhuang-Shi-600x400.jpg",600,400,true],"ptam-block-post-grid-square":["https:\/\/pfingstrosen-paradies.de\/wp-content\/uploads\/Long-Yuan-Zhuang-Shi-600x600.jpg",600,600,true],"ptam-block-post-grid-featured-landscape":["https:\/\/pfingstrosen-paradies.de\/wp-content\/uploads\/Long-Yuan-Zhuang-Shi.jpg",800,600,false],"woocommerce_archive_thumbnail":["https:\/\/pfingstrosen-paradies.de\/wp-content\/uploads\/Long-Yuan-Zhuang-Shi-400x350.jpg",400,350,true],"woocommerce_thumbnail":["https:\/\/pfingstrosen-paradies.de\/wp-content\/uploads\/Long-Yuan-Zhuang-Shi-400x350.jpg",400,350,true],"woocommerce_single":["https:\/\/pfingstrosen-paradies.de\/wp-content\/uploads\/Long-Yuan-Zhuang-Shi.jpg",800,600,false],"woocommerce_gallery_thumbnail":["https:\/\/pfingstrosen-paradies.de\/wp-content\/uploads\/Long-Yuan-Zhuang-Shi-100x100.jpg",100,100,true]},"post_excerpt_stackable_v2":"<p>&#8218;Long Yuan Zhuang Shi&#8216; ist eine eindrucksvolle Rockii-Sorte die sich besonders durch ihre zartrosa halb gef\u00fcllten Bl\u00fcten auszeichnet. Sie besitzt den f\u00fcr die Rockiis typischen, kr\u00e4ftig verzweigten Wuchs und kann bis 150 cm gro\u00df werden. Das Laub ist fein geschlitzt und bleibt lange gesund gr\u00fcn. Bl\u00fctendurchmesser 15-18 cm<\/p>\n","category_list_v2":"","author_info_v2":{"name":"","url":""},"comments_num_v2":"0 comments","yoast_head":"<!-- This site is optimized with the Yoast SEO plugin v27.3 - https:\/\/yoast.com\/product\/yoast-seo-wordpress\/ -->\n<title>Paeonia &#039;Long Yuan Zhuang Shi&#039; | Pfingstrosen-Paradies Tetzlaff<\/title>\n<meta name=\"description\" content=\"Rockii-Hybriden, Strauchp\u00e4onien | &#039;Long Yuan Zhuang Shi&#039; ist eine eindrucksvolle Rockii-Sorte die sich besonders durch ihre zartrosa halb gef\u00fcllten Bl\u00fcten auszeichnet. Sie besitzt den f\u00fcr\" \/>\n<meta name=\"robots\" content=\"index, follow, max-snippet:-1, max-image-preview:large, max-video-preview:-1\" \/>\n<link rel=\"canonical\" href=\"https:\/\/pfingstrosen-paradies.de\/en\/shop\/baumpaeonien\/rockii-hybriden\/long-yuan-zhuang-shi\/\" \/>\n<meta property=\"og:locale\" content=\"en_GB\" \/>\n<meta property=\"og:type\" content=\"article\" \/>\n<meta property=\"og:title\" content=\"Paeonia &#039;Long Yuan Zhuang Shi&#039; | Pfingstrosen-Paradies Tetzlaff\" \/>\n<meta property=\"og:description\" content=\"Rockii-Hybriden, Strauchp\u00e4onien | &#039;Long Yuan Zhuang Shi&#039; ist eine eindrucksvolle Rockii-Sorte die sich besonders durch ihre zartrosa halb gef\u00fcllten Bl\u00fcten auszeichnet. Sie besitzt den f\u00fcr\" \/>\n<meta property=\"og:url\" content=\"https:\/\/pfingstrosen-paradies.de\/en\/shop\/baumpaeonien\/rockii-hybriden\/long-yuan-zhuang-shi\/\" \/>\n<meta property=\"og:site_name\" content=\"Pfingstrosen-Paradies\" \/>\n<meta property=\"article:modified_time\" content=\"2026-04-24T10:44:12+00:00\" \/>\n<meta property=\"og:image\" content=\"https:\/\/pfingstrosen-paradies.de\/wp-content\/uploads\/Long-Yuan-Zhuang-Shi.jpg\" \/>\n\t<meta property=\"og:image:width\" content=\"800\" \/>\n\t<meta property=\"og:image:height\" content=\"600\" \/>\n\t<meta property=\"og:image:type\" content=\"image\/jpeg\" \/>\n<meta name=\"twitter:card\" content=\"summary_large_image\" \/>\n<meta name=\"twitter:label1\" content=\"Estimated reading time\" \/>\n\t<meta name=\"twitter:data1\" content=\"1 minute\" \/>\n<script type=\"application\/ld+json\" class=\"yoast-schema-graph\">{\"@context\":\"https:\\\/\\\/schema.org\",\"@graph\":[{\"@type\":\"WebPage\",\"@id\":\"https:\\\/\\\/pfingstrosen-paradies.de\\\/shop\\\/baumpaeonien\\\/rockii-hybriden\\\/long-yuan-zhuang-shi\\\/\",\"url\":\"https:\\\/\\\/pfingstrosen-paradies.de\\\/shop\\\/baumpaeonien\\\/rockii-hybriden\\\/long-yuan-zhuang-shi\\\/\",\"name\":\"Paeonia 'Long Yuan Zhuang Shi' | Pfingstrosen-Paradies Tetzlaff\",\"isPartOf\":{\"@id\":\"https:\\\/\\\/pfingstrosen-paradies.de\\\/#website\"},\"primaryImageOfPage\":{\"@id\":\"https:\\\/\\\/pfingstrosen-paradies.de\\\/shop\\\/baumpaeonien\\\/rockii-hybriden\\\/long-yuan-zhuang-shi\\\/#primaryimage\"},\"image\":{\"@id\":\"https:\\\/\\\/pfingstrosen-paradies.de\\\/shop\\\/baumpaeonien\\\/rockii-hybriden\\\/long-yuan-zhuang-shi\\\/#primaryimage\"},\"thumbnailUrl\":\"https:\\\/\\\/pfingstrosen-paradies.de\\\/wp-content\\\/uploads\\\/Long-Yuan-Zhuang-Shi.jpg\",\"datePublished\":\"2024-01-15T14:29:07+00:00\",\"dateModified\":\"2026-04-24T10:44:12+00:00\",\"description\":\"Rockii-Hybriden, Strauchp\u00e4onien | 'Long Yuan Zhuang Shi' ist eine eindrucksvolle Rockii-Sorte die sich besonders durch ihre zartrosa halb gef\u00fcllten Bl\u00fcten auszeichnet. Sie besitzt den f\u00fcr\",\"breadcrumb\":{\"@id\":\"https:\\\/\\\/pfingstrosen-paradies.de\\\/shop\\\/baumpaeonien\\\/rockii-hybriden\\\/long-yuan-zhuang-shi\\\/#breadcrumb\"},\"inLanguage\":\"en-GB\",\"potentialAction\":[{\"@type\":\"ReadAction\",\"target\":[\"https:\\\/\\\/pfingstrosen-paradies.de\\\/shop\\\/baumpaeonien\\\/rockii-hybriden\\\/long-yuan-zhuang-shi\\\/\"]}]},{\"@type\":\"ImageObject\",\"inLanguage\":\"en-GB\",\"@id\":\"https:\\\/\\\/pfingstrosen-paradies.de\\\/shop\\\/baumpaeonien\\\/rockii-hybriden\\\/long-yuan-zhuang-shi\\\/#primaryimage\",\"url\":\"https:\\\/\\\/pfingstrosen-paradies.de\\\/wp-content\\\/uploads\\\/Long-Yuan-Zhuang-Shi.jpg\",\"contentUrl\":\"https:\\\/\\\/pfingstrosen-paradies.de\\\/wp-content\\\/uploads\\\/Long-Yuan-Zhuang-Shi.jpg\",\"width\":800,\"height\":600,\"caption\":\"Long Yuan Zhuang Shi\"},{\"@type\":\"BreadcrumbList\",\"@id\":\"https:\\\/\\\/pfingstrosen-paradies.de\\\/shop\\\/baumpaeonien\\\/rockii-hybriden\\\/long-yuan-zhuang-shi\\\/#breadcrumb\",\"itemListElement\":[{\"@type\":\"ListItem\",\"position\":1,\"name\":\"Start\",\"item\":\"https:\\\/\\\/pfingstrosen-paradies.de\\\/\"},{\"@type\":\"ListItem\",\"position\":2,\"name\":\"Shop\",\"item\":\"https:\\\/\\\/pfingstrosen-paradies.de\\\/shop\\\/\"},{\"@type\":\"ListItem\",\"position\":3,\"name\":\"Long Yuan Zhuang Shi\"}]},{\"@type\":\"WebSite\",\"@id\":\"https:\\\/\\\/pfingstrosen-paradies.de\\\/#website\",\"url\":\"https:\\\/\\\/pfingstrosen-paradies.de\\\/\",\"name\":\"Pfingstrosen-Paradies\",\"description\":\"Fachg\u00e4rtnerei f\u00fcr Pfingstrosen\",\"publisher\":{\"@id\":\"https:\\\/\\\/pfingstrosen-paradies.de\\\/#organization\"},\"potentialAction\":[{\"@type\":\"SearchAction\",\"target\":{\"@type\":\"EntryPoint\",\"urlTemplate\":\"https:\\\/\\\/pfingstrosen-paradies.de\\\/?s={search_term_string}\"},\"query-input\":{\"@type\":\"PropertyValueSpecification\",\"valueRequired\":true,\"valueName\":\"search_term_string\"}}],\"inLanguage\":\"en-GB\"},{\"@type\":\"Organization\",\"@id\":\"https:\\\/\\\/pfingstrosen-paradies.de\\\/#organization\",\"name\":\"Pfingstrosen-Paradies\",\"url\":\"https:\\\/\\\/pfingstrosen-paradies.de\\\/\",\"logo\":{\"@type\":\"ImageObject\",\"inLanguage\":\"en-GB\",\"@id\":\"https:\\\/\\\/pfingstrosen-paradies.de\\\/#\\\/schema\\\/logo\\\/image\\\/\",\"url\":\"https:\\\/\\\/pfingstrosen-paradies.de\\\/wp-content\\\/uploads\\\/2021\\\/02\\\/logo-pfingstrosen.png\",\"contentUrl\":\"https:\\\/\\\/pfingstrosen-paradies.de\\\/wp-content\\\/uploads\\\/2021\\\/02\\\/logo-pfingstrosen.png\",\"width\":1568,\"height\":366,\"caption\":\"Pfingstrosen-Paradies\"},\"image\":{\"@id\":\"https:\\\/\\\/pfingstrosen-paradies.de\\\/#\\\/schema\\\/logo\\\/image\\\/\"}}]}<\/script>\n<!-- \/ Yoast SEO plugin. -->","yoast_head_json":{"title":"Paeonia 'Long Yuan Zhuang Shi' | Pfingstrosen-Paradies Tetzlaff","description":"Rockii-Hybriden, Strauchp\u00e4onien | 'Long Yuan Zhuang Shi' ist eine eindrucksvolle Rockii-Sorte die sich besonders durch ihre zartrosa halb gef\u00fcllten Bl\u00fcten auszeichnet. Sie besitzt den f\u00fcr","robots":{"index":"index","follow":"follow","max-snippet":"max-snippet:-1","max-image-preview":"max-image-preview:large","max-video-preview":"max-video-preview:-1"},"canonical":"https:\/\/pfingstrosen-paradies.de\/en\/shop\/baumpaeonien\/rockii-hybriden\/long-yuan-zhuang-shi\/","og_locale":"en_GB","og_type":"article","og_title":"Paeonia 'Long Yuan Zhuang Shi' | Pfingstrosen-Paradies Tetzlaff","og_description":"Rockii-Hybriden, Strauchp\u00e4onien | 'Long Yuan Zhuang Shi' ist eine eindrucksvolle Rockii-Sorte die sich besonders durch ihre zartrosa halb gef\u00fcllten Bl\u00fcten auszeichnet. Sie besitzt den f\u00fcr","og_url":"https:\/\/pfingstrosen-paradies.de\/en\/shop\/baumpaeonien\/rockii-hybriden\/long-yuan-zhuang-shi\/","og_site_name":"Pfingstrosen-Paradies","article_modified_time":"2026-04-24T10:44:12+00:00","og_image":[{"width":800,"height":600,"url":"https:\/\/pfingstrosen-paradies.de\/wp-content\/uploads\/Long-Yuan-Zhuang-Shi.jpg","type":"image\/jpeg"}],"twitter_card":"summary_large_image","twitter_misc":{"Estimated reading time":"1 minute"},"schema":{"@context":"https:\/\/schema.org","@graph":[{"@type":"WebPage","@id":"https:\/\/pfingstrosen-paradies.de\/shop\/baumpaeonien\/rockii-hybriden\/long-yuan-zhuang-shi\/","url":"https:\/\/pfingstrosen-paradies.de\/shop\/baumpaeonien\/rockii-hybriden\/long-yuan-zhuang-shi\/","name":"Paeonia 'Long Yuan Zhuang Shi' | Pfingstrosen-Paradies Tetzlaff","isPartOf":{"@id":"https:\/\/pfingstrosen-paradies.de\/#website"},"primaryImageOfPage":{"@id":"https:\/\/pfingstrosen-paradies.de\/shop\/baumpaeonien\/rockii-hybriden\/long-yuan-zhuang-shi\/#primaryimage"},"image":{"@id":"https:\/\/pfingstrosen-paradies.de\/shop\/baumpaeonien\/rockii-hybriden\/long-yuan-zhuang-shi\/#primaryimage"},"thumbnailUrl":"https:\/\/pfingstrosen-paradies.de\/wp-content\/uploads\/Long-Yuan-Zhuang-Shi.jpg","datePublished":"2024-01-15T14:29:07+00:00","dateModified":"2026-04-24T10:44:12+00:00","description":"Rockii-Hybriden, Strauchp\u00e4onien | 'Long Yuan Zhuang Shi' ist eine eindrucksvolle Rockii-Sorte die sich besonders durch ihre zartrosa halb gef\u00fcllten Bl\u00fcten auszeichnet. Sie besitzt den f\u00fcr","breadcrumb":{"@id":"https:\/\/pfingstrosen-paradies.de\/shop\/baumpaeonien\/rockii-hybriden\/long-yuan-zhuang-shi\/#breadcrumb"},"inLanguage":"en-GB","potentialAction":[{"@type":"ReadAction","target":["https:\/\/pfingstrosen-paradies.de\/shop\/baumpaeonien\/rockii-hybriden\/long-yuan-zhuang-shi\/"]}]},{"@type":"ImageObject","inLanguage":"en-GB","@id":"https:\/\/pfingstrosen-paradies.de\/shop\/baumpaeonien\/rockii-hybriden\/long-yuan-zhuang-shi\/#primaryimage","url":"https:\/\/pfingstrosen-paradies.de\/wp-content\/uploads\/Long-Yuan-Zhuang-Shi.jpg","contentUrl":"https:\/\/pfingstrosen-paradies.de\/wp-content\/uploads\/Long-Yuan-Zhuang-Shi.jpg","width":800,"height":600,"caption":"Long Yuan Zhuang Shi"},{"@type":"BreadcrumbList","@id":"https:\/\/pfingstrosen-paradies.de\/shop\/baumpaeonien\/rockii-hybriden\/long-yuan-zhuang-shi\/#breadcrumb","itemListElement":[{"@type":"ListItem","position":1,"name":"Start","item":"https:\/\/pfingstrosen-paradies.de\/"},{"@type":"ListItem","position":2,"name":"Shop","item":"https:\/\/pfingstrosen-paradies.de\/shop\/"},{"@type":"ListItem","position":3,"name":"Long Yuan Zhuang Shi"}]},{"@type":"WebSite","@id":"https:\/\/pfingstrosen-paradies.de\/#website","url":"https:\/\/pfingstrosen-paradies.de\/","name":"Pfingstrosen-Paradies","description":"Fachg\u00e4rtnerei f\u00fcr Pfingstrosen","publisher":{"@id":"https:\/\/pfingstrosen-paradies.de\/#organization"},"potentialAction":[{"@type":"SearchAction","target":{"@type":"EntryPoint","urlTemplate":"https:\/\/pfingstrosen-paradies.de\/?s={search_term_string}"},"query-input":{"@type":"PropertyValueSpecification","valueRequired":true,"valueName":"search_term_string"}}],"inLanguage":"en-GB"},{"@type":"Organization","@id":"https:\/\/pfingstrosen-paradies.de\/#organization","name":"Pfingstrosen-Paradies","url":"https:\/\/pfingstrosen-paradies.de\/","logo":{"@type":"ImageObject","inLanguage":"en-GB","@id":"https:\/\/pfingstrosen-paradies.de\/#\/schema\/logo\/image\/","url":"https:\/\/pfingstrosen-paradies.de\/wp-content\/uploads\/2021\/02\/logo-pfingstrosen.png","contentUrl":"https:\/\/pfingstrosen-paradies.de\/wp-content\/uploads\/2021\/02\/logo-pfingstrosen.png","width":1568,"height":366,"caption":"Pfingstrosen-Paradies"},"image":{"@id":"https:\/\/pfingstrosen-paradies.de\/#\/schema\/logo\/image\/"}}]}},"_links":{"self":[{"href":"https:\/\/pfingstrosen-paradies.de\/en\/wp-json\/wp\/v2\/product\/12623","targetHints":{"allow":["GET"]}}],"collection":[{"href":"https:\/\/pfingstrosen-paradies.de\/en\/wp-json\/wp\/v2\/product"}],"about":[{"href":"https:\/\/pfingstrosen-paradies.de\/en\/wp-json\/wp\/v2\/types\/product"}],"wp:featuredmedia":[{"embeddable":true,"href":"https:\/\/pfingstrosen-paradies.de\/en\/wp-json\/wp\/v2\/media\/12624"}],"wp:attachment":[{"href":"https:\/\/pfingstrosen-paradies.de\/en\/wp-json\/wp\/v2\/media?parent=12623"}],"wp:term":[{"taxonomy":"product_brand","embeddable":true,"href":"https:\/\/pfingstrosen-paradies.de\/en\/wp-json\/wp\/v2\/product_brand?post=12623"},{"taxonomy":"product_cat","embeddable":true,"href":"https:\/\/pfingstrosen-paradies.de\/en\/wp-json\/wp\/v2\/product_cat?post=12623"},{"taxonomy":"product_tag","embeddable":true,"href":"https:\/\/pfingstrosen-paradies.de\/en\/wp-json\/wp\/v2\/product_tag?post=12623"}],"curies":[{"name":"wp","href":"https:\/\/api.w.org\/{rel}","templated":true}]}}