{"id":12641,"date":"2024-01-15T18:32:01","date_gmt":"2024-01-15T17:32:01","guid":{"rendered":"https:\/\/pfingstrosen-paradies.de\/?post_type=product&#038;p=12641"},"modified":"2026-03-29T17:57:58","modified_gmt":"2026-03-29T15:57:58","slug":"iris-lavender-landscape","status":"publish","type":"product","link":"https:\/\/pfingstrosen-paradies.de\/en\/shop\/neu-im-sortiment\/iris-lavender-landscape\/","title":{"rendered":"Iris x sibtosa &#8218;Lavender Landscape&#8216;"},"content":{"rendered":"<p>Mit &#8218;Lavender Landscape&#8216; ist dem Z\u00fcchter Tamberg ein absolutes Highlight in der Gruppe der Iris x sibtosa gelungen. Die Pflanze besitzt einen straff aufrechten Wuchs bei einer H\u00f6he von bis zu 150 cm. Pro Stiel k\u00f6nnen bis zu 7 Bl\u00fcten ausgebildet werden. Die Sorte ist sehr w\u00fcchsig. Hierdurch enststehen innerhalb von 1-2 Wuchsperioden majestetische Pflanzen, die eine wahre Fernwirkung im Garten entwickeln. Bevorzugt durchaus trockene Standorte<\/p>","protected":false},"excerpt":{"rendered":"<p>Mit &#8218;Lavender Landscape&#8216; ist dem Z\u00fcchter Tamberg ein absolutes Highlight in der Gruppe der Iris x sibtosa gelungen. Die Pflanze besitzt einen straff aufrechten Wuchs bei einer H\u00f6he von bis zu 150 cm. Pro Stiel k\u00f6nnen bis zu 7 Bl\u00fcten ausgebildet werden. Die Sorte ist sehr w\u00fcchsig. Hierdurch enststehen innerhalb von 1-2 Wuchsperioden majestetische Pflanzen, [&hellip;]<\/p>\n","protected":false},"featured_media":21728,"template":"","meta":[],"product_brand":[],"product_cat":[162,45],"product_tag":[],"class_list":{"0":"post-12641","1":"product","2":"type-product","3":"status-publish","4":"has-post-thumbnail","6":"product_cat-iris","7":"product_cat-neu-im-sortiment","9":"first","10":"instock","11":"taxable","12":"shipping-taxable","13":"purchasable","14":"product-type-simple"},"featured_image_urls":{"full":["https:\/\/pfingstrosen-paradies.de\/wp-content\/uploads\/Lavender-Landscape_2-1.jpg",1280,853,false],"thumbnail":["https:\/\/pfingstrosen-paradies.de\/wp-content\/uploads\/Lavender-Landscape_2-1-150x150.jpg",150,150,true],"medium":["https:\/\/pfingstrosen-paradies.de\/wp-content\/uploads\/Lavender-Landscape_2-1-300x200.jpg",300,200,true],"medium_large":["https:\/\/pfingstrosen-paradies.de\/wp-content\/uploads\/Lavender-Landscape_2-1-768x512.jpg",768,512,true],"large":["https:\/\/pfingstrosen-paradies.de\/wp-content\/uploads\/Lavender-Landscape_2-1-1024x682.jpg",1024,682,true],"1536x1536":["https:\/\/pfingstrosen-paradies.de\/wp-content\/uploads\/Lavender-Landscape_2-1.jpg",1280,853,false],"2048x2048":["https:\/\/pfingstrosen-paradies.de\/wp-content\/uploads\/Lavender-Landscape_2-1.jpg",1280,853,false],"trp-custom-language-flag":["https:\/\/pfingstrosen-paradies.de\/wp-content\/uploads\/Lavender-Landscape_2-1-18x12.jpg",18,12,true],"ptam-block-post-grid-landscape":["https:\/\/pfingstrosen-paradies.de\/wp-content\/uploads\/Lavender-Landscape_2-1-600x400.jpg",600,400,true],"ptam-block-post-grid-square":["https:\/\/pfingstrosen-paradies.de\/wp-content\/uploads\/Lavender-Landscape_2-1-600x600.jpg",600,600,true],"ptam-block-post-grid-featured-landscape":["https:\/\/pfingstrosen-paradies.de\/wp-content\/uploads\/Lavender-Landscape_2-1-1000x600.jpg",1000,600,true],"woocommerce_archive_thumbnail":["https:\/\/pfingstrosen-paradies.de\/wp-content\/uploads\/Lavender-Landscape_2-1-400x350.jpg",400,350,true],"woocommerce_thumbnail":["https:\/\/pfingstrosen-paradies.de\/wp-content\/uploads\/Lavender-Landscape_2-1-400x350.jpg",400,350,true],"woocommerce_single":["https:\/\/pfingstrosen-paradies.de\/wp-content\/uploads\/Lavender-Landscape_2-1-1200x800.jpg",1200,800,true],"woocommerce_gallery_thumbnail":["https:\/\/pfingstrosen-paradies.de\/wp-content\/uploads\/Lavender-Landscape_2-1-100x100.jpg",100,100,true]},"post_excerpt_stackable":"<p>Mit &#8218;Lavender Landscape&#8216; ist dem Z\u00fcchter Tamberg ein absolutes Highlight in der Gruppe der Iris x sibtosa gelungen. Die Pflanze besitzt einen straff aufrechten Wuchs bei einer H\u00f6he von bis zu 150 cm. Pro Stiel k\u00f6nnen bis zu 7 Bl\u00fcten ausgebildet werden. Die Sorte ist sehr w\u00fcchsig. Hierdurch enststehen innerhalb von 1-2 Wuchsperioden majestetische Pflanzen, die eine wahre Fernwirkung im Garten entwickeln. Bevorzugt durchaus trockene Standorte<\/p>\n","category_list":"","author_info":{"name":"","url":""},"comments_num":"0 comments","featured_image_urls_v2":{"full":["https:\/\/pfingstrosen-paradies.de\/wp-content\/uploads\/Lavender-Landscape_2-1.jpg",1280,853,false],"thumbnail":["https:\/\/pfingstrosen-paradies.de\/wp-content\/uploads\/Lavender-Landscape_2-1-150x150.jpg",150,150,true],"medium":["https:\/\/pfingstrosen-paradies.de\/wp-content\/uploads\/Lavender-Landscape_2-1-300x200.jpg",300,200,true],"medium_large":["https:\/\/pfingstrosen-paradies.de\/wp-content\/uploads\/Lavender-Landscape_2-1-768x512.jpg",768,512,true],"large":["https:\/\/pfingstrosen-paradies.de\/wp-content\/uploads\/Lavender-Landscape_2-1-1024x682.jpg",1024,682,true],"1536x1536":["https:\/\/pfingstrosen-paradies.de\/wp-content\/uploads\/Lavender-Landscape_2-1.jpg",1280,853,false],"2048x2048":["https:\/\/pfingstrosen-paradies.de\/wp-content\/uploads\/Lavender-Landscape_2-1.jpg",1280,853,false],"trp-custom-language-flag":["https:\/\/pfingstrosen-paradies.de\/wp-content\/uploads\/Lavender-Landscape_2-1-18x12.jpg",18,12,true],"ptam-block-post-grid-landscape":["https:\/\/pfingstrosen-paradies.de\/wp-content\/uploads\/Lavender-Landscape_2-1-600x400.jpg",600,400,true],"ptam-block-post-grid-square":["https:\/\/pfingstrosen-paradies.de\/wp-content\/uploads\/Lavender-Landscape_2-1-600x600.jpg",600,600,true],"ptam-block-post-grid-featured-landscape":["https:\/\/pfingstrosen-paradies.de\/wp-content\/uploads\/Lavender-Landscape_2-1-1000x600.jpg",1000,600,true],"woocommerce_archive_thumbnail":["https:\/\/pfingstrosen-paradies.de\/wp-content\/uploads\/Lavender-Landscape_2-1-400x350.jpg",400,350,true],"woocommerce_thumbnail":["https:\/\/pfingstrosen-paradies.de\/wp-content\/uploads\/Lavender-Landscape_2-1-400x350.jpg",400,350,true],"woocommerce_single":["https:\/\/pfingstrosen-paradies.de\/wp-content\/uploads\/Lavender-Landscape_2-1-1200x800.jpg",1200,800,true],"woocommerce_gallery_thumbnail":["https:\/\/pfingstrosen-paradies.de\/wp-content\/uploads\/Lavender-Landscape_2-1-100x100.jpg",100,100,true]},"post_excerpt_stackable_v2":"<p>Mit &#8218;Lavender Landscape&#8216; ist dem Z\u00fcchter Tamberg ein absolutes Highlight in der Gruppe der Iris x sibtosa gelungen. Die Pflanze besitzt einen straff aufrechten Wuchs bei einer H\u00f6he von bis zu 150 cm. Pro Stiel k\u00f6nnen bis zu 7 Bl\u00fcten ausgebildet werden. Die Sorte ist sehr w\u00fcchsig. Hierdurch enststehen innerhalb von 1-2 Wuchsperioden majestetische Pflanzen, die eine wahre Fernwirkung im Garten entwickeln. Bevorzugt durchaus trockene Standorte<\/p>\n","category_list_v2":"","author_info_v2":{"name":"","url":""},"comments_num_v2":"0 comments","yoast_head":"<!-- This site is optimized with the Yoast SEO plugin v27.1.1 - https:\/\/yoast.com\/product\/yoast-seo-wordpress\/ -->\n<title>Iris x sibtosa &#039;Lavender Landscape&#039; - Schwertlilie | Pfingstrosen-Paradies Tetzlaff<\/title>\n<meta name=\"description\" content=\"Iris - Schwertlilien, Neuheiten | Mit &#039;Lavender Landscape&#039; ist dem Z\u00fcchter Tamberg ein absolutes Highlight in der Gruppe der Iris x sibtosa gelungen. Die Pflanze besitzt einen straff\" \/>\n<meta name=\"robots\" content=\"index, follow, max-snippet:-1, max-image-preview:large, max-video-preview:-1\" \/>\n<link rel=\"canonical\" href=\"https:\/\/pfingstrosen-paradies.de\/en\/shop\/neu-im-sortiment\/iris-lavender-landscape\/\" \/>\n<meta property=\"og:locale\" content=\"en_GB\" \/>\n<meta property=\"og:type\" content=\"article\" \/>\n<meta property=\"og:title\" content=\"Iris x sibtosa &#039;Lavender Landscape&#039; - Schwertlilie | Pfingstrosen-Paradies Tetzlaff\" \/>\n<meta property=\"og:description\" content=\"Iris - Schwertlilien, Neuheiten | Mit &#039;Lavender Landscape&#039; ist dem Z\u00fcchter Tamberg ein absolutes Highlight in der Gruppe der Iris x sibtosa gelungen. Die Pflanze besitzt einen straff\" \/>\n<meta property=\"og:url\" content=\"https:\/\/pfingstrosen-paradies.de\/en\/shop\/neu-im-sortiment\/iris-lavender-landscape\/\" \/>\n<meta property=\"og:site_name\" content=\"Pfingstrosen-Paradies\" \/>\n<meta property=\"article:modified_time\" content=\"2026-03-29T15:57:58+00:00\" \/>\n<meta property=\"og:image\" content=\"https:\/\/pfingstrosen-paradies.de\/wp-content\/uploads\/Lavender-Landscape_2-1.jpg\" \/>\n\t<meta property=\"og:image:width\" content=\"1280\" \/>\n\t<meta property=\"og:image:height\" content=\"853\" \/>\n\t<meta property=\"og:image:type\" content=\"image\/jpeg\" \/>\n<meta name=\"twitter:card\" content=\"summary_large_image\" \/>\n<meta name=\"twitter:label1\" content=\"Estimated reading time\" \/>\n\t<meta name=\"twitter:data1\" content=\"1 minute\" \/>\n<script type=\"application\/ld+json\" class=\"yoast-schema-graph\">{\"@context\":\"https:\/\/schema.org\",\"@graph\":[{\"@type\":\"WebPage\",\"@id\":\"https:\/\/pfingstrosen-paradies.de\/shop\/neu-im-sortiment\/iris-lavender-landscape\/\",\"url\":\"https:\/\/pfingstrosen-paradies.de\/shop\/neu-im-sortiment\/iris-lavender-landscape\/\",\"name\":\"Iris x sibtosa 'Lavender Landscape' - Schwertlilie | Pfingstrosen-Paradies Tetzlaff\",\"isPartOf\":{\"@id\":\"https:\/\/pfingstrosen-paradies.de\/#website\"},\"primaryImageOfPage\":{\"@id\":\"https:\/\/pfingstrosen-paradies.de\/shop\/neu-im-sortiment\/iris-lavender-landscape\/#primaryimage\"},\"image\":{\"@id\":\"https:\/\/pfingstrosen-paradies.de\/shop\/neu-im-sortiment\/iris-lavender-landscape\/#primaryimage\"},\"thumbnailUrl\":\"https:\/\/pfingstrosen-paradies.de\/wp-content\/uploads\/Lavender-Landscape_2-1.jpg\",\"datePublished\":\"2024-01-15T17:32:01+00:00\",\"dateModified\":\"2026-03-29T15:57:58+00:00\",\"description\":\"Iris - Schwertlilien, Neuheiten | Mit 'Lavender Landscape' ist dem Z\u00fcchter Tamberg ein absolutes Highlight in der Gruppe der Iris x sibtosa gelungen. Die Pflanze besitzt einen straff\",\"breadcrumb\":{\"@id\":\"https:\/\/pfingstrosen-paradies.de\/shop\/neu-im-sortiment\/iris-lavender-landscape\/#breadcrumb\"},\"inLanguage\":\"en-GB\",\"potentialAction\":[{\"@type\":\"ReadAction\",\"target\":[\"https:\/\/pfingstrosen-paradies.de\/shop\/neu-im-sortiment\/iris-lavender-landscape\/\"]}]},{\"@type\":\"ImageObject\",\"inLanguage\":\"en-GB\",\"@id\":\"https:\/\/pfingstrosen-paradies.de\/shop\/neu-im-sortiment\/iris-lavender-landscape\/#primaryimage\",\"url\":\"https:\/\/pfingstrosen-paradies.de\/wp-content\/uploads\/Lavender-Landscape_2-1.jpg\",\"contentUrl\":\"https:\/\/pfingstrosen-paradies.de\/wp-content\/uploads\/Lavender-Landscape_2-1.jpg\",\"width\":1280,\"height\":853,\"caption\":\"OLYMPUS DIGITAL CAMERA\"},{\"@type\":\"BreadcrumbList\",\"@id\":\"https:\/\/pfingstrosen-paradies.de\/shop\/neu-im-sortiment\/iris-lavender-landscape\/#breadcrumb\",\"itemListElement\":[{\"@type\":\"ListItem\",\"position\":1,\"name\":\"Start\",\"item\":\"https:\/\/pfingstrosen-paradies.de\/\"},{\"@type\":\"ListItem\",\"position\":2,\"name\":\"Shop\",\"item\":\"https:\/\/pfingstrosen-paradies.de\/shop\/\"},{\"@type\":\"ListItem\",\"position\":3,\"name\":\"Iris x sibtosa &#8218;Lavender Landscape&#8216;\"}]},{\"@type\":\"WebSite\",\"@id\":\"https:\/\/pfingstrosen-paradies.de\/#website\",\"url\":\"https:\/\/pfingstrosen-paradies.de\/\",\"name\":\"Pfingstrosen-Paradies\",\"description\":\"Fachg\u00e4rtnerei f\u00fcr Pfingstrosen\",\"publisher\":{\"@id\":\"https:\/\/pfingstrosen-paradies.de\/#organization\"},\"potentialAction\":[{\"@type\":\"SearchAction\",\"target\":{\"@type\":\"EntryPoint\",\"urlTemplate\":\"https:\/\/pfingstrosen-paradies.de\/?s={search_term_string}\"},\"query-input\":{\"@type\":\"PropertyValueSpecification\",\"valueRequired\":true,\"valueName\":\"search_term_string\"}}],\"inLanguage\":\"en-GB\"},{\"@type\":\"Organization\",\"@id\":\"https:\/\/pfingstrosen-paradies.de\/#organization\",\"name\":\"Pfingstrosen-Paradies\",\"url\":\"https:\/\/pfingstrosen-paradies.de\/\",\"logo\":{\"@type\":\"ImageObject\",\"inLanguage\":\"en-GB\",\"@id\":\"https:\/\/pfingstrosen-paradies.de\/#\/schema\/logo\/image\/\",\"url\":\"https:\/\/pfingstrosen-paradies.de\/wp-content\/uploads\/2021\/02\/logo-pfingstrosen.png\",\"contentUrl\":\"https:\/\/pfingstrosen-paradies.de\/wp-content\/uploads\/2021\/02\/logo-pfingstrosen.png\",\"width\":1568,\"height\":366,\"caption\":\"Pfingstrosen-Paradies\"},\"image\":{\"@id\":\"https:\/\/pfingstrosen-paradies.de\/#\/schema\/logo\/image\/\"}}]}<\/script>\n<!-- \/ Yoast SEO plugin. -->","yoast_head_json":{"title":"Iris x sibtosa 'Lavender Landscape' - Schwertlilie | Pfingstrosen-Paradies Tetzlaff","description":"Iris - Schwertlilien, Neuheiten | Mit 'Lavender Landscape' ist dem Z\u00fcchter Tamberg ein absolutes Highlight in der Gruppe der Iris x sibtosa gelungen. Die Pflanze besitzt einen straff","robots":{"index":"index","follow":"follow","max-snippet":"max-snippet:-1","max-image-preview":"max-image-preview:large","max-video-preview":"max-video-preview:-1"},"canonical":"https:\/\/pfingstrosen-paradies.de\/en\/shop\/neu-im-sortiment\/iris-lavender-landscape\/","og_locale":"en_GB","og_type":"article","og_title":"Iris x sibtosa 'Lavender Landscape' - Schwertlilie | Pfingstrosen-Paradies Tetzlaff","og_description":"Iris - Schwertlilien, Neuheiten | Mit 'Lavender Landscape' ist dem Z\u00fcchter Tamberg ein absolutes Highlight in der Gruppe der Iris x sibtosa gelungen. Die Pflanze besitzt einen straff","og_url":"https:\/\/pfingstrosen-paradies.de\/en\/shop\/neu-im-sortiment\/iris-lavender-landscape\/","og_site_name":"Pfingstrosen-Paradies","article_modified_time":"2026-03-29T15:57:58+00:00","og_image":[{"width":1280,"height":853,"url":"https:\/\/pfingstrosen-paradies.de\/wp-content\/uploads\/Lavender-Landscape_2-1.jpg","type":"image\/jpeg"}],"twitter_card":"summary_large_image","twitter_misc":{"Estimated reading time":"1 minute"},"schema":{"@context":"https:\/\/schema.org","@graph":[{"@type":"WebPage","@id":"https:\/\/pfingstrosen-paradies.de\/shop\/neu-im-sortiment\/iris-lavender-landscape\/","url":"https:\/\/pfingstrosen-paradies.de\/shop\/neu-im-sortiment\/iris-lavender-landscape\/","name":"Iris x sibtosa 'Lavender Landscape' - Schwertlilie | Pfingstrosen-Paradies Tetzlaff","isPartOf":{"@id":"https:\/\/pfingstrosen-paradies.de\/#website"},"primaryImageOfPage":{"@id":"https:\/\/pfingstrosen-paradies.de\/shop\/neu-im-sortiment\/iris-lavender-landscape\/#primaryimage"},"image":{"@id":"https:\/\/pfingstrosen-paradies.de\/shop\/neu-im-sortiment\/iris-lavender-landscape\/#primaryimage"},"thumbnailUrl":"https:\/\/pfingstrosen-paradies.de\/wp-content\/uploads\/Lavender-Landscape_2-1.jpg","datePublished":"2024-01-15T17:32:01+00:00","dateModified":"2026-03-29T15:57:58+00:00","description":"Iris - Schwertlilien, Neuheiten | Mit 'Lavender Landscape' ist dem Z\u00fcchter Tamberg ein absolutes Highlight in der Gruppe der Iris x sibtosa gelungen. Die Pflanze besitzt einen straff","breadcrumb":{"@id":"https:\/\/pfingstrosen-paradies.de\/shop\/neu-im-sortiment\/iris-lavender-landscape\/#breadcrumb"},"inLanguage":"en-GB","potentialAction":[{"@type":"ReadAction","target":["https:\/\/pfingstrosen-paradies.de\/shop\/neu-im-sortiment\/iris-lavender-landscape\/"]}]},{"@type":"ImageObject","inLanguage":"en-GB","@id":"https:\/\/pfingstrosen-paradies.de\/shop\/neu-im-sortiment\/iris-lavender-landscape\/#primaryimage","url":"https:\/\/pfingstrosen-paradies.de\/wp-content\/uploads\/Lavender-Landscape_2-1.jpg","contentUrl":"https:\/\/pfingstrosen-paradies.de\/wp-content\/uploads\/Lavender-Landscape_2-1.jpg","width":1280,"height":853,"caption":"OLYMPUS DIGITAL CAMERA"},{"@type":"BreadcrumbList","@id":"https:\/\/pfingstrosen-paradies.de\/shop\/neu-im-sortiment\/iris-lavender-landscape\/#breadcrumb","itemListElement":[{"@type":"ListItem","position":1,"name":"Start","item":"https:\/\/pfingstrosen-paradies.de\/"},{"@type":"ListItem","position":2,"name":"Shop","item":"https:\/\/pfingstrosen-paradies.de\/shop\/"},{"@type":"ListItem","position":3,"name":"Iris x sibtosa &#8218;Lavender Landscape&#8216;"}]},{"@type":"WebSite","@id":"https:\/\/pfingstrosen-paradies.de\/#website","url":"https:\/\/pfingstrosen-paradies.de\/","name":"Pfingstrosen-Paradies","description":"Fachg\u00e4rtnerei f\u00fcr Pfingstrosen","publisher":{"@id":"https:\/\/pfingstrosen-paradies.de\/#organization"},"potentialAction":[{"@type":"SearchAction","target":{"@type":"EntryPoint","urlTemplate":"https:\/\/pfingstrosen-paradies.de\/?s={search_term_string}"},"query-input":{"@type":"PropertyValueSpecification","valueRequired":true,"valueName":"search_term_string"}}],"inLanguage":"en-GB"},{"@type":"Organization","@id":"https:\/\/pfingstrosen-paradies.de\/#organization","name":"Pfingstrosen-Paradies","url":"https:\/\/pfingstrosen-paradies.de\/","logo":{"@type":"ImageObject","inLanguage":"en-GB","@id":"https:\/\/pfingstrosen-paradies.de\/#\/schema\/logo\/image\/","url":"https:\/\/pfingstrosen-paradies.de\/wp-content\/uploads\/2021\/02\/logo-pfingstrosen.png","contentUrl":"https:\/\/pfingstrosen-paradies.de\/wp-content\/uploads\/2021\/02\/logo-pfingstrosen.png","width":1568,"height":366,"caption":"Pfingstrosen-Paradies"},"image":{"@id":"https:\/\/pfingstrosen-paradies.de\/#\/schema\/logo\/image\/"}}]}},"_links":{"self":[{"href":"https:\/\/pfingstrosen-paradies.de\/en\/wp-json\/wp\/v2\/product\/12641","targetHints":{"allow":["GET"]}}],"collection":[{"href":"https:\/\/pfingstrosen-paradies.de\/en\/wp-json\/wp\/v2\/product"}],"about":[{"href":"https:\/\/pfingstrosen-paradies.de\/en\/wp-json\/wp\/v2\/types\/product"}],"wp:featuredmedia":[{"embeddable":true,"href":"https:\/\/pfingstrosen-paradies.de\/en\/wp-json\/wp\/v2\/media\/21728"}],"wp:attachment":[{"href":"https:\/\/pfingstrosen-paradies.de\/en\/wp-json\/wp\/v2\/media?parent=12641"}],"wp:term":[{"taxonomy":"product_brand","embeddable":true,"href":"https:\/\/pfingstrosen-paradies.de\/en\/wp-json\/wp\/v2\/product_brand?post=12641"},{"taxonomy":"product_cat","embeddable":true,"href":"https:\/\/pfingstrosen-paradies.de\/en\/wp-json\/wp\/v2\/product_cat?post=12641"},{"taxonomy":"product_tag","embeddable":true,"href":"https:\/\/pfingstrosen-paradies.de\/en\/wp-json\/wp\/v2\/product_tag?post=12641"}],"curies":[{"name":"wp","href":"https:\/\/api.w.org\/{rel}","templated":true}]}}