{"id":12751,"date":"2024-01-16T17:59:46","date_gmt":"2024-01-16T16:59:46","guid":{"rendered":"https:\/\/pfingstrosen-paradies.de\/?post_type=product&#038;p=12751"},"modified":"2026-01-19T12:44:50","modified_gmt":"2026-01-19T11:44:50","slug":"tamworth","status":"publish","type":"product","link":"https:\/\/pfingstrosen-paradies.de\/en\/shop\/baumpaeonien\/lutea-hybriden\/tamworth\/","title":{"rendered":"Tamworth"},"content":{"rendered":"<p>Kreuzung von &#8218;Rosary&#8216; (Chow#I55) x &#8218;Dakota&#8216; (Chow#I65), von Bernard Chow aus Australien. Bl\u00fchte erstmalig im Jahr 2007. Nun erstmalig au\u00dferhalb Australiens erh\u00e4ltlich. Diese beeindruckende Sorte zeichnet sich durch leuchtend rote, halb gef\u00fcllte Bl\u00fcten aus. Der Wuchs ist kr\u00e4ftig und buschig-verzweigt. H\u00f6he bis 120 cm. Bl\u00fctezeit: mittel<\/p>","protected":false},"excerpt":{"rendered":"<p>Kreuzung von &#8218;Rosary&#8216; (Chow#I55) x &#8218;Dakota&#8216; (Chow#I65), von Bernard Chow aus Australien. Bl\u00fchte erstmalig im Jahr 2007. Nun erstmalig au\u00dferhalb Australiens erh\u00e4ltlich. Diese beeindruckende Sorte zeichnet sich durch leuchtend rote, halb gef\u00fcllte Bl\u00fcten aus. Der Wuchs ist kr\u00e4ftig und buschig-verzweigt. H\u00f6he bis 120 cm. Bl\u00fctezeit: mittel<\/p>","protected":false},"featured_media":12752,"template":"","meta":[],"product_brand":[],"product_cat":[36,34],"product_tag":[],"class_list":{"0":"post-12751","1":"product","2":"type-product","3":"status-publish","4":"has-post-thumbnail","6":"product_cat-lutea-hybriden","7":"product_cat-baumpaeonien","9":"first","10":"instock","11":"taxable","12":"shipping-taxable","13":"purchasable","14":"product-type-simple"},"featured_image_urls":{"full":["https:\/\/pfingstrosen-paradies.de\/wp-content\/uploads\/Tamworth1.jpg",429,400,false],"thumbnail":["https:\/\/pfingstrosen-paradies.de\/wp-content\/uploads\/Tamworth1-150x150.jpg",150,150,true],"medium":["https:\/\/pfingstrosen-paradies.de\/wp-content\/uploads\/Tamworth1-300x280.jpg",300,280,true],"medium_large":["https:\/\/pfingstrosen-paradies.de\/wp-content\/uploads\/Tamworth1.jpg",429,400,false],"large":["https:\/\/pfingstrosen-paradies.de\/wp-content\/uploads\/Tamworth1.jpg",429,400,false],"1536x1536":["https:\/\/pfingstrosen-paradies.de\/wp-content\/uploads\/Tamworth1.jpg",429,400,false],"2048x2048":["https:\/\/pfingstrosen-paradies.de\/wp-content\/uploads\/Tamworth1.jpg",429,400,false],"trp-custom-language-flag":["https:\/\/pfingstrosen-paradies.de\/wp-content\/uploads\/Tamworth1-13x12.jpg",13,12,true],"ptam-block-post-grid-landscape":["https:\/\/pfingstrosen-paradies.de\/wp-content\/uploads\/Tamworth1.jpg",429,400,false],"ptam-block-post-grid-square":["https:\/\/pfingstrosen-paradies.de\/wp-content\/uploads\/Tamworth1.jpg",429,400,false],"ptam-block-post-grid-featured-landscape":["https:\/\/pfingstrosen-paradies.de\/wp-content\/uploads\/Tamworth1.jpg",429,400,false],"woocommerce_archive_thumbnail":["https:\/\/pfingstrosen-paradies.de\/wp-content\/uploads\/Tamworth1-400x350.jpg",400,350,true],"woocommerce_thumbnail":["https:\/\/pfingstrosen-paradies.de\/wp-content\/uploads\/Tamworth1-400x350.jpg",400,350,true],"woocommerce_single":["https:\/\/pfingstrosen-paradies.de\/wp-content\/uploads\/Tamworth1.jpg",429,400,false],"woocommerce_gallery_thumbnail":["https:\/\/pfingstrosen-paradies.de\/wp-content\/uploads\/Tamworth1-100x100.jpg",100,100,true]},"post_excerpt_stackable":"<p>Kreuzung von &#8218;Rosary&#8216; (Chow#I55) x &#8218;Dakota&#8216; (Chow#I65), von Bernard Chow aus Australien. Bl\u00fchte erstmalig im Jahr 2007. Nun erstmalig au\u00dferhalb Australiens erh\u00e4ltlich. Diese beeindruckende Sorte zeichnet sich durch leuchtend rote, halb gef\u00fcllte Bl\u00fcten aus. Der Wuchs ist kr\u00e4ftig und buschig-verzweigt. H\u00f6he bis 120 cm. Bl\u00fctezeit: mittel<\/p>\n","category_list":"","author_info":{"name":"","url":""},"comments_num":"0 comments","featured_image_urls_v2":{"full":["https:\/\/pfingstrosen-paradies.de\/wp-content\/uploads\/Tamworth1.jpg",429,400,false],"thumbnail":["https:\/\/pfingstrosen-paradies.de\/wp-content\/uploads\/Tamworth1-150x150.jpg",150,150,true],"medium":["https:\/\/pfingstrosen-paradies.de\/wp-content\/uploads\/Tamworth1-300x280.jpg",300,280,true],"medium_large":["https:\/\/pfingstrosen-paradies.de\/wp-content\/uploads\/Tamworth1.jpg",429,400,false],"large":["https:\/\/pfingstrosen-paradies.de\/wp-content\/uploads\/Tamworth1.jpg",429,400,false],"1536x1536":["https:\/\/pfingstrosen-paradies.de\/wp-content\/uploads\/Tamworth1.jpg",429,400,false],"2048x2048":["https:\/\/pfingstrosen-paradies.de\/wp-content\/uploads\/Tamworth1.jpg",429,400,false],"trp-custom-language-flag":["https:\/\/pfingstrosen-paradies.de\/wp-content\/uploads\/Tamworth1-13x12.jpg",13,12,true],"ptam-block-post-grid-landscape":["https:\/\/pfingstrosen-paradies.de\/wp-content\/uploads\/Tamworth1.jpg",429,400,false],"ptam-block-post-grid-square":["https:\/\/pfingstrosen-paradies.de\/wp-content\/uploads\/Tamworth1.jpg",429,400,false],"ptam-block-post-grid-featured-landscape":["https:\/\/pfingstrosen-paradies.de\/wp-content\/uploads\/Tamworth1.jpg",429,400,false],"woocommerce_archive_thumbnail":["https:\/\/pfingstrosen-paradies.de\/wp-content\/uploads\/Tamworth1-400x350.jpg",400,350,true],"woocommerce_thumbnail":["https:\/\/pfingstrosen-paradies.de\/wp-content\/uploads\/Tamworth1-400x350.jpg",400,350,true],"woocommerce_single":["https:\/\/pfingstrosen-paradies.de\/wp-content\/uploads\/Tamworth1.jpg",429,400,false],"woocommerce_gallery_thumbnail":["https:\/\/pfingstrosen-paradies.de\/wp-content\/uploads\/Tamworth1-100x100.jpg",100,100,true]},"post_excerpt_stackable_v2":"<p>Kreuzung von &#8218;Rosary&#8216; (Chow#I55) x &#8218;Dakota&#8216; (Chow#I65), von Bernard Chow aus Australien. Bl\u00fchte erstmalig im Jahr 2007. Nun erstmalig au\u00dferhalb Australiens erh\u00e4ltlich. Diese beeindruckende Sorte zeichnet sich durch leuchtend rote, halb gef\u00fcllte Bl\u00fcten aus. Der Wuchs ist kr\u00e4ftig und buschig-verzweigt. H\u00f6he bis 120 cm. Bl\u00fctezeit: mittel<\/p>\n","category_list_v2":"","author_info_v2":{"name":"","url":""},"comments_num_v2":"0 comments","yoast_head":"<!-- This site is optimized with the Yoast SEO plugin v27.3 - https:\/\/yoast.com\/product\/yoast-seo-wordpress\/ -->\n<title>Paeonia &#039;Tamworth&#039; | Pfingstrosen-Paradies Tetzlaff<\/title>\n<meta name=\"description\" content=\"Lutea-Hybriden, Strauchp\u00e4onien | Kreuzung von &#039;Rosary&#039; (Chow#I55) x &#039;Dakota&#039; (Chow#I65), von Bernard Chow aus Australien. Bl\u00fchte erstmalig im Jahr 2007. Nun erstmalig au\u00dferhalb\" \/>\n<meta name=\"robots\" content=\"index, follow, max-snippet:-1, max-image-preview:large, max-video-preview:-1\" \/>\n<link rel=\"canonical\" href=\"https:\/\/pfingstrosen-paradies.de\/en\/shop\/baumpaeonien\/lutea-hybriden\/tamworth\/\" \/>\n<meta property=\"og:locale\" content=\"en_GB\" \/>\n<meta property=\"og:type\" content=\"article\" \/>\n<meta property=\"og:title\" content=\"Paeonia &#039;Tamworth&#039; | Pfingstrosen-Paradies Tetzlaff\" \/>\n<meta property=\"og:description\" content=\"Lutea-Hybriden, Strauchp\u00e4onien | Kreuzung von &#039;Rosary&#039; (Chow#I55) x &#039;Dakota&#039; (Chow#I65), von Bernard Chow aus Australien. Bl\u00fchte erstmalig im Jahr 2007. Nun erstmalig au\u00dferhalb\" \/>\n<meta property=\"og:url\" content=\"https:\/\/pfingstrosen-paradies.de\/en\/shop\/baumpaeonien\/lutea-hybriden\/tamworth\/\" \/>\n<meta property=\"og:site_name\" content=\"Pfingstrosen-Paradies\" \/>\n<meta property=\"article:modified_time\" content=\"2026-01-19T11:44:50+00:00\" \/>\n<meta property=\"og:image\" content=\"https:\/\/pfingstrosen-paradies.de\/wp-content\/uploads\/Tamworth1.jpg\" \/>\n\t<meta property=\"og:image:width\" content=\"429\" \/>\n\t<meta property=\"og:image:height\" content=\"400\" \/>\n\t<meta property=\"og:image:type\" content=\"image\/jpeg\" \/>\n<meta name=\"twitter:card\" content=\"summary_large_image\" \/>\n<meta name=\"twitter:label1\" content=\"Estimated reading time\" \/>\n\t<meta name=\"twitter:data1\" content=\"1 minute\" \/>\n<script type=\"application\/ld+json\" class=\"yoast-schema-graph\">{\"@context\":\"https:\\\/\\\/schema.org\",\"@graph\":[{\"@type\":\"WebPage\",\"@id\":\"https:\\\/\\\/pfingstrosen-paradies.de\\\/shop\\\/baumpaeonien\\\/lutea-hybriden\\\/tamworth\\\/\",\"url\":\"https:\\\/\\\/pfingstrosen-paradies.de\\\/shop\\\/baumpaeonien\\\/lutea-hybriden\\\/tamworth\\\/\",\"name\":\"Paeonia 'Tamworth' | Pfingstrosen-Paradies Tetzlaff\",\"isPartOf\":{\"@id\":\"https:\\\/\\\/pfingstrosen-paradies.de\\\/#website\"},\"primaryImageOfPage\":{\"@id\":\"https:\\\/\\\/pfingstrosen-paradies.de\\\/shop\\\/baumpaeonien\\\/lutea-hybriden\\\/tamworth\\\/#primaryimage\"},\"image\":{\"@id\":\"https:\\\/\\\/pfingstrosen-paradies.de\\\/shop\\\/baumpaeonien\\\/lutea-hybriden\\\/tamworth\\\/#primaryimage\"},\"thumbnailUrl\":\"https:\\\/\\\/pfingstrosen-paradies.de\\\/wp-content\\\/uploads\\\/Tamworth1.jpg\",\"datePublished\":\"2024-01-16T16:59:46+00:00\",\"dateModified\":\"2026-01-19T11:44:50+00:00\",\"description\":\"Lutea-Hybriden, Strauchp\u00e4onien | Kreuzung von 'Rosary' (Chow#I55) x 'Dakota' (Chow#I65), von Bernard Chow aus Australien. Bl\u00fchte erstmalig im Jahr 2007. Nun erstmalig au\u00dferhalb\",\"breadcrumb\":{\"@id\":\"https:\\\/\\\/pfingstrosen-paradies.de\\\/shop\\\/baumpaeonien\\\/lutea-hybriden\\\/tamworth\\\/#breadcrumb\"},\"inLanguage\":\"en-GB\",\"potentialAction\":[{\"@type\":\"ReadAction\",\"target\":[\"https:\\\/\\\/pfingstrosen-paradies.de\\\/shop\\\/baumpaeonien\\\/lutea-hybriden\\\/tamworth\\\/\"]}]},{\"@type\":\"ImageObject\",\"inLanguage\":\"en-GB\",\"@id\":\"https:\\\/\\\/pfingstrosen-paradies.de\\\/shop\\\/baumpaeonien\\\/lutea-hybriden\\\/tamworth\\\/#primaryimage\",\"url\":\"https:\\\/\\\/pfingstrosen-paradies.de\\\/wp-content\\\/uploads\\\/Tamworth1.jpg\",\"contentUrl\":\"https:\\\/\\\/pfingstrosen-paradies.de\\\/wp-content\\\/uploads\\\/Tamworth1.jpg\",\"width\":429,\"height\":400,\"caption\":\"Tamworth\"},{\"@type\":\"BreadcrumbList\",\"@id\":\"https:\\\/\\\/pfingstrosen-paradies.de\\\/shop\\\/baumpaeonien\\\/lutea-hybriden\\\/tamworth\\\/#breadcrumb\",\"itemListElement\":[{\"@type\":\"ListItem\",\"position\":1,\"name\":\"Start\",\"item\":\"https:\\\/\\\/pfingstrosen-paradies.de\\\/\"},{\"@type\":\"ListItem\",\"position\":2,\"name\":\"Shop\",\"item\":\"https:\\\/\\\/pfingstrosen-paradies.de\\\/shop\\\/\"},{\"@type\":\"ListItem\",\"position\":3,\"name\":\"Tamworth\"}]},{\"@type\":\"WebSite\",\"@id\":\"https:\\\/\\\/pfingstrosen-paradies.de\\\/#website\",\"url\":\"https:\\\/\\\/pfingstrosen-paradies.de\\\/\",\"name\":\"Pfingstrosen-Paradies\",\"description\":\"Fachg\u00e4rtnerei f\u00fcr Pfingstrosen\",\"publisher\":{\"@id\":\"https:\\\/\\\/pfingstrosen-paradies.de\\\/#organization\"},\"potentialAction\":[{\"@type\":\"SearchAction\",\"target\":{\"@type\":\"EntryPoint\",\"urlTemplate\":\"https:\\\/\\\/pfingstrosen-paradies.de\\\/?s={search_term_string}\"},\"query-input\":{\"@type\":\"PropertyValueSpecification\",\"valueRequired\":true,\"valueName\":\"search_term_string\"}}],\"inLanguage\":\"en-GB\"},{\"@type\":\"Organization\",\"@id\":\"https:\\\/\\\/pfingstrosen-paradies.de\\\/#organization\",\"name\":\"Pfingstrosen-Paradies\",\"url\":\"https:\\\/\\\/pfingstrosen-paradies.de\\\/\",\"logo\":{\"@type\":\"ImageObject\",\"inLanguage\":\"en-GB\",\"@id\":\"https:\\\/\\\/pfingstrosen-paradies.de\\\/#\\\/schema\\\/logo\\\/image\\\/\",\"url\":\"https:\\\/\\\/pfingstrosen-paradies.de\\\/wp-content\\\/uploads\\\/2021\\\/02\\\/logo-pfingstrosen.png\",\"contentUrl\":\"https:\\\/\\\/pfingstrosen-paradies.de\\\/wp-content\\\/uploads\\\/2021\\\/02\\\/logo-pfingstrosen.png\",\"width\":1568,\"height\":366,\"caption\":\"Pfingstrosen-Paradies\"},\"image\":{\"@id\":\"https:\\\/\\\/pfingstrosen-paradies.de\\\/#\\\/schema\\\/logo\\\/image\\\/\"}}]}<\/script>\n<!-- \/ Yoast SEO plugin. -->","yoast_head_json":{"title":"Paeonia 'Tamworth' | Pfingstrosen-Paradies Tetzlaff","description":"Lutea-Hybriden, Strauchp\u00e4onien | Kreuzung von 'Rosary' (Chow#I55) x 'Dakota' (Chow#I65), von Bernard Chow aus Australien. Bl\u00fchte erstmalig im Jahr 2007. Nun erstmalig au\u00dferhalb","robots":{"index":"index","follow":"follow","max-snippet":"max-snippet:-1","max-image-preview":"max-image-preview:large","max-video-preview":"max-video-preview:-1"},"canonical":"https:\/\/pfingstrosen-paradies.de\/en\/shop\/baumpaeonien\/lutea-hybriden\/tamworth\/","og_locale":"en_GB","og_type":"article","og_title":"Paeonia 'Tamworth' | Pfingstrosen-Paradies Tetzlaff","og_description":"Lutea-Hybriden, Strauchp\u00e4onien | Kreuzung von 'Rosary' (Chow#I55) x 'Dakota' (Chow#I65), von Bernard Chow aus Australien. Bl\u00fchte erstmalig im Jahr 2007. Nun erstmalig au\u00dferhalb","og_url":"https:\/\/pfingstrosen-paradies.de\/en\/shop\/baumpaeonien\/lutea-hybriden\/tamworth\/","og_site_name":"Pfingstrosen-Paradies","article_modified_time":"2026-01-19T11:44:50+00:00","og_image":[{"width":429,"height":400,"url":"https:\/\/pfingstrosen-paradies.de\/wp-content\/uploads\/Tamworth1.jpg","type":"image\/jpeg"}],"twitter_card":"summary_large_image","twitter_misc":{"Estimated reading time":"1 minute"},"schema":{"@context":"https:\/\/schema.org","@graph":[{"@type":"WebPage","@id":"https:\/\/pfingstrosen-paradies.de\/shop\/baumpaeonien\/lutea-hybriden\/tamworth\/","url":"https:\/\/pfingstrosen-paradies.de\/shop\/baumpaeonien\/lutea-hybriden\/tamworth\/","name":"Paeonia 'Tamworth' | Pfingstrosen-Paradies Tetzlaff","isPartOf":{"@id":"https:\/\/pfingstrosen-paradies.de\/#website"},"primaryImageOfPage":{"@id":"https:\/\/pfingstrosen-paradies.de\/shop\/baumpaeonien\/lutea-hybriden\/tamworth\/#primaryimage"},"image":{"@id":"https:\/\/pfingstrosen-paradies.de\/shop\/baumpaeonien\/lutea-hybriden\/tamworth\/#primaryimage"},"thumbnailUrl":"https:\/\/pfingstrosen-paradies.de\/wp-content\/uploads\/Tamworth1.jpg","datePublished":"2024-01-16T16:59:46+00:00","dateModified":"2026-01-19T11:44:50+00:00","description":"Lutea-Hybriden, Strauchp\u00e4onien | Kreuzung von 'Rosary' (Chow#I55) x 'Dakota' (Chow#I65), von Bernard Chow aus Australien. Bl\u00fchte erstmalig im Jahr 2007. Nun erstmalig au\u00dferhalb","breadcrumb":{"@id":"https:\/\/pfingstrosen-paradies.de\/shop\/baumpaeonien\/lutea-hybriden\/tamworth\/#breadcrumb"},"inLanguage":"en-GB","potentialAction":[{"@type":"ReadAction","target":["https:\/\/pfingstrosen-paradies.de\/shop\/baumpaeonien\/lutea-hybriden\/tamworth\/"]}]},{"@type":"ImageObject","inLanguage":"en-GB","@id":"https:\/\/pfingstrosen-paradies.de\/shop\/baumpaeonien\/lutea-hybriden\/tamworth\/#primaryimage","url":"https:\/\/pfingstrosen-paradies.de\/wp-content\/uploads\/Tamworth1.jpg","contentUrl":"https:\/\/pfingstrosen-paradies.de\/wp-content\/uploads\/Tamworth1.jpg","width":429,"height":400,"caption":"Tamworth"},{"@type":"BreadcrumbList","@id":"https:\/\/pfingstrosen-paradies.de\/shop\/baumpaeonien\/lutea-hybriden\/tamworth\/#breadcrumb","itemListElement":[{"@type":"ListItem","position":1,"name":"Start","item":"https:\/\/pfingstrosen-paradies.de\/"},{"@type":"ListItem","position":2,"name":"Shop","item":"https:\/\/pfingstrosen-paradies.de\/shop\/"},{"@type":"ListItem","position":3,"name":"Tamworth"}]},{"@type":"WebSite","@id":"https:\/\/pfingstrosen-paradies.de\/#website","url":"https:\/\/pfingstrosen-paradies.de\/","name":"Pfingstrosen-Paradies","description":"Fachg\u00e4rtnerei f\u00fcr Pfingstrosen","publisher":{"@id":"https:\/\/pfingstrosen-paradies.de\/#organization"},"potentialAction":[{"@type":"SearchAction","target":{"@type":"EntryPoint","urlTemplate":"https:\/\/pfingstrosen-paradies.de\/?s={search_term_string}"},"query-input":{"@type":"PropertyValueSpecification","valueRequired":true,"valueName":"search_term_string"}}],"inLanguage":"en-GB"},{"@type":"Organization","@id":"https:\/\/pfingstrosen-paradies.de\/#organization","name":"Pfingstrosen-Paradies","url":"https:\/\/pfingstrosen-paradies.de\/","logo":{"@type":"ImageObject","inLanguage":"en-GB","@id":"https:\/\/pfingstrosen-paradies.de\/#\/schema\/logo\/image\/","url":"https:\/\/pfingstrosen-paradies.de\/wp-content\/uploads\/2021\/02\/logo-pfingstrosen.png","contentUrl":"https:\/\/pfingstrosen-paradies.de\/wp-content\/uploads\/2021\/02\/logo-pfingstrosen.png","width":1568,"height":366,"caption":"Pfingstrosen-Paradies"},"image":{"@id":"https:\/\/pfingstrosen-paradies.de\/#\/schema\/logo\/image\/"}}]}},"_links":{"self":[{"href":"https:\/\/pfingstrosen-paradies.de\/en\/wp-json\/wp\/v2\/product\/12751","targetHints":{"allow":["GET"]}}],"collection":[{"href":"https:\/\/pfingstrosen-paradies.de\/en\/wp-json\/wp\/v2\/product"}],"about":[{"href":"https:\/\/pfingstrosen-paradies.de\/en\/wp-json\/wp\/v2\/types\/product"}],"wp:featuredmedia":[{"embeddable":true,"href":"https:\/\/pfingstrosen-paradies.de\/en\/wp-json\/wp\/v2\/media\/12752"}],"wp:attachment":[{"href":"https:\/\/pfingstrosen-paradies.de\/en\/wp-json\/wp\/v2\/media?parent=12751"}],"wp:term":[{"taxonomy":"product_brand","embeddable":true,"href":"https:\/\/pfingstrosen-paradies.de\/en\/wp-json\/wp\/v2\/product_brand?post=12751"},{"taxonomy":"product_cat","embeddable":true,"href":"https:\/\/pfingstrosen-paradies.de\/en\/wp-json\/wp\/v2\/product_cat?post=12751"},{"taxonomy":"product_tag","embeddable":true,"href":"https:\/\/pfingstrosen-paradies.de\/en\/wp-json\/wp\/v2\/product_tag?post=12751"}],"curies":[{"name":"wp","href":"https:\/\/api.w.org\/{rel}","templated":true}]}}