{"id":1331,"date":"2021-12-10T12:33:58","date_gmt":"2021-12-10T11:33:58","guid":{"rendered":"https:\/\/pfingstrosen-paradies.de\/?post_type=product&#038;p=1331"},"modified":"2026-04-17T23:41:40","modified_gmt":"2026-04-17T21:41:40","slug":"p-potaninii-alba","status":"publish","type":"product","link":"https:\/\/pfingstrosen-paradies.de\/en\/shop\/baumpaeonien\/strauch-wildarten\/p-potaninii-alba\/","title":{"rendered":"P. potaninii var. alba"},"content":{"rendered":"<p>sehr niedrige, ausl\u00e4uferbildende Wildart, Rarit\u00e4t, zahlreiche einfache, wei\u00dfe Bl\u00fcten, H\u00f6he 50 cm. Aus einer Kreuzung dieser Wildart mit einer japanischen Sorte ist die Sorte H\u00e9l\u00e8ne Martin mit ihren riesigen, bis zu 25 cm gro\u00dfen Bl\u00fcten enstanden.<\/p>","protected":false},"excerpt":{"rendered":"<p>sehr niedrige, ausl\u00e4uferbildende Wildart, Rarit\u00e4t, zahlreiche einfache, wei\u00dfe Bl\u00fcten, H\u00f6he 50 cm. Aus einer Kreuzung dieser Wildart mit einer japanischen Sorte ist die Sorte H\u00e9l\u00e8ne Martin mit ihren riesigen, bis zu 25 cm gro\u00dfen Bl\u00fcten enstanden.<\/p>","protected":false},"featured_media":1332,"template":"","meta":[],"product_brand":[],"product_cat":[34,89,46],"product_tag":[],"class_list":{"0":"post-1331","1":"product","2":"type-product","3":"status-publish","4":"has-post-thumbnail","6":"product_cat-baumpaeonien","7":"product_cat-strauch-wildarten","8":"product_cat-wildarten","10":"first","11":"instock","12":"taxable","13":"shipping-taxable","14":"purchasable","15":"product-type-simple"},"featured_image_urls":{"full":["https:\/\/pfingstrosen-paradies.de\/wp-content\/uploads\/potaninii-alba.jpg",1200,900,false],"thumbnail":["https:\/\/pfingstrosen-paradies.de\/wp-content\/uploads\/potaninii-alba-150x150.jpg",150,150,true],"medium":["https:\/\/pfingstrosen-paradies.de\/wp-content\/uploads\/potaninii-alba-300x225.jpg",300,225,true],"medium_large":["https:\/\/pfingstrosen-paradies.de\/wp-content\/uploads\/potaninii-alba-768x576.jpg",768,576,true],"large":["https:\/\/pfingstrosen-paradies.de\/wp-content\/uploads\/potaninii-alba-1024x768.jpg",1024,768,true],"1536x1536":["https:\/\/pfingstrosen-paradies.de\/wp-content\/uploads\/potaninii-alba.jpg",1200,900,false],"2048x2048":["https:\/\/pfingstrosen-paradies.de\/wp-content\/uploads\/potaninii-alba.jpg",1200,900,false],"trp-custom-language-flag":["https:\/\/pfingstrosen-paradies.de\/wp-content\/uploads\/potaninii-alba-16x12.jpg",16,12,true],"ptam-block-post-grid-landscape":["https:\/\/pfingstrosen-paradies.de\/wp-content\/uploads\/potaninii-alba-600x400.jpg",600,400,true],"ptam-block-post-grid-square":["https:\/\/pfingstrosen-paradies.de\/wp-content\/uploads\/potaninii-alba-600x600.jpg",600,600,true],"ptam-block-post-grid-featured-landscape":["https:\/\/pfingstrosen-paradies.de\/wp-content\/uploads\/potaninii-alba-1000x600.jpg",1000,600,true],"woocommerce_archive_thumbnail":["https:\/\/pfingstrosen-paradies.de\/wp-content\/uploads\/potaninii-alba-400x350.jpg",400,350,true],"woocommerce_thumbnail":["https:\/\/pfingstrosen-paradies.de\/wp-content\/uploads\/potaninii-alba-400x350.jpg",400,350,true],"woocommerce_single":["https:\/\/pfingstrosen-paradies.de\/wp-content\/uploads\/potaninii-alba.jpg",1200,900,false],"woocommerce_gallery_thumbnail":["https:\/\/pfingstrosen-paradies.de\/wp-content\/uploads\/potaninii-alba-100x100.jpg",100,100,true]},"post_excerpt_stackable":"<p>sehr niedrige, ausl\u00e4uferbildende Wildart, Rarit\u00e4t, zahlreiche einfache, wei\u00dfe Bl\u00fcten, H\u00f6he 50 cm. Aus einer Kreuzung dieser Wildart mit einer japanischen Sorte ist die Sorte H\u00e9l\u00e8ne Martin mit ihren riesigen, bis zu 25 cm gro\u00dfen Bl\u00fcten enstanden.<\/p>\n","category_list":"","author_info":{"name":"","url":""},"comments_num":"0 comments","featured_image_urls_v2":{"full":["https:\/\/pfingstrosen-paradies.de\/wp-content\/uploads\/potaninii-alba.jpg",1200,900,false],"thumbnail":["https:\/\/pfingstrosen-paradies.de\/wp-content\/uploads\/potaninii-alba-150x150.jpg",150,150,true],"medium":["https:\/\/pfingstrosen-paradies.de\/wp-content\/uploads\/potaninii-alba-300x225.jpg",300,225,true],"medium_large":["https:\/\/pfingstrosen-paradies.de\/wp-content\/uploads\/potaninii-alba-768x576.jpg",768,576,true],"large":["https:\/\/pfingstrosen-paradies.de\/wp-content\/uploads\/potaninii-alba-1024x768.jpg",1024,768,true],"1536x1536":["https:\/\/pfingstrosen-paradies.de\/wp-content\/uploads\/potaninii-alba.jpg",1200,900,false],"2048x2048":["https:\/\/pfingstrosen-paradies.de\/wp-content\/uploads\/potaninii-alba.jpg",1200,900,false],"trp-custom-language-flag":["https:\/\/pfingstrosen-paradies.de\/wp-content\/uploads\/potaninii-alba-16x12.jpg",16,12,true],"ptam-block-post-grid-landscape":["https:\/\/pfingstrosen-paradies.de\/wp-content\/uploads\/potaninii-alba-600x400.jpg",600,400,true],"ptam-block-post-grid-square":["https:\/\/pfingstrosen-paradies.de\/wp-content\/uploads\/potaninii-alba-600x600.jpg",600,600,true],"ptam-block-post-grid-featured-landscape":["https:\/\/pfingstrosen-paradies.de\/wp-content\/uploads\/potaninii-alba-1000x600.jpg",1000,600,true],"woocommerce_archive_thumbnail":["https:\/\/pfingstrosen-paradies.de\/wp-content\/uploads\/potaninii-alba-400x350.jpg",400,350,true],"woocommerce_thumbnail":["https:\/\/pfingstrosen-paradies.de\/wp-content\/uploads\/potaninii-alba-400x350.jpg",400,350,true],"woocommerce_single":["https:\/\/pfingstrosen-paradies.de\/wp-content\/uploads\/potaninii-alba.jpg",1200,900,false],"woocommerce_gallery_thumbnail":["https:\/\/pfingstrosen-paradies.de\/wp-content\/uploads\/potaninii-alba-100x100.jpg",100,100,true]},"post_excerpt_stackable_v2":"<p>sehr niedrige, ausl\u00e4uferbildende Wildart, Rarit\u00e4t, zahlreiche einfache, wei\u00dfe Bl\u00fcten, H\u00f6he 50 cm. Aus einer Kreuzung dieser Wildart mit einer japanischen Sorte ist die Sorte H\u00e9l\u00e8ne Martin mit ihren riesigen, bis zu 25 cm gro\u00dfen Bl\u00fcten enstanden.<\/p>\n","category_list_v2":"","author_info_v2":{"name":"","url":""},"comments_num_v2":"0 comments","yoast_head":"<!-- This site is optimized with the Yoast SEO plugin v27.3 - https:\/\/yoast.com\/product\/yoast-seo-wordpress\/ -->\n<title>P. potaninii var. alba | Pfingstrosen-Paradies Tetzlaff<\/title>\n<meta name=\"description\" content=\"Strauchp\u00e4onien, verholzende Wildarten, Wildarten | sehr niedrige, ausl\u00e4uferbildende Wildart, Rarit\u00e4t, zahlreiche einfache, wei\u00dfe Bl\u00fcten, H\u00f6he 50 cm. Aus einer Kreuzung dieser Wildart mit einer japanischen\" \/>\n<meta name=\"robots\" content=\"index, follow, max-snippet:-1, max-image-preview:large, max-video-preview:-1\" \/>\n<link rel=\"canonical\" href=\"https:\/\/pfingstrosen-paradies.de\/en\/shop\/baumpaeonien\/strauch-wildarten\/p-potaninii-alba\/\" \/>\n<meta property=\"og:locale\" content=\"en_GB\" \/>\n<meta property=\"og:type\" content=\"article\" \/>\n<meta property=\"og:title\" content=\"P. potaninii var. alba | Pfingstrosen-Paradies Tetzlaff\" \/>\n<meta property=\"og:description\" content=\"Strauchp\u00e4onien, verholzende Wildarten, Wildarten | sehr niedrige, ausl\u00e4uferbildende Wildart, Rarit\u00e4t, zahlreiche einfache, wei\u00dfe Bl\u00fcten, H\u00f6he 50 cm. Aus einer Kreuzung dieser Wildart mit einer japanischen\" \/>\n<meta property=\"og:url\" content=\"https:\/\/pfingstrosen-paradies.de\/en\/shop\/baumpaeonien\/strauch-wildarten\/p-potaninii-alba\/\" \/>\n<meta property=\"og:site_name\" content=\"Pfingstrosen-Paradies\" \/>\n<meta property=\"article:modified_time\" content=\"2026-04-17T21:41:40+00:00\" \/>\n<meta property=\"og:image\" content=\"https:\/\/pfingstrosen-paradies.de\/wp-content\/uploads\/potaninii-alba.jpg\" \/>\n\t<meta property=\"og:image:width\" content=\"1200\" \/>\n\t<meta property=\"og:image:height\" content=\"900\" \/>\n\t<meta property=\"og:image:type\" content=\"image\/jpeg\" \/>\n<meta name=\"twitter:card\" content=\"summary_large_image\" \/>\n<meta name=\"twitter:label1\" content=\"Estimated reading time\" \/>\n\t<meta name=\"twitter:data1\" content=\"1 minute\" \/>\n<script type=\"application\/ld+json\" class=\"yoast-schema-graph\">{\"@context\":\"https:\\\/\\\/schema.org\",\"@graph\":[{\"@type\":\"WebPage\",\"@id\":\"https:\\\/\\\/pfingstrosen-paradies.de\\\/shop\\\/baumpaeonien\\\/strauch-wildarten\\\/p-potaninii-alba\\\/\",\"url\":\"https:\\\/\\\/pfingstrosen-paradies.de\\\/shop\\\/baumpaeonien\\\/strauch-wildarten\\\/p-potaninii-alba\\\/\",\"name\":\"P. potaninii var. alba | Pfingstrosen-Paradies Tetzlaff\",\"isPartOf\":{\"@id\":\"https:\\\/\\\/pfingstrosen-paradies.de\\\/#website\"},\"primaryImageOfPage\":{\"@id\":\"https:\\\/\\\/pfingstrosen-paradies.de\\\/shop\\\/baumpaeonien\\\/strauch-wildarten\\\/p-potaninii-alba\\\/#primaryimage\"},\"image\":{\"@id\":\"https:\\\/\\\/pfingstrosen-paradies.de\\\/shop\\\/baumpaeonien\\\/strauch-wildarten\\\/p-potaninii-alba\\\/#primaryimage\"},\"thumbnailUrl\":\"https:\\\/\\\/pfingstrosen-paradies.de\\\/wp-content\\\/uploads\\\/potaninii-alba.jpg\",\"datePublished\":\"2021-12-10T11:33:58+00:00\",\"dateModified\":\"2026-04-17T21:41:40+00:00\",\"description\":\"Strauchp\u00e4onien, verholzende Wildarten, Wildarten | sehr niedrige, ausl\u00e4uferbildende Wildart, Rarit\u00e4t, zahlreiche einfache, wei\u00dfe Bl\u00fcten, H\u00f6he 50 cm. Aus einer Kreuzung dieser Wildart mit einer japanischen\",\"breadcrumb\":{\"@id\":\"https:\\\/\\\/pfingstrosen-paradies.de\\\/shop\\\/baumpaeonien\\\/strauch-wildarten\\\/p-potaninii-alba\\\/#breadcrumb\"},\"inLanguage\":\"en-GB\",\"potentialAction\":[{\"@type\":\"ReadAction\",\"target\":[\"https:\\\/\\\/pfingstrosen-paradies.de\\\/shop\\\/baumpaeonien\\\/strauch-wildarten\\\/p-potaninii-alba\\\/\"]}]},{\"@type\":\"ImageObject\",\"inLanguage\":\"en-GB\",\"@id\":\"https:\\\/\\\/pfingstrosen-paradies.de\\\/shop\\\/baumpaeonien\\\/strauch-wildarten\\\/p-potaninii-alba\\\/#primaryimage\",\"url\":\"https:\\\/\\\/pfingstrosen-paradies.de\\\/wp-content\\\/uploads\\\/potaninii-alba.jpg\",\"contentUrl\":\"https:\\\/\\\/pfingstrosen-paradies.de\\\/wp-content\\\/uploads\\\/potaninii-alba.jpg\",\"width\":1200,\"height\":900,\"caption\":\"P. potaninii 'alba'\"},{\"@type\":\"BreadcrumbList\",\"@id\":\"https:\\\/\\\/pfingstrosen-paradies.de\\\/shop\\\/baumpaeonien\\\/strauch-wildarten\\\/p-potaninii-alba\\\/#breadcrumb\",\"itemListElement\":[{\"@type\":\"ListItem\",\"position\":1,\"name\":\"Start\",\"item\":\"https:\\\/\\\/pfingstrosen-paradies.de\\\/\"},{\"@type\":\"ListItem\",\"position\":2,\"name\":\"Shop\",\"item\":\"https:\\\/\\\/pfingstrosen-paradies.de\\\/shop\\\/\"},{\"@type\":\"ListItem\",\"position\":3,\"name\":\"P. potaninii var. alba\"}]},{\"@type\":\"WebSite\",\"@id\":\"https:\\\/\\\/pfingstrosen-paradies.de\\\/#website\",\"url\":\"https:\\\/\\\/pfingstrosen-paradies.de\\\/\",\"name\":\"Pfingstrosen-Paradies\",\"description\":\"Fachg\u00e4rtnerei f\u00fcr Pfingstrosen\",\"publisher\":{\"@id\":\"https:\\\/\\\/pfingstrosen-paradies.de\\\/#organization\"},\"potentialAction\":[{\"@type\":\"SearchAction\",\"target\":{\"@type\":\"EntryPoint\",\"urlTemplate\":\"https:\\\/\\\/pfingstrosen-paradies.de\\\/?s={search_term_string}\"},\"query-input\":{\"@type\":\"PropertyValueSpecification\",\"valueRequired\":true,\"valueName\":\"search_term_string\"}}],\"inLanguage\":\"en-GB\"},{\"@type\":\"Organization\",\"@id\":\"https:\\\/\\\/pfingstrosen-paradies.de\\\/#organization\",\"name\":\"Pfingstrosen-Paradies\",\"url\":\"https:\\\/\\\/pfingstrosen-paradies.de\\\/\",\"logo\":{\"@type\":\"ImageObject\",\"inLanguage\":\"en-GB\",\"@id\":\"https:\\\/\\\/pfingstrosen-paradies.de\\\/#\\\/schema\\\/logo\\\/image\\\/\",\"url\":\"https:\\\/\\\/pfingstrosen-paradies.de\\\/wp-content\\\/uploads\\\/2021\\\/02\\\/logo-pfingstrosen.png\",\"contentUrl\":\"https:\\\/\\\/pfingstrosen-paradies.de\\\/wp-content\\\/uploads\\\/2021\\\/02\\\/logo-pfingstrosen.png\",\"width\":1568,\"height\":366,\"caption\":\"Pfingstrosen-Paradies\"},\"image\":{\"@id\":\"https:\\\/\\\/pfingstrosen-paradies.de\\\/#\\\/schema\\\/logo\\\/image\\\/\"}}]}<\/script>\n<!-- \/ Yoast SEO plugin. -->","yoast_head_json":{"title":"P. potaninii var. alba | Pfingstrosen-Paradies Tetzlaff","description":"Strauchp\u00e4onien, verholzende Wildarten, Wildarten | sehr niedrige, ausl\u00e4uferbildende Wildart, Rarit\u00e4t, zahlreiche einfache, wei\u00dfe Bl\u00fcten, H\u00f6he 50 cm. Aus einer Kreuzung dieser Wildart mit einer japanischen","robots":{"index":"index","follow":"follow","max-snippet":"max-snippet:-1","max-image-preview":"max-image-preview:large","max-video-preview":"max-video-preview:-1"},"canonical":"https:\/\/pfingstrosen-paradies.de\/en\/shop\/baumpaeonien\/strauch-wildarten\/p-potaninii-alba\/","og_locale":"en_GB","og_type":"article","og_title":"P. potaninii var. alba | Pfingstrosen-Paradies Tetzlaff","og_description":"Strauchp\u00e4onien, verholzende Wildarten, Wildarten | sehr niedrige, ausl\u00e4uferbildende Wildart, Rarit\u00e4t, zahlreiche einfache, wei\u00dfe Bl\u00fcten, H\u00f6he 50 cm. Aus einer Kreuzung dieser Wildart mit einer japanischen","og_url":"https:\/\/pfingstrosen-paradies.de\/en\/shop\/baumpaeonien\/strauch-wildarten\/p-potaninii-alba\/","og_site_name":"Pfingstrosen-Paradies","article_modified_time":"2026-04-17T21:41:40+00:00","og_image":[{"width":1200,"height":900,"url":"https:\/\/pfingstrosen-paradies.de\/wp-content\/uploads\/potaninii-alba.jpg","type":"image\/jpeg"}],"twitter_card":"summary_large_image","twitter_misc":{"Estimated reading time":"1 minute"},"schema":{"@context":"https:\/\/schema.org","@graph":[{"@type":"WebPage","@id":"https:\/\/pfingstrosen-paradies.de\/shop\/baumpaeonien\/strauch-wildarten\/p-potaninii-alba\/","url":"https:\/\/pfingstrosen-paradies.de\/shop\/baumpaeonien\/strauch-wildarten\/p-potaninii-alba\/","name":"P. potaninii var. alba | Pfingstrosen-Paradies Tetzlaff","isPartOf":{"@id":"https:\/\/pfingstrosen-paradies.de\/#website"},"primaryImageOfPage":{"@id":"https:\/\/pfingstrosen-paradies.de\/shop\/baumpaeonien\/strauch-wildarten\/p-potaninii-alba\/#primaryimage"},"image":{"@id":"https:\/\/pfingstrosen-paradies.de\/shop\/baumpaeonien\/strauch-wildarten\/p-potaninii-alba\/#primaryimage"},"thumbnailUrl":"https:\/\/pfingstrosen-paradies.de\/wp-content\/uploads\/potaninii-alba.jpg","datePublished":"2021-12-10T11:33:58+00:00","dateModified":"2026-04-17T21:41:40+00:00","description":"Strauchp\u00e4onien, verholzende Wildarten, Wildarten | sehr niedrige, ausl\u00e4uferbildende Wildart, Rarit\u00e4t, zahlreiche einfache, wei\u00dfe Bl\u00fcten, H\u00f6he 50 cm. Aus einer Kreuzung dieser Wildart mit einer japanischen","breadcrumb":{"@id":"https:\/\/pfingstrosen-paradies.de\/shop\/baumpaeonien\/strauch-wildarten\/p-potaninii-alba\/#breadcrumb"},"inLanguage":"en-GB","potentialAction":[{"@type":"ReadAction","target":["https:\/\/pfingstrosen-paradies.de\/shop\/baumpaeonien\/strauch-wildarten\/p-potaninii-alba\/"]}]},{"@type":"ImageObject","inLanguage":"en-GB","@id":"https:\/\/pfingstrosen-paradies.de\/shop\/baumpaeonien\/strauch-wildarten\/p-potaninii-alba\/#primaryimage","url":"https:\/\/pfingstrosen-paradies.de\/wp-content\/uploads\/potaninii-alba.jpg","contentUrl":"https:\/\/pfingstrosen-paradies.de\/wp-content\/uploads\/potaninii-alba.jpg","width":1200,"height":900,"caption":"P. potaninii 'alba'"},{"@type":"BreadcrumbList","@id":"https:\/\/pfingstrosen-paradies.de\/shop\/baumpaeonien\/strauch-wildarten\/p-potaninii-alba\/#breadcrumb","itemListElement":[{"@type":"ListItem","position":1,"name":"Start","item":"https:\/\/pfingstrosen-paradies.de\/"},{"@type":"ListItem","position":2,"name":"Shop","item":"https:\/\/pfingstrosen-paradies.de\/shop\/"},{"@type":"ListItem","position":3,"name":"P. potaninii var. alba"}]},{"@type":"WebSite","@id":"https:\/\/pfingstrosen-paradies.de\/#website","url":"https:\/\/pfingstrosen-paradies.de\/","name":"Pfingstrosen-Paradies","description":"Fachg\u00e4rtnerei f\u00fcr Pfingstrosen","publisher":{"@id":"https:\/\/pfingstrosen-paradies.de\/#organization"},"potentialAction":[{"@type":"SearchAction","target":{"@type":"EntryPoint","urlTemplate":"https:\/\/pfingstrosen-paradies.de\/?s={search_term_string}"},"query-input":{"@type":"PropertyValueSpecification","valueRequired":true,"valueName":"search_term_string"}}],"inLanguage":"en-GB"},{"@type":"Organization","@id":"https:\/\/pfingstrosen-paradies.de\/#organization","name":"Pfingstrosen-Paradies","url":"https:\/\/pfingstrosen-paradies.de\/","logo":{"@type":"ImageObject","inLanguage":"en-GB","@id":"https:\/\/pfingstrosen-paradies.de\/#\/schema\/logo\/image\/","url":"https:\/\/pfingstrosen-paradies.de\/wp-content\/uploads\/2021\/02\/logo-pfingstrosen.png","contentUrl":"https:\/\/pfingstrosen-paradies.de\/wp-content\/uploads\/2021\/02\/logo-pfingstrosen.png","width":1568,"height":366,"caption":"Pfingstrosen-Paradies"},"image":{"@id":"https:\/\/pfingstrosen-paradies.de\/#\/schema\/logo\/image\/"}}]}},"_links":{"self":[{"href":"https:\/\/pfingstrosen-paradies.de\/en\/wp-json\/wp\/v2\/product\/1331","targetHints":{"allow":["GET"]}}],"collection":[{"href":"https:\/\/pfingstrosen-paradies.de\/en\/wp-json\/wp\/v2\/product"}],"about":[{"href":"https:\/\/pfingstrosen-paradies.de\/en\/wp-json\/wp\/v2\/types\/product"}],"wp:featuredmedia":[{"embeddable":true,"href":"https:\/\/pfingstrosen-paradies.de\/en\/wp-json\/wp\/v2\/media\/1332"}],"wp:attachment":[{"href":"https:\/\/pfingstrosen-paradies.de\/en\/wp-json\/wp\/v2\/media?parent=1331"}],"wp:term":[{"taxonomy":"product_brand","embeddable":true,"href":"https:\/\/pfingstrosen-paradies.de\/en\/wp-json\/wp\/v2\/product_brand?post=1331"},{"taxonomy":"product_cat","embeddable":true,"href":"https:\/\/pfingstrosen-paradies.de\/en\/wp-json\/wp\/v2\/product_cat?post=1331"},{"taxonomy":"product_tag","embeddable":true,"href":"https:\/\/pfingstrosen-paradies.de\/en\/wp-json\/wp\/v2\/product_tag?post=1331"}],"curies":[{"name":"wp","href":"https:\/\/api.w.org\/{rel}","templated":true}]}}