{"id":1493,"date":"2021-12-12T17:32:50","date_gmt":"2021-12-12T16:32:50","guid":{"rendered":"https:\/\/pfingstrosen-paradies.de\/?post_type=product&#038;p=1493"},"modified":"2026-05-14T09:20:49","modified_gmt":"2026-05-14T07:20:49","slug":"red-charm","status":"publish","type":"product","link":"https:\/\/pfingstrosen-paradies.de\/en\/shop\/staudenpfingstrosen\/hybriden\/red-charm\/","title":{"rendered":"Red Charm"},"content":{"rendered":"<p>Red Charm z\u00e4hlt zu den herausragendsten Staudenpfingstrosen und wurde 1944 von Glasscock (USA) gez\u00fcchtet. Ihre tiefroten, bombenf\u00f6rmigen Bl\u00fcten erreichen einen Durchmesser von etwa 15-18 cm und sind stark gef\u00fcllt. Die Bl\u00fctezeit liegt im mittel-fr\u00fchen Bereich, etwa f\u00fcnf Tage sp\u00e4ter als bei der \u00e4hnlich aussehenden <strong><a href=\"https:\/\/pfingstrosen-paradies.de\/en\/shop\/staudenpfingstrosen\/stauden-wildarten\/paeonia-officinalis-rubra-plena\/\">Paeonia officinalis Rubra Plena<\/a><\/strong>, wobei Red Charm durch ihre kr\u00e4ftigeren Stiele besticht. Diese Sorte ist steril und bildet keine Seitenknospen, was ihre Nutzung als Schnittblume besonders attraktiv macht. Mit einer Wuchsh\u00f6he von 70 bis 80 cm und ihrem stabilen, aufrechten Habitus eignet sie sich hervorragend f\u00fcr Beete und Einzelstellungen, aber auch hervorragend als Schnittblume! Die Goldmedaille der American Peony Society (APS) erhielt sie 1956. Ihr leichter Duft und Ihre gute W\u00fcchsigkeit machen sie zu einer pflegeleichten und langlebigen Wahl. Als Alternative wird oft die \u00e4hnliche Sorte <a href=\"https:\/\/pfingstrosen-paradies.de\/en\/shop\/staudenpfingstrosen\/hybriden\/red-grace\/\"><strong>Red Grace<\/strong><\/a> genannt, jedoch hat Red Charm eine sch\u00f6nere Knospenform.<\/p>","protected":false},"excerpt":{"rendered":"<p>Red Charm z\u00e4hlt zu den herausragendsten Staudenpfingstrosen und wurde 1944 von Glasscock (USA) gez\u00fcchtet. Ihre tiefroten, bombenf\u00f6rmigen Bl\u00fcten erreichen einen Durchmesser von etwa 15-18 cm und sind stark gef\u00fcllt. Die Bl\u00fctezeit liegt im mittel-fr\u00fchen Bereich, etwa f\u00fcnf Tage sp\u00e4ter als bei der \u00e4hnlich aussehenden Paeonia officinalis Rubra Plena, wobei Red Charm durch ihre kr\u00e4ftigeren Stiele [&hellip;]<\/p>\n","protected":false},"featured_media":1495,"template":"","meta":[],"product_brand":[],"product_cat":[38,33,121],"product_tag":[],"class_list":{"0":"post-1493","1":"product","2":"type-product","3":"status-publish","4":"has-post-thumbnail","6":"product_cat-hybriden","7":"product_cat-staudenpfingstrosen","8":"product_cat-unsere-lieblingssorten","10":"first","11":"instock","12":"taxable","13":"shipping-taxable","14":"purchasable","15":"product-type-simple"},"featured_image_urls":{"full":["https:\/\/pfingstrosen-paradies.de\/wp-content\/uploads\/Red-Charm-2.jpg",1200,900,false],"thumbnail":["https:\/\/pfingstrosen-paradies.de\/wp-content\/uploads\/Red-Charm-2-150x150.jpg",150,150,true],"medium":["https:\/\/pfingstrosen-paradies.de\/wp-content\/uploads\/Red-Charm-2-300x225.jpg",300,225,true],"medium_large":["https:\/\/pfingstrosen-paradies.de\/wp-content\/uploads\/Red-Charm-2-768x576.jpg",768,576,true],"large":["https:\/\/pfingstrosen-paradies.de\/wp-content\/uploads\/Red-Charm-2-1024x768.jpg",1024,768,true],"1536x1536":["https:\/\/pfingstrosen-paradies.de\/wp-content\/uploads\/Red-Charm-2.jpg",1200,900,false],"2048x2048":["https:\/\/pfingstrosen-paradies.de\/wp-content\/uploads\/Red-Charm-2.jpg",1200,900,false],"trp-custom-language-flag":["https:\/\/pfingstrosen-paradies.de\/wp-content\/uploads\/Red-Charm-2-16x12.jpg",16,12,true],"ptam-block-post-grid-landscape":["https:\/\/pfingstrosen-paradies.de\/wp-content\/uploads\/Red-Charm-2-600x400.jpg",600,400,true],"ptam-block-post-grid-square":["https:\/\/pfingstrosen-paradies.de\/wp-content\/uploads\/Red-Charm-2-600x600.jpg",600,600,true],"ptam-block-post-grid-featured-landscape":["https:\/\/pfingstrosen-paradies.de\/wp-content\/uploads\/Red-Charm-2-1000x600.jpg",1000,600,true],"woocommerce_archive_thumbnail":["https:\/\/pfingstrosen-paradies.de\/wp-content\/uploads\/Red-Charm-2-400x350.jpg",400,350,true],"woocommerce_thumbnail":["https:\/\/pfingstrosen-paradies.de\/wp-content\/uploads\/Red-Charm-2-400x350.jpg",400,350,true],"woocommerce_single":["https:\/\/pfingstrosen-paradies.de\/wp-content\/uploads\/Red-Charm-2.jpg",1200,900,false],"woocommerce_gallery_thumbnail":["https:\/\/pfingstrosen-paradies.de\/wp-content\/uploads\/Red-Charm-2-100x100.jpg",100,100,true]},"post_excerpt_stackable":"<p>Red Charm z\u00e4hlt zu den herausragendsten Staudenpfingstrosen und wurde 1944 von Glasscock (USA) gez\u00fcchtet. Ihre tiefroten, bombenf\u00f6rmigen Bl\u00fcten erreichen einen Durchmesser von etwa 15-18 cm und sind stark gef\u00fcllt. Die Bl\u00fctezeit liegt im mittel-fr\u00fchen Bereich, etwa f\u00fcnf Tage sp\u00e4ter als bei der \u00e4hnlich aussehenden Paeonia officinalis Rubra Plena, wobei Red Charm durch ihre kr\u00e4ftigeren Stiele besticht. Diese Sorte ist steril und bildet keine Seitenknospen, was ihre Nutzung als Schnittblume besonders attraktiv macht. Mit einer Wuchsh\u00f6he von 70 bis 80 cm und ihrem stabilen, aufrechten Habitus eignet sie sich hervorragend f\u00fcr Beete und Einzelstellungen, aber auch hervorragend als Schnittblume! Die Goldmedaille&hellip;<\/p>\n","category_list":"","author_info":{"name":"","url":""},"comments_num":"0 comments","featured_image_urls_v2":{"full":["https:\/\/pfingstrosen-paradies.de\/wp-content\/uploads\/Red-Charm-2.jpg",1200,900,false],"thumbnail":["https:\/\/pfingstrosen-paradies.de\/wp-content\/uploads\/Red-Charm-2-150x150.jpg",150,150,true],"medium":["https:\/\/pfingstrosen-paradies.de\/wp-content\/uploads\/Red-Charm-2-300x225.jpg",300,225,true],"medium_large":["https:\/\/pfingstrosen-paradies.de\/wp-content\/uploads\/Red-Charm-2-768x576.jpg",768,576,true],"large":["https:\/\/pfingstrosen-paradies.de\/wp-content\/uploads\/Red-Charm-2-1024x768.jpg",1024,768,true],"1536x1536":["https:\/\/pfingstrosen-paradies.de\/wp-content\/uploads\/Red-Charm-2.jpg",1200,900,false],"2048x2048":["https:\/\/pfingstrosen-paradies.de\/wp-content\/uploads\/Red-Charm-2.jpg",1200,900,false],"trp-custom-language-flag":["https:\/\/pfingstrosen-paradies.de\/wp-content\/uploads\/Red-Charm-2-16x12.jpg",16,12,true],"ptam-block-post-grid-landscape":["https:\/\/pfingstrosen-paradies.de\/wp-content\/uploads\/Red-Charm-2-600x400.jpg",600,400,true],"ptam-block-post-grid-square":["https:\/\/pfingstrosen-paradies.de\/wp-content\/uploads\/Red-Charm-2-600x600.jpg",600,600,true],"ptam-block-post-grid-featured-landscape":["https:\/\/pfingstrosen-paradies.de\/wp-content\/uploads\/Red-Charm-2-1000x600.jpg",1000,600,true],"woocommerce_archive_thumbnail":["https:\/\/pfingstrosen-paradies.de\/wp-content\/uploads\/Red-Charm-2-400x350.jpg",400,350,true],"woocommerce_thumbnail":["https:\/\/pfingstrosen-paradies.de\/wp-content\/uploads\/Red-Charm-2-400x350.jpg",400,350,true],"woocommerce_single":["https:\/\/pfingstrosen-paradies.de\/wp-content\/uploads\/Red-Charm-2.jpg",1200,900,false],"woocommerce_gallery_thumbnail":["https:\/\/pfingstrosen-paradies.de\/wp-content\/uploads\/Red-Charm-2-100x100.jpg",100,100,true]},"post_excerpt_stackable_v2":"<p>Red Charm z\u00e4hlt zu den herausragendsten Staudenpfingstrosen und wurde 1944 von Glasscock (USA) gez\u00fcchtet. Ihre tiefroten, bombenf\u00f6rmigen Bl\u00fcten erreichen einen Durchmesser von etwa 15-18 cm und sind stark gef\u00fcllt. Die Bl\u00fctezeit liegt im mittel-fr\u00fchen Bereich, etwa f\u00fcnf Tage sp\u00e4ter als bei der \u00e4hnlich aussehenden Paeonia officinalis Rubra Plena, wobei Red Charm durch ihre kr\u00e4ftigeren Stiele besticht. Diese Sorte ist steril und bildet keine Seitenknospen, was ihre Nutzung als Schnittblume besonders attraktiv macht. Mit einer Wuchsh\u00f6he von 70 bis 80 cm und ihrem stabilen, aufrechten Habitus eignet sie sich hervorragend f\u00fcr Beete und Einzelstellungen, aber auch hervorragend als Schnittblume! Die Goldmedaille&hellip;<\/p>\n","category_list_v2":"","author_info_v2":{"name":"","url":""},"comments_num_v2":"0 comments","yoast_head":"<!-- This site is optimized with the Yoast SEO plugin v27.5 - https:\/\/yoast.com\/product\/yoast-seo-wordpress\/ -->\n<title>Paeonia &#039;Red Charm&#039; | Pfingstrosen-Paradies Tetzlaff<\/title>\n<meta name=\"description\" content=\"Hybriden, Staudenp\u00e4onien, Unsere Lieblingssorten | Red Charm z\u00e4hlt zu den herausragendsten Staudenpfingstrosen und wurde 1944 von Glasscock (USA) gez\u00fcchtet. Ihre tiefroten, bombenf\u00f6rmigen Bl\u00fcten erreichen\" \/>\n<meta name=\"robots\" content=\"index, follow, max-snippet:-1, max-image-preview:large, max-video-preview:-1\" \/>\n<link rel=\"canonical\" href=\"https:\/\/pfingstrosen-paradies.de\/en\/shop\/staudenpfingstrosen\/hybriden\/red-charm\/\" \/>\n<meta property=\"og:locale\" content=\"en_GB\" \/>\n<meta property=\"og:type\" content=\"article\" \/>\n<meta property=\"og:title\" content=\"Paeonia &#039;Red Charm&#039; | Pfingstrosen-Paradies Tetzlaff\" \/>\n<meta property=\"og:description\" content=\"Hybriden, Staudenp\u00e4onien, Unsere Lieblingssorten | Red Charm z\u00e4hlt zu den herausragendsten Staudenpfingstrosen und wurde 1944 von Glasscock (USA) gez\u00fcchtet. Ihre tiefroten, bombenf\u00f6rmigen Bl\u00fcten erreichen\" \/>\n<meta property=\"og:url\" content=\"https:\/\/pfingstrosen-paradies.de\/en\/shop\/staudenpfingstrosen\/hybriden\/red-charm\/\" \/>\n<meta property=\"og:site_name\" content=\"Pfingstrosen-Paradies\" \/>\n<meta property=\"article:modified_time\" content=\"2026-05-14T07:20:49+00:00\" \/>\n<meta property=\"og:image\" content=\"https:\/\/pfingstrosen-paradies.de\/wp-content\/uploads\/Red-Charm-2.jpg\" \/>\n\t<meta property=\"og:image:width\" content=\"1200\" \/>\n\t<meta property=\"og:image:height\" content=\"900\" \/>\n\t<meta property=\"og:image:type\" content=\"image\/jpeg\" \/>\n<meta name=\"twitter:card\" content=\"summary_large_image\" \/>\n<meta name=\"twitter:label1\" content=\"Estimated reading time\" \/>\n\t<meta name=\"twitter:data1\" content=\"1 minute\" \/>\n<script type=\"application\/ld+json\" class=\"yoast-schema-graph\">{\"@context\":\"https:\\\/\\\/schema.org\",\"@graph\":[{\"@type\":\"WebPage\",\"@id\":\"https:\\\/\\\/pfingstrosen-paradies.de\\\/shop\\\/staudenpfingstrosen\\\/hybriden\\\/red-charm\\\/\",\"url\":\"https:\\\/\\\/pfingstrosen-paradies.de\\\/shop\\\/staudenpfingstrosen\\\/hybriden\\\/red-charm\\\/\",\"name\":\"Paeonia 'Red Charm' | Pfingstrosen-Paradies Tetzlaff\",\"isPartOf\":{\"@id\":\"https:\\\/\\\/pfingstrosen-paradies.de\\\/#website\"},\"primaryImageOfPage\":{\"@id\":\"https:\\\/\\\/pfingstrosen-paradies.de\\\/shop\\\/staudenpfingstrosen\\\/hybriden\\\/red-charm\\\/#primaryimage\"},\"image\":{\"@id\":\"https:\\\/\\\/pfingstrosen-paradies.de\\\/shop\\\/staudenpfingstrosen\\\/hybriden\\\/red-charm\\\/#primaryimage\"},\"thumbnailUrl\":\"https:\\\/\\\/pfingstrosen-paradies.de\\\/wp-content\\\/uploads\\\/Red-Charm-2.jpg\",\"datePublished\":\"2021-12-12T16:32:50+00:00\",\"dateModified\":\"2026-05-14T07:20:49+00:00\",\"description\":\"Hybriden, Staudenp\u00e4onien, Unsere Lieblingssorten | Red Charm z\u00e4hlt zu den herausragendsten Staudenpfingstrosen und wurde 1944 von Glasscock (USA) gez\u00fcchtet. Ihre tiefroten, bombenf\u00f6rmigen Bl\u00fcten erreichen\",\"breadcrumb\":{\"@id\":\"https:\\\/\\\/pfingstrosen-paradies.de\\\/shop\\\/staudenpfingstrosen\\\/hybriden\\\/red-charm\\\/#breadcrumb\"},\"inLanguage\":\"en-GB\",\"potentialAction\":[{\"@type\":\"ReadAction\",\"target\":[\"https:\\\/\\\/pfingstrosen-paradies.de\\\/shop\\\/staudenpfingstrosen\\\/hybriden\\\/red-charm\\\/\"]}]},{\"@type\":\"ImageObject\",\"inLanguage\":\"en-GB\",\"@id\":\"https:\\\/\\\/pfingstrosen-paradies.de\\\/shop\\\/staudenpfingstrosen\\\/hybriden\\\/red-charm\\\/#primaryimage\",\"url\":\"https:\\\/\\\/pfingstrosen-paradies.de\\\/wp-content\\\/uploads\\\/Red-Charm-2.jpg\",\"contentUrl\":\"https:\\\/\\\/pfingstrosen-paradies.de\\\/wp-content\\\/uploads\\\/Red-Charm-2.jpg\",\"width\":1200,\"height\":900,\"caption\":\"Red Charm\"},{\"@type\":\"BreadcrumbList\",\"@id\":\"https:\\\/\\\/pfingstrosen-paradies.de\\\/shop\\\/staudenpfingstrosen\\\/hybriden\\\/red-charm\\\/#breadcrumb\",\"itemListElement\":[{\"@type\":\"ListItem\",\"position\":1,\"name\":\"Start\",\"item\":\"https:\\\/\\\/pfingstrosen-paradies.de\\\/\"},{\"@type\":\"ListItem\",\"position\":2,\"name\":\"Shop\",\"item\":\"https:\\\/\\\/pfingstrosen-paradies.de\\\/shop\\\/\"},{\"@type\":\"ListItem\",\"position\":3,\"name\":\"Red Charm\"}]},{\"@type\":\"WebSite\",\"@id\":\"https:\\\/\\\/pfingstrosen-paradies.de\\\/#website\",\"url\":\"https:\\\/\\\/pfingstrosen-paradies.de\\\/\",\"name\":\"Pfingstrosen-Paradies\",\"description\":\"Fachg\u00e4rtnerei f\u00fcr Pfingstrosen\",\"publisher\":{\"@id\":\"https:\\\/\\\/pfingstrosen-paradies.de\\\/#organization\"},\"potentialAction\":[{\"@type\":\"SearchAction\",\"target\":{\"@type\":\"EntryPoint\",\"urlTemplate\":\"https:\\\/\\\/pfingstrosen-paradies.de\\\/?s={search_term_string}\"},\"query-input\":{\"@type\":\"PropertyValueSpecification\",\"valueRequired\":true,\"valueName\":\"search_term_string\"}}],\"inLanguage\":\"en-GB\"},{\"@type\":\"Organization\",\"@id\":\"https:\\\/\\\/pfingstrosen-paradies.de\\\/#organization\",\"name\":\"Pfingstrosen-Paradies\",\"url\":\"https:\\\/\\\/pfingstrosen-paradies.de\\\/\",\"logo\":{\"@type\":\"ImageObject\",\"inLanguage\":\"en-GB\",\"@id\":\"https:\\\/\\\/pfingstrosen-paradies.de\\\/#\\\/schema\\\/logo\\\/image\\\/\",\"url\":\"https:\\\/\\\/pfingstrosen-paradies.de\\\/wp-content\\\/uploads\\\/2021\\\/02\\\/logo-pfingstrosen.png\",\"contentUrl\":\"https:\\\/\\\/pfingstrosen-paradies.de\\\/wp-content\\\/uploads\\\/2021\\\/02\\\/logo-pfingstrosen.png\",\"width\":1568,\"height\":366,\"caption\":\"Pfingstrosen-Paradies\"},\"image\":{\"@id\":\"https:\\\/\\\/pfingstrosen-paradies.de\\\/#\\\/schema\\\/logo\\\/image\\\/\"}}]}<\/script>\n<!-- \/ Yoast SEO plugin. -->","yoast_head_json":{"title":"Paeonia 'Red Charm' | Pfingstrosen-Paradies Tetzlaff","description":"Hybriden, Staudenp\u00e4onien, Unsere Lieblingssorten | Red Charm z\u00e4hlt zu den herausragendsten Staudenpfingstrosen und wurde 1944 von Glasscock (USA) gez\u00fcchtet. Ihre tiefroten, bombenf\u00f6rmigen Bl\u00fcten erreichen","robots":{"index":"index","follow":"follow","max-snippet":"max-snippet:-1","max-image-preview":"max-image-preview:large","max-video-preview":"max-video-preview:-1"},"canonical":"https:\/\/pfingstrosen-paradies.de\/en\/shop\/staudenpfingstrosen\/hybriden\/red-charm\/","og_locale":"en_GB","og_type":"article","og_title":"Paeonia 'Red Charm' | Pfingstrosen-Paradies Tetzlaff","og_description":"Hybriden, Staudenp\u00e4onien, Unsere Lieblingssorten | Red Charm z\u00e4hlt zu den herausragendsten Staudenpfingstrosen und wurde 1944 von Glasscock (USA) gez\u00fcchtet. Ihre tiefroten, bombenf\u00f6rmigen Bl\u00fcten erreichen","og_url":"https:\/\/pfingstrosen-paradies.de\/en\/shop\/staudenpfingstrosen\/hybriden\/red-charm\/","og_site_name":"Pfingstrosen-Paradies","article_modified_time":"2026-05-14T07:20:49+00:00","og_image":[{"width":1200,"height":900,"url":"https:\/\/pfingstrosen-paradies.de\/wp-content\/uploads\/Red-Charm-2.jpg","type":"image\/jpeg"}],"twitter_card":"summary_large_image","twitter_misc":{"Estimated reading time":"1 minute"},"schema":{"@context":"https:\/\/schema.org","@graph":[{"@type":"WebPage","@id":"https:\/\/pfingstrosen-paradies.de\/shop\/staudenpfingstrosen\/hybriden\/red-charm\/","url":"https:\/\/pfingstrosen-paradies.de\/shop\/staudenpfingstrosen\/hybriden\/red-charm\/","name":"Paeonia 'Red Charm' | Pfingstrosen-Paradies Tetzlaff","isPartOf":{"@id":"https:\/\/pfingstrosen-paradies.de\/#website"},"primaryImageOfPage":{"@id":"https:\/\/pfingstrosen-paradies.de\/shop\/staudenpfingstrosen\/hybriden\/red-charm\/#primaryimage"},"image":{"@id":"https:\/\/pfingstrosen-paradies.de\/shop\/staudenpfingstrosen\/hybriden\/red-charm\/#primaryimage"},"thumbnailUrl":"https:\/\/pfingstrosen-paradies.de\/wp-content\/uploads\/Red-Charm-2.jpg","datePublished":"2021-12-12T16:32:50+00:00","dateModified":"2026-05-14T07:20:49+00:00","description":"Hybriden, Staudenp\u00e4onien, Unsere Lieblingssorten | Red Charm z\u00e4hlt zu den herausragendsten Staudenpfingstrosen und wurde 1944 von Glasscock (USA) gez\u00fcchtet. Ihre tiefroten, bombenf\u00f6rmigen Bl\u00fcten erreichen","breadcrumb":{"@id":"https:\/\/pfingstrosen-paradies.de\/shop\/staudenpfingstrosen\/hybriden\/red-charm\/#breadcrumb"},"inLanguage":"en-GB","potentialAction":[{"@type":"ReadAction","target":["https:\/\/pfingstrosen-paradies.de\/shop\/staudenpfingstrosen\/hybriden\/red-charm\/"]}]},{"@type":"ImageObject","inLanguage":"en-GB","@id":"https:\/\/pfingstrosen-paradies.de\/shop\/staudenpfingstrosen\/hybriden\/red-charm\/#primaryimage","url":"https:\/\/pfingstrosen-paradies.de\/wp-content\/uploads\/Red-Charm-2.jpg","contentUrl":"https:\/\/pfingstrosen-paradies.de\/wp-content\/uploads\/Red-Charm-2.jpg","width":1200,"height":900,"caption":"Red Charm"},{"@type":"BreadcrumbList","@id":"https:\/\/pfingstrosen-paradies.de\/shop\/staudenpfingstrosen\/hybriden\/red-charm\/#breadcrumb","itemListElement":[{"@type":"ListItem","position":1,"name":"Start","item":"https:\/\/pfingstrosen-paradies.de\/"},{"@type":"ListItem","position":2,"name":"Shop","item":"https:\/\/pfingstrosen-paradies.de\/shop\/"},{"@type":"ListItem","position":3,"name":"Red Charm"}]},{"@type":"WebSite","@id":"https:\/\/pfingstrosen-paradies.de\/#website","url":"https:\/\/pfingstrosen-paradies.de\/","name":"Pfingstrosen-Paradies","description":"Fachg\u00e4rtnerei f\u00fcr Pfingstrosen","publisher":{"@id":"https:\/\/pfingstrosen-paradies.de\/#organization"},"potentialAction":[{"@type":"SearchAction","target":{"@type":"EntryPoint","urlTemplate":"https:\/\/pfingstrosen-paradies.de\/?s={search_term_string}"},"query-input":{"@type":"PropertyValueSpecification","valueRequired":true,"valueName":"search_term_string"}}],"inLanguage":"en-GB"},{"@type":"Organization","@id":"https:\/\/pfingstrosen-paradies.de\/#organization","name":"Pfingstrosen-Paradies","url":"https:\/\/pfingstrosen-paradies.de\/","logo":{"@type":"ImageObject","inLanguage":"en-GB","@id":"https:\/\/pfingstrosen-paradies.de\/#\/schema\/logo\/image\/","url":"https:\/\/pfingstrosen-paradies.de\/wp-content\/uploads\/2021\/02\/logo-pfingstrosen.png","contentUrl":"https:\/\/pfingstrosen-paradies.de\/wp-content\/uploads\/2021\/02\/logo-pfingstrosen.png","width":1568,"height":366,"caption":"Pfingstrosen-Paradies"},"image":{"@id":"https:\/\/pfingstrosen-paradies.de\/#\/schema\/logo\/image\/"}}]}},"_links":{"self":[{"href":"https:\/\/pfingstrosen-paradies.de\/en\/wp-json\/wp\/v2\/product\/1493","targetHints":{"allow":["GET"]}}],"collection":[{"href":"https:\/\/pfingstrosen-paradies.de\/en\/wp-json\/wp\/v2\/product"}],"about":[{"href":"https:\/\/pfingstrosen-paradies.de\/en\/wp-json\/wp\/v2\/types\/product"}],"wp:featuredmedia":[{"embeddable":true,"href":"https:\/\/pfingstrosen-paradies.de\/en\/wp-json\/wp\/v2\/media\/1495"}],"wp:attachment":[{"href":"https:\/\/pfingstrosen-paradies.de\/en\/wp-json\/wp\/v2\/media?parent=1493"}],"wp:term":[{"taxonomy":"product_brand","embeddable":true,"href":"https:\/\/pfingstrosen-paradies.de\/en\/wp-json\/wp\/v2\/product_brand?post=1493"},{"taxonomy":"product_cat","embeddable":true,"href":"https:\/\/pfingstrosen-paradies.de\/en\/wp-json\/wp\/v2\/product_cat?post=1493"},{"taxonomy":"product_tag","embeddable":true,"href":"https:\/\/pfingstrosen-paradies.de\/en\/wp-json\/wp\/v2\/product_tag?post=1493"}],"curies":[{"name":"wp","href":"https:\/\/api.w.org\/{rel}","templated":true}]}}