{"id":17594,"date":"2025-01-20T15:15:59","date_gmt":"2025-01-20T14:15:59","guid":{"rendered":"https:\/\/pfingstrosen-paradies.de\/?post_type=product&#038;p=17594"},"modified":"2026-05-01T14:53:29","modified_gmt":"2026-05-01T12:53:29","slug":"p-delavayi-var-lutea-yellow-queen","status":"publish","type":"product","link":"https:\/\/pfingstrosen-paradies.de\/en\/shop\/baumpaeonien\/strauch-wildarten\/p-delavayi-var-lutea-yellow-queen\/","title":{"rendered":"P. delavayi var. lutea &#8218;Yellow Queen&#8216;"},"content":{"rendered":"<p>Auslese der Wildart<a href=\"https:\/\/pfingstrosen-paradies.de\/en\/shop\/baumpaeonien\/strauch-wildarten\/p-lutea\/\"> P. delavayi var. lutea<\/a>, die anders als die Art keinen roten Basalfleck hat. Zahlreiche, kleine, reingelbe Bl\u00fcten. Sehr kr\u00e4ftiger Wuchs, mit 150 cm H\u00f6he und Breite.<\/p>","protected":false},"excerpt":{"rendered":"<p>Auslese der Wildart P. delavayi var. lutea, die anders als die Art keinen roten Basalfleck hat. Zahlreiche, kleine, reingelbe Bl\u00fcten. Sehr kr\u00e4ftiger Wuchs, mit 150 cm H\u00f6he und Breite.<\/p>","protected":false},"featured_media":17595,"template":"","meta":[],"product_brand":[],"product_cat":[45,34,89,46],"product_tag":[],"class_list":{"0":"post-17594","1":"product","2":"type-product","3":"status-publish","4":"has-post-thumbnail","6":"product_cat-neu-im-sortiment","7":"product_cat-baumpaeonien","8":"product_cat-strauch-wildarten","9":"product_cat-wildarten","11":"first","12":"instock","13":"taxable","14":"shipping-taxable","15":"purchasable","16":"product-type-simple"},"featured_image_urls":{"full":["https:\/\/pfingstrosen-paradies.de\/wp-content\/uploads\/P.-del.-Yellow-Queen.jpg",1036,790,false],"thumbnail":["https:\/\/pfingstrosen-paradies.de\/wp-content\/uploads\/P.-del.-Yellow-Queen-150x150.jpg",150,150,true],"medium":["https:\/\/pfingstrosen-paradies.de\/wp-content\/uploads\/P.-del.-Yellow-Queen-300x229.jpg",300,229,true],"medium_large":["https:\/\/pfingstrosen-paradies.de\/wp-content\/uploads\/P.-del.-Yellow-Queen-768x586.jpg",768,586,true],"large":["https:\/\/pfingstrosen-paradies.de\/wp-content\/uploads\/P.-del.-Yellow-Queen-1024x781.jpg",1024,781,true],"1536x1536":["https:\/\/pfingstrosen-paradies.de\/wp-content\/uploads\/P.-del.-Yellow-Queen.jpg",1036,790,false],"2048x2048":["https:\/\/pfingstrosen-paradies.de\/wp-content\/uploads\/P.-del.-Yellow-Queen.jpg",1036,790,false],"trp-custom-language-flag":["https:\/\/pfingstrosen-paradies.de\/wp-content\/uploads\/P.-del.-Yellow-Queen-16x12.jpg",16,12,true],"ptam-block-post-grid-landscape":["https:\/\/pfingstrosen-paradies.de\/wp-content\/uploads\/P.-del.-Yellow-Queen-600x400.jpg",600,400,true],"ptam-block-post-grid-square":["https:\/\/pfingstrosen-paradies.de\/wp-content\/uploads\/P.-del.-Yellow-Queen-600x600.jpg",600,600,true],"ptam-block-post-grid-featured-landscape":["https:\/\/pfingstrosen-paradies.de\/wp-content\/uploads\/P.-del.-Yellow-Queen-1000x600.jpg",1000,600,true],"woocommerce_archive_thumbnail":["https:\/\/pfingstrosen-paradies.de\/wp-content\/uploads\/P.-del.-Yellow-Queen-400x350.jpg",400,350,true],"woocommerce_thumbnail":["https:\/\/pfingstrosen-paradies.de\/wp-content\/uploads\/P.-del.-Yellow-Queen-400x350.jpg",400,350,true],"woocommerce_single":["https:\/\/pfingstrosen-paradies.de\/wp-content\/uploads\/P.-del.-Yellow-Queen.jpg",1036,790,false],"woocommerce_gallery_thumbnail":["https:\/\/pfingstrosen-paradies.de\/wp-content\/uploads\/P.-del.-Yellow-Queen-100x100.jpg",100,100,true]},"post_excerpt_stackable":"<p>Auslese der Wildart P. delavayi var. lutea, die anders als die Art keinen roten Basalfleck hat. Zahlreiche, kleine, reingelbe Bl\u00fcten. Sehr kr\u00e4ftiger Wuchs, mit 150 cm H\u00f6he und Breite.<\/p>\n","category_list":"","author_info":{"name":"","url":""},"comments_num":"0 comments","featured_image_urls_v2":{"full":["https:\/\/pfingstrosen-paradies.de\/wp-content\/uploads\/P.-del.-Yellow-Queen.jpg",1036,790,false],"thumbnail":["https:\/\/pfingstrosen-paradies.de\/wp-content\/uploads\/P.-del.-Yellow-Queen-150x150.jpg",150,150,true],"medium":["https:\/\/pfingstrosen-paradies.de\/wp-content\/uploads\/P.-del.-Yellow-Queen-300x229.jpg",300,229,true],"medium_large":["https:\/\/pfingstrosen-paradies.de\/wp-content\/uploads\/P.-del.-Yellow-Queen-768x586.jpg",768,586,true],"large":["https:\/\/pfingstrosen-paradies.de\/wp-content\/uploads\/P.-del.-Yellow-Queen-1024x781.jpg",1024,781,true],"1536x1536":["https:\/\/pfingstrosen-paradies.de\/wp-content\/uploads\/P.-del.-Yellow-Queen.jpg",1036,790,false],"2048x2048":["https:\/\/pfingstrosen-paradies.de\/wp-content\/uploads\/P.-del.-Yellow-Queen.jpg",1036,790,false],"trp-custom-language-flag":["https:\/\/pfingstrosen-paradies.de\/wp-content\/uploads\/P.-del.-Yellow-Queen-16x12.jpg",16,12,true],"ptam-block-post-grid-landscape":["https:\/\/pfingstrosen-paradies.de\/wp-content\/uploads\/P.-del.-Yellow-Queen-600x400.jpg",600,400,true],"ptam-block-post-grid-square":["https:\/\/pfingstrosen-paradies.de\/wp-content\/uploads\/P.-del.-Yellow-Queen-600x600.jpg",600,600,true],"ptam-block-post-grid-featured-landscape":["https:\/\/pfingstrosen-paradies.de\/wp-content\/uploads\/P.-del.-Yellow-Queen-1000x600.jpg",1000,600,true],"woocommerce_archive_thumbnail":["https:\/\/pfingstrosen-paradies.de\/wp-content\/uploads\/P.-del.-Yellow-Queen-400x350.jpg",400,350,true],"woocommerce_thumbnail":["https:\/\/pfingstrosen-paradies.de\/wp-content\/uploads\/P.-del.-Yellow-Queen-400x350.jpg",400,350,true],"woocommerce_single":["https:\/\/pfingstrosen-paradies.de\/wp-content\/uploads\/P.-del.-Yellow-Queen.jpg",1036,790,false],"woocommerce_gallery_thumbnail":["https:\/\/pfingstrosen-paradies.de\/wp-content\/uploads\/P.-del.-Yellow-Queen-100x100.jpg",100,100,true]},"post_excerpt_stackable_v2":"<p>Auslese der Wildart P. delavayi var. lutea, die anders als die Art keinen roten Basalfleck hat. Zahlreiche, kleine, reingelbe Bl\u00fcten. Sehr kr\u00e4ftiger Wuchs, mit 150 cm H\u00f6he und Breite.<\/p>\n","category_list_v2":"","author_info_v2":{"name":"","url":""},"comments_num_v2":"0 comments","yoast_head":"<!-- This site is optimized with the Yoast SEO plugin v27.3 - https:\/\/yoast.com\/product\/yoast-seo-wordpress\/ -->\n<title>Paeonia &#039;P. delavayi var. lutea &#039;Yellow Queen&#039;&#039; | Pfingstrosen-Paradies Tetzlaff<\/title>\n<meta name=\"description\" content=\"Neuheiten, Strauchp\u00e4onien, verholzende Wildarten, Wildarten | Auslese der Wildart P. delavayi var. lutea, die anders als die Art keinen roten Basalfleck hat. Zahlreiche, kleine, reingelbe Bl\u00fcten. Sehr kr\u00e4ftiger\" \/>\n<meta name=\"robots\" content=\"index, follow, max-snippet:-1, max-image-preview:large, max-video-preview:-1\" \/>\n<link rel=\"canonical\" href=\"https:\/\/pfingstrosen-paradies.de\/en\/shop\/baumpaeonien\/strauch-wildarten\/p-delavayi-var-lutea-yellow-queen\/\" \/>\n<meta property=\"og:locale\" content=\"en_GB\" \/>\n<meta property=\"og:type\" content=\"article\" \/>\n<meta property=\"og:title\" content=\"Paeonia &#039;P. delavayi var. lutea &#039;Yellow Queen&#039;&#039; | Pfingstrosen-Paradies Tetzlaff\" \/>\n<meta property=\"og:description\" content=\"Neuheiten, Strauchp\u00e4onien, verholzende Wildarten, Wildarten | Auslese der Wildart P. delavayi var. lutea, die anders als die Art keinen roten Basalfleck hat. Zahlreiche, kleine, reingelbe Bl\u00fcten. Sehr kr\u00e4ftiger\" \/>\n<meta property=\"og:url\" content=\"https:\/\/pfingstrosen-paradies.de\/en\/shop\/baumpaeonien\/strauch-wildarten\/p-delavayi-var-lutea-yellow-queen\/\" \/>\n<meta property=\"og:site_name\" content=\"Pfingstrosen-Paradies\" \/>\n<meta property=\"article:modified_time\" content=\"2026-05-01T12:53:29+00:00\" \/>\n<meta property=\"og:image\" content=\"https:\/\/pfingstrosen-paradies.de\/wp-content\/uploads\/P.-del.-Yellow-Queen.jpg\" \/>\n\t<meta property=\"og:image:width\" content=\"1036\" \/>\n\t<meta property=\"og:image:height\" content=\"790\" \/>\n\t<meta property=\"og:image:type\" content=\"image\/jpeg\" \/>\n<meta name=\"twitter:card\" content=\"summary_large_image\" \/>\n<meta name=\"twitter:label1\" content=\"Estimated reading time\" \/>\n\t<meta name=\"twitter:data1\" content=\"1 minute\" \/>\n<script type=\"application\/ld+json\" class=\"yoast-schema-graph\">{\"@context\":\"https:\\\/\\\/schema.org\",\"@graph\":[{\"@type\":\"WebPage\",\"@id\":\"https:\\\/\\\/pfingstrosen-paradies.de\\\/shop\\\/baumpaeonien\\\/strauch-wildarten\\\/p-delavayi-var-lutea-yellow-queen\\\/\",\"url\":\"https:\\\/\\\/pfingstrosen-paradies.de\\\/shop\\\/baumpaeonien\\\/strauch-wildarten\\\/p-delavayi-var-lutea-yellow-queen\\\/\",\"name\":\"Paeonia 'P. delavayi var. lutea 'Yellow Queen'' | Pfingstrosen-Paradies Tetzlaff\",\"isPartOf\":{\"@id\":\"https:\\\/\\\/pfingstrosen-paradies.de\\\/#website\"},\"primaryImageOfPage\":{\"@id\":\"https:\\\/\\\/pfingstrosen-paradies.de\\\/shop\\\/baumpaeonien\\\/strauch-wildarten\\\/p-delavayi-var-lutea-yellow-queen\\\/#primaryimage\"},\"image\":{\"@id\":\"https:\\\/\\\/pfingstrosen-paradies.de\\\/shop\\\/baumpaeonien\\\/strauch-wildarten\\\/p-delavayi-var-lutea-yellow-queen\\\/#primaryimage\"},\"thumbnailUrl\":\"https:\\\/\\\/pfingstrosen-paradies.de\\\/wp-content\\\/uploads\\\/P.-del.-Yellow-Queen.jpg\",\"datePublished\":\"2025-01-20T14:15:59+00:00\",\"dateModified\":\"2026-05-01T12:53:29+00:00\",\"description\":\"Neuheiten, Strauchp\u00e4onien, verholzende Wildarten, Wildarten | Auslese der Wildart P. delavayi var. lutea, die anders als die Art keinen roten Basalfleck hat. Zahlreiche, kleine, reingelbe Bl\u00fcten. Sehr kr\u00e4ftiger\",\"breadcrumb\":{\"@id\":\"https:\\\/\\\/pfingstrosen-paradies.de\\\/shop\\\/baumpaeonien\\\/strauch-wildarten\\\/p-delavayi-var-lutea-yellow-queen\\\/#breadcrumb\"},\"inLanguage\":\"en-GB\",\"potentialAction\":[{\"@type\":\"ReadAction\",\"target\":[\"https:\\\/\\\/pfingstrosen-paradies.de\\\/shop\\\/baumpaeonien\\\/strauch-wildarten\\\/p-delavayi-var-lutea-yellow-queen\\\/\"]}]},{\"@type\":\"ImageObject\",\"inLanguage\":\"en-GB\",\"@id\":\"https:\\\/\\\/pfingstrosen-paradies.de\\\/shop\\\/baumpaeonien\\\/strauch-wildarten\\\/p-delavayi-var-lutea-yellow-queen\\\/#primaryimage\",\"url\":\"https:\\\/\\\/pfingstrosen-paradies.de\\\/wp-content\\\/uploads\\\/P.-del.-Yellow-Queen.jpg\",\"contentUrl\":\"https:\\\/\\\/pfingstrosen-paradies.de\\\/wp-content\\\/uploads\\\/P.-del.-Yellow-Queen.jpg\",\"width\":1036,\"height\":790,\"caption\":\"P. delavayi var. lutea Yellow Queen\"},{\"@type\":\"BreadcrumbList\",\"@id\":\"https:\\\/\\\/pfingstrosen-paradies.de\\\/shop\\\/baumpaeonien\\\/strauch-wildarten\\\/p-delavayi-var-lutea-yellow-queen\\\/#breadcrumb\",\"itemListElement\":[{\"@type\":\"ListItem\",\"position\":1,\"name\":\"Start\",\"item\":\"https:\\\/\\\/pfingstrosen-paradies.de\\\/\"},{\"@type\":\"ListItem\",\"position\":2,\"name\":\"Shop\",\"item\":\"https:\\\/\\\/pfingstrosen-paradies.de\\\/shop\\\/\"},{\"@type\":\"ListItem\",\"position\":3,\"name\":\"P. delavayi var. lutea &#8218;Yellow Queen&#8216;\"}]},{\"@type\":\"WebSite\",\"@id\":\"https:\\\/\\\/pfingstrosen-paradies.de\\\/#website\",\"url\":\"https:\\\/\\\/pfingstrosen-paradies.de\\\/\",\"name\":\"Pfingstrosen-Paradies\",\"description\":\"Fachg\u00e4rtnerei f\u00fcr Pfingstrosen\",\"publisher\":{\"@id\":\"https:\\\/\\\/pfingstrosen-paradies.de\\\/#organization\"},\"potentialAction\":[{\"@type\":\"SearchAction\",\"target\":{\"@type\":\"EntryPoint\",\"urlTemplate\":\"https:\\\/\\\/pfingstrosen-paradies.de\\\/?s={search_term_string}\"},\"query-input\":{\"@type\":\"PropertyValueSpecification\",\"valueRequired\":true,\"valueName\":\"search_term_string\"}}],\"inLanguage\":\"en-GB\"},{\"@type\":\"Organization\",\"@id\":\"https:\\\/\\\/pfingstrosen-paradies.de\\\/#organization\",\"name\":\"Pfingstrosen-Paradies\",\"url\":\"https:\\\/\\\/pfingstrosen-paradies.de\\\/\",\"logo\":{\"@type\":\"ImageObject\",\"inLanguage\":\"en-GB\",\"@id\":\"https:\\\/\\\/pfingstrosen-paradies.de\\\/#\\\/schema\\\/logo\\\/image\\\/\",\"url\":\"https:\\\/\\\/pfingstrosen-paradies.de\\\/wp-content\\\/uploads\\\/2021\\\/02\\\/logo-pfingstrosen.png\",\"contentUrl\":\"https:\\\/\\\/pfingstrosen-paradies.de\\\/wp-content\\\/uploads\\\/2021\\\/02\\\/logo-pfingstrosen.png\",\"width\":1568,\"height\":366,\"caption\":\"Pfingstrosen-Paradies\"},\"image\":{\"@id\":\"https:\\\/\\\/pfingstrosen-paradies.de\\\/#\\\/schema\\\/logo\\\/image\\\/\"}}]}<\/script>\n<!-- \/ Yoast SEO plugin. -->","yoast_head_json":{"title":"Paeonia 'P. delavayi var. lutea 'Yellow Queen'' | Pfingstrosen-Paradies Tetzlaff","description":"Neuheiten, Strauchp\u00e4onien, verholzende Wildarten, Wildarten | Auslese der Wildart P. delavayi var. lutea, die anders als die Art keinen roten Basalfleck hat. Zahlreiche, kleine, reingelbe Bl\u00fcten. Sehr kr\u00e4ftiger","robots":{"index":"index","follow":"follow","max-snippet":"max-snippet:-1","max-image-preview":"max-image-preview:large","max-video-preview":"max-video-preview:-1"},"canonical":"https:\/\/pfingstrosen-paradies.de\/en\/shop\/baumpaeonien\/strauch-wildarten\/p-delavayi-var-lutea-yellow-queen\/","og_locale":"en_GB","og_type":"article","og_title":"Paeonia 'P. delavayi var. lutea 'Yellow Queen'' | Pfingstrosen-Paradies Tetzlaff","og_description":"Neuheiten, Strauchp\u00e4onien, verholzende Wildarten, Wildarten | Auslese der Wildart P. delavayi var. lutea, die anders als die Art keinen roten Basalfleck hat. Zahlreiche, kleine, reingelbe Bl\u00fcten. Sehr kr\u00e4ftiger","og_url":"https:\/\/pfingstrosen-paradies.de\/en\/shop\/baumpaeonien\/strauch-wildarten\/p-delavayi-var-lutea-yellow-queen\/","og_site_name":"Pfingstrosen-Paradies","article_modified_time":"2026-05-01T12:53:29+00:00","og_image":[{"width":1036,"height":790,"url":"https:\/\/pfingstrosen-paradies.de\/wp-content\/uploads\/P.-del.-Yellow-Queen.jpg","type":"image\/jpeg"}],"twitter_card":"summary_large_image","twitter_misc":{"Estimated reading time":"1 minute"},"schema":{"@context":"https:\/\/schema.org","@graph":[{"@type":"WebPage","@id":"https:\/\/pfingstrosen-paradies.de\/shop\/baumpaeonien\/strauch-wildarten\/p-delavayi-var-lutea-yellow-queen\/","url":"https:\/\/pfingstrosen-paradies.de\/shop\/baumpaeonien\/strauch-wildarten\/p-delavayi-var-lutea-yellow-queen\/","name":"Paeonia 'P. delavayi var. lutea 'Yellow Queen'' | Pfingstrosen-Paradies Tetzlaff","isPartOf":{"@id":"https:\/\/pfingstrosen-paradies.de\/#website"},"primaryImageOfPage":{"@id":"https:\/\/pfingstrosen-paradies.de\/shop\/baumpaeonien\/strauch-wildarten\/p-delavayi-var-lutea-yellow-queen\/#primaryimage"},"image":{"@id":"https:\/\/pfingstrosen-paradies.de\/shop\/baumpaeonien\/strauch-wildarten\/p-delavayi-var-lutea-yellow-queen\/#primaryimage"},"thumbnailUrl":"https:\/\/pfingstrosen-paradies.de\/wp-content\/uploads\/P.-del.-Yellow-Queen.jpg","datePublished":"2025-01-20T14:15:59+00:00","dateModified":"2026-05-01T12:53:29+00:00","description":"Neuheiten, Strauchp\u00e4onien, verholzende Wildarten, Wildarten | Auslese der Wildart P. delavayi var. lutea, die anders als die Art keinen roten Basalfleck hat. Zahlreiche, kleine, reingelbe Bl\u00fcten. Sehr kr\u00e4ftiger","breadcrumb":{"@id":"https:\/\/pfingstrosen-paradies.de\/shop\/baumpaeonien\/strauch-wildarten\/p-delavayi-var-lutea-yellow-queen\/#breadcrumb"},"inLanguage":"en-GB","potentialAction":[{"@type":"ReadAction","target":["https:\/\/pfingstrosen-paradies.de\/shop\/baumpaeonien\/strauch-wildarten\/p-delavayi-var-lutea-yellow-queen\/"]}]},{"@type":"ImageObject","inLanguage":"en-GB","@id":"https:\/\/pfingstrosen-paradies.de\/shop\/baumpaeonien\/strauch-wildarten\/p-delavayi-var-lutea-yellow-queen\/#primaryimage","url":"https:\/\/pfingstrosen-paradies.de\/wp-content\/uploads\/P.-del.-Yellow-Queen.jpg","contentUrl":"https:\/\/pfingstrosen-paradies.de\/wp-content\/uploads\/P.-del.-Yellow-Queen.jpg","width":1036,"height":790,"caption":"P. delavayi var. lutea Yellow Queen"},{"@type":"BreadcrumbList","@id":"https:\/\/pfingstrosen-paradies.de\/shop\/baumpaeonien\/strauch-wildarten\/p-delavayi-var-lutea-yellow-queen\/#breadcrumb","itemListElement":[{"@type":"ListItem","position":1,"name":"Start","item":"https:\/\/pfingstrosen-paradies.de\/"},{"@type":"ListItem","position":2,"name":"Shop","item":"https:\/\/pfingstrosen-paradies.de\/shop\/"},{"@type":"ListItem","position":3,"name":"P. delavayi var. lutea &#8218;Yellow Queen&#8216;"}]},{"@type":"WebSite","@id":"https:\/\/pfingstrosen-paradies.de\/#website","url":"https:\/\/pfingstrosen-paradies.de\/","name":"Pfingstrosen-Paradies","description":"Fachg\u00e4rtnerei f\u00fcr Pfingstrosen","publisher":{"@id":"https:\/\/pfingstrosen-paradies.de\/#organization"},"potentialAction":[{"@type":"SearchAction","target":{"@type":"EntryPoint","urlTemplate":"https:\/\/pfingstrosen-paradies.de\/?s={search_term_string}"},"query-input":{"@type":"PropertyValueSpecification","valueRequired":true,"valueName":"search_term_string"}}],"inLanguage":"en-GB"},{"@type":"Organization","@id":"https:\/\/pfingstrosen-paradies.de\/#organization","name":"Pfingstrosen-Paradies","url":"https:\/\/pfingstrosen-paradies.de\/","logo":{"@type":"ImageObject","inLanguage":"en-GB","@id":"https:\/\/pfingstrosen-paradies.de\/#\/schema\/logo\/image\/","url":"https:\/\/pfingstrosen-paradies.de\/wp-content\/uploads\/2021\/02\/logo-pfingstrosen.png","contentUrl":"https:\/\/pfingstrosen-paradies.de\/wp-content\/uploads\/2021\/02\/logo-pfingstrosen.png","width":1568,"height":366,"caption":"Pfingstrosen-Paradies"},"image":{"@id":"https:\/\/pfingstrosen-paradies.de\/#\/schema\/logo\/image\/"}}]}},"_links":{"self":[{"href":"https:\/\/pfingstrosen-paradies.de\/en\/wp-json\/wp\/v2\/product\/17594","targetHints":{"allow":["GET"]}}],"collection":[{"href":"https:\/\/pfingstrosen-paradies.de\/en\/wp-json\/wp\/v2\/product"}],"about":[{"href":"https:\/\/pfingstrosen-paradies.de\/en\/wp-json\/wp\/v2\/types\/product"}],"wp:featuredmedia":[{"embeddable":true,"href":"https:\/\/pfingstrosen-paradies.de\/en\/wp-json\/wp\/v2\/media\/17595"}],"wp:attachment":[{"href":"https:\/\/pfingstrosen-paradies.de\/en\/wp-json\/wp\/v2\/media?parent=17594"}],"wp:term":[{"taxonomy":"product_brand","embeddable":true,"href":"https:\/\/pfingstrosen-paradies.de\/en\/wp-json\/wp\/v2\/product_brand?post=17594"},{"taxonomy":"product_cat","embeddable":true,"href":"https:\/\/pfingstrosen-paradies.de\/en\/wp-json\/wp\/v2\/product_cat?post=17594"},{"taxonomy":"product_tag","embeddable":true,"href":"https:\/\/pfingstrosen-paradies.de\/en\/wp-json\/wp\/v2\/product_tag?post=17594"}],"curies":[{"name":"wp","href":"https:\/\/api.w.org\/{rel}","templated":true}]}}