{"id":18110,"date":"2025-01-30T09:34:13","date_gmt":"2025-01-30T08:34:13","guid":{"rendered":"https:\/\/pfingstrosen-paradies.de\/?post_type=product&#038;p=18110"},"modified":"2026-02-25T11:11:33","modified_gmt":"2026-02-25T10:11:33","slug":"colonel-owen-cousins","status":"publish","type":"product","link":"https:\/\/pfingstrosen-paradies.de\/en\/shop\/staudenpfingstrosen\/hybriden\/colonel-owen-cousins\/","title":{"rendered":"Colonel Owen Cousins"},"content":{"rendered":"<p>Although 'Colonel Owen Cousins' was introduced over 50 years ago by Couisns and Klehm, it has only recently become known worldwide. The variety is therefore still a rarity, but its unique coloring is impressive. The flowers are bomb-shaped, double and open with a delicate hint of pink and a mixture of cream and white. It flowers early in the season and exudes a light, pleasant fragrance and is also stable at 60-70 cm in height. This form and color so early in the season are still very rare! Probably a cross between Little Dorit and a quadruple hybrid from Saunders. There is no doubt that 'Colonel Owen Cousins' has earned its place in the peony assortment.<\/p>","protected":false},"excerpt":{"rendered":"<p>Obwohl &#8218;Colonel Owen Cousins&#8216; schon vor \u00fcber 50 Jahren von Couisns und Klehm eingef\u00fchrt wurde, hat sie erst vor kurzem weltweit Bekanntheit erlangt. Die Sorte ist also noch eine Rarit\u00e4t, aber \u00fcberzeugt durch Ihre einzigartige Farbgebung. Die Bl\u00fcten sind bombenf\u00f6rmig gef\u00fcllt, \u00f6ffnen mit einem zarten Hauch von Rosa und einer Mischung von Creme-Wei\u00df. Sie bl\u00fcht [&hellip;]<\/p>\n","protected":false},"featured_media":18111,"template":"","meta":[],"product_brand":[],"product_cat":[38,33],"product_tag":[],"class_list":{"0":"post-18110","1":"product","2":"type-product","3":"status-publish","4":"has-post-thumbnail","6":"product_cat-hybriden","7":"product_cat-staudenpfingstrosen","9":"first","10":"outofstock","11":"taxable","12":"shipping-taxable","13":"purchasable","14":"product-type-simple"},"featured_image_urls":{"full":["https:\/\/pfingstrosen-paradies.de\/wp-content\/uploads\/Colonel-Owen-Cousins-H.-Jansen.jpg",1280,960,false],"thumbnail":["https:\/\/pfingstrosen-paradies.de\/wp-content\/uploads\/Colonel-Owen-Cousins-H.-Jansen-150x150.jpg",150,150,true],"medium":["https:\/\/pfingstrosen-paradies.de\/wp-content\/uploads\/Colonel-Owen-Cousins-H.-Jansen-300x225.jpg",300,225,true],"medium_large":["https:\/\/pfingstrosen-paradies.de\/wp-content\/uploads\/Colonel-Owen-Cousins-H.-Jansen-768x576.jpg",768,576,true],"large":["https:\/\/pfingstrosen-paradies.de\/wp-content\/uploads\/Colonel-Owen-Cousins-H.-Jansen-1024x768.jpg",1024,768,true],"1536x1536":["https:\/\/pfingstrosen-paradies.de\/wp-content\/uploads\/Colonel-Owen-Cousins-H.-Jansen.jpg",1280,960,false],"2048x2048":["https:\/\/pfingstrosen-paradies.de\/wp-content\/uploads\/Colonel-Owen-Cousins-H.-Jansen.jpg",1280,960,false],"trp-custom-language-flag":["https:\/\/pfingstrosen-paradies.de\/wp-content\/uploads\/Colonel-Owen-Cousins-H.-Jansen-16x12.jpg",16,12,true],"ptam-block-post-grid-landscape":["https:\/\/pfingstrosen-paradies.de\/wp-content\/uploads\/Colonel-Owen-Cousins-H.-Jansen-600x400.jpg",600,400,true],"ptam-block-post-grid-square":["https:\/\/pfingstrosen-paradies.de\/wp-content\/uploads\/Colonel-Owen-Cousins-H.-Jansen-600x600.jpg",600,600,true],"ptam-block-post-grid-featured-landscape":["https:\/\/pfingstrosen-paradies.de\/wp-content\/uploads\/Colonel-Owen-Cousins-H.-Jansen-1000x600.jpg",1000,600,true],"woocommerce_archive_thumbnail":["https:\/\/pfingstrosen-paradies.de\/wp-content\/uploads\/Colonel-Owen-Cousins-H.-Jansen-400x350.jpg",400,350,true],"woocommerce_thumbnail":["https:\/\/pfingstrosen-paradies.de\/wp-content\/uploads\/Colonel-Owen-Cousins-H.-Jansen-400x350.jpg",400,350,true],"woocommerce_single":["https:\/\/pfingstrosen-paradies.de\/wp-content\/uploads\/Colonel-Owen-Cousins-H.-Jansen-1200x900.jpg",1200,900,true],"woocommerce_gallery_thumbnail":["https:\/\/pfingstrosen-paradies.de\/wp-content\/uploads\/Colonel-Owen-Cousins-H.-Jansen-100x100.jpg",100,100,true]},"post_excerpt_stackable":"<p>Obwohl &#8218;Colonel Owen Cousins&#8216; schon vor \u00fcber 50 Jahren von Couisns und Klehm eingef\u00fchrt wurde, hat sie erst vor kurzem weltweit Bekanntheit erlangt. Die Sorte ist also noch eine Rarit\u00e4t, aber \u00fcberzeugt durch Ihre einzigartige Farbgebung. Die Bl\u00fcten sind bombenf\u00f6rmig gef\u00fcllt, \u00f6ffnen mit einem zarten Hauch von Rosa und einer Mischung von Creme-Wei\u00df. Sie bl\u00fcht fr\u00fch in der Saison und verstr\u00f6mt einen leichten, angenehmen Duft und ist zudem standfest, bei 60-70 cm H\u00f6he. Diese Form und Farbe so fr\u00fch in der Saison sind noch sehr selten! Vorraussichtlich aus einer Kreuzung von Little Dorit und einer Vierfach-Hybride von Saunders entstanden. Zweifelsohne&hellip;<\/p>\n","category_list":"","author_info":{"name":"","url":""},"comments_num":"0 comments","featured_image_urls_v2":{"full":["https:\/\/pfingstrosen-paradies.de\/wp-content\/uploads\/Colonel-Owen-Cousins-H.-Jansen.jpg",1280,960,false],"thumbnail":["https:\/\/pfingstrosen-paradies.de\/wp-content\/uploads\/Colonel-Owen-Cousins-H.-Jansen-150x150.jpg",150,150,true],"medium":["https:\/\/pfingstrosen-paradies.de\/wp-content\/uploads\/Colonel-Owen-Cousins-H.-Jansen-300x225.jpg",300,225,true],"medium_large":["https:\/\/pfingstrosen-paradies.de\/wp-content\/uploads\/Colonel-Owen-Cousins-H.-Jansen-768x576.jpg",768,576,true],"large":["https:\/\/pfingstrosen-paradies.de\/wp-content\/uploads\/Colonel-Owen-Cousins-H.-Jansen-1024x768.jpg",1024,768,true],"1536x1536":["https:\/\/pfingstrosen-paradies.de\/wp-content\/uploads\/Colonel-Owen-Cousins-H.-Jansen.jpg",1280,960,false],"2048x2048":["https:\/\/pfingstrosen-paradies.de\/wp-content\/uploads\/Colonel-Owen-Cousins-H.-Jansen.jpg",1280,960,false],"trp-custom-language-flag":["https:\/\/pfingstrosen-paradies.de\/wp-content\/uploads\/Colonel-Owen-Cousins-H.-Jansen-16x12.jpg",16,12,true],"ptam-block-post-grid-landscape":["https:\/\/pfingstrosen-paradies.de\/wp-content\/uploads\/Colonel-Owen-Cousins-H.-Jansen-600x400.jpg",600,400,true],"ptam-block-post-grid-square":["https:\/\/pfingstrosen-paradies.de\/wp-content\/uploads\/Colonel-Owen-Cousins-H.-Jansen-600x600.jpg",600,600,true],"ptam-block-post-grid-featured-landscape":["https:\/\/pfingstrosen-paradies.de\/wp-content\/uploads\/Colonel-Owen-Cousins-H.-Jansen-1000x600.jpg",1000,600,true],"woocommerce_archive_thumbnail":["https:\/\/pfingstrosen-paradies.de\/wp-content\/uploads\/Colonel-Owen-Cousins-H.-Jansen-400x350.jpg",400,350,true],"woocommerce_thumbnail":["https:\/\/pfingstrosen-paradies.de\/wp-content\/uploads\/Colonel-Owen-Cousins-H.-Jansen-400x350.jpg",400,350,true],"woocommerce_single":["https:\/\/pfingstrosen-paradies.de\/wp-content\/uploads\/Colonel-Owen-Cousins-H.-Jansen-1200x900.jpg",1200,900,true],"woocommerce_gallery_thumbnail":["https:\/\/pfingstrosen-paradies.de\/wp-content\/uploads\/Colonel-Owen-Cousins-H.-Jansen-100x100.jpg",100,100,true]},"post_excerpt_stackable_v2":"<p>Obwohl &#8218;Colonel Owen Cousins&#8216; schon vor \u00fcber 50 Jahren von Couisns und Klehm eingef\u00fchrt wurde, hat sie erst vor kurzem weltweit Bekanntheit erlangt. Die Sorte ist also noch eine Rarit\u00e4t, aber \u00fcberzeugt durch Ihre einzigartige Farbgebung. Die Bl\u00fcten sind bombenf\u00f6rmig gef\u00fcllt, \u00f6ffnen mit einem zarten Hauch von Rosa und einer Mischung von Creme-Wei\u00df. Sie bl\u00fcht fr\u00fch in der Saison und verstr\u00f6mt einen leichten, angenehmen Duft und ist zudem standfest, bei 60-70 cm H\u00f6he. Diese Form und Farbe so fr\u00fch in der Saison sind noch sehr selten! Vorraussichtlich aus einer Kreuzung von Little Dorit und einer Vierfach-Hybride von Saunders entstanden. Zweifelsohne&hellip;<\/p>\n","category_list_v2":"","author_info_v2":{"name":"","url":""},"comments_num_v2":"0 comments","yoast_head":"<!-- This site is optimized with the Yoast SEO plugin v27.1.1 - https:\/\/yoast.com\/product\/yoast-seo-wordpress\/ -->\n<title>Paeonia &#039;Colonel Owen Cousins&#039; | Pfingstrosen-Paradies Tetzlaff<\/title>\n<meta name=\"description\" content=\"Hybriden, Staudenp\u00e4onien | Obwohl &#039;Colonel Owen Cousins&#039; schon vor \u00fcber 50 Jahren von Couisns und Klehm eingef\u00fchrt wurde, hat sie erst vor kurzem weltweit Bekanntheit erlangt. Die\" \/>\n<meta name=\"robots\" content=\"index, follow, max-snippet:-1, max-image-preview:large, max-video-preview:-1\" \/>\n<link rel=\"canonical\" href=\"https:\/\/pfingstrosen-paradies.de\/en\/shop\/staudenpfingstrosen\/hybriden\/colonel-owen-cousins\/\" \/>\n<meta property=\"og:locale\" content=\"en_GB\" \/>\n<meta property=\"og:type\" content=\"article\" \/>\n<meta property=\"og:title\" content=\"Paeonia &#039;Colonel Owen Cousins&#039; | Pfingstrosen-Paradies Tetzlaff\" \/>\n<meta property=\"og:description\" content=\"Hybriden, Staudenp\u00e4onien | Obwohl &#039;Colonel Owen Cousins&#039; schon vor \u00fcber 50 Jahren von Couisns und Klehm eingef\u00fchrt wurde, hat sie erst vor kurzem weltweit Bekanntheit erlangt. Die\" \/>\n<meta property=\"og:url\" content=\"https:\/\/pfingstrosen-paradies.de\/en\/shop\/staudenpfingstrosen\/hybriden\/colonel-owen-cousins\/\" \/>\n<meta property=\"og:site_name\" content=\"Pfingstrosen-Paradies\" \/>\n<meta property=\"article:modified_time\" content=\"2026-02-25T10:11:33+00:00\" \/>\n<meta property=\"og:image\" content=\"https:\/\/pfingstrosen-paradies.de\/wp-content\/uploads\/Colonel-Owen-Cousins-H.-Jansen.jpg\" \/>\n\t<meta property=\"og:image:width\" content=\"1280\" \/>\n\t<meta property=\"og:image:height\" content=\"960\" \/>\n\t<meta property=\"og:image:type\" content=\"image\/jpeg\" \/>\n<meta name=\"twitter:card\" content=\"summary_large_image\" \/>\n<meta name=\"twitter:label1\" content=\"Estimated reading time\" \/>\n\t<meta name=\"twitter:data1\" content=\"1 minute\" \/>\n<script type=\"application\/ld+json\" class=\"yoast-schema-graph\">{\"@context\":\"https:\/\/schema.org\",\"@graph\":[{\"@type\":\"WebPage\",\"@id\":\"https:\/\/pfingstrosen-paradies.de\/shop\/staudenpfingstrosen\/hybriden\/colonel-owen-cousins\/\",\"url\":\"https:\/\/pfingstrosen-paradies.de\/shop\/staudenpfingstrosen\/hybriden\/colonel-owen-cousins\/\",\"name\":\"Paeonia 'Colonel Owen Cousins' | Pfingstrosen-Paradies Tetzlaff\",\"isPartOf\":{\"@id\":\"https:\/\/pfingstrosen-paradies.de\/#website\"},\"primaryImageOfPage\":{\"@id\":\"https:\/\/pfingstrosen-paradies.de\/shop\/staudenpfingstrosen\/hybriden\/colonel-owen-cousins\/#primaryimage\"},\"image\":{\"@id\":\"https:\/\/pfingstrosen-paradies.de\/shop\/staudenpfingstrosen\/hybriden\/colonel-owen-cousins\/#primaryimage\"},\"thumbnailUrl\":\"https:\/\/pfingstrosen-paradies.de\/wp-content\/uploads\/Colonel-Owen-Cousins-H.-Jansen.jpg\",\"datePublished\":\"2025-01-30T08:34:13+00:00\",\"dateModified\":\"2026-02-25T10:11:33+00:00\",\"description\":\"Hybriden, Staudenp\u00e4onien | Obwohl 'Colonel Owen Cousins' schon vor \u00fcber 50 Jahren von Couisns und Klehm eingef\u00fchrt wurde, hat sie erst vor kurzem weltweit Bekanntheit erlangt. Die\",\"breadcrumb\":{\"@id\":\"https:\/\/pfingstrosen-paradies.de\/shop\/staudenpfingstrosen\/hybriden\/colonel-owen-cousins\/#breadcrumb\"},\"inLanguage\":\"en-GB\",\"potentialAction\":[{\"@type\":\"ReadAction\",\"target\":[\"https:\/\/pfingstrosen-paradies.de\/shop\/staudenpfingstrosen\/hybriden\/colonel-owen-cousins\/\"]}]},{\"@type\":\"ImageObject\",\"inLanguage\":\"en-GB\",\"@id\":\"https:\/\/pfingstrosen-paradies.de\/shop\/staudenpfingstrosen\/hybriden\/colonel-owen-cousins\/#primaryimage\",\"url\":\"https:\/\/pfingstrosen-paradies.de\/wp-content\/uploads\/Colonel-Owen-Cousins-H.-Jansen.jpg\",\"contentUrl\":\"https:\/\/pfingstrosen-paradies.de\/wp-content\/uploads\/Colonel-Owen-Cousins-H.-Jansen.jpg\",\"width\":1280,\"height\":960,\"caption\":\"Colonel Owen Cousins\"},{\"@type\":\"BreadcrumbList\",\"@id\":\"https:\/\/pfingstrosen-paradies.de\/shop\/staudenpfingstrosen\/hybriden\/colonel-owen-cousins\/#breadcrumb\",\"itemListElement\":[{\"@type\":\"ListItem\",\"position\":1,\"name\":\"Start\",\"item\":\"https:\/\/pfingstrosen-paradies.de\/\"},{\"@type\":\"ListItem\",\"position\":2,\"name\":\"Shop\",\"item\":\"https:\/\/pfingstrosen-paradies.de\/shop\/\"},{\"@type\":\"ListItem\",\"position\":3,\"name\":\"Colonel Owen Cousins\"}]},{\"@type\":\"WebSite\",\"@id\":\"https:\/\/pfingstrosen-paradies.de\/#website\",\"url\":\"https:\/\/pfingstrosen-paradies.de\/\",\"name\":\"Pfingstrosen-Paradies\",\"description\":\"Fachg\u00e4rtnerei f\u00fcr Pfingstrosen\",\"publisher\":{\"@id\":\"https:\/\/pfingstrosen-paradies.de\/#organization\"},\"potentialAction\":[{\"@type\":\"SearchAction\",\"target\":{\"@type\":\"EntryPoint\",\"urlTemplate\":\"https:\/\/pfingstrosen-paradies.de\/?s={search_term_string}\"},\"query-input\":{\"@type\":\"PropertyValueSpecification\",\"valueRequired\":true,\"valueName\":\"search_term_string\"}}],\"inLanguage\":\"en-GB\"},{\"@type\":\"Organization\",\"@id\":\"https:\/\/pfingstrosen-paradies.de\/#organization\",\"name\":\"Pfingstrosen-Paradies\",\"url\":\"https:\/\/pfingstrosen-paradies.de\/\",\"logo\":{\"@type\":\"ImageObject\",\"inLanguage\":\"en-GB\",\"@id\":\"https:\/\/pfingstrosen-paradies.de\/#\/schema\/logo\/image\/\",\"url\":\"https:\/\/pfingstrosen-paradies.de\/wp-content\/uploads\/2021\/02\/logo-pfingstrosen.png\",\"contentUrl\":\"https:\/\/pfingstrosen-paradies.de\/wp-content\/uploads\/2021\/02\/logo-pfingstrosen.png\",\"width\":1568,\"height\":366,\"caption\":\"Pfingstrosen-Paradies\"},\"image\":{\"@id\":\"https:\/\/pfingstrosen-paradies.de\/#\/schema\/logo\/image\/\"}}]}<\/script>\n<!-- \/ Yoast SEO plugin. -->","yoast_head_json":{"title":"Paeonia 'Colonel Owen Cousins' | Pfingstrosen-Paradies Tetzlaff","description":"Hybriden, Staudenp\u00e4onien | Obwohl 'Colonel Owen Cousins' schon vor \u00fcber 50 Jahren von Couisns und Klehm eingef\u00fchrt wurde, hat sie erst vor kurzem weltweit Bekanntheit erlangt. Die","robots":{"index":"index","follow":"follow","max-snippet":"max-snippet:-1","max-image-preview":"max-image-preview:large","max-video-preview":"max-video-preview:-1"},"canonical":"https:\/\/pfingstrosen-paradies.de\/en\/shop\/staudenpfingstrosen\/hybriden\/colonel-owen-cousins\/","og_locale":"en_GB","og_type":"article","og_title":"Paeonia 'Colonel Owen Cousins' | Pfingstrosen-Paradies Tetzlaff","og_description":"Hybriden, Staudenp\u00e4onien | Obwohl 'Colonel Owen Cousins' schon vor \u00fcber 50 Jahren von Couisns und Klehm eingef\u00fchrt wurde, hat sie erst vor kurzem weltweit Bekanntheit erlangt. Die","og_url":"https:\/\/pfingstrosen-paradies.de\/en\/shop\/staudenpfingstrosen\/hybriden\/colonel-owen-cousins\/","og_site_name":"Pfingstrosen-Paradies","article_modified_time":"2026-02-25T10:11:33+00:00","og_image":[{"width":1280,"height":960,"url":"https:\/\/pfingstrosen-paradies.de\/wp-content\/uploads\/Colonel-Owen-Cousins-H.-Jansen.jpg","type":"image\/jpeg"}],"twitter_card":"summary_large_image","twitter_misc":{"Estimated reading time":"1 minute"},"schema":{"@context":"https:\/\/schema.org","@graph":[{"@type":"WebPage","@id":"https:\/\/pfingstrosen-paradies.de\/shop\/staudenpfingstrosen\/hybriden\/colonel-owen-cousins\/","url":"https:\/\/pfingstrosen-paradies.de\/shop\/staudenpfingstrosen\/hybriden\/colonel-owen-cousins\/","name":"Paeonia 'Colonel Owen Cousins' | Pfingstrosen-Paradies Tetzlaff","isPartOf":{"@id":"https:\/\/pfingstrosen-paradies.de\/#website"},"primaryImageOfPage":{"@id":"https:\/\/pfingstrosen-paradies.de\/shop\/staudenpfingstrosen\/hybriden\/colonel-owen-cousins\/#primaryimage"},"image":{"@id":"https:\/\/pfingstrosen-paradies.de\/shop\/staudenpfingstrosen\/hybriden\/colonel-owen-cousins\/#primaryimage"},"thumbnailUrl":"https:\/\/pfingstrosen-paradies.de\/wp-content\/uploads\/Colonel-Owen-Cousins-H.-Jansen.jpg","datePublished":"2025-01-30T08:34:13+00:00","dateModified":"2026-02-25T10:11:33+00:00","description":"Hybriden, Staudenp\u00e4onien | Obwohl 'Colonel Owen Cousins' schon vor \u00fcber 50 Jahren von Couisns und Klehm eingef\u00fchrt wurde, hat sie erst vor kurzem weltweit Bekanntheit erlangt. Die","breadcrumb":{"@id":"https:\/\/pfingstrosen-paradies.de\/shop\/staudenpfingstrosen\/hybriden\/colonel-owen-cousins\/#breadcrumb"},"inLanguage":"en-GB","potentialAction":[{"@type":"ReadAction","target":["https:\/\/pfingstrosen-paradies.de\/shop\/staudenpfingstrosen\/hybriden\/colonel-owen-cousins\/"]}]},{"@type":"ImageObject","inLanguage":"en-GB","@id":"https:\/\/pfingstrosen-paradies.de\/shop\/staudenpfingstrosen\/hybriden\/colonel-owen-cousins\/#primaryimage","url":"https:\/\/pfingstrosen-paradies.de\/wp-content\/uploads\/Colonel-Owen-Cousins-H.-Jansen.jpg","contentUrl":"https:\/\/pfingstrosen-paradies.de\/wp-content\/uploads\/Colonel-Owen-Cousins-H.-Jansen.jpg","width":1280,"height":960,"caption":"Colonel Owen Cousins"},{"@type":"BreadcrumbList","@id":"https:\/\/pfingstrosen-paradies.de\/shop\/staudenpfingstrosen\/hybriden\/colonel-owen-cousins\/#breadcrumb","itemListElement":[{"@type":"ListItem","position":1,"name":"Start","item":"https:\/\/pfingstrosen-paradies.de\/"},{"@type":"ListItem","position":2,"name":"Shop","item":"https:\/\/pfingstrosen-paradies.de\/shop\/"},{"@type":"ListItem","position":3,"name":"Colonel Owen Cousins"}]},{"@type":"WebSite","@id":"https:\/\/pfingstrosen-paradies.de\/#website","url":"https:\/\/pfingstrosen-paradies.de\/","name":"Pfingstrosen-Paradies","description":"Fachg\u00e4rtnerei f\u00fcr Pfingstrosen","publisher":{"@id":"https:\/\/pfingstrosen-paradies.de\/#organization"},"potentialAction":[{"@type":"SearchAction","target":{"@type":"EntryPoint","urlTemplate":"https:\/\/pfingstrosen-paradies.de\/?s={search_term_string}"},"query-input":{"@type":"PropertyValueSpecification","valueRequired":true,"valueName":"search_term_string"}}],"inLanguage":"en-GB"},{"@type":"Organization","@id":"https:\/\/pfingstrosen-paradies.de\/#organization","name":"Pfingstrosen-Paradies","url":"https:\/\/pfingstrosen-paradies.de\/","logo":{"@type":"ImageObject","inLanguage":"en-GB","@id":"https:\/\/pfingstrosen-paradies.de\/#\/schema\/logo\/image\/","url":"https:\/\/pfingstrosen-paradies.de\/wp-content\/uploads\/2021\/02\/logo-pfingstrosen.png","contentUrl":"https:\/\/pfingstrosen-paradies.de\/wp-content\/uploads\/2021\/02\/logo-pfingstrosen.png","width":1568,"height":366,"caption":"Pfingstrosen-Paradies"},"image":{"@id":"https:\/\/pfingstrosen-paradies.de\/#\/schema\/logo\/image\/"}}]}},"_links":{"self":[{"href":"https:\/\/pfingstrosen-paradies.de\/en\/wp-json\/wp\/v2\/product\/18110","targetHints":{"allow":["GET"]}}],"collection":[{"href":"https:\/\/pfingstrosen-paradies.de\/en\/wp-json\/wp\/v2\/product"}],"about":[{"href":"https:\/\/pfingstrosen-paradies.de\/en\/wp-json\/wp\/v2\/types\/product"}],"wp:featuredmedia":[{"embeddable":true,"href":"https:\/\/pfingstrosen-paradies.de\/en\/wp-json\/wp\/v2\/media\/18111"}],"wp:attachment":[{"href":"https:\/\/pfingstrosen-paradies.de\/en\/wp-json\/wp\/v2\/media?parent=18110"}],"wp:term":[{"taxonomy":"product_brand","embeddable":true,"href":"https:\/\/pfingstrosen-paradies.de\/en\/wp-json\/wp\/v2\/product_brand?post=18110"},{"taxonomy":"product_cat","embeddable":true,"href":"https:\/\/pfingstrosen-paradies.de\/en\/wp-json\/wp\/v2\/product_cat?post=18110"},{"taxonomy":"product_tag","embeddable":true,"href":"https:\/\/pfingstrosen-paradies.de\/en\/wp-json\/wp\/v2\/product_tag?post=18110"}],"curies":[{"name":"wp","href":"https:\/\/api.w.org\/{rel}","templated":true}]}}