{"id":20627,"date":"2025-08-09T13:55:39","date_gmt":"2025-08-09T11:55:39","guid":{"rendered":"https:\/\/pfingstrosen-paradies.de\/?post_type=product&#038;p=20627"},"modified":"2026-05-11T07:36:28","modified_gmt":"2026-05-11T05:36:28","slug":"iris-spuria-antiqua","status":"publish","type":"product","link":"https:\/\/pfingstrosen-paradies.de\/en\/shop\/iris\/iris-spuria-antiqua\/","title":{"rendered":"Iris spuria &#8218;Antiqua&#8216;"},"content":{"rendered":"<p>Steppeniris mit kupfer-roten Bl\u00fcten. Die Steppeniris kann im Fr\u00fchjahr einige Feuchtigkeit vertragen. Das restliche Jahr \u00fcber will sie aber m\u00f6glichst trocken stehen. Sie bildet dann stattliche Horste, von ca. 1 Quadratmeter. Besonders interessant sind auch die langen, schmalen Bl\u00e4tter, die der Pflanze auch nach der Bl\u00fcte noch eine tolle Struktur geben. Im Gegensatz zu den Bartiris m\u00fcssen die Rhizome der Steppeniris deutlich tiefer gepflanzt werden und mit 5-10 cm Erde bedeckt sein. H\u00f6he 100-120 cm<\/p>\n<ul>\n<li data-start=\"745\" data-end=\"782\">\n<p data-start=\"747\" data-end=\"782\">Winterharte, pflegeleichte Staude<\/p>\n<\/li>\n<li data-start=\"828\" data-end=\"880\">\n<p data-start=\"830\" data-end=\"880\">Bl\u00fcht sp\u00e4ter als viele andere Schwertlilienarten<\/p>\n<\/li>\n<li data-start=\"881\" data-end=\"934\">\n<p data-start=\"883\" data-end=\"934\">Bildet dichte Horste und breitet sich langsam aus<\/p>\n<\/li>\n<\/ul>","protected":false},"excerpt":{"rendered":"<p>Steppeniris mit kupfer-roten Bl\u00fcten. Die Steppeniris kann im Fr\u00fchjahr einige Feuchtigkeit vertragen. Das restliche Jahr \u00fcber will sie aber m\u00f6glichst trocken stehen. Sie bildet dann stattliche Horste, von ca. 1 Quadratmeter. Besonders interessant sind auch die langen, schmalen Bl\u00e4tter, die der Pflanze auch nach der Bl\u00fcte noch eine tolle Struktur geben. Im Gegensatz zu den [&hellip;]<\/p>\n","protected":false},"featured_media":20628,"template":"","meta":[],"product_brand":[],"product_cat":[162],"product_tag":[],"class_list":{"0":"post-20627","1":"product","2":"type-product","3":"status-publish","4":"has-post-thumbnail","6":"product_cat-iris","8":"first","9":"instock","10":"taxable","11":"shipping-taxable","12":"purchasable","13":"product-type-simple"},"featured_image_urls":{"full":["https:\/\/pfingstrosen-paradies.de\/wp-content\/uploads\/Iris-spuria-Antiqua.jpg",1280,960,false],"thumbnail":["https:\/\/pfingstrosen-paradies.de\/wp-content\/uploads\/Iris-spuria-Antiqua-150x150.jpg",150,150,true],"medium":["https:\/\/pfingstrosen-paradies.de\/wp-content\/uploads\/Iris-spuria-Antiqua-300x225.jpg",300,225,true],"medium_large":["https:\/\/pfingstrosen-paradies.de\/wp-content\/uploads\/Iris-spuria-Antiqua-768x576.jpg",768,576,true],"large":["https:\/\/pfingstrosen-paradies.de\/wp-content\/uploads\/Iris-spuria-Antiqua-1024x768.jpg",1024,768,true],"1536x1536":["https:\/\/pfingstrosen-paradies.de\/wp-content\/uploads\/Iris-spuria-Antiqua.jpg",1280,960,false],"2048x2048":["https:\/\/pfingstrosen-paradies.de\/wp-content\/uploads\/Iris-spuria-Antiqua.jpg",1280,960,false],"trp-custom-language-flag":["https:\/\/pfingstrosen-paradies.de\/wp-content\/uploads\/Iris-spuria-Antiqua-16x12.jpg",16,12,true],"ptam-block-post-grid-landscape":["https:\/\/pfingstrosen-paradies.de\/wp-content\/uploads\/Iris-spuria-Antiqua-600x400.jpg",600,400,true],"ptam-block-post-grid-square":["https:\/\/pfingstrosen-paradies.de\/wp-content\/uploads\/Iris-spuria-Antiqua-600x600.jpg",600,600,true],"ptam-block-post-grid-featured-landscape":["https:\/\/pfingstrosen-paradies.de\/wp-content\/uploads\/Iris-spuria-Antiqua-1000x600.jpg",1000,600,true],"woocommerce_archive_thumbnail":["https:\/\/pfingstrosen-paradies.de\/wp-content\/uploads\/Iris-spuria-Antiqua-400x350.jpg",400,350,true],"woocommerce_thumbnail":["https:\/\/pfingstrosen-paradies.de\/wp-content\/uploads\/Iris-spuria-Antiqua-400x350.jpg",400,350,true],"woocommerce_single":["https:\/\/pfingstrosen-paradies.de\/wp-content\/uploads\/Iris-spuria-Antiqua-1200x900.jpg",1200,900,true],"woocommerce_gallery_thumbnail":["https:\/\/pfingstrosen-paradies.de\/wp-content\/uploads\/Iris-spuria-Antiqua-100x100.jpg",100,100,true]},"post_excerpt_stackable":"<p>Steppeniris mit kupfer-roten Bl\u00fcten. Die Steppeniris kann im Fr\u00fchjahr einige Feuchtigkeit vertragen. Das restliche Jahr \u00fcber will sie aber m\u00f6glichst trocken stehen. Sie bildet dann stattliche Horste, von ca. 1 Quadratmeter. Besonders interessant sind auch die langen, schmalen Bl\u00e4tter, die der Pflanze auch nach der Bl\u00fcte noch eine tolle Struktur geben. Im Gegensatz zu den Bartiris m\u00fcssen die Rhizome der Steppeniris deutlich tiefer gepflanzt werden und mit 5-10 cm Erde bedeckt sein. H\u00f6he 100-120 cm Winterharte, pflegeleichte Staude Bl\u00fcht sp\u00e4ter als viele andere Schwertlilienarten Bildet dichte Horste und breitet sich langsam aus<\/p>\n","category_list":"","author_info":{"name":"","url":""},"comments_num":"0 comments","featured_image_urls_v2":{"full":["https:\/\/pfingstrosen-paradies.de\/wp-content\/uploads\/Iris-spuria-Antiqua.jpg",1280,960,false],"thumbnail":["https:\/\/pfingstrosen-paradies.de\/wp-content\/uploads\/Iris-spuria-Antiqua-150x150.jpg",150,150,true],"medium":["https:\/\/pfingstrosen-paradies.de\/wp-content\/uploads\/Iris-spuria-Antiqua-300x225.jpg",300,225,true],"medium_large":["https:\/\/pfingstrosen-paradies.de\/wp-content\/uploads\/Iris-spuria-Antiqua-768x576.jpg",768,576,true],"large":["https:\/\/pfingstrosen-paradies.de\/wp-content\/uploads\/Iris-spuria-Antiqua-1024x768.jpg",1024,768,true],"1536x1536":["https:\/\/pfingstrosen-paradies.de\/wp-content\/uploads\/Iris-spuria-Antiqua.jpg",1280,960,false],"2048x2048":["https:\/\/pfingstrosen-paradies.de\/wp-content\/uploads\/Iris-spuria-Antiqua.jpg",1280,960,false],"trp-custom-language-flag":["https:\/\/pfingstrosen-paradies.de\/wp-content\/uploads\/Iris-spuria-Antiqua-16x12.jpg",16,12,true],"ptam-block-post-grid-landscape":["https:\/\/pfingstrosen-paradies.de\/wp-content\/uploads\/Iris-spuria-Antiqua-600x400.jpg",600,400,true],"ptam-block-post-grid-square":["https:\/\/pfingstrosen-paradies.de\/wp-content\/uploads\/Iris-spuria-Antiqua-600x600.jpg",600,600,true],"ptam-block-post-grid-featured-landscape":["https:\/\/pfingstrosen-paradies.de\/wp-content\/uploads\/Iris-spuria-Antiqua-1000x600.jpg",1000,600,true],"woocommerce_archive_thumbnail":["https:\/\/pfingstrosen-paradies.de\/wp-content\/uploads\/Iris-spuria-Antiqua-400x350.jpg",400,350,true],"woocommerce_thumbnail":["https:\/\/pfingstrosen-paradies.de\/wp-content\/uploads\/Iris-spuria-Antiqua-400x350.jpg",400,350,true],"woocommerce_single":["https:\/\/pfingstrosen-paradies.de\/wp-content\/uploads\/Iris-spuria-Antiqua-1200x900.jpg",1200,900,true],"woocommerce_gallery_thumbnail":["https:\/\/pfingstrosen-paradies.de\/wp-content\/uploads\/Iris-spuria-Antiqua-100x100.jpg",100,100,true]},"post_excerpt_stackable_v2":"<p>Steppeniris mit kupfer-roten Bl\u00fcten. Die Steppeniris kann im Fr\u00fchjahr einige Feuchtigkeit vertragen. Das restliche Jahr \u00fcber will sie aber m\u00f6glichst trocken stehen. Sie bildet dann stattliche Horste, von ca. 1 Quadratmeter. Besonders interessant sind auch die langen, schmalen Bl\u00e4tter, die der Pflanze auch nach der Bl\u00fcte noch eine tolle Struktur geben. Im Gegensatz zu den Bartiris m\u00fcssen die Rhizome der Steppeniris deutlich tiefer gepflanzt werden und mit 5-10 cm Erde bedeckt sein. H\u00f6he 100-120 cm Winterharte, pflegeleichte Staude Bl\u00fcht sp\u00e4ter als viele andere Schwertlilienarten Bildet dichte Horste und breitet sich langsam aus<\/p>\n","category_list_v2":"","author_info_v2":{"name":"","url":""},"comments_num_v2":"0 comments","yoast_head":"<!-- This site is optimized with the Yoast SEO plugin v27.5 - https:\/\/yoast.com\/product\/yoast-seo-wordpress\/ -->\n<title>Iris spuria &#039;Antiqua&#039; - Schwertlilie | Pfingstrosen-Paradies Tetzlaff<\/title>\n<meta name=\"description\" content=\"Iris - Schwertlilien | Steppeniris mit kupfer-roten Bl\u00fcten. Die Steppeniris kann im Fr\u00fchjahr einige Feuchtigkeit vertragen. Das restliche Jahr \u00fcber will sie aber m\u00f6glichst\" \/>\n<meta name=\"robots\" content=\"index, follow, max-snippet:-1, max-image-preview:large, max-video-preview:-1\" \/>\n<link rel=\"canonical\" href=\"https:\/\/pfingstrosen-paradies.de\/en\/shop\/iris\/iris-spuria-antiqua\/\" \/>\n<meta property=\"og:locale\" content=\"en_GB\" \/>\n<meta property=\"og:type\" content=\"article\" \/>\n<meta property=\"og:title\" content=\"Iris spuria &#039;Antiqua&#039; - Schwertlilie | Pfingstrosen-Paradies Tetzlaff\" \/>\n<meta property=\"og:description\" content=\"Iris - Schwertlilien | Steppeniris mit kupfer-roten Bl\u00fcten. Die Steppeniris kann im Fr\u00fchjahr einige Feuchtigkeit vertragen. Das restliche Jahr \u00fcber will sie aber m\u00f6glichst\" \/>\n<meta property=\"og:url\" content=\"https:\/\/pfingstrosen-paradies.de\/en\/shop\/iris\/iris-spuria-antiqua\/\" \/>\n<meta property=\"og:site_name\" content=\"Pfingstrosen-Paradies\" \/>\n<meta property=\"article:modified_time\" content=\"2026-05-11T05:36:28+00:00\" \/>\n<meta property=\"og:image\" content=\"https:\/\/pfingstrosen-paradies.de\/wp-content\/uploads\/Iris-spuria-Antiqua.jpg\" \/>\n\t<meta property=\"og:image:width\" content=\"1280\" \/>\n\t<meta property=\"og:image:height\" content=\"960\" \/>\n\t<meta property=\"og:image:type\" content=\"image\/jpeg\" \/>\n<meta name=\"twitter:card\" content=\"summary_large_image\" \/>\n<meta name=\"twitter:label1\" content=\"Estimated reading time\" \/>\n\t<meta name=\"twitter:data1\" content=\"1 minute\" \/>\n<script type=\"application\/ld+json\" class=\"yoast-schema-graph\">{\"@context\":\"https:\\\/\\\/schema.org\",\"@graph\":[{\"@type\":\"WebPage\",\"@id\":\"https:\\\/\\\/pfingstrosen-paradies.de\\\/shop\\\/iris\\\/iris-spuria-antiqua\\\/\",\"url\":\"https:\\\/\\\/pfingstrosen-paradies.de\\\/shop\\\/iris\\\/iris-spuria-antiqua\\\/\",\"name\":\"Iris spuria 'Antiqua' - Schwertlilie | Pfingstrosen-Paradies Tetzlaff\",\"isPartOf\":{\"@id\":\"https:\\\/\\\/pfingstrosen-paradies.de\\\/#website\"},\"primaryImageOfPage\":{\"@id\":\"https:\\\/\\\/pfingstrosen-paradies.de\\\/shop\\\/iris\\\/iris-spuria-antiqua\\\/#primaryimage\"},\"image\":{\"@id\":\"https:\\\/\\\/pfingstrosen-paradies.de\\\/shop\\\/iris\\\/iris-spuria-antiqua\\\/#primaryimage\"},\"thumbnailUrl\":\"https:\\\/\\\/pfingstrosen-paradies.de\\\/wp-content\\\/uploads\\\/Iris-spuria-Antiqua.jpg\",\"datePublished\":\"2025-08-09T11:55:39+00:00\",\"dateModified\":\"2026-05-11T05:36:28+00:00\",\"description\":\"Iris - Schwertlilien | Steppeniris mit kupfer-roten Bl\u00fcten. Die Steppeniris kann im Fr\u00fchjahr einige Feuchtigkeit vertragen. Das restliche Jahr \u00fcber will sie aber m\u00f6glichst\",\"breadcrumb\":{\"@id\":\"https:\\\/\\\/pfingstrosen-paradies.de\\\/shop\\\/iris\\\/iris-spuria-antiqua\\\/#breadcrumb\"},\"inLanguage\":\"en-GB\",\"potentialAction\":[{\"@type\":\"ReadAction\",\"target\":[\"https:\\\/\\\/pfingstrosen-paradies.de\\\/shop\\\/iris\\\/iris-spuria-antiqua\\\/\"]}]},{\"@type\":\"ImageObject\",\"inLanguage\":\"en-GB\",\"@id\":\"https:\\\/\\\/pfingstrosen-paradies.de\\\/shop\\\/iris\\\/iris-spuria-antiqua\\\/#primaryimage\",\"url\":\"https:\\\/\\\/pfingstrosen-paradies.de\\\/wp-content\\\/uploads\\\/Iris-spuria-Antiqua.jpg\",\"contentUrl\":\"https:\\\/\\\/pfingstrosen-paradies.de\\\/wp-content\\\/uploads\\\/Iris-spuria-Antiqua.jpg\",\"width\":1280,\"height\":960,\"caption\":\"Iris spuria Antiqua\"},{\"@type\":\"BreadcrumbList\",\"@id\":\"https:\\\/\\\/pfingstrosen-paradies.de\\\/shop\\\/iris\\\/iris-spuria-antiqua\\\/#breadcrumb\",\"itemListElement\":[{\"@type\":\"ListItem\",\"position\":1,\"name\":\"Start\",\"item\":\"https:\\\/\\\/pfingstrosen-paradies.de\\\/\"},{\"@type\":\"ListItem\",\"position\":2,\"name\":\"Shop\",\"item\":\"https:\\\/\\\/pfingstrosen-paradies.de\\\/shop\\\/\"},{\"@type\":\"ListItem\",\"position\":3,\"name\":\"Iris spuria &#8218;Antiqua&#8216;\"}]},{\"@type\":\"WebSite\",\"@id\":\"https:\\\/\\\/pfingstrosen-paradies.de\\\/#website\",\"url\":\"https:\\\/\\\/pfingstrosen-paradies.de\\\/\",\"name\":\"Pfingstrosen-Paradies\",\"description\":\"Fachg\u00e4rtnerei f\u00fcr Pfingstrosen\",\"publisher\":{\"@id\":\"https:\\\/\\\/pfingstrosen-paradies.de\\\/#organization\"},\"potentialAction\":[{\"@type\":\"SearchAction\",\"target\":{\"@type\":\"EntryPoint\",\"urlTemplate\":\"https:\\\/\\\/pfingstrosen-paradies.de\\\/?s={search_term_string}\"},\"query-input\":{\"@type\":\"PropertyValueSpecification\",\"valueRequired\":true,\"valueName\":\"search_term_string\"}}],\"inLanguage\":\"en-GB\"},{\"@type\":\"Organization\",\"@id\":\"https:\\\/\\\/pfingstrosen-paradies.de\\\/#organization\",\"name\":\"Pfingstrosen-Paradies\",\"url\":\"https:\\\/\\\/pfingstrosen-paradies.de\\\/\",\"logo\":{\"@type\":\"ImageObject\",\"inLanguage\":\"en-GB\",\"@id\":\"https:\\\/\\\/pfingstrosen-paradies.de\\\/#\\\/schema\\\/logo\\\/image\\\/\",\"url\":\"https:\\\/\\\/pfingstrosen-paradies.de\\\/wp-content\\\/uploads\\\/2021\\\/02\\\/logo-pfingstrosen.png\",\"contentUrl\":\"https:\\\/\\\/pfingstrosen-paradies.de\\\/wp-content\\\/uploads\\\/2021\\\/02\\\/logo-pfingstrosen.png\",\"width\":1568,\"height\":366,\"caption\":\"Pfingstrosen-Paradies\"},\"image\":{\"@id\":\"https:\\\/\\\/pfingstrosen-paradies.de\\\/#\\\/schema\\\/logo\\\/image\\\/\"}}]}<\/script>\n<!-- \/ Yoast SEO plugin. -->","yoast_head_json":{"title":"Iris spuria 'Antiqua' - Schwertlilie | Pfingstrosen-Paradies Tetzlaff","description":"Iris - Schwertlilien | Steppeniris mit kupfer-roten Bl\u00fcten. Die Steppeniris kann im Fr\u00fchjahr einige Feuchtigkeit vertragen. Das restliche Jahr \u00fcber will sie aber m\u00f6glichst","robots":{"index":"index","follow":"follow","max-snippet":"max-snippet:-1","max-image-preview":"max-image-preview:large","max-video-preview":"max-video-preview:-1"},"canonical":"https:\/\/pfingstrosen-paradies.de\/en\/shop\/iris\/iris-spuria-antiqua\/","og_locale":"en_GB","og_type":"article","og_title":"Iris spuria 'Antiqua' - Schwertlilie | Pfingstrosen-Paradies Tetzlaff","og_description":"Iris - Schwertlilien | Steppeniris mit kupfer-roten Bl\u00fcten. Die Steppeniris kann im Fr\u00fchjahr einige Feuchtigkeit vertragen. Das restliche Jahr \u00fcber will sie aber m\u00f6glichst","og_url":"https:\/\/pfingstrosen-paradies.de\/en\/shop\/iris\/iris-spuria-antiqua\/","og_site_name":"Pfingstrosen-Paradies","article_modified_time":"2026-05-11T05:36:28+00:00","og_image":[{"width":1280,"height":960,"url":"https:\/\/pfingstrosen-paradies.de\/wp-content\/uploads\/Iris-spuria-Antiqua.jpg","type":"image\/jpeg"}],"twitter_card":"summary_large_image","twitter_misc":{"Estimated reading time":"1 minute"},"schema":{"@context":"https:\/\/schema.org","@graph":[{"@type":"WebPage","@id":"https:\/\/pfingstrosen-paradies.de\/shop\/iris\/iris-spuria-antiqua\/","url":"https:\/\/pfingstrosen-paradies.de\/shop\/iris\/iris-spuria-antiqua\/","name":"Iris spuria 'Antiqua' - Schwertlilie | Pfingstrosen-Paradies Tetzlaff","isPartOf":{"@id":"https:\/\/pfingstrosen-paradies.de\/#website"},"primaryImageOfPage":{"@id":"https:\/\/pfingstrosen-paradies.de\/shop\/iris\/iris-spuria-antiqua\/#primaryimage"},"image":{"@id":"https:\/\/pfingstrosen-paradies.de\/shop\/iris\/iris-spuria-antiqua\/#primaryimage"},"thumbnailUrl":"https:\/\/pfingstrosen-paradies.de\/wp-content\/uploads\/Iris-spuria-Antiqua.jpg","datePublished":"2025-08-09T11:55:39+00:00","dateModified":"2026-05-11T05:36:28+00:00","description":"Iris - Schwertlilien | Steppeniris mit kupfer-roten Bl\u00fcten. Die Steppeniris kann im Fr\u00fchjahr einige Feuchtigkeit vertragen. Das restliche Jahr \u00fcber will sie aber m\u00f6glichst","breadcrumb":{"@id":"https:\/\/pfingstrosen-paradies.de\/shop\/iris\/iris-spuria-antiqua\/#breadcrumb"},"inLanguage":"en-GB","potentialAction":[{"@type":"ReadAction","target":["https:\/\/pfingstrosen-paradies.de\/shop\/iris\/iris-spuria-antiqua\/"]}]},{"@type":"ImageObject","inLanguage":"en-GB","@id":"https:\/\/pfingstrosen-paradies.de\/shop\/iris\/iris-spuria-antiqua\/#primaryimage","url":"https:\/\/pfingstrosen-paradies.de\/wp-content\/uploads\/Iris-spuria-Antiqua.jpg","contentUrl":"https:\/\/pfingstrosen-paradies.de\/wp-content\/uploads\/Iris-spuria-Antiqua.jpg","width":1280,"height":960,"caption":"Iris spuria Antiqua"},{"@type":"BreadcrumbList","@id":"https:\/\/pfingstrosen-paradies.de\/shop\/iris\/iris-spuria-antiqua\/#breadcrumb","itemListElement":[{"@type":"ListItem","position":1,"name":"Start","item":"https:\/\/pfingstrosen-paradies.de\/"},{"@type":"ListItem","position":2,"name":"Shop","item":"https:\/\/pfingstrosen-paradies.de\/shop\/"},{"@type":"ListItem","position":3,"name":"Iris spuria &#8218;Antiqua&#8216;"}]},{"@type":"WebSite","@id":"https:\/\/pfingstrosen-paradies.de\/#website","url":"https:\/\/pfingstrosen-paradies.de\/","name":"Pfingstrosen-Paradies","description":"Fachg\u00e4rtnerei f\u00fcr Pfingstrosen","publisher":{"@id":"https:\/\/pfingstrosen-paradies.de\/#organization"},"potentialAction":[{"@type":"SearchAction","target":{"@type":"EntryPoint","urlTemplate":"https:\/\/pfingstrosen-paradies.de\/?s={search_term_string}"},"query-input":{"@type":"PropertyValueSpecification","valueRequired":true,"valueName":"search_term_string"}}],"inLanguage":"en-GB"},{"@type":"Organization","@id":"https:\/\/pfingstrosen-paradies.de\/#organization","name":"Pfingstrosen-Paradies","url":"https:\/\/pfingstrosen-paradies.de\/","logo":{"@type":"ImageObject","inLanguage":"en-GB","@id":"https:\/\/pfingstrosen-paradies.de\/#\/schema\/logo\/image\/","url":"https:\/\/pfingstrosen-paradies.de\/wp-content\/uploads\/2021\/02\/logo-pfingstrosen.png","contentUrl":"https:\/\/pfingstrosen-paradies.de\/wp-content\/uploads\/2021\/02\/logo-pfingstrosen.png","width":1568,"height":366,"caption":"Pfingstrosen-Paradies"},"image":{"@id":"https:\/\/pfingstrosen-paradies.de\/#\/schema\/logo\/image\/"}}]}},"_links":{"self":[{"href":"https:\/\/pfingstrosen-paradies.de\/en\/wp-json\/wp\/v2\/product\/20627","targetHints":{"allow":["GET"]}}],"collection":[{"href":"https:\/\/pfingstrosen-paradies.de\/en\/wp-json\/wp\/v2\/product"}],"about":[{"href":"https:\/\/pfingstrosen-paradies.de\/en\/wp-json\/wp\/v2\/types\/product"}],"wp:featuredmedia":[{"embeddable":true,"href":"https:\/\/pfingstrosen-paradies.de\/en\/wp-json\/wp\/v2\/media\/20628"}],"wp:attachment":[{"href":"https:\/\/pfingstrosen-paradies.de\/en\/wp-json\/wp\/v2\/media?parent=20627"}],"wp:term":[{"taxonomy":"product_brand","embeddable":true,"href":"https:\/\/pfingstrosen-paradies.de\/en\/wp-json\/wp\/v2\/product_brand?post=20627"},{"taxonomy":"product_cat","embeddable":true,"href":"https:\/\/pfingstrosen-paradies.de\/en\/wp-json\/wp\/v2\/product_cat?post=20627"},{"taxonomy":"product_tag","embeddable":true,"href":"https:\/\/pfingstrosen-paradies.de\/en\/wp-json\/wp\/v2\/product_tag?post=20627"}],"curies":[{"name":"wp","href":"https:\/\/api.w.org\/{rel}","templated":true}]}}