{"id":20642,"date":"2025-08-09T14:51:57","date_gmt":"2025-08-09T12:51:57","guid":{"rendered":"https:\/\/pfingstrosen-paradies.de\/?post_type=product&#038;p=20642"},"modified":"2026-01-19T15:43:36","modified_gmt":"2026-01-19T14:43:36","slug":"iris-x-sibtosa-berlin-violetta","status":"publish","type":"product","link":"https:\/\/pfingstrosen-paradies.de\/en\/shop\/iris\/iris-x-sibtosa-berlin-violetta\/","title":{"rendered":"Iris x sibtosa &#8218;Berlin Violetta&#8216;"},"content":{"rendered":"<p><strong data-start=\"1254\" data-end=\"1272\">Iris \u00d7 sibtosa<\/strong> ist eine attraktive Hybride aus <em data-start=\"1305\" data-end=\"1320\">Iris sibirica<\/em> and <em data-start=\"1325\" data-end=\"1338\">Iris setosa<\/em>, die sich durch gro\u00dfe lavendelfarbene Bl\u00fcten, kontrastreiche wei\u00dfe Griffel und eine Wuchsh\u00f6he von etwa einem Meter auszeichnet. Sie bl\u00fcht Ende Mai und gedeiht am besten auf frischen B\u00f6den mit gen\u00fcgend Licht \u2013 ein echter Blickfang im Fr\u00fchjahr-\/Sommerbeet. Die Sorte &#8218;Berlin Violetta&#8216; vom deutschen Z\u00fcchter Tamberg \u00fcberzeugt durch ihren kr\u00e4ftigen Wuchs und tollen violett-farbenen Bl\u00fcten.<\/p>","protected":false},"excerpt":{"rendered":"<p>Iris \u00d7 sibtosa ist eine attraktive Hybride aus Iris sibirica und Iris setosa, die sich durch gro\u00dfe lavendelfarbene Bl\u00fcten, kontrastreiche wei\u00dfe Griffel und eine Wuchsh\u00f6he von etwa einem Meter auszeichnet. Sie bl\u00fcht Ende Mai und gedeiht am besten auf frischen B\u00f6den mit gen\u00fcgend Licht \u2013 ein echter Blickfang im Fr\u00fchjahr-\/Sommerbeet. Die Sorte &#8218;Berlin Violetta&#8216; vom [&hellip;]<\/p>\n","protected":false},"featured_media":21724,"template":"","meta":[],"product_brand":[],"product_cat":[162],"product_tag":[],"class_list":{"0":"post-20642","1":"product","2":"type-product","3":"status-publish","4":"has-post-thumbnail","6":"product_cat-iris","8":"first","9":"instock","10":"taxable","11":"shipping-taxable","12":"purchasable","13":"product-type-simple"},"featured_image_urls":{"full":["https:\/\/pfingstrosen-paradies.de\/wp-content\/uploads\/Berlin-Violetta-1.jpg",1280,856,false],"thumbnail":["https:\/\/pfingstrosen-paradies.de\/wp-content\/uploads\/Berlin-Violetta-1-150x150.jpg",150,150,true],"medium":["https:\/\/pfingstrosen-paradies.de\/wp-content\/uploads\/Berlin-Violetta-1-300x201.jpg",300,201,true],"medium_large":["https:\/\/pfingstrosen-paradies.de\/wp-content\/uploads\/Berlin-Violetta-1-768x514.jpg",768,514,true],"large":["https:\/\/pfingstrosen-paradies.de\/wp-content\/uploads\/Berlin-Violetta-1-1024x685.jpg",1024,685,true],"1536x1536":["https:\/\/pfingstrosen-paradies.de\/wp-content\/uploads\/Berlin-Violetta-1.jpg",1280,856,false],"2048x2048":["https:\/\/pfingstrosen-paradies.de\/wp-content\/uploads\/Berlin-Violetta-1.jpg",1280,856,false],"trp-custom-language-flag":["https:\/\/pfingstrosen-paradies.de\/wp-content\/uploads\/Berlin-Violetta-1-18x12.jpg",18,12,true],"ptam-block-post-grid-landscape":["https:\/\/pfingstrosen-paradies.de\/wp-content\/uploads\/Berlin-Violetta-1-600x400.jpg",600,400,true],"ptam-block-post-grid-square":["https:\/\/pfingstrosen-paradies.de\/wp-content\/uploads\/Berlin-Violetta-1-600x600.jpg",600,600,true],"ptam-block-post-grid-featured-landscape":["https:\/\/pfingstrosen-paradies.de\/wp-content\/uploads\/Berlin-Violetta-1-1000x600.jpg",1000,600,true],"woocommerce_archive_thumbnail":["https:\/\/pfingstrosen-paradies.de\/wp-content\/uploads\/Berlin-Violetta-1-400x350.jpg",400,350,true],"woocommerce_thumbnail":["https:\/\/pfingstrosen-paradies.de\/wp-content\/uploads\/Berlin-Violetta-1-400x350.jpg",400,350,true],"woocommerce_single":["https:\/\/pfingstrosen-paradies.de\/wp-content\/uploads\/Berlin-Violetta-1-1200x803.jpg",1200,803,true],"woocommerce_gallery_thumbnail":["https:\/\/pfingstrosen-paradies.de\/wp-content\/uploads\/Berlin-Violetta-1-100x100.jpg",100,100,true]},"post_excerpt_stackable":"<p>Iris \u00d7 sibtosa ist eine attraktive Hybride aus Iris sibirica und Iris setosa, die sich durch gro\u00dfe lavendelfarbene Bl\u00fcten, kontrastreiche wei\u00dfe Griffel und eine Wuchsh\u00f6he von etwa einem Meter auszeichnet. Sie bl\u00fcht Ende Mai und gedeiht am besten auf frischen B\u00f6den mit gen\u00fcgend Licht \u2013 ein echter Blickfang im Fr\u00fchjahr-\/Sommerbeet. Die Sorte &#8218;Berlin Violetta&#8216; vom deutschen Z\u00fcchter Tamberg \u00fcberzeugt durch ihren kr\u00e4ftigen Wuchs und tollen violett-farbenen Bl\u00fcten.<\/p>\n","category_list":"","author_info":{"name":"","url":""},"comments_num":"0 comments","featured_image_urls_v2":{"full":["https:\/\/pfingstrosen-paradies.de\/wp-content\/uploads\/Berlin-Violetta-1.jpg",1280,856,false],"thumbnail":["https:\/\/pfingstrosen-paradies.de\/wp-content\/uploads\/Berlin-Violetta-1-150x150.jpg",150,150,true],"medium":["https:\/\/pfingstrosen-paradies.de\/wp-content\/uploads\/Berlin-Violetta-1-300x201.jpg",300,201,true],"medium_large":["https:\/\/pfingstrosen-paradies.de\/wp-content\/uploads\/Berlin-Violetta-1-768x514.jpg",768,514,true],"large":["https:\/\/pfingstrosen-paradies.de\/wp-content\/uploads\/Berlin-Violetta-1-1024x685.jpg",1024,685,true],"1536x1536":["https:\/\/pfingstrosen-paradies.de\/wp-content\/uploads\/Berlin-Violetta-1.jpg",1280,856,false],"2048x2048":["https:\/\/pfingstrosen-paradies.de\/wp-content\/uploads\/Berlin-Violetta-1.jpg",1280,856,false],"trp-custom-language-flag":["https:\/\/pfingstrosen-paradies.de\/wp-content\/uploads\/Berlin-Violetta-1-18x12.jpg",18,12,true],"ptam-block-post-grid-landscape":["https:\/\/pfingstrosen-paradies.de\/wp-content\/uploads\/Berlin-Violetta-1-600x400.jpg",600,400,true],"ptam-block-post-grid-square":["https:\/\/pfingstrosen-paradies.de\/wp-content\/uploads\/Berlin-Violetta-1-600x600.jpg",600,600,true],"ptam-block-post-grid-featured-landscape":["https:\/\/pfingstrosen-paradies.de\/wp-content\/uploads\/Berlin-Violetta-1-1000x600.jpg",1000,600,true],"woocommerce_archive_thumbnail":["https:\/\/pfingstrosen-paradies.de\/wp-content\/uploads\/Berlin-Violetta-1-400x350.jpg",400,350,true],"woocommerce_thumbnail":["https:\/\/pfingstrosen-paradies.de\/wp-content\/uploads\/Berlin-Violetta-1-400x350.jpg",400,350,true],"woocommerce_single":["https:\/\/pfingstrosen-paradies.de\/wp-content\/uploads\/Berlin-Violetta-1-1200x803.jpg",1200,803,true],"woocommerce_gallery_thumbnail":["https:\/\/pfingstrosen-paradies.de\/wp-content\/uploads\/Berlin-Violetta-1-100x100.jpg",100,100,true]},"post_excerpt_stackable_v2":"<p>Iris \u00d7 sibtosa ist eine attraktive Hybride aus Iris sibirica und Iris setosa, die sich durch gro\u00dfe lavendelfarbene Bl\u00fcten, kontrastreiche wei\u00dfe Griffel und eine Wuchsh\u00f6he von etwa einem Meter auszeichnet. Sie bl\u00fcht Ende Mai und gedeiht am besten auf frischen B\u00f6den mit gen\u00fcgend Licht \u2013 ein echter Blickfang im Fr\u00fchjahr-\/Sommerbeet. Die Sorte &#8218;Berlin Violetta&#8216; vom deutschen Z\u00fcchter Tamberg \u00fcberzeugt durch ihren kr\u00e4ftigen Wuchs und tollen violett-farbenen Bl\u00fcten.<\/p>\n","category_list_v2":"","author_info_v2":{"name":"","url":""},"comments_num_v2":"0 comments","yoast_head":"<!-- This site is optimized with the Yoast SEO plugin v27.5 - https:\/\/yoast.com\/product\/yoast-seo-wordpress\/ -->\n<title>Iris x sibtosa &#039;Berlin Violetta&#039; - Schwertlilie | Pfingstrosen-Paradies Tetzlaff<\/title>\n<meta name=\"description\" content=\"Iris - Schwertlilien | Iris \u00d7 sibtosa ist eine attraktive Hybride aus Iris sibirica und Iris setosa, die sich durch gro\u00dfe lavendelfarbene Bl\u00fcten, kontrastreiche wei\u00dfe Griffel\" \/>\n<meta name=\"robots\" content=\"index, follow, max-snippet:-1, max-image-preview:large, max-video-preview:-1\" \/>\n<link rel=\"canonical\" href=\"https:\/\/pfingstrosen-paradies.de\/en\/shop\/iris\/iris-x-sibtosa-berlin-violetta\/\" \/>\n<meta property=\"og:locale\" content=\"en_GB\" \/>\n<meta property=\"og:type\" content=\"article\" \/>\n<meta property=\"og:title\" content=\"Iris x sibtosa &#039;Berlin Violetta&#039; - Schwertlilie | Pfingstrosen-Paradies Tetzlaff\" \/>\n<meta property=\"og:description\" content=\"Iris - Schwertlilien | Iris \u00d7 sibtosa ist eine attraktive Hybride aus Iris sibirica und Iris setosa, die sich durch gro\u00dfe lavendelfarbene Bl\u00fcten, kontrastreiche wei\u00dfe Griffel\" \/>\n<meta property=\"og:url\" content=\"https:\/\/pfingstrosen-paradies.de\/en\/shop\/iris\/iris-x-sibtosa-berlin-violetta\/\" \/>\n<meta property=\"og:site_name\" content=\"Pfingstrosen-Paradies\" \/>\n<meta property=\"article:modified_time\" content=\"2026-01-19T14:43:36+00:00\" \/>\n<meta property=\"og:image\" content=\"https:\/\/pfingstrosen-paradies.de\/wp-content\/uploads\/Berlin-Violetta-1.jpg\" \/>\n\t<meta property=\"og:image:width\" content=\"1280\" \/>\n\t<meta property=\"og:image:height\" content=\"856\" \/>\n\t<meta property=\"og:image:type\" content=\"image\/jpeg\" \/>\n<meta name=\"twitter:card\" content=\"summary_large_image\" \/>\n<meta name=\"twitter:label1\" content=\"Estimated reading time\" \/>\n\t<meta name=\"twitter:data1\" content=\"1 minute\" \/>\n<script type=\"application\/ld+json\" class=\"yoast-schema-graph\">{\"@context\":\"https:\\\/\\\/schema.org\",\"@graph\":[{\"@type\":\"WebPage\",\"@id\":\"https:\\\/\\\/pfingstrosen-paradies.de\\\/shop\\\/iris\\\/iris-x-sibtosa-berlin-violetta\\\/\",\"url\":\"https:\\\/\\\/pfingstrosen-paradies.de\\\/shop\\\/iris\\\/iris-x-sibtosa-berlin-violetta\\\/\",\"name\":\"Iris x sibtosa 'Berlin Violetta' - Schwertlilie | Pfingstrosen-Paradies Tetzlaff\",\"isPartOf\":{\"@id\":\"https:\\\/\\\/pfingstrosen-paradies.de\\\/#website\"},\"primaryImageOfPage\":{\"@id\":\"https:\\\/\\\/pfingstrosen-paradies.de\\\/shop\\\/iris\\\/iris-x-sibtosa-berlin-violetta\\\/#primaryimage\"},\"image\":{\"@id\":\"https:\\\/\\\/pfingstrosen-paradies.de\\\/shop\\\/iris\\\/iris-x-sibtosa-berlin-violetta\\\/#primaryimage\"},\"thumbnailUrl\":\"https:\\\/\\\/pfingstrosen-paradies.de\\\/wp-content\\\/uploads\\\/Berlin-Violetta-1.jpg\",\"datePublished\":\"2025-08-09T12:51:57+00:00\",\"dateModified\":\"2026-01-19T14:43:36+00:00\",\"description\":\"Iris - Schwertlilien | Iris \u00d7 sibtosa ist eine attraktive Hybride aus Iris sibirica und Iris setosa, die sich durch gro\u00dfe lavendelfarbene Bl\u00fcten, kontrastreiche wei\u00dfe Griffel\",\"breadcrumb\":{\"@id\":\"https:\\\/\\\/pfingstrosen-paradies.de\\\/shop\\\/iris\\\/iris-x-sibtosa-berlin-violetta\\\/#breadcrumb\"},\"inLanguage\":\"en-GB\",\"potentialAction\":[{\"@type\":\"ReadAction\",\"target\":[\"https:\\\/\\\/pfingstrosen-paradies.de\\\/shop\\\/iris\\\/iris-x-sibtosa-berlin-violetta\\\/\"]}]},{\"@type\":\"ImageObject\",\"inLanguage\":\"en-GB\",\"@id\":\"https:\\\/\\\/pfingstrosen-paradies.de\\\/shop\\\/iris\\\/iris-x-sibtosa-berlin-violetta\\\/#primaryimage\",\"url\":\"https:\\\/\\\/pfingstrosen-paradies.de\\\/wp-content\\\/uploads\\\/Berlin-Violetta-1.jpg\",\"contentUrl\":\"https:\\\/\\\/pfingstrosen-paradies.de\\\/wp-content\\\/uploads\\\/Berlin-Violetta-1.jpg\",\"width\":1280,\"height\":856,\"caption\":\"Berlin Violetta\"},{\"@type\":\"BreadcrumbList\",\"@id\":\"https:\\\/\\\/pfingstrosen-paradies.de\\\/shop\\\/iris\\\/iris-x-sibtosa-berlin-violetta\\\/#breadcrumb\",\"itemListElement\":[{\"@type\":\"ListItem\",\"position\":1,\"name\":\"Start\",\"item\":\"https:\\\/\\\/pfingstrosen-paradies.de\\\/\"},{\"@type\":\"ListItem\",\"position\":2,\"name\":\"Shop\",\"item\":\"https:\\\/\\\/pfingstrosen-paradies.de\\\/shop\\\/\"},{\"@type\":\"ListItem\",\"position\":3,\"name\":\"Iris x sibtosa &#8218;Berlin Violetta&#8216;\"}]},{\"@type\":\"WebSite\",\"@id\":\"https:\\\/\\\/pfingstrosen-paradies.de\\\/#website\",\"url\":\"https:\\\/\\\/pfingstrosen-paradies.de\\\/\",\"name\":\"Pfingstrosen-Paradies\",\"description\":\"Fachg\u00e4rtnerei f\u00fcr Pfingstrosen\",\"publisher\":{\"@id\":\"https:\\\/\\\/pfingstrosen-paradies.de\\\/#organization\"},\"potentialAction\":[{\"@type\":\"SearchAction\",\"target\":{\"@type\":\"EntryPoint\",\"urlTemplate\":\"https:\\\/\\\/pfingstrosen-paradies.de\\\/?s={search_term_string}\"},\"query-input\":{\"@type\":\"PropertyValueSpecification\",\"valueRequired\":true,\"valueName\":\"search_term_string\"}}],\"inLanguage\":\"en-GB\"},{\"@type\":\"Organization\",\"@id\":\"https:\\\/\\\/pfingstrosen-paradies.de\\\/#organization\",\"name\":\"Pfingstrosen-Paradies\",\"url\":\"https:\\\/\\\/pfingstrosen-paradies.de\\\/\",\"logo\":{\"@type\":\"ImageObject\",\"inLanguage\":\"en-GB\",\"@id\":\"https:\\\/\\\/pfingstrosen-paradies.de\\\/#\\\/schema\\\/logo\\\/image\\\/\",\"url\":\"https:\\\/\\\/pfingstrosen-paradies.de\\\/wp-content\\\/uploads\\\/2021\\\/02\\\/logo-pfingstrosen.png\",\"contentUrl\":\"https:\\\/\\\/pfingstrosen-paradies.de\\\/wp-content\\\/uploads\\\/2021\\\/02\\\/logo-pfingstrosen.png\",\"width\":1568,\"height\":366,\"caption\":\"Pfingstrosen-Paradies\"},\"image\":{\"@id\":\"https:\\\/\\\/pfingstrosen-paradies.de\\\/#\\\/schema\\\/logo\\\/image\\\/\"}}]}<\/script>\n<!-- \/ Yoast SEO plugin. -->","yoast_head_json":{"title":"Iris x sibtosa 'Berlin Violetta' - Schwertlilie | Pfingstrosen-Paradies Tetzlaff","description":"Iris - Schwertlilien | Iris \u00d7 sibtosa ist eine attraktive Hybride aus Iris sibirica und Iris setosa, die sich durch gro\u00dfe lavendelfarbene Bl\u00fcten, kontrastreiche wei\u00dfe Griffel","robots":{"index":"index","follow":"follow","max-snippet":"max-snippet:-1","max-image-preview":"max-image-preview:large","max-video-preview":"max-video-preview:-1"},"canonical":"https:\/\/pfingstrosen-paradies.de\/en\/shop\/iris\/iris-x-sibtosa-berlin-violetta\/","og_locale":"en_GB","og_type":"article","og_title":"Iris x sibtosa 'Berlin Violetta' - Schwertlilie | Pfingstrosen-Paradies Tetzlaff","og_description":"Iris - Schwertlilien | Iris \u00d7 sibtosa ist eine attraktive Hybride aus Iris sibirica und Iris setosa, die sich durch gro\u00dfe lavendelfarbene Bl\u00fcten, kontrastreiche wei\u00dfe Griffel","og_url":"https:\/\/pfingstrosen-paradies.de\/en\/shop\/iris\/iris-x-sibtosa-berlin-violetta\/","og_site_name":"Pfingstrosen-Paradies","article_modified_time":"2026-01-19T14:43:36+00:00","og_image":[{"width":1280,"height":856,"url":"https:\/\/pfingstrosen-paradies.de\/wp-content\/uploads\/Berlin-Violetta-1.jpg","type":"image\/jpeg"}],"twitter_card":"summary_large_image","twitter_misc":{"Estimated reading time":"1 minute"},"schema":{"@context":"https:\/\/schema.org","@graph":[{"@type":"WebPage","@id":"https:\/\/pfingstrosen-paradies.de\/shop\/iris\/iris-x-sibtosa-berlin-violetta\/","url":"https:\/\/pfingstrosen-paradies.de\/shop\/iris\/iris-x-sibtosa-berlin-violetta\/","name":"Iris x sibtosa 'Berlin Violetta' - Schwertlilie | Pfingstrosen-Paradies Tetzlaff","isPartOf":{"@id":"https:\/\/pfingstrosen-paradies.de\/#website"},"primaryImageOfPage":{"@id":"https:\/\/pfingstrosen-paradies.de\/shop\/iris\/iris-x-sibtosa-berlin-violetta\/#primaryimage"},"image":{"@id":"https:\/\/pfingstrosen-paradies.de\/shop\/iris\/iris-x-sibtosa-berlin-violetta\/#primaryimage"},"thumbnailUrl":"https:\/\/pfingstrosen-paradies.de\/wp-content\/uploads\/Berlin-Violetta-1.jpg","datePublished":"2025-08-09T12:51:57+00:00","dateModified":"2026-01-19T14:43:36+00:00","description":"Iris - Schwertlilien | Iris \u00d7 sibtosa ist eine attraktive Hybride aus Iris sibirica und Iris setosa, die sich durch gro\u00dfe lavendelfarbene Bl\u00fcten, kontrastreiche wei\u00dfe Griffel","breadcrumb":{"@id":"https:\/\/pfingstrosen-paradies.de\/shop\/iris\/iris-x-sibtosa-berlin-violetta\/#breadcrumb"},"inLanguage":"en-GB","potentialAction":[{"@type":"ReadAction","target":["https:\/\/pfingstrosen-paradies.de\/shop\/iris\/iris-x-sibtosa-berlin-violetta\/"]}]},{"@type":"ImageObject","inLanguage":"en-GB","@id":"https:\/\/pfingstrosen-paradies.de\/shop\/iris\/iris-x-sibtosa-berlin-violetta\/#primaryimage","url":"https:\/\/pfingstrosen-paradies.de\/wp-content\/uploads\/Berlin-Violetta-1.jpg","contentUrl":"https:\/\/pfingstrosen-paradies.de\/wp-content\/uploads\/Berlin-Violetta-1.jpg","width":1280,"height":856,"caption":"Berlin Violetta"},{"@type":"BreadcrumbList","@id":"https:\/\/pfingstrosen-paradies.de\/shop\/iris\/iris-x-sibtosa-berlin-violetta\/#breadcrumb","itemListElement":[{"@type":"ListItem","position":1,"name":"Start","item":"https:\/\/pfingstrosen-paradies.de\/"},{"@type":"ListItem","position":2,"name":"Shop","item":"https:\/\/pfingstrosen-paradies.de\/shop\/"},{"@type":"ListItem","position":3,"name":"Iris x sibtosa &#8218;Berlin Violetta&#8216;"}]},{"@type":"WebSite","@id":"https:\/\/pfingstrosen-paradies.de\/#website","url":"https:\/\/pfingstrosen-paradies.de\/","name":"Pfingstrosen-Paradies","description":"Fachg\u00e4rtnerei f\u00fcr Pfingstrosen","publisher":{"@id":"https:\/\/pfingstrosen-paradies.de\/#organization"},"potentialAction":[{"@type":"SearchAction","target":{"@type":"EntryPoint","urlTemplate":"https:\/\/pfingstrosen-paradies.de\/?s={search_term_string}"},"query-input":{"@type":"PropertyValueSpecification","valueRequired":true,"valueName":"search_term_string"}}],"inLanguage":"en-GB"},{"@type":"Organization","@id":"https:\/\/pfingstrosen-paradies.de\/#organization","name":"Pfingstrosen-Paradies","url":"https:\/\/pfingstrosen-paradies.de\/","logo":{"@type":"ImageObject","inLanguage":"en-GB","@id":"https:\/\/pfingstrosen-paradies.de\/#\/schema\/logo\/image\/","url":"https:\/\/pfingstrosen-paradies.de\/wp-content\/uploads\/2021\/02\/logo-pfingstrosen.png","contentUrl":"https:\/\/pfingstrosen-paradies.de\/wp-content\/uploads\/2021\/02\/logo-pfingstrosen.png","width":1568,"height":366,"caption":"Pfingstrosen-Paradies"},"image":{"@id":"https:\/\/pfingstrosen-paradies.de\/#\/schema\/logo\/image\/"}}]}},"_links":{"self":[{"href":"https:\/\/pfingstrosen-paradies.de\/en\/wp-json\/wp\/v2\/product\/20642","targetHints":{"allow":["GET"]}}],"collection":[{"href":"https:\/\/pfingstrosen-paradies.de\/en\/wp-json\/wp\/v2\/product"}],"about":[{"href":"https:\/\/pfingstrosen-paradies.de\/en\/wp-json\/wp\/v2\/types\/product"}],"wp:featuredmedia":[{"embeddable":true,"href":"https:\/\/pfingstrosen-paradies.de\/en\/wp-json\/wp\/v2\/media\/21724"}],"wp:attachment":[{"href":"https:\/\/pfingstrosen-paradies.de\/en\/wp-json\/wp\/v2\/media?parent=20642"}],"wp:term":[{"taxonomy":"product_brand","embeddable":true,"href":"https:\/\/pfingstrosen-paradies.de\/en\/wp-json\/wp\/v2\/product_brand?post=20642"},{"taxonomy":"product_cat","embeddable":true,"href":"https:\/\/pfingstrosen-paradies.de\/en\/wp-json\/wp\/v2\/product_cat?post=20642"},{"taxonomy":"product_tag","embeddable":true,"href":"https:\/\/pfingstrosen-paradies.de\/en\/wp-json\/wp\/v2\/product_tag?post=20642"}],"curies":[{"name":"wp","href":"https:\/\/api.w.org\/{rel}","templated":true}]}}