{"id":2146,"date":"2021-12-18T15:42:31","date_gmt":"2021-12-18T14:42:31","guid":{"rendered":"https:\/\/pfingstrosen-paradies.de\/?post_type=product&#038;p=2146"},"modified":"2026-04-17T09:10:07","modified_gmt":"2026-04-17T07:10:07","slug":"sonoma-yedo","status":"publish","type":"product","link":"https:\/\/pfingstrosen-paradies.de\/en\/shop\/itoh-hybriden\/sonoma-yedo\/","title":{"rendered":"Sonoma YeDo"},"content":{"rendered":"<p>Auch bekannt unter dem Namen &#8218;YeDo&#8216; oder &#8218;Yellow Double&#8216;, st\u00e4rker gef\u00fcllt als &#8218;Bartzella&#8216;.<\/p>\n<p>Diese relativ neue und zur Zeit noch sehr selten angebotene Sorte, geh\u00f6rt f\u00fcr uns zu den sch\u00f6nsten und auff\u00e4lligsten gelben Pfingstrosen. Die riesigen, bis 25 cm gro\u00dfen komplett gef\u00fcllten Bl\u00fcten sind kreisf\u00f6rmig um die Pflanze herum angeordnet und ein absoluter Hingucker in jedem Garten! Exzellentes Laub welches auch nach der Bl\u00fcte einen Zierwert als Blattschmuckstaude hat. Je nachWittereungsverlauf im Herbst durchaus Herbstf\u00e4rbung der Laubbl\u00e4tter. YeDo neigt gelegenlich bei sehr ausgepr\u00e4gten Sp\u00e4tsommern zu einer leichten Nachbl\u00fcte.<\/p>","protected":false},"excerpt":{"rendered":"<p>Auch bekannt unter dem Namen &#8218;YeDo&#8216; oder &#8218;Yellow Double&#8216;, st\u00e4rker gef\u00fcllt als &#8218;Bartzella&#8216;. Diese relativ neue und zur Zeit noch sehr selten angebotene Sorte, geh\u00f6rt f\u00fcr uns zu den sch\u00f6nsten und auff\u00e4lligsten gelben Pfingstrosen. Die riesigen, bis 25 cm gro\u00dfen komplett gef\u00fcllten Bl\u00fcten sind kreisf\u00f6rmig um die Pflanze herum angeordnet und ein absoluter Hingucker in [&hellip;]<\/p>\n","protected":false},"featured_media":2147,"template":"","meta":[],"product_brand":[],"product_cat":[105,121],"product_tag":[],"class_list":{"0":"post-2146","1":"product","2":"type-product","3":"status-publish","4":"has-post-thumbnail","6":"product_cat-itoh-hybriden","7":"product_cat-unsere-lieblingssorten","9":"first","10":"instock","11":"taxable","12":"shipping-taxable","13":"purchasable","14":"product-type-simple"},"featured_image_urls":{"full":["https:\/\/pfingstrosen-paradies.de\/wp-content\/uploads\/YeDo2.jpg",1200,900,false],"thumbnail":["https:\/\/pfingstrosen-paradies.de\/wp-content\/uploads\/YeDo2-150x150.jpg",150,150,true],"medium":["https:\/\/pfingstrosen-paradies.de\/wp-content\/uploads\/YeDo2-300x225.jpg",300,225,true],"medium_large":["https:\/\/pfingstrosen-paradies.de\/wp-content\/uploads\/YeDo2-768x576.jpg",768,576,true],"large":["https:\/\/pfingstrosen-paradies.de\/wp-content\/uploads\/YeDo2-1024x768.jpg",1024,768,true],"1536x1536":["https:\/\/pfingstrosen-paradies.de\/wp-content\/uploads\/YeDo2.jpg",1200,900,false],"2048x2048":["https:\/\/pfingstrosen-paradies.de\/wp-content\/uploads\/YeDo2.jpg",1200,900,false],"trp-custom-language-flag":["https:\/\/pfingstrosen-paradies.de\/wp-content\/uploads\/YeDo2-16x12.jpg",16,12,true],"ptam-block-post-grid-landscape":["https:\/\/pfingstrosen-paradies.de\/wp-content\/uploads\/YeDo2-600x400.jpg",600,400,true],"ptam-block-post-grid-square":["https:\/\/pfingstrosen-paradies.de\/wp-content\/uploads\/YeDo2-600x600.jpg",600,600,true],"ptam-block-post-grid-featured-landscape":["https:\/\/pfingstrosen-paradies.de\/wp-content\/uploads\/YeDo2-1000x600.jpg",1000,600,true],"woocommerce_archive_thumbnail":["https:\/\/pfingstrosen-paradies.de\/wp-content\/uploads\/YeDo2-400x350.jpg",400,350,true],"woocommerce_thumbnail":["https:\/\/pfingstrosen-paradies.de\/wp-content\/uploads\/YeDo2-400x350.jpg",400,350,true],"woocommerce_single":["https:\/\/pfingstrosen-paradies.de\/wp-content\/uploads\/YeDo2.jpg",1200,900,false],"woocommerce_gallery_thumbnail":["https:\/\/pfingstrosen-paradies.de\/wp-content\/uploads\/YeDo2-100x100.jpg",100,100,true]},"post_excerpt_stackable":"<p>Auch bekannt unter dem Namen &#8218;YeDo&#8216; oder &#8218;Yellow Double&#8216;, st\u00e4rker gef\u00fcllt als &#8218;Bartzella&#8216;. Diese relativ neue und zur Zeit noch sehr selten angebotene Sorte, geh\u00f6rt f\u00fcr uns zu den sch\u00f6nsten und auff\u00e4lligsten gelben Pfingstrosen. Die riesigen, bis 25 cm gro\u00dfen komplett gef\u00fcllten Bl\u00fcten sind kreisf\u00f6rmig um die Pflanze herum angeordnet und ein absoluter Hingucker in jedem Garten! Exzellentes Laub welches auch nach der Bl\u00fcte einen Zierwert als Blattschmuckstaude hat. Je nachWittereungsverlauf im Herbst durchaus Herbstf\u00e4rbung der Laubbl\u00e4tter. YeDo neigt gelegenlich bei sehr ausgepr\u00e4gten Sp\u00e4tsommern zu einer leichten Nachbl\u00fcte.<\/p>\n","category_list":"","author_info":{"name":"","url":""},"comments_num":"0 comments","featured_image_urls_v2":{"full":["https:\/\/pfingstrosen-paradies.de\/wp-content\/uploads\/YeDo2.jpg",1200,900,false],"thumbnail":["https:\/\/pfingstrosen-paradies.de\/wp-content\/uploads\/YeDo2-150x150.jpg",150,150,true],"medium":["https:\/\/pfingstrosen-paradies.de\/wp-content\/uploads\/YeDo2-300x225.jpg",300,225,true],"medium_large":["https:\/\/pfingstrosen-paradies.de\/wp-content\/uploads\/YeDo2-768x576.jpg",768,576,true],"large":["https:\/\/pfingstrosen-paradies.de\/wp-content\/uploads\/YeDo2-1024x768.jpg",1024,768,true],"1536x1536":["https:\/\/pfingstrosen-paradies.de\/wp-content\/uploads\/YeDo2.jpg",1200,900,false],"2048x2048":["https:\/\/pfingstrosen-paradies.de\/wp-content\/uploads\/YeDo2.jpg",1200,900,false],"trp-custom-language-flag":["https:\/\/pfingstrosen-paradies.de\/wp-content\/uploads\/YeDo2-16x12.jpg",16,12,true],"ptam-block-post-grid-landscape":["https:\/\/pfingstrosen-paradies.de\/wp-content\/uploads\/YeDo2-600x400.jpg",600,400,true],"ptam-block-post-grid-square":["https:\/\/pfingstrosen-paradies.de\/wp-content\/uploads\/YeDo2-600x600.jpg",600,600,true],"ptam-block-post-grid-featured-landscape":["https:\/\/pfingstrosen-paradies.de\/wp-content\/uploads\/YeDo2-1000x600.jpg",1000,600,true],"woocommerce_archive_thumbnail":["https:\/\/pfingstrosen-paradies.de\/wp-content\/uploads\/YeDo2-400x350.jpg",400,350,true],"woocommerce_thumbnail":["https:\/\/pfingstrosen-paradies.de\/wp-content\/uploads\/YeDo2-400x350.jpg",400,350,true],"woocommerce_single":["https:\/\/pfingstrosen-paradies.de\/wp-content\/uploads\/YeDo2.jpg",1200,900,false],"woocommerce_gallery_thumbnail":["https:\/\/pfingstrosen-paradies.de\/wp-content\/uploads\/YeDo2-100x100.jpg",100,100,true]},"post_excerpt_stackable_v2":"<p>Auch bekannt unter dem Namen &#8218;YeDo&#8216; oder &#8218;Yellow Double&#8216;, st\u00e4rker gef\u00fcllt als &#8218;Bartzella&#8216;. Diese relativ neue und zur Zeit noch sehr selten angebotene Sorte, geh\u00f6rt f\u00fcr uns zu den sch\u00f6nsten und auff\u00e4lligsten gelben Pfingstrosen. Die riesigen, bis 25 cm gro\u00dfen komplett gef\u00fcllten Bl\u00fcten sind kreisf\u00f6rmig um die Pflanze herum angeordnet und ein absoluter Hingucker in jedem Garten! Exzellentes Laub welches auch nach der Bl\u00fcte einen Zierwert als Blattschmuckstaude hat. Je nachWittereungsverlauf im Herbst durchaus Herbstf\u00e4rbung der Laubbl\u00e4tter. YeDo neigt gelegenlich bei sehr ausgepr\u00e4gten Sp\u00e4tsommern zu einer leichten Nachbl\u00fcte.<\/p>\n","category_list_v2":"","author_info_v2":{"name":"","url":""},"comments_num_v2":"0 comments","yoast_head":"<!-- This site is optimized with the Yoast SEO plugin v27.3 - https:\/\/yoast.com\/product\/yoast-seo-wordpress\/ -->\n<title>Paeonia &#039;Sonoma YeDo&#039; | Pfingstrosen-Paradies Tetzlaff<\/title>\n<meta name=\"description\" content=\"Itoh-Hybriden, Unsere Lieblingssorten | Auch bekannt unter dem Namen &#039;YeDo&#039; oder &#039;Yellow Double&#039;, st\u00e4rker gef\u00fcllt als &#039;Bartzella&#039;. Diese relativ neue und zur Zeit noch sehr selten angebotene\" \/>\n<meta name=\"robots\" content=\"index, follow, max-snippet:-1, max-image-preview:large, max-video-preview:-1\" \/>\n<link rel=\"canonical\" href=\"https:\/\/pfingstrosen-paradies.de\/en\/shop\/itoh-hybriden\/sonoma-yedo\/\" \/>\n<meta property=\"og:locale\" content=\"en_GB\" \/>\n<meta property=\"og:type\" content=\"article\" \/>\n<meta property=\"og:title\" content=\"Paeonia &#039;Sonoma YeDo&#039; | Pfingstrosen-Paradies Tetzlaff\" \/>\n<meta property=\"og:description\" content=\"Itoh-Hybriden, Unsere Lieblingssorten | Auch bekannt unter dem Namen &#039;YeDo&#039; oder &#039;Yellow Double&#039;, st\u00e4rker gef\u00fcllt als &#039;Bartzella&#039;. Diese relativ neue und zur Zeit noch sehr selten angebotene\" \/>\n<meta property=\"og:url\" content=\"https:\/\/pfingstrosen-paradies.de\/en\/shop\/itoh-hybriden\/sonoma-yedo\/\" \/>\n<meta property=\"og:site_name\" content=\"Pfingstrosen-Paradies\" \/>\n<meta property=\"article:modified_time\" content=\"2026-04-17T07:10:07+00:00\" \/>\n<meta property=\"og:image\" content=\"https:\/\/pfingstrosen-paradies.de\/wp-content\/uploads\/YeDo2.jpg\" \/>\n\t<meta property=\"og:image:width\" content=\"1200\" \/>\n\t<meta property=\"og:image:height\" content=\"900\" \/>\n\t<meta property=\"og:image:type\" content=\"image\/jpeg\" \/>\n<meta name=\"twitter:card\" content=\"summary_large_image\" \/>\n<meta name=\"twitter:label1\" content=\"Estimated reading time\" \/>\n\t<meta name=\"twitter:data1\" content=\"1 minute\" \/>\n<script type=\"application\/ld+json\" class=\"yoast-schema-graph\">{\"@context\":\"https:\\\/\\\/schema.org\",\"@graph\":[{\"@type\":\"WebPage\",\"@id\":\"https:\\\/\\\/pfingstrosen-paradies.de\\\/shop\\\/itoh-hybriden\\\/sonoma-yedo\\\/\",\"url\":\"https:\\\/\\\/pfingstrosen-paradies.de\\\/shop\\\/itoh-hybriden\\\/sonoma-yedo\\\/\",\"name\":\"Paeonia 'Sonoma YeDo' | Pfingstrosen-Paradies Tetzlaff\",\"isPartOf\":{\"@id\":\"https:\\\/\\\/pfingstrosen-paradies.de\\\/#website\"},\"primaryImageOfPage\":{\"@id\":\"https:\\\/\\\/pfingstrosen-paradies.de\\\/shop\\\/itoh-hybriden\\\/sonoma-yedo\\\/#primaryimage\"},\"image\":{\"@id\":\"https:\\\/\\\/pfingstrosen-paradies.de\\\/shop\\\/itoh-hybriden\\\/sonoma-yedo\\\/#primaryimage\"},\"thumbnailUrl\":\"https:\\\/\\\/pfingstrosen-paradies.de\\\/wp-content\\\/uploads\\\/YeDo2.jpg\",\"datePublished\":\"2021-12-18T14:42:31+00:00\",\"dateModified\":\"2026-04-17T07:10:07+00:00\",\"description\":\"Itoh-Hybriden, Unsere Lieblingssorten | Auch bekannt unter dem Namen 'YeDo' oder 'Yellow Double', st\u00e4rker gef\u00fcllt als 'Bartzella'. Diese relativ neue und zur Zeit noch sehr selten angebotene\",\"breadcrumb\":{\"@id\":\"https:\\\/\\\/pfingstrosen-paradies.de\\\/shop\\\/itoh-hybriden\\\/sonoma-yedo\\\/#breadcrumb\"},\"inLanguage\":\"en-GB\",\"potentialAction\":[{\"@type\":\"ReadAction\",\"target\":[\"https:\\\/\\\/pfingstrosen-paradies.de\\\/shop\\\/itoh-hybriden\\\/sonoma-yedo\\\/\"]}]},{\"@type\":\"ImageObject\",\"inLanguage\":\"en-GB\",\"@id\":\"https:\\\/\\\/pfingstrosen-paradies.de\\\/shop\\\/itoh-hybriden\\\/sonoma-yedo\\\/#primaryimage\",\"url\":\"https:\\\/\\\/pfingstrosen-paradies.de\\\/wp-content\\\/uploads\\\/YeDo2.jpg\",\"contentUrl\":\"https:\\\/\\\/pfingstrosen-paradies.de\\\/wp-content\\\/uploads\\\/YeDo2.jpg\",\"width\":1200,\"height\":900,\"caption\":\"Sonoma YeDo\"},{\"@type\":\"BreadcrumbList\",\"@id\":\"https:\\\/\\\/pfingstrosen-paradies.de\\\/shop\\\/itoh-hybriden\\\/sonoma-yedo\\\/#breadcrumb\",\"itemListElement\":[{\"@type\":\"ListItem\",\"position\":1,\"name\":\"Start\",\"item\":\"https:\\\/\\\/pfingstrosen-paradies.de\\\/\"},{\"@type\":\"ListItem\",\"position\":2,\"name\":\"Shop\",\"item\":\"https:\\\/\\\/pfingstrosen-paradies.de\\\/shop\\\/\"},{\"@type\":\"ListItem\",\"position\":3,\"name\":\"Sonoma YeDo\"}]},{\"@type\":\"WebSite\",\"@id\":\"https:\\\/\\\/pfingstrosen-paradies.de\\\/#website\",\"url\":\"https:\\\/\\\/pfingstrosen-paradies.de\\\/\",\"name\":\"Pfingstrosen-Paradies\",\"description\":\"Fachg\u00e4rtnerei f\u00fcr Pfingstrosen\",\"publisher\":{\"@id\":\"https:\\\/\\\/pfingstrosen-paradies.de\\\/#organization\"},\"potentialAction\":[{\"@type\":\"SearchAction\",\"target\":{\"@type\":\"EntryPoint\",\"urlTemplate\":\"https:\\\/\\\/pfingstrosen-paradies.de\\\/?s={search_term_string}\"},\"query-input\":{\"@type\":\"PropertyValueSpecification\",\"valueRequired\":true,\"valueName\":\"search_term_string\"}}],\"inLanguage\":\"en-GB\"},{\"@type\":\"Organization\",\"@id\":\"https:\\\/\\\/pfingstrosen-paradies.de\\\/#organization\",\"name\":\"Pfingstrosen-Paradies\",\"url\":\"https:\\\/\\\/pfingstrosen-paradies.de\\\/\",\"logo\":{\"@type\":\"ImageObject\",\"inLanguage\":\"en-GB\",\"@id\":\"https:\\\/\\\/pfingstrosen-paradies.de\\\/#\\\/schema\\\/logo\\\/image\\\/\",\"url\":\"https:\\\/\\\/pfingstrosen-paradies.de\\\/wp-content\\\/uploads\\\/2021\\\/02\\\/logo-pfingstrosen.png\",\"contentUrl\":\"https:\\\/\\\/pfingstrosen-paradies.de\\\/wp-content\\\/uploads\\\/2021\\\/02\\\/logo-pfingstrosen.png\",\"width\":1568,\"height\":366,\"caption\":\"Pfingstrosen-Paradies\"},\"image\":{\"@id\":\"https:\\\/\\\/pfingstrosen-paradies.de\\\/#\\\/schema\\\/logo\\\/image\\\/\"}}]}<\/script>\n<!-- \/ Yoast SEO plugin. -->","yoast_head_json":{"title":"Paeonia 'Sonoma YeDo' | Pfingstrosen-Paradies Tetzlaff","description":"Itoh-Hybriden, Unsere Lieblingssorten | Auch bekannt unter dem Namen 'YeDo' oder 'Yellow Double', st\u00e4rker gef\u00fcllt als 'Bartzella'. Diese relativ neue und zur Zeit noch sehr selten angebotene","robots":{"index":"index","follow":"follow","max-snippet":"max-snippet:-1","max-image-preview":"max-image-preview:large","max-video-preview":"max-video-preview:-1"},"canonical":"https:\/\/pfingstrosen-paradies.de\/en\/shop\/itoh-hybriden\/sonoma-yedo\/","og_locale":"en_GB","og_type":"article","og_title":"Paeonia 'Sonoma YeDo' | Pfingstrosen-Paradies Tetzlaff","og_description":"Itoh-Hybriden, Unsere Lieblingssorten | Auch bekannt unter dem Namen 'YeDo' oder 'Yellow Double', st\u00e4rker gef\u00fcllt als 'Bartzella'. Diese relativ neue und zur Zeit noch sehr selten angebotene","og_url":"https:\/\/pfingstrosen-paradies.de\/en\/shop\/itoh-hybriden\/sonoma-yedo\/","og_site_name":"Pfingstrosen-Paradies","article_modified_time":"2026-04-17T07:10:07+00:00","og_image":[{"width":1200,"height":900,"url":"https:\/\/pfingstrosen-paradies.de\/wp-content\/uploads\/YeDo2.jpg","type":"image\/jpeg"}],"twitter_card":"summary_large_image","twitter_misc":{"Estimated reading time":"1 minute"},"schema":{"@context":"https:\/\/schema.org","@graph":[{"@type":"WebPage","@id":"https:\/\/pfingstrosen-paradies.de\/shop\/itoh-hybriden\/sonoma-yedo\/","url":"https:\/\/pfingstrosen-paradies.de\/shop\/itoh-hybriden\/sonoma-yedo\/","name":"Paeonia 'Sonoma YeDo' | Pfingstrosen-Paradies Tetzlaff","isPartOf":{"@id":"https:\/\/pfingstrosen-paradies.de\/#website"},"primaryImageOfPage":{"@id":"https:\/\/pfingstrosen-paradies.de\/shop\/itoh-hybriden\/sonoma-yedo\/#primaryimage"},"image":{"@id":"https:\/\/pfingstrosen-paradies.de\/shop\/itoh-hybriden\/sonoma-yedo\/#primaryimage"},"thumbnailUrl":"https:\/\/pfingstrosen-paradies.de\/wp-content\/uploads\/YeDo2.jpg","datePublished":"2021-12-18T14:42:31+00:00","dateModified":"2026-04-17T07:10:07+00:00","description":"Itoh-Hybriden, Unsere Lieblingssorten | Auch bekannt unter dem Namen 'YeDo' oder 'Yellow Double', st\u00e4rker gef\u00fcllt als 'Bartzella'. Diese relativ neue und zur Zeit noch sehr selten angebotene","breadcrumb":{"@id":"https:\/\/pfingstrosen-paradies.de\/shop\/itoh-hybriden\/sonoma-yedo\/#breadcrumb"},"inLanguage":"en-GB","potentialAction":[{"@type":"ReadAction","target":["https:\/\/pfingstrosen-paradies.de\/shop\/itoh-hybriden\/sonoma-yedo\/"]}]},{"@type":"ImageObject","inLanguage":"en-GB","@id":"https:\/\/pfingstrosen-paradies.de\/shop\/itoh-hybriden\/sonoma-yedo\/#primaryimage","url":"https:\/\/pfingstrosen-paradies.de\/wp-content\/uploads\/YeDo2.jpg","contentUrl":"https:\/\/pfingstrosen-paradies.de\/wp-content\/uploads\/YeDo2.jpg","width":1200,"height":900,"caption":"Sonoma YeDo"},{"@type":"BreadcrumbList","@id":"https:\/\/pfingstrosen-paradies.de\/shop\/itoh-hybriden\/sonoma-yedo\/#breadcrumb","itemListElement":[{"@type":"ListItem","position":1,"name":"Start","item":"https:\/\/pfingstrosen-paradies.de\/"},{"@type":"ListItem","position":2,"name":"Shop","item":"https:\/\/pfingstrosen-paradies.de\/shop\/"},{"@type":"ListItem","position":3,"name":"Sonoma YeDo"}]},{"@type":"WebSite","@id":"https:\/\/pfingstrosen-paradies.de\/#website","url":"https:\/\/pfingstrosen-paradies.de\/","name":"Pfingstrosen-Paradies","description":"Fachg\u00e4rtnerei f\u00fcr Pfingstrosen","publisher":{"@id":"https:\/\/pfingstrosen-paradies.de\/#organization"},"potentialAction":[{"@type":"SearchAction","target":{"@type":"EntryPoint","urlTemplate":"https:\/\/pfingstrosen-paradies.de\/?s={search_term_string}"},"query-input":{"@type":"PropertyValueSpecification","valueRequired":true,"valueName":"search_term_string"}}],"inLanguage":"en-GB"},{"@type":"Organization","@id":"https:\/\/pfingstrosen-paradies.de\/#organization","name":"Pfingstrosen-Paradies","url":"https:\/\/pfingstrosen-paradies.de\/","logo":{"@type":"ImageObject","inLanguage":"en-GB","@id":"https:\/\/pfingstrosen-paradies.de\/#\/schema\/logo\/image\/","url":"https:\/\/pfingstrosen-paradies.de\/wp-content\/uploads\/2021\/02\/logo-pfingstrosen.png","contentUrl":"https:\/\/pfingstrosen-paradies.de\/wp-content\/uploads\/2021\/02\/logo-pfingstrosen.png","width":1568,"height":366,"caption":"Pfingstrosen-Paradies"},"image":{"@id":"https:\/\/pfingstrosen-paradies.de\/#\/schema\/logo\/image\/"}}]}},"_links":{"self":[{"href":"https:\/\/pfingstrosen-paradies.de\/en\/wp-json\/wp\/v2\/product\/2146","targetHints":{"allow":["GET"]}}],"collection":[{"href":"https:\/\/pfingstrosen-paradies.de\/en\/wp-json\/wp\/v2\/product"}],"about":[{"href":"https:\/\/pfingstrosen-paradies.de\/en\/wp-json\/wp\/v2\/types\/product"}],"wp:featuredmedia":[{"embeddable":true,"href":"https:\/\/pfingstrosen-paradies.de\/en\/wp-json\/wp\/v2\/media\/2147"}],"wp:attachment":[{"href":"https:\/\/pfingstrosen-paradies.de\/en\/wp-json\/wp\/v2\/media?parent=2146"}],"wp:term":[{"taxonomy":"product_brand","embeddable":true,"href":"https:\/\/pfingstrosen-paradies.de\/en\/wp-json\/wp\/v2\/product_brand?post=2146"},{"taxonomy":"product_cat","embeddable":true,"href":"https:\/\/pfingstrosen-paradies.de\/en\/wp-json\/wp\/v2\/product_cat?post=2146"},{"taxonomy":"product_tag","embeddable":true,"href":"https:\/\/pfingstrosen-paradies.de\/en\/wp-json\/wp\/v2\/product_tag?post=2146"}],"curies":[{"name":"wp","href":"https:\/\/api.w.org\/{rel}","templated":true}]}}