{"id":21664,"date":"2025-09-25T18:53:34","date_gmt":"2025-09-25T16:53:34","guid":{"rendered":"https:\/\/pfingstrosen-paradies.de\/?post_type=product&#038;p=21664"},"modified":"2026-02-25T10:04:46","modified_gmt":"2026-02-25T09:04:46","slug":"white-frost","status":"publish","type":"product","link":"https:\/\/pfingstrosen-paradies.de\/en\/shop\/staudenpfingstrosen\/lactiflora\/white-frost\/","title":{"rendered":"White Frost"},"content":{"rendered":"<p>&#8218;White Frsot&#8216; ist unumstritten eine der sch\u00f6nsten wei\u00dfen P\u00e4onien! Die Bl\u00fcten sind halb gef\u00fcllt bis gef\u00fcllt und mit zarten roten Streifen durchzogen. Die Sorte ist \u00fcberaus w\u00fcchsig und zudem standfest. Sie hat 15-18 cm gro\u00dfe, wei\u00dfe Bl\u00fcten. Mittlere Bl\u00fctezeit, H\u00f6he 80-90 cm, leichter Duft.<\/p>","protected":false},"excerpt":{"rendered":"<p>&#8218;White Frsot&#8216; ist unumstritten eine der sch\u00f6nsten wei\u00dfen P\u00e4onien! Die Bl\u00fcten sind halb gef\u00fcllt bis gef\u00fcllt und mit zarten roten Streifen durchzogen. Die Sorte ist \u00fcberaus w\u00fcchsig und zudem standfest. Sie hat 15-18 cm gro\u00dfe, wei\u00dfe Bl\u00fcten. Mittlere Bl\u00fctezeit, H\u00f6he 80-90 cm, leichter Duft.<\/p>","protected":false},"featured_media":21665,"template":"","meta":[],"product_brand":[],"product_cat":[37,45,33],"product_tag":[],"class_list":{"0":"post-21664","1":"product","2":"type-product","3":"status-publish","4":"has-post-thumbnail","6":"product_cat-lactiflora","7":"product_cat-neu-im-sortiment","8":"product_cat-staudenpfingstrosen","10":"first","11":"outofstock","12":"taxable","13":"shipping-taxable","14":"purchasable","15":"product-type-simple"},"featured_image_urls":{"full":["https:\/\/pfingstrosen-paradies.de\/wp-content\/uploads\/White-Frost-2.jpg",1280,960,false],"thumbnail":["https:\/\/pfingstrosen-paradies.de\/wp-content\/uploads\/White-Frost-2-150x150.jpg",150,150,true],"medium":["https:\/\/pfingstrosen-paradies.de\/wp-content\/uploads\/White-Frost-2-300x225.jpg",300,225,true],"medium_large":["https:\/\/pfingstrosen-paradies.de\/wp-content\/uploads\/White-Frost-2-768x576.jpg",768,576,true],"large":["https:\/\/pfingstrosen-paradies.de\/wp-content\/uploads\/White-Frost-2-1024x768.jpg",1024,768,true],"1536x1536":["https:\/\/pfingstrosen-paradies.de\/wp-content\/uploads\/White-Frost-2.jpg",1280,960,false],"2048x2048":["https:\/\/pfingstrosen-paradies.de\/wp-content\/uploads\/White-Frost-2.jpg",1280,960,false],"trp-custom-language-flag":["https:\/\/pfingstrosen-paradies.de\/wp-content\/uploads\/White-Frost-2-16x12.jpg",16,12,true],"ptam-block-post-grid-landscape":["https:\/\/pfingstrosen-paradies.de\/wp-content\/uploads\/White-Frost-2-600x400.jpg",600,400,true],"ptam-block-post-grid-square":["https:\/\/pfingstrosen-paradies.de\/wp-content\/uploads\/White-Frost-2-600x600.jpg",600,600,true],"ptam-block-post-grid-featured-landscape":["https:\/\/pfingstrosen-paradies.de\/wp-content\/uploads\/White-Frost-2-1000x600.jpg",1000,600,true],"woocommerce_archive_thumbnail":["https:\/\/pfingstrosen-paradies.de\/wp-content\/uploads\/White-Frost-2-400x350.jpg",400,350,true],"woocommerce_thumbnail":["https:\/\/pfingstrosen-paradies.de\/wp-content\/uploads\/White-Frost-2-400x350.jpg",400,350,true],"woocommerce_single":["https:\/\/pfingstrosen-paradies.de\/wp-content\/uploads\/White-Frost-2-1200x900.jpg",1200,900,true],"woocommerce_gallery_thumbnail":["https:\/\/pfingstrosen-paradies.de\/wp-content\/uploads\/White-Frost-2-100x100.jpg",100,100,true]},"post_excerpt_stackable":"<p>&#8218;White Frsot&#8216; ist unumstritten eine der sch\u00f6nsten wei\u00dfen P\u00e4onien! Die Bl\u00fcten sind halb gef\u00fcllt bis gef\u00fcllt und mit zarten roten Streifen durchzogen. Die Sorte ist \u00fcberaus w\u00fcchsig und zudem standfest. Sie hat 15-18 cm gro\u00dfe, wei\u00dfe Bl\u00fcten. Mittlere Bl\u00fctezeit, H\u00f6he 80-90 cm, leichter Duft.<\/p>\n","category_list":"","author_info":{"name":"","url":""},"comments_num":"0 comments","featured_image_urls_v2":{"full":["https:\/\/pfingstrosen-paradies.de\/wp-content\/uploads\/White-Frost-2.jpg",1280,960,false],"thumbnail":["https:\/\/pfingstrosen-paradies.de\/wp-content\/uploads\/White-Frost-2-150x150.jpg",150,150,true],"medium":["https:\/\/pfingstrosen-paradies.de\/wp-content\/uploads\/White-Frost-2-300x225.jpg",300,225,true],"medium_large":["https:\/\/pfingstrosen-paradies.de\/wp-content\/uploads\/White-Frost-2-768x576.jpg",768,576,true],"large":["https:\/\/pfingstrosen-paradies.de\/wp-content\/uploads\/White-Frost-2-1024x768.jpg",1024,768,true],"1536x1536":["https:\/\/pfingstrosen-paradies.de\/wp-content\/uploads\/White-Frost-2.jpg",1280,960,false],"2048x2048":["https:\/\/pfingstrosen-paradies.de\/wp-content\/uploads\/White-Frost-2.jpg",1280,960,false],"trp-custom-language-flag":["https:\/\/pfingstrosen-paradies.de\/wp-content\/uploads\/White-Frost-2-16x12.jpg",16,12,true],"ptam-block-post-grid-landscape":["https:\/\/pfingstrosen-paradies.de\/wp-content\/uploads\/White-Frost-2-600x400.jpg",600,400,true],"ptam-block-post-grid-square":["https:\/\/pfingstrosen-paradies.de\/wp-content\/uploads\/White-Frost-2-600x600.jpg",600,600,true],"ptam-block-post-grid-featured-landscape":["https:\/\/pfingstrosen-paradies.de\/wp-content\/uploads\/White-Frost-2-1000x600.jpg",1000,600,true],"woocommerce_archive_thumbnail":["https:\/\/pfingstrosen-paradies.de\/wp-content\/uploads\/White-Frost-2-400x350.jpg",400,350,true],"woocommerce_thumbnail":["https:\/\/pfingstrosen-paradies.de\/wp-content\/uploads\/White-Frost-2-400x350.jpg",400,350,true],"woocommerce_single":["https:\/\/pfingstrosen-paradies.de\/wp-content\/uploads\/White-Frost-2-1200x900.jpg",1200,900,true],"woocommerce_gallery_thumbnail":["https:\/\/pfingstrosen-paradies.de\/wp-content\/uploads\/White-Frost-2-100x100.jpg",100,100,true]},"post_excerpt_stackable_v2":"<p>&#8218;White Frsot&#8216; ist unumstritten eine der sch\u00f6nsten wei\u00dfen P\u00e4onien! Die Bl\u00fcten sind halb gef\u00fcllt bis gef\u00fcllt und mit zarten roten Streifen durchzogen. Die Sorte ist \u00fcberaus w\u00fcchsig und zudem standfest. Sie hat 15-18 cm gro\u00dfe, wei\u00dfe Bl\u00fcten. Mittlere Bl\u00fctezeit, H\u00f6he 80-90 cm, leichter Duft.<\/p>\n","category_list_v2":"","author_info_v2":{"name":"","url":""},"comments_num_v2":"0 comments","yoast_head":"<!-- This site is optimized with the Yoast SEO plugin v27.3 - https:\/\/yoast.com\/product\/yoast-seo-wordpress\/ -->\n<title>Paeonia &#039;White Frost&#039; | Pfingstrosen-Paradies Tetzlaff<\/title>\n<meta name=\"description\" content=\"Lactiflora, Neuheiten, Staudenp\u00e4onien | &#039;White Frsot&#039; ist unumstritten eine der sch\u00f6nsten wei\u00dfen P\u00e4onien! Die Bl\u00fcten sind halb gef\u00fcllt bis gef\u00fcllt und mit zarten roten Streifen durchzogen. Die\" \/>\n<meta name=\"robots\" content=\"index, follow, max-snippet:-1, max-image-preview:large, max-video-preview:-1\" \/>\n<link rel=\"canonical\" href=\"https:\/\/pfingstrosen-paradies.de\/en\/shop\/staudenpfingstrosen\/lactiflora\/white-frost\/\" \/>\n<meta property=\"og:locale\" content=\"en_GB\" \/>\n<meta property=\"og:type\" content=\"article\" \/>\n<meta property=\"og:title\" content=\"Paeonia &#039;White Frost&#039; | Pfingstrosen-Paradies Tetzlaff\" \/>\n<meta property=\"og:description\" content=\"Lactiflora, Neuheiten, Staudenp\u00e4onien | &#039;White Frsot&#039; ist unumstritten eine der sch\u00f6nsten wei\u00dfen P\u00e4onien! Die Bl\u00fcten sind halb gef\u00fcllt bis gef\u00fcllt und mit zarten roten Streifen durchzogen. Die\" \/>\n<meta property=\"og:url\" content=\"https:\/\/pfingstrosen-paradies.de\/en\/shop\/staudenpfingstrosen\/lactiflora\/white-frost\/\" \/>\n<meta property=\"og:site_name\" content=\"Pfingstrosen-Paradies\" \/>\n<meta property=\"article:modified_time\" content=\"2026-02-25T09:04:46+00:00\" \/>\n<meta property=\"og:image\" content=\"https:\/\/pfingstrosen-paradies.de\/wp-content\/uploads\/White-Frost-2.jpg\" \/>\n\t<meta property=\"og:image:width\" content=\"1280\" \/>\n\t<meta property=\"og:image:height\" content=\"960\" \/>\n\t<meta property=\"og:image:type\" content=\"image\/jpeg\" \/>\n<meta name=\"twitter:card\" content=\"summary_large_image\" \/>\n<meta name=\"twitter:label1\" content=\"Estimated reading time\" \/>\n\t<meta name=\"twitter:data1\" content=\"1 minute\" \/>\n<script type=\"application\/ld+json\" class=\"yoast-schema-graph\">{\"@context\":\"https:\\\/\\\/schema.org\",\"@graph\":[{\"@type\":\"WebPage\",\"@id\":\"https:\\\/\\\/pfingstrosen-paradies.de\\\/shop\\\/staudenpfingstrosen\\\/lactiflora\\\/white-frost\\\/\",\"url\":\"https:\\\/\\\/pfingstrosen-paradies.de\\\/shop\\\/staudenpfingstrosen\\\/lactiflora\\\/white-frost\\\/\",\"name\":\"Paeonia 'White Frost' | Pfingstrosen-Paradies Tetzlaff\",\"isPartOf\":{\"@id\":\"https:\\\/\\\/pfingstrosen-paradies.de\\\/#website\"},\"primaryImageOfPage\":{\"@id\":\"https:\\\/\\\/pfingstrosen-paradies.de\\\/shop\\\/staudenpfingstrosen\\\/lactiflora\\\/white-frost\\\/#primaryimage\"},\"image\":{\"@id\":\"https:\\\/\\\/pfingstrosen-paradies.de\\\/shop\\\/staudenpfingstrosen\\\/lactiflora\\\/white-frost\\\/#primaryimage\"},\"thumbnailUrl\":\"https:\\\/\\\/pfingstrosen-paradies.de\\\/wp-content\\\/uploads\\\/White-Frost-2.jpg\",\"datePublished\":\"2025-09-25T16:53:34+00:00\",\"dateModified\":\"2026-02-25T09:04:46+00:00\",\"description\":\"Lactiflora, Neuheiten, Staudenp\u00e4onien | 'White Frsot' ist unumstritten eine der sch\u00f6nsten wei\u00dfen P\u00e4onien! Die Bl\u00fcten sind halb gef\u00fcllt bis gef\u00fcllt und mit zarten roten Streifen durchzogen. Die\",\"breadcrumb\":{\"@id\":\"https:\\\/\\\/pfingstrosen-paradies.de\\\/shop\\\/staudenpfingstrosen\\\/lactiflora\\\/white-frost\\\/#breadcrumb\"},\"inLanguage\":\"en-GB\",\"potentialAction\":[{\"@type\":\"ReadAction\",\"target\":[\"https:\\\/\\\/pfingstrosen-paradies.de\\\/shop\\\/staudenpfingstrosen\\\/lactiflora\\\/white-frost\\\/\"]}]},{\"@type\":\"ImageObject\",\"inLanguage\":\"en-GB\",\"@id\":\"https:\\\/\\\/pfingstrosen-paradies.de\\\/shop\\\/staudenpfingstrosen\\\/lactiflora\\\/white-frost\\\/#primaryimage\",\"url\":\"https:\\\/\\\/pfingstrosen-paradies.de\\\/wp-content\\\/uploads\\\/White-Frost-2.jpg\",\"contentUrl\":\"https:\\\/\\\/pfingstrosen-paradies.de\\\/wp-content\\\/uploads\\\/White-Frost-2.jpg\",\"width\":1280,\"height\":960,\"caption\":\"White Frost\"},{\"@type\":\"BreadcrumbList\",\"@id\":\"https:\\\/\\\/pfingstrosen-paradies.de\\\/shop\\\/staudenpfingstrosen\\\/lactiflora\\\/white-frost\\\/#breadcrumb\",\"itemListElement\":[{\"@type\":\"ListItem\",\"position\":1,\"name\":\"Start\",\"item\":\"https:\\\/\\\/pfingstrosen-paradies.de\\\/\"},{\"@type\":\"ListItem\",\"position\":2,\"name\":\"Shop\",\"item\":\"https:\\\/\\\/pfingstrosen-paradies.de\\\/shop\\\/\"},{\"@type\":\"ListItem\",\"position\":3,\"name\":\"White Frost\"}]},{\"@type\":\"WebSite\",\"@id\":\"https:\\\/\\\/pfingstrosen-paradies.de\\\/#website\",\"url\":\"https:\\\/\\\/pfingstrosen-paradies.de\\\/\",\"name\":\"Pfingstrosen-Paradies\",\"description\":\"Fachg\u00e4rtnerei f\u00fcr Pfingstrosen\",\"publisher\":{\"@id\":\"https:\\\/\\\/pfingstrosen-paradies.de\\\/#organization\"},\"potentialAction\":[{\"@type\":\"SearchAction\",\"target\":{\"@type\":\"EntryPoint\",\"urlTemplate\":\"https:\\\/\\\/pfingstrosen-paradies.de\\\/?s={search_term_string}\"},\"query-input\":{\"@type\":\"PropertyValueSpecification\",\"valueRequired\":true,\"valueName\":\"search_term_string\"}}],\"inLanguage\":\"en-GB\"},{\"@type\":\"Organization\",\"@id\":\"https:\\\/\\\/pfingstrosen-paradies.de\\\/#organization\",\"name\":\"Pfingstrosen-Paradies\",\"url\":\"https:\\\/\\\/pfingstrosen-paradies.de\\\/\",\"logo\":{\"@type\":\"ImageObject\",\"inLanguage\":\"en-GB\",\"@id\":\"https:\\\/\\\/pfingstrosen-paradies.de\\\/#\\\/schema\\\/logo\\\/image\\\/\",\"url\":\"https:\\\/\\\/pfingstrosen-paradies.de\\\/wp-content\\\/uploads\\\/2021\\\/02\\\/logo-pfingstrosen.png\",\"contentUrl\":\"https:\\\/\\\/pfingstrosen-paradies.de\\\/wp-content\\\/uploads\\\/2021\\\/02\\\/logo-pfingstrosen.png\",\"width\":1568,\"height\":366,\"caption\":\"Pfingstrosen-Paradies\"},\"image\":{\"@id\":\"https:\\\/\\\/pfingstrosen-paradies.de\\\/#\\\/schema\\\/logo\\\/image\\\/\"}}]}<\/script>\n<!-- \/ Yoast SEO plugin. -->","yoast_head_json":{"title":"Paeonia 'White Frost' | Pfingstrosen-Paradies Tetzlaff","description":"Lactiflora, Neuheiten, Staudenp\u00e4onien | 'White Frsot' ist unumstritten eine der sch\u00f6nsten wei\u00dfen P\u00e4onien! Die Bl\u00fcten sind halb gef\u00fcllt bis gef\u00fcllt und mit zarten roten Streifen durchzogen. Die","robots":{"index":"index","follow":"follow","max-snippet":"max-snippet:-1","max-image-preview":"max-image-preview:large","max-video-preview":"max-video-preview:-1"},"canonical":"https:\/\/pfingstrosen-paradies.de\/en\/shop\/staudenpfingstrosen\/lactiflora\/white-frost\/","og_locale":"en_GB","og_type":"article","og_title":"Paeonia 'White Frost' | Pfingstrosen-Paradies Tetzlaff","og_description":"Lactiflora, Neuheiten, Staudenp\u00e4onien | 'White Frsot' ist unumstritten eine der sch\u00f6nsten wei\u00dfen P\u00e4onien! Die Bl\u00fcten sind halb gef\u00fcllt bis gef\u00fcllt und mit zarten roten Streifen durchzogen. Die","og_url":"https:\/\/pfingstrosen-paradies.de\/en\/shop\/staudenpfingstrosen\/lactiflora\/white-frost\/","og_site_name":"Pfingstrosen-Paradies","article_modified_time":"2026-02-25T09:04:46+00:00","og_image":[{"width":1280,"height":960,"url":"https:\/\/pfingstrosen-paradies.de\/wp-content\/uploads\/White-Frost-2.jpg","type":"image\/jpeg"}],"twitter_card":"summary_large_image","twitter_misc":{"Estimated reading time":"1 minute"},"schema":{"@context":"https:\/\/schema.org","@graph":[{"@type":"WebPage","@id":"https:\/\/pfingstrosen-paradies.de\/shop\/staudenpfingstrosen\/lactiflora\/white-frost\/","url":"https:\/\/pfingstrosen-paradies.de\/shop\/staudenpfingstrosen\/lactiflora\/white-frost\/","name":"Paeonia 'White Frost' | Pfingstrosen-Paradies Tetzlaff","isPartOf":{"@id":"https:\/\/pfingstrosen-paradies.de\/#website"},"primaryImageOfPage":{"@id":"https:\/\/pfingstrosen-paradies.de\/shop\/staudenpfingstrosen\/lactiflora\/white-frost\/#primaryimage"},"image":{"@id":"https:\/\/pfingstrosen-paradies.de\/shop\/staudenpfingstrosen\/lactiflora\/white-frost\/#primaryimage"},"thumbnailUrl":"https:\/\/pfingstrosen-paradies.de\/wp-content\/uploads\/White-Frost-2.jpg","datePublished":"2025-09-25T16:53:34+00:00","dateModified":"2026-02-25T09:04:46+00:00","description":"Lactiflora, Neuheiten, Staudenp\u00e4onien | 'White Frsot' ist unumstritten eine der sch\u00f6nsten wei\u00dfen P\u00e4onien! Die Bl\u00fcten sind halb gef\u00fcllt bis gef\u00fcllt und mit zarten roten Streifen durchzogen. Die","breadcrumb":{"@id":"https:\/\/pfingstrosen-paradies.de\/shop\/staudenpfingstrosen\/lactiflora\/white-frost\/#breadcrumb"},"inLanguage":"en-GB","potentialAction":[{"@type":"ReadAction","target":["https:\/\/pfingstrosen-paradies.de\/shop\/staudenpfingstrosen\/lactiflora\/white-frost\/"]}]},{"@type":"ImageObject","inLanguage":"en-GB","@id":"https:\/\/pfingstrosen-paradies.de\/shop\/staudenpfingstrosen\/lactiflora\/white-frost\/#primaryimage","url":"https:\/\/pfingstrosen-paradies.de\/wp-content\/uploads\/White-Frost-2.jpg","contentUrl":"https:\/\/pfingstrosen-paradies.de\/wp-content\/uploads\/White-Frost-2.jpg","width":1280,"height":960,"caption":"White Frost"},{"@type":"BreadcrumbList","@id":"https:\/\/pfingstrosen-paradies.de\/shop\/staudenpfingstrosen\/lactiflora\/white-frost\/#breadcrumb","itemListElement":[{"@type":"ListItem","position":1,"name":"Start","item":"https:\/\/pfingstrosen-paradies.de\/"},{"@type":"ListItem","position":2,"name":"Shop","item":"https:\/\/pfingstrosen-paradies.de\/shop\/"},{"@type":"ListItem","position":3,"name":"White Frost"}]},{"@type":"WebSite","@id":"https:\/\/pfingstrosen-paradies.de\/#website","url":"https:\/\/pfingstrosen-paradies.de\/","name":"Pfingstrosen-Paradies","description":"Fachg\u00e4rtnerei f\u00fcr Pfingstrosen","publisher":{"@id":"https:\/\/pfingstrosen-paradies.de\/#organization"},"potentialAction":[{"@type":"SearchAction","target":{"@type":"EntryPoint","urlTemplate":"https:\/\/pfingstrosen-paradies.de\/?s={search_term_string}"},"query-input":{"@type":"PropertyValueSpecification","valueRequired":true,"valueName":"search_term_string"}}],"inLanguage":"en-GB"},{"@type":"Organization","@id":"https:\/\/pfingstrosen-paradies.de\/#organization","name":"Pfingstrosen-Paradies","url":"https:\/\/pfingstrosen-paradies.de\/","logo":{"@type":"ImageObject","inLanguage":"en-GB","@id":"https:\/\/pfingstrosen-paradies.de\/#\/schema\/logo\/image\/","url":"https:\/\/pfingstrosen-paradies.de\/wp-content\/uploads\/2021\/02\/logo-pfingstrosen.png","contentUrl":"https:\/\/pfingstrosen-paradies.de\/wp-content\/uploads\/2021\/02\/logo-pfingstrosen.png","width":1568,"height":366,"caption":"Pfingstrosen-Paradies"},"image":{"@id":"https:\/\/pfingstrosen-paradies.de\/#\/schema\/logo\/image\/"}}]}},"_links":{"self":[{"href":"https:\/\/pfingstrosen-paradies.de\/en\/wp-json\/wp\/v2\/product\/21664","targetHints":{"allow":["GET"]}}],"collection":[{"href":"https:\/\/pfingstrosen-paradies.de\/en\/wp-json\/wp\/v2\/product"}],"about":[{"href":"https:\/\/pfingstrosen-paradies.de\/en\/wp-json\/wp\/v2\/types\/product"}],"wp:featuredmedia":[{"embeddable":true,"href":"https:\/\/pfingstrosen-paradies.de\/en\/wp-json\/wp\/v2\/media\/21665"}],"wp:attachment":[{"href":"https:\/\/pfingstrosen-paradies.de\/en\/wp-json\/wp\/v2\/media?parent=21664"}],"wp:term":[{"taxonomy":"product_brand","embeddable":true,"href":"https:\/\/pfingstrosen-paradies.de\/en\/wp-json\/wp\/v2\/product_brand?post=21664"},{"taxonomy":"product_cat","embeddable":true,"href":"https:\/\/pfingstrosen-paradies.de\/en\/wp-json\/wp\/v2\/product_cat?post=21664"},{"taxonomy":"product_tag","embeddable":true,"href":"https:\/\/pfingstrosen-paradies.de\/en\/wp-json\/wp\/v2\/product_tag?post=21664"}],"curies":[{"name":"wp","href":"https:\/\/api.w.org\/{rel}","templated":true}]}}