{"id":21668,"date":"2025-09-25T19:17:36","date_gmt":"2025-09-25T17:17:36","guid":{"rendered":"https:\/\/pfingstrosen-paradies.de\/?post_type=product&#038;p=21668"},"modified":"2026-01-27T11:49:07","modified_gmt":"2026-01-27T10:49:07","slug":"origin-of-serenity","status":"publish","type":"product","link":"https:\/\/pfingstrosen-paradies.de\/en\/shop\/staudenpfingstrosen\/hybriden\/origin-of-serenity\/","title":{"rendered":"Origin of Serenity"},"content":{"rendered":"<p>&#8218;Origin of Serenity&#8216; ist eine wahrlich beeindruckende und einzigartige Sorte! Hervorgegangen aus einer Kreuzung &#8218;Manitowoc Maiden&#8216; x &#8218;Pastelegance&#8216;, ist unserem amerikanischen Kollegen Nate Bremer hier ein Meisterwerk gelungen. Beim Z\u00fcchter bl\u00fchte sie erstmals im Jahr 2009 und wurde 2012 in den USA erstmals vermehrt. Die creme-wei\u00dfen Bl\u00fcten erreichen eine Gr\u00f6\u00dfe von 20 cm bei einer Wuchsh\u00f6he von etwa 90 cm. Sowohl Bl\u00fcten, Stiele, als auch Bl\u00e4tter sind deutlich gr\u00f6\u00dfer als bei den meisten anderen Sorten. In unserem Schaugarten hat die ausgewachsene Mutterpflanze bereits viele Blicke auf sich gezogen und Begeisterung hervorgerufen. Bis jetzt ist &#8218;Origin of Serenity&#8216; mit keiner anderen Sorte vergleichbar und hat ihren Platz im Pfingstrosensortiment mehr als verdient. Noch ist eine absolute Rarit\u00e4t und ein Sammlerst\u00fcck. Verf\u00fcgbar ab Herbst 2027!<\/p>","protected":false},"excerpt":{"rendered":"<p>Available in autumn 2027!<\/p>","protected":false},"featured_media":21669,"template":"","meta":[],"product_brand":[],"product_cat":[38,45,33],"product_tag":[],"class_list":{"0":"post-21668","1":"product","2":"type-product","3":"status-publish","4":"has-post-thumbnail","6":"product_cat-hybriden","7":"product_cat-neu-im-sortiment","8":"product_cat-staudenpfingstrosen","10":"first","11":"outofstock","12":"sold-individually","13":"taxable","14":"shipping-taxable","15":"purchasable","16":"product-type-simple"},"featured_image_urls":{"full":["https:\/\/pfingstrosen-paradies.de\/wp-content\/uploads\/Origin-of-Serenity-5.jpg",1280,960,false],"thumbnail":["https:\/\/pfingstrosen-paradies.de\/wp-content\/uploads\/Origin-of-Serenity-5-150x150.jpg",150,150,true],"medium":["https:\/\/pfingstrosen-paradies.de\/wp-content\/uploads\/Origin-of-Serenity-5-300x225.jpg",300,225,true],"medium_large":["https:\/\/pfingstrosen-paradies.de\/wp-content\/uploads\/Origin-of-Serenity-5-768x576.jpg",768,576,true],"large":["https:\/\/pfingstrosen-paradies.de\/wp-content\/uploads\/Origin-of-Serenity-5-1024x768.jpg",1024,768,true],"1536x1536":["https:\/\/pfingstrosen-paradies.de\/wp-content\/uploads\/Origin-of-Serenity-5.jpg",1280,960,false],"2048x2048":["https:\/\/pfingstrosen-paradies.de\/wp-content\/uploads\/Origin-of-Serenity-5.jpg",1280,960,false],"trp-custom-language-flag":["https:\/\/pfingstrosen-paradies.de\/wp-content\/uploads\/Origin-of-Serenity-5-16x12.jpg",16,12,true],"ptam-block-post-grid-landscape":["https:\/\/pfingstrosen-paradies.de\/wp-content\/uploads\/Origin-of-Serenity-5-600x400.jpg",600,400,true],"ptam-block-post-grid-square":["https:\/\/pfingstrosen-paradies.de\/wp-content\/uploads\/Origin-of-Serenity-5-600x600.jpg",600,600,true],"ptam-block-post-grid-featured-landscape":["https:\/\/pfingstrosen-paradies.de\/wp-content\/uploads\/Origin-of-Serenity-5-1000x600.jpg",1000,600,true],"woocommerce_archive_thumbnail":["https:\/\/pfingstrosen-paradies.de\/wp-content\/uploads\/Origin-of-Serenity-5-400x350.jpg",400,350,true],"woocommerce_thumbnail":["https:\/\/pfingstrosen-paradies.de\/wp-content\/uploads\/Origin-of-Serenity-5-400x350.jpg",400,350,true],"woocommerce_single":["https:\/\/pfingstrosen-paradies.de\/wp-content\/uploads\/Origin-of-Serenity-5-1200x900.jpg",1200,900,true],"woocommerce_gallery_thumbnail":["https:\/\/pfingstrosen-paradies.de\/wp-content\/uploads\/Origin-of-Serenity-5-100x100.jpg",100,100,true]},"post_excerpt_stackable":"<p>&#8211; Verf\u00fcgbar ab Herbst 2027! &#8211;<\/p>\n","category_list":"","author_info":{"name":"","url":""},"comments_num":"0 comments","featured_image_urls_v2":{"full":["https:\/\/pfingstrosen-paradies.de\/wp-content\/uploads\/Origin-of-Serenity-5.jpg",1280,960,false],"thumbnail":["https:\/\/pfingstrosen-paradies.de\/wp-content\/uploads\/Origin-of-Serenity-5-150x150.jpg",150,150,true],"medium":["https:\/\/pfingstrosen-paradies.de\/wp-content\/uploads\/Origin-of-Serenity-5-300x225.jpg",300,225,true],"medium_large":["https:\/\/pfingstrosen-paradies.de\/wp-content\/uploads\/Origin-of-Serenity-5-768x576.jpg",768,576,true],"large":["https:\/\/pfingstrosen-paradies.de\/wp-content\/uploads\/Origin-of-Serenity-5-1024x768.jpg",1024,768,true],"1536x1536":["https:\/\/pfingstrosen-paradies.de\/wp-content\/uploads\/Origin-of-Serenity-5.jpg",1280,960,false],"2048x2048":["https:\/\/pfingstrosen-paradies.de\/wp-content\/uploads\/Origin-of-Serenity-5.jpg",1280,960,false],"trp-custom-language-flag":["https:\/\/pfingstrosen-paradies.de\/wp-content\/uploads\/Origin-of-Serenity-5-16x12.jpg",16,12,true],"ptam-block-post-grid-landscape":["https:\/\/pfingstrosen-paradies.de\/wp-content\/uploads\/Origin-of-Serenity-5-600x400.jpg",600,400,true],"ptam-block-post-grid-square":["https:\/\/pfingstrosen-paradies.de\/wp-content\/uploads\/Origin-of-Serenity-5-600x600.jpg",600,600,true],"ptam-block-post-grid-featured-landscape":["https:\/\/pfingstrosen-paradies.de\/wp-content\/uploads\/Origin-of-Serenity-5-1000x600.jpg",1000,600,true],"woocommerce_archive_thumbnail":["https:\/\/pfingstrosen-paradies.de\/wp-content\/uploads\/Origin-of-Serenity-5-400x350.jpg",400,350,true],"woocommerce_thumbnail":["https:\/\/pfingstrosen-paradies.de\/wp-content\/uploads\/Origin-of-Serenity-5-400x350.jpg",400,350,true],"woocommerce_single":["https:\/\/pfingstrosen-paradies.de\/wp-content\/uploads\/Origin-of-Serenity-5-1200x900.jpg",1200,900,true],"woocommerce_gallery_thumbnail":["https:\/\/pfingstrosen-paradies.de\/wp-content\/uploads\/Origin-of-Serenity-5-100x100.jpg",100,100,true]},"post_excerpt_stackable_v2":"<p>&#8211; Verf\u00fcgbar ab Herbst 2027! &#8211;<\/p>\n","category_list_v2":"","author_info_v2":{"name":"","url":""},"comments_num_v2":"0 comments","yoast_head":"<!-- This site is optimized with the Yoast SEO plugin v27.3 - https:\/\/yoast.com\/product\/yoast-seo-wordpress\/ -->\n<title>Paeonia &#039;Origin of Serenity&#039; | Pfingstrosen-Paradies Tetzlaff<\/title>\n<meta name=\"description\" content=\"Hybriden, Neuheiten, Staudenp\u00e4onien | - Verf\u00fcgbar ab Herbst 2027! -\" \/>\n<meta name=\"robots\" content=\"index, follow, max-snippet:-1, max-image-preview:large, max-video-preview:-1\" \/>\n<link rel=\"canonical\" href=\"https:\/\/pfingstrosen-paradies.de\/en\/shop\/staudenpfingstrosen\/hybriden\/origin-of-serenity\/\" \/>\n<meta property=\"og:locale\" content=\"en_GB\" \/>\n<meta property=\"og:type\" content=\"article\" \/>\n<meta property=\"og:title\" content=\"Paeonia &#039;Origin of Serenity&#039; | Pfingstrosen-Paradies Tetzlaff\" \/>\n<meta property=\"og:description\" content=\"Hybriden, Neuheiten, Staudenp\u00e4onien | - Verf\u00fcgbar ab Herbst 2027! -\" \/>\n<meta property=\"og:url\" content=\"https:\/\/pfingstrosen-paradies.de\/en\/shop\/staudenpfingstrosen\/hybriden\/origin-of-serenity\/\" \/>\n<meta property=\"og:site_name\" content=\"Pfingstrosen-Paradies\" \/>\n<meta property=\"article:modified_time\" content=\"2026-01-27T10:49:07+00:00\" \/>\n<meta property=\"og:image\" content=\"https:\/\/pfingstrosen-paradies.de\/wp-content\/uploads\/Origin-of-Serenity-5.jpg\" \/>\n\t<meta property=\"og:image:width\" content=\"1280\" \/>\n\t<meta property=\"og:image:height\" content=\"960\" \/>\n\t<meta property=\"og:image:type\" content=\"image\/jpeg\" \/>\n<meta name=\"twitter:card\" content=\"summary_large_image\" \/>\n<meta name=\"twitter:label1\" content=\"Estimated reading time\" \/>\n\t<meta name=\"twitter:data1\" content=\"1 minute\" \/>\n<script type=\"application\/ld+json\" class=\"yoast-schema-graph\">{\"@context\":\"https:\\\/\\\/schema.org\",\"@graph\":[{\"@type\":\"WebPage\",\"@id\":\"https:\\\/\\\/pfingstrosen-paradies.de\\\/shop\\\/staudenpfingstrosen\\\/hybriden\\\/origin-of-serenity\\\/\",\"url\":\"https:\\\/\\\/pfingstrosen-paradies.de\\\/shop\\\/staudenpfingstrosen\\\/hybriden\\\/origin-of-serenity\\\/\",\"name\":\"Paeonia 'Origin of Serenity' | Pfingstrosen-Paradies Tetzlaff\",\"isPartOf\":{\"@id\":\"https:\\\/\\\/pfingstrosen-paradies.de\\\/#website\"},\"primaryImageOfPage\":{\"@id\":\"https:\\\/\\\/pfingstrosen-paradies.de\\\/shop\\\/staudenpfingstrosen\\\/hybriden\\\/origin-of-serenity\\\/#primaryimage\"},\"image\":{\"@id\":\"https:\\\/\\\/pfingstrosen-paradies.de\\\/shop\\\/staudenpfingstrosen\\\/hybriden\\\/origin-of-serenity\\\/#primaryimage\"},\"thumbnailUrl\":\"https:\\\/\\\/pfingstrosen-paradies.de\\\/wp-content\\\/uploads\\\/Origin-of-Serenity-5.jpg\",\"datePublished\":\"2025-09-25T17:17:36+00:00\",\"dateModified\":\"2026-01-27T10:49:07+00:00\",\"description\":\"Hybriden, Neuheiten, Staudenp\u00e4onien | - Verf\u00fcgbar ab Herbst 2027! -\",\"breadcrumb\":{\"@id\":\"https:\\\/\\\/pfingstrosen-paradies.de\\\/shop\\\/staudenpfingstrosen\\\/hybriden\\\/origin-of-serenity\\\/#breadcrumb\"},\"inLanguage\":\"en-GB\",\"potentialAction\":[{\"@type\":\"ReadAction\",\"target\":[\"https:\\\/\\\/pfingstrosen-paradies.de\\\/shop\\\/staudenpfingstrosen\\\/hybriden\\\/origin-of-serenity\\\/\"]}]},{\"@type\":\"ImageObject\",\"inLanguage\":\"en-GB\",\"@id\":\"https:\\\/\\\/pfingstrosen-paradies.de\\\/shop\\\/staudenpfingstrosen\\\/hybriden\\\/origin-of-serenity\\\/#primaryimage\",\"url\":\"https:\\\/\\\/pfingstrosen-paradies.de\\\/wp-content\\\/uploads\\\/Origin-of-Serenity-5.jpg\",\"contentUrl\":\"https:\\\/\\\/pfingstrosen-paradies.de\\\/wp-content\\\/uploads\\\/Origin-of-Serenity-5.jpg\",\"width\":1280,\"height\":960,\"caption\":\"Peony Origin of Serenity\"},{\"@type\":\"BreadcrumbList\",\"@id\":\"https:\\\/\\\/pfingstrosen-paradies.de\\\/shop\\\/staudenpfingstrosen\\\/hybriden\\\/origin-of-serenity\\\/#breadcrumb\",\"itemListElement\":[{\"@type\":\"ListItem\",\"position\":1,\"name\":\"Start\",\"item\":\"https:\\\/\\\/pfingstrosen-paradies.de\\\/\"},{\"@type\":\"ListItem\",\"position\":2,\"name\":\"Shop\",\"item\":\"https:\\\/\\\/pfingstrosen-paradies.de\\\/shop\\\/\"},{\"@type\":\"ListItem\",\"position\":3,\"name\":\"Origin of Serenity\"}]},{\"@type\":\"WebSite\",\"@id\":\"https:\\\/\\\/pfingstrosen-paradies.de\\\/#website\",\"url\":\"https:\\\/\\\/pfingstrosen-paradies.de\\\/\",\"name\":\"Pfingstrosen-Paradies\",\"description\":\"Fachg\u00e4rtnerei f\u00fcr Pfingstrosen\",\"publisher\":{\"@id\":\"https:\\\/\\\/pfingstrosen-paradies.de\\\/#organization\"},\"potentialAction\":[{\"@type\":\"SearchAction\",\"target\":{\"@type\":\"EntryPoint\",\"urlTemplate\":\"https:\\\/\\\/pfingstrosen-paradies.de\\\/?s={search_term_string}\"},\"query-input\":{\"@type\":\"PropertyValueSpecification\",\"valueRequired\":true,\"valueName\":\"search_term_string\"}}],\"inLanguage\":\"en-GB\"},{\"@type\":\"Organization\",\"@id\":\"https:\\\/\\\/pfingstrosen-paradies.de\\\/#organization\",\"name\":\"Pfingstrosen-Paradies\",\"url\":\"https:\\\/\\\/pfingstrosen-paradies.de\\\/\",\"logo\":{\"@type\":\"ImageObject\",\"inLanguage\":\"en-GB\",\"@id\":\"https:\\\/\\\/pfingstrosen-paradies.de\\\/#\\\/schema\\\/logo\\\/image\\\/\",\"url\":\"https:\\\/\\\/pfingstrosen-paradies.de\\\/wp-content\\\/uploads\\\/2021\\\/02\\\/logo-pfingstrosen.png\",\"contentUrl\":\"https:\\\/\\\/pfingstrosen-paradies.de\\\/wp-content\\\/uploads\\\/2021\\\/02\\\/logo-pfingstrosen.png\",\"width\":1568,\"height\":366,\"caption\":\"Pfingstrosen-Paradies\"},\"image\":{\"@id\":\"https:\\\/\\\/pfingstrosen-paradies.de\\\/#\\\/schema\\\/logo\\\/image\\\/\"}}]}<\/script>\n<!-- \/ Yoast SEO plugin. -->","yoast_head_json":{"title":"Paeonia 'Origin of Serenity' | Pfingstrosen-Paradies Tetzlaff","description":"Hybriden, Neuheiten, Staudenp\u00e4onien | - Verf\u00fcgbar ab Herbst 2027! -","robots":{"index":"index","follow":"follow","max-snippet":"max-snippet:-1","max-image-preview":"max-image-preview:large","max-video-preview":"max-video-preview:-1"},"canonical":"https:\/\/pfingstrosen-paradies.de\/en\/shop\/staudenpfingstrosen\/hybriden\/origin-of-serenity\/","og_locale":"en_GB","og_type":"article","og_title":"Paeonia 'Origin of Serenity' | Pfingstrosen-Paradies Tetzlaff","og_description":"Hybriden, Neuheiten, Staudenp\u00e4onien | - Verf\u00fcgbar ab Herbst 2027! -","og_url":"https:\/\/pfingstrosen-paradies.de\/en\/shop\/staudenpfingstrosen\/hybriden\/origin-of-serenity\/","og_site_name":"Pfingstrosen-Paradies","article_modified_time":"2026-01-27T10:49:07+00:00","og_image":[{"width":1280,"height":960,"url":"https:\/\/pfingstrosen-paradies.de\/wp-content\/uploads\/Origin-of-Serenity-5.jpg","type":"image\/jpeg"}],"twitter_card":"summary_large_image","twitter_misc":{"Estimated reading time":"1 minute"},"schema":{"@context":"https:\/\/schema.org","@graph":[{"@type":"WebPage","@id":"https:\/\/pfingstrosen-paradies.de\/shop\/staudenpfingstrosen\/hybriden\/origin-of-serenity\/","url":"https:\/\/pfingstrosen-paradies.de\/shop\/staudenpfingstrosen\/hybriden\/origin-of-serenity\/","name":"Paeonia 'Origin of Serenity' | Pfingstrosen-Paradies Tetzlaff","isPartOf":{"@id":"https:\/\/pfingstrosen-paradies.de\/#website"},"primaryImageOfPage":{"@id":"https:\/\/pfingstrosen-paradies.de\/shop\/staudenpfingstrosen\/hybriden\/origin-of-serenity\/#primaryimage"},"image":{"@id":"https:\/\/pfingstrosen-paradies.de\/shop\/staudenpfingstrosen\/hybriden\/origin-of-serenity\/#primaryimage"},"thumbnailUrl":"https:\/\/pfingstrosen-paradies.de\/wp-content\/uploads\/Origin-of-Serenity-5.jpg","datePublished":"2025-09-25T17:17:36+00:00","dateModified":"2026-01-27T10:49:07+00:00","description":"Hybriden, Neuheiten, Staudenp\u00e4onien | - Verf\u00fcgbar ab Herbst 2027! -","breadcrumb":{"@id":"https:\/\/pfingstrosen-paradies.de\/shop\/staudenpfingstrosen\/hybriden\/origin-of-serenity\/#breadcrumb"},"inLanguage":"en-GB","potentialAction":[{"@type":"ReadAction","target":["https:\/\/pfingstrosen-paradies.de\/shop\/staudenpfingstrosen\/hybriden\/origin-of-serenity\/"]}]},{"@type":"ImageObject","inLanguage":"en-GB","@id":"https:\/\/pfingstrosen-paradies.de\/shop\/staudenpfingstrosen\/hybriden\/origin-of-serenity\/#primaryimage","url":"https:\/\/pfingstrosen-paradies.de\/wp-content\/uploads\/Origin-of-Serenity-5.jpg","contentUrl":"https:\/\/pfingstrosen-paradies.de\/wp-content\/uploads\/Origin-of-Serenity-5.jpg","width":1280,"height":960,"caption":"Peony Origin of Serenity"},{"@type":"BreadcrumbList","@id":"https:\/\/pfingstrosen-paradies.de\/shop\/staudenpfingstrosen\/hybriden\/origin-of-serenity\/#breadcrumb","itemListElement":[{"@type":"ListItem","position":1,"name":"Start","item":"https:\/\/pfingstrosen-paradies.de\/"},{"@type":"ListItem","position":2,"name":"Shop","item":"https:\/\/pfingstrosen-paradies.de\/shop\/"},{"@type":"ListItem","position":3,"name":"Origin of Serenity"}]},{"@type":"WebSite","@id":"https:\/\/pfingstrosen-paradies.de\/#website","url":"https:\/\/pfingstrosen-paradies.de\/","name":"Pfingstrosen-Paradies","description":"Fachg\u00e4rtnerei f\u00fcr Pfingstrosen","publisher":{"@id":"https:\/\/pfingstrosen-paradies.de\/#organization"},"potentialAction":[{"@type":"SearchAction","target":{"@type":"EntryPoint","urlTemplate":"https:\/\/pfingstrosen-paradies.de\/?s={search_term_string}"},"query-input":{"@type":"PropertyValueSpecification","valueRequired":true,"valueName":"search_term_string"}}],"inLanguage":"en-GB"},{"@type":"Organization","@id":"https:\/\/pfingstrosen-paradies.de\/#organization","name":"Pfingstrosen-Paradies","url":"https:\/\/pfingstrosen-paradies.de\/","logo":{"@type":"ImageObject","inLanguage":"en-GB","@id":"https:\/\/pfingstrosen-paradies.de\/#\/schema\/logo\/image\/","url":"https:\/\/pfingstrosen-paradies.de\/wp-content\/uploads\/2021\/02\/logo-pfingstrosen.png","contentUrl":"https:\/\/pfingstrosen-paradies.de\/wp-content\/uploads\/2021\/02\/logo-pfingstrosen.png","width":1568,"height":366,"caption":"Pfingstrosen-Paradies"},"image":{"@id":"https:\/\/pfingstrosen-paradies.de\/#\/schema\/logo\/image\/"}}]}},"_links":{"self":[{"href":"https:\/\/pfingstrosen-paradies.de\/en\/wp-json\/wp\/v2\/product\/21668","targetHints":{"allow":["GET"]}}],"collection":[{"href":"https:\/\/pfingstrosen-paradies.de\/en\/wp-json\/wp\/v2\/product"}],"about":[{"href":"https:\/\/pfingstrosen-paradies.de\/en\/wp-json\/wp\/v2\/types\/product"}],"wp:featuredmedia":[{"embeddable":true,"href":"https:\/\/pfingstrosen-paradies.de\/en\/wp-json\/wp\/v2\/media\/21669"}],"wp:attachment":[{"href":"https:\/\/pfingstrosen-paradies.de\/en\/wp-json\/wp\/v2\/media?parent=21668"}],"wp:term":[{"taxonomy":"product_brand","embeddable":true,"href":"https:\/\/pfingstrosen-paradies.de\/en\/wp-json\/wp\/v2\/product_brand?post=21668"},{"taxonomy":"product_cat","embeddable":true,"href":"https:\/\/pfingstrosen-paradies.de\/en\/wp-json\/wp\/v2\/product_cat?post=21668"},{"taxonomy":"product_tag","embeddable":true,"href":"https:\/\/pfingstrosen-paradies.de\/en\/wp-json\/wp\/v2\/product_tag?post=21668"}],"curies":[{"name":"wp","href":"https:\/\/api.w.org\/{rel}","templated":true}]}}