{"id":21694,"date":"2025-09-26T20:53:02","date_gmt":"2025-09-26T18:53:02","guid":{"rendered":"https:\/\/pfingstrosen-paradies.de\/?post_type=product&#038;p=21694"},"modified":"2026-01-24T08:18:18","modified_gmt":"2026-01-24T07:18:18","slug":"iris-x-tetzosa-lavender-tetzcap","status":"publish","type":"product","link":"https:\/\/pfingstrosen-paradies.de\/en\/shop\/iris\/iris-x-tetzosa-lavender-tetzcap\/","title":{"rendered":"Iris x tetzosa var. horribilis &#8218;Lavender Tetzcap&#8216;"},"content":{"rendered":"<p>einziges bekanntes Exemplar der ananasbl\u00e4ttrigen Schopfiris (Spontanhybride). Kr\u00e4ftiger Wuchs, oft seltsame Bl\u00fcten treibend. Wenn ausreichend begossen dann Farbton intensiv strackeblau, in Trockenphasen altersbedingt eher angegraut. &#8218;Lavender Tetzcap&#8216; neigt zu vorzeitigem Ausfall der haar\u00e4hnlichen Belaubung im Schopfbereich und ist daher nicht rieselfest. Der Haaransatz auf den Z\u00e4hnen hingegen ist ausgepr\u00e4gt und von Dauer. Auch bei Windstille immer einen Schlag leicht schr\u00e4g. Deshalb moralische St\u00fctzung zwingend erforderlich. Die Sorte darf nur vorsichtigt ged\u00fcngt werden, sonst w\u00e4chst sie zu mastig und setzt verst\u00e4rkt Speck an. Die Abbildung zeigt das im Rheinland festverwurzelte Altexemplar und ben\u00f6tigt tiefgr\u00fcndige B\u00f6den. Aufgrund der doch merkw\u00fcrdigen Wuchseigenschaften und Kulturanspr\u00fcche ist diese Sorte nur f\u00fcr versierte, frusttolerante, bzw. masochistisch veranlagte Gartenliebhaber geeignet. Vermehrungsstatus: aufgrund der erh\u00f6hten Kulturgefahr aktuell keine weitere Vermehrung geplant. Nur noch ein vergreistes Restexemplar vorhanden.<br \/>\n<span style=\"color: #ffffff\"><span style=\"color: #000000\">.<span style=\"color: #ffffff\">Freiheit f\u00fcr Tibet \u897f\u85cf\u81ea\u7531 freedom for Tibet Menschenrechtsverletzungen in Xinjiang \u65b0\u7586\u4fb5\u72af\u4eba\u6b0a\u4e8b\u4ef6 human rights violations in China<\/span>.<\/span><\/span><\/p>","protected":false},"excerpt":{"rendered":"<p>einziges bekanntes Exemplar der ananasbl\u00e4ttrigen Schopfiris (Spontanhybride). Kr\u00e4ftiger Wuchs, oft seltsame Bl\u00fcten treibend. Wenn ausreichend begossen dann Farbton intensiv strackeblau, in Trockenphasen altersbedingt eher angegraut. &#8218;Lavender Tetzcap&#8216; neigt zu vorzeitigem Ausfall der haar\u00e4hnlichen Belaubung im Schopfbereich und ist daher nicht rieselfest. Der Haaransatz auf den Z\u00e4hnen hingegen ist ausgepr\u00e4gt und von Dauer. Auch bei Windstille [&hellip;]<\/p>\n","protected":false},"featured_media":21695,"template":"","meta":[],"product_brand":[],"product_cat":[162],"product_tag":[],"class_list":{"0":"post-21694","1":"product","2":"type-product","3":"status-publish","4":"has-post-thumbnail","6":"product_cat-iris","8":"first","9":"outofstock","10":"taxable","11":"shipping-taxable","12":"purchasable","13":"product-type-simple"},"featured_image_urls":{"full":["https:\/\/pfingstrosen-paradies.de\/wp-content\/uploads\/IMG_4436.jpg",960,1280,false],"thumbnail":["https:\/\/pfingstrosen-paradies.de\/wp-content\/uploads\/IMG_4436-150x150.jpg",150,150,true],"medium":["https:\/\/pfingstrosen-paradies.de\/wp-content\/uploads\/IMG_4436-225x300.jpg",225,300,true],"medium_large":["https:\/\/pfingstrosen-paradies.de\/wp-content\/uploads\/IMG_4436-768x1024.jpg",768,1024,true],"large":["https:\/\/pfingstrosen-paradies.de\/wp-content\/uploads\/IMG_4436-768x1024.jpg",768,1024,true],"1536x1536":["https:\/\/pfingstrosen-paradies.de\/wp-content\/uploads\/IMG_4436.jpg",960,1280,false],"2048x2048":["https:\/\/pfingstrosen-paradies.de\/wp-content\/uploads\/IMG_4436.jpg",960,1280,false],"trp-custom-language-flag":["https:\/\/pfingstrosen-paradies.de\/wp-content\/uploads\/IMG_4436-9x12.jpg",9,12,true],"ptam-block-post-grid-landscape":["https:\/\/pfingstrosen-paradies.de\/wp-content\/uploads\/IMG_4436-600x400.jpg",600,400,true],"ptam-block-post-grid-square":["https:\/\/pfingstrosen-paradies.de\/wp-content\/uploads\/IMG_4436-600x600.jpg",600,600,true],"ptam-block-post-grid-featured-landscape":["https:\/\/pfingstrosen-paradies.de\/wp-content\/uploads\/IMG_4436-960x600.jpg",960,600,true],"woocommerce_archive_thumbnail":["https:\/\/pfingstrosen-paradies.de\/wp-content\/uploads\/IMG_4436-400x350.jpg",400,350,true],"woocommerce_thumbnail":["https:\/\/pfingstrosen-paradies.de\/wp-content\/uploads\/IMG_4436-400x350.jpg",400,350,true],"woocommerce_single":["https:\/\/pfingstrosen-paradies.de\/wp-content\/uploads\/IMG_4436.jpg",960,1280,false],"woocommerce_gallery_thumbnail":["https:\/\/pfingstrosen-paradies.de\/wp-content\/uploads\/IMG_4436-100x100.jpg",100,100,true]},"post_excerpt_stackable":"<p>einziges bekanntes Exemplar der ananasbl\u00e4ttrigen Schopfiris (Spontanhybride). Kr\u00e4ftiger Wuchs, oft seltsame Bl\u00fcten treibend. Wenn ausreichend begossen dann Farbton intensiv strackeblau, in Trockenphasen altersbedingt eher angegraut. &#8218;Lavender Tetzcap&#8216; neigt zu vorzeitigem Ausfall der haar\u00e4hnlichen Belaubung im Schopfbereich und ist daher nicht rieselfest. Der Haaransatz auf den Z\u00e4hnen hingegen ist ausgepr\u00e4gt und von Dauer. Auch bei Windstille immer einen Schlag leicht schr\u00e4g. Deshalb moralische St\u00fctzung zwingend erforderlich. Die Sorte darf nur vorsichtigt ged\u00fcngt werden, sonst w\u00e4chst sie zu mastig und setzt verst\u00e4rkt Speck an. Die Abbildung zeigt das im Rheinland festverwurzelte Altexemplar und ben\u00f6tigt tiefgr\u00fcndige B\u00f6den. Aufgrund der doch merkw\u00fcrdigen Wuchseigenschaften und&hellip;<\/p>\n","category_list":"","author_info":{"name":"","url":""},"comments_num":"0 comments","featured_image_urls_v2":{"full":["https:\/\/pfingstrosen-paradies.de\/wp-content\/uploads\/IMG_4436.jpg",960,1280,false],"thumbnail":["https:\/\/pfingstrosen-paradies.de\/wp-content\/uploads\/IMG_4436-150x150.jpg",150,150,true],"medium":["https:\/\/pfingstrosen-paradies.de\/wp-content\/uploads\/IMG_4436-225x300.jpg",225,300,true],"medium_large":["https:\/\/pfingstrosen-paradies.de\/wp-content\/uploads\/IMG_4436-768x1024.jpg",768,1024,true],"large":["https:\/\/pfingstrosen-paradies.de\/wp-content\/uploads\/IMG_4436-768x1024.jpg",768,1024,true],"1536x1536":["https:\/\/pfingstrosen-paradies.de\/wp-content\/uploads\/IMG_4436.jpg",960,1280,false],"2048x2048":["https:\/\/pfingstrosen-paradies.de\/wp-content\/uploads\/IMG_4436.jpg",960,1280,false],"trp-custom-language-flag":["https:\/\/pfingstrosen-paradies.de\/wp-content\/uploads\/IMG_4436-9x12.jpg",9,12,true],"ptam-block-post-grid-landscape":["https:\/\/pfingstrosen-paradies.de\/wp-content\/uploads\/IMG_4436-600x400.jpg",600,400,true],"ptam-block-post-grid-square":["https:\/\/pfingstrosen-paradies.de\/wp-content\/uploads\/IMG_4436-600x600.jpg",600,600,true],"ptam-block-post-grid-featured-landscape":["https:\/\/pfingstrosen-paradies.de\/wp-content\/uploads\/IMG_4436-960x600.jpg",960,600,true],"woocommerce_archive_thumbnail":["https:\/\/pfingstrosen-paradies.de\/wp-content\/uploads\/IMG_4436-400x350.jpg",400,350,true],"woocommerce_thumbnail":["https:\/\/pfingstrosen-paradies.de\/wp-content\/uploads\/IMG_4436-400x350.jpg",400,350,true],"woocommerce_single":["https:\/\/pfingstrosen-paradies.de\/wp-content\/uploads\/IMG_4436.jpg",960,1280,false],"woocommerce_gallery_thumbnail":["https:\/\/pfingstrosen-paradies.de\/wp-content\/uploads\/IMG_4436-100x100.jpg",100,100,true]},"post_excerpt_stackable_v2":"<p>einziges bekanntes Exemplar der ananasbl\u00e4ttrigen Schopfiris (Spontanhybride). Kr\u00e4ftiger Wuchs, oft seltsame Bl\u00fcten treibend. Wenn ausreichend begossen dann Farbton intensiv strackeblau, in Trockenphasen altersbedingt eher angegraut. &#8218;Lavender Tetzcap&#8216; neigt zu vorzeitigem Ausfall der haar\u00e4hnlichen Belaubung im Schopfbereich und ist daher nicht rieselfest. Der Haaransatz auf den Z\u00e4hnen hingegen ist ausgepr\u00e4gt und von Dauer. Auch bei Windstille immer einen Schlag leicht schr\u00e4g. Deshalb moralische St\u00fctzung zwingend erforderlich. Die Sorte darf nur vorsichtigt ged\u00fcngt werden, sonst w\u00e4chst sie zu mastig und setzt verst\u00e4rkt Speck an. Die Abbildung zeigt das im Rheinland festverwurzelte Altexemplar und ben\u00f6tigt tiefgr\u00fcndige B\u00f6den. Aufgrund der doch merkw\u00fcrdigen Wuchseigenschaften und&hellip;<\/p>\n","category_list_v2":"","author_info_v2":{"name":"","url":""},"comments_num_v2":"0 comments","yoast_head":"<!-- This site is optimized with the Yoast SEO plugin v27.5 - https:\/\/yoast.com\/product\/yoast-seo-wordpress\/ -->\n<title>Paeonia &#039;Iris x tetzosa var. horribilis &#039;Lavender Tetzcap&#039;&#039; | Pfingstrosen-Paradies Tetzlaff<\/title>\n<meta name=\"description\" content=\"Iris - Schwertlilien | einziges bekanntes Exemplar der ananasbl\u00e4ttrigen Schopfiris (Spontanhybride). Kr\u00e4ftiger Wuchs, oft seltsame Bl\u00fcten treibend. Wenn ausreichend begossen\" \/>\n<meta name=\"robots\" content=\"index, follow, max-snippet:-1, max-image-preview:large, max-video-preview:-1\" \/>\n<link rel=\"canonical\" href=\"https:\/\/pfingstrosen-paradies.de\/en\/shop\/iris\/iris-x-tetzosa-lavender-tetzcap\/\" \/>\n<meta property=\"og:locale\" content=\"en_GB\" \/>\n<meta property=\"og:type\" content=\"article\" \/>\n<meta property=\"og:title\" content=\"Paeonia &#039;Iris x tetzosa var. horribilis &#039;Lavender Tetzcap&#039;&#039; | Pfingstrosen-Paradies Tetzlaff\" \/>\n<meta property=\"og:description\" content=\"Iris - Schwertlilien | einziges bekanntes Exemplar der ananasbl\u00e4ttrigen Schopfiris (Spontanhybride). Kr\u00e4ftiger Wuchs, oft seltsame Bl\u00fcten treibend. Wenn ausreichend begossen\" \/>\n<meta property=\"og:url\" content=\"https:\/\/pfingstrosen-paradies.de\/en\/shop\/iris\/iris-x-tetzosa-lavender-tetzcap\/\" \/>\n<meta property=\"og:site_name\" content=\"Pfingstrosen-Paradies\" \/>\n<meta property=\"article:modified_time\" content=\"2026-01-24T07:18:18+00:00\" \/>\n<meta property=\"og:image\" content=\"https:\/\/pfingstrosen-paradies.de\/wp-content\/uploads\/IMG_4436.jpg\" \/>\n\t<meta property=\"og:image:width\" content=\"960\" \/>\n\t<meta property=\"og:image:height\" content=\"1280\" \/>\n\t<meta property=\"og:image:type\" content=\"image\/jpeg\" \/>\n<meta name=\"twitter:card\" content=\"summary_large_image\" \/>\n<meta name=\"twitter:label1\" content=\"Estimated reading time\" \/>\n\t<meta name=\"twitter:data1\" content=\"2 minutes\" \/>\n<script type=\"application\/ld+json\" class=\"yoast-schema-graph\">{\"@context\":\"https:\\\/\\\/schema.org\",\"@graph\":[{\"@type\":\"WebPage\",\"@id\":\"https:\\\/\\\/pfingstrosen-paradies.de\\\/shop\\\/iris\\\/iris-x-tetzosa-lavender-tetzcap\\\/\",\"url\":\"https:\\\/\\\/pfingstrosen-paradies.de\\\/shop\\\/iris\\\/iris-x-tetzosa-lavender-tetzcap\\\/\",\"name\":\"Paeonia 'Iris x tetzosa var. horribilis 'Lavender Tetzcap'' | Pfingstrosen-Paradies Tetzlaff\",\"isPartOf\":{\"@id\":\"https:\\\/\\\/pfingstrosen-paradies.de\\\/#website\"},\"primaryImageOfPage\":{\"@id\":\"https:\\\/\\\/pfingstrosen-paradies.de\\\/shop\\\/iris\\\/iris-x-tetzosa-lavender-tetzcap\\\/#primaryimage\"},\"image\":{\"@id\":\"https:\\\/\\\/pfingstrosen-paradies.de\\\/shop\\\/iris\\\/iris-x-tetzosa-lavender-tetzcap\\\/#primaryimage\"},\"thumbnailUrl\":\"https:\\\/\\\/pfingstrosen-paradies.de\\\/wp-content\\\/uploads\\\/IMG_4436.jpg\",\"datePublished\":\"2025-09-26T18:53:02+00:00\",\"dateModified\":\"2026-01-24T07:18:18+00:00\",\"description\":\"Iris - Schwertlilien | einziges bekanntes Exemplar der ananasbl\u00e4ttrigen Schopfiris (Spontanhybride). Kr\u00e4ftiger Wuchs, oft seltsame Bl\u00fcten treibend. Wenn ausreichend begossen\",\"breadcrumb\":{\"@id\":\"https:\\\/\\\/pfingstrosen-paradies.de\\\/shop\\\/iris\\\/iris-x-tetzosa-lavender-tetzcap\\\/#breadcrumb\"},\"inLanguage\":\"en-GB\",\"potentialAction\":[{\"@type\":\"ReadAction\",\"target\":[\"https:\\\/\\\/pfingstrosen-paradies.de\\\/shop\\\/iris\\\/iris-x-tetzosa-lavender-tetzcap\\\/\"]}]},{\"@type\":\"ImageObject\",\"inLanguage\":\"en-GB\",\"@id\":\"https:\\\/\\\/pfingstrosen-paradies.de\\\/shop\\\/iris\\\/iris-x-tetzosa-lavender-tetzcap\\\/#primaryimage\",\"url\":\"https:\\\/\\\/pfingstrosen-paradies.de\\\/wp-content\\\/uploads\\\/IMG_4436.jpg\",\"contentUrl\":\"https:\\\/\\\/pfingstrosen-paradies.de\\\/wp-content\\\/uploads\\\/IMG_4436.jpg\",\"width\":960,\"height\":1280,\"caption\":\"Lavender Tetzcap\"},{\"@type\":\"BreadcrumbList\",\"@id\":\"https:\\\/\\\/pfingstrosen-paradies.de\\\/shop\\\/iris\\\/iris-x-tetzosa-lavender-tetzcap\\\/#breadcrumb\",\"itemListElement\":[{\"@type\":\"ListItem\",\"position\":1,\"name\":\"Start\",\"item\":\"https:\\\/\\\/pfingstrosen-paradies.de\\\/\"},{\"@type\":\"ListItem\",\"position\":2,\"name\":\"Shop\",\"item\":\"https:\\\/\\\/pfingstrosen-paradies.de\\\/shop\\\/\"},{\"@type\":\"ListItem\",\"position\":3,\"name\":\"Iris x tetzosa var. horribilis &#8218;Lavender Tetzcap&#8216;\"}]},{\"@type\":\"WebSite\",\"@id\":\"https:\\\/\\\/pfingstrosen-paradies.de\\\/#website\",\"url\":\"https:\\\/\\\/pfingstrosen-paradies.de\\\/\",\"name\":\"Pfingstrosen-Paradies\",\"description\":\"Fachg\u00e4rtnerei f\u00fcr Pfingstrosen\",\"publisher\":{\"@id\":\"https:\\\/\\\/pfingstrosen-paradies.de\\\/#organization\"},\"potentialAction\":[{\"@type\":\"SearchAction\",\"target\":{\"@type\":\"EntryPoint\",\"urlTemplate\":\"https:\\\/\\\/pfingstrosen-paradies.de\\\/?s={search_term_string}\"},\"query-input\":{\"@type\":\"PropertyValueSpecification\",\"valueRequired\":true,\"valueName\":\"search_term_string\"}}],\"inLanguage\":\"en-GB\"},{\"@type\":\"Organization\",\"@id\":\"https:\\\/\\\/pfingstrosen-paradies.de\\\/#organization\",\"name\":\"Pfingstrosen-Paradies\",\"url\":\"https:\\\/\\\/pfingstrosen-paradies.de\\\/\",\"logo\":{\"@type\":\"ImageObject\",\"inLanguage\":\"en-GB\",\"@id\":\"https:\\\/\\\/pfingstrosen-paradies.de\\\/#\\\/schema\\\/logo\\\/image\\\/\",\"url\":\"https:\\\/\\\/pfingstrosen-paradies.de\\\/wp-content\\\/uploads\\\/2021\\\/02\\\/logo-pfingstrosen.png\",\"contentUrl\":\"https:\\\/\\\/pfingstrosen-paradies.de\\\/wp-content\\\/uploads\\\/2021\\\/02\\\/logo-pfingstrosen.png\",\"width\":1568,\"height\":366,\"caption\":\"Pfingstrosen-Paradies\"},\"image\":{\"@id\":\"https:\\\/\\\/pfingstrosen-paradies.de\\\/#\\\/schema\\\/logo\\\/image\\\/\"}}]}<\/script>\n<!-- \/ Yoast SEO plugin. -->","yoast_head_json":{"title":"Paeonia 'Iris x tetzosa var. horribilis 'Lavender Tetzcap'' | Pfingstrosen-Paradies Tetzlaff","description":"Iris - Schwertlilien | einziges bekanntes Exemplar der ananasbl\u00e4ttrigen Schopfiris (Spontanhybride). Kr\u00e4ftiger Wuchs, oft seltsame Bl\u00fcten treibend. Wenn ausreichend begossen","robots":{"index":"index","follow":"follow","max-snippet":"max-snippet:-1","max-image-preview":"max-image-preview:large","max-video-preview":"max-video-preview:-1"},"canonical":"https:\/\/pfingstrosen-paradies.de\/en\/shop\/iris\/iris-x-tetzosa-lavender-tetzcap\/","og_locale":"en_GB","og_type":"article","og_title":"Paeonia 'Iris x tetzosa var. horribilis 'Lavender Tetzcap'' | Pfingstrosen-Paradies Tetzlaff","og_description":"Iris - Schwertlilien | einziges bekanntes Exemplar der ananasbl\u00e4ttrigen Schopfiris (Spontanhybride). Kr\u00e4ftiger Wuchs, oft seltsame Bl\u00fcten treibend. Wenn ausreichend begossen","og_url":"https:\/\/pfingstrosen-paradies.de\/en\/shop\/iris\/iris-x-tetzosa-lavender-tetzcap\/","og_site_name":"Pfingstrosen-Paradies","article_modified_time":"2026-01-24T07:18:18+00:00","og_image":[{"width":960,"height":1280,"url":"https:\/\/pfingstrosen-paradies.de\/wp-content\/uploads\/IMG_4436.jpg","type":"image\/jpeg"}],"twitter_card":"summary_large_image","twitter_misc":{"Estimated reading time":"2 minutes"},"schema":{"@context":"https:\/\/schema.org","@graph":[{"@type":"WebPage","@id":"https:\/\/pfingstrosen-paradies.de\/shop\/iris\/iris-x-tetzosa-lavender-tetzcap\/","url":"https:\/\/pfingstrosen-paradies.de\/shop\/iris\/iris-x-tetzosa-lavender-tetzcap\/","name":"Paeonia 'Iris x tetzosa var. horribilis 'Lavender Tetzcap'' | Pfingstrosen-Paradies Tetzlaff","isPartOf":{"@id":"https:\/\/pfingstrosen-paradies.de\/#website"},"primaryImageOfPage":{"@id":"https:\/\/pfingstrosen-paradies.de\/shop\/iris\/iris-x-tetzosa-lavender-tetzcap\/#primaryimage"},"image":{"@id":"https:\/\/pfingstrosen-paradies.de\/shop\/iris\/iris-x-tetzosa-lavender-tetzcap\/#primaryimage"},"thumbnailUrl":"https:\/\/pfingstrosen-paradies.de\/wp-content\/uploads\/IMG_4436.jpg","datePublished":"2025-09-26T18:53:02+00:00","dateModified":"2026-01-24T07:18:18+00:00","description":"Iris - Schwertlilien | einziges bekanntes Exemplar der ananasbl\u00e4ttrigen Schopfiris (Spontanhybride). Kr\u00e4ftiger Wuchs, oft seltsame Bl\u00fcten treibend. Wenn ausreichend begossen","breadcrumb":{"@id":"https:\/\/pfingstrosen-paradies.de\/shop\/iris\/iris-x-tetzosa-lavender-tetzcap\/#breadcrumb"},"inLanguage":"en-GB","potentialAction":[{"@type":"ReadAction","target":["https:\/\/pfingstrosen-paradies.de\/shop\/iris\/iris-x-tetzosa-lavender-tetzcap\/"]}]},{"@type":"ImageObject","inLanguage":"en-GB","@id":"https:\/\/pfingstrosen-paradies.de\/shop\/iris\/iris-x-tetzosa-lavender-tetzcap\/#primaryimage","url":"https:\/\/pfingstrosen-paradies.de\/wp-content\/uploads\/IMG_4436.jpg","contentUrl":"https:\/\/pfingstrosen-paradies.de\/wp-content\/uploads\/IMG_4436.jpg","width":960,"height":1280,"caption":"Lavender Tetzcap"},{"@type":"BreadcrumbList","@id":"https:\/\/pfingstrosen-paradies.de\/shop\/iris\/iris-x-tetzosa-lavender-tetzcap\/#breadcrumb","itemListElement":[{"@type":"ListItem","position":1,"name":"Start","item":"https:\/\/pfingstrosen-paradies.de\/"},{"@type":"ListItem","position":2,"name":"Shop","item":"https:\/\/pfingstrosen-paradies.de\/shop\/"},{"@type":"ListItem","position":3,"name":"Iris x tetzosa var. horribilis &#8218;Lavender Tetzcap&#8216;"}]},{"@type":"WebSite","@id":"https:\/\/pfingstrosen-paradies.de\/#website","url":"https:\/\/pfingstrosen-paradies.de\/","name":"Pfingstrosen-Paradies","description":"Fachg\u00e4rtnerei f\u00fcr Pfingstrosen","publisher":{"@id":"https:\/\/pfingstrosen-paradies.de\/#organization"},"potentialAction":[{"@type":"SearchAction","target":{"@type":"EntryPoint","urlTemplate":"https:\/\/pfingstrosen-paradies.de\/?s={search_term_string}"},"query-input":{"@type":"PropertyValueSpecification","valueRequired":true,"valueName":"search_term_string"}}],"inLanguage":"en-GB"},{"@type":"Organization","@id":"https:\/\/pfingstrosen-paradies.de\/#organization","name":"Pfingstrosen-Paradies","url":"https:\/\/pfingstrosen-paradies.de\/","logo":{"@type":"ImageObject","inLanguage":"en-GB","@id":"https:\/\/pfingstrosen-paradies.de\/#\/schema\/logo\/image\/","url":"https:\/\/pfingstrosen-paradies.de\/wp-content\/uploads\/2021\/02\/logo-pfingstrosen.png","contentUrl":"https:\/\/pfingstrosen-paradies.de\/wp-content\/uploads\/2021\/02\/logo-pfingstrosen.png","width":1568,"height":366,"caption":"Pfingstrosen-Paradies"},"image":{"@id":"https:\/\/pfingstrosen-paradies.de\/#\/schema\/logo\/image\/"}}]}},"_links":{"self":[{"href":"https:\/\/pfingstrosen-paradies.de\/en\/wp-json\/wp\/v2\/product\/21694","targetHints":{"allow":["GET"]}}],"collection":[{"href":"https:\/\/pfingstrosen-paradies.de\/en\/wp-json\/wp\/v2\/product"}],"about":[{"href":"https:\/\/pfingstrosen-paradies.de\/en\/wp-json\/wp\/v2\/types\/product"}],"wp:featuredmedia":[{"embeddable":true,"href":"https:\/\/pfingstrosen-paradies.de\/en\/wp-json\/wp\/v2\/media\/21695"}],"wp:attachment":[{"href":"https:\/\/pfingstrosen-paradies.de\/en\/wp-json\/wp\/v2\/media?parent=21694"}],"wp:term":[{"taxonomy":"product_brand","embeddable":true,"href":"https:\/\/pfingstrosen-paradies.de\/en\/wp-json\/wp\/v2\/product_brand?post=21694"},{"taxonomy":"product_cat","embeddable":true,"href":"https:\/\/pfingstrosen-paradies.de\/en\/wp-json\/wp\/v2\/product_cat?post=21694"},{"taxonomy":"product_tag","embeddable":true,"href":"https:\/\/pfingstrosen-paradies.de\/en\/wp-json\/wp\/v2\/product_tag?post=21694"}],"curies":[{"name":"wp","href":"https:\/\/api.w.org\/{rel}","templated":true}]}}