{"id":22987,"date":"2026-01-19T10:00:44","date_gmt":"2026-01-19T09:00:44","guid":{"rendered":"https:\/\/pfingstrosen-paradies.de\/?post_type=product&#038;p=22987"},"modified":"2026-05-11T10:08:13","modified_gmt":"2026-05-11T08:08:13","slug":"brahmin","status":"publish","type":"product","link":"https:\/\/pfingstrosen-paradies.de\/en\/shop\/baumpaeonien\/lutea-hybriden\/brahmin\/","title":{"rendered":"Brahmin"},"content":{"rendered":"<p>Eine weitere tolle australische Lutea-Hybride. S\u00e4mling #C552, Kreuzung aus &#8218;Marietta&#8216; (I45), ([(A.O.G. x D223) x (D223 x C.D.)] x mixed) <strong>x <\/strong>unbekannt . Erste Bl\u00fcte in 2009. Rosa-rote halb gef\u00fcllte, gro\u00dfe Bl\u00fcten. Aufrechte Bl\u00fctenstellung und sehr w\u00fcchsig.<\/p>\n","protected":false},"excerpt":{"rendered":"<p>Eine weitere tolle australische Lutea-Hybride. S\u00e4mling #C552, Kreuzung aus &#8218;Marietta&#8216; (I45), ([(A.O.G. x D223) x (D223 x C.D.)] x mixed) x unbekannt . Erste Bl\u00fcte in 2009. Rosa-rote halb gef\u00fcllte, gro\u00dfe Bl\u00fcten. Aufrechte Bl\u00fctenstellung und sehr w\u00fcchsig.<\/p>\n","protected":false},"featured_media":22988,"template":"","meta":[],"product_brand":[],"product_cat":[36,45,34],"product_tag":[],"class_list":{"0":"post-22987","1":"product","2":"type-product","3":"status-publish","4":"has-post-thumbnail","6":"product_cat-lutea-hybriden","7":"product_cat-neu-im-sortiment","8":"product_cat-baumpaeonien","10":"first","11":"outofstock","12":"taxable","13":"shipping-taxable","14":"purchasable","15":"product-type-simple"},"featured_image_urls":{"full":["https:\/\/pfingstrosen-paradies.de\/wp-content\/uploads\/Brahmin.jpg",1280,853,false],"thumbnail":["https:\/\/pfingstrosen-paradies.de\/wp-content\/uploads\/Brahmin-150x150.jpg",150,150,true],"medium":["https:\/\/pfingstrosen-paradies.de\/wp-content\/uploads\/Brahmin-300x200.jpg",300,200,true],"medium_large":["https:\/\/pfingstrosen-paradies.de\/wp-content\/uploads\/Brahmin-768x512.jpg",768,512,true],"large":["https:\/\/pfingstrosen-paradies.de\/wp-content\/uploads\/Brahmin-1024x682.jpg",1024,682,true],"1536x1536":["https:\/\/pfingstrosen-paradies.de\/wp-content\/uploads\/Brahmin.jpg",1280,853,false],"2048x2048":["https:\/\/pfingstrosen-paradies.de\/wp-content\/uploads\/Brahmin.jpg",1280,853,false],"trp-custom-language-flag":["https:\/\/pfingstrosen-paradies.de\/wp-content\/uploads\/Brahmin-18x12.jpg",18,12,true],"ptam-block-post-grid-landscape":["https:\/\/pfingstrosen-paradies.de\/wp-content\/uploads\/Brahmin-600x400.jpg",600,400,true],"ptam-block-post-grid-square":["https:\/\/pfingstrosen-paradies.de\/wp-content\/uploads\/Brahmin-600x600.jpg",600,600,true],"ptam-block-post-grid-featured-landscape":["https:\/\/pfingstrosen-paradies.de\/wp-content\/uploads\/Brahmin-1000x600.jpg",1000,600,true],"woocommerce_archive_thumbnail":["https:\/\/pfingstrosen-paradies.de\/wp-content\/uploads\/Brahmin-400x350.jpg",400,350,true],"woocommerce_thumbnail":["https:\/\/pfingstrosen-paradies.de\/wp-content\/uploads\/Brahmin-400x350.jpg",400,350,true],"woocommerce_single":["https:\/\/pfingstrosen-paradies.de\/wp-content\/uploads\/Brahmin-1200x800.jpg",1200,800,true],"woocommerce_gallery_thumbnail":["https:\/\/pfingstrosen-paradies.de\/wp-content\/uploads\/Brahmin-100x100.jpg",100,100,true]},"post_excerpt_stackable":"<p>Eine weitere tolle australische Lutea-Hybride. S\u00e4mling #C552, Kreuzung aus &#8218;Marietta&#8216; (I45), ([(A.O.G. x D223) x (D223 x C.D.)] x mixed) x unbekannt . Erste Bl\u00fcte in 2009. Rosa-rote halb gef\u00fcllte, gro\u00dfe Bl\u00fcten. Aufrechte Bl\u00fctenstellung und sehr w\u00fcchsig.<\/p>\n","category_list":"","author_info":{"name":"","url":""},"comments_num":"0 comments","featured_image_urls_v2":{"full":["https:\/\/pfingstrosen-paradies.de\/wp-content\/uploads\/Brahmin.jpg",1280,853,false],"thumbnail":["https:\/\/pfingstrosen-paradies.de\/wp-content\/uploads\/Brahmin-150x150.jpg",150,150,true],"medium":["https:\/\/pfingstrosen-paradies.de\/wp-content\/uploads\/Brahmin-300x200.jpg",300,200,true],"medium_large":["https:\/\/pfingstrosen-paradies.de\/wp-content\/uploads\/Brahmin-768x512.jpg",768,512,true],"large":["https:\/\/pfingstrosen-paradies.de\/wp-content\/uploads\/Brahmin-1024x682.jpg",1024,682,true],"1536x1536":["https:\/\/pfingstrosen-paradies.de\/wp-content\/uploads\/Brahmin.jpg",1280,853,false],"2048x2048":["https:\/\/pfingstrosen-paradies.de\/wp-content\/uploads\/Brahmin.jpg",1280,853,false],"trp-custom-language-flag":["https:\/\/pfingstrosen-paradies.de\/wp-content\/uploads\/Brahmin-18x12.jpg",18,12,true],"ptam-block-post-grid-landscape":["https:\/\/pfingstrosen-paradies.de\/wp-content\/uploads\/Brahmin-600x400.jpg",600,400,true],"ptam-block-post-grid-square":["https:\/\/pfingstrosen-paradies.de\/wp-content\/uploads\/Brahmin-600x600.jpg",600,600,true],"ptam-block-post-grid-featured-landscape":["https:\/\/pfingstrosen-paradies.de\/wp-content\/uploads\/Brahmin-1000x600.jpg",1000,600,true],"woocommerce_archive_thumbnail":["https:\/\/pfingstrosen-paradies.de\/wp-content\/uploads\/Brahmin-400x350.jpg",400,350,true],"woocommerce_thumbnail":["https:\/\/pfingstrosen-paradies.de\/wp-content\/uploads\/Brahmin-400x350.jpg",400,350,true],"woocommerce_single":["https:\/\/pfingstrosen-paradies.de\/wp-content\/uploads\/Brahmin-1200x800.jpg",1200,800,true],"woocommerce_gallery_thumbnail":["https:\/\/pfingstrosen-paradies.de\/wp-content\/uploads\/Brahmin-100x100.jpg",100,100,true]},"post_excerpt_stackable_v2":"<p>Eine weitere tolle australische Lutea-Hybride. S\u00e4mling #C552, Kreuzung aus &#8218;Marietta&#8216; (I45), ([(A.O.G. x D223) x (D223 x C.D.)] x mixed) x unbekannt . Erste Bl\u00fcte in 2009. Rosa-rote halb gef\u00fcllte, gro\u00dfe Bl\u00fcten. Aufrechte Bl\u00fctenstellung und sehr w\u00fcchsig.<\/p>\n","category_list_v2":"","author_info_v2":{"name":"","url":""},"comments_num_v2":"0 comments","yoast_head":"<!-- This site is optimized with the Yoast SEO plugin v27.5 - https:\/\/yoast.com\/product\/yoast-seo-wordpress\/ -->\n<title>Paeonia &#039;Brahmin&#039; | Pfingstrosen-Paradies Tetzlaff<\/title>\n<meta name=\"description\" content=\"Lutea-Hybriden, Neuheiten, Strauchp\u00e4onien | Eine weitere tolle australische Lutea-Hybride. S\u00e4mling #C552, Kreuzung aus &#039;Marietta&#039; (I45), ( x mixed) x unbekannt . Erste Bl\u00fcte in 2009. Rosa-rote halb\" \/>\n<meta name=\"robots\" content=\"index, follow, max-snippet:-1, max-image-preview:large, max-video-preview:-1\" \/>\n<link rel=\"canonical\" href=\"https:\/\/pfingstrosen-paradies.de\/en\/shop\/baumpaeonien\/lutea-hybriden\/brahmin\/\" \/>\n<meta property=\"og:locale\" content=\"en_GB\" \/>\n<meta property=\"og:type\" content=\"article\" \/>\n<meta property=\"og:title\" content=\"Paeonia &#039;Brahmin&#039; | Pfingstrosen-Paradies Tetzlaff\" \/>\n<meta property=\"og:description\" content=\"Lutea-Hybriden, Neuheiten, Strauchp\u00e4onien | Eine weitere tolle australische Lutea-Hybride. S\u00e4mling #C552, Kreuzung aus &#039;Marietta&#039; (I45), ( x mixed) x unbekannt . Erste Bl\u00fcte in 2009. Rosa-rote halb\" \/>\n<meta property=\"og:url\" content=\"https:\/\/pfingstrosen-paradies.de\/en\/shop\/baumpaeonien\/lutea-hybriden\/brahmin\/\" \/>\n<meta property=\"og:site_name\" content=\"Pfingstrosen-Paradies\" \/>\n<meta property=\"article:modified_time\" content=\"2026-05-11T08:08:13+00:00\" \/>\n<meta property=\"og:image\" content=\"https:\/\/pfingstrosen-paradies.de\/wp-content\/uploads\/Brahmin.jpg\" \/>\n\t<meta property=\"og:image:width\" content=\"1280\" \/>\n\t<meta property=\"og:image:height\" content=\"853\" \/>\n\t<meta property=\"og:image:type\" content=\"image\/jpeg\" \/>\n<meta name=\"twitter:card\" content=\"summary_large_image\" \/>\n<meta name=\"twitter:label1\" content=\"Estimated reading time\" \/>\n\t<meta name=\"twitter:data1\" content=\"1 minute\" \/>\n<script type=\"application\/ld+json\" class=\"yoast-schema-graph\">{\"@context\":\"https:\\\/\\\/schema.org\",\"@graph\":[{\"@type\":\"WebPage\",\"@id\":\"https:\\\/\\\/pfingstrosen-paradies.de\\\/shop\\\/baumpaeonien\\\/lutea-hybriden\\\/brahmin\\\/\",\"url\":\"https:\\\/\\\/pfingstrosen-paradies.de\\\/shop\\\/baumpaeonien\\\/lutea-hybriden\\\/brahmin\\\/\",\"name\":\"Paeonia 'Brahmin' | Pfingstrosen-Paradies Tetzlaff\",\"isPartOf\":{\"@id\":\"https:\\\/\\\/pfingstrosen-paradies.de\\\/#website\"},\"primaryImageOfPage\":{\"@id\":\"https:\\\/\\\/pfingstrosen-paradies.de\\\/shop\\\/baumpaeonien\\\/lutea-hybriden\\\/brahmin\\\/#primaryimage\"},\"image\":{\"@id\":\"https:\\\/\\\/pfingstrosen-paradies.de\\\/shop\\\/baumpaeonien\\\/lutea-hybriden\\\/brahmin\\\/#primaryimage\"},\"thumbnailUrl\":\"https:\\\/\\\/pfingstrosen-paradies.de\\\/wp-content\\\/uploads\\\/Brahmin.jpg\",\"datePublished\":\"2026-01-19T09:00:44+00:00\",\"dateModified\":\"2026-05-11T08:08:13+00:00\",\"description\":\"Lutea-Hybriden, Neuheiten, Strauchp\u00e4onien | Eine weitere tolle australische Lutea-Hybride. S\u00e4mling #C552, Kreuzung aus 'Marietta' (I45), ( x mixed) x unbekannt . Erste Bl\u00fcte in 2009. Rosa-rote halb\",\"breadcrumb\":{\"@id\":\"https:\\\/\\\/pfingstrosen-paradies.de\\\/shop\\\/baumpaeonien\\\/lutea-hybriden\\\/brahmin\\\/#breadcrumb\"},\"inLanguage\":\"en-GB\",\"potentialAction\":[{\"@type\":\"ReadAction\",\"target\":[\"https:\\\/\\\/pfingstrosen-paradies.de\\\/shop\\\/baumpaeonien\\\/lutea-hybriden\\\/brahmin\\\/\"]}]},{\"@type\":\"ImageObject\",\"inLanguage\":\"en-GB\",\"@id\":\"https:\\\/\\\/pfingstrosen-paradies.de\\\/shop\\\/baumpaeonien\\\/lutea-hybriden\\\/brahmin\\\/#primaryimage\",\"url\":\"https:\\\/\\\/pfingstrosen-paradies.de\\\/wp-content\\\/uploads\\\/Brahmin.jpg\",\"contentUrl\":\"https:\\\/\\\/pfingstrosen-paradies.de\\\/wp-content\\\/uploads\\\/Brahmin.jpg\",\"width\":1280,\"height\":853,\"caption\":\"Brahmin\"},{\"@type\":\"BreadcrumbList\",\"@id\":\"https:\\\/\\\/pfingstrosen-paradies.de\\\/shop\\\/baumpaeonien\\\/lutea-hybriden\\\/brahmin\\\/#breadcrumb\",\"itemListElement\":[{\"@type\":\"ListItem\",\"position\":1,\"name\":\"Start\",\"item\":\"https:\\\/\\\/pfingstrosen-paradies.de\\\/\"},{\"@type\":\"ListItem\",\"position\":2,\"name\":\"Shop\",\"item\":\"https:\\\/\\\/pfingstrosen-paradies.de\\\/shop\\\/\"},{\"@type\":\"ListItem\",\"position\":3,\"name\":\"Brahmin\"}]},{\"@type\":\"WebSite\",\"@id\":\"https:\\\/\\\/pfingstrosen-paradies.de\\\/#website\",\"url\":\"https:\\\/\\\/pfingstrosen-paradies.de\\\/\",\"name\":\"Pfingstrosen-Paradies\",\"description\":\"Fachg\u00e4rtnerei f\u00fcr Pfingstrosen\",\"publisher\":{\"@id\":\"https:\\\/\\\/pfingstrosen-paradies.de\\\/#organization\"},\"potentialAction\":[{\"@type\":\"SearchAction\",\"target\":{\"@type\":\"EntryPoint\",\"urlTemplate\":\"https:\\\/\\\/pfingstrosen-paradies.de\\\/?s={search_term_string}\"},\"query-input\":{\"@type\":\"PropertyValueSpecification\",\"valueRequired\":true,\"valueName\":\"search_term_string\"}}],\"inLanguage\":\"en-GB\"},{\"@type\":\"Organization\",\"@id\":\"https:\\\/\\\/pfingstrosen-paradies.de\\\/#organization\",\"name\":\"Pfingstrosen-Paradies\",\"url\":\"https:\\\/\\\/pfingstrosen-paradies.de\\\/\",\"logo\":{\"@type\":\"ImageObject\",\"inLanguage\":\"en-GB\",\"@id\":\"https:\\\/\\\/pfingstrosen-paradies.de\\\/#\\\/schema\\\/logo\\\/image\\\/\",\"url\":\"https:\\\/\\\/pfingstrosen-paradies.de\\\/wp-content\\\/uploads\\\/2021\\\/02\\\/logo-pfingstrosen.png\",\"contentUrl\":\"https:\\\/\\\/pfingstrosen-paradies.de\\\/wp-content\\\/uploads\\\/2021\\\/02\\\/logo-pfingstrosen.png\",\"width\":1568,\"height\":366,\"caption\":\"Pfingstrosen-Paradies\"},\"image\":{\"@id\":\"https:\\\/\\\/pfingstrosen-paradies.de\\\/#\\\/schema\\\/logo\\\/image\\\/\"}}]}<\/script>\n<!-- \/ Yoast SEO plugin. -->","yoast_head_json":{"title":"Paeonia 'Brahmin' | Pfingstrosen-Paradies Tetzlaff","description":"Lutea-Hybriden, Neuheiten, Strauchp\u00e4onien | Eine weitere tolle australische Lutea-Hybride. S\u00e4mling #C552, Kreuzung aus 'Marietta' (I45), ( x mixed) x unbekannt . Erste Bl\u00fcte in 2009. Rosa-rote halb","robots":{"index":"index","follow":"follow","max-snippet":"max-snippet:-1","max-image-preview":"max-image-preview:large","max-video-preview":"max-video-preview:-1"},"canonical":"https:\/\/pfingstrosen-paradies.de\/en\/shop\/baumpaeonien\/lutea-hybriden\/brahmin\/","og_locale":"en_GB","og_type":"article","og_title":"Paeonia 'Brahmin' | Pfingstrosen-Paradies Tetzlaff","og_description":"Lutea-Hybriden, Neuheiten, Strauchp\u00e4onien | Eine weitere tolle australische Lutea-Hybride. S\u00e4mling #C552, Kreuzung aus 'Marietta' (I45), ( x mixed) x unbekannt . Erste Bl\u00fcte in 2009. Rosa-rote halb","og_url":"https:\/\/pfingstrosen-paradies.de\/en\/shop\/baumpaeonien\/lutea-hybriden\/brahmin\/","og_site_name":"Pfingstrosen-Paradies","article_modified_time":"2026-05-11T08:08:13+00:00","og_image":[{"width":1280,"height":853,"url":"https:\/\/pfingstrosen-paradies.de\/wp-content\/uploads\/Brahmin.jpg","type":"image\/jpeg"}],"twitter_card":"summary_large_image","twitter_misc":{"Estimated reading time":"1 minute"},"schema":{"@context":"https:\/\/schema.org","@graph":[{"@type":"WebPage","@id":"https:\/\/pfingstrosen-paradies.de\/shop\/baumpaeonien\/lutea-hybriden\/brahmin\/","url":"https:\/\/pfingstrosen-paradies.de\/shop\/baumpaeonien\/lutea-hybriden\/brahmin\/","name":"Paeonia 'Brahmin' | Pfingstrosen-Paradies Tetzlaff","isPartOf":{"@id":"https:\/\/pfingstrosen-paradies.de\/#website"},"primaryImageOfPage":{"@id":"https:\/\/pfingstrosen-paradies.de\/shop\/baumpaeonien\/lutea-hybriden\/brahmin\/#primaryimage"},"image":{"@id":"https:\/\/pfingstrosen-paradies.de\/shop\/baumpaeonien\/lutea-hybriden\/brahmin\/#primaryimage"},"thumbnailUrl":"https:\/\/pfingstrosen-paradies.de\/wp-content\/uploads\/Brahmin.jpg","datePublished":"2026-01-19T09:00:44+00:00","dateModified":"2026-05-11T08:08:13+00:00","description":"Lutea-Hybriden, Neuheiten, Strauchp\u00e4onien | Eine weitere tolle australische Lutea-Hybride. S\u00e4mling #C552, Kreuzung aus 'Marietta' (I45), ( x mixed) x unbekannt . Erste Bl\u00fcte in 2009. Rosa-rote halb","breadcrumb":{"@id":"https:\/\/pfingstrosen-paradies.de\/shop\/baumpaeonien\/lutea-hybriden\/brahmin\/#breadcrumb"},"inLanguage":"en-GB","potentialAction":[{"@type":"ReadAction","target":["https:\/\/pfingstrosen-paradies.de\/shop\/baumpaeonien\/lutea-hybriden\/brahmin\/"]}]},{"@type":"ImageObject","inLanguage":"en-GB","@id":"https:\/\/pfingstrosen-paradies.de\/shop\/baumpaeonien\/lutea-hybriden\/brahmin\/#primaryimage","url":"https:\/\/pfingstrosen-paradies.de\/wp-content\/uploads\/Brahmin.jpg","contentUrl":"https:\/\/pfingstrosen-paradies.de\/wp-content\/uploads\/Brahmin.jpg","width":1280,"height":853,"caption":"Brahmin"},{"@type":"BreadcrumbList","@id":"https:\/\/pfingstrosen-paradies.de\/shop\/baumpaeonien\/lutea-hybriden\/brahmin\/#breadcrumb","itemListElement":[{"@type":"ListItem","position":1,"name":"Start","item":"https:\/\/pfingstrosen-paradies.de\/"},{"@type":"ListItem","position":2,"name":"Shop","item":"https:\/\/pfingstrosen-paradies.de\/shop\/"},{"@type":"ListItem","position":3,"name":"Brahmin"}]},{"@type":"WebSite","@id":"https:\/\/pfingstrosen-paradies.de\/#website","url":"https:\/\/pfingstrosen-paradies.de\/","name":"Pfingstrosen-Paradies","description":"Fachg\u00e4rtnerei f\u00fcr Pfingstrosen","publisher":{"@id":"https:\/\/pfingstrosen-paradies.de\/#organization"},"potentialAction":[{"@type":"SearchAction","target":{"@type":"EntryPoint","urlTemplate":"https:\/\/pfingstrosen-paradies.de\/?s={search_term_string}"},"query-input":{"@type":"PropertyValueSpecification","valueRequired":true,"valueName":"search_term_string"}}],"inLanguage":"en-GB"},{"@type":"Organization","@id":"https:\/\/pfingstrosen-paradies.de\/#organization","name":"Pfingstrosen-Paradies","url":"https:\/\/pfingstrosen-paradies.de\/","logo":{"@type":"ImageObject","inLanguage":"en-GB","@id":"https:\/\/pfingstrosen-paradies.de\/#\/schema\/logo\/image\/","url":"https:\/\/pfingstrosen-paradies.de\/wp-content\/uploads\/2021\/02\/logo-pfingstrosen.png","contentUrl":"https:\/\/pfingstrosen-paradies.de\/wp-content\/uploads\/2021\/02\/logo-pfingstrosen.png","width":1568,"height":366,"caption":"Pfingstrosen-Paradies"},"image":{"@id":"https:\/\/pfingstrosen-paradies.de\/#\/schema\/logo\/image\/"}}]}},"_links":{"self":[{"href":"https:\/\/pfingstrosen-paradies.de\/en\/wp-json\/wp\/v2\/product\/22987","targetHints":{"allow":["GET"]}}],"collection":[{"href":"https:\/\/pfingstrosen-paradies.de\/en\/wp-json\/wp\/v2\/product"}],"about":[{"href":"https:\/\/pfingstrosen-paradies.de\/en\/wp-json\/wp\/v2\/types\/product"}],"wp:featuredmedia":[{"embeddable":true,"href":"https:\/\/pfingstrosen-paradies.de\/en\/wp-json\/wp\/v2\/media\/22988"}],"wp:attachment":[{"href":"https:\/\/pfingstrosen-paradies.de\/en\/wp-json\/wp\/v2\/media?parent=22987"}],"wp:term":[{"taxonomy":"product_brand","embeddable":true,"href":"https:\/\/pfingstrosen-paradies.de\/en\/wp-json\/wp\/v2\/product_brand?post=22987"},{"taxonomy":"product_cat","embeddable":true,"href":"https:\/\/pfingstrosen-paradies.de\/en\/wp-json\/wp\/v2\/product_cat?post=22987"},{"taxonomy":"product_tag","embeddable":true,"href":"https:\/\/pfingstrosen-paradies.de\/en\/wp-json\/wp\/v2\/product_tag?post=22987"}],"curies":[{"name":"wp","href":"https:\/\/api.w.org\/{rel}","templated":true}]}}