{"id":2447,"date":"2021-12-22T20:44:42","date_gmt":"2021-12-22T19:44:42","guid":{"rendered":"https:\/\/pfingstrosen-paradies.de\/?post_type=product&#038;p=2447"},"modified":"2026-05-01T18:42:14","modified_gmt":"2026-05-01T16:42:14","slug":"kopper-kettle","status":"publish","type":"product","link":"https:\/\/pfingstrosen-paradies.de\/en\/shop\/itoh-hybriden\/kopper-kettle\/","title":{"rendered":"Kopper Kettle"},"content":{"rendered":"<p>Schreibweise auch: Copper Kettle (Anderson selbst hat die Schreibweise mit &#8222;K&#8220; = Kopper Kettle bewusst ausgew\u00e4hlt). im Aufbl\u00fchen kupferfarben sp\u00e4ter dreifarbig rot, gelb und orange schimmernd in einer Bl\u00fcte, halb gef\u00fcllt, Seitenknospen, ein absoluter Blickfang, H\u00f6he 80-90 cm. Das von den Baump\u00e4onien \u00fcbernommene Laub hat auch nach der Bl\u00fcte einen Zierwert als Blattschmuckstaude. Je nach Witterungsverlauf im Herbst gibt es durchaus eine Herbstf\u00e4rbung der Laubbl\u00e4tter. Durchmesser der Bl\u00fcte: 20 cm<\/p>","protected":false},"excerpt":{"rendered":"<p>Schreibweise auch: Copper Kettle (Anderson selbst hat die Schreibweise mit &#8222;K&#8220; = Kopper Kettle bewusst ausgew\u00e4hlt). im Aufbl\u00fchen kupferfarben sp\u00e4ter dreifarbig rot, gelb und orange schimmernd in einer Bl\u00fcte, halb gef\u00fcllt, Seitenknospen, ein absoluter Blickfang, H\u00f6he 80-90 cm. Das von den Baump\u00e4onien \u00fcbernommene Laub hat auch nach der Bl\u00fcte einen Zierwert als Blattschmuckstaude. Je nach [&hellip;]<\/p>\n","protected":false},"featured_media":3006,"template":"","meta":[],"product_brand":[],"product_cat":[105],"product_tag":[],"class_list":{"0":"post-2447","1":"product","2":"type-product","3":"status-publish","4":"has-post-thumbnail","6":"product_cat-itoh-hybriden","8":"first","9":"instock","10":"taxable","11":"shipping-taxable","12":"purchasable","13":"product-type-simple"},"featured_image_urls":{"full":["https:\/\/pfingstrosen-paradies.de\/wp-content\/uploads\/Kopper-Kettle-1.jpg",1280,849,false],"thumbnail":["https:\/\/pfingstrosen-paradies.de\/wp-content\/uploads\/Kopper-Kettle-1-150x150.jpg",150,150,true],"medium":["https:\/\/pfingstrosen-paradies.de\/wp-content\/uploads\/Kopper-Kettle-1-300x199.jpg",300,199,true],"medium_large":["https:\/\/pfingstrosen-paradies.de\/wp-content\/uploads\/Kopper-Kettle-1-768x509.jpg",768,509,true],"large":["https:\/\/pfingstrosen-paradies.de\/wp-content\/uploads\/Kopper-Kettle-1-1024x679.jpg",1024,679,true],"1536x1536":["https:\/\/pfingstrosen-paradies.de\/wp-content\/uploads\/Kopper-Kettle-1-1536x1020.jpg",1536,1020,true],"2048x2048":["https:\/\/pfingstrosen-paradies.de\/wp-content\/uploads\/Kopper-Kettle-1.jpg",1280,849,false],"trp-custom-language-flag":["https:\/\/pfingstrosen-paradies.de\/wp-content\/uploads\/Kopper-Kettle-1-18x12.jpg",18,12,true],"ptam-block-post-grid-landscape":["https:\/\/pfingstrosen-paradies.de\/wp-content\/uploads\/Kopper-Kettle-1-600x400.jpg",600,400,true],"ptam-block-post-grid-square":["https:\/\/pfingstrosen-paradies.de\/wp-content\/uploads\/Kopper-Kettle-1-600x600.jpg",600,600,true],"ptam-block-post-grid-featured-landscape":["https:\/\/pfingstrosen-paradies.de\/wp-content\/uploads\/Kopper-Kettle-1-1000x600.jpg",1000,600,true],"woocommerce_archive_thumbnail":["https:\/\/pfingstrosen-paradies.de\/wp-content\/uploads\/Kopper-Kettle-1-400x350.jpg",400,350,true],"woocommerce_thumbnail":["https:\/\/pfingstrosen-paradies.de\/wp-content\/uploads\/Kopper-Kettle-1-400x350.jpg",400,350,true],"woocommerce_single":["https:\/\/pfingstrosen-paradies.de\/wp-content\/uploads\/Kopper-Kettle-1-1200x796.jpg",1200,796,true],"woocommerce_gallery_thumbnail":["https:\/\/pfingstrosen-paradies.de\/wp-content\/uploads\/Kopper-Kettle-1-100x100.jpg",100,100,true]},"post_excerpt_stackable":"<p>Schreibweise auch: Copper Kettle (Anderson selbst hat die Schreibweise mit &#8222;K&#8220; = Kopper Kettle bewusst ausgew\u00e4hlt). im Aufbl\u00fchen kupferfarben sp\u00e4ter dreifarbig rot, gelb und orange schimmernd in einer Bl\u00fcte, halb gef\u00fcllt, Seitenknospen, ein absoluter Blickfang, H\u00f6he 80-90 cm. Das von den Baump\u00e4onien \u00fcbernommene Laub hat auch nach der Bl\u00fcte einen Zierwert als Blattschmuckstaude. Je nach Witterungsverlauf im Herbst gibt es durchaus eine Herbstf\u00e4rbung der Laubbl\u00e4tter. Durchmesser der Bl\u00fcte: 20 cm<\/p>\n","category_list":"","author_info":{"name":"","url":""},"comments_num":"0 comments","featured_image_urls_v2":{"full":["https:\/\/pfingstrosen-paradies.de\/wp-content\/uploads\/Kopper-Kettle-1.jpg",1280,849,false],"thumbnail":["https:\/\/pfingstrosen-paradies.de\/wp-content\/uploads\/Kopper-Kettle-1-150x150.jpg",150,150,true],"medium":["https:\/\/pfingstrosen-paradies.de\/wp-content\/uploads\/Kopper-Kettle-1-300x199.jpg",300,199,true],"medium_large":["https:\/\/pfingstrosen-paradies.de\/wp-content\/uploads\/Kopper-Kettle-1-768x509.jpg",768,509,true],"large":["https:\/\/pfingstrosen-paradies.de\/wp-content\/uploads\/Kopper-Kettle-1-1024x679.jpg",1024,679,true],"1536x1536":["https:\/\/pfingstrosen-paradies.de\/wp-content\/uploads\/Kopper-Kettle-1-1536x1020.jpg",1536,1020,true],"2048x2048":["https:\/\/pfingstrosen-paradies.de\/wp-content\/uploads\/Kopper-Kettle-1.jpg",1280,849,false],"trp-custom-language-flag":["https:\/\/pfingstrosen-paradies.de\/wp-content\/uploads\/Kopper-Kettle-1-18x12.jpg",18,12,true],"ptam-block-post-grid-landscape":["https:\/\/pfingstrosen-paradies.de\/wp-content\/uploads\/Kopper-Kettle-1-600x400.jpg",600,400,true],"ptam-block-post-grid-square":["https:\/\/pfingstrosen-paradies.de\/wp-content\/uploads\/Kopper-Kettle-1-600x600.jpg",600,600,true],"ptam-block-post-grid-featured-landscape":["https:\/\/pfingstrosen-paradies.de\/wp-content\/uploads\/Kopper-Kettle-1-1000x600.jpg",1000,600,true],"woocommerce_archive_thumbnail":["https:\/\/pfingstrosen-paradies.de\/wp-content\/uploads\/Kopper-Kettle-1-400x350.jpg",400,350,true],"woocommerce_thumbnail":["https:\/\/pfingstrosen-paradies.de\/wp-content\/uploads\/Kopper-Kettle-1-400x350.jpg",400,350,true],"woocommerce_single":["https:\/\/pfingstrosen-paradies.de\/wp-content\/uploads\/Kopper-Kettle-1-1200x796.jpg",1200,796,true],"woocommerce_gallery_thumbnail":["https:\/\/pfingstrosen-paradies.de\/wp-content\/uploads\/Kopper-Kettle-1-100x100.jpg",100,100,true]},"post_excerpt_stackable_v2":"<p>Schreibweise auch: Copper Kettle (Anderson selbst hat die Schreibweise mit &#8222;K&#8220; = Kopper Kettle bewusst ausgew\u00e4hlt). im Aufbl\u00fchen kupferfarben sp\u00e4ter dreifarbig rot, gelb und orange schimmernd in einer Bl\u00fcte, halb gef\u00fcllt, Seitenknospen, ein absoluter Blickfang, H\u00f6he 80-90 cm. Das von den Baump\u00e4onien \u00fcbernommene Laub hat auch nach der Bl\u00fcte einen Zierwert als Blattschmuckstaude. Je nach Witterungsverlauf im Herbst gibt es durchaus eine Herbstf\u00e4rbung der Laubbl\u00e4tter. Durchmesser der Bl\u00fcte: 20 cm<\/p>\n","category_list_v2":"","author_info_v2":{"name":"","url":""},"comments_num_v2":"0 comments","yoast_head":"<!-- This site is optimized with the Yoast SEO plugin v27.5 - https:\/\/yoast.com\/product\/yoast-seo-wordpress\/ -->\n<title>Paeonia &#039;Kopper Kettle&#039; | Pfingstrosen-Paradies Tetzlaff<\/title>\n<meta name=\"description\" content=\"Itoh-Hybriden | Schreibweise auch: Copper Kettle (Anderson selbst hat die Schreibweise mit &quot;K&quot; = Kopper Kettle bewusst ausgew\u00e4hlt). im Aufbl\u00fchen kupferfarben sp\u00e4ter\" \/>\n<meta name=\"robots\" content=\"index, follow, max-snippet:-1, max-image-preview:large, max-video-preview:-1\" \/>\n<link rel=\"canonical\" href=\"https:\/\/pfingstrosen-paradies.de\/en\/shop\/itoh-hybriden\/kopper-kettle\/\" \/>\n<meta property=\"og:locale\" content=\"en_GB\" \/>\n<meta property=\"og:type\" content=\"article\" \/>\n<meta property=\"og:title\" content=\"Paeonia &#039;Kopper Kettle&#039; | Pfingstrosen-Paradies Tetzlaff\" \/>\n<meta property=\"og:description\" content=\"Itoh-Hybriden | Schreibweise auch: Copper Kettle (Anderson selbst hat die Schreibweise mit &quot;K&quot; = Kopper Kettle bewusst ausgew\u00e4hlt). im Aufbl\u00fchen kupferfarben sp\u00e4ter\" \/>\n<meta property=\"og:url\" content=\"https:\/\/pfingstrosen-paradies.de\/en\/shop\/itoh-hybriden\/kopper-kettle\/\" \/>\n<meta property=\"og:site_name\" content=\"Pfingstrosen-Paradies\" \/>\n<meta property=\"article:modified_time\" content=\"2026-05-01T16:42:14+00:00\" \/>\n<meta property=\"og:image\" content=\"https:\/\/pfingstrosen-paradies.de\/wp-content\/uploads\/Kopper-Kettle-1.jpg\" \/>\n\t<meta property=\"og:image:width\" content=\"1280\" \/>\n\t<meta property=\"og:image:height\" content=\"849\" \/>\n\t<meta property=\"og:image:type\" content=\"image\/jpeg\" \/>\n<meta name=\"twitter:card\" content=\"summary_large_image\" \/>\n<script type=\"application\/ld+json\" class=\"yoast-schema-graph\">{\"@context\":\"https:\\\/\\\/schema.org\",\"@graph\":[{\"@type\":\"WebPage\",\"@id\":\"https:\\\/\\\/pfingstrosen-paradies.de\\\/shop\\\/itoh-hybriden\\\/kopper-kettle\\\/\",\"url\":\"https:\\\/\\\/pfingstrosen-paradies.de\\\/shop\\\/itoh-hybriden\\\/kopper-kettle\\\/\",\"name\":\"Paeonia 'Kopper Kettle' | Pfingstrosen-Paradies Tetzlaff\",\"isPartOf\":{\"@id\":\"https:\\\/\\\/pfingstrosen-paradies.de\\\/#website\"},\"primaryImageOfPage\":{\"@id\":\"https:\\\/\\\/pfingstrosen-paradies.de\\\/shop\\\/itoh-hybriden\\\/kopper-kettle\\\/#primaryimage\"},\"image\":{\"@id\":\"https:\\\/\\\/pfingstrosen-paradies.de\\\/shop\\\/itoh-hybriden\\\/kopper-kettle\\\/#primaryimage\"},\"thumbnailUrl\":\"https:\\\/\\\/pfingstrosen-paradies.de\\\/wp-content\\\/uploads\\\/Kopper-Kettle-1.jpg\",\"datePublished\":\"2021-12-22T19:44:42+00:00\",\"dateModified\":\"2026-05-01T16:42:14+00:00\",\"description\":\"Itoh-Hybriden | Schreibweise auch: Copper Kettle (Anderson selbst hat die Schreibweise mit \\\"K\\\" = Kopper Kettle bewusst ausgew\u00e4hlt). im Aufbl\u00fchen kupferfarben sp\u00e4ter\",\"breadcrumb\":{\"@id\":\"https:\\\/\\\/pfingstrosen-paradies.de\\\/shop\\\/itoh-hybriden\\\/kopper-kettle\\\/#breadcrumb\"},\"inLanguage\":\"en-GB\",\"potentialAction\":[{\"@type\":\"ReadAction\",\"target\":[\"https:\\\/\\\/pfingstrosen-paradies.de\\\/shop\\\/itoh-hybriden\\\/kopper-kettle\\\/\"]}]},{\"@type\":\"ImageObject\",\"inLanguage\":\"en-GB\",\"@id\":\"https:\\\/\\\/pfingstrosen-paradies.de\\\/shop\\\/itoh-hybriden\\\/kopper-kettle\\\/#primaryimage\",\"url\":\"https:\\\/\\\/pfingstrosen-paradies.de\\\/wp-content\\\/uploads\\\/Kopper-Kettle-1.jpg\",\"contentUrl\":\"https:\\\/\\\/pfingstrosen-paradies.de\\\/wp-content\\\/uploads\\\/Kopper-Kettle-1.jpg\",\"width\":1280,\"height\":849,\"caption\":\"Kopper Kettle\"},{\"@type\":\"BreadcrumbList\",\"@id\":\"https:\\\/\\\/pfingstrosen-paradies.de\\\/shop\\\/itoh-hybriden\\\/kopper-kettle\\\/#breadcrumb\",\"itemListElement\":[{\"@type\":\"ListItem\",\"position\":1,\"name\":\"Start\",\"item\":\"https:\\\/\\\/pfingstrosen-paradies.de\\\/\"},{\"@type\":\"ListItem\",\"position\":2,\"name\":\"Shop\",\"item\":\"https:\\\/\\\/pfingstrosen-paradies.de\\\/shop\\\/\"},{\"@type\":\"ListItem\",\"position\":3,\"name\":\"Kopper Kettle\"}]},{\"@type\":\"WebSite\",\"@id\":\"https:\\\/\\\/pfingstrosen-paradies.de\\\/#website\",\"url\":\"https:\\\/\\\/pfingstrosen-paradies.de\\\/\",\"name\":\"Pfingstrosen-Paradies\",\"description\":\"Fachg\u00e4rtnerei f\u00fcr Pfingstrosen\",\"publisher\":{\"@id\":\"https:\\\/\\\/pfingstrosen-paradies.de\\\/#organization\"},\"potentialAction\":[{\"@type\":\"SearchAction\",\"target\":{\"@type\":\"EntryPoint\",\"urlTemplate\":\"https:\\\/\\\/pfingstrosen-paradies.de\\\/?s={search_term_string}\"},\"query-input\":{\"@type\":\"PropertyValueSpecification\",\"valueRequired\":true,\"valueName\":\"search_term_string\"}}],\"inLanguage\":\"en-GB\"},{\"@type\":\"Organization\",\"@id\":\"https:\\\/\\\/pfingstrosen-paradies.de\\\/#organization\",\"name\":\"Pfingstrosen-Paradies\",\"url\":\"https:\\\/\\\/pfingstrosen-paradies.de\\\/\",\"logo\":{\"@type\":\"ImageObject\",\"inLanguage\":\"en-GB\",\"@id\":\"https:\\\/\\\/pfingstrosen-paradies.de\\\/#\\\/schema\\\/logo\\\/image\\\/\",\"url\":\"https:\\\/\\\/pfingstrosen-paradies.de\\\/wp-content\\\/uploads\\\/2021\\\/02\\\/logo-pfingstrosen.png\",\"contentUrl\":\"https:\\\/\\\/pfingstrosen-paradies.de\\\/wp-content\\\/uploads\\\/2021\\\/02\\\/logo-pfingstrosen.png\",\"width\":1568,\"height\":366,\"caption\":\"Pfingstrosen-Paradies\"},\"image\":{\"@id\":\"https:\\\/\\\/pfingstrosen-paradies.de\\\/#\\\/schema\\\/logo\\\/image\\\/\"}}]}<\/script>\n<!-- \/ Yoast SEO plugin. -->","yoast_head_json":{"title":"Paeonia 'Kopper Kettle' | Pfingstrosen-Paradies Tetzlaff","description":"Itoh-Hybriden | Schreibweise auch: Copper Kettle (Anderson selbst hat die Schreibweise mit \"K\" = Kopper Kettle bewusst ausgew\u00e4hlt). im Aufbl\u00fchen kupferfarben sp\u00e4ter","robots":{"index":"index","follow":"follow","max-snippet":"max-snippet:-1","max-image-preview":"max-image-preview:large","max-video-preview":"max-video-preview:-1"},"canonical":"https:\/\/pfingstrosen-paradies.de\/en\/shop\/itoh-hybriden\/kopper-kettle\/","og_locale":"en_GB","og_type":"article","og_title":"Paeonia 'Kopper Kettle' | Pfingstrosen-Paradies Tetzlaff","og_description":"Itoh-Hybriden | Schreibweise auch: Copper Kettle (Anderson selbst hat die Schreibweise mit \"K\" = Kopper Kettle bewusst ausgew\u00e4hlt). im Aufbl\u00fchen kupferfarben sp\u00e4ter","og_url":"https:\/\/pfingstrosen-paradies.de\/en\/shop\/itoh-hybriden\/kopper-kettle\/","og_site_name":"Pfingstrosen-Paradies","article_modified_time":"2026-05-01T16:42:14+00:00","og_image":[{"width":1280,"height":849,"url":"https:\/\/pfingstrosen-paradies.de\/wp-content\/uploads\/Kopper-Kettle-1.jpg","type":"image\/jpeg"}],"twitter_card":"summary_large_image","schema":{"@context":"https:\/\/schema.org","@graph":[{"@type":"WebPage","@id":"https:\/\/pfingstrosen-paradies.de\/shop\/itoh-hybriden\/kopper-kettle\/","url":"https:\/\/pfingstrosen-paradies.de\/shop\/itoh-hybriden\/kopper-kettle\/","name":"Paeonia 'Kopper Kettle' | Pfingstrosen-Paradies Tetzlaff","isPartOf":{"@id":"https:\/\/pfingstrosen-paradies.de\/#website"},"primaryImageOfPage":{"@id":"https:\/\/pfingstrosen-paradies.de\/shop\/itoh-hybriden\/kopper-kettle\/#primaryimage"},"image":{"@id":"https:\/\/pfingstrosen-paradies.de\/shop\/itoh-hybriden\/kopper-kettle\/#primaryimage"},"thumbnailUrl":"https:\/\/pfingstrosen-paradies.de\/wp-content\/uploads\/Kopper-Kettle-1.jpg","datePublished":"2021-12-22T19:44:42+00:00","dateModified":"2026-05-01T16:42:14+00:00","description":"Itoh-Hybriden | Schreibweise auch: Copper Kettle (Anderson selbst hat die Schreibweise mit \"K\" = Kopper Kettle bewusst ausgew\u00e4hlt). im Aufbl\u00fchen kupferfarben sp\u00e4ter","breadcrumb":{"@id":"https:\/\/pfingstrosen-paradies.de\/shop\/itoh-hybriden\/kopper-kettle\/#breadcrumb"},"inLanguage":"en-GB","potentialAction":[{"@type":"ReadAction","target":["https:\/\/pfingstrosen-paradies.de\/shop\/itoh-hybriden\/kopper-kettle\/"]}]},{"@type":"ImageObject","inLanguage":"en-GB","@id":"https:\/\/pfingstrosen-paradies.de\/shop\/itoh-hybriden\/kopper-kettle\/#primaryimage","url":"https:\/\/pfingstrosen-paradies.de\/wp-content\/uploads\/Kopper-Kettle-1.jpg","contentUrl":"https:\/\/pfingstrosen-paradies.de\/wp-content\/uploads\/Kopper-Kettle-1.jpg","width":1280,"height":849,"caption":"Kopper Kettle"},{"@type":"BreadcrumbList","@id":"https:\/\/pfingstrosen-paradies.de\/shop\/itoh-hybriden\/kopper-kettle\/#breadcrumb","itemListElement":[{"@type":"ListItem","position":1,"name":"Start","item":"https:\/\/pfingstrosen-paradies.de\/"},{"@type":"ListItem","position":2,"name":"Shop","item":"https:\/\/pfingstrosen-paradies.de\/shop\/"},{"@type":"ListItem","position":3,"name":"Kopper Kettle"}]},{"@type":"WebSite","@id":"https:\/\/pfingstrosen-paradies.de\/#website","url":"https:\/\/pfingstrosen-paradies.de\/","name":"Pfingstrosen-Paradies","description":"Fachg\u00e4rtnerei f\u00fcr Pfingstrosen","publisher":{"@id":"https:\/\/pfingstrosen-paradies.de\/#organization"},"potentialAction":[{"@type":"SearchAction","target":{"@type":"EntryPoint","urlTemplate":"https:\/\/pfingstrosen-paradies.de\/?s={search_term_string}"},"query-input":{"@type":"PropertyValueSpecification","valueRequired":true,"valueName":"search_term_string"}}],"inLanguage":"en-GB"},{"@type":"Organization","@id":"https:\/\/pfingstrosen-paradies.de\/#organization","name":"Pfingstrosen-Paradies","url":"https:\/\/pfingstrosen-paradies.de\/","logo":{"@type":"ImageObject","inLanguage":"en-GB","@id":"https:\/\/pfingstrosen-paradies.de\/#\/schema\/logo\/image\/","url":"https:\/\/pfingstrosen-paradies.de\/wp-content\/uploads\/2021\/02\/logo-pfingstrosen.png","contentUrl":"https:\/\/pfingstrosen-paradies.de\/wp-content\/uploads\/2021\/02\/logo-pfingstrosen.png","width":1568,"height":366,"caption":"Pfingstrosen-Paradies"},"image":{"@id":"https:\/\/pfingstrosen-paradies.de\/#\/schema\/logo\/image\/"}}]}},"_links":{"self":[{"href":"https:\/\/pfingstrosen-paradies.de\/en\/wp-json\/wp\/v2\/product\/2447","targetHints":{"allow":["GET"]}}],"collection":[{"href":"https:\/\/pfingstrosen-paradies.de\/en\/wp-json\/wp\/v2\/product"}],"about":[{"href":"https:\/\/pfingstrosen-paradies.de\/en\/wp-json\/wp\/v2\/types\/product"}],"wp:featuredmedia":[{"embeddable":true,"href":"https:\/\/pfingstrosen-paradies.de\/en\/wp-json\/wp\/v2\/media\/3006"}],"wp:attachment":[{"href":"https:\/\/pfingstrosen-paradies.de\/en\/wp-json\/wp\/v2\/media?parent=2447"}],"wp:term":[{"taxonomy":"product_brand","embeddable":true,"href":"https:\/\/pfingstrosen-paradies.de\/en\/wp-json\/wp\/v2\/product_brand?post=2447"},{"taxonomy":"product_cat","embeddable":true,"href":"https:\/\/pfingstrosen-paradies.de\/en\/wp-json\/wp\/v2\/product_cat?post=2447"},{"taxonomy":"product_tag","embeddable":true,"href":"https:\/\/pfingstrosen-paradies.de\/en\/wp-json\/wp\/v2\/product_tag?post=2447"}],"curies":[{"name":"wp","href":"https:\/\/api.w.org\/{rel}","templated":true}]}}