{"id":2487,"date":"2021-12-25T13:52:38","date_gmt":"2021-12-25T12:52:38","guid":{"rendered":"https:\/\/pfingstrosen-paradies.de\/?post_type=product&#038;p=2487"},"modified":"2026-04-26T19:45:29","modified_gmt":"2026-04-26T17:45:29","slug":"new-millennium","status":"publish","type":"product","link":"https:\/\/pfingstrosen-paradies.de\/en\/shop\/itoh-hybriden\/new-millennium\/","title":{"rendered":"New Millennium"},"content":{"rendered":"<p>Mit &#8218;New Millennium&#8216; beginnt wahrlich ein neues Zeitalter der intersektionellen Hybriden! Die auff\u00e4llig korall-rosanen Farben, die an die Bl\u00fcten der bekannten Staude <a href=\"https:\/\/pfingstrosen-paradies.de\/en\/staudenpfingstrose-peregrina-coral-charm\/\">&#8218;Coral Charm<\/a>&#8218; erinnern, suchte man in dieser Pfingstrosengruppe bislang vergebens. Diese Z\u00fcchtung von Roger Anderson ist wie alle Itohs absolut standfest und eine der Pfingstrosen mit der l\u00e4ngsten Bl\u00fctezeit. Die lachsfarbenen, halb gef\u00fcllten Bl\u00fcten haben eine enorme Strahlkraft und bleichen im Verlauf leicht aus. Die Pflanze wird ca. 80 cm hoch, mit buschigem Wuchs und bildet zudem zahlreiche Seitenknospen aus. Diese sehr bl\u00fchfreudige Sorte ist noch eine echte Rarit\u00e4t und z.Z. noch nur in sehr geringer St\u00fcckzhal erh\u00e4ltlich. Das von den Baump\u00e4onien \u00fcbernommene Laub hat auch nach der Bl\u00fcte einen Zierwert als Blattschmuckstaude. Je nach Witterungsverlauf im Herbst gibt es durchaus eine Herbstf\u00e4rbung der Laubbl\u00e4tter. Durchmesser der Bl\u00fcte: 20 cm<\/p>","protected":false},"excerpt":{"rendered":"<p>Mit &#8218;New Millennium&#8216; beginnt wahrlich ein neues Zeitalter der intersektionellen Hybriden! Die auff\u00e4llig korall-rosanen Farben, die an die Bl\u00fcten der bekannten Staude &#8218;Coral Charm&#8218; erinnern, suchte man in dieser Pfingstrosengruppe bislang vergebens. Diese Z\u00fcchtung von Roger Anderson ist wie alle Itohs absolut standfest und eine der Pfingstrosen mit der l\u00e4ngsten Bl\u00fctezeit. Die lachsfarbenen, halb gef\u00fcllten [&hellip;]<\/p>\n","protected":false},"featured_media":2569,"template":"","meta":[],"product_brand":[],"product_cat":[105],"product_tag":[],"class_list":{"0":"post-2487","1":"product","2":"type-product","3":"status-publish","4":"has-post-thumbnail","6":"product_cat-itoh-hybriden","8":"first","9":"instock","10":"sale","11":"taxable","12":"shipping-taxable","13":"purchasable","14":"product-type-simple"},"featured_image_urls":{"full":["https:\/\/pfingstrosen-paradies.de\/wp-content\/uploads\/New-Millennium-1.jpg",1200,1011,false],"thumbnail":["https:\/\/pfingstrosen-paradies.de\/wp-content\/uploads\/New-Millennium-1-150x150.jpg",150,150,true],"medium":["https:\/\/pfingstrosen-paradies.de\/wp-content\/uploads\/New-Millennium-1-300x253.jpg",300,253,true],"medium_large":["https:\/\/pfingstrosen-paradies.de\/wp-content\/uploads\/New-Millennium-1-768x647.jpg",768,647,true],"large":["https:\/\/pfingstrosen-paradies.de\/wp-content\/uploads\/New-Millennium-1-1024x863.jpg",1024,863,true],"1536x1536":["https:\/\/pfingstrosen-paradies.de\/wp-content\/uploads\/New-Millennium-1.jpg",1200,1011,false],"2048x2048":["https:\/\/pfingstrosen-paradies.de\/wp-content\/uploads\/New-Millennium-1.jpg",1200,1011,false],"trp-custom-language-flag":["https:\/\/pfingstrosen-paradies.de\/wp-content\/uploads\/New-Millennium-1-14x12.jpg",14,12,true],"ptam-block-post-grid-landscape":["https:\/\/pfingstrosen-paradies.de\/wp-content\/uploads\/New-Millennium-1-600x400.jpg",600,400,true],"ptam-block-post-grid-square":["https:\/\/pfingstrosen-paradies.de\/wp-content\/uploads\/New-Millennium-1-600x600.jpg",600,600,true],"ptam-block-post-grid-featured-landscape":["https:\/\/pfingstrosen-paradies.de\/wp-content\/uploads\/New-Millennium-1-1000x600.jpg",1000,600,true],"woocommerce_archive_thumbnail":["https:\/\/pfingstrosen-paradies.de\/wp-content\/uploads\/New-Millennium-1-400x350.jpg",400,350,true],"woocommerce_thumbnail":["https:\/\/pfingstrosen-paradies.de\/wp-content\/uploads\/New-Millennium-1-400x350.jpg",400,350,true],"woocommerce_single":["https:\/\/pfingstrosen-paradies.de\/wp-content\/uploads\/New-Millennium-1.jpg",1200,1011,false],"woocommerce_gallery_thumbnail":["https:\/\/pfingstrosen-paradies.de\/wp-content\/uploads\/New-Millennium-1-100x100.jpg",100,100,true]},"post_excerpt_stackable":"<p>Mit &#8218;New Millennium&#8216; beginnt wahrlich ein neues Zeitalter der intersektionellen Hybriden! Die auff\u00e4llig korall-rosanen Farben, die an die Bl\u00fcten der bekannten Staude &#8218;Coral Charm&#8218; erinnern, suchte man in dieser Pfingstrosengruppe bislang vergebens. Diese Z\u00fcchtung von Roger Anderson ist wie alle Itohs absolut standfest und eine der Pfingstrosen mit der l\u00e4ngsten Bl\u00fctezeit. Die lachsfarbenen, halb gef\u00fcllten Bl\u00fcten haben eine enorme Strahlkraft und bleichen im Verlauf leicht aus. Die Pflanze wird ca. 80 cm hoch, mit buschigem Wuchs und bildet zudem zahlreiche Seitenknospen aus. Diese sehr bl\u00fchfreudige Sorte ist noch eine echte Rarit\u00e4t und z.Z. noch nur in sehr geringer St\u00fcckzhal erh\u00e4ltlich.&hellip;<\/p>\n","category_list":"","author_info":{"name":"","url":""},"comments_num":"0 comments","featured_image_urls_v2":{"full":["https:\/\/pfingstrosen-paradies.de\/wp-content\/uploads\/New-Millennium-1.jpg",1200,1011,false],"thumbnail":["https:\/\/pfingstrosen-paradies.de\/wp-content\/uploads\/New-Millennium-1-150x150.jpg",150,150,true],"medium":["https:\/\/pfingstrosen-paradies.de\/wp-content\/uploads\/New-Millennium-1-300x253.jpg",300,253,true],"medium_large":["https:\/\/pfingstrosen-paradies.de\/wp-content\/uploads\/New-Millennium-1-768x647.jpg",768,647,true],"large":["https:\/\/pfingstrosen-paradies.de\/wp-content\/uploads\/New-Millennium-1-1024x863.jpg",1024,863,true],"1536x1536":["https:\/\/pfingstrosen-paradies.de\/wp-content\/uploads\/New-Millennium-1.jpg",1200,1011,false],"2048x2048":["https:\/\/pfingstrosen-paradies.de\/wp-content\/uploads\/New-Millennium-1.jpg",1200,1011,false],"trp-custom-language-flag":["https:\/\/pfingstrosen-paradies.de\/wp-content\/uploads\/New-Millennium-1-14x12.jpg",14,12,true],"ptam-block-post-grid-landscape":["https:\/\/pfingstrosen-paradies.de\/wp-content\/uploads\/New-Millennium-1-600x400.jpg",600,400,true],"ptam-block-post-grid-square":["https:\/\/pfingstrosen-paradies.de\/wp-content\/uploads\/New-Millennium-1-600x600.jpg",600,600,true],"ptam-block-post-grid-featured-landscape":["https:\/\/pfingstrosen-paradies.de\/wp-content\/uploads\/New-Millennium-1-1000x600.jpg",1000,600,true],"woocommerce_archive_thumbnail":["https:\/\/pfingstrosen-paradies.de\/wp-content\/uploads\/New-Millennium-1-400x350.jpg",400,350,true],"woocommerce_thumbnail":["https:\/\/pfingstrosen-paradies.de\/wp-content\/uploads\/New-Millennium-1-400x350.jpg",400,350,true],"woocommerce_single":["https:\/\/pfingstrosen-paradies.de\/wp-content\/uploads\/New-Millennium-1.jpg",1200,1011,false],"woocommerce_gallery_thumbnail":["https:\/\/pfingstrosen-paradies.de\/wp-content\/uploads\/New-Millennium-1-100x100.jpg",100,100,true]},"post_excerpt_stackable_v2":"<p>Mit &#8218;New Millennium&#8216; beginnt wahrlich ein neues Zeitalter der intersektionellen Hybriden! Die auff\u00e4llig korall-rosanen Farben, die an die Bl\u00fcten der bekannten Staude &#8218;Coral Charm&#8218; erinnern, suchte man in dieser Pfingstrosengruppe bislang vergebens. Diese Z\u00fcchtung von Roger Anderson ist wie alle Itohs absolut standfest und eine der Pfingstrosen mit der l\u00e4ngsten Bl\u00fctezeit. Die lachsfarbenen, halb gef\u00fcllten Bl\u00fcten haben eine enorme Strahlkraft und bleichen im Verlauf leicht aus. Die Pflanze wird ca. 80 cm hoch, mit buschigem Wuchs und bildet zudem zahlreiche Seitenknospen aus. Diese sehr bl\u00fchfreudige Sorte ist noch eine echte Rarit\u00e4t und z.Z. noch nur in sehr geringer St\u00fcckzhal erh\u00e4ltlich.&hellip;<\/p>\n","category_list_v2":"","author_info_v2":{"name":"","url":""},"comments_num_v2":"0 comments","yoast_head":"<!-- This site is optimized with the Yoast SEO plugin v27.3 - https:\/\/yoast.com\/product\/yoast-seo-wordpress\/ -->\n<title>Paeonia &#039;New Millennium&#039; | Pfingstrosen-Paradies Tetzlaff<\/title>\n<meta name=\"description\" content=\"Itoh-Hybriden | Mit &#039;New Millennium&#039; beginnt wahrlich ein neues Zeitalter der intersektionellen Hybriden! Die auff\u00e4llig korall-rosanen Farben, die an die Bl\u00fcten der\" \/>\n<meta name=\"robots\" content=\"index, follow, max-snippet:-1, max-image-preview:large, max-video-preview:-1\" \/>\n<link rel=\"canonical\" href=\"https:\/\/pfingstrosen-paradies.de\/en\/shop\/itoh-hybriden\/new-millennium\/\" \/>\n<meta property=\"og:locale\" content=\"en_GB\" \/>\n<meta property=\"og:type\" content=\"article\" \/>\n<meta property=\"og:title\" content=\"Paeonia &#039;New Millennium&#039; | Pfingstrosen-Paradies Tetzlaff\" \/>\n<meta property=\"og:description\" content=\"Itoh-Hybriden | Mit &#039;New Millennium&#039; beginnt wahrlich ein neues Zeitalter der intersektionellen Hybriden! Die auff\u00e4llig korall-rosanen Farben, die an die Bl\u00fcten der\" \/>\n<meta property=\"og:url\" content=\"https:\/\/pfingstrosen-paradies.de\/en\/shop\/itoh-hybriden\/new-millennium\/\" \/>\n<meta property=\"og:site_name\" content=\"Pfingstrosen-Paradies\" \/>\n<meta property=\"article:modified_time\" content=\"2026-04-26T17:45:29+00:00\" \/>\n<meta property=\"og:image\" content=\"https:\/\/pfingstrosen-paradies.de\/wp-content\/uploads\/New-Millennium-1.jpg\" \/>\n\t<meta property=\"og:image:width\" content=\"1200\" \/>\n\t<meta property=\"og:image:height\" content=\"1011\" \/>\n\t<meta property=\"og:image:type\" content=\"image\/jpeg\" \/>\n<meta name=\"twitter:card\" content=\"summary_large_image\" \/>\n<meta name=\"twitter:label1\" content=\"Estimated reading time\" \/>\n\t<meta name=\"twitter:data1\" content=\"1 minute\" \/>\n<script type=\"application\/ld+json\" class=\"yoast-schema-graph\">{\"@context\":\"https:\\\/\\\/schema.org\",\"@graph\":[{\"@type\":\"WebPage\",\"@id\":\"https:\\\/\\\/pfingstrosen-paradies.de\\\/shop\\\/itoh-hybriden\\\/new-millennium\\\/\",\"url\":\"https:\\\/\\\/pfingstrosen-paradies.de\\\/shop\\\/itoh-hybriden\\\/new-millennium\\\/\",\"name\":\"Paeonia 'New Millennium' | Pfingstrosen-Paradies Tetzlaff\",\"isPartOf\":{\"@id\":\"https:\\\/\\\/pfingstrosen-paradies.de\\\/#website\"},\"primaryImageOfPage\":{\"@id\":\"https:\\\/\\\/pfingstrosen-paradies.de\\\/shop\\\/itoh-hybriden\\\/new-millennium\\\/#primaryimage\"},\"image\":{\"@id\":\"https:\\\/\\\/pfingstrosen-paradies.de\\\/shop\\\/itoh-hybriden\\\/new-millennium\\\/#primaryimage\"},\"thumbnailUrl\":\"https:\\\/\\\/pfingstrosen-paradies.de\\\/wp-content\\\/uploads\\\/New-Millennium-1.jpg\",\"datePublished\":\"2021-12-25T12:52:38+00:00\",\"dateModified\":\"2026-04-26T17:45:29+00:00\",\"description\":\"Itoh-Hybriden | Mit 'New Millennium' beginnt wahrlich ein neues Zeitalter der intersektionellen Hybriden! Die auff\u00e4llig korall-rosanen Farben, die an die Bl\u00fcten der\",\"breadcrumb\":{\"@id\":\"https:\\\/\\\/pfingstrosen-paradies.de\\\/shop\\\/itoh-hybriden\\\/new-millennium\\\/#breadcrumb\"},\"inLanguage\":\"en-GB\",\"potentialAction\":[{\"@type\":\"ReadAction\",\"target\":[\"https:\\\/\\\/pfingstrosen-paradies.de\\\/shop\\\/itoh-hybriden\\\/new-millennium\\\/\"]}]},{\"@type\":\"ImageObject\",\"inLanguage\":\"en-GB\",\"@id\":\"https:\\\/\\\/pfingstrosen-paradies.de\\\/shop\\\/itoh-hybriden\\\/new-millennium\\\/#primaryimage\",\"url\":\"https:\\\/\\\/pfingstrosen-paradies.de\\\/wp-content\\\/uploads\\\/New-Millennium-1.jpg\",\"contentUrl\":\"https:\\\/\\\/pfingstrosen-paradies.de\\\/wp-content\\\/uploads\\\/New-Millennium-1.jpg\",\"width\":1200,\"height\":1011,\"caption\":\"New Millennium\"},{\"@type\":\"BreadcrumbList\",\"@id\":\"https:\\\/\\\/pfingstrosen-paradies.de\\\/shop\\\/itoh-hybriden\\\/new-millennium\\\/#breadcrumb\",\"itemListElement\":[{\"@type\":\"ListItem\",\"position\":1,\"name\":\"Start\",\"item\":\"https:\\\/\\\/pfingstrosen-paradies.de\\\/\"},{\"@type\":\"ListItem\",\"position\":2,\"name\":\"Shop\",\"item\":\"https:\\\/\\\/pfingstrosen-paradies.de\\\/shop\\\/\"},{\"@type\":\"ListItem\",\"position\":3,\"name\":\"New Millennium\"}]},{\"@type\":\"WebSite\",\"@id\":\"https:\\\/\\\/pfingstrosen-paradies.de\\\/#website\",\"url\":\"https:\\\/\\\/pfingstrosen-paradies.de\\\/\",\"name\":\"Pfingstrosen-Paradies\",\"description\":\"Fachg\u00e4rtnerei f\u00fcr Pfingstrosen\",\"publisher\":{\"@id\":\"https:\\\/\\\/pfingstrosen-paradies.de\\\/#organization\"},\"potentialAction\":[{\"@type\":\"SearchAction\",\"target\":{\"@type\":\"EntryPoint\",\"urlTemplate\":\"https:\\\/\\\/pfingstrosen-paradies.de\\\/?s={search_term_string}\"},\"query-input\":{\"@type\":\"PropertyValueSpecification\",\"valueRequired\":true,\"valueName\":\"search_term_string\"}}],\"inLanguage\":\"en-GB\"},{\"@type\":\"Organization\",\"@id\":\"https:\\\/\\\/pfingstrosen-paradies.de\\\/#organization\",\"name\":\"Pfingstrosen-Paradies\",\"url\":\"https:\\\/\\\/pfingstrosen-paradies.de\\\/\",\"logo\":{\"@type\":\"ImageObject\",\"inLanguage\":\"en-GB\",\"@id\":\"https:\\\/\\\/pfingstrosen-paradies.de\\\/#\\\/schema\\\/logo\\\/image\\\/\",\"url\":\"https:\\\/\\\/pfingstrosen-paradies.de\\\/wp-content\\\/uploads\\\/2021\\\/02\\\/logo-pfingstrosen.png\",\"contentUrl\":\"https:\\\/\\\/pfingstrosen-paradies.de\\\/wp-content\\\/uploads\\\/2021\\\/02\\\/logo-pfingstrosen.png\",\"width\":1568,\"height\":366,\"caption\":\"Pfingstrosen-Paradies\"},\"image\":{\"@id\":\"https:\\\/\\\/pfingstrosen-paradies.de\\\/#\\\/schema\\\/logo\\\/image\\\/\"}}]}<\/script>\n<!-- \/ Yoast SEO plugin. -->","yoast_head_json":{"title":"Paeonia 'New Millennium' | Pfingstrosen-Paradies Tetzlaff","description":"Itoh-Hybriden | Mit 'New Millennium' beginnt wahrlich ein neues Zeitalter der intersektionellen Hybriden! Die auff\u00e4llig korall-rosanen Farben, die an die Bl\u00fcten der","robots":{"index":"index","follow":"follow","max-snippet":"max-snippet:-1","max-image-preview":"max-image-preview:large","max-video-preview":"max-video-preview:-1"},"canonical":"https:\/\/pfingstrosen-paradies.de\/en\/shop\/itoh-hybriden\/new-millennium\/","og_locale":"en_GB","og_type":"article","og_title":"Paeonia 'New Millennium' | Pfingstrosen-Paradies Tetzlaff","og_description":"Itoh-Hybriden | Mit 'New Millennium' beginnt wahrlich ein neues Zeitalter der intersektionellen Hybriden! Die auff\u00e4llig korall-rosanen Farben, die an die Bl\u00fcten der","og_url":"https:\/\/pfingstrosen-paradies.de\/en\/shop\/itoh-hybriden\/new-millennium\/","og_site_name":"Pfingstrosen-Paradies","article_modified_time":"2026-04-26T17:45:29+00:00","og_image":[{"width":1200,"height":1011,"url":"https:\/\/pfingstrosen-paradies.de\/wp-content\/uploads\/New-Millennium-1.jpg","type":"image\/jpeg"}],"twitter_card":"summary_large_image","twitter_misc":{"Estimated reading time":"1 minute"},"schema":{"@context":"https:\/\/schema.org","@graph":[{"@type":"WebPage","@id":"https:\/\/pfingstrosen-paradies.de\/shop\/itoh-hybriden\/new-millennium\/","url":"https:\/\/pfingstrosen-paradies.de\/shop\/itoh-hybriden\/new-millennium\/","name":"Paeonia 'New Millennium' | Pfingstrosen-Paradies Tetzlaff","isPartOf":{"@id":"https:\/\/pfingstrosen-paradies.de\/#website"},"primaryImageOfPage":{"@id":"https:\/\/pfingstrosen-paradies.de\/shop\/itoh-hybriden\/new-millennium\/#primaryimage"},"image":{"@id":"https:\/\/pfingstrosen-paradies.de\/shop\/itoh-hybriden\/new-millennium\/#primaryimage"},"thumbnailUrl":"https:\/\/pfingstrosen-paradies.de\/wp-content\/uploads\/New-Millennium-1.jpg","datePublished":"2021-12-25T12:52:38+00:00","dateModified":"2026-04-26T17:45:29+00:00","description":"Itoh-Hybriden | Mit 'New Millennium' beginnt wahrlich ein neues Zeitalter der intersektionellen Hybriden! Die auff\u00e4llig korall-rosanen Farben, die an die Bl\u00fcten der","breadcrumb":{"@id":"https:\/\/pfingstrosen-paradies.de\/shop\/itoh-hybriden\/new-millennium\/#breadcrumb"},"inLanguage":"en-GB","potentialAction":[{"@type":"ReadAction","target":["https:\/\/pfingstrosen-paradies.de\/shop\/itoh-hybriden\/new-millennium\/"]}]},{"@type":"ImageObject","inLanguage":"en-GB","@id":"https:\/\/pfingstrosen-paradies.de\/shop\/itoh-hybriden\/new-millennium\/#primaryimage","url":"https:\/\/pfingstrosen-paradies.de\/wp-content\/uploads\/New-Millennium-1.jpg","contentUrl":"https:\/\/pfingstrosen-paradies.de\/wp-content\/uploads\/New-Millennium-1.jpg","width":1200,"height":1011,"caption":"New Millennium"},{"@type":"BreadcrumbList","@id":"https:\/\/pfingstrosen-paradies.de\/shop\/itoh-hybriden\/new-millennium\/#breadcrumb","itemListElement":[{"@type":"ListItem","position":1,"name":"Start","item":"https:\/\/pfingstrosen-paradies.de\/"},{"@type":"ListItem","position":2,"name":"Shop","item":"https:\/\/pfingstrosen-paradies.de\/shop\/"},{"@type":"ListItem","position":3,"name":"New Millennium"}]},{"@type":"WebSite","@id":"https:\/\/pfingstrosen-paradies.de\/#website","url":"https:\/\/pfingstrosen-paradies.de\/","name":"Pfingstrosen-Paradies","description":"Fachg\u00e4rtnerei f\u00fcr Pfingstrosen","publisher":{"@id":"https:\/\/pfingstrosen-paradies.de\/#organization"},"potentialAction":[{"@type":"SearchAction","target":{"@type":"EntryPoint","urlTemplate":"https:\/\/pfingstrosen-paradies.de\/?s={search_term_string}"},"query-input":{"@type":"PropertyValueSpecification","valueRequired":true,"valueName":"search_term_string"}}],"inLanguage":"en-GB"},{"@type":"Organization","@id":"https:\/\/pfingstrosen-paradies.de\/#organization","name":"Pfingstrosen-Paradies","url":"https:\/\/pfingstrosen-paradies.de\/","logo":{"@type":"ImageObject","inLanguage":"en-GB","@id":"https:\/\/pfingstrosen-paradies.de\/#\/schema\/logo\/image\/","url":"https:\/\/pfingstrosen-paradies.de\/wp-content\/uploads\/2021\/02\/logo-pfingstrosen.png","contentUrl":"https:\/\/pfingstrosen-paradies.de\/wp-content\/uploads\/2021\/02\/logo-pfingstrosen.png","width":1568,"height":366,"caption":"Pfingstrosen-Paradies"},"image":{"@id":"https:\/\/pfingstrosen-paradies.de\/#\/schema\/logo\/image\/"}}]}},"_links":{"self":[{"href":"https:\/\/pfingstrosen-paradies.de\/en\/wp-json\/wp\/v2\/product\/2487","targetHints":{"allow":["GET"]}}],"collection":[{"href":"https:\/\/pfingstrosen-paradies.de\/en\/wp-json\/wp\/v2\/product"}],"about":[{"href":"https:\/\/pfingstrosen-paradies.de\/en\/wp-json\/wp\/v2\/types\/product"}],"wp:featuredmedia":[{"embeddable":true,"href":"https:\/\/pfingstrosen-paradies.de\/en\/wp-json\/wp\/v2\/media\/2569"}],"wp:attachment":[{"href":"https:\/\/pfingstrosen-paradies.de\/en\/wp-json\/wp\/v2\/media?parent=2487"}],"wp:term":[{"taxonomy":"product_brand","embeddable":true,"href":"https:\/\/pfingstrosen-paradies.de\/en\/wp-json\/wp\/v2\/product_brand?post=2487"},{"taxonomy":"product_cat","embeddable":true,"href":"https:\/\/pfingstrosen-paradies.de\/en\/wp-json\/wp\/v2\/product_cat?post=2487"},{"taxonomy":"product_tag","embeddable":true,"href":"https:\/\/pfingstrosen-paradies.de\/en\/wp-json\/wp\/v2\/product_tag?post=2487"}],"curies":[{"name":"wp","href":"https:\/\/api.w.org\/{rel}","templated":true}]}}