{"id":2495,"date":"2021-12-25T14:01:13","date_gmt":"2021-12-25T13:01:13","guid":{"rendered":"https:\/\/pfingstrosen-paradies.de\/?post_type=product&#038;p=2495"},"modified":"2026-03-19T08:51:21","modified_gmt":"2026-03-19T07:51:21","slug":"pink-fairy","status":"publish","type":"product","link":"https:\/\/pfingstrosen-paradies.de\/en\/shop\/baumpaeonien\/lutea-hybriden\/pink-fairy\/","title":{"rendered":"Pink Fairy"},"content":{"rendered":"<p>australische Z\u00fcchtung gekreuzt aus Lutea Hybride <a href=\"https:\/\/pfingstrosen-paradies.de\/en\/strauchpfingstrose-lutea-hybride-prince-william\/\">Prince William<\/a> x rotem Staudenpollenmix; Bl\u00fcte in Normalgr\u00f6\u00dfe und nicht so gro\u00df wie bei den F1-Itohs, aber dennoch eine aufrechte Bl\u00fctenstellung wie f\u00fcr Itos typisch. Pink Fairy hat f\u00fcr eine Itoh einen untypisch stark ausgepr\u00e4gten Holzanteil, und wirkt daher fasst wie eine kleine Strauchp\u00e4onie und bl\u00fcht zudem ausgesprochen fr\u00fch, sogar noch vor den <a href=\"https:\/\/pfingstrosen-paradies.de\/en\/suffruticosa-strauchpaeonie-beschreibung\/\">japanischen Suffruticosa<\/a>, Aus diesen Gr\u00fcnden ist es schwierig zu sagen, ob man &#8218;Pink Fairy&#8216; als echte Itoh bezeichnen kann, oder es doch eher als Lutea-Hybride gilt. Nichtsdestotrotz ist sie eine \u00e4u\u00dferst beeindruckende, kompakte und fr\u00fch bl\u00fchende Sorte! H\u00f6he 60-70 cm. Das von den Baump\u00e4onien \u00fcbernommene Laub hat auch nach der Bl\u00fcte einen Zierwert als Blattschmuckstaude. Je nach Witterungsverlauf im Herbst gibt es durchaus eine Herbstf\u00e4rbung der Laubbl\u00e4tter. Durchmesser der Bl\u00fcte: 15 cm<\/p>","protected":false},"excerpt":{"rendered":"<p>australische Z\u00fcchtung gekreuzt aus Lutea Hybride Prince William x rotem Staudenpollenmix; Bl\u00fcte in Normalgr\u00f6\u00dfe und nicht so gro\u00df wie bei den F1-Itohs, aber dennoch eine aufrechte Bl\u00fctenstellung wie f\u00fcr Itos typisch. Pink Fairy hat f\u00fcr eine Itoh einen untypisch stark ausgepr\u00e4gten Holzanteil, und wirkt daher fasst wie eine kleine Strauchp\u00e4onie und bl\u00fcht zudem ausgesprochen fr\u00fch, [&hellip;]<\/p>\n","protected":false},"featured_media":2611,"template":"","meta":[],"product_brand":[],"product_cat":[105,36],"product_tag":[],"class_list":{"0":"post-2495","1":"product","2":"type-product","3":"status-publish","4":"has-post-thumbnail","6":"product_cat-itoh-hybriden","7":"product_cat-lutea-hybriden","9":"first","10":"instock","11":"taxable","12":"shipping-taxable","13":"purchasable","14":"product-type-simple"},"featured_image_urls":{"full":["https:\/\/pfingstrosen-paradies.de\/wp-content\/uploads\/Pink-Fairy-2-2.jpg",1200,968,false],"thumbnail":["https:\/\/pfingstrosen-paradies.de\/wp-content\/uploads\/Pink-Fairy-2-2-150x150.jpg",150,150,true],"medium":["https:\/\/pfingstrosen-paradies.de\/wp-content\/uploads\/Pink-Fairy-2-2-300x242.jpg",300,242,true],"medium_large":["https:\/\/pfingstrosen-paradies.de\/wp-content\/uploads\/Pink-Fairy-2-2-768x620.jpg",768,620,true],"large":["https:\/\/pfingstrosen-paradies.de\/wp-content\/uploads\/Pink-Fairy-2-2-1024x826.jpg",1024,826,true],"1536x1536":["https:\/\/pfingstrosen-paradies.de\/wp-content\/uploads\/Pink-Fairy-2-2.jpg",1200,968,false],"2048x2048":["https:\/\/pfingstrosen-paradies.de\/wp-content\/uploads\/Pink-Fairy-2-2.jpg",1200,968,false],"trp-custom-language-flag":["https:\/\/pfingstrosen-paradies.de\/wp-content\/uploads\/Pink-Fairy-2-2-15x12.jpg",15,12,true],"ptam-block-post-grid-landscape":["https:\/\/pfingstrosen-paradies.de\/wp-content\/uploads\/Pink-Fairy-2-2-600x400.jpg",600,400,true],"ptam-block-post-grid-square":["https:\/\/pfingstrosen-paradies.de\/wp-content\/uploads\/Pink-Fairy-2-2-600x600.jpg",600,600,true],"ptam-block-post-grid-featured-landscape":["https:\/\/pfingstrosen-paradies.de\/wp-content\/uploads\/Pink-Fairy-2-2-1000x600.jpg",1000,600,true],"woocommerce_archive_thumbnail":["https:\/\/pfingstrosen-paradies.de\/wp-content\/uploads\/Pink-Fairy-2-2-400x350.jpg",400,350,true],"woocommerce_thumbnail":["https:\/\/pfingstrosen-paradies.de\/wp-content\/uploads\/Pink-Fairy-2-2-400x350.jpg",400,350,true],"woocommerce_single":["https:\/\/pfingstrosen-paradies.de\/wp-content\/uploads\/Pink-Fairy-2-2.jpg",1200,968,false],"woocommerce_gallery_thumbnail":["https:\/\/pfingstrosen-paradies.de\/wp-content\/uploads\/Pink-Fairy-2-2-100x100.jpg",100,100,true]},"post_excerpt_stackable":"<p>australische Z\u00fcchtung gekreuzt aus Lutea Hybride Prince William x rotem Staudenpollenmix; Bl\u00fcte in Normalgr\u00f6\u00dfe und nicht so gro\u00df wie bei den F1-Itohs, aber dennoch eine aufrechte Bl\u00fctenstellung wie f\u00fcr Itos typisch. Pink Fairy hat f\u00fcr eine Itoh einen untypisch stark ausgepr\u00e4gten Holzanteil, und wirkt daher fasst wie eine kleine Strauchp\u00e4onie und bl\u00fcht zudem ausgesprochen fr\u00fch, sogar noch vor den japanischen Suffruticosa, Aus diesen Gr\u00fcnden ist es schwierig zu sagen, ob man &#8218;Pink Fairy&#8216; als echte Itoh bezeichnen kann, oder es doch eher als Lutea-Hybride gilt. Nichtsdestotrotz ist sie eine \u00e4u\u00dferst beeindruckende, kompakte und fr\u00fch bl\u00fchende Sorte! H\u00f6he 60-70 cm. Das&hellip;<\/p>\n","category_list":"","author_info":{"name":"","url":""},"comments_num":"0 comments","featured_image_urls_v2":{"full":["https:\/\/pfingstrosen-paradies.de\/wp-content\/uploads\/Pink-Fairy-2-2.jpg",1200,968,false],"thumbnail":["https:\/\/pfingstrosen-paradies.de\/wp-content\/uploads\/Pink-Fairy-2-2-150x150.jpg",150,150,true],"medium":["https:\/\/pfingstrosen-paradies.de\/wp-content\/uploads\/Pink-Fairy-2-2-300x242.jpg",300,242,true],"medium_large":["https:\/\/pfingstrosen-paradies.de\/wp-content\/uploads\/Pink-Fairy-2-2-768x620.jpg",768,620,true],"large":["https:\/\/pfingstrosen-paradies.de\/wp-content\/uploads\/Pink-Fairy-2-2-1024x826.jpg",1024,826,true],"1536x1536":["https:\/\/pfingstrosen-paradies.de\/wp-content\/uploads\/Pink-Fairy-2-2.jpg",1200,968,false],"2048x2048":["https:\/\/pfingstrosen-paradies.de\/wp-content\/uploads\/Pink-Fairy-2-2.jpg",1200,968,false],"trp-custom-language-flag":["https:\/\/pfingstrosen-paradies.de\/wp-content\/uploads\/Pink-Fairy-2-2-15x12.jpg",15,12,true],"ptam-block-post-grid-landscape":["https:\/\/pfingstrosen-paradies.de\/wp-content\/uploads\/Pink-Fairy-2-2-600x400.jpg",600,400,true],"ptam-block-post-grid-square":["https:\/\/pfingstrosen-paradies.de\/wp-content\/uploads\/Pink-Fairy-2-2-600x600.jpg",600,600,true],"ptam-block-post-grid-featured-landscape":["https:\/\/pfingstrosen-paradies.de\/wp-content\/uploads\/Pink-Fairy-2-2-1000x600.jpg",1000,600,true],"woocommerce_archive_thumbnail":["https:\/\/pfingstrosen-paradies.de\/wp-content\/uploads\/Pink-Fairy-2-2-400x350.jpg",400,350,true],"woocommerce_thumbnail":["https:\/\/pfingstrosen-paradies.de\/wp-content\/uploads\/Pink-Fairy-2-2-400x350.jpg",400,350,true],"woocommerce_single":["https:\/\/pfingstrosen-paradies.de\/wp-content\/uploads\/Pink-Fairy-2-2.jpg",1200,968,false],"woocommerce_gallery_thumbnail":["https:\/\/pfingstrosen-paradies.de\/wp-content\/uploads\/Pink-Fairy-2-2-100x100.jpg",100,100,true]},"post_excerpt_stackable_v2":"<p>australische Z\u00fcchtung gekreuzt aus Lutea Hybride Prince William x rotem Staudenpollenmix; Bl\u00fcte in Normalgr\u00f6\u00dfe und nicht so gro\u00df wie bei den F1-Itohs, aber dennoch eine aufrechte Bl\u00fctenstellung wie f\u00fcr Itos typisch. Pink Fairy hat f\u00fcr eine Itoh einen untypisch stark ausgepr\u00e4gten Holzanteil, und wirkt daher fasst wie eine kleine Strauchp\u00e4onie und bl\u00fcht zudem ausgesprochen fr\u00fch, sogar noch vor den japanischen Suffruticosa, Aus diesen Gr\u00fcnden ist es schwierig zu sagen, ob man &#8218;Pink Fairy&#8216; als echte Itoh bezeichnen kann, oder es doch eher als Lutea-Hybride gilt. Nichtsdestotrotz ist sie eine \u00e4u\u00dferst beeindruckende, kompakte und fr\u00fch bl\u00fchende Sorte! H\u00f6he 60-70 cm. Das&hellip;<\/p>\n","category_list_v2":"","author_info_v2":{"name":"","url":""},"comments_num_v2":"0 comments","yoast_head":"<!-- This site is optimized with the Yoast SEO plugin v27.1.1 - https:\/\/yoast.com\/product\/yoast-seo-wordpress\/ -->\n<title>Paeonia &#039;Pink Fairy&#039; | Pfingstrosen-Paradies Tetzlaff<\/title>\n<meta name=\"description\" content=\"Itoh-Hybriden, Lutea-Hybriden | australische Z\u00fcchtung gekreuzt aus Lutea Hybride Prince William x rotem Staudenpollenmix; Bl\u00fcte in Normalgr\u00f6\u00dfe und nicht so gro\u00df wie bei den F1-Itohs,\" \/>\n<meta name=\"robots\" content=\"index, follow, max-snippet:-1, max-image-preview:large, max-video-preview:-1\" \/>\n<link rel=\"canonical\" href=\"https:\/\/pfingstrosen-paradies.de\/en\/shop\/baumpaeonien\/lutea-hybriden\/pink-fairy\/\" \/>\n<meta property=\"og:locale\" content=\"en_GB\" \/>\n<meta property=\"og:type\" content=\"article\" \/>\n<meta property=\"og:title\" content=\"Paeonia &#039;Pink Fairy&#039; | Pfingstrosen-Paradies Tetzlaff\" \/>\n<meta property=\"og:description\" content=\"Itoh-Hybriden, Lutea-Hybriden | australische Z\u00fcchtung gekreuzt aus Lutea Hybride Prince William x rotem Staudenpollenmix; Bl\u00fcte in Normalgr\u00f6\u00dfe und nicht so gro\u00df wie bei den F1-Itohs,\" \/>\n<meta property=\"og:url\" content=\"https:\/\/pfingstrosen-paradies.de\/en\/shop\/baumpaeonien\/lutea-hybriden\/pink-fairy\/\" \/>\n<meta property=\"og:site_name\" content=\"Pfingstrosen-Paradies\" \/>\n<meta property=\"article:modified_time\" content=\"2026-03-19T07:51:21+00:00\" \/>\n<meta property=\"og:image\" content=\"https:\/\/pfingstrosen-paradies.de\/wp-content\/uploads\/Pink-Fairy-2-2.jpg\" \/>\n\t<meta property=\"og:image:width\" content=\"1200\" \/>\n\t<meta property=\"og:image:height\" content=\"968\" \/>\n\t<meta property=\"og:image:type\" content=\"image\/jpeg\" \/>\n<meta name=\"twitter:card\" content=\"summary_large_image\" \/>\n<meta name=\"twitter:label1\" content=\"Estimated reading time\" \/>\n\t<meta name=\"twitter:data1\" content=\"1 minute\" \/>\n<script type=\"application\/ld+json\" class=\"yoast-schema-graph\">{\"@context\":\"https:\/\/schema.org\",\"@graph\":[{\"@type\":\"WebPage\",\"@id\":\"https:\/\/pfingstrosen-paradies.de\/shop\/baumpaeonien\/lutea-hybriden\/pink-fairy\/\",\"url\":\"https:\/\/pfingstrosen-paradies.de\/shop\/baumpaeonien\/lutea-hybriden\/pink-fairy\/\",\"name\":\"Paeonia 'Pink Fairy' | Pfingstrosen-Paradies Tetzlaff\",\"isPartOf\":{\"@id\":\"https:\/\/pfingstrosen-paradies.de\/#website\"},\"primaryImageOfPage\":{\"@id\":\"https:\/\/pfingstrosen-paradies.de\/shop\/baumpaeonien\/lutea-hybriden\/pink-fairy\/#primaryimage\"},\"image\":{\"@id\":\"https:\/\/pfingstrosen-paradies.de\/shop\/baumpaeonien\/lutea-hybriden\/pink-fairy\/#primaryimage\"},\"thumbnailUrl\":\"https:\/\/pfingstrosen-paradies.de\/wp-content\/uploads\/Pink-Fairy-2-2.jpg\",\"datePublished\":\"2021-12-25T13:01:13+00:00\",\"dateModified\":\"2026-03-19T07:51:21+00:00\",\"description\":\"Itoh-Hybriden, Lutea-Hybriden | australische Z\u00fcchtung gekreuzt aus Lutea Hybride Prince William x rotem Staudenpollenmix; Bl\u00fcte in Normalgr\u00f6\u00dfe und nicht so gro\u00df wie bei den F1-Itohs,\",\"breadcrumb\":{\"@id\":\"https:\/\/pfingstrosen-paradies.de\/shop\/baumpaeonien\/lutea-hybriden\/pink-fairy\/#breadcrumb\"},\"inLanguage\":\"en-GB\",\"potentialAction\":[{\"@type\":\"ReadAction\",\"target\":[\"https:\/\/pfingstrosen-paradies.de\/shop\/baumpaeonien\/lutea-hybriden\/pink-fairy\/\"]}]},{\"@type\":\"ImageObject\",\"inLanguage\":\"en-GB\",\"@id\":\"https:\/\/pfingstrosen-paradies.de\/shop\/baumpaeonien\/lutea-hybriden\/pink-fairy\/#primaryimage\",\"url\":\"https:\/\/pfingstrosen-paradies.de\/wp-content\/uploads\/Pink-Fairy-2-2.jpg\",\"contentUrl\":\"https:\/\/pfingstrosen-paradies.de\/wp-content\/uploads\/Pink-Fairy-2-2.jpg\",\"width\":1200,\"height\":968,\"caption\":\"Pink Fairy\"},{\"@type\":\"BreadcrumbList\",\"@id\":\"https:\/\/pfingstrosen-paradies.de\/shop\/baumpaeonien\/lutea-hybriden\/pink-fairy\/#breadcrumb\",\"itemListElement\":[{\"@type\":\"ListItem\",\"position\":1,\"name\":\"Start\",\"item\":\"https:\/\/pfingstrosen-paradies.de\/\"},{\"@type\":\"ListItem\",\"position\":2,\"name\":\"Shop\",\"item\":\"https:\/\/pfingstrosen-paradies.de\/shop\/\"},{\"@type\":\"ListItem\",\"position\":3,\"name\":\"Pink Fairy\"}]},{\"@type\":\"WebSite\",\"@id\":\"https:\/\/pfingstrosen-paradies.de\/#website\",\"url\":\"https:\/\/pfingstrosen-paradies.de\/\",\"name\":\"Pfingstrosen-Paradies\",\"description\":\"Fachg\u00e4rtnerei f\u00fcr Pfingstrosen\",\"publisher\":{\"@id\":\"https:\/\/pfingstrosen-paradies.de\/#organization\"},\"potentialAction\":[{\"@type\":\"SearchAction\",\"target\":{\"@type\":\"EntryPoint\",\"urlTemplate\":\"https:\/\/pfingstrosen-paradies.de\/?s={search_term_string}\"},\"query-input\":{\"@type\":\"PropertyValueSpecification\",\"valueRequired\":true,\"valueName\":\"search_term_string\"}}],\"inLanguage\":\"en-GB\"},{\"@type\":\"Organization\",\"@id\":\"https:\/\/pfingstrosen-paradies.de\/#organization\",\"name\":\"Pfingstrosen-Paradies\",\"url\":\"https:\/\/pfingstrosen-paradies.de\/\",\"logo\":{\"@type\":\"ImageObject\",\"inLanguage\":\"en-GB\",\"@id\":\"https:\/\/pfingstrosen-paradies.de\/#\/schema\/logo\/image\/\",\"url\":\"https:\/\/pfingstrosen-paradies.de\/wp-content\/uploads\/2021\/02\/logo-pfingstrosen.png\",\"contentUrl\":\"https:\/\/pfingstrosen-paradies.de\/wp-content\/uploads\/2021\/02\/logo-pfingstrosen.png\",\"width\":1568,\"height\":366,\"caption\":\"Pfingstrosen-Paradies\"},\"image\":{\"@id\":\"https:\/\/pfingstrosen-paradies.de\/#\/schema\/logo\/image\/\"}}]}<\/script>\n<!-- \/ Yoast SEO plugin. -->","yoast_head_json":{"title":"Paeonia 'Pink Fairy' | Pfingstrosen-Paradies Tetzlaff","description":"Itoh-Hybriden, Lutea-Hybriden | australische Z\u00fcchtung gekreuzt aus Lutea Hybride Prince William x rotem Staudenpollenmix; Bl\u00fcte in Normalgr\u00f6\u00dfe und nicht so gro\u00df wie bei den F1-Itohs,","robots":{"index":"index","follow":"follow","max-snippet":"max-snippet:-1","max-image-preview":"max-image-preview:large","max-video-preview":"max-video-preview:-1"},"canonical":"https:\/\/pfingstrosen-paradies.de\/en\/shop\/baumpaeonien\/lutea-hybriden\/pink-fairy\/","og_locale":"en_GB","og_type":"article","og_title":"Paeonia 'Pink Fairy' | Pfingstrosen-Paradies Tetzlaff","og_description":"Itoh-Hybriden, Lutea-Hybriden | australische Z\u00fcchtung gekreuzt aus Lutea Hybride Prince William x rotem Staudenpollenmix; Bl\u00fcte in Normalgr\u00f6\u00dfe und nicht so gro\u00df wie bei den F1-Itohs,","og_url":"https:\/\/pfingstrosen-paradies.de\/en\/shop\/baumpaeonien\/lutea-hybriden\/pink-fairy\/","og_site_name":"Pfingstrosen-Paradies","article_modified_time":"2026-03-19T07:51:21+00:00","og_image":[{"width":1200,"height":968,"url":"https:\/\/pfingstrosen-paradies.de\/wp-content\/uploads\/Pink-Fairy-2-2.jpg","type":"image\/jpeg"}],"twitter_card":"summary_large_image","twitter_misc":{"Estimated reading time":"1 minute"},"schema":{"@context":"https:\/\/schema.org","@graph":[{"@type":"WebPage","@id":"https:\/\/pfingstrosen-paradies.de\/shop\/baumpaeonien\/lutea-hybriden\/pink-fairy\/","url":"https:\/\/pfingstrosen-paradies.de\/shop\/baumpaeonien\/lutea-hybriden\/pink-fairy\/","name":"Paeonia 'Pink Fairy' | Pfingstrosen-Paradies Tetzlaff","isPartOf":{"@id":"https:\/\/pfingstrosen-paradies.de\/#website"},"primaryImageOfPage":{"@id":"https:\/\/pfingstrosen-paradies.de\/shop\/baumpaeonien\/lutea-hybriden\/pink-fairy\/#primaryimage"},"image":{"@id":"https:\/\/pfingstrosen-paradies.de\/shop\/baumpaeonien\/lutea-hybriden\/pink-fairy\/#primaryimage"},"thumbnailUrl":"https:\/\/pfingstrosen-paradies.de\/wp-content\/uploads\/Pink-Fairy-2-2.jpg","datePublished":"2021-12-25T13:01:13+00:00","dateModified":"2026-03-19T07:51:21+00:00","description":"Itoh-Hybriden, Lutea-Hybriden | australische Z\u00fcchtung gekreuzt aus Lutea Hybride Prince William x rotem Staudenpollenmix; Bl\u00fcte in Normalgr\u00f6\u00dfe und nicht so gro\u00df wie bei den F1-Itohs,","breadcrumb":{"@id":"https:\/\/pfingstrosen-paradies.de\/shop\/baumpaeonien\/lutea-hybriden\/pink-fairy\/#breadcrumb"},"inLanguage":"en-GB","potentialAction":[{"@type":"ReadAction","target":["https:\/\/pfingstrosen-paradies.de\/shop\/baumpaeonien\/lutea-hybriden\/pink-fairy\/"]}]},{"@type":"ImageObject","inLanguage":"en-GB","@id":"https:\/\/pfingstrosen-paradies.de\/shop\/baumpaeonien\/lutea-hybriden\/pink-fairy\/#primaryimage","url":"https:\/\/pfingstrosen-paradies.de\/wp-content\/uploads\/Pink-Fairy-2-2.jpg","contentUrl":"https:\/\/pfingstrosen-paradies.de\/wp-content\/uploads\/Pink-Fairy-2-2.jpg","width":1200,"height":968,"caption":"Pink Fairy"},{"@type":"BreadcrumbList","@id":"https:\/\/pfingstrosen-paradies.de\/shop\/baumpaeonien\/lutea-hybriden\/pink-fairy\/#breadcrumb","itemListElement":[{"@type":"ListItem","position":1,"name":"Start","item":"https:\/\/pfingstrosen-paradies.de\/"},{"@type":"ListItem","position":2,"name":"Shop","item":"https:\/\/pfingstrosen-paradies.de\/shop\/"},{"@type":"ListItem","position":3,"name":"Pink Fairy"}]},{"@type":"WebSite","@id":"https:\/\/pfingstrosen-paradies.de\/#website","url":"https:\/\/pfingstrosen-paradies.de\/","name":"Pfingstrosen-Paradies","description":"Fachg\u00e4rtnerei f\u00fcr Pfingstrosen","publisher":{"@id":"https:\/\/pfingstrosen-paradies.de\/#organization"},"potentialAction":[{"@type":"SearchAction","target":{"@type":"EntryPoint","urlTemplate":"https:\/\/pfingstrosen-paradies.de\/?s={search_term_string}"},"query-input":{"@type":"PropertyValueSpecification","valueRequired":true,"valueName":"search_term_string"}}],"inLanguage":"en-GB"},{"@type":"Organization","@id":"https:\/\/pfingstrosen-paradies.de\/#organization","name":"Pfingstrosen-Paradies","url":"https:\/\/pfingstrosen-paradies.de\/","logo":{"@type":"ImageObject","inLanguage":"en-GB","@id":"https:\/\/pfingstrosen-paradies.de\/#\/schema\/logo\/image\/","url":"https:\/\/pfingstrosen-paradies.de\/wp-content\/uploads\/2021\/02\/logo-pfingstrosen.png","contentUrl":"https:\/\/pfingstrosen-paradies.de\/wp-content\/uploads\/2021\/02\/logo-pfingstrosen.png","width":1568,"height":366,"caption":"Pfingstrosen-Paradies"},"image":{"@id":"https:\/\/pfingstrosen-paradies.de\/#\/schema\/logo\/image\/"}}]}},"_links":{"self":[{"href":"https:\/\/pfingstrosen-paradies.de\/en\/wp-json\/wp\/v2\/product\/2495","targetHints":{"allow":["GET"]}}],"collection":[{"href":"https:\/\/pfingstrosen-paradies.de\/en\/wp-json\/wp\/v2\/product"}],"about":[{"href":"https:\/\/pfingstrosen-paradies.de\/en\/wp-json\/wp\/v2\/types\/product"}],"wp:featuredmedia":[{"embeddable":true,"href":"https:\/\/pfingstrosen-paradies.de\/en\/wp-json\/wp\/v2\/media\/2611"}],"wp:attachment":[{"href":"https:\/\/pfingstrosen-paradies.de\/en\/wp-json\/wp\/v2\/media?parent=2495"}],"wp:term":[{"taxonomy":"product_brand","embeddable":true,"href":"https:\/\/pfingstrosen-paradies.de\/en\/wp-json\/wp\/v2\/product_brand?post=2495"},{"taxonomy":"product_cat","embeddable":true,"href":"https:\/\/pfingstrosen-paradies.de\/en\/wp-json\/wp\/v2\/product_cat?post=2495"},{"taxonomy":"product_tag","embeddable":true,"href":"https:\/\/pfingstrosen-paradies.de\/en\/wp-json\/wp\/v2\/product_tag?post=2495"}],"curies":[{"name":"wp","href":"https:\/\/api.w.org\/{rel}","templated":true}]}}