{"id":2690,"date":"2021-12-26T10:28:32","date_gmt":"2021-12-26T09:28:32","guid":{"rendered":"https:\/\/pfingstrosen-paradies.de\/?post_type=product&#038;p=2690"},"modified":"2026-02-03T21:42:03","modified_gmt":"2026-02-03T20:42:03","slug":"sonoma-kaleidoskope","status":"publish","type":"product","link":"https:\/\/pfingstrosen-paradies.de\/en\/shop\/itoh-hybriden\/sonoma-kaleidoskope\/","title":{"rendered":"Sonoma Kaleidoscope"},"content":{"rendered":"<p>einfache Bl\u00fcten die sich im Aufbl\u00fchen in einem apricot- bis rosafarbenen Ton pr\u00e4sentieren und im sp\u00e4teren Verlauf in ein leuchtendes Gelb \u00fcbergehen. Die Bl\u00fctenbl\u00e4tter sind gefranst und eingebuchtet, was die Bl\u00fcten beim Aufbl\u00fchen ein bi\u00dfchen wie ein loderndes Feuer erscheinen l\u00e4\u00dft. Von diesem Farbspiel in Kombination mit der Form der Bl\u00fctenbl\u00e4tter lie\u00df die Z\u00fcchterin Irene Tolomeo zu diesem Namen inspirieren, H\u00f6he 80-90 cm. Das von den Baump\u00e4onien \u00fcbernommene Laub hat auch nach der Bl\u00fcte einen Zierwert als Blattschmuckstaude. Je nach Witterungsverlauf im Herbst gibt es durchaus eine Herbstf\u00e4rbung der Laubbl\u00e4tter. Durchmesser der Bl\u00fcte: 15 cm<\/p>","protected":false},"excerpt":{"rendered":"<p>einfache Bl\u00fcten die sich im Aufbl\u00fchen in einem apricot- bis rosafarbenen Ton pr\u00e4sentieren und im sp\u00e4teren Verlauf in ein leuchtendes Gelb \u00fcbergehen. Die Bl\u00fctenbl\u00e4tter sind gefranst und eingebuchtet, was die Bl\u00fcten beim Aufbl\u00fchen ein bi\u00dfchen wie ein loderndes Feuer erscheinen l\u00e4\u00dft. Von diesem Farbspiel in Kombination mit der Form der Bl\u00fctenbl\u00e4tter lie\u00df die Z\u00fcchterin Irene [&hellip;]<\/p>\n","protected":false},"featured_media":2692,"template":"","meta":[],"product_brand":[],"product_cat":[105],"product_tag":[],"class_list":{"0":"post-2690","1":"product","2":"type-product","3":"status-publish","4":"has-post-thumbnail","6":"product_cat-itoh-hybriden","8":"first","9":"instock","10":"taxable","11":"shipping-taxable","12":"purchasable","13":"product-type-simple"},"featured_image_urls":{"full":["https:\/\/pfingstrosen-paradies.de\/wp-content\/uploads\/Sonoma-Kaleidoscope2.jpg",1200,900,false],"thumbnail":["https:\/\/pfingstrosen-paradies.de\/wp-content\/uploads\/Sonoma-Kaleidoscope2-150x150.jpg",150,150,true],"medium":["https:\/\/pfingstrosen-paradies.de\/wp-content\/uploads\/Sonoma-Kaleidoscope2-300x225.jpg",300,225,true],"medium_large":["https:\/\/pfingstrosen-paradies.de\/wp-content\/uploads\/Sonoma-Kaleidoscope2-768x576.jpg",768,576,true],"large":["https:\/\/pfingstrosen-paradies.de\/wp-content\/uploads\/Sonoma-Kaleidoscope2-1024x768.jpg",1024,768,true],"1536x1536":["https:\/\/pfingstrosen-paradies.de\/wp-content\/uploads\/Sonoma-Kaleidoscope2.jpg",1200,900,false],"2048x2048":["https:\/\/pfingstrosen-paradies.de\/wp-content\/uploads\/Sonoma-Kaleidoscope2.jpg",1200,900,false],"trp-custom-language-flag":["https:\/\/pfingstrosen-paradies.de\/wp-content\/uploads\/Sonoma-Kaleidoscope2-16x12.jpg",16,12,true],"ptam-block-post-grid-landscape":["https:\/\/pfingstrosen-paradies.de\/wp-content\/uploads\/Sonoma-Kaleidoscope2-600x400.jpg",600,400,true],"ptam-block-post-grid-square":["https:\/\/pfingstrosen-paradies.de\/wp-content\/uploads\/Sonoma-Kaleidoscope2-600x600.jpg",600,600,true],"ptam-block-post-grid-featured-landscape":["https:\/\/pfingstrosen-paradies.de\/wp-content\/uploads\/Sonoma-Kaleidoscope2-1000x600.jpg",1000,600,true],"woocommerce_archive_thumbnail":["https:\/\/pfingstrosen-paradies.de\/wp-content\/uploads\/Sonoma-Kaleidoscope2-400x350.jpg",400,350,true],"woocommerce_thumbnail":["https:\/\/pfingstrosen-paradies.de\/wp-content\/uploads\/Sonoma-Kaleidoscope2-400x350.jpg",400,350,true],"woocommerce_single":["https:\/\/pfingstrosen-paradies.de\/wp-content\/uploads\/Sonoma-Kaleidoscope2.jpg",1200,900,false],"woocommerce_gallery_thumbnail":["https:\/\/pfingstrosen-paradies.de\/wp-content\/uploads\/Sonoma-Kaleidoscope2-100x100.jpg",100,100,true]},"post_excerpt_stackable":"<p>einfache Bl\u00fcten die sich im Aufbl\u00fchen in einem apricot- bis rosafarbenen Ton pr\u00e4sentieren und im sp\u00e4teren Verlauf in ein leuchtendes Gelb \u00fcbergehen. Die Bl\u00fctenbl\u00e4tter sind gefranst und eingebuchtet, was die Bl\u00fcten beim Aufbl\u00fchen ein bi\u00dfchen wie ein loderndes Feuer erscheinen l\u00e4\u00dft. Von diesem Farbspiel in Kombination mit der Form der Bl\u00fctenbl\u00e4tter lie\u00df die Z\u00fcchterin Irene Tolomeo zu diesem Namen inspirieren, H\u00f6he 80-90 cm. Das von den Baump\u00e4onien \u00fcbernommene Laub hat auch nach der Bl\u00fcte einen Zierwert als Blattschmuckstaude. Je nach Witterungsverlauf im Herbst gibt es durchaus eine Herbstf\u00e4rbung der Laubbl\u00e4tter. Durchmesser der Bl\u00fcte: 15 cm<\/p>\n","category_list":"","author_info":{"name":"","url":""},"comments_num":"0 comments","featured_image_urls_v2":{"full":["https:\/\/pfingstrosen-paradies.de\/wp-content\/uploads\/Sonoma-Kaleidoscope2.jpg",1200,900,false],"thumbnail":["https:\/\/pfingstrosen-paradies.de\/wp-content\/uploads\/Sonoma-Kaleidoscope2-150x150.jpg",150,150,true],"medium":["https:\/\/pfingstrosen-paradies.de\/wp-content\/uploads\/Sonoma-Kaleidoscope2-300x225.jpg",300,225,true],"medium_large":["https:\/\/pfingstrosen-paradies.de\/wp-content\/uploads\/Sonoma-Kaleidoscope2-768x576.jpg",768,576,true],"large":["https:\/\/pfingstrosen-paradies.de\/wp-content\/uploads\/Sonoma-Kaleidoscope2-1024x768.jpg",1024,768,true],"1536x1536":["https:\/\/pfingstrosen-paradies.de\/wp-content\/uploads\/Sonoma-Kaleidoscope2.jpg",1200,900,false],"2048x2048":["https:\/\/pfingstrosen-paradies.de\/wp-content\/uploads\/Sonoma-Kaleidoscope2.jpg",1200,900,false],"trp-custom-language-flag":["https:\/\/pfingstrosen-paradies.de\/wp-content\/uploads\/Sonoma-Kaleidoscope2-16x12.jpg",16,12,true],"ptam-block-post-grid-landscape":["https:\/\/pfingstrosen-paradies.de\/wp-content\/uploads\/Sonoma-Kaleidoscope2-600x400.jpg",600,400,true],"ptam-block-post-grid-square":["https:\/\/pfingstrosen-paradies.de\/wp-content\/uploads\/Sonoma-Kaleidoscope2-600x600.jpg",600,600,true],"ptam-block-post-grid-featured-landscape":["https:\/\/pfingstrosen-paradies.de\/wp-content\/uploads\/Sonoma-Kaleidoscope2-1000x600.jpg",1000,600,true],"woocommerce_archive_thumbnail":["https:\/\/pfingstrosen-paradies.de\/wp-content\/uploads\/Sonoma-Kaleidoscope2-400x350.jpg",400,350,true],"woocommerce_thumbnail":["https:\/\/pfingstrosen-paradies.de\/wp-content\/uploads\/Sonoma-Kaleidoscope2-400x350.jpg",400,350,true],"woocommerce_single":["https:\/\/pfingstrosen-paradies.de\/wp-content\/uploads\/Sonoma-Kaleidoscope2.jpg",1200,900,false],"woocommerce_gallery_thumbnail":["https:\/\/pfingstrosen-paradies.de\/wp-content\/uploads\/Sonoma-Kaleidoscope2-100x100.jpg",100,100,true]},"post_excerpt_stackable_v2":"<p>einfache Bl\u00fcten die sich im Aufbl\u00fchen in einem apricot- bis rosafarbenen Ton pr\u00e4sentieren und im sp\u00e4teren Verlauf in ein leuchtendes Gelb \u00fcbergehen. Die Bl\u00fctenbl\u00e4tter sind gefranst und eingebuchtet, was die Bl\u00fcten beim Aufbl\u00fchen ein bi\u00dfchen wie ein loderndes Feuer erscheinen l\u00e4\u00dft. Von diesem Farbspiel in Kombination mit der Form der Bl\u00fctenbl\u00e4tter lie\u00df die Z\u00fcchterin Irene Tolomeo zu diesem Namen inspirieren, H\u00f6he 80-90 cm. Das von den Baump\u00e4onien \u00fcbernommene Laub hat auch nach der Bl\u00fcte einen Zierwert als Blattschmuckstaude. Je nach Witterungsverlauf im Herbst gibt es durchaus eine Herbstf\u00e4rbung der Laubbl\u00e4tter. Durchmesser der Bl\u00fcte: 15 cm<\/p>\n","category_list_v2":"","author_info_v2":{"name":"","url":""},"comments_num_v2":"0 comments","yoast_head":"<!-- This site is optimized with the Yoast SEO plugin v27.5 - https:\/\/yoast.com\/product\/yoast-seo-wordpress\/ -->\n<title>Paeonia &#039;Sonoma Kaleidoscope&#039; | Pfingstrosen-Paradies Tetzlaff<\/title>\n<meta name=\"description\" content=\"Itoh-Hybriden | einfache Bl\u00fcten die sich im Aufbl\u00fchen in einem apricot- bis rosafarbenen Ton pr\u00e4sentieren und im sp\u00e4teren Verlauf in ein leuchtendes Gelb \u00fcbergehen. Die\" \/>\n<meta name=\"robots\" content=\"index, follow, max-snippet:-1, max-image-preview:large, max-video-preview:-1\" \/>\n<link rel=\"canonical\" href=\"https:\/\/pfingstrosen-paradies.de\/en\/shop\/itoh-hybriden\/sonoma-kaleidoskope\/\" \/>\n<meta property=\"og:locale\" content=\"en_GB\" \/>\n<meta property=\"og:type\" content=\"article\" \/>\n<meta property=\"og:title\" content=\"Paeonia &#039;Sonoma Kaleidoscope&#039; | Pfingstrosen-Paradies Tetzlaff\" \/>\n<meta property=\"og:description\" content=\"Itoh-Hybriden | einfache Bl\u00fcten die sich im Aufbl\u00fchen in einem apricot- bis rosafarbenen Ton pr\u00e4sentieren und im sp\u00e4teren Verlauf in ein leuchtendes Gelb \u00fcbergehen. Die\" \/>\n<meta property=\"og:url\" content=\"https:\/\/pfingstrosen-paradies.de\/en\/shop\/itoh-hybriden\/sonoma-kaleidoskope\/\" \/>\n<meta property=\"og:site_name\" content=\"Pfingstrosen-Paradies\" \/>\n<meta property=\"article:modified_time\" content=\"2026-02-03T20:42:03+00:00\" \/>\n<meta property=\"og:image\" content=\"https:\/\/pfingstrosen-paradies.de\/wp-content\/uploads\/Sonoma-Kaleidoscope2.jpg\" \/>\n\t<meta property=\"og:image:width\" content=\"1200\" \/>\n\t<meta property=\"og:image:height\" content=\"900\" \/>\n\t<meta property=\"og:image:type\" content=\"image\/jpeg\" \/>\n<meta name=\"twitter:card\" content=\"summary_large_image\" \/>\n<meta name=\"twitter:label1\" content=\"Estimated reading time\" \/>\n\t<meta name=\"twitter:data1\" content=\"1 minute\" \/>\n<script type=\"application\/ld+json\" class=\"yoast-schema-graph\">{\"@context\":\"https:\\\/\\\/schema.org\",\"@graph\":[{\"@type\":\"WebPage\",\"@id\":\"https:\\\/\\\/pfingstrosen-paradies.de\\\/shop\\\/itoh-hybriden\\\/sonoma-kaleidoskope\\\/\",\"url\":\"https:\\\/\\\/pfingstrosen-paradies.de\\\/shop\\\/itoh-hybriden\\\/sonoma-kaleidoskope\\\/\",\"name\":\"Paeonia 'Sonoma Kaleidoscope' | Pfingstrosen-Paradies Tetzlaff\",\"isPartOf\":{\"@id\":\"https:\\\/\\\/pfingstrosen-paradies.de\\\/#website\"},\"primaryImageOfPage\":{\"@id\":\"https:\\\/\\\/pfingstrosen-paradies.de\\\/shop\\\/itoh-hybriden\\\/sonoma-kaleidoskope\\\/#primaryimage\"},\"image\":{\"@id\":\"https:\\\/\\\/pfingstrosen-paradies.de\\\/shop\\\/itoh-hybriden\\\/sonoma-kaleidoskope\\\/#primaryimage\"},\"thumbnailUrl\":\"https:\\\/\\\/pfingstrosen-paradies.de\\\/wp-content\\\/uploads\\\/Sonoma-Kaleidoscope2.jpg\",\"datePublished\":\"2021-12-26T09:28:32+00:00\",\"dateModified\":\"2026-02-03T20:42:03+00:00\",\"description\":\"Itoh-Hybriden | einfache Bl\u00fcten die sich im Aufbl\u00fchen in einem apricot- bis rosafarbenen Ton pr\u00e4sentieren und im sp\u00e4teren Verlauf in ein leuchtendes Gelb \u00fcbergehen. Die\",\"breadcrumb\":{\"@id\":\"https:\\\/\\\/pfingstrosen-paradies.de\\\/shop\\\/itoh-hybriden\\\/sonoma-kaleidoskope\\\/#breadcrumb\"},\"inLanguage\":\"en-GB\",\"potentialAction\":[{\"@type\":\"ReadAction\",\"target\":[\"https:\\\/\\\/pfingstrosen-paradies.de\\\/shop\\\/itoh-hybriden\\\/sonoma-kaleidoskope\\\/\"]}]},{\"@type\":\"ImageObject\",\"inLanguage\":\"en-GB\",\"@id\":\"https:\\\/\\\/pfingstrosen-paradies.de\\\/shop\\\/itoh-hybriden\\\/sonoma-kaleidoskope\\\/#primaryimage\",\"url\":\"https:\\\/\\\/pfingstrosen-paradies.de\\\/wp-content\\\/uploads\\\/Sonoma-Kaleidoscope2.jpg\",\"contentUrl\":\"https:\\\/\\\/pfingstrosen-paradies.de\\\/wp-content\\\/uploads\\\/Sonoma-Kaleidoscope2.jpg\",\"width\":1200,\"height\":900,\"caption\":\"Sonoma Kaleidoskope\"},{\"@type\":\"BreadcrumbList\",\"@id\":\"https:\\\/\\\/pfingstrosen-paradies.de\\\/shop\\\/itoh-hybriden\\\/sonoma-kaleidoskope\\\/#breadcrumb\",\"itemListElement\":[{\"@type\":\"ListItem\",\"position\":1,\"name\":\"Start\",\"item\":\"https:\\\/\\\/pfingstrosen-paradies.de\\\/\"},{\"@type\":\"ListItem\",\"position\":2,\"name\":\"Shop\",\"item\":\"https:\\\/\\\/pfingstrosen-paradies.de\\\/shop\\\/\"},{\"@type\":\"ListItem\",\"position\":3,\"name\":\"Sonoma Kaleidoscope\"}]},{\"@type\":\"WebSite\",\"@id\":\"https:\\\/\\\/pfingstrosen-paradies.de\\\/#website\",\"url\":\"https:\\\/\\\/pfingstrosen-paradies.de\\\/\",\"name\":\"Pfingstrosen-Paradies\",\"description\":\"Fachg\u00e4rtnerei f\u00fcr Pfingstrosen\",\"publisher\":{\"@id\":\"https:\\\/\\\/pfingstrosen-paradies.de\\\/#organization\"},\"potentialAction\":[{\"@type\":\"SearchAction\",\"target\":{\"@type\":\"EntryPoint\",\"urlTemplate\":\"https:\\\/\\\/pfingstrosen-paradies.de\\\/?s={search_term_string}\"},\"query-input\":{\"@type\":\"PropertyValueSpecification\",\"valueRequired\":true,\"valueName\":\"search_term_string\"}}],\"inLanguage\":\"en-GB\"},{\"@type\":\"Organization\",\"@id\":\"https:\\\/\\\/pfingstrosen-paradies.de\\\/#organization\",\"name\":\"Pfingstrosen-Paradies\",\"url\":\"https:\\\/\\\/pfingstrosen-paradies.de\\\/\",\"logo\":{\"@type\":\"ImageObject\",\"inLanguage\":\"en-GB\",\"@id\":\"https:\\\/\\\/pfingstrosen-paradies.de\\\/#\\\/schema\\\/logo\\\/image\\\/\",\"url\":\"https:\\\/\\\/pfingstrosen-paradies.de\\\/wp-content\\\/uploads\\\/2021\\\/02\\\/logo-pfingstrosen.png\",\"contentUrl\":\"https:\\\/\\\/pfingstrosen-paradies.de\\\/wp-content\\\/uploads\\\/2021\\\/02\\\/logo-pfingstrosen.png\",\"width\":1568,\"height\":366,\"caption\":\"Pfingstrosen-Paradies\"},\"image\":{\"@id\":\"https:\\\/\\\/pfingstrosen-paradies.de\\\/#\\\/schema\\\/logo\\\/image\\\/\"}}]}<\/script>\n<!-- \/ Yoast SEO plugin. -->","yoast_head_json":{"title":"Paeonia 'Sonoma Kaleidoscope' | Pfingstrosen-Paradies Tetzlaff","description":"Itoh-Hybriden | einfache Bl\u00fcten die sich im Aufbl\u00fchen in einem apricot- bis rosafarbenen Ton pr\u00e4sentieren und im sp\u00e4teren Verlauf in ein leuchtendes Gelb \u00fcbergehen. Die","robots":{"index":"index","follow":"follow","max-snippet":"max-snippet:-1","max-image-preview":"max-image-preview:large","max-video-preview":"max-video-preview:-1"},"canonical":"https:\/\/pfingstrosen-paradies.de\/en\/shop\/itoh-hybriden\/sonoma-kaleidoskope\/","og_locale":"en_GB","og_type":"article","og_title":"Paeonia 'Sonoma Kaleidoscope' | Pfingstrosen-Paradies Tetzlaff","og_description":"Itoh-Hybriden | einfache Bl\u00fcten die sich im Aufbl\u00fchen in einem apricot- bis rosafarbenen Ton pr\u00e4sentieren und im sp\u00e4teren Verlauf in ein leuchtendes Gelb \u00fcbergehen. Die","og_url":"https:\/\/pfingstrosen-paradies.de\/en\/shop\/itoh-hybriden\/sonoma-kaleidoskope\/","og_site_name":"Pfingstrosen-Paradies","article_modified_time":"2026-02-03T20:42:03+00:00","og_image":[{"width":1200,"height":900,"url":"https:\/\/pfingstrosen-paradies.de\/wp-content\/uploads\/Sonoma-Kaleidoscope2.jpg","type":"image\/jpeg"}],"twitter_card":"summary_large_image","twitter_misc":{"Estimated reading time":"1 minute"},"schema":{"@context":"https:\/\/schema.org","@graph":[{"@type":"WebPage","@id":"https:\/\/pfingstrosen-paradies.de\/shop\/itoh-hybriden\/sonoma-kaleidoskope\/","url":"https:\/\/pfingstrosen-paradies.de\/shop\/itoh-hybriden\/sonoma-kaleidoskope\/","name":"Paeonia 'Sonoma Kaleidoscope' | Pfingstrosen-Paradies Tetzlaff","isPartOf":{"@id":"https:\/\/pfingstrosen-paradies.de\/#website"},"primaryImageOfPage":{"@id":"https:\/\/pfingstrosen-paradies.de\/shop\/itoh-hybriden\/sonoma-kaleidoskope\/#primaryimage"},"image":{"@id":"https:\/\/pfingstrosen-paradies.de\/shop\/itoh-hybriden\/sonoma-kaleidoskope\/#primaryimage"},"thumbnailUrl":"https:\/\/pfingstrosen-paradies.de\/wp-content\/uploads\/Sonoma-Kaleidoscope2.jpg","datePublished":"2021-12-26T09:28:32+00:00","dateModified":"2026-02-03T20:42:03+00:00","description":"Itoh-Hybriden | einfache Bl\u00fcten die sich im Aufbl\u00fchen in einem apricot- bis rosafarbenen Ton pr\u00e4sentieren und im sp\u00e4teren Verlauf in ein leuchtendes Gelb \u00fcbergehen. Die","breadcrumb":{"@id":"https:\/\/pfingstrosen-paradies.de\/shop\/itoh-hybriden\/sonoma-kaleidoskope\/#breadcrumb"},"inLanguage":"en-GB","potentialAction":[{"@type":"ReadAction","target":["https:\/\/pfingstrosen-paradies.de\/shop\/itoh-hybriden\/sonoma-kaleidoskope\/"]}]},{"@type":"ImageObject","inLanguage":"en-GB","@id":"https:\/\/pfingstrosen-paradies.de\/shop\/itoh-hybriden\/sonoma-kaleidoskope\/#primaryimage","url":"https:\/\/pfingstrosen-paradies.de\/wp-content\/uploads\/Sonoma-Kaleidoscope2.jpg","contentUrl":"https:\/\/pfingstrosen-paradies.de\/wp-content\/uploads\/Sonoma-Kaleidoscope2.jpg","width":1200,"height":900,"caption":"Sonoma Kaleidoskope"},{"@type":"BreadcrumbList","@id":"https:\/\/pfingstrosen-paradies.de\/shop\/itoh-hybriden\/sonoma-kaleidoskope\/#breadcrumb","itemListElement":[{"@type":"ListItem","position":1,"name":"Start","item":"https:\/\/pfingstrosen-paradies.de\/"},{"@type":"ListItem","position":2,"name":"Shop","item":"https:\/\/pfingstrosen-paradies.de\/shop\/"},{"@type":"ListItem","position":3,"name":"Sonoma Kaleidoscope"}]},{"@type":"WebSite","@id":"https:\/\/pfingstrosen-paradies.de\/#website","url":"https:\/\/pfingstrosen-paradies.de\/","name":"Pfingstrosen-Paradies","description":"Fachg\u00e4rtnerei f\u00fcr Pfingstrosen","publisher":{"@id":"https:\/\/pfingstrosen-paradies.de\/#organization"},"potentialAction":[{"@type":"SearchAction","target":{"@type":"EntryPoint","urlTemplate":"https:\/\/pfingstrosen-paradies.de\/?s={search_term_string}"},"query-input":{"@type":"PropertyValueSpecification","valueRequired":true,"valueName":"search_term_string"}}],"inLanguage":"en-GB"},{"@type":"Organization","@id":"https:\/\/pfingstrosen-paradies.de\/#organization","name":"Pfingstrosen-Paradies","url":"https:\/\/pfingstrosen-paradies.de\/","logo":{"@type":"ImageObject","inLanguage":"en-GB","@id":"https:\/\/pfingstrosen-paradies.de\/#\/schema\/logo\/image\/","url":"https:\/\/pfingstrosen-paradies.de\/wp-content\/uploads\/2021\/02\/logo-pfingstrosen.png","contentUrl":"https:\/\/pfingstrosen-paradies.de\/wp-content\/uploads\/2021\/02\/logo-pfingstrosen.png","width":1568,"height":366,"caption":"Pfingstrosen-Paradies"},"image":{"@id":"https:\/\/pfingstrosen-paradies.de\/#\/schema\/logo\/image\/"}}]}},"_links":{"self":[{"href":"https:\/\/pfingstrosen-paradies.de\/en\/wp-json\/wp\/v2\/product\/2690","targetHints":{"allow":["GET"]}}],"collection":[{"href":"https:\/\/pfingstrosen-paradies.de\/en\/wp-json\/wp\/v2\/product"}],"about":[{"href":"https:\/\/pfingstrosen-paradies.de\/en\/wp-json\/wp\/v2\/types\/product"}],"wp:featuredmedia":[{"embeddable":true,"href":"https:\/\/pfingstrosen-paradies.de\/en\/wp-json\/wp\/v2\/media\/2692"}],"wp:attachment":[{"href":"https:\/\/pfingstrosen-paradies.de\/en\/wp-json\/wp\/v2\/media?parent=2690"}],"wp:term":[{"taxonomy":"product_brand","embeddable":true,"href":"https:\/\/pfingstrosen-paradies.de\/en\/wp-json\/wp\/v2\/product_brand?post=2690"},{"taxonomy":"product_cat","embeddable":true,"href":"https:\/\/pfingstrosen-paradies.de\/en\/wp-json\/wp\/v2\/product_cat?post=2690"},{"taxonomy":"product_tag","embeddable":true,"href":"https:\/\/pfingstrosen-paradies.de\/en\/wp-json\/wp\/v2\/product_tag?post=2690"}],"curies":[{"name":"wp","href":"https:\/\/api.w.org\/{rel}","templated":true}]}}