{"id":2702,"date":"2021-12-26T10:53:29","date_gmt":"2021-12-26T09:53:29","guid":{"rendered":"https:\/\/pfingstrosen-paradies.de\/?post_type=product&#038;p=2702"},"modified":"2026-02-11T21:58:34","modified_gmt":"2026-02-11T20:58:34","slug":"sonoma-rosy-future-2","status":"publish","type":"product","link":"https:\/\/pfingstrosen-paradies.de\/en\/shop\/itoh-hybriden\/sonoma-rosy-future-2\/","title":{"rendered":"Sonoma Rosy Future"},"content":{"rendered":"<p>einfache kr\u00e4ftig rosafarbene Bl\u00fcte, mit bis zu 130 cm H\u00f6he die h\u00f6chste aller Intersektionellen Hybriden, durch die H\u00f6he \u00e4hnelt sie noch mehr in der Optik den Strauchpfingstrosen als es die anderen Sorten schon tun, zahlreiche Seitenknospen. Das von den Baump\u00e4onien \u00fcbernommene Laub hat auch nach der Bl\u00fcte einen Zierwert als Blattschmuckstaude. Je nach Witterungsverlauf im Herbst gibt es durchaus eine Herbstf\u00e4rbung der Laubbl\u00e4tter. Durchmesser der Bl\u00fcte: 20 cm<\/p>","protected":false},"excerpt":{"rendered":"<p>einfache kr\u00e4ftig rosafarbene Bl\u00fcte, mit bis zu 130 cm H\u00f6he die h\u00f6chste aller Intersektionellen Hybriden, durch die H\u00f6he \u00e4hnelt sie noch mehr in der Optik den Strauchpfingstrosen als es die anderen Sorten schon tun, zahlreiche Seitenknospen. Das von den Baump\u00e4onien \u00fcbernommene Laub hat auch nach der Bl\u00fcte einen Zierwert als Blattschmuckstaude. Je nach Witterungsverlauf im [&hellip;]<\/p>\n","protected":false},"featured_media":2703,"template":"","meta":[],"product_brand":[],"product_cat":[105],"product_tag":[],"class_list":{"0":"post-2702","1":"product","2":"type-product","3":"status-publish","4":"has-post-thumbnail","6":"product_cat-itoh-hybriden","8":"first","9":"instock","10":"taxable","11":"shipping-taxable","12":"purchasable","13":"product-type-simple"},"featured_image_urls":{"full":["https:\/\/pfingstrosen-paradies.de\/wp-content\/uploads\/Rosy-Future-1-ex-Tolo-nr.-64-2.jpg",1200,913,false],"thumbnail":["https:\/\/pfingstrosen-paradies.de\/wp-content\/uploads\/Rosy-Future-1-ex-Tolo-nr.-64-2-150x150.jpg",150,150,true],"medium":["https:\/\/pfingstrosen-paradies.de\/wp-content\/uploads\/Rosy-Future-1-ex-Tolo-nr.-64-2-300x228.jpg",300,228,true],"medium_large":["https:\/\/pfingstrosen-paradies.de\/wp-content\/uploads\/Rosy-Future-1-ex-Tolo-nr.-64-2-768x584.jpg",768,584,true],"large":["https:\/\/pfingstrosen-paradies.de\/wp-content\/uploads\/Rosy-Future-1-ex-Tolo-nr.-64-2-1024x779.jpg",1024,779,true],"1536x1536":["https:\/\/pfingstrosen-paradies.de\/wp-content\/uploads\/Rosy-Future-1-ex-Tolo-nr.-64-2.jpg",1200,913,false],"2048x2048":["https:\/\/pfingstrosen-paradies.de\/wp-content\/uploads\/Rosy-Future-1-ex-Tolo-nr.-64-2.jpg",1200,913,false],"trp-custom-language-flag":["https:\/\/pfingstrosen-paradies.de\/wp-content\/uploads\/Rosy-Future-1-ex-Tolo-nr.-64-2-16x12.jpg",16,12,true],"ptam-block-post-grid-landscape":["https:\/\/pfingstrosen-paradies.de\/wp-content\/uploads\/Rosy-Future-1-ex-Tolo-nr.-64-2-600x400.jpg",600,400,true],"ptam-block-post-grid-square":["https:\/\/pfingstrosen-paradies.de\/wp-content\/uploads\/Rosy-Future-1-ex-Tolo-nr.-64-2-600x600.jpg",600,600,true],"ptam-block-post-grid-featured-landscape":["https:\/\/pfingstrosen-paradies.de\/wp-content\/uploads\/Rosy-Future-1-ex-Tolo-nr.-64-2-1000x600.jpg",1000,600,true],"woocommerce_archive_thumbnail":["https:\/\/pfingstrosen-paradies.de\/wp-content\/uploads\/Rosy-Future-1-ex-Tolo-nr.-64-2-400x350.jpg",400,350,true],"woocommerce_thumbnail":["https:\/\/pfingstrosen-paradies.de\/wp-content\/uploads\/Rosy-Future-1-ex-Tolo-nr.-64-2-400x350.jpg",400,350,true],"woocommerce_single":["https:\/\/pfingstrosen-paradies.de\/wp-content\/uploads\/Rosy-Future-1-ex-Tolo-nr.-64-2.jpg",1200,913,false],"woocommerce_gallery_thumbnail":["https:\/\/pfingstrosen-paradies.de\/wp-content\/uploads\/Rosy-Future-1-ex-Tolo-nr.-64-2-100x100.jpg",100,100,true]},"post_excerpt_stackable":"<p>einfache kr\u00e4ftig rosafarbene Bl\u00fcte, mit bis zu 130 cm H\u00f6he die h\u00f6chste aller Intersektionellen Hybriden, durch die H\u00f6he \u00e4hnelt sie noch mehr in der Optik den Strauchpfingstrosen als es die anderen Sorten schon tun, zahlreiche Seitenknospen. Das von den Baump\u00e4onien \u00fcbernommene Laub hat auch nach der Bl\u00fcte einen Zierwert als Blattschmuckstaude. Je nach Witterungsverlauf im Herbst gibt es durchaus eine Herbstf\u00e4rbung der Laubbl\u00e4tter. Durchmesser der Bl\u00fcte: 20 cm<\/p>\n","category_list":"","author_info":{"name":"","url":""},"comments_num":"0 comments","featured_image_urls_v2":{"full":["https:\/\/pfingstrosen-paradies.de\/wp-content\/uploads\/Rosy-Future-1-ex-Tolo-nr.-64-2.jpg",1200,913,false],"thumbnail":["https:\/\/pfingstrosen-paradies.de\/wp-content\/uploads\/Rosy-Future-1-ex-Tolo-nr.-64-2-150x150.jpg",150,150,true],"medium":["https:\/\/pfingstrosen-paradies.de\/wp-content\/uploads\/Rosy-Future-1-ex-Tolo-nr.-64-2-300x228.jpg",300,228,true],"medium_large":["https:\/\/pfingstrosen-paradies.de\/wp-content\/uploads\/Rosy-Future-1-ex-Tolo-nr.-64-2-768x584.jpg",768,584,true],"large":["https:\/\/pfingstrosen-paradies.de\/wp-content\/uploads\/Rosy-Future-1-ex-Tolo-nr.-64-2-1024x779.jpg",1024,779,true],"1536x1536":["https:\/\/pfingstrosen-paradies.de\/wp-content\/uploads\/Rosy-Future-1-ex-Tolo-nr.-64-2.jpg",1200,913,false],"2048x2048":["https:\/\/pfingstrosen-paradies.de\/wp-content\/uploads\/Rosy-Future-1-ex-Tolo-nr.-64-2.jpg",1200,913,false],"trp-custom-language-flag":["https:\/\/pfingstrosen-paradies.de\/wp-content\/uploads\/Rosy-Future-1-ex-Tolo-nr.-64-2-16x12.jpg",16,12,true],"ptam-block-post-grid-landscape":["https:\/\/pfingstrosen-paradies.de\/wp-content\/uploads\/Rosy-Future-1-ex-Tolo-nr.-64-2-600x400.jpg",600,400,true],"ptam-block-post-grid-square":["https:\/\/pfingstrosen-paradies.de\/wp-content\/uploads\/Rosy-Future-1-ex-Tolo-nr.-64-2-600x600.jpg",600,600,true],"ptam-block-post-grid-featured-landscape":["https:\/\/pfingstrosen-paradies.de\/wp-content\/uploads\/Rosy-Future-1-ex-Tolo-nr.-64-2-1000x600.jpg",1000,600,true],"woocommerce_archive_thumbnail":["https:\/\/pfingstrosen-paradies.de\/wp-content\/uploads\/Rosy-Future-1-ex-Tolo-nr.-64-2-400x350.jpg",400,350,true],"woocommerce_thumbnail":["https:\/\/pfingstrosen-paradies.de\/wp-content\/uploads\/Rosy-Future-1-ex-Tolo-nr.-64-2-400x350.jpg",400,350,true],"woocommerce_single":["https:\/\/pfingstrosen-paradies.de\/wp-content\/uploads\/Rosy-Future-1-ex-Tolo-nr.-64-2.jpg",1200,913,false],"woocommerce_gallery_thumbnail":["https:\/\/pfingstrosen-paradies.de\/wp-content\/uploads\/Rosy-Future-1-ex-Tolo-nr.-64-2-100x100.jpg",100,100,true]},"post_excerpt_stackable_v2":"<p>einfache kr\u00e4ftig rosafarbene Bl\u00fcte, mit bis zu 130 cm H\u00f6he die h\u00f6chste aller Intersektionellen Hybriden, durch die H\u00f6he \u00e4hnelt sie noch mehr in der Optik den Strauchpfingstrosen als es die anderen Sorten schon tun, zahlreiche Seitenknospen. Das von den Baump\u00e4onien \u00fcbernommene Laub hat auch nach der Bl\u00fcte einen Zierwert als Blattschmuckstaude. Je nach Witterungsverlauf im Herbst gibt es durchaus eine Herbstf\u00e4rbung der Laubbl\u00e4tter. Durchmesser der Bl\u00fcte: 20 cm<\/p>\n","category_list_v2":"","author_info_v2":{"name":"","url":""},"comments_num_v2":"0 comments","yoast_head":"<!-- This site is optimized with the Yoast SEO plugin v27.3 - https:\/\/yoast.com\/product\/yoast-seo-wordpress\/ -->\n<title>Paeonia &#039;Sonoma Rosy Future&#039; | Pfingstrosen-Paradies Tetzlaff<\/title>\n<meta name=\"description\" content=\"Itoh-Hybriden | einfache kr\u00e4ftig rosafarbene Bl\u00fcte, mit bis zu 130 cm H\u00f6he die h\u00f6chste aller Intersektionellen Hybriden, durch die H\u00f6he \u00e4hnelt sie noch mehr in der Optik\" \/>\n<meta name=\"robots\" content=\"index, follow, max-snippet:-1, max-image-preview:large, max-video-preview:-1\" \/>\n<link rel=\"canonical\" href=\"https:\/\/pfingstrosen-paradies.de\/en\/shop\/itoh-hybriden\/sonoma-rosy-future-2\/\" \/>\n<meta property=\"og:locale\" content=\"en_GB\" \/>\n<meta property=\"og:type\" content=\"article\" \/>\n<meta property=\"og:title\" content=\"Paeonia &#039;Sonoma Rosy Future&#039; | Pfingstrosen-Paradies Tetzlaff\" \/>\n<meta property=\"og:description\" content=\"Itoh-Hybriden | einfache kr\u00e4ftig rosafarbene Bl\u00fcte, mit bis zu 130 cm H\u00f6he die h\u00f6chste aller Intersektionellen Hybriden, durch die H\u00f6he \u00e4hnelt sie noch mehr in der Optik\" \/>\n<meta property=\"og:url\" content=\"https:\/\/pfingstrosen-paradies.de\/en\/shop\/itoh-hybriden\/sonoma-rosy-future-2\/\" \/>\n<meta property=\"og:site_name\" content=\"Pfingstrosen-Paradies\" \/>\n<meta property=\"article:modified_time\" content=\"2026-02-11T20:58:34+00:00\" \/>\n<meta property=\"og:image\" content=\"https:\/\/pfingstrosen-paradies.de\/wp-content\/uploads\/Rosy-Future-1-ex-Tolo-nr.-64-2.jpg\" \/>\n\t<meta property=\"og:image:width\" content=\"1200\" \/>\n\t<meta property=\"og:image:height\" content=\"913\" \/>\n\t<meta property=\"og:image:type\" content=\"image\/jpeg\" \/>\n<meta name=\"twitter:card\" content=\"summary_large_image\" \/>\n<meta name=\"twitter:label1\" content=\"Estimated reading time\" \/>\n\t<meta name=\"twitter:data1\" content=\"1 minute\" \/>\n<script type=\"application\/ld+json\" class=\"yoast-schema-graph\">{\"@context\":\"https:\\\/\\\/schema.org\",\"@graph\":[{\"@type\":\"WebPage\",\"@id\":\"https:\\\/\\\/pfingstrosen-paradies.de\\\/shop\\\/itoh-hybriden\\\/sonoma-rosy-future-2\\\/\",\"url\":\"https:\\\/\\\/pfingstrosen-paradies.de\\\/shop\\\/itoh-hybriden\\\/sonoma-rosy-future-2\\\/\",\"name\":\"Paeonia 'Sonoma Rosy Future' | Pfingstrosen-Paradies Tetzlaff\",\"isPartOf\":{\"@id\":\"https:\\\/\\\/pfingstrosen-paradies.de\\\/#website\"},\"primaryImageOfPage\":{\"@id\":\"https:\\\/\\\/pfingstrosen-paradies.de\\\/shop\\\/itoh-hybriden\\\/sonoma-rosy-future-2\\\/#primaryimage\"},\"image\":{\"@id\":\"https:\\\/\\\/pfingstrosen-paradies.de\\\/shop\\\/itoh-hybriden\\\/sonoma-rosy-future-2\\\/#primaryimage\"},\"thumbnailUrl\":\"https:\\\/\\\/pfingstrosen-paradies.de\\\/wp-content\\\/uploads\\\/Rosy-Future-1-ex-Tolo-nr.-64-2.jpg\",\"datePublished\":\"2021-12-26T09:53:29+00:00\",\"dateModified\":\"2026-02-11T20:58:34+00:00\",\"description\":\"Itoh-Hybriden | einfache kr\u00e4ftig rosafarbene Bl\u00fcte, mit bis zu 130 cm H\u00f6he die h\u00f6chste aller Intersektionellen Hybriden, durch die H\u00f6he \u00e4hnelt sie noch mehr in der Optik\",\"breadcrumb\":{\"@id\":\"https:\\\/\\\/pfingstrosen-paradies.de\\\/shop\\\/itoh-hybriden\\\/sonoma-rosy-future-2\\\/#breadcrumb\"},\"inLanguage\":\"en-GB\",\"potentialAction\":[{\"@type\":\"ReadAction\",\"target\":[\"https:\\\/\\\/pfingstrosen-paradies.de\\\/shop\\\/itoh-hybriden\\\/sonoma-rosy-future-2\\\/\"]}]},{\"@type\":\"ImageObject\",\"inLanguage\":\"en-GB\",\"@id\":\"https:\\\/\\\/pfingstrosen-paradies.de\\\/shop\\\/itoh-hybriden\\\/sonoma-rosy-future-2\\\/#primaryimage\",\"url\":\"https:\\\/\\\/pfingstrosen-paradies.de\\\/wp-content\\\/uploads\\\/Rosy-Future-1-ex-Tolo-nr.-64-2.jpg\",\"contentUrl\":\"https:\\\/\\\/pfingstrosen-paradies.de\\\/wp-content\\\/uploads\\\/Rosy-Future-1-ex-Tolo-nr.-64-2.jpg\",\"width\":1200,\"height\":913,\"caption\":\"Sonoma Rosy Future\"},{\"@type\":\"BreadcrumbList\",\"@id\":\"https:\\\/\\\/pfingstrosen-paradies.de\\\/shop\\\/itoh-hybriden\\\/sonoma-rosy-future-2\\\/#breadcrumb\",\"itemListElement\":[{\"@type\":\"ListItem\",\"position\":1,\"name\":\"Start\",\"item\":\"https:\\\/\\\/pfingstrosen-paradies.de\\\/\"},{\"@type\":\"ListItem\",\"position\":2,\"name\":\"Shop\",\"item\":\"https:\\\/\\\/pfingstrosen-paradies.de\\\/shop\\\/\"},{\"@type\":\"ListItem\",\"position\":3,\"name\":\"Sonoma Rosy Future\"}]},{\"@type\":\"WebSite\",\"@id\":\"https:\\\/\\\/pfingstrosen-paradies.de\\\/#website\",\"url\":\"https:\\\/\\\/pfingstrosen-paradies.de\\\/\",\"name\":\"Pfingstrosen-Paradies\",\"description\":\"Fachg\u00e4rtnerei f\u00fcr Pfingstrosen\",\"publisher\":{\"@id\":\"https:\\\/\\\/pfingstrosen-paradies.de\\\/#organization\"},\"potentialAction\":[{\"@type\":\"SearchAction\",\"target\":{\"@type\":\"EntryPoint\",\"urlTemplate\":\"https:\\\/\\\/pfingstrosen-paradies.de\\\/?s={search_term_string}\"},\"query-input\":{\"@type\":\"PropertyValueSpecification\",\"valueRequired\":true,\"valueName\":\"search_term_string\"}}],\"inLanguage\":\"en-GB\"},{\"@type\":\"Organization\",\"@id\":\"https:\\\/\\\/pfingstrosen-paradies.de\\\/#organization\",\"name\":\"Pfingstrosen-Paradies\",\"url\":\"https:\\\/\\\/pfingstrosen-paradies.de\\\/\",\"logo\":{\"@type\":\"ImageObject\",\"inLanguage\":\"en-GB\",\"@id\":\"https:\\\/\\\/pfingstrosen-paradies.de\\\/#\\\/schema\\\/logo\\\/image\\\/\",\"url\":\"https:\\\/\\\/pfingstrosen-paradies.de\\\/wp-content\\\/uploads\\\/2021\\\/02\\\/logo-pfingstrosen.png\",\"contentUrl\":\"https:\\\/\\\/pfingstrosen-paradies.de\\\/wp-content\\\/uploads\\\/2021\\\/02\\\/logo-pfingstrosen.png\",\"width\":1568,\"height\":366,\"caption\":\"Pfingstrosen-Paradies\"},\"image\":{\"@id\":\"https:\\\/\\\/pfingstrosen-paradies.de\\\/#\\\/schema\\\/logo\\\/image\\\/\"}}]}<\/script>\n<!-- \/ Yoast SEO plugin. -->","yoast_head_json":{"title":"Paeonia 'Sonoma Rosy Future' | Pfingstrosen-Paradies Tetzlaff","description":"Itoh-Hybriden | einfache kr\u00e4ftig rosafarbene Bl\u00fcte, mit bis zu 130 cm H\u00f6he die h\u00f6chste aller Intersektionellen Hybriden, durch die H\u00f6he \u00e4hnelt sie noch mehr in der Optik","robots":{"index":"index","follow":"follow","max-snippet":"max-snippet:-1","max-image-preview":"max-image-preview:large","max-video-preview":"max-video-preview:-1"},"canonical":"https:\/\/pfingstrosen-paradies.de\/en\/shop\/itoh-hybriden\/sonoma-rosy-future-2\/","og_locale":"en_GB","og_type":"article","og_title":"Paeonia 'Sonoma Rosy Future' | Pfingstrosen-Paradies Tetzlaff","og_description":"Itoh-Hybriden | einfache kr\u00e4ftig rosafarbene Bl\u00fcte, mit bis zu 130 cm H\u00f6he die h\u00f6chste aller Intersektionellen Hybriden, durch die H\u00f6he \u00e4hnelt sie noch mehr in der Optik","og_url":"https:\/\/pfingstrosen-paradies.de\/en\/shop\/itoh-hybriden\/sonoma-rosy-future-2\/","og_site_name":"Pfingstrosen-Paradies","article_modified_time":"2026-02-11T20:58:34+00:00","og_image":[{"width":1200,"height":913,"url":"https:\/\/pfingstrosen-paradies.de\/wp-content\/uploads\/Rosy-Future-1-ex-Tolo-nr.-64-2.jpg","type":"image\/jpeg"}],"twitter_card":"summary_large_image","twitter_misc":{"Estimated reading time":"1 minute"},"schema":{"@context":"https:\/\/schema.org","@graph":[{"@type":"WebPage","@id":"https:\/\/pfingstrosen-paradies.de\/shop\/itoh-hybriden\/sonoma-rosy-future-2\/","url":"https:\/\/pfingstrosen-paradies.de\/shop\/itoh-hybriden\/sonoma-rosy-future-2\/","name":"Paeonia 'Sonoma Rosy Future' | Pfingstrosen-Paradies Tetzlaff","isPartOf":{"@id":"https:\/\/pfingstrosen-paradies.de\/#website"},"primaryImageOfPage":{"@id":"https:\/\/pfingstrosen-paradies.de\/shop\/itoh-hybriden\/sonoma-rosy-future-2\/#primaryimage"},"image":{"@id":"https:\/\/pfingstrosen-paradies.de\/shop\/itoh-hybriden\/sonoma-rosy-future-2\/#primaryimage"},"thumbnailUrl":"https:\/\/pfingstrosen-paradies.de\/wp-content\/uploads\/Rosy-Future-1-ex-Tolo-nr.-64-2.jpg","datePublished":"2021-12-26T09:53:29+00:00","dateModified":"2026-02-11T20:58:34+00:00","description":"Itoh-Hybriden | einfache kr\u00e4ftig rosafarbene Bl\u00fcte, mit bis zu 130 cm H\u00f6he die h\u00f6chste aller Intersektionellen Hybriden, durch die H\u00f6he \u00e4hnelt sie noch mehr in der Optik","breadcrumb":{"@id":"https:\/\/pfingstrosen-paradies.de\/shop\/itoh-hybriden\/sonoma-rosy-future-2\/#breadcrumb"},"inLanguage":"en-GB","potentialAction":[{"@type":"ReadAction","target":["https:\/\/pfingstrosen-paradies.de\/shop\/itoh-hybriden\/sonoma-rosy-future-2\/"]}]},{"@type":"ImageObject","inLanguage":"en-GB","@id":"https:\/\/pfingstrosen-paradies.de\/shop\/itoh-hybriden\/sonoma-rosy-future-2\/#primaryimage","url":"https:\/\/pfingstrosen-paradies.de\/wp-content\/uploads\/Rosy-Future-1-ex-Tolo-nr.-64-2.jpg","contentUrl":"https:\/\/pfingstrosen-paradies.de\/wp-content\/uploads\/Rosy-Future-1-ex-Tolo-nr.-64-2.jpg","width":1200,"height":913,"caption":"Sonoma Rosy Future"},{"@type":"BreadcrumbList","@id":"https:\/\/pfingstrosen-paradies.de\/shop\/itoh-hybriden\/sonoma-rosy-future-2\/#breadcrumb","itemListElement":[{"@type":"ListItem","position":1,"name":"Start","item":"https:\/\/pfingstrosen-paradies.de\/"},{"@type":"ListItem","position":2,"name":"Shop","item":"https:\/\/pfingstrosen-paradies.de\/shop\/"},{"@type":"ListItem","position":3,"name":"Sonoma Rosy Future"}]},{"@type":"WebSite","@id":"https:\/\/pfingstrosen-paradies.de\/#website","url":"https:\/\/pfingstrosen-paradies.de\/","name":"Pfingstrosen-Paradies","description":"Fachg\u00e4rtnerei f\u00fcr Pfingstrosen","publisher":{"@id":"https:\/\/pfingstrosen-paradies.de\/#organization"},"potentialAction":[{"@type":"SearchAction","target":{"@type":"EntryPoint","urlTemplate":"https:\/\/pfingstrosen-paradies.de\/?s={search_term_string}"},"query-input":{"@type":"PropertyValueSpecification","valueRequired":true,"valueName":"search_term_string"}}],"inLanguage":"en-GB"},{"@type":"Organization","@id":"https:\/\/pfingstrosen-paradies.de\/#organization","name":"Pfingstrosen-Paradies","url":"https:\/\/pfingstrosen-paradies.de\/","logo":{"@type":"ImageObject","inLanguage":"en-GB","@id":"https:\/\/pfingstrosen-paradies.de\/#\/schema\/logo\/image\/","url":"https:\/\/pfingstrosen-paradies.de\/wp-content\/uploads\/2021\/02\/logo-pfingstrosen.png","contentUrl":"https:\/\/pfingstrosen-paradies.de\/wp-content\/uploads\/2021\/02\/logo-pfingstrosen.png","width":1568,"height":366,"caption":"Pfingstrosen-Paradies"},"image":{"@id":"https:\/\/pfingstrosen-paradies.de\/#\/schema\/logo\/image\/"}}]}},"_links":{"self":[{"href":"https:\/\/pfingstrosen-paradies.de\/en\/wp-json\/wp\/v2\/product\/2702","targetHints":{"allow":["GET"]}}],"collection":[{"href":"https:\/\/pfingstrosen-paradies.de\/en\/wp-json\/wp\/v2\/product"}],"about":[{"href":"https:\/\/pfingstrosen-paradies.de\/en\/wp-json\/wp\/v2\/types\/product"}],"wp:featuredmedia":[{"embeddable":true,"href":"https:\/\/pfingstrosen-paradies.de\/en\/wp-json\/wp\/v2\/media\/2703"}],"wp:attachment":[{"href":"https:\/\/pfingstrosen-paradies.de\/en\/wp-json\/wp\/v2\/media?parent=2702"}],"wp:term":[{"taxonomy":"product_brand","embeddable":true,"href":"https:\/\/pfingstrosen-paradies.de\/en\/wp-json\/wp\/v2\/product_brand?post=2702"},{"taxonomy":"product_cat","embeddable":true,"href":"https:\/\/pfingstrosen-paradies.de\/en\/wp-json\/wp\/v2\/product_cat?post=2702"},{"taxonomy":"product_tag","embeddable":true,"href":"https:\/\/pfingstrosen-paradies.de\/en\/wp-json\/wp\/v2\/product_tag?post=2702"}],"curies":[{"name":"wp","href":"https:\/\/api.w.org\/{rel}","templated":true}]}}