{"id":2878,"date":"2021-12-27T09:25:55","date_gmt":"2021-12-27T08:25:55","guid":{"rendered":"https:\/\/pfingstrosen-paradies.de\/?post_type=product&#038;p=2878"},"modified":"2026-04-14T14:54:30","modified_gmt":"2026-04-14T12:54:30","slug":"cheddar-cheese","status":"publish","type":"product","link":"https:\/\/pfingstrosen-paradies.de\/en\/shop\/staudenpfingstrosen\/lactiflora\/cheddar-cheese\/","title":{"rendered":"Cheddar Cheese"},"content":{"rendered":"<p>gro\u00dfe gef\u00fcllte Bl\u00fcten, Au\u00dfenschale wei\u00df und gelbe Staubgef\u00e4\u00dfe innen. Wie fast alle Kreuzungen die aus der alten franz\u00f6sischen Sorte Mons. Jules Elie entstanden sind besitzt auch Cheddar Cheese einen guten Duft, kr\u00e4ftige Stiele mit Seitenknospen und gl\u00e4nzend dunkelgr\u00fcnen Bl\u00e4ttern, H\u00f6he 90-100 cm, Durchmesser der Bl\u00fcte: 16-18 cm<\/p>","protected":false},"excerpt":{"rendered":"<p>gro\u00dfe gef\u00fcllte Bl\u00fcten, Au\u00dfenschale wei\u00df und gelbe Staubgef\u00e4\u00dfe innen. Wie fast alle Kreuzungen die aus der alten franz\u00f6sischen Sorte Mons. Jules Elie entstanden sind besitzt auch Cheddar Cheese einen guten Duft, kr\u00e4ftige Stiele mit Seitenknospen und gl\u00e4nzend dunkelgr\u00fcnen Bl\u00e4ttern, H\u00f6he 90-100 cm, Durchmesser der Bl\u00fcte: 16-18 cm<\/p>","protected":false},"featured_media":3513,"template":"","meta":[],"product_brand":[],"product_cat":[37,33],"product_tag":[],"class_list":{"0":"post-2878","1":"product","2":"type-product","3":"status-publish","4":"has-post-thumbnail","6":"product_cat-lactiflora","7":"product_cat-staudenpfingstrosen","9":"first","10":"instock","11":"taxable","12":"shipping-taxable","13":"purchasable","14":"product-type-simple"},"featured_image_urls":{"full":["https:\/\/pfingstrosen-paradies.de\/wp-content\/uploads\/Cheddar-Cheese-2-2.jpg",1280,1158,false],"thumbnail":["https:\/\/pfingstrosen-paradies.de\/wp-content\/uploads\/Cheddar-Cheese-2-2-150x150.jpg",150,150,true],"medium":["https:\/\/pfingstrosen-paradies.de\/wp-content\/uploads\/Cheddar-Cheese-2-2-300x271.jpg",300,271,true],"medium_large":["https:\/\/pfingstrosen-paradies.de\/wp-content\/uploads\/Cheddar-Cheese-2-2-768x695.jpg",768,695,true],"large":["https:\/\/pfingstrosen-paradies.de\/wp-content\/uploads\/Cheddar-Cheese-2-2-1024x926.jpg",1024,926,true],"1536x1536":["https:\/\/pfingstrosen-paradies.de\/wp-content\/uploads\/Cheddar-Cheese-2-2.jpg",1280,1158,false],"2048x2048":["https:\/\/pfingstrosen-paradies.de\/wp-content\/uploads\/Cheddar-Cheese-2-2.jpg",1280,1158,false],"trp-custom-language-flag":["https:\/\/pfingstrosen-paradies.de\/wp-content\/uploads\/Cheddar-Cheese-2-2-13x12.jpg",13,12,true],"ptam-block-post-grid-landscape":["https:\/\/pfingstrosen-paradies.de\/wp-content\/uploads\/Cheddar-Cheese-2-2-600x400.jpg",600,400,true],"ptam-block-post-grid-square":["https:\/\/pfingstrosen-paradies.de\/wp-content\/uploads\/Cheddar-Cheese-2-2-600x600.jpg",600,600,true],"ptam-block-post-grid-featured-landscape":["https:\/\/pfingstrosen-paradies.de\/wp-content\/uploads\/Cheddar-Cheese-2-2-1000x600.jpg",1000,600,true],"woocommerce_archive_thumbnail":["https:\/\/pfingstrosen-paradies.de\/wp-content\/uploads\/Cheddar-Cheese-2-2-400x350.jpg",400,350,true],"woocommerce_thumbnail":["https:\/\/pfingstrosen-paradies.de\/wp-content\/uploads\/Cheddar-Cheese-2-2-400x350.jpg",400,350,true],"woocommerce_single":["https:\/\/pfingstrosen-paradies.de\/wp-content\/uploads\/Cheddar-Cheese-2-2-1200x1086.jpg",1200,1086,true],"woocommerce_gallery_thumbnail":["https:\/\/pfingstrosen-paradies.de\/wp-content\/uploads\/Cheddar-Cheese-2-2-100x100.jpg",100,100,true]},"post_excerpt_stackable":"<p>gro\u00dfe gef\u00fcllte Bl\u00fcten, Au\u00dfenschale wei\u00df und gelbe Staubgef\u00e4\u00dfe innen. Wie fast alle Kreuzungen die aus der alten franz\u00f6sischen Sorte Mons. Jules Elie entstanden sind besitzt auch Cheddar Cheese einen guten Duft, kr\u00e4ftige Stiele mit Seitenknospen und gl\u00e4nzend dunkelgr\u00fcnen Bl\u00e4ttern, H\u00f6he 90-100 cm, Durchmesser der Bl\u00fcte: 16-18 cm<\/p>\n","category_list":"","author_info":{"name":"","url":""},"comments_num":"0 comments","featured_image_urls_v2":{"full":["https:\/\/pfingstrosen-paradies.de\/wp-content\/uploads\/Cheddar-Cheese-2-2.jpg",1280,1158,false],"thumbnail":["https:\/\/pfingstrosen-paradies.de\/wp-content\/uploads\/Cheddar-Cheese-2-2-150x150.jpg",150,150,true],"medium":["https:\/\/pfingstrosen-paradies.de\/wp-content\/uploads\/Cheddar-Cheese-2-2-300x271.jpg",300,271,true],"medium_large":["https:\/\/pfingstrosen-paradies.de\/wp-content\/uploads\/Cheddar-Cheese-2-2-768x695.jpg",768,695,true],"large":["https:\/\/pfingstrosen-paradies.de\/wp-content\/uploads\/Cheddar-Cheese-2-2-1024x926.jpg",1024,926,true],"1536x1536":["https:\/\/pfingstrosen-paradies.de\/wp-content\/uploads\/Cheddar-Cheese-2-2.jpg",1280,1158,false],"2048x2048":["https:\/\/pfingstrosen-paradies.de\/wp-content\/uploads\/Cheddar-Cheese-2-2.jpg",1280,1158,false],"trp-custom-language-flag":["https:\/\/pfingstrosen-paradies.de\/wp-content\/uploads\/Cheddar-Cheese-2-2-13x12.jpg",13,12,true],"ptam-block-post-grid-landscape":["https:\/\/pfingstrosen-paradies.de\/wp-content\/uploads\/Cheddar-Cheese-2-2-600x400.jpg",600,400,true],"ptam-block-post-grid-square":["https:\/\/pfingstrosen-paradies.de\/wp-content\/uploads\/Cheddar-Cheese-2-2-600x600.jpg",600,600,true],"ptam-block-post-grid-featured-landscape":["https:\/\/pfingstrosen-paradies.de\/wp-content\/uploads\/Cheddar-Cheese-2-2-1000x600.jpg",1000,600,true],"woocommerce_archive_thumbnail":["https:\/\/pfingstrosen-paradies.de\/wp-content\/uploads\/Cheddar-Cheese-2-2-400x350.jpg",400,350,true],"woocommerce_thumbnail":["https:\/\/pfingstrosen-paradies.de\/wp-content\/uploads\/Cheddar-Cheese-2-2-400x350.jpg",400,350,true],"woocommerce_single":["https:\/\/pfingstrosen-paradies.de\/wp-content\/uploads\/Cheddar-Cheese-2-2-1200x1086.jpg",1200,1086,true],"woocommerce_gallery_thumbnail":["https:\/\/pfingstrosen-paradies.de\/wp-content\/uploads\/Cheddar-Cheese-2-2-100x100.jpg",100,100,true]},"post_excerpt_stackable_v2":"<p>gro\u00dfe gef\u00fcllte Bl\u00fcten, Au\u00dfenschale wei\u00df und gelbe Staubgef\u00e4\u00dfe innen. Wie fast alle Kreuzungen die aus der alten franz\u00f6sischen Sorte Mons. Jules Elie entstanden sind besitzt auch Cheddar Cheese einen guten Duft, kr\u00e4ftige Stiele mit Seitenknospen und gl\u00e4nzend dunkelgr\u00fcnen Bl\u00e4ttern, H\u00f6he 90-100 cm, Durchmesser der Bl\u00fcte: 16-18 cm<\/p>\n","category_list_v2":"","author_info_v2":{"name":"","url":""},"comments_num_v2":"0 comments","yoast_head":"<!-- This site is optimized with the Yoast SEO plugin v27.3 - https:\/\/yoast.com\/product\/yoast-seo-wordpress\/ -->\n<title>Paeonia &#039;Cheddar Cheese&#039; | Pfingstrosen-Paradies Tetzlaff<\/title>\n<meta name=\"description\" content=\"Lactiflora, Staudenp\u00e4onien | gro\u00dfe gef\u00fcllte Bl\u00fcten, Au\u00dfenschale wei\u00df und gelbe Staubgef\u00e4\u00dfe innen. Wie fast alle Kreuzungen die aus der alten franz\u00f6sischen Sorte Mons. Jules Elie\" \/>\n<meta name=\"robots\" content=\"index, follow, max-snippet:-1, max-image-preview:large, max-video-preview:-1\" \/>\n<link rel=\"canonical\" href=\"https:\/\/pfingstrosen-paradies.de\/en\/shop\/staudenpfingstrosen\/lactiflora\/cheddar-cheese\/\" \/>\n<meta property=\"og:locale\" content=\"en_GB\" \/>\n<meta property=\"og:type\" content=\"article\" \/>\n<meta property=\"og:title\" content=\"Paeonia &#039;Cheddar Cheese&#039; | Pfingstrosen-Paradies Tetzlaff\" \/>\n<meta property=\"og:description\" content=\"Lactiflora, Staudenp\u00e4onien | gro\u00dfe gef\u00fcllte Bl\u00fcten, Au\u00dfenschale wei\u00df und gelbe Staubgef\u00e4\u00dfe innen. Wie fast alle Kreuzungen die aus der alten franz\u00f6sischen Sorte Mons. Jules Elie\" \/>\n<meta property=\"og:url\" content=\"https:\/\/pfingstrosen-paradies.de\/en\/shop\/staudenpfingstrosen\/lactiflora\/cheddar-cheese\/\" \/>\n<meta property=\"og:site_name\" content=\"Pfingstrosen-Paradies\" \/>\n<meta property=\"article:modified_time\" content=\"2026-04-14T12:54:30+00:00\" \/>\n<meta property=\"og:image\" content=\"https:\/\/pfingstrosen-paradies.de\/wp-content\/uploads\/Cheddar-Cheese-2-2.jpg\" \/>\n\t<meta property=\"og:image:width\" content=\"1280\" \/>\n\t<meta property=\"og:image:height\" content=\"1158\" \/>\n\t<meta property=\"og:image:type\" content=\"image\/jpeg\" \/>\n<meta name=\"twitter:card\" content=\"summary_large_image\" \/>\n<meta name=\"twitter:label1\" content=\"Estimated reading time\" \/>\n\t<meta name=\"twitter:data1\" content=\"1 minute\" \/>\n<script type=\"application\/ld+json\" class=\"yoast-schema-graph\">{\"@context\":\"https:\\\/\\\/schema.org\",\"@graph\":[{\"@type\":\"WebPage\",\"@id\":\"https:\\\/\\\/pfingstrosen-paradies.de\\\/shop\\\/staudenpfingstrosen\\\/lactiflora\\\/cheddar-cheese\\\/\",\"url\":\"https:\\\/\\\/pfingstrosen-paradies.de\\\/shop\\\/staudenpfingstrosen\\\/lactiflora\\\/cheddar-cheese\\\/\",\"name\":\"Paeonia 'Cheddar Cheese' | Pfingstrosen-Paradies Tetzlaff\",\"isPartOf\":{\"@id\":\"https:\\\/\\\/pfingstrosen-paradies.de\\\/#website\"},\"primaryImageOfPage\":{\"@id\":\"https:\\\/\\\/pfingstrosen-paradies.de\\\/shop\\\/staudenpfingstrosen\\\/lactiflora\\\/cheddar-cheese\\\/#primaryimage\"},\"image\":{\"@id\":\"https:\\\/\\\/pfingstrosen-paradies.de\\\/shop\\\/staudenpfingstrosen\\\/lactiflora\\\/cheddar-cheese\\\/#primaryimage\"},\"thumbnailUrl\":\"https:\\\/\\\/pfingstrosen-paradies.de\\\/wp-content\\\/uploads\\\/Cheddar-Cheese-2-2.jpg\",\"datePublished\":\"2021-12-27T08:25:55+00:00\",\"dateModified\":\"2026-04-14T12:54:30+00:00\",\"description\":\"Lactiflora, Staudenp\u00e4onien | gro\u00dfe gef\u00fcllte Bl\u00fcten, Au\u00dfenschale wei\u00df und gelbe Staubgef\u00e4\u00dfe innen. Wie fast alle Kreuzungen die aus der alten franz\u00f6sischen Sorte Mons. Jules Elie\",\"breadcrumb\":{\"@id\":\"https:\\\/\\\/pfingstrosen-paradies.de\\\/shop\\\/staudenpfingstrosen\\\/lactiflora\\\/cheddar-cheese\\\/#breadcrumb\"},\"inLanguage\":\"en-GB\",\"potentialAction\":[{\"@type\":\"ReadAction\",\"target\":[\"https:\\\/\\\/pfingstrosen-paradies.de\\\/shop\\\/staudenpfingstrosen\\\/lactiflora\\\/cheddar-cheese\\\/\"]}]},{\"@type\":\"ImageObject\",\"inLanguage\":\"en-GB\",\"@id\":\"https:\\\/\\\/pfingstrosen-paradies.de\\\/shop\\\/staudenpfingstrosen\\\/lactiflora\\\/cheddar-cheese\\\/#primaryimage\",\"url\":\"https:\\\/\\\/pfingstrosen-paradies.de\\\/wp-content\\\/uploads\\\/Cheddar-Cheese-2-2.jpg\",\"contentUrl\":\"https:\\\/\\\/pfingstrosen-paradies.de\\\/wp-content\\\/uploads\\\/Cheddar-Cheese-2-2.jpg\",\"width\":1280,\"height\":1158,\"caption\":\"Cheddar Cheese\"},{\"@type\":\"BreadcrumbList\",\"@id\":\"https:\\\/\\\/pfingstrosen-paradies.de\\\/shop\\\/staudenpfingstrosen\\\/lactiflora\\\/cheddar-cheese\\\/#breadcrumb\",\"itemListElement\":[{\"@type\":\"ListItem\",\"position\":1,\"name\":\"Start\",\"item\":\"https:\\\/\\\/pfingstrosen-paradies.de\\\/\"},{\"@type\":\"ListItem\",\"position\":2,\"name\":\"Shop\",\"item\":\"https:\\\/\\\/pfingstrosen-paradies.de\\\/shop\\\/\"},{\"@type\":\"ListItem\",\"position\":3,\"name\":\"Cheddar Cheese\"}]},{\"@type\":\"WebSite\",\"@id\":\"https:\\\/\\\/pfingstrosen-paradies.de\\\/#website\",\"url\":\"https:\\\/\\\/pfingstrosen-paradies.de\\\/\",\"name\":\"Pfingstrosen-Paradies\",\"description\":\"Fachg\u00e4rtnerei f\u00fcr Pfingstrosen\",\"publisher\":{\"@id\":\"https:\\\/\\\/pfingstrosen-paradies.de\\\/#organization\"},\"potentialAction\":[{\"@type\":\"SearchAction\",\"target\":{\"@type\":\"EntryPoint\",\"urlTemplate\":\"https:\\\/\\\/pfingstrosen-paradies.de\\\/?s={search_term_string}\"},\"query-input\":{\"@type\":\"PropertyValueSpecification\",\"valueRequired\":true,\"valueName\":\"search_term_string\"}}],\"inLanguage\":\"en-GB\"},{\"@type\":\"Organization\",\"@id\":\"https:\\\/\\\/pfingstrosen-paradies.de\\\/#organization\",\"name\":\"Pfingstrosen-Paradies\",\"url\":\"https:\\\/\\\/pfingstrosen-paradies.de\\\/\",\"logo\":{\"@type\":\"ImageObject\",\"inLanguage\":\"en-GB\",\"@id\":\"https:\\\/\\\/pfingstrosen-paradies.de\\\/#\\\/schema\\\/logo\\\/image\\\/\",\"url\":\"https:\\\/\\\/pfingstrosen-paradies.de\\\/wp-content\\\/uploads\\\/2021\\\/02\\\/logo-pfingstrosen.png\",\"contentUrl\":\"https:\\\/\\\/pfingstrosen-paradies.de\\\/wp-content\\\/uploads\\\/2021\\\/02\\\/logo-pfingstrosen.png\",\"width\":1568,\"height\":366,\"caption\":\"Pfingstrosen-Paradies\"},\"image\":{\"@id\":\"https:\\\/\\\/pfingstrosen-paradies.de\\\/#\\\/schema\\\/logo\\\/image\\\/\"}}]}<\/script>\n<!-- \/ Yoast SEO plugin. -->","yoast_head_json":{"title":"Paeonia 'Cheddar Cheese' | Pfingstrosen-Paradies Tetzlaff","description":"Lactiflora, Staudenp\u00e4onien | gro\u00dfe gef\u00fcllte Bl\u00fcten, Au\u00dfenschale wei\u00df und gelbe Staubgef\u00e4\u00dfe innen. Wie fast alle Kreuzungen die aus der alten franz\u00f6sischen Sorte Mons. Jules Elie","robots":{"index":"index","follow":"follow","max-snippet":"max-snippet:-1","max-image-preview":"max-image-preview:large","max-video-preview":"max-video-preview:-1"},"canonical":"https:\/\/pfingstrosen-paradies.de\/en\/shop\/staudenpfingstrosen\/lactiflora\/cheddar-cheese\/","og_locale":"en_GB","og_type":"article","og_title":"Paeonia 'Cheddar Cheese' | Pfingstrosen-Paradies Tetzlaff","og_description":"Lactiflora, Staudenp\u00e4onien | gro\u00dfe gef\u00fcllte Bl\u00fcten, Au\u00dfenschale wei\u00df und gelbe Staubgef\u00e4\u00dfe innen. Wie fast alle Kreuzungen die aus der alten franz\u00f6sischen Sorte Mons. Jules Elie","og_url":"https:\/\/pfingstrosen-paradies.de\/en\/shop\/staudenpfingstrosen\/lactiflora\/cheddar-cheese\/","og_site_name":"Pfingstrosen-Paradies","article_modified_time":"2026-04-14T12:54:30+00:00","og_image":[{"width":1280,"height":1158,"url":"https:\/\/pfingstrosen-paradies.de\/wp-content\/uploads\/Cheddar-Cheese-2-2.jpg","type":"image\/jpeg"}],"twitter_card":"summary_large_image","twitter_misc":{"Estimated reading time":"1 minute"},"schema":{"@context":"https:\/\/schema.org","@graph":[{"@type":"WebPage","@id":"https:\/\/pfingstrosen-paradies.de\/shop\/staudenpfingstrosen\/lactiflora\/cheddar-cheese\/","url":"https:\/\/pfingstrosen-paradies.de\/shop\/staudenpfingstrosen\/lactiflora\/cheddar-cheese\/","name":"Paeonia 'Cheddar Cheese' | Pfingstrosen-Paradies Tetzlaff","isPartOf":{"@id":"https:\/\/pfingstrosen-paradies.de\/#website"},"primaryImageOfPage":{"@id":"https:\/\/pfingstrosen-paradies.de\/shop\/staudenpfingstrosen\/lactiflora\/cheddar-cheese\/#primaryimage"},"image":{"@id":"https:\/\/pfingstrosen-paradies.de\/shop\/staudenpfingstrosen\/lactiflora\/cheddar-cheese\/#primaryimage"},"thumbnailUrl":"https:\/\/pfingstrosen-paradies.de\/wp-content\/uploads\/Cheddar-Cheese-2-2.jpg","datePublished":"2021-12-27T08:25:55+00:00","dateModified":"2026-04-14T12:54:30+00:00","description":"Lactiflora, Staudenp\u00e4onien | gro\u00dfe gef\u00fcllte Bl\u00fcten, Au\u00dfenschale wei\u00df und gelbe Staubgef\u00e4\u00dfe innen. Wie fast alle Kreuzungen die aus der alten franz\u00f6sischen Sorte Mons. Jules Elie","breadcrumb":{"@id":"https:\/\/pfingstrosen-paradies.de\/shop\/staudenpfingstrosen\/lactiflora\/cheddar-cheese\/#breadcrumb"},"inLanguage":"en-GB","potentialAction":[{"@type":"ReadAction","target":["https:\/\/pfingstrosen-paradies.de\/shop\/staudenpfingstrosen\/lactiflora\/cheddar-cheese\/"]}]},{"@type":"ImageObject","inLanguage":"en-GB","@id":"https:\/\/pfingstrosen-paradies.de\/shop\/staudenpfingstrosen\/lactiflora\/cheddar-cheese\/#primaryimage","url":"https:\/\/pfingstrosen-paradies.de\/wp-content\/uploads\/Cheddar-Cheese-2-2.jpg","contentUrl":"https:\/\/pfingstrosen-paradies.de\/wp-content\/uploads\/Cheddar-Cheese-2-2.jpg","width":1280,"height":1158,"caption":"Cheddar Cheese"},{"@type":"BreadcrumbList","@id":"https:\/\/pfingstrosen-paradies.de\/shop\/staudenpfingstrosen\/lactiflora\/cheddar-cheese\/#breadcrumb","itemListElement":[{"@type":"ListItem","position":1,"name":"Start","item":"https:\/\/pfingstrosen-paradies.de\/"},{"@type":"ListItem","position":2,"name":"Shop","item":"https:\/\/pfingstrosen-paradies.de\/shop\/"},{"@type":"ListItem","position":3,"name":"Cheddar Cheese"}]},{"@type":"WebSite","@id":"https:\/\/pfingstrosen-paradies.de\/#website","url":"https:\/\/pfingstrosen-paradies.de\/","name":"Pfingstrosen-Paradies","description":"Fachg\u00e4rtnerei f\u00fcr Pfingstrosen","publisher":{"@id":"https:\/\/pfingstrosen-paradies.de\/#organization"},"potentialAction":[{"@type":"SearchAction","target":{"@type":"EntryPoint","urlTemplate":"https:\/\/pfingstrosen-paradies.de\/?s={search_term_string}"},"query-input":{"@type":"PropertyValueSpecification","valueRequired":true,"valueName":"search_term_string"}}],"inLanguage":"en-GB"},{"@type":"Organization","@id":"https:\/\/pfingstrosen-paradies.de\/#organization","name":"Pfingstrosen-Paradies","url":"https:\/\/pfingstrosen-paradies.de\/","logo":{"@type":"ImageObject","inLanguage":"en-GB","@id":"https:\/\/pfingstrosen-paradies.de\/#\/schema\/logo\/image\/","url":"https:\/\/pfingstrosen-paradies.de\/wp-content\/uploads\/2021\/02\/logo-pfingstrosen.png","contentUrl":"https:\/\/pfingstrosen-paradies.de\/wp-content\/uploads\/2021\/02\/logo-pfingstrosen.png","width":1568,"height":366,"caption":"Pfingstrosen-Paradies"},"image":{"@id":"https:\/\/pfingstrosen-paradies.de\/#\/schema\/logo\/image\/"}}]}},"_links":{"self":[{"href":"https:\/\/pfingstrosen-paradies.de\/en\/wp-json\/wp\/v2\/product\/2878","targetHints":{"allow":["GET"]}}],"collection":[{"href":"https:\/\/pfingstrosen-paradies.de\/en\/wp-json\/wp\/v2\/product"}],"about":[{"href":"https:\/\/pfingstrosen-paradies.de\/en\/wp-json\/wp\/v2\/types\/product"}],"wp:featuredmedia":[{"embeddable":true,"href":"https:\/\/pfingstrosen-paradies.de\/en\/wp-json\/wp\/v2\/media\/3513"}],"wp:attachment":[{"href":"https:\/\/pfingstrosen-paradies.de\/en\/wp-json\/wp\/v2\/media?parent=2878"}],"wp:term":[{"taxonomy":"product_brand","embeddable":true,"href":"https:\/\/pfingstrosen-paradies.de\/en\/wp-json\/wp\/v2\/product_brand?post=2878"},{"taxonomy":"product_cat","embeddable":true,"href":"https:\/\/pfingstrosen-paradies.de\/en\/wp-json\/wp\/v2\/product_cat?post=2878"},{"taxonomy":"product_tag","embeddable":true,"href":"https:\/\/pfingstrosen-paradies.de\/en\/wp-json\/wp\/v2\/product_tag?post=2878"}],"curies":[{"name":"wp","href":"https:\/\/api.w.org\/{rel}","templated":true}]}}