{"id":2883,"date":"2021-12-27T09:43:54","date_gmt":"2021-12-27T08:43:54","guid":{"rendered":"https:\/\/pfingstrosen-paradies.de\/?post_type=product&#038;p=2883"},"modified":"2026-05-02T18:09:44","modified_gmt":"2026-05-02T16:09:44","slug":"claire-de-lune","status":"publish","type":"product","link":"https:\/\/pfingstrosen-paradies.de\/en\/shop\/staudenpfingstrosen\/hybriden\/claire-de-lune\/","title":{"rendered":"Claire de Lune"},"content":{"rendered":"<p>Au\u00dfergew\u00f6hnliche, zartgelbe bis cremewei\u00dfe Hybride, die 1954 von den Z\u00fcchtern White und Wild (USA) eingef\u00fchrt wurde. Ihre Bl\u00fcten sind einfach, was ihr einen eleganten, schlichten Charme verleiht. Sie entstand aus der Kreuzung der Sorten <strong><a href=\"https:\/\/pfingstrosen-paradies.de\/en\/shop\/staudenpfingstrosen\/lactiflora\/monsieur-jules-elie\/\">Mons. Jules Elie<\/a><\/strong> and <strong><a href=\"https:\/\/pfingstrosen-paradies.de\/en\/shop\/staudenpfingstrosen\/stauden-wildarten\/paeonia-mlokosewitschii\/\">Paeonia mlokosewitschii<\/a><\/strong> und zeichnet sich durch einen sanften, hellen Farbton aus, der von zartgelb bis hin zu einem fast wei\u00dfen Cremefarbton reicht. Die Bl\u00fcten haben einen Durchmesser von etwa 13 cm und sind eine der fr\u00fchesten Sorten, die zu bl\u00fchen beginnen \u2013 meist bereits 3-4 Tage vor <strong><a href=\"https:\/\/pfingstrosen-paradies.de\/en\/shop\/staudenpfingstrosen\/stauden-wildarten\/paeonia-officinalis-rubra-plena\/\">Paeonia officinalis &#8218;Rubra Plena&#8216;<\/a><\/strong>. Mit einer Wuchsh\u00f6he von 70-80 cm bleibt Claire de Lune eine eher kompakte Pflanze, die ideal in Beeten und Rabatten eingesetzt werden kann. Sie ist steril, was bedeutet, dass sie keine Samen produziert. Durch ihre besonders fr\u00fche Bl\u00fctezeit und ihre sanften, eleganten Farben wird Claire de Lune zu einer der begehrtesten Pfingstrosen im Garten. Der Duft der Bl\u00fcten ist zwar zart, aber dennoch angenehm und zieht sowohl G\u00e4rtner als auch Bienen an.<\/p>","protected":false},"excerpt":{"rendered":"<p>Au\u00dfergew\u00f6hnliche, zartgelbe bis cremewei\u00dfe Hybride, die 1954 von den Z\u00fcchtern White und Wild (USA) eingef\u00fchrt wurde. Ihre Bl\u00fcten sind einfach, was ihr einen eleganten, schlichten Charme verleiht. Sie entstand aus der Kreuzung der Sorten Mons. Jules Elie und Paeonia mlokosewitschii und zeichnet sich durch einen sanften, hellen Farbton aus, der von zartgelb bis hin zu [&hellip;]<\/p>\n","protected":false},"featured_media":3522,"template":"","meta":[],"product_brand":[],"product_cat":[38,33,121],"product_tag":[],"class_list":{"0":"post-2883","1":"product","2":"type-product","3":"status-publish","4":"has-post-thumbnail","6":"product_cat-hybriden","7":"product_cat-staudenpfingstrosen","8":"product_cat-unsere-lieblingssorten","10":"first","11":"instock","12":"taxable","13":"shipping-taxable","14":"purchasable","15":"product-type-simple"},"featured_image_urls":{"full":["https:\/\/pfingstrosen-paradies.de\/wp-content\/uploads\/Claire-de-Lune-14-2.jpg",1280,960,false],"thumbnail":["https:\/\/pfingstrosen-paradies.de\/wp-content\/uploads\/Claire-de-Lune-14-2-150x150.jpg",150,150,true],"medium":["https:\/\/pfingstrosen-paradies.de\/wp-content\/uploads\/Claire-de-Lune-14-2-300x225.jpg",300,225,true],"medium_large":["https:\/\/pfingstrosen-paradies.de\/wp-content\/uploads\/Claire-de-Lune-14-2-768x576.jpg",768,576,true],"large":["https:\/\/pfingstrosen-paradies.de\/wp-content\/uploads\/Claire-de-Lune-14-2-1024x768.jpg",1024,768,true],"1536x1536":["https:\/\/pfingstrosen-paradies.de\/wp-content\/uploads\/Claire-de-Lune-14-2.jpg",1280,960,false],"2048x2048":["https:\/\/pfingstrosen-paradies.de\/wp-content\/uploads\/Claire-de-Lune-14-2.jpg",1280,960,false],"trp-custom-language-flag":["https:\/\/pfingstrosen-paradies.de\/wp-content\/uploads\/Claire-de-Lune-14-2-16x12.jpg",16,12,true],"ptam-block-post-grid-landscape":["https:\/\/pfingstrosen-paradies.de\/wp-content\/uploads\/Claire-de-Lune-14-2-600x400.jpg",600,400,true],"ptam-block-post-grid-square":["https:\/\/pfingstrosen-paradies.de\/wp-content\/uploads\/Claire-de-Lune-14-2-600x600.jpg",600,600,true],"ptam-block-post-grid-featured-landscape":["https:\/\/pfingstrosen-paradies.de\/wp-content\/uploads\/Claire-de-Lune-14-2-1000x600.jpg",1000,600,true],"woocommerce_archive_thumbnail":["https:\/\/pfingstrosen-paradies.de\/wp-content\/uploads\/Claire-de-Lune-14-2-400x350.jpg",400,350,true],"woocommerce_thumbnail":["https:\/\/pfingstrosen-paradies.de\/wp-content\/uploads\/Claire-de-Lune-14-2-400x350.jpg",400,350,true],"woocommerce_single":["https:\/\/pfingstrosen-paradies.de\/wp-content\/uploads\/Claire-de-Lune-14-2-1200x900.jpg",1200,900,true],"woocommerce_gallery_thumbnail":["https:\/\/pfingstrosen-paradies.de\/wp-content\/uploads\/Claire-de-Lune-14-2-100x100.jpg",100,100,true]},"post_excerpt_stackable":"<p>Au\u00dfergew\u00f6hnliche, zartgelbe bis cremewei\u00dfe Hybride, die 1954 von den Z\u00fcchtern White und Wild (USA) eingef\u00fchrt wurde. Ihre Bl\u00fcten sind einfach, was ihr einen eleganten, schlichten Charme verleiht. Sie entstand aus der Kreuzung der Sorten Mons. Jules Elie und Paeonia mlokosewitschii und zeichnet sich durch einen sanften, hellen Farbton aus, der von zartgelb bis hin zu einem fast wei\u00dfen Cremefarbton reicht. Die Bl\u00fcten haben einen Durchmesser von etwa 13 cm und sind eine der fr\u00fchesten Sorten, die zu bl\u00fchen beginnen \u2013 meist bereits 3-4 Tage vor Paeonia officinalis &#8218;Rubra Plena&#8216;. Mit einer Wuchsh\u00f6he von 70-80 cm bleibt Claire de Lune eine&hellip;<\/p>\n","category_list":"","author_info":{"name":"","url":""},"comments_num":"0 comments","featured_image_urls_v2":{"full":["https:\/\/pfingstrosen-paradies.de\/wp-content\/uploads\/Claire-de-Lune-14-2.jpg",1280,960,false],"thumbnail":["https:\/\/pfingstrosen-paradies.de\/wp-content\/uploads\/Claire-de-Lune-14-2-150x150.jpg",150,150,true],"medium":["https:\/\/pfingstrosen-paradies.de\/wp-content\/uploads\/Claire-de-Lune-14-2-300x225.jpg",300,225,true],"medium_large":["https:\/\/pfingstrosen-paradies.de\/wp-content\/uploads\/Claire-de-Lune-14-2-768x576.jpg",768,576,true],"large":["https:\/\/pfingstrosen-paradies.de\/wp-content\/uploads\/Claire-de-Lune-14-2-1024x768.jpg",1024,768,true],"1536x1536":["https:\/\/pfingstrosen-paradies.de\/wp-content\/uploads\/Claire-de-Lune-14-2.jpg",1280,960,false],"2048x2048":["https:\/\/pfingstrosen-paradies.de\/wp-content\/uploads\/Claire-de-Lune-14-2.jpg",1280,960,false],"trp-custom-language-flag":["https:\/\/pfingstrosen-paradies.de\/wp-content\/uploads\/Claire-de-Lune-14-2-16x12.jpg",16,12,true],"ptam-block-post-grid-landscape":["https:\/\/pfingstrosen-paradies.de\/wp-content\/uploads\/Claire-de-Lune-14-2-600x400.jpg",600,400,true],"ptam-block-post-grid-square":["https:\/\/pfingstrosen-paradies.de\/wp-content\/uploads\/Claire-de-Lune-14-2-600x600.jpg",600,600,true],"ptam-block-post-grid-featured-landscape":["https:\/\/pfingstrosen-paradies.de\/wp-content\/uploads\/Claire-de-Lune-14-2-1000x600.jpg",1000,600,true],"woocommerce_archive_thumbnail":["https:\/\/pfingstrosen-paradies.de\/wp-content\/uploads\/Claire-de-Lune-14-2-400x350.jpg",400,350,true],"woocommerce_thumbnail":["https:\/\/pfingstrosen-paradies.de\/wp-content\/uploads\/Claire-de-Lune-14-2-400x350.jpg",400,350,true],"woocommerce_single":["https:\/\/pfingstrosen-paradies.de\/wp-content\/uploads\/Claire-de-Lune-14-2-1200x900.jpg",1200,900,true],"woocommerce_gallery_thumbnail":["https:\/\/pfingstrosen-paradies.de\/wp-content\/uploads\/Claire-de-Lune-14-2-100x100.jpg",100,100,true]},"post_excerpt_stackable_v2":"<p>Au\u00dfergew\u00f6hnliche, zartgelbe bis cremewei\u00dfe Hybride, die 1954 von den Z\u00fcchtern White und Wild (USA) eingef\u00fchrt wurde. Ihre Bl\u00fcten sind einfach, was ihr einen eleganten, schlichten Charme verleiht. Sie entstand aus der Kreuzung der Sorten Mons. Jules Elie und Paeonia mlokosewitschii und zeichnet sich durch einen sanften, hellen Farbton aus, der von zartgelb bis hin zu einem fast wei\u00dfen Cremefarbton reicht. Die Bl\u00fcten haben einen Durchmesser von etwa 13 cm und sind eine der fr\u00fchesten Sorten, die zu bl\u00fchen beginnen \u2013 meist bereits 3-4 Tage vor Paeonia officinalis &#8218;Rubra Plena&#8216;. Mit einer Wuchsh\u00f6he von 70-80 cm bleibt Claire de Lune eine&hellip;<\/p>\n","category_list_v2":"","author_info_v2":{"name":"","url":""},"comments_num_v2":"0 comments","yoast_head":"<!-- This site is optimized with the Yoast SEO plugin v27.3 - https:\/\/yoast.com\/product\/yoast-seo-wordpress\/ -->\n<title>Paeonia &#039;Claire de Lune&#039; | Pfingstrosen-Paradies Tetzlaff<\/title>\n<meta name=\"description\" content=\"Hybriden, Staudenp\u00e4onien, Unsere Lieblingssorten | Au\u00dfergew\u00f6hnliche, zartgelbe bis cremewei\u00dfe Hybride, die 1954 von den Z\u00fcchtern White und Wild (USA) eingef\u00fchrt wurde. Ihre Bl\u00fcten sind einfach, was ihr\" \/>\n<meta name=\"robots\" content=\"index, follow, max-snippet:-1, max-image-preview:large, max-video-preview:-1\" \/>\n<link rel=\"canonical\" href=\"https:\/\/pfingstrosen-paradies.de\/en\/shop\/staudenpfingstrosen\/hybriden\/claire-de-lune\/\" \/>\n<meta property=\"og:locale\" content=\"en_GB\" \/>\n<meta property=\"og:type\" content=\"article\" \/>\n<meta property=\"og:title\" content=\"Paeonia &#039;Claire de Lune&#039; | Pfingstrosen-Paradies Tetzlaff\" \/>\n<meta property=\"og:description\" content=\"Hybriden, Staudenp\u00e4onien, Unsere Lieblingssorten | Au\u00dfergew\u00f6hnliche, zartgelbe bis cremewei\u00dfe Hybride, die 1954 von den Z\u00fcchtern White und Wild (USA) eingef\u00fchrt wurde. Ihre Bl\u00fcten sind einfach, was ihr\" \/>\n<meta property=\"og:url\" content=\"https:\/\/pfingstrosen-paradies.de\/en\/shop\/staudenpfingstrosen\/hybriden\/claire-de-lune\/\" \/>\n<meta property=\"og:site_name\" content=\"Pfingstrosen-Paradies\" \/>\n<meta property=\"article:modified_time\" content=\"2026-05-02T16:09:44+00:00\" \/>\n<meta property=\"og:image\" content=\"https:\/\/pfingstrosen-paradies.de\/wp-content\/uploads\/Claire-de-Lune-14-2.jpg\" \/>\n\t<meta property=\"og:image:width\" content=\"1280\" \/>\n\t<meta property=\"og:image:height\" content=\"960\" \/>\n\t<meta property=\"og:image:type\" content=\"image\/jpeg\" \/>\n<meta name=\"twitter:card\" content=\"summary_large_image\" \/>\n<meta name=\"twitter:label1\" content=\"Estimated reading time\" \/>\n\t<meta name=\"twitter:data1\" content=\"2 minutes\" \/>\n<script type=\"application\/ld+json\" class=\"yoast-schema-graph\">{\"@context\":\"https:\\\/\\\/schema.org\",\"@graph\":[{\"@type\":\"WebPage\",\"@id\":\"https:\\\/\\\/pfingstrosen-paradies.de\\\/shop\\\/staudenpfingstrosen\\\/hybriden\\\/claire-de-lune\\\/\",\"url\":\"https:\\\/\\\/pfingstrosen-paradies.de\\\/shop\\\/staudenpfingstrosen\\\/hybriden\\\/claire-de-lune\\\/\",\"name\":\"Paeonia 'Claire de Lune' | Pfingstrosen-Paradies Tetzlaff\",\"isPartOf\":{\"@id\":\"https:\\\/\\\/pfingstrosen-paradies.de\\\/#website\"},\"primaryImageOfPage\":{\"@id\":\"https:\\\/\\\/pfingstrosen-paradies.de\\\/shop\\\/staudenpfingstrosen\\\/hybriden\\\/claire-de-lune\\\/#primaryimage\"},\"image\":{\"@id\":\"https:\\\/\\\/pfingstrosen-paradies.de\\\/shop\\\/staudenpfingstrosen\\\/hybriden\\\/claire-de-lune\\\/#primaryimage\"},\"thumbnailUrl\":\"https:\\\/\\\/pfingstrosen-paradies.de\\\/wp-content\\\/uploads\\\/Claire-de-Lune-14-2.jpg\",\"datePublished\":\"2021-12-27T08:43:54+00:00\",\"dateModified\":\"2026-05-02T16:09:44+00:00\",\"description\":\"Hybriden, Staudenp\u00e4onien, Unsere Lieblingssorten | Au\u00dfergew\u00f6hnliche, zartgelbe bis cremewei\u00dfe Hybride, die 1954 von den Z\u00fcchtern White und Wild (USA) eingef\u00fchrt wurde. Ihre Bl\u00fcten sind einfach, was ihr\",\"breadcrumb\":{\"@id\":\"https:\\\/\\\/pfingstrosen-paradies.de\\\/shop\\\/staudenpfingstrosen\\\/hybriden\\\/claire-de-lune\\\/#breadcrumb\"},\"inLanguage\":\"en-GB\",\"potentialAction\":[{\"@type\":\"ReadAction\",\"target\":[\"https:\\\/\\\/pfingstrosen-paradies.de\\\/shop\\\/staudenpfingstrosen\\\/hybriden\\\/claire-de-lune\\\/\"]}]},{\"@type\":\"ImageObject\",\"inLanguage\":\"en-GB\",\"@id\":\"https:\\\/\\\/pfingstrosen-paradies.de\\\/shop\\\/staudenpfingstrosen\\\/hybriden\\\/claire-de-lune\\\/#primaryimage\",\"url\":\"https:\\\/\\\/pfingstrosen-paradies.de\\\/wp-content\\\/uploads\\\/Claire-de-Lune-14-2.jpg\",\"contentUrl\":\"https:\\\/\\\/pfingstrosen-paradies.de\\\/wp-content\\\/uploads\\\/Claire-de-Lune-14-2.jpg\",\"width\":1280,\"height\":960,\"caption\":\"Claire de Lune\"},{\"@type\":\"BreadcrumbList\",\"@id\":\"https:\\\/\\\/pfingstrosen-paradies.de\\\/shop\\\/staudenpfingstrosen\\\/hybriden\\\/claire-de-lune\\\/#breadcrumb\",\"itemListElement\":[{\"@type\":\"ListItem\",\"position\":1,\"name\":\"Start\",\"item\":\"https:\\\/\\\/pfingstrosen-paradies.de\\\/\"},{\"@type\":\"ListItem\",\"position\":2,\"name\":\"Shop\",\"item\":\"https:\\\/\\\/pfingstrosen-paradies.de\\\/shop\\\/\"},{\"@type\":\"ListItem\",\"position\":3,\"name\":\"Claire de Lune\"}]},{\"@type\":\"WebSite\",\"@id\":\"https:\\\/\\\/pfingstrosen-paradies.de\\\/#website\",\"url\":\"https:\\\/\\\/pfingstrosen-paradies.de\\\/\",\"name\":\"Pfingstrosen-Paradies\",\"description\":\"Fachg\u00e4rtnerei f\u00fcr Pfingstrosen\",\"publisher\":{\"@id\":\"https:\\\/\\\/pfingstrosen-paradies.de\\\/#organization\"},\"potentialAction\":[{\"@type\":\"SearchAction\",\"target\":{\"@type\":\"EntryPoint\",\"urlTemplate\":\"https:\\\/\\\/pfingstrosen-paradies.de\\\/?s={search_term_string}\"},\"query-input\":{\"@type\":\"PropertyValueSpecification\",\"valueRequired\":true,\"valueName\":\"search_term_string\"}}],\"inLanguage\":\"en-GB\"},{\"@type\":\"Organization\",\"@id\":\"https:\\\/\\\/pfingstrosen-paradies.de\\\/#organization\",\"name\":\"Pfingstrosen-Paradies\",\"url\":\"https:\\\/\\\/pfingstrosen-paradies.de\\\/\",\"logo\":{\"@type\":\"ImageObject\",\"inLanguage\":\"en-GB\",\"@id\":\"https:\\\/\\\/pfingstrosen-paradies.de\\\/#\\\/schema\\\/logo\\\/image\\\/\",\"url\":\"https:\\\/\\\/pfingstrosen-paradies.de\\\/wp-content\\\/uploads\\\/2021\\\/02\\\/logo-pfingstrosen.png\",\"contentUrl\":\"https:\\\/\\\/pfingstrosen-paradies.de\\\/wp-content\\\/uploads\\\/2021\\\/02\\\/logo-pfingstrosen.png\",\"width\":1568,\"height\":366,\"caption\":\"Pfingstrosen-Paradies\"},\"image\":{\"@id\":\"https:\\\/\\\/pfingstrosen-paradies.de\\\/#\\\/schema\\\/logo\\\/image\\\/\"}}]}<\/script>\n<!-- \/ Yoast SEO plugin. -->","yoast_head_json":{"title":"Paeonia 'Claire de Lune' | Pfingstrosen-Paradies Tetzlaff","description":"Hybriden, Staudenp\u00e4onien, Unsere Lieblingssorten | Au\u00dfergew\u00f6hnliche, zartgelbe bis cremewei\u00dfe Hybride, die 1954 von den Z\u00fcchtern White und Wild (USA) eingef\u00fchrt wurde. Ihre Bl\u00fcten sind einfach, was ihr","robots":{"index":"index","follow":"follow","max-snippet":"max-snippet:-1","max-image-preview":"max-image-preview:large","max-video-preview":"max-video-preview:-1"},"canonical":"https:\/\/pfingstrosen-paradies.de\/en\/shop\/staudenpfingstrosen\/hybriden\/claire-de-lune\/","og_locale":"en_GB","og_type":"article","og_title":"Paeonia 'Claire de Lune' | Pfingstrosen-Paradies Tetzlaff","og_description":"Hybriden, Staudenp\u00e4onien, Unsere Lieblingssorten | Au\u00dfergew\u00f6hnliche, zartgelbe bis cremewei\u00dfe Hybride, die 1954 von den Z\u00fcchtern White und Wild (USA) eingef\u00fchrt wurde. Ihre Bl\u00fcten sind einfach, was ihr","og_url":"https:\/\/pfingstrosen-paradies.de\/en\/shop\/staudenpfingstrosen\/hybriden\/claire-de-lune\/","og_site_name":"Pfingstrosen-Paradies","article_modified_time":"2026-05-02T16:09:44+00:00","og_image":[{"width":1280,"height":960,"url":"https:\/\/pfingstrosen-paradies.de\/wp-content\/uploads\/Claire-de-Lune-14-2.jpg","type":"image\/jpeg"}],"twitter_card":"summary_large_image","twitter_misc":{"Estimated reading time":"2 minutes"},"schema":{"@context":"https:\/\/schema.org","@graph":[{"@type":"WebPage","@id":"https:\/\/pfingstrosen-paradies.de\/shop\/staudenpfingstrosen\/hybriden\/claire-de-lune\/","url":"https:\/\/pfingstrosen-paradies.de\/shop\/staudenpfingstrosen\/hybriden\/claire-de-lune\/","name":"Paeonia 'Claire de Lune' | Pfingstrosen-Paradies Tetzlaff","isPartOf":{"@id":"https:\/\/pfingstrosen-paradies.de\/#website"},"primaryImageOfPage":{"@id":"https:\/\/pfingstrosen-paradies.de\/shop\/staudenpfingstrosen\/hybriden\/claire-de-lune\/#primaryimage"},"image":{"@id":"https:\/\/pfingstrosen-paradies.de\/shop\/staudenpfingstrosen\/hybriden\/claire-de-lune\/#primaryimage"},"thumbnailUrl":"https:\/\/pfingstrosen-paradies.de\/wp-content\/uploads\/Claire-de-Lune-14-2.jpg","datePublished":"2021-12-27T08:43:54+00:00","dateModified":"2026-05-02T16:09:44+00:00","description":"Hybriden, Staudenp\u00e4onien, Unsere Lieblingssorten | Au\u00dfergew\u00f6hnliche, zartgelbe bis cremewei\u00dfe Hybride, die 1954 von den Z\u00fcchtern White und Wild (USA) eingef\u00fchrt wurde. Ihre Bl\u00fcten sind einfach, was ihr","breadcrumb":{"@id":"https:\/\/pfingstrosen-paradies.de\/shop\/staudenpfingstrosen\/hybriden\/claire-de-lune\/#breadcrumb"},"inLanguage":"en-GB","potentialAction":[{"@type":"ReadAction","target":["https:\/\/pfingstrosen-paradies.de\/shop\/staudenpfingstrosen\/hybriden\/claire-de-lune\/"]}]},{"@type":"ImageObject","inLanguage":"en-GB","@id":"https:\/\/pfingstrosen-paradies.de\/shop\/staudenpfingstrosen\/hybriden\/claire-de-lune\/#primaryimage","url":"https:\/\/pfingstrosen-paradies.de\/wp-content\/uploads\/Claire-de-Lune-14-2.jpg","contentUrl":"https:\/\/pfingstrosen-paradies.de\/wp-content\/uploads\/Claire-de-Lune-14-2.jpg","width":1280,"height":960,"caption":"Claire de Lune"},{"@type":"BreadcrumbList","@id":"https:\/\/pfingstrosen-paradies.de\/shop\/staudenpfingstrosen\/hybriden\/claire-de-lune\/#breadcrumb","itemListElement":[{"@type":"ListItem","position":1,"name":"Start","item":"https:\/\/pfingstrosen-paradies.de\/"},{"@type":"ListItem","position":2,"name":"Shop","item":"https:\/\/pfingstrosen-paradies.de\/shop\/"},{"@type":"ListItem","position":3,"name":"Claire de Lune"}]},{"@type":"WebSite","@id":"https:\/\/pfingstrosen-paradies.de\/#website","url":"https:\/\/pfingstrosen-paradies.de\/","name":"Pfingstrosen-Paradies","description":"Fachg\u00e4rtnerei f\u00fcr Pfingstrosen","publisher":{"@id":"https:\/\/pfingstrosen-paradies.de\/#organization"},"potentialAction":[{"@type":"SearchAction","target":{"@type":"EntryPoint","urlTemplate":"https:\/\/pfingstrosen-paradies.de\/?s={search_term_string}"},"query-input":{"@type":"PropertyValueSpecification","valueRequired":true,"valueName":"search_term_string"}}],"inLanguage":"en-GB"},{"@type":"Organization","@id":"https:\/\/pfingstrosen-paradies.de\/#organization","name":"Pfingstrosen-Paradies","url":"https:\/\/pfingstrosen-paradies.de\/","logo":{"@type":"ImageObject","inLanguage":"en-GB","@id":"https:\/\/pfingstrosen-paradies.de\/#\/schema\/logo\/image\/","url":"https:\/\/pfingstrosen-paradies.de\/wp-content\/uploads\/2021\/02\/logo-pfingstrosen.png","contentUrl":"https:\/\/pfingstrosen-paradies.de\/wp-content\/uploads\/2021\/02\/logo-pfingstrosen.png","width":1568,"height":366,"caption":"Pfingstrosen-Paradies"},"image":{"@id":"https:\/\/pfingstrosen-paradies.de\/#\/schema\/logo\/image\/"}}]}},"_links":{"self":[{"href":"https:\/\/pfingstrosen-paradies.de\/en\/wp-json\/wp\/v2\/product\/2883","targetHints":{"allow":["GET"]}}],"collection":[{"href":"https:\/\/pfingstrosen-paradies.de\/en\/wp-json\/wp\/v2\/product"}],"about":[{"href":"https:\/\/pfingstrosen-paradies.de\/en\/wp-json\/wp\/v2\/types\/product"}],"wp:featuredmedia":[{"embeddable":true,"href":"https:\/\/pfingstrosen-paradies.de\/en\/wp-json\/wp\/v2\/media\/3522"}],"wp:attachment":[{"href":"https:\/\/pfingstrosen-paradies.de\/en\/wp-json\/wp\/v2\/media?parent=2883"}],"wp:term":[{"taxonomy":"product_brand","embeddable":true,"href":"https:\/\/pfingstrosen-paradies.de\/en\/wp-json\/wp\/v2\/product_brand?post=2883"},{"taxonomy":"product_cat","embeddable":true,"href":"https:\/\/pfingstrosen-paradies.de\/en\/wp-json\/wp\/v2\/product_cat?post=2883"},{"taxonomy":"product_tag","embeddable":true,"href":"https:\/\/pfingstrosen-paradies.de\/en\/wp-json\/wp\/v2\/product_tag?post=2883"}],"curies":[{"name":"wp","href":"https:\/\/api.w.org\/{rel}","templated":true}]}}