{"id":2921,"date":"2021-12-27T17:07:49","date_gmt":"2021-12-27T16:07:49","guid":{"rendered":"https:\/\/pfingstrosen-paradies.de\/?post_type=product&#038;p=2921"},"modified":"2026-04-26T16:23:28","modified_gmt":"2026-04-26T14:23:28","slug":"coral-charm","status":"publish","type":"product","link":"https:\/\/pfingstrosen-paradies.de\/en\/shop\/staudenpfingstrosen\/hybriden\/coral-charm\/","title":{"rendered":"Coral Charm"},"content":{"rendered":"<p>&#8218;Coral Charm&#8216; ist eine herausragende Staudenpfingstrose aus der bekannten Peregrina-Hybriden-Gruppe, die 1964 von Wissing (USA) gez\u00fcchtet wurde. Diese Sorte besticht durch ihre besonders elegante Bl\u00fcte, die im Aufbl\u00fchen ein kr\u00e4ftiges Rosa zeigt und sich im weiteren Verlauf zu einem leuchtenden Lachsrosa ver\u00e4ndert. Diese Farbver\u00e4nderung macht Coral Charm zu einem wahren Blickfang im Garten. Die Bl\u00fcten sind halbgef\u00fcllt und erreichen einen Durchmesser von etwa 15 cm. Coral Charm ist zwar in seltenen F\u00e4llen fertil, meist jedoch steril, was bedeutet, dass sie sich in der Regel nicht durch Samen vermehrt. Die Pflanze hat keine Seitenknospen. Sie hat die Goldmedaille der American Peony Society (APS) erhalten. Die Bl\u00fctezeit von Coral Charm ist mittel-fr\u00fch, etwa 10 Tage nach der Sorte Claire de Lune. Mit einer Wuchsh\u00f6he von 100-110 cm ist sie ideal geeignet, um in Beeten oder als Schnittblume verwendet zu werden. Der Duft der Bl\u00fcten ist intensiv und zieht nicht nur den Gartenbesucher, sondern auch Bienen und Schmetterlinge an. Das Farbspektrum ist sehr \u00e4hnlich wie die beiden Sorten: <strong><a href=\"https:\/\/pfingstrosen-paradies.de\/en\/shop\/staudenpfingstrosen\/hybriden\/coral-sunset\/\">Coral Sunset<\/a><\/strong> and <strong><a href=\"https:\/\/pfingstrosen-paradies.de\/en\/shop\/staudenpfingstrosen\/hybriden\/pink-hawaiian-coral\/\">Pink Hawaiian Coral<\/a><\/strong>. Coral Charm ist eine elegante und beliebte Pfingstrose, die in jedem Garten f\u00fcr Aufsehen sorgt. Mit ihren einzigartigen Farbverl\u00e4ufen und ihrem intensiven Duft ist sie ein absolutes Highlight f\u00fcr Liebhaber von Staudenpfingstrosen.<\/p>","protected":false},"excerpt":{"rendered":"<p>&#8218;Coral Charm&#8216; ist eine herausragende Staudenpfingstrose aus der bekannten Peregrina-Hybriden-Gruppe, die 1964 von Wissing (USA) gez\u00fcchtet wurde. Diese Sorte besticht durch ihre besonders elegante Bl\u00fcte, die im Aufbl\u00fchen ein kr\u00e4ftiges Rosa zeigt und sich im weiteren Verlauf zu einem leuchtenden Lachsrosa ver\u00e4ndert. Diese Farbver\u00e4nderung macht Coral Charm zu einem wahren Blickfang im Garten. Die Bl\u00fcten [&hellip;]<\/p>\n","protected":false},"featured_media":17367,"template":"","meta":[],"product_brand":[],"product_cat":[38,33],"product_tag":[],"class_list":{"0":"post-2921","1":"product","2":"type-product","3":"status-publish","4":"has-post-thumbnail","6":"product_cat-hybriden","7":"product_cat-staudenpfingstrosen","9":"first","10":"instock","11":"taxable","12":"shipping-taxable","13":"purchasable","14":"product-type-simple"},"featured_image_urls":{"full":["https:\/\/pfingstrosen-paradies.de\/wp-content\/uploads\/Coral-Charm-8.jpg",1280,960,false],"thumbnail":["https:\/\/pfingstrosen-paradies.de\/wp-content\/uploads\/Coral-Charm-8-150x150.jpg",150,150,true],"medium":["https:\/\/pfingstrosen-paradies.de\/wp-content\/uploads\/Coral-Charm-8-300x225.jpg",300,225,true],"medium_large":["https:\/\/pfingstrosen-paradies.de\/wp-content\/uploads\/Coral-Charm-8-768x576.jpg",768,576,true],"large":["https:\/\/pfingstrosen-paradies.de\/wp-content\/uploads\/Coral-Charm-8-1024x768.jpg",1024,768,true],"1536x1536":["https:\/\/pfingstrosen-paradies.de\/wp-content\/uploads\/Coral-Charm-8.jpg",1280,960,false],"2048x2048":["https:\/\/pfingstrosen-paradies.de\/wp-content\/uploads\/Coral-Charm-8.jpg",1280,960,false],"trp-custom-language-flag":["https:\/\/pfingstrosen-paradies.de\/wp-content\/uploads\/Coral-Charm-8-16x12.jpg",16,12,true],"ptam-block-post-grid-landscape":["https:\/\/pfingstrosen-paradies.de\/wp-content\/uploads\/Coral-Charm-8-600x400.jpg",600,400,true],"ptam-block-post-grid-square":["https:\/\/pfingstrosen-paradies.de\/wp-content\/uploads\/Coral-Charm-8-600x600.jpg",600,600,true],"ptam-block-post-grid-featured-landscape":["https:\/\/pfingstrosen-paradies.de\/wp-content\/uploads\/Coral-Charm-8-1000x600.jpg",1000,600,true],"woocommerce_archive_thumbnail":["https:\/\/pfingstrosen-paradies.de\/wp-content\/uploads\/Coral-Charm-8-400x350.jpg",400,350,true],"woocommerce_thumbnail":["https:\/\/pfingstrosen-paradies.de\/wp-content\/uploads\/Coral-Charm-8-400x350.jpg",400,350,true],"woocommerce_single":["https:\/\/pfingstrosen-paradies.de\/wp-content\/uploads\/Coral-Charm-8-1200x900.jpg",1200,900,true],"woocommerce_gallery_thumbnail":["https:\/\/pfingstrosen-paradies.de\/wp-content\/uploads\/Coral-Charm-8-100x100.jpg",100,100,true]},"post_excerpt_stackable":"<p>&#8218;Coral Charm&#8216; ist eine herausragende Staudenpfingstrose aus der bekannten Peregrina-Hybriden-Gruppe, die 1964 von Wissing (USA) gez\u00fcchtet wurde. Diese Sorte besticht durch ihre besonders elegante Bl\u00fcte, die im Aufbl\u00fchen ein kr\u00e4ftiges Rosa zeigt und sich im weiteren Verlauf zu einem leuchtenden Lachsrosa ver\u00e4ndert. Diese Farbver\u00e4nderung macht Coral Charm zu einem wahren Blickfang im Garten. Die Bl\u00fcten sind halbgef\u00fcllt und erreichen einen Durchmesser von etwa 15 cm. Coral Charm ist zwar in seltenen F\u00e4llen fertil, meist jedoch steril, was bedeutet, dass sie sich in der Regel nicht durch Samen vermehrt. Die Pflanze hat keine Seitenknospen. Sie hat die Goldmedaille der American Peony&hellip;<\/p>\n","category_list":"","author_info":{"name":"","url":""},"comments_num":"0 comments","featured_image_urls_v2":{"full":["https:\/\/pfingstrosen-paradies.de\/wp-content\/uploads\/Coral-Charm-8.jpg",1280,960,false],"thumbnail":["https:\/\/pfingstrosen-paradies.de\/wp-content\/uploads\/Coral-Charm-8-150x150.jpg",150,150,true],"medium":["https:\/\/pfingstrosen-paradies.de\/wp-content\/uploads\/Coral-Charm-8-300x225.jpg",300,225,true],"medium_large":["https:\/\/pfingstrosen-paradies.de\/wp-content\/uploads\/Coral-Charm-8-768x576.jpg",768,576,true],"large":["https:\/\/pfingstrosen-paradies.de\/wp-content\/uploads\/Coral-Charm-8-1024x768.jpg",1024,768,true],"1536x1536":["https:\/\/pfingstrosen-paradies.de\/wp-content\/uploads\/Coral-Charm-8.jpg",1280,960,false],"2048x2048":["https:\/\/pfingstrosen-paradies.de\/wp-content\/uploads\/Coral-Charm-8.jpg",1280,960,false],"trp-custom-language-flag":["https:\/\/pfingstrosen-paradies.de\/wp-content\/uploads\/Coral-Charm-8-16x12.jpg",16,12,true],"ptam-block-post-grid-landscape":["https:\/\/pfingstrosen-paradies.de\/wp-content\/uploads\/Coral-Charm-8-600x400.jpg",600,400,true],"ptam-block-post-grid-square":["https:\/\/pfingstrosen-paradies.de\/wp-content\/uploads\/Coral-Charm-8-600x600.jpg",600,600,true],"ptam-block-post-grid-featured-landscape":["https:\/\/pfingstrosen-paradies.de\/wp-content\/uploads\/Coral-Charm-8-1000x600.jpg",1000,600,true],"woocommerce_archive_thumbnail":["https:\/\/pfingstrosen-paradies.de\/wp-content\/uploads\/Coral-Charm-8-400x350.jpg",400,350,true],"woocommerce_thumbnail":["https:\/\/pfingstrosen-paradies.de\/wp-content\/uploads\/Coral-Charm-8-400x350.jpg",400,350,true],"woocommerce_single":["https:\/\/pfingstrosen-paradies.de\/wp-content\/uploads\/Coral-Charm-8-1200x900.jpg",1200,900,true],"woocommerce_gallery_thumbnail":["https:\/\/pfingstrosen-paradies.de\/wp-content\/uploads\/Coral-Charm-8-100x100.jpg",100,100,true]},"post_excerpt_stackable_v2":"<p>&#8218;Coral Charm&#8216; ist eine herausragende Staudenpfingstrose aus der bekannten Peregrina-Hybriden-Gruppe, die 1964 von Wissing (USA) gez\u00fcchtet wurde. Diese Sorte besticht durch ihre besonders elegante Bl\u00fcte, die im Aufbl\u00fchen ein kr\u00e4ftiges Rosa zeigt und sich im weiteren Verlauf zu einem leuchtenden Lachsrosa ver\u00e4ndert. Diese Farbver\u00e4nderung macht Coral Charm zu einem wahren Blickfang im Garten. Die Bl\u00fcten sind halbgef\u00fcllt und erreichen einen Durchmesser von etwa 15 cm. Coral Charm ist zwar in seltenen F\u00e4llen fertil, meist jedoch steril, was bedeutet, dass sie sich in der Regel nicht durch Samen vermehrt. Die Pflanze hat keine Seitenknospen. Sie hat die Goldmedaille der American Peony&hellip;<\/p>\n","category_list_v2":"","author_info_v2":{"name":"","url":""},"comments_num_v2":"0 comments","yoast_head":"<!-- This site is optimized with the Yoast SEO plugin v27.3 - https:\/\/yoast.com\/product\/yoast-seo-wordpress\/ -->\n<title>Paeonia &#039;Coral Charm&#039; | Pfingstrosen-Paradies Tetzlaff<\/title>\n<meta name=\"description\" content=\"Hybriden, Staudenp\u00e4onien | &#039;Coral Charm&#039; ist eine herausragende Staudenpfingstrose aus der bekannten Peregrina-Hybriden-Gruppe, die 1964 von Wissing (USA) gez\u00fcchtet wurde. Diese\" \/>\n<meta name=\"robots\" content=\"index, follow, max-snippet:-1, max-image-preview:large, max-video-preview:-1\" \/>\n<link rel=\"canonical\" href=\"https:\/\/pfingstrosen-paradies.de\/en\/shop\/staudenpfingstrosen\/hybriden\/coral-charm\/\" \/>\n<meta property=\"og:locale\" content=\"en_GB\" \/>\n<meta property=\"og:type\" content=\"article\" \/>\n<meta property=\"og:title\" content=\"Paeonia &#039;Coral Charm&#039; | Pfingstrosen-Paradies Tetzlaff\" \/>\n<meta property=\"og:description\" content=\"Hybriden, Staudenp\u00e4onien | &#039;Coral Charm&#039; ist eine herausragende Staudenpfingstrose aus der bekannten Peregrina-Hybriden-Gruppe, die 1964 von Wissing (USA) gez\u00fcchtet wurde. Diese\" \/>\n<meta property=\"og:url\" content=\"https:\/\/pfingstrosen-paradies.de\/en\/shop\/staudenpfingstrosen\/hybriden\/coral-charm\/\" \/>\n<meta property=\"og:site_name\" content=\"Pfingstrosen-Paradies\" \/>\n<meta property=\"article:modified_time\" content=\"2026-04-26T14:23:28+00:00\" \/>\n<meta property=\"og:image\" content=\"https:\/\/pfingstrosen-paradies.de\/wp-content\/uploads\/Coral-Charm-8.jpg\" \/>\n\t<meta property=\"og:image:width\" content=\"1280\" \/>\n\t<meta property=\"og:image:height\" content=\"960\" \/>\n\t<meta property=\"og:image:type\" content=\"image\/jpeg\" \/>\n<meta name=\"twitter:card\" content=\"summary_large_image\" \/>\n<meta name=\"twitter:label1\" content=\"Estimated reading time\" \/>\n\t<meta name=\"twitter:data1\" content=\"2 minutes\" \/>\n<script type=\"application\/ld+json\" class=\"yoast-schema-graph\">{\"@context\":\"https:\\\/\\\/schema.org\",\"@graph\":[{\"@type\":\"WebPage\",\"@id\":\"https:\\\/\\\/pfingstrosen-paradies.de\\\/shop\\\/staudenpfingstrosen\\\/hybriden\\\/coral-charm\\\/\",\"url\":\"https:\\\/\\\/pfingstrosen-paradies.de\\\/shop\\\/staudenpfingstrosen\\\/hybriden\\\/coral-charm\\\/\",\"name\":\"Paeonia 'Coral Charm' | Pfingstrosen-Paradies Tetzlaff\",\"isPartOf\":{\"@id\":\"https:\\\/\\\/pfingstrosen-paradies.de\\\/#website\"},\"primaryImageOfPage\":{\"@id\":\"https:\\\/\\\/pfingstrosen-paradies.de\\\/shop\\\/staudenpfingstrosen\\\/hybriden\\\/coral-charm\\\/#primaryimage\"},\"image\":{\"@id\":\"https:\\\/\\\/pfingstrosen-paradies.de\\\/shop\\\/staudenpfingstrosen\\\/hybriden\\\/coral-charm\\\/#primaryimage\"},\"thumbnailUrl\":\"https:\\\/\\\/pfingstrosen-paradies.de\\\/wp-content\\\/uploads\\\/Coral-Charm-8.jpg\",\"datePublished\":\"2021-12-27T16:07:49+00:00\",\"dateModified\":\"2026-04-26T14:23:28+00:00\",\"description\":\"Hybriden, Staudenp\u00e4onien | 'Coral Charm' ist eine herausragende Staudenpfingstrose aus der bekannten Peregrina-Hybriden-Gruppe, die 1964 von Wissing (USA) gez\u00fcchtet wurde. Diese\",\"breadcrumb\":{\"@id\":\"https:\\\/\\\/pfingstrosen-paradies.de\\\/shop\\\/staudenpfingstrosen\\\/hybriden\\\/coral-charm\\\/#breadcrumb\"},\"inLanguage\":\"en-GB\",\"potentialAction\":[{\"@type\":\"ReadAction\",\"target\":[\"https:\\\/\\\/pfingstrosen-paradies.de\\\/shop\\\/staudenpfingstrosen\\\/hybriden\\\/coral-charm\\\/\"]}]},{\"@type\":\"ImageObject\",\"inLanguage\":\"en-GB\",\"@id\":\"https:\\\/\\\/pfingstrosen-paradies.de\\\/shop\\\/staudenpfingstrosen\\\/hybriden\\\/coral-charm\\\/#primaryimage\",\"url\":\"https:\\\/\\\/pfingstrosen-paradies.de\\\/wp-content\\\/uploads\\\/Coral-Charm-8.jpg\",\"contentUrl\":\"https:\\\/\\\/pfingstrosen-paradies.de\\\/wp-content\\\/uploads\\\/Coral-Charm-8.jpg\",\"width\":1280,\"height\":960,\"caption\":\"Coral Charm\"},{\"@type\":\"BreadcrumbList\",\"@id\":\"https:\\\/\\\/pfingstrosen-paradies.de\\\/shop\\\/staudenpfingstrosen\\\/hybriden\\\/coral-charm\\\/#breadcrumb\",\"itemListElement\":[{\"@type\":\"ListItem\",\"position\":1,\"name\":\"Start\",\"item\":\"https:\\\/\\\/pfingstrosen-paradies.de\\\/\"},{\"@type\":\"ListItem\",\"position\":2,\"name\":\"Shop\",\"item\":\"https:\\\/\\\/pfingstrosen-paradies.de\\\/shop\\\/\"},{\"@type\":\"ListItem\",\"position\":3,\"name\":\"Coral Charm\"}]},{\"@type\":\"WebSite\",\"@id\":\"https:\\\/\\\/pfingstrosen-paradies.de\\\/#website\",\"url\":\"https:\\\/\\\/pfingstrosen-paradies.de\\\/\",\"name\":\"Pfingstrosen-Paradies\",\"description\":\"Fachg\u00e4rtnerei f\u00fcr Pfingstrosen\",\"publisher\":{\"@id\":\"https:\\\/\\\/pfingstrosen-paradies.de\\\/#organization\"},\"potentialAction\":[{\"@type\":\"SearchAction\",\"target\":{\"@type\":\"EntryPoint\",\"urlTemplate\":\"https:\\\/\\\/pfingstrosen-paradies.de\\\/?s={search_term_string}\"},\"query-input\":{\"@type\":\"PropertyValueSpecification\",\"valueRequired\":true,\"valueName\":\"search_term_string\"}}],\"inLanguage\":\"en-GB\"},{\"@type\":\"Organization\",\"@id\":\"https:\\\/\\\/pfingstrosen-paradies.de\\\/#organization\",\"name\":\"Pfingstrosen-Paradies\",\"url\":\"https:\\\/\\\/pfingstrosen-paradies.de\\\/\",\"logo\":{\"@type\":\"ImageObject\",\"inLanguage\":\"en-GB\",\"@id\":\"https:\\\/\\\/pfingstrosen-paradies.de\\\/#\\\/schema\\\/logo\\\/image\\\/\",\"url\":\"https:\\\/\\\/pfingstrosen-paradies.de\\\/wp-content\\\/uploads\\\/2021\\\/02\\\/logo-pfingstrosen.png\",\"contentUrl\":\"https:\\\/\\\/pfingstrosen-paradies.de\\\/wp-content\\\/uploads\\\/2021\\\/02\\\/logo-pfingstrosen.png\",\"width\":1568,\"height\":366,\"caption\":\"Pfingstrosen-Paradies\"},\"image\":{\"@id\":\"https:\\\/\\\/pfingstrosen-paradies.de\\\/#\\\/schema\\\/logo\\\/image\\\/\"}}]}<\/script>\n<!-- \/ Yoast SEO plugin. -->","yoast_head_json":{"title":"Paeonia 'Coral Charm' | Pfingstrosen-Paradies Tetzlaff","description":"Hybriden, Staudenp\u00e4onien | 'Coral Charm' ist eine herausragende Staudenpfingstrose aus der bekannten Peregrina-Hybriden-Gruppe, die 1964 von Wissing (USA) gez\u00fcchtet wurde. Diese","robots":{"index":"index","follow":"follow","max-snippet":"max-snippet:-1","max-image-preview":"max-image-preview:large","max-video-preview":"max-video-preview:-1"},"canonical":"https:\/\/pfingstrosen-paradies.de\/en\/shop\/staudenpfingstrosen\/hybriden\/coral-charm\/","og_locale":"en_GB","og_type":"article","og_title":"Paeonia 'Coral Charm' | Pfingstrosen-Paradies Tetzlaff","og_description":"Hybriden, Staudenp\u00e4onien | 'Coral Charm' ist eine herausragende Staudenpfingstrose aus der bekannten Peregrina-Hybriden-Gruppe, die 1964 von Wissing (USA) gez\u00fcchtet wurde. Diese","og_url":"https:\/\/pfingstrosen-paradies.de\/en\/shop\/staudenpfingstrosen\/hybriden\/coral-charm\/","og_site_name":"Pfingstrosen-Paradies","article_modified_time":"2026-04-26T14:23:28+00:00","og_image":[{"width":1280,"height":960,"url":"https:\/\/pfingstrosen-paradies.de\/wp-content\/uploads\/Coral-Charm-8.jpg","type":"image\/jpeg"}],"twitter_card":"summary_large_image","twitter_misc":{"Estimated reading time":"2 minutes"},"schema":{"@context":"https:\/\/schema.org","@graph":[{"@type":"WebPage","@id":"https:\/\/pfingstrosen-paradies.de\/shop\/staudenpfingstrosen\/hybriden\/coral-charm\/","url":"https:\/\/pfingstrosen-paradies.de\/shop\/staudenpfingstrosen\/hybriden\/coral-charm\/","name":"Paeonia 'Coral Charm' | Pfingstrosen-Paradies Tetzlaff","isPartOf":{"@id":"https:\/\/pfingstrosen-paradies.de\/#website"},"primaryImageOfPage":{"@id":"https:\/\/pfingstrosen-paradies.de\/shop\/staudenpfingstrosen\/hybriden\/coral-charm\/#primaryimage"},"image":{"@id":"https:\/\/pfingstrosen-paradies.de\/shop\/staudenpfingstrosen\/hybriden\/coral-charm\/#primaryimage"},"thumbnailUrl":"https:\/\/pfingstrosen-paradies.de\/wp-content\/uploads\/Coral-Charm-8.jpg","datePublished":"2021-12-27T16:07:49+00:00","dateModified":"2026-04-26T14:23:28+00:00","description":"Hybriden, Staudenp\u00e4onien | 'Coral Charm' ist eine herausragende Staudenpfingstrose aus der bekannten Peregrina-Hybriden-Gruppe, die 1964 von Wissing (USA) gez\u00fcchtet wurde. Diese","breadcrumb":{"@id":"https:\/\/pfingstrosen-paradies.de\/shop\/staudenpfingstrosen\/hybriden\/coral-charm\/#breadcrumb"},"inLanguage":"en-GB","potentialAction":[{"@type":"ReadAction","target":["https:\/\/pfingstrosen-paradies.de\/shop\/staudenpfingstrosen\/hybriden\/coral-charm\/"]}]},{"@type":"ImageObject","inLanguage":"en-GB","@id":"https:\/\/pfingstrosen-paradies.de\/shop\/staudenpfingstrosen\/hybriden\/coral-charm\/#primaryimage","url":"https:\/\/pfingstrosen-paradies.de\/wp-content\/uploads\/Coral-Charm-8.jpg","contentUrl":"https:\/\/pfingstrosen-paradies.de\/wp-content\/uploads\/Coral-Charm-8.jpg","width":1280,"height":960,"caption":"Coral Charm"},{"@type":"BreadcrumbList","@id":"https:\/\/pfingstrosen-paradies.de\/shop\/staudenpfingstrosen\/hybriden\/coral-charm\/#breadcrumb","itemListElement":[{"@type":"ListItem","position":1,"name":"Start","item":"https:\/\/pfingstrosen-paradies.de\/"},{"@type":"ListItem","position":2,"name":"Shop","item":"https:\/\/pfingstrosen-paradies.de\/shop\/"},{"@type":"ListItem","position":3,"name":"Coral Charm"}]},{"@type":"WebSite","@id":"https:\/\/pfingstrosen-paradies.de\/#website","url":"https:\/\/pfingstrosen-paradies.de\/","name":"Pfingstrosen-Paradies","description":"Fachg\u00e4rtnerei f\u00fcr Pfingstrosen","publisher":{"@id":"https:\/\/pfingstrosen-paradies.de\/#organization"},"potentialAction":[{"@type":"SearchAction","target":{"@type":"EntryPoint","urlTemplate":"https:\/\/pfingstrosen-paradies.de\/?s={search_term_string}"},"query-input":{"@type":"PropertyValueSpecification","valueRequired":true,"valueName":"search_term_string"}}],"inLanguage":"en-GB"},{"@type":"Organization","@id":"https:\/\/pfingstrosen-paradies.de\/#organization","name":"Pfingstrosen-Paradies","url":"https:\/\/pfingstrosen-paradies.de\/","logo":{"@type":"ImageObject","inLanguage":"en-GB","@id":"https:\/\/pfingstrosen-paradies.de\/#\/schema\/logo\/image\/","url":"https:\/\/pfingstrosen-paradies.de\/wp-content\/uploads\/2021\/02\/logo-pfingstrosen.png","contentUrl":"https:\/\/pfingstrosen-paradies.de\/wp-content\/uploads\/2021\/02\/logo-pfingstrosen.png","width":1568,"height":366,"caption":"Pfingstrosen-Paradies"},"image":{"@id":"https:\/\/pfingstrosen-paradies.de\/#\/schema\/logo\/image\/"}}]}},"_links":{"self":[{"href":"https:\/\/pfingstrosen-paradies.de\/en\/wp-json\/wp\/v2\/product\/2921","targetHints":{"allow":["GET"]}}],"collection":[{"href":"https:\/\/pfingstrosen-paradies.de\/en\/wp-json\/wp\/v2\/product"}],"about":[{"href":"https:\/\/pfingstrosen-paradies.de\/en\/wp-json\/wp\/v2\/types\/product"}],"wp:featuredmedia":[{"embeddable":true,"href":"https:\/\/pfingstrosen-paradies.de\/en\/wp-json\/wp\/v2\/media\/17367"}],"wp:attachment":[{"href":"https:\/\/pfingstrosen-paradies.de\/en\/wp-json\/wp\/v2\/media?parent=2921"}],"wp:term":[{"taxonomy":"product_brand","embeddable":true,"href":"https:\/\/pfingstrosen-paradies.de\/en\/wp-json\/wp\/v2\/product_brand?post=2921"},{"taxonomy":"product_cat","embeddable":true,"href":"https:\/\/pfingstrosen-paradies.de\/en\/wp-json\/wp\/v2\/product_cat?post=2921"},{"taxonomy":"product_tag","embeddable":true,"href":"https:\/\/pfingstrosen-paradies.de\/en\/wp-json\/wp\/v2\/product_tag?post=2921"}],"curies":[{"name":"wp","href":"https:\/\/api.w.org\/{rel}","templated":true}]}}