{"id":3066,"date":"2021-12-28T17:45:13","date_gmt":"2021-12-28T16:45:13","guid":{"rendered":"https:\/\/pfingstrosen-paradies.de\/?post_type=product&#038;p=3066"},"modified":"2026-04-01T12:32:15","modified_gmt":"2026-04-01T10:32:15","slug":"etched-salmon","status":"publish","type":"product","link":"https:\/\/pfingstrosen-paradies.de\/en\/shop\/staudenpfingstrosen\/hybriden\/etched-salmon\/","title":{"rendered":"Etched Salmon"},"content":{"rendered":"<p>Etched Salmon ist eine wundersch\u00f6ne Staudenpfingstrose, die 1981 vom Z\u00fcchter Cousins (USA) eingef\u00fchrt wurde. Diese Sorte besticht durch ihre au\u00dfergew\u00f6hnliche rosa-lachsfarbene, gef\u00fcllte Bl\u00fcte. Die Bl\u00fcten sind gro\u00df und erreichen einen Durchmesser von etwa 15 cm. Etched Salmon hat eine mittlere Bl\u00fctezeit, ist standfest und w\u00e4chst kr\u00e4ftig, mit einer Wuchsh\u00f6he von 80-90 cm. Diese robuste Pflanze ist stark w\u00fcchsig und eignet sich hervorragend als Schnittblume. Ihre kr\u00e4ftigen Stiele halten die Bl\u00fcten sicher und machen sie zu einer idealen Wahl f\u00fcr florale Arrangements. Mit ihrem kr\u00e4ftigen Wuchs und der attraktiven Bl\u00fctenfarbe ist sie eine ideale Erg\u00e4nzung f\u00fcr Beete und Rabatten. Sie l\u00e4sst sich gut mit anderen Sorten kombinieren, kann aber auch als Solit\u00e4rpflanze gl\u00e4nzen. Der Duft dieser Pfingstrose ist angenehm, wenn auch nicht \u00fcberm\u00e4\u00dfig stark.<\/p>","protected":false},"excerpt":{"rendered":"<p>Etched Salmon ist eine wundersch\u00f6ne Staudenpfingstrose, die 1981 vom Z\u00fcchter Cousins (USA) eingef\u00fchrt wurde. Diese Sorte besticht durch ihre au\u00dfergew\u00f6hnliche rosa-lachsfarbene, gef\u00fcllte Bl\u00fcte. Die Bl\u00fcten sind gro\u00df und erreichen einen Durchmesser von etwa 15 cm. Etched Salmon hat eine mittlere Bl\u00fctezeit, ist standfest und w\u00e4chst kr\u00e4ftig, mit einer Wuchsh\u00f6he von 80-90 cm. Diese robuste Pflanze [&hellip;]<\/p>\n","protected":false},"featured_media":4654,"template":"","meta":[],"product_brand":[],"product_cat":[38,33,121],"product_tag":[],"class_list":{"0":"post-3066","1":"product","2":"type-product","3":"status-publish","4":"has-post-thumbnail","6":"product_cat-hybriden","7":"product_cat-staudenpfingstrosen","8":"product_cat-unsere-lieblingssorten","10":"first","11":"outofstock","12":"taxable","13":"shipping-taxable","14":"purchasable","15":"product-type-simple"},"featured_image_urls":{"full":["https:\/\/pfingstrosen-paradies.de\/wp-content\/uploads\/Etched-Salmon-11-2.jpg",1280,969,false],"thumbnail":["https:\/\/pfingstrosen-paradies.de\/wp-content\/uploads\/Etched-Salmon-11-2-150x150.jpg",150,150,true],"medium":["https:\/\/pfingstrosen-paradies.de\/wp-content\/uploads\/Etched-Salmon-11-2-300x227.jpg",300,227,true],"medium_large":["https:\/\/pfingstrosen-paradies.de\/wp-content\/uploads\/Etched-Salmon-11-2-768x581.jpg",768,581,true],"large":["https:\/\/pfingstrosen-paradies.de\/wp-content\/uploads\/Etched-Salmon-11-2-1024x775.jpg",1024,775,true],"1536x1536":["https:\/\/pfingstrosen-paradies.de\/wp-content\/uploads\/Etched-Salmon-11-2.jpg",1280,969,false],"2048x2048":["https:\/\/pfingstrosen-paradies.de\/wp-content\/uploads\/Etched-Salmon-11-2.jpg",1280,969,false],"trp-custom-language-flag":["https:\/\/pfingstrosen-paradies.de\/wp-content\/uploads\/Etched-Salmon-11-2-16x12.jpg",16,12,true],"ptam-block-post-grid-landscape":["https:\/\/pfingstrosen-paradies.de\/wp-content\/uploads\/Etched-Salmon-11-2-600x400.jpg",600,400,true],"ptam-block-post-grid-square":["https:\/\/pfingstrosen-paradies.de\/wp-content\/uploads\/Etched-Salmon-11-2-600x600.jpg",600,600,true],"ptam-block-post-grid-featured-landscape":["https:\/\/pfingstrosen-paradies.de\/wp-content\/uploads\/Etched-Salmon-11-2-1000x600.jpg",1000,600,true],"woocommerce_archive_thumbnail":["https:\/\/pfingstrosen-paradies.de\/wp-content\/uploads\/Etched-Salmon-11-2-400x350.jpg",400,350,true],"woocommerce_thumbnail":["https:\/\/pfingstrosen-paradies.de\/wp-content\/uploads\/Etched-Salmon-11-2-400x350.jpg",400,350,true],"woocommerce_single":["https:\/\/pfingstrosen-paradies.de\/wp-content\/uploads\/Etched-Salmon-11-2-1200x908.jpg",1200,908,true],"woocommerce_gallery_thumbnail":["https:\/\/pfingstrosen-paradies.de\/wp-content\/uploads\/Etched-Salmon-11-2-100x100.jpg",100,100,true]},"post_excerpt_stackable":"<p>Etched Salmon ist eine wundersch\u00f6ne Staudenpfingstrose, die 1981 vom Z\u00fcchter Cousins (USA) eingef\u00fchrt wurde. Diese Sorte besticht durch ihre au\u00dfergew\u00f6hnliche rosa-lachsfarbene, gef\u00fcllte Bl\u00fcte. Die Bl\u00fcten sind gro\u00df und erreichen einen Durchmesser von etwa 15 cm. Etched Salmon hat eine mittlere Bl\u00fctezeit, ist standfest und w\u00e4chst kr\u00e4ftig, mit einer Wuchsh\u00f6he von 80-90 cm. Diese robuste Pflanze ist stark w\u00fcchsig und eignet sich hervorragend als Schnittblume. Ihre kr\u00e4ftigen Stiele halten die Bl\u00fcten sicher und machen sie zu einer idealen Wahl f\u00fcr florale Arrangements. Mit ihrem kr\u00e4ftigen Wuchs und der attraktiven Bl\u00fctenfarbe ist sie eine ideale Erg\u00e4nzung f\u00fcr Beete und Rabatten. Sie l\u00e4sst&hellip;<\/p>\n","category_list":"","author_info":{"name":"","url":""},"comments_num":"0 comments","featured_image_urls_v2":{"full":["https:\/\/pfingstrosen-paradies.de\/wp-content\/uploads\/Etched-Salmon-11-2.jpg",1280,969,false],"thumbnail":["https:\/\/pfingstrosen-paradies.de\/wp-content\/uploads\/Etched-Salmon-11-2-150x150.jpg",150,150,true],"medium":["https:\/\/pfingstrosen-paradies.de\/wp-content\/uploads\/Etched-Salmon-11-2-300x227.jpg",300,227,true],"medium_large":["https:\/\/pfingstrosen-paradies.de\/wp-content\/uploads\/Etched-Salmon-11-2-768x581.jpg",768,581,true],"large":["https:\/\/pfingstrosen-paradies.de\/wp-content\/uploads\/Etched-Salmon-11-2-1024x775.jpg",1024,775,true],"1536x1536":["https:\/\/pfingstrosen-paradies.de\/wp-content\/uploads\/Etched-Salmon-11-2.jpg",1280,969,false],"2048x2048":["https:\/\/pfingstrosen-paradies.de\/wp-content\/uploads\/Etched-Salmon-11-2.jpg",1280,969,false],"trp-custom-language-flag":["https:\/\/pfingstrosen-paradies.de\/wp-content\/uploads\/Etched-Salmon-11-2-16x12.jpg",16,12,true],"ptam-block-post-grid-landscape":["https:\/\/pfingstrosen-paradies.de\/wp-content\/uploads\/Etched-Salmon-11-2-600x400.jpg",600,400,true],"ptam-block-post-grid-square":["https:\/\/pfingstrosen-paradies.de\/wp-content\/uploads\/Etched-Salmon-11-2-600x600.jpg",600,600,true],"ptam-block-post-grid-featured-landscape":["https:\/\/pfingstrosen-paradies.de\/wp-content\/uploads\/Etched-Salmon-11-2-1000x600.jpg",1000,600,true],"woocommerce_archive_thumbnail":["https:\/\/pfingstrosen-paradies.de\/wp-content\/uploads\/Etched-Salmon-11-2-400x350.jpg",400,350,true],"woocommerce_thumbnail":["https:\/\/pfingstrosen-paradies.de\/wp-content\/uploads\/Etched-Salmon-11-2-400x350.jpg",400,350,true],"woocommerce_single":["https:\/\/pfingstrosen-paradies.de\/wp-content\/uploads\/Etched-Salmon-11-2-1200x908.jpg",1200,908,true],"woocommerce_gallery_thumbnail":["https:\/\/pfingstrosen-paradies.de\/wp-content\/uploads\/Etched-Salmon-11-2-100x100.jpg",100,100,true]},"post_excerpt_stackable_v2":"<p>Etched Salmon ist eine wundersch\u00f6ne Staudenpfingstrose, die 1981 vom Z\u00fcchter Cousins (USA) eingef\u00fchrt wurde. Diese Sorte besticht durch ihre au\u00dfergew\u00f6hnliche rosa-lachsfarbene, gef\u00fcllte Bl\u00fcte. Die Bl\u00fcten sind gro\u00df und erreichen einen Durchmesser von etwa 15 cm. Etched Salmon hat eine mittlere Bl\u00fctezeit, ist standfest und w\u00e4chst kr\u00e4ftig, mit einer Wuchsh\u00f6he von 80-90 cm. Diese robuste Pflanze ist stark w\u00fcchsig und eignet sich hervorragend als Schnittblume. Ihre kr\u00e4ftigen Stiele halten die Bl\u00fcten sicher und machen sie zu einer idealen Wahl f\u00fcr florale Arrangements. Mit ihrem kr\u00e4ftigen Wuchs und der attraktiven Bl\u00fctenfarbe ist sie eine ideale Erg\u00e4nzung f\u00fcr Beete und Rabatten. Sie l\u00e4sst&hellip;<\/p>\n","category_list_v2":"","author_info_v2":{"name":"","url":""},"comments_num_v2":"0 comments","yoast_head":"<!-- This site is optimized with the Yoast SEO plugin v27.5 - https:\/\/yoast.com\/product\/yoast-seo-wordpress\/ -->\n<title>Paeonia &#039;Etched Salmon&#039; | Pfingstrosen-Paradies Tetzlaff<\/title>\n<meta name=\"description\" content=\"Hybriden, Staudenp\u00e4onien, Unsere Lieblingssorten | Etched Salmon ist eine wundersch\u00f6ne Staudenpfingstrose, die 1981 vom Z\u00fcchter Cousins (USA) eingef\u00fchrt wurde. Diese Sorte besticht durch ihre\" \/>\n<meta name=\"robots\" content=\"index, follow, max-snippet:-1, max-image-preview:large, max-video-preview:-1\" \/>\n<link rel=\"canonical\" href=\"https:\/\/pfingstrosen-paradies.de\/en\/shop\/staudenpfingstrosen\/hybriden\/etched-salmon\/\" \/>\n<meta property=\"og:locale\" content=\"en_GB\" \/>\n<meta property=\"og:type\" content=\"article\" \/>\n<meta property=\"og:title\" content=\"Paeonia &#039;Etched Salmon&#039; | Pfingstrosen-Paradies Tetzlaff\" \/>\n<meta property=\"og:description\" content=\"Hybriden, Staudenp\u00e4onien, Unsere Lieblingssorten | Etched Salmon ist eine wundersch\u00f6ne Staudenpfingstrose, die 1981 vom Z\u00fcchter Cousins (USA) eingef\u00fchrt wurde. Diese Sorte besticht durch ihre\" \/>\n<meta property=\"og:url\" content=\"https:\/\/pfingstrosen-paradies.de\/en\/shop\/staudenpfingstrosen\/hybriden\/etched-salmon\/\" \/>\n<meta property=\"og:site_name\" content=\"Pfingstrosen-Paradies\" \/>\n<meta property=\"article:modified_time\" content=\"2026-04-01T10:32:15+00:00\" \/>\n<meta property=\"og:image\" content=\"https:\/\/pfingstrosen-paradies.de\/wp-content\/uploads\/Etched-Salmon-11-2.jpg\" \/>\n\t<meta property=\"og:image:width\" content=\"1280\" \/>\n\t<meta property=\"og:image:height\" content=\"969\" \/>\n\t<meta property=\"og:image:type\" content=\"image\/jpeg\" \/>\n<meta name=\"twitter:card\" content=\"summary_large_image\" \/>\n<meta name=\"twitter:label1\" content=\"Estimated reading time\" \/>\n\t<meta name=\"twitter:data1\" content=\"1 minute\" \/>\n<script type=\"application\/ld+json\" class=\"yoast-schema-graph\">{\"@context\":\"https:\\\/\\\/schema.org\",\"@graph\":[{\"@type\":\"WebPage\",\"@id\":\"https:\\\/\\\/pfingstrosen-paradies.de\\\/shop\\\/staudenpfingstrosen\\\/hybriden\\\/etched-salmon\\\/\",\"url\":\"https:\\\/\\\/pfingstrosen-paradies.de\\\/shop\\\/staudenpfingstrosen\\\/hybriden\\\/etched-salmon\\\/\",\"name\":\"Paeonia 'Etched Salmon' | Pfingstrosen-Paradies Tetzlaff\",\"isPartOf\":{\"@id\":\"https:\\\/\\\/pfingstrosen-paradies.de\\\/#website\"},\"primaryImageOfPage\":{\"@id\":\"https:\\\/\\\/pfingstrosen-paradies.de\\\/shop\\\/staudenpfingstrosen\\\/hybriden\\\/etched-salmon\\\/#primaryimage\"},\"image\":{\"@id\":\"https:\\\/\\\/pfingstrosen-paradies.de\\\/shop\\\/staudenpfingstrosen\\\/hybriden\\\/etched-salmon\\\/#primaryimage\"},\"thumbnailUrl\":\"https:\\\/\\\/pfingstrosen-paradies.de\\\/wp-content\\\/uploads\\\/Etched-Salmon-11-2.jpg\",\"datePublished\":\"2021-12-28T16:45:13+00:00\",\"dateModified\":\"2026-04-01T10:32:15+00:00\",\"description\":\"Hybriden, Staudenp\u00e4onien, Unsere Lieblingssorten | Etched Salmon ist eine wundersch\u00f6ne Staudenpfingstrose, die 1981 vom Z\u00fcchter Cousins (USA) eingef\u00fchrt wurde. Diese Sorte besticht durch ihre\",\"breadcrumb\":{\"@id\":\"https:\\\/\\\/pfingstrosen-paradies.de\\\/shop\\\/staudenpfingstrosen\\\/hybriden\\\/etched-salmon\\\/#breadcrumb\"},\"inLanguage\":\"en-GB\",\"potentialAction\":[{\"@type\":\"ReadAction\",\"target\":[\"https:\\\/\\\/pfingstrosen-paradies.de\\\/shop\\\/staudenpfingstrosen\\\/hybriden\\\/etched-salmon\\\/\"]}]},{\"@type\":\"ImageObject\",\"inLanguage\":\"en-GB\",\"@id\":\"https:\\\/\\\/pfingstrosen-paradies.de\\\/shop\\\/staudenpfingstrosen\\\/hybriden\\\/etched-salmon\\\/#primaryimage\",\"url\":\"https:\\\/\\\/pfingstrosen-paradies.de\\\/wp-content\\\/uploads\\\/Etched-Salmon-11-2.jpg\",\"contentUrl\":\"https:\\\/\\\/pfingstrosen-paradies.de\\\/wp-content\\\/uploads\\\/Etched-Salmon-11-2.jpg\",\"width\":1280,\"height\":969,\"caption\":\"Etched Salmon\"},{\"@type\":\"BreadcrumbList\",\"@id\":\"https:\\\/\\\/pfingstrosen-paradies.de\\\/shop\\\/staudenpfingstrosen\\\/hybriden\\\/etched-salmon\\\/#breadcrumb\",\"itemListElement\":[{\"@type\":\"ListItem\",\"position\":1,\"name\":\"Start\",\"item\":\"https:\\\/\\\/pfingstrosen-paradies.de\\\/\"},{\"@type\":\"ListItem\",\"position\":2,\"name\":\"Shop\",\"item\":\"https:\\\/\\\/pfingstrosen-paradies.de\\\/shop\\\/\"},{\"@type\":\"ListItem\",\"position\":3,\"name\":\"Etched Salmon\"}]},{\"@type\":\"WebSite\",\"@id\":\"https:\\\/\\\/pfingstrosen-paradies.de\\\/#website\",\"url\":\"https:\\\/\\\/pfingstrosen-paradies.de\\\/\",\"name\":\"Pfingstrosen-Paradies\",\"description\":\"Fachg\u00e4rtnerei f\u00fcr Pfingstrosen\",\"publisher\":{\"@id\":\"https:\\\/\\\/pfingstrosen-paradies.de\\\/#organization\"},\"potentialAction\":[{\"@type\":\"SearchAction\",\"target\":{\"@type\":\"EntryPoint\",\"urlTemplate\":\"https:\\\/\\\/pfingstrosen-paradies.de\\\/?s={search_term_string}\"},\"query-input\":{\"@type\":\"PropertyValueSpecification\",\"valueRequired\":true,\"valueName\":\"search_term_string\"}}],\"inLanguage\":\"en-GB\"},{\"@type\":\"Organization\",\"@id\":\"https:\\\/\\\/pfingstrosen-paradies.de\\\/#organization\",\"name\":\"Pfingstrosen-Paradies\",\"url\":\"https:\\\/\\\/pfingstrosen-paradies.de\\\/\",\"logo\":{\"@type\":\"ImageObject\",\"inLanguage\":\"en-GB\",\"@id\":\"https:\\\/\\\/pfingstrosen-paradies.de\\\/#\\\/schema\\\/logo\\\/image\\\/\",\"url\":\"https:\\\/\\\/pfingstrosen-paradies.de\\\/wp-content\\\/uploads\\\/2021\\\/02\\\/logo-pfingstrosen.png\",\"contentUrl\":\"https:\\\/\\\/pfingstrosen-paradies.de\\\/wp-content\\\/uploads\\\/2021\\\/02\\\/logo-pfingstrosen.png\",\"width\":1568,\"height\":366,\"caption\":\"Pfingstrosen-Paradies\"},\"image\":{\"@id\":\"https:\\\/\\\/pfingstrosen-paradies.de\\\/#\\\/schema\\\/logo\\\/image\\\/\"}}]}<\/script>\n<!-- \/ Yoast SEO plugin. -->","yoast_head_json":{"title":"Paeonia 'Etched Salmon' | Pfingstrosen-Paradies Tetzlaff","description":"Hybriden, Staudenp\u00e4onien, Unsere Lieblingssorten | Etched Salmon ist eine wundersch\u00f6ne Staudenpfingstrose, die 1981 vom Z\u00fcchter Cousins (USA) eingef\u00fchrt wurde. Diese Sorte besticht durch ihre","robots":{"index":"index","follow":"follow","max-snippet":"max-snippet:-1","max-image-preview":"max-image-preview:large","max-video-preview":"max-video-preview:-1"},"canonical":"https:\/\/pfingstrosen-paradies.de\/en\/shop\/staudenpfingstrosen\/hybriden\/etched-salmon\/","og_locale":"en_GB","og_type":"article","og_title":"Paeonia 'Etched Salmon' | Pfingstrosen-Paradies Tetzlaff","og_description":"Hybriden, Staudenp\u00e4onien, Unsere Lieblingssorten | Etched Salmon ist eine wundersch\u00f6ne Staudenpfingstrose, die 1981 vom Z\u00fcchter Cousins (USA) eingef\u00fchrt wurde. Diese Sorte besticht durch ihre","og_url":"https:\/\/pfingstrosen-paradies.de\/en\/shop\/staudenpfingstrosen\/hybriden\/etched-salmon\/","og_site_name":"Pfingstrosen-Paradies","article_modified_time":"2026-04-01T10:32:15+00:00","og_image":[{"width":1280,"height":969,"url":"https:\/\/pfingstrosen-paradies.de\/wp-content\/uploads\/Etched-Salmon-11-2.jpg","type":"image\/jpeg"}],"twitter_card":"summary_large_image","twitter_misc":{"Estimated reading time":"1 minute"},"schema":{"@context":"https:\/\/schema.org","@graph":[{"@type":"WebPage","@id":"https:\/\/pfingstrosen-paradies.de\/shop\/staudenpfingstrosen\/hybriden\/etched-salmon\/","url":"https:\/\/pfingstrosen-paradies.de\/shop\/staudenpfingstrosen\/hybriden\/etched-salmon\/","name":"Paeonia 'Etched Salmon' | Pfingstrosen-Paradies Tetzlaff","isPartOf":{"@id":"https:\/\/pfingstrosen-paradies.de\/#website"},"primaryImageOfPage":{"@id":"https:\/\/pfingstrosen-paradies.de\/shop\/staudenpfingstrosen\/hybriden\/etched-salmon\/#primaryimage"},"image":{"@id":"https:\/\/pfingstrosen-paradies.de\/shop\/staudenpfingstrosen\/hybriden\/etched-salmon\/#primaryimage"},"thumbnailUrl":"https:\/\/pfingstrosen-paradies.de\/wp-content\/uploads\/Etched-Salmon-11-2.jpg","datePublished":"2021-12-28T16:45:13+00:00","dateModified":"2026-04-01T10:32:15+00:00","description":"Hybriden, Staudenp\u00e4onien, Unsere Lieblingssorten | Etched Salmon ist eine wundersch\u00f6ne Staudenpfingstrose, die 1981 vom Z\u00fcchter Cousins (USA) eingef\u00fchrt wurde. Diese Sorte besticht durch ihre","breadcrumb":{"@id":"https:\/\/pfingstrosen-paradies.de\/shop\/staudenpfingstrosen\/hybriden\/etched-salmon\/#breadcrumb"},"inLanguage":"en-GB","potentialAction":[{"@type":"ReadAction","target":["https:\/\/pfingstrosen-paradies.de\/shop\/staudenpfingstrosen\/hybriden\/etched-salmon\/"]}]},{"@type":"ImageObject","inLanguage":"en-GB","@id":"https:\/\/pfingstrosen-paradies.de\/shop\/staudenpfingstrosen\/hybriden\/etched-salmon\/#primaryimage","url":"https:\/\/pfingstrosen-paradies.de\/wp-content\/uploads\/Etched-Salmon-11-2.jpg","contentUrl":"https:\/\/pfingstrosen-paradies.de\/wp-content\/uploads\/Etched-Salmon-11-2.jpg","width":1280,"height":969,"caption":"Etched Salmon"},{"@type":"BreadcrumbList","@id":"https:\/\/pfingstrosen-paradies.de\/shop\/staudenpfingstrosen\/hybriden\/etched-salmon\/#breadcrumb","itemListElement":[{"@type":"ListItem","position":1,"name":"Start","item":"https:\/\/pfingstrosen-paradies.de\/"},{"@type":"ListItem","position":2,"name":"Shop","item":"https:\/\/pfingstrosen-paradies.de\/shop\/"},{"@type":"ListItem","position":3,"name":"Etched Salmon"}]},{"@type":"WebSite","@id":"https:\/\/pfingstrosen-paradies.de\/#website","url":"https:\/\/pfingstrosen-paradies.de\/","name":"Pfingstrosen-Paradies","description":"Fachg\u00e4rtnerei f\u00fcr Pfingstrosen","publisher":{"@id":"https:\/\/pfingstrosen-paradies.de\/#organization"},"potentialAction":[{"@type":"SearchAction","target":{"@type":"EntryPoint","urlTemplate":"https:\/\/pfingstrosen-paradies.de\/?s={search_term_string}"},"query-input":{"@type":"PropertyValueSpecification","valueRequired":true,"valueName":"search_term_string"}}],"inLanguage":"en-GB"},{"@type":"Organization","@id":"https:\/\/pfingstrosen-paradies.de\/#organization","name":"Pfingstrosen-Paradies","url":"https:\/\/pfingstrosen-paradies.de\/","logo":{"@type":"ImageObject","inLanguage":"en-GB","@id":"https:\/\/pfingstrosen-paradies.de\/#\/schema\/logo\/image\/","url":"https:\/\/pfingstrosen-paradies.de\/wp-content\/uploads\/2021\/02\/logo-pfingstrosen.png","contentUrl":"https:\/\/pfingstrosen-paradies.de\/wp-content\/uploads\/2021\/02\/logo-pfingstrosen.png","width":1568,"height":366,"caption":"Pfingstrosen-Paradies"},"image":{"@id":"https:\/\/pfingstrosen-paradies.de\/#\/schema\/logo\/image\/"}}]}},"_links":{"self":[{"href":"https:\/\/pfingstrosen-paradies.de\/en\/wp-json\/wp\/v2\/product\/3066","targetHints":{"allow":["GET"]}}],"collection":[{"href":"https:\/\/pfingstrosen-paradies.de\/en\/wp-json\/wp\/v2\/product"}],"about":[{"href":"https:\/\/pfingstrosen-paradies.de\/en\/wp-json\/wp\/v2\/types\/product"}],"wp:featuredmedia":[{"embeddable":true,"href":"https:\/\/pfingstrosen-paradies.de\/en\/wp-json\/wp\/v2\/media\/4654"}],"wp:attachment":[{"href":"https:\/\/pfingstrosen-paradies.de\/en\/wp-json\/wp\/v2\/media?parent=3066"}],"wp:term":[{"taxonomy":"product_brand","embeddable":true,"href":"https:\/\/pfingstrosen-paradies.de\/en\/wp-json\/wp\/v2\/product_brand?post=3066"},{"taxonomy":"product_cat","embeddable":true,"href":"https:\/\/pfingstrosen-paradies.de\/en\/wp-json\/wp\/v2\/product_cat?post=3066"},{"taxonomy":"product_tag","embeddable":true,"href":"https:\/\/pfingstrosen-paradies.de\/en\/wp-json\/wp\/v2\/product_tag?post=3066"}],"curies":[{"name":"wp","href":"https:\/\/api.w.org\/{rel}","templated":true}]}}