{"id":3084,"date":"2021-12-28T18:18:48","date_gmt":"2021-12-28T17:18:48","guid":{"rendered":"https:\/\/pfingstrosen-paradies.de\/?post_type=product&#038;p=3084"},"modified":"2026-05-08T22:02:59","modified_gmt":"2026-05-08T20:02:59","slug":"vanilla-schnapps","status":"publish","type":"product","link":"https:\/\/pfingstrosen-paradies.de\/en\/shop\/staudenpfingstrosen\/hybriden\/vanilla-schnapps\/","title":{"rendered":"Vanilla Schnapps"},"content":{"rendered":"<p>&#8218;Vanilla Schnapps&#8216; auch bekannt unter dem Namen &#8218;Bill&#8217;s Best Yellow&#8216; ist eine Z\u00fcchtung des Amerikaners Bill Seidl, die 2013 von Nate Bremer registriert wurde. Gelb, gef\u00fcllt, fertil, Duft mit guter Eignung zur Schnittblume sind der Traum jedes Z\u00fcchters. &#8218;Vanilla Schnapps&#8216; wird diesen Anspr\u00fcchen mehr als gerecht! Das Laub ist relativ breit und dunkelgr\u00fcn und die Stiele etwa 90 cm lang. Die hellgelben Bl\u00fcten stehen straff aufrecht und ben\u00f6tigen keinerlei St\u00fctze. Die Sorte ist gut w\u00fcchsig, jedoch sind die Bl\u00fcten meist erst im 2. &#8211; 3. Jahr komplett gef\u00fcllt. Zweifelsohne wird &#8218;Vanilla Schnapps&#8216; noch eine gro\u00dfe Zukunft als Schnittblume haben! Im Moment ist sie aber noch eine echte Rarit\u00e4t. Durchmesser der Bl\u00fcte: 15 cm<\/p>","protected":false},"excerpt":{"rendered":"<p>&#8218;Vanilla Schnapps&#8216; auch bekannt unter dem Namen &#8218;Bill&#8217;s Best Yellow&#8216; ist eine Z\u00fcchtung des Amerikaners Bill Seidl, die 2013 von Nate Bremer registriert wurde. Gelb, gef\u00fcllt, fertil, Duft mit guter Eignung zur Schnittblume sind der Traum jedes Z\u00fcchters. &#8218;Vanilla Schnapps&#8216; wird diesen Anspr\u00fcchen mehr als gerecht! Das Laub ist relativ breit und dunkelgr\u00fcn und die [&hellip;]<\/p>\n","protected":false},"featured_media":3090,"template":"","meta":[],"product_brand":[],"product_cat":[38,33],"product_tag":[],"class_list":{"0":"post-3084","1":"product","2":"type-product","3":"status-publish","4":"has-post-thumbnail","6":"product_cat-hybriden","7":"product_cat-staudenpfingstrosen","9":"first","10":"outofstock","11":"taxable","12":"shipping-taxable","13":"purchasable","14":"product-type-simple"},"featured_image_urls":{"full":["https:\/\/pfingstrosen-paradies.de\/wp-content\/uploads\/Bills-Best-Yellow-2-2.jpg",1400,1050,false],"thumbnail":["https:\/\/pfingstrosen-paradies.de\/wp-content\/uploads\/Bills-Best-Yellow-2-2-150x150.jpg",150,150,true],"medium":["https:\/\/pfingstrosen-paradies.de\/wp-content\/uploads\/Bills-Best-Yellow-2-2-300x225.jpg",300,225,true],"medium_large":["https:\/\/pfingstrosen-paradies.de\/wp-content\/uploads\/Bills-Best-Yellow-2-2-768x576.jpg",768,576,true],"large":["https:\/\/pfingstrosen-paradies.de\/wp-content\/uploads\/Bills-Best-Yellow-2-2-1024x768.jpg",1024,768,true],"1536x1536":["https:\/\/pfingstrosen-paradies.de\/wp-content\/uploads\/Bills-Best-Yellow-2-2.jpg",1400,1050,false],"2048x2048":["https:\/\/pfingstrosen-paradies.de\/wp-content\/uploads\/Bills-Best-Yellow-2-2.jpg",1400,1050,false],"trp-custom-language-flag":["https:\/\/pfingstrosen-paradies.de\/wp-content\/uploads\/Bills-Best-Yellow-2-2-16x12.jpg",16,12,true],"ptam-block-post-grid-landscape":["https:\/\/pfingstrosen-paradies.de\/wp-content\/uploads\/Bills-Best-Yellow-2-2-600x400.jpg",600,400,true],"ptam-block-post-grid-square":["https:\/\/pfingstrosen-paradies.de\/wp-content\/uploads\/Bills-Best-Yellow-2-2-600x600.jpg",600,600,true],"ptam-block-post-grid-featured-landscape":["https:\/\/pfingstrosen-paradies.de\/wp-content\/uploads\/Bills-Best-Yellow-2-2-1000x600.jpg",1000,600,true],"woocommerce_archive_thumbnail":["https:\/\/pfingstrosen-paradies.de\/wp-content\/uploads\/Bills-Best-Yellow-2-2-400x350.jpg",400,350,true],"woocommerce_thumbnail":["https:\/\/pfingstrosen-paradies.de\/wp-content\/uploads\/Bills-Best-Yellow-2-2-400x350.jpg",400,350,true],"woocommerce_single":["https:\/\/pfingstrosen-paradies.de\/wp-content\/uploads\/Bills-Best-Yellow-2-2-1200x900.jpg",1200,900,true],"woocommerce_gallery_thumbnail":["https:\/\/pfingstrosen-paradies.de\/wp-content\/uploads\/Bills-Best-Yellow-2-2-100x100.jpg",100,100,true]},"post_excerpt_stackable":"<p>&#8218;Vanilla Schnapps&#8216; auch bekannt unter dem Namen &#8218;Bill&#8217;s Best Yellow&#8216; ist eine Z\u00fcchtung des Amerikaners Bill Seidl, die 2013 von Nate Bremer registriert wurde. Gelb, gef\u00fcllt, fertil, Duft mit guter Eignung zur Schnittblume sind der Traum jedes Z\u00fcchters. &#8218;Vanilla Schnapps&#8216; wird diesen Anspr\u00fcchen mehr als gerecht! Das Laub ist relativ breit und dunkelgr\u00fcn und die Stiele etwa 90 cm lang. Die hellgelben Bl\u00fcten stehen straff aufrecht und ben\u00f6tigen keinerlei St\u00fctze. Die Sorte ist gut w\u00fcchsig, jedoch sind die Bl\u00fcten meist erst im 2. &#8211; 3. Jahr komplett gef\u00fcllt. Zweifelsohne wird &#8218;Vanilla Schnapps&#8216; noch eine gro\u00dfe Zukunft als Schnittblume haben! Im&hellip;<\/p>\n","category_list":"","author_info":{"name":"","url":""},"comments_num":"0 comments","featured_image_urls_v2":{"full":["https:\/\/pfingstrosen-paradies.de\/wp-content\/uploads\/Bills-Best-Yellow-2-2.jpg",1400,1050,false],"thumbnail":["https:\/\/pfingstrosen-paradies.de\/wp-content\/uploads\/Bills-Best-Yellow-2-2-150x150.jpg",150,150,true],"medium":["https:\/\/pfingstrosen-paradies.de\/wp-content\/uploads\/Bills-Best-Yellow-2-2-300x225.jpg",300,225,true],"medium_large":["https:\/\/pfingstrosen-paradies.de\/wp-content\/uploads\/Bills-Best-Yellow-2-2-768x576.jpg",768,576,true],"large":["https:\/\/pfingstrosen-paradies.de\/wp-content\/uploads\/Bills-Best-Yellow-2-2-1024x768.jpg",1024,768,true],"1536x1536":["https:\/\/pfingstrosen-paradies.de\/wp-content\/uploads\/Bills-Best-Yellow-2-2.jpg",1400,1050,false],"2048x2048":["https:\/\/pfingstrosen-paradies.de\/wp-content\/uploads\/Bills-Best-Yellow-2-2.jpg",1400,1050,false],"trp-custom-language-flag":["https:\/\/pfingstrosen-paradies.de\/wp-content\/uploads\/Bills-Best-Yellow-2-2-16x12.jpg",16,12,true],"ptam-block-post-grid-landscape":["https:\/\/pfingstrosen-paradies.de\/wp-content\/uploads\/Bills-Best-Yellow-2-2-600x400.jpg",600,400,true],"ptam-block-post-grid-square":["https:\/\/pfingstrosen-paradies.de\/wp-content\/uploads\/Bills-Best-Yellow-2-2-600x600.jpg",600,600,true],"ptam-block-post-grid-featured-landscape":["https:\/\/pfingstrosen-paradies.de\/wp-content\/uploads\/Bills-Best-Yellow-2-2-1000x600.jpg",1000,600,true],"woocommerce_archive_thumbnail":["https:\/\/pfingstrosen-paradies.de\/wp-content\/uploads\/Bills-Best-Yellow-2-2-400x350.jpg",400,350,true],"woocommerce_thumbnail":["https:\/\/pfingstrosen-paradies.de\/wp-content\/uploads\/Bills-Best-Yellow-2-2-400x350.jpg",400,350,true],"woocommerce_single":["https:\/\/pfingstrosen-paradies.de\/wp-content\/uploads\/Bills-Best-Yellow-2-2-1200x900.jpg",1200,900,true],"woocommerce_gallery_thumbnail":["https:\/\/pfingstrosen-paradies.de\/wp-content\/uploads\/Bills-Best-Yellow-2-2-100x100.jpg",100,100,true]},"post_excerpt_stackable_v2":"<p>&#8218;Vanilla Schnapps&#8216; auch bekannt unter dem Namen &#8218;Bill&#8217;s Best Yellow&#8216; ist eine Z\u00fcchtung des Amerikaners Bill Seidl, die 2013 von Nate Bremer registriert wurde. Gelb, gef\u00fcllt, fertil, Duft mit guter Eignung zur Schnittblume sind der Traum jedes Z\u00fcchters. &#8218;Vanilla Schnapps&#8216; wird diesen Anspr\u00fcchen mehr als gerecht! Das Laub ist relativ breit und dunkelgr\u00fcn und die Stiele etwa 90 cm lang. Die hellgelben Bl\u00fcten stehen straff aufrecht und ben\u00f6tigen keinerlei St\u00fctze. Die Sorte ist gut w\u00fcchsig, jedoch sind die Bl\u00fcten meist erst im 2. &#8211; 3. Jahr komplett gef\u00fcllt. Zweifelsohne wird &#8218;Vanilla Schnapps&#8216; noch eine gro\u00dfe Zukunft als Schnittblume haben! Im&hellip;<\/p>\n","category_list_v2":"","author_info_v2":{"name":"","url":""},"comments_num_v2":"0 comments","yoast_head":"<!-- This site is optimized with the Yoast SEO plugin v27.5 - https:\/\/yoast.com\/product\/yoast-seo-wordpress\/ -->\n<title>Paeonia &#039;Vanilla Schnapps&#039; | Pfingstrosen-Paradies Tetzlaff<\/title>\n<meta name=\"description\" content=\"Hybriden, Staudenp\u00e4onien | &#039;Vanilla Schnapps&#039; auch bekannt unter dem Namen &#039;Bill&#039;s Best Yellow&#039; ist eine Z\u00fcchtung des Amerikaners Bill Seidl, die 2013 von Nate Bremer registriert\" \/>\n<meta name=\"robots\" content=\"index, follow, max-snippet:-1, max-image-preview:large, max-video-preview:-1\" \/>\n<link rel=\"canonical\" href=\"https:\/\/pfingstrosen-paradies.de\/en\/shop\/staudenpfingstrosen\/hybriden\/vanilla-schnapps\/\" \/>\n<meta property=\"og:locale\" content=\"en_GB\" \/>\n<meta property=\"og:type\" content=\"article\" \/>\n<meta property=\"og:title\" content=\"Paeonia &#039;Vanilla Schnapps&#039; | Pfingstrosen-Paradies Tetzlaff\" \/>\n<meta property=\"og:description\" content=\"Hybriden, Staudenp\u00e4onien | &#039;Vanilla Schnapps&#039; auch bekannt unter dem Namen &#039;Bill&#039;s Best Yellow&#039; ist eine Z\u00fcchtung des Amerikaners Bill Seidl, die 2013 von Nate Bremer registriert\" \/>\n<meta property=\"og:url\" content=\"https:\/\/pfingstrosen-paradies.de\/en\/shop\/staudenpfingstrosen\/hybriden\/vanilla-schnapps\/\" \/>\n<meta property=\"og:site_name\" content=\"Pfingstrosen-Paradies\" \/>\n<meta property=\"article:modified_time\" content=\"2026-05-08T20:02:59+00:00\" \/>\n<meta property=\"og:image\" content=\"https:\/\/pfingstrosen-paradies.de\/wp-content\/uploads\/Bills-Best-Yellow-2-2.jpg\" \/>\n\t<meta property=\"og:image:width\" content=\"1400\" \/>\n\t<meta property=\"og:image:height\" content=\"1050\" \/>\n\t<meta property=\"og:image:type\" content=\"image\/jpeg\" \/>\n<meta name=\"twitter:card\" content=\"summary_large_image\" \/>\n<meta name=\"twitter:label1\" content=\"Estimated reading time\" \/>\n\t<meta name=\"twitter:data1\" content=\"1 minute\" \/>\n<script type=\"application\/ld+json\" class=\"yoast-schema-graph\">{\"@context\":\"https:\\\/\\\/schema.org\",\"@graph\":[{\"@type\":\"WebPage\",\"@id\":\"https:\\\/\\\/pfingstrosen-paradies.de\\\/shop\\\/staudenpfingstrosen\\\/hybriden\\\/vanilla-schnapps\\\/\",\"url\":\"https:\\\/\\\/pfingstrosen-paradies.de\\\/shop\\\/staudenpfingstrosen\\\/hybriden\\\/vanilla-schnapps\\\/\",\"name\":\"Paeonia 'Vanilla Schnapps' | Pfingstrosen-Paradies Tetzlaff\",\"isPartOf\":{\"@id\":\"https:\\\/\\\/pfingstrosen-paradies.de\\\/#website\"},\"primaryImageOfPage\":{\"@id\":\"https:\\\/\\\/pfingstrosen-paradies.de\\\/shop\\\/staudenpfingstrosen\\\/hybriden\\\/vanilla-schnapps\\\/#primaryimage\"},\"image\":{\"@id\":\"https:\\\/\\\/pfingstrosen-paradies.de\\\/shop\\\/staudenpfingstrosen\\\/hybriden\\\/vanilla-schnapps\\\/#primaryimage\"},\"thumbnailUrl\":\"https:\\\/\\\/pfingstrosen-paradies.de\\\/wp-content\\\/uploads\\\/Bills-Best-Yellow-2-2.jpg\",\"datePublished\":\"2021-12-28T17:18:48+00:00\",\"dateModified\":\"2026-05-08T20:02:59+00:00\",\"description\":\"Hybriden, Staudenp\u00e4onien | 'Vanilla Schnapps' auch bekannt unter dem Namen 'Bill's Best Yellow' ist eine Z\u00fcchtung des Amerikaners Bill Seidl, die 2013 von Nate Bremer registriert\",\"breadcrumb\":{\"@id\":\"https:\\\/\\\/pfingstrosen-paradies.de\\\/shop\\\/staudenpfingstrosen\\\/hybriden\\\/vanilla-schnapps\\\/#breadcrumb\"},\"inLanguage\":\"en-GB\",\"potentialAction\":[{\"@type\":\"ReadAction\",\"target\":[\"https:\\\/\\\/pfingstrosen-paradies.de\\\/shop\\\/staudenpfingstrosen\\\/hybriden\\\/vanilla-schnapps\\\/\"]}]},{\"@type\":\"ImageObject\",\"inLanguage\":\"en-GB\",\"@id\":\"https:\\\/\\\/pfingstrosen-paradies.de\\\/shop\\\/staudenpfingstrosen\\\/hybriden\\\/vanilla-schnapps\\\/#primaryimage\",\"url\":\"https:\\\/\\\/pfingstrosen-paradies.de\\\/wp-content\\\/uploads\\\/Bills-Best-Yellow-2-2.jpg\",\"contentUrl\":\"https:\\\/\\\/pfingstrosen-paradies.de\\\/wp-content\\\/uploads\\\/Bills-Best-Yellow-2-2.jpg\",\"width\":1400,\"height\":1050,\"caption\":\"Vanilla Schnapps\"},{\"@type\":\"BreadcrumbList\",\"@id\":\"https:\\\/\\\/pfingstrosen-paradies.de\\\/shop\\\/staudenpfingstrosen\\\/hybriden\\\/vanilla-schnapps\\\/#breadcrumb\",\"itemListElement\":[{\"@type\":\"ListItem\",\"position\":1,\"name\":\"Start\",\"item\":\"https:\\\/\\\/pfingstrosen-paradies.de\\\/\"},{\"@type\":\"ListItem\",\"position\":2,\"name\":\"Shop\",\"item\":\"https:\\\/\\\/pfingstrosen-paradies.de\\\/shop\\\/\"},{\"@type\":\"ListItem\",\"position\":3,\"name\":\"Vanilla Schnapps\"}]},{\"@type\":\"WebSite\",\"@id\":\"https:\\\/\\\/pfingstrosen-paradies.de\\\/#website\",\"url\":\"https:\\\/\\\/pfingstrosen-paradies.de\\\/\",\"name\":\"Pfingstrosen-Paradies\",\"description\":\"Fachg\u00e4rtnerei f\u00fcr Pfingstrosen\",\"publisher\":{\"@id\":\"https:\\\/\\\/pfingstrosen-paradies.de\\\/#organization\"},\"potentialAction\":[{\"@type\":\"SearchAction\",\"target\":{\"@type\":\"EntryPoint\",\"urlTemplate\":\"https:\\\/\\\/pfingstrosen-paradies.de\\\/?s={search_term_string}\"},\"query-input\":{\"@type\":\"PropertyValueSpecification\",\"valueRequired\":true,\"valueName\":\"search_term_string\"}}],\"inLanguage\":\"en-GB\"},{\"@type\":\"Organization\",\"@id\":\"https:\\\/\\\/pfingstrosen-paradies.de\\\/#organization\",\"name\":\"Pfingstrosen-Paradies\",\"url\":\"https:\\\/\\\/pfingstrosen-paradies.de\\\/\",\"logo\":{\"@type\":\"ImageObject\",\"inLanguage\":\"en-GB\",\"@id\":\"https:\\\/\\\/pfingstrosen-paradies.de\\\/#\\\/schema\\\/logo\\\/image\\\/\",\"url\":\"https:\\\/\\\/pfingstrosen-paradies.de\\\/wp-content\\\/uploads\\\/2021\\\/02\\\/logo-pfingstrosen.png\",\"contentUrl\":\"https:\\\/\\\/pfingstrosen-paradies.de\\\/wp-content\\\/uploads\\\/2021\\\/02\\\/logo-pfingstrosen.png\",\"width\":1568,\"height\":366,\"caption\":\"Pfingstrosen-Paradies\"},\"image\":{\"@id\":\"https:\\\/\\\/pfingstrosen-paradies.de\\\/#\\\/schema\\\/logo\\\/image\\\/\"}}]}<\/script>\n<!-- \/ Yoast SEO plugin. -->","yoast_head_json":{"title":"Paeonia 'Vanilla Schnapps' | Pfingstrosen-Paradies Tetzlaff","description":"Hybriden, Staudenp\u00e4onien | 'Vanilla Schnapps' auch bekannt unter dem Namen 'Bill's Best Yellow' ist eine Z\u00fcchtung des Amerikaners Bill Seidl, die 2013 von Nate Bremer registriert","robots":{"index":"index","follow":"follow","max-snippet":"max-snippet:-1","max-image-preview":"max-image-preview:large","max-video-preview":"max-video-preview:-1"},"canonical":"https:\/\/pfingstrosen-paradies.de\/en\/shop\/staudenpfingstrosen\/hybriden\/vanilla-schnapps\/","og_locale":"en_GB","og_type":"article","og_title":"Paeonia 'Vanilla Schnapps' | Pfingstrosen-Paradies Tetzlaff","og_description":"Hybriden, Staudenp\u00e4onien | 'Vanilla Schnapps' auch bekannt unter dem Namen 'Bill's Best Yellow' ist eine Z\u00fcchtung des Amerikaners Bill Seidl, die 2013 von Nate Bremer registriert","og_url":"https:\/\/pfingstrosen-paradies.de\/en\/shop\/staudenpfingstrosen\/hybriden\/vanilla-schnapps\/","og_site_name":"Pfingstrosen-Paradies","article_modified_time":"2026-05-08T20:02:59+00:00","og_image":[{"width":1400,"height":1050,"url":"https:\/\/pfingstrosen-paradies.de\/wp-content\/uploads\/Bills-Best-Yellow-2-2.jpg","type":"image\/jpeg"}],"twitter_card":"summary_large_image","twitter_misc":{"Estimated reading time":"1 minute"},"schema":{"@context":"https:\/\/schema.org","@graph":[{"@type":"WebPage","@id":"https:\/\/pfingstrosen-paradies.de\/shop\/staudenpfingstrosen\/hybriden\/vanilla-schnapps\/","url":"https:\/\/pfingstrosen-paradies.de\/shop\/staudenpfingstrosen\/hybriden\/vanilla-schnapps\/","name":"Paeonia 'Vanilla Schnapps' | Pfingstrosen-Paradies Tetzlaff","isPartOf":{"@id":"https:\/\/pfingstrosen-paradies.de\/#website"},"primaryImageOfPage":{"@id":"https:\/\/pfingstrosen-paradies.de\/shop\/staudenpfingstrosen\/hybriden\/vanilla-schnapps\/#primaryimage"},"image":{"@id":"https:\/\/pfingstrosen-paradies.de\/shop\/staudenpfingstrosen\/hybriden\/vanilla-schnapps\/#primaryimage"},"thumbnailUrl":"https:\/\/pfingstrosen-paradies.de\/wp-content\/uploads\/Bills-Best-Yellow-2-2.jpg","datePublished":"2021-12-28T17:18:48+00:00","dateModified":"2026-05-08T20:02:59+00:00","description":"Hybriden, Staudenp\u00e4onien | 'Vanilla Schnapps' auch bekannt unter dem Namen 'Bill's Best Yellow' ist eine Z\u00fcchtung des Amerikaners Bill Seidl, die 2013 von Nate Bremer registriert","breadcrumb":{"@id":"https:\/\/pfingstrosen-paradies.de\/shop\/staudenpfingstrosen\/hybriden\/vanilla-schnapps\/#breadcrumb"},"inLanguage":"en-GB","potentialAction":[{"@type":"ReadAction","target":["https:\/\/pfingstrosen-paradies.de\/shop\/staudenpfingstrosen\/hybriden\/vanilla-schnapps\/"]}]},{"@type":"ImageObject","inLanguage":"en-GB","@id":"https:\/\/pfingstrosen-paradies.de\/shop\/staudenpfingstrosen\/hybriden\/vanilla-schnapps\/#primaryimage","url":"https:\/\/pfingstrosen-paradies.de\/wp-content\/uploads\/Bills-Best-Yellow-2-2.jpg","contentUrl":"https:\/\/pfingstrosen-paradies.de\/wp-content\/uploads\/Bills-Best-Yellow-2-2.jpg","width":1400,"height":1050,"caption":"Vanilla Schnapps"},{"@type":"BreadcrumbList","@id":"https:\/\/pfingstrosen-paradies.de\/shop\/staudenpfingstrosen\/hybriden\/vanilla-schnapps\/#breadcrumb","itemListElement":[{"@type":"ListItem","position":1,"name":"Start","item":"https:\/\/pfingstrosen-paradies.de\/"},{"@type":"ListItem","position":2,"name":"Shop","item":"https:\/\/pfingstrosen-paradies.de\/shop\/"},{"@type":"ListItem","position":3,"name":"Vanilla Schnapps"}]},{"@type":"WebSite","@id":"https:\/\/pfingstrosen-paradies.de\/#website","url":"https:\/\/pfingstrosen-paradies.de\/","name":"Pfingstrosen-Paradies","description":"Fachg\u00e4rtnerei f\u00fcr Pfingstrosen","publisher":{"@id":"https:\/\/pfingstrosen-paradies.de\/#organization"},"potentialAction":[{"@type":"SearchAction","target":{"@type":"EntryPoint","urlTemplate":"https:\/\/pfingstrosen-paradies.de\/?s={search_term_string}"},"query-input":{"@type":"PropertyValueSpecification","valueRequired":true,"valueName":"search_term_string"}}],"inLanguage":"en-GB"},{"@type":"Organization","@id":"https:\/\/pfingstrosen-paradies.de\/#organization","name":"Pfingstrosen-Paradies","url":"https:\/\/pfingstrosen-paradies.de\/","logo":{"@type":"ImageObject","inLanguage":"en-GB","@id":"https:\/\/pfingstrosen-paradies.de\/#\/schema\/logo\/image\/","url":"https:\/\/pfingstrosen-paradies.de\/wp-content\/uploads\/2021\/02\/logo-pfingstrosen.png","contentUrl":"https:\/\/pfingstrosen-paradies.de\/wp-content\/uploads\/2021\/02\/logo-pfingstrosen.png","width":1568,"height":366,"caption":"Pfingstrosen-Paradies"},"image":{"@id":"https:\/\/pfingstrosen-paradies.de\/#\/schema\/logo\/image\/"}}]}},"_links":{"self":[{"href":"https:\/\/pfingstrosen-paradies.de\/en\/wp-json\/wp\/v2\/product\/3084","targetHints":{"allow":["GET"]}}],"collection":[{"href":"https:\/\/pfingstrosen-paradies.de\/en\/wp-json\/wp\/v2\/product"}],"about":[{"href":"https:\/\/pfingstrosen-paradies.de\/en\/wp-json\/wp\/v2\/types\/product"}],"wp:featuredmedia":[{"embeddable":true,"href":"https:\/\/pfingstrosen-paradies.de\/en\/wp-json\/wp\/v2\/media\/3090"}],"wp:attachment":[{"href":"https:\/\/pfingstrosen-paradies.de\/en\/wp-json\/wp\/v2\/media?parent=3084"}],"wp:term":[{"taxonomy":"product_brand","embeddable":true,"href":"https:\/\/pfingstrosen-paradies.de\/en\/wp-json\/wp\/v2\/product_brand?post=3084"},{"taxonomy":"product_cat","embeddable":true,"href":"https:\/\/pfingstrosen-paradies.de\/en\/wp-json\/wp\/v2\/product_cat?post=3084"},{"taxonomy":"product_tag","embeddable":true,"href":"https:\/\/pfingstrosen-paradies.de\/en\/wp-json\/wp\/v2\/product_tag?post=3084"}],"curies":[{"name":"wp","href":"https:\/\/api.w.org\/{rel}","templated":true}]}}