{"id":3259,"date":"2021-12-31T21:08:42","date_gmt":"2021-12-31T20:08:42","guid":{"rendered":"https:\/\/pfingstrosen-paradies.de\/?post_type=product&#038;p=3259"},"modified":"2026-04-26T00:58:19","modified_gmt":"2026-04-25T22:58:19","slug":"lorelei","status":"publish","type":"product","link":"https:\/\/pfingstrosen-paradies.de\/en\/shop\/staudenpfingstrosen\/hybriden\/lorelei\/","title":{"rendered":"Lorelei"},"content":{"rendered":"<p>die realtiv neue Sorte &#8218;Lorelei&#8216; \u00fcberzeugt durch ihre einzigartigen pink &#8211; apricot farbenen, gef\u00fcllten Bl\u00fcten. Die Basis der Bl\u00fcten bleibt auch im Abbl\u00fchen noch kr\u00e4ftig pink und somit erscheinen diese dann mehrfarbig. Zudem ist die Sorte sehr standfest, dank starker Stiele. H\u00f6he 80-90 cm, BDurchmesser der Bl\u00fcte: 15 cm<\/p>","protected":false},"excerpt":{"rendered":"<p>die realtiv neue Sorte &#8218;Lorelei&#8216; \u00fcberzeugt durch ihre einzigartigen pink &#8211; apricot farbenen, gef\u00fcllten Bl\u00fcten. Die Basis der Bl\u00fcten bleibt auch im Abbl\u00fchen noch kr\u00e4ftig pink und somit erscheinen diese dann mehrfarbig. Zudem ist die Sorte sehr standfest, dank starker Stiele. H\u00f6he 80-90 cm, BDurchmesser der Bl\u00fcte: 15 cm<\/p>","protected":false},"featured_media":5274,"template":"","meta":[],"product_brand":[],"product_cat":[38,33],"product_tag":[],"class_list":{"0":"post-3259","1":"product","2":"type-product","3":"status-publish","4":"has-post-thumbnail","6":"product_cat-hybriden","7":"product_cat-staudenpfingstrosen","9":"first","10":"instock","11":"taxable","12":"shipping-taxable","13":"purchasable","14":"product-type-simple"},"featured_image_urls":{"full":["https:\/\/pfingstrosen-paradies.de\/wp-content\/uploads\/Lorelei-2-2-scaled.jpg",1280,1006,false],"thumbnail":["https:\/\/pfingstrosen-paradies.de\/wp-content\/uploads\/Lorelei-2-2-150x150.jpg",150,150,true],"medium":["https:\/\/pfingstrosen-paradies.de\/wp-content\/uploads\/Lorelei-2-2-300x236.jpg",300,236,true],"medium_large":["https:\/\/pfingstrosen-paradies.de\/wp-content\/uploads\/Lorelei-2-2-768x603.jpg",768,603,true],"large":["https:\/\/pfingstrosen-paradies.de\/wp-content\/uploads\/Lorelei-2-2-1024x804.jpg",1024,804,true],"1536x1536":["https:\/\/pfingstrosen-paradies.de\/wp-content\/uploads\/Lorelei-2-2-1536x1207.jpg",1536,1207,true],"2048x2048":["https:\/\/pfingstrosen-paradies.de\/wp-content\/uploads\/Lorelei-2-2-2048x1609.jpg",2048,1609,true],"trp-custom-language-flag":["https:\/\/pfingstrosen-paradies.de\/wp-content\/uploads\/Lorelei-2-2-15x12.jpg",15,12,true],"ptam-block-post-grid-landscape":["https:\/\/pfingstrosen-paradies.de\/wp-content\/uploads\/Lorelei-2-2-600x400.jpg",600,400,true],"ptam-block-post-grid-square":["https:\/\/pfingstrosen-paradies.de\/wp-content\/uploads\/Lorelei-2-2-600x600.jpg",600,600,true],"ptam-block-post-grid-featured-landscape":["https:\/\/pfingstrosen-paradies.de\/wp-content\/uploads\/Lorelei-2-2-1000x600.jpg",1000,600,true],"woocommerce_archive_thumbnail":["https:\/\/pfingstrosen-paradies.de\/wp-content\/uploads\/Lorelei-2-2-scaled-400x350.jpg",400,350,true],"woocommerce_thumbnail":["https:\/\/pfingstrosen-paradies.de\/wp-content\/uploads\/Lorelei-2-2-scaled-400x350.jpg",400,350,true],"woocommerce_single":["https:\/\/pfingstrosen-paradies.de\/wp-content\/uploads\/Lorelei-2-2-scaled-1200x943.jpg",1200,943,true],"woocommerce_gallery_thumbnail":["https:\/\/pfingstrosen-paradies.de\/wp-content\/uploads\/Lorelei-2-2-scaled-100x100.jpg",100,100,true]},"post_excerpt_stackable":"<p>die realtiv neue Sorte &#8218;Lorelei&#8216; \u00fcberzeugt durch ihre einzigartigen pink &#8211; apricot farbenen, gef\u00fcllten Bl\u00fcten. Die Basis der Bl\u00fcten bleibt auch im Abbl\u00fchen noch kr\u00e4ftig pink und somit erscheinen diese dann mehrfarbig. Zudem ist die Sorte sehr standfest, dank starker Stiele. H\u00f6he 80-90 cm, BDurchmesser der Bl\u00fcte: 15 cm<\/p>\n","category_list":"","author_info":{"name":"","url":""},"comments_num":"0 comments","featured_image_urls_v2":{"full":["https:\/\/pfingstrosen-paradies.de\/wp-content\/uploads\/Lorelei-2-2-scaled.jpg",1280,1006,false],"thumbnail":["https:\/\/pfingstrosen-paradies.de\/wp-content\/uploads\/Lorelei-2-2-150x150.jpg",150,150,true],"medium":["https:\/\/pfingstrosen-paradies.de\/wp-content\/uploads\/Lorelei-2-2-300x236.jpg",300,236,true],"medium_large":["https:\/\/pfingstrosen-paradies.de\/wp-content\/uploads\/Lorelei-2-2-768x603.jpg",768,603,true],"large":["https:\/\/pfingstrosen-paradies.de\/wp-content\/uploads\/Lorelei-2-2-1024x804.jpg",1024,804,true],"1536x1536":["https:\/\/pfingstrosen-paradies.de\/wp-content\/uploads\/Lorelei-2-2-1536x1207.jpg",1536,1207,true],"2048x2048":["https:\/\/pfingstrosen-paradies.de\/wp-content\/uploads\/Lorelei-2-2-2048x1609.jpg",2048,1609,true],"trp-custom-language-flag":["https:\/\/pfingstrosen-paradies.de\/wp-content\/uploads\/Lorelei-2-2-15x12.jpg",15,12,true],"ptam-block-post-grid-landscape":["https:\/\/pfingstrosen-paradies.de\/wp-content\/uploads\/Lorelei-2-2-600x400.jpg",600,400,true],"ptam-block-post-grid-square":["https:\/\/pfingstrosen-paradies.de\/wp-content\/uploads\/Lorelei-2-2-600x600.jpg",600,600,true],"ptam-block-post-grid-featured-landscape":["https:\/\/pfingstrosen-paradies.de\/wp-content\/uploads\/Lorelei-2-2-1000x600.jpg",1000,600,true],"woocommerce_archive_thumbnail":["https:\/\/pfingstrosen-paradies.de\/wp-content\/uploads\/Lorelei-2-2-scaled-400x350.jpg",400,350,true],"woocommerce_thumbnail":["https:\/\/pfingstrosen-paradies.de\/wp-content\/uploads\/Lorelei-2-2-scaled-400x350.jpg",400,350,true],"woocommerce_single":["https:\/\/pfingstrosen-paradies.de\/wp-content\/uploads\/Lorelei-2-2-scaled-1200x943.jpg",1200,943,true],"woocommerce_gallery_thumbnail":["https:\/\/pfingstrosen-paradies.de\/wp-content\/uploads\/Lorelei-2-2-scaled-100x100.jpg",100,100,true]},"post_excerpt_stackable_v2":"<p>die realtiv neue Sorte &#8218;Lorelei&#8216; \u00fcberzeugt durch ihre einzigartigen pink &#8211; apricot farbenen, gef\u00fcllten Bl\u00fcten. Die Basis der Bl\u00fcten bleibt auch im Abbl\u00fchen noch kr\u00e4ftig pink und somit erscheinen diese dann mehrfarbig. Zudem ist die Sorte sehr standfest, dank starker Stiele. H\u00f6he 80-90 cm, BDurchmesser der Bl\u00fcte: 15 cm<\/p>\n","category_list_v2":"","author_info_v2":{"name":"","url":""},"comments_num_v2":"0 comments","yoast_head":"<!-- This site is optimized with the Yoast SEO plugin v27.3 - https:\/\/yoast.com\/product\/yoast-seo-wordpress\/ -->\n<title>Paeonia &#039;Lorelei&#039; | Pfingstrosen-Paradies Tetzlaff<\/title>\n<meta name=\"description\" content=\"Hybriden, Staudenp\u00e4onien | die realtiv neue Sorte &#039;Lorelei&#039; \u00fcberzeugt durch ihre einzigartigen pink - apricot farbenen, gef\u00fcllten Bl\u00fcten. Die Basis der Bl\u00fcten bleibt auch im\" \/>\n<meta name=\"robots\" content=\"index, follow, max-snippet:-1, max-image-preview:large, max-video-preview:-1\" \/>\n<link rel=\"canonical\" href=\"https:\/\/pfingstrosen-paradies.de\/en\/shop\/staudenpfingstrosen\/hybriden\/lorelei\/\" \/>\n<meta property=\"og:locale\" content=\"en_GB\" \/>\n<meta property=\"og:type\" content=\"article\" \/>\n<meta property=\"og:title\" content=\"Paeonia &#039;Lorelei&#039; | Pfingstrosen-Paradies Tetzlaff\" \/>\n<meta property=\"og:description\" content=\"Hybriden, Staudenp\u00e4onien | die realtiv neue Sorte &#039;Lorelei&#039; \u00fcberzeugt durch ihre einzigartigen pink - apricot farbenen, gef\u00fcllten Bl\u00fcten. Die Basis der Bl\u00fcten bleibt auch im\" \/>\n<meta property=\"og:url\" content=\"https:\/\/pfingstrosen-paradies.de\/en\/shop\/staudenpfingstrosen\/hybriden\/lorelei\/\" \/>\n<meta property=\"og:site_name\" content=\"Pfingstrosen-Paradies\" \/>\n<meta property=\"article:modified_time\" content=\"2026-04-25T22:58:19+00:00\" \/>\n<meta property=\"og:image\" content=\"https:\/\/pfingstrosen-paradies.de\/wp-content\/uploads\/Lorelei-2-2-scaled.jpg\" \/>\n\t<meta property=\"og:image:width\" content=\"1280\" \/>\n\t<meta property=\"og:image:height\" content=\"1006\" \/>\n\t<meta property=\"og:image:type\" content=\"image\/jpeg\" \/>\n<meta name=\"twitter:card\" content=\"summary_large_image\" \/>\n<meta name=\"twitter:label1\" content=\"Estimated reading time\" \/>\n\t<meta name=\"twitter:data1\" content=\"1 minute\" \/>\n<script type=\"application\/ld+json\" class=\"yoast-schema-graph\">{\"@context\":\"https:\\\/\\\/schema.org\",\"@graph\":[{\"@type\":\"WebPage\",\"@id\":\"https:\\\/\\\/pfingstrosen-paradies.de\\\/shop\\\/staudenpfingstrosen\\\/hybriden\\\/lorelei\\\/\",\"url\":\"https:\\\/\\\/pfingstrosen-paradies.de\\\/shop\\\/staudenpfingstrosen\\\/hybriden\\\/lorelei\\\/\",\"name\":\"Paeonia 'Lorelei' | Pfingstrosen-Paradies Tetzlaff\",\"isPartOf\":{\"@id\":\"https:\\\/\\\/pfingstrosen-paradies.de\\\/#website\"},\"primaryImageOfPage\":{\"@id\":\"https:\\\/\\\/pfingstrosen-paradies.de\\\/shop\\\/staudenpfingstrosen\\\/hybriden\\\/lorelei\\\/#primaryimage\"},\"image\":{\"@id\":\"https:\\\/\\\/pfingstrosen-paradies.de\\\/shop\\\/staudenpfingstrosen\\\/hybriden\\\/lorelei\\\/#primaryimage\"},\"thumbnailUrl\":\"https:\\\/\\\/pfingstrosen-paradies.de\\\/wp-content\\\/uploads\\\/Lorelei-2-2-scaled.jpg\",\"datePublished\":\"2021-12-31T20:08:42+00:00\",\"dateModified\":\"2026-04-25T22:58:19+00:00\",\"description\":\"Hybriden, Staudenp\u00e4onien | die realtiv neue Sorte 'Lorelei' \u00fcberzeugt durch ihre einzigartigen pink - apricot farbenen, gef\u00fcllten Bl\u00fcten. Die Basis der Bl\u00fcten bleibt auch im\",\"breadcrumb\":{\"@id\":\"https:\\\/\\\/pfingstrosen-paradies.de\\\/shop\\\/staudenpfingstrosen\\\/hybriden\\\/lorelei\\\/#breadcrumb\"},\"inLanguage\":\"en-GB\",\"potentialAction\":[{\"@type\":\"ReadAction\",\"target\":[\"https:\\\/\\\/pfingstrosen-paradies.de\\\/shop\\\/staudenpfingstrosen\\\/hybriden\\\/lorelei\\\/\"]}]},{\"@type\":\"ImageObject\",\"inLanguage\":\"en-GB\",\"@id\":\"https:\\\/\\\/pfingstrosen-paradies.de\\\/shop\\\/staudenpfingstrosen\\\/hybriden\\\/lorelei\\\/#primaryimage\",\"url\":\"https:\\\/\\\/pfingstrosen-paradies.de\\\/wp-content\\\/uploads\\\/Lorelei-2-2-scaled.jpg\",\"contentUrl\":\"https:\\\/\\\/pfingstrosen-paradies.de\\\/wp-content\\\/uploads\\\/Lorelei-2-2-scaled.jpg\",\"width\":1280,\"height\":1006,\"caption\":\"Lorelei\"},{\"@type\":\"BreadcrumbList\",\"@id\":\"https:\\\/\\\/pfingstrosen-paradies.de\\\/shop\\\/staudenpfingstrosen\\\/hybriden\\\/lorelei\\\/#breadcrumb\",\"itemListElement\":[{\"@type\":\"ListItem\",\"position\":1,\"name\":\"Start\",\"item\":\"https:\\\/\\\/pfingstrosen-paradies.de\\\/\"},{\"@type\":\"ListItem\",\"position\":2,\"name\":\"Shop\",\"item\":\"https:\\\/\\\/pfingstrosen-paradies.de\\\/shop\\\/\"},{\"@type\":\"ListItem\",\"position\":3,\"name\":\"Lorelei\"}]},{\"@type\":\"WebSite\",\"@id\":\"https:\\\/\\\/pfingstrosen-paradies.de\\\/#website\",\"url\":\"https:\\\/\\\/pfingstrosen-paradies.de\\\/\",\"name\":\"Pfingstrosen-Paradies\",\"description\":\"Fachg\u00e4rtnerei f\u00fcr Pfingstrosen\",\"publisher\":{\"@id\":\"https:\\\/\\\/pfingstrosen-paradies.de\\\/#organization\"},\"potentialAction\":[{\"@type\":\"SearchAction\",\"target\":{\"@type\":\"EntryPoint\",\"urlTemplate\":\"https:\\\/\\\/pfingstrosen-paradies.de\\\/?s={search_term_string}\"},\"query-input\":{\"@type\":\"PropertyValueSpecification\",\"valueRequired\":true,\"valueName\":\"search_term_string\"}}],\"inLanguage\":\"en-GB\"},{\"@type\":\"Organization\",\"@id\":\"https:\\\/\\\/pfingstrosen-paradies.de\\\/#organization\",\"name\":\"Pfingstrosen-Paradies\",\"url\":\"https:\\\/\\\/pfingstrosen-paradies.de\\\/\",\"logo\":{\"@type\":\"ImageObject\",\"inLanguage\":\"en-GB\",\"@id\":\"https:\\\/\\\/pfingstrosen-paradies.de\\\/#\\\/schema\\\/logo\\\/image\\\/\",\"url\":\"https:\\\/\\\/pfingstrosen-paradies.de\\\/wp-content\\\/uploads\\\/2021\\\/02\\\/logo-pfingstrosen.png\",\"contentUrl\":\"https:\\\/\\\/pfingstrosen-paradies.de\\\/wp-content\\\/uploads\\\/2021\\\/02\\\/logo-pfingstrosen.png\",\"width\":1568,\"height\":366,\"caption\":\"Pfingstrosen-Paradies\"},\"image\":{\"@id\":\"https:\\\/\\\/pfingstrosen-paradies.de\\\/#\\\/schema\\\/logo\\\/image\\\/\"}}]}<\/script>\n<!-- \/ Yoast SEO plugin. -->","yoast_head_json":{"title":"Paeonia 'Lorelei' | Pfingstrosen-Paradies Tetzlaff","description":"Hybriden, Staudenp\u00e4onien | die realtiv neue Sorte 'Lorelei' \u00fcberzeugt durch ihre einzigartigen pink - apricot farbenen, gef\u00fcllten Bl\u00fcten. Die Basis der Bl\u00fcten bleibt auch im","robots":{"index":"index","follow":"follow","max-snippet":"max-snippet:-1","max-image-preview":"max-image-preview:large","max-video-preview":"max-video-preview:-1"},"canonical":"https:\/\/pfingstrosen-paradies.de\/en\/shop\/staudenpfingstrosen\/hybriden\/lorelei\/","og_locale":"en_GB","og_type":"article","og_title":"Paeonia 'Lorelei' | Pfingstrosen-Paradies Tetzlaff","og_description":"Hybriden, Staudenp\u00e4onien | die realtiv neue Sorte 'Lorelei' \u00fcberzeugt durch ihre einzigartigen pink - apricot farbenen, gef\u00fcllten Bl\u00fcten. Die Basis der Bl\u00fcten bleibt auch im","og_url":"https:\/\/pfingstrosen-paradies.de\/en\/shop\/staudenpfingstrosen\/hybriden\/lorelei\/","og_site_name":"Pfingstrosen-Paradies","article_modified_time":"2026-04-25T22:58:19+00:00","og_image":[{"width":1280,"height":1006,"url":"https:\/\/pfingstrosen-paradies.de\/wp-content\/uploads\/Lorelei-2-2-scaled.jpg","type":"image\/jpeg"}],"twitter_card":"summary_large_image","twitter_misc":{"Estimated reading time":"1 minute"},"schema":{"@context":"https:\/\/schema.org","@graph":[{"@type":"WebPage","@id":"https:\/\/pfingstrosen-paradies.de\/shop\/staudenpfingstrosen\/hybriden\/lorelei\/","url":"https:\/\/pfingstrosen-paradies.de\/shop\/staudenpfingstrosen\/hybriden\/lorelei\/","name":"Paeonia 'Lorelei' | Pfingstrosen-Paradies Tetzlaff","isPartOf":{"@id":"https:\/\/pfingstrosen-paradies.de\/#website"},"primaryImageOfPage":{"@id":"https:\/\/pfingstrosen-paradies.de\/shop\/staudenpfingstrosen\/hybriden\/lorelei\/#primaryimage"},"image":{"@id":"https:\/\/pfingstrosen-paradies.de\/shop\/staudenpfingstrosen\/hybriden\/lorelei\/#primaryimage"},"thumbnailUrl":"https:\/\/pfingstrosen-paradies.de\/wp-content\/uploads\/Lorelei-2-2-scaled.jpg","datePublished":"2021-12-31T20:08:42+00:00","dateModified":"2026-04-25T22:58:19+00:00","description":"Hybriden, Staudenp\u00e4onien | die realtiv neue Sorte 'Lorelei' \u00fcberzeugt durch ihre einzigartigen pink - apricot farbenen, gef\u00fcllten Bl\u00fcten. Die Basis der Bl\u00fcten bleibt auch im","breadcrumb":{"@id":"https:\/\/pfingstrosen-paradies.de\/shop\/staudenpfingstrosen\/hybriden\/lorelei\/#breadcrumb"},"inLanguage":"en-GB","potentialAction":[{"@type":"ReadAction","target":["https:\/\/pfingstrosen-paradies.de\/shop\/staudenpfingstrosen\/hybriden\/lorelei\/"]}]},{"@type":"ImageObject","inLanguage":"en-GB","@id":"https:\/\/pfingstrosen-paradies.de\/shop\/staudenpfingstrosen\/hybriden\/lorelei\/#primaryimage","url":"https:\/\/pfingstrosen-paradies.de\/wp-content\/uploads\/Lorelei-2-2-scaled.jpg","contentUrl":"https:\/\/pfingstrosen-paradies.de\/wp-content\/uploads\/Lorelei-2-2-scaled.jpg","width":1280,"height":1006,"caption":"Lorelei"},{"@type":"BreadcrumbList","@id":"https:\/\/pfingstrosen-paradies.de\/shop\/staudenpfingstrosen\/hybriden\/lorelei\/#breadcrumb","itemListElement":[{"@type":"ListItem","position":1,"name":"Start","item":"https:\/\/pfingstrosen-paradies.de\/"},{"@type":"ListItem","position":2,"name":"Shop","item":"https:\/\/pfingstrosen-paradies.de\/shop\/"},{"@type":"ListItem","position":3,"name":"Lorelei"}]},{"@type":"WebSite","@id":"https:\/\/pfingstrosen-paradies.de\/#website","url":"https:\/\/pfingstrosen-paradies.de\/","name":"Pfingstrosen-Paradies","description":"Fachg\u00e4rtnerei f\u00fcr Pfingstrosen","publisher":{"@id":"https:\/\/pfingstrosen-paradies.de\/#organization"},"potentialAction":[{"@type":"SearchAction","target":{"@type":"EntryPoint","urlTemplate":"https:\/\/pfingstrosen-paradies.de\/?s={search_term_string}"},"query-input":{"@type":"PropertyValueSpecification","valueRequired":true,"valueName":"search_term_string"}}],"inLanguage":"en-GB"},{"@type":"Organization","@id":"https:\/\/pfingstrosen-paradies.de\/#organization","name":"Pfingstrosen-Paradies","url":"https:\/\/pfingstrosen-paradies.de\/","logo":{"@type":"ImageObject","inLanguage":"en-GB","@id":"https:\/\/pfingstrosen-paradies.de\/#\/schema\/logo\/image\/","url":"https:\/\/pfingstrosen-paradies.de\/wp-content\/uploads\/2021\/02\/logo-pfingstrosen.png","contentUrl":"https:\/\/pfingstrosen-paradies.de\/wp-content\/uploads\/2021\/02\/logo-pfingstrosen.png","width":1568,"height":366,"caption":"Pfingstrosen-Paradies"},"image":{"@id":"https:\/\/pfingstrosen-paradies.de\/#\/schema\/logo\/image\/"}}]}},"_links":{"self":[{"href":"https:\/\/pfingstrosen-paradies.de\/en\/wp-json\/wp\/v2\/product\/3259","targetHints":{"allow":["GET"]}}],"collection":[{"href":"https:\/\/pfingstrosen-paradies.de\/en\/wp-json\/wp\/v2\/product"}],"about":[{"href":"https:\/\/pfingstrosen-paradies.de\/en\/wp-json\/wp\/v2\/types\/product"}],"wp:featuredmedia":[{"embeddable":true,"href":"https:\/\/pfingstrosen-paradies.de\/en\/wp-json\/wp\/v2\/media\/5274"}],"wp:attachment":[{"href":"https:\/\/pfingstrosen-paradies.de\/en\/wp-json\/wp\/v2\/media?parent=3259"}],"wp:term":[{"taxonomy":"product_brand","embeddable":true,"href":"https:\/\/pfingstrosen-paradies.de\/en\/wp-json\/wp\/v2\/product_brand?post=3259"},{"taxonomy":"product_cat","embeddable":true,"href":"https:\/\/pfingstrosen-paradies.de\/en\/wp-json\/wp\/v2\/product_cat?post=3259"},{"taxonomy":"product_tag","embeddable":true,"href":"https:\/\/pfingstrosen-paradies.de\/en\/wp-json\/wp\/v2\/product_tag?post=3259"}],"curies":[{"name":"wp","href":"https:\/\/api.w.org\/{rel}","templated":true}]}}