{"id":3367,"date":"2022-01-02T11:22:44","date_gmt":"2022-01-02T10:22:44","guid":{"rendered":"https:\/\/pfingstrosen-paradies.de\/?post_type=product&#038;p=3367"},"modified":"2026-03-16T15:04:01","modified_gmt":"2026-03-16T14:04:01","slug":"nick-shaylor","status":"publish","type":"product","link":"https:\/\/pfingstrosen-paradies.de\/en\/shop\/staudenpfingstrosen\/lactiflora\/nick-shaylor\/","title":{"rendered":"Nick Shaylor"},"content":{"rendered":"<p data-start=\"179\" data-end=\"557\"><em data-start=\"189\" data-end=\"203\">Nick Shaylor<\/em> z\u00e4hlt zu den besonders eleganten, historischen Edel-Pfingstrosen. Ihre <strong data-start=\"275\" data-end=\"309\">gro\u00dfen, stark gef\u00fcllten Bl\u00fcten<\/strong> erreichen einen Durchmesser von etwa <strong data-start=\"347\" data-end=\"356\">15 cm<\/strong> und pr\u00e4sentieren sich zun\u00e4chst in einem <strong data-start=\"397\" data-end=\"416\">zarten Hellrosa<\/strong>, das beim Verbl\u00fchen in ein <strong data-start=\"444\" data-end=\"459\">reines Wei\u00df<\/strong> \u00fcbergeht \u2013 ein faszinierender Farbverlauf, der der Pflanze eine besonders edle Wirkung verleiht.<\/p>\n<p data-start=\"559\" data-end=\"905\">Die Bl\u00fcten erscheinen <strong data-start=\"581\" data-end=\"596\">late midseason<\/strong> in der Pfingstrosen-Saison und werden von <strong data-start=\"639\" data-end=\"656\">Seitenknospen<\/strong> begleitet, was f\u00fcr eine verl\u00e4ngerte Bl\u00fchdauer sorgt. Mit einer Wuchsh\u00f6he von <strong data-start=\"734\" data-end=\"750\">80 bis 90 cm<\/strong> zeigt sich die Staude <strong data-start=\"773\" data-end=\"791\">sehr standfest<\/strong>, auch bei <strong data-start=\"802\" data-end=\"825\">regnerischem Wetter<\/strong> \u2013 eine Eigenschaft, die sie von vielen anderen gef\u00fcllten Sorten positiv abhebt.<\/p>\n<p data-start=\"907\" data-end=\"1184\"><em data-start=\"907\" data-end=\"921\">Nick Shaylor<\/em> wurde <strong data-start=\"928\" data-end=\"936\">1931<\/strong> von den amerikanischen Z\u00fcchtern <strong data-start=\"964\" data-end=\"991\">Shaylor \/ Allison (USA)<\/strong> eingef\u00fchrt und hat sich seither als zuverl\u00e4ssige, robuste Gartenpflanze bew\u00e4hrt. Dank ihrer Bl\u00fctenpracht und Stabilit\u00e4t ist sie nicht nur im Beet, sondern auch als Schnittblume sehr gesch\u00e4tzt.<\/p>","protected":false},"excerpt":{"rendered":"<p>Nick Shaylor z\u00e4hlt zu den besonders eleganten, historischen Edel-Pfingstrosen. Ihre gro\u00dfen, stark gef\u00fcllten Bl\u00fcten erreichen einen Durchmesser von etwa 15 cm und pr\u00e4sentieren sich zun\u00e4chst in einem zarten Hellrosa, das beim Verbl\u00fchen in ein reines Wei\u00df \u00fcbergeht \u2013 ein faszinierender Farbverlauf, der der Pflanze eine besonders edle Wirkung verleiht. Die Bl\u00fcten erscheinen mittel-sp\u00e4t in der [&hellip;]<\/p>\n","protected":false},"featured_media":5415,"template":"","meta":[],"product_brand":[],"product_cat":[37,33,121],"product_tag":[],"class_list":{"0":"post-3367","1":"product","2":"type-product","3":"status-publish","4":"has-post-thumbnail","6":"product_cat-lactiflora","7":"product_cat-staudenpfingstrosen","8":"product_cat-unsere-lieblingssorten","10":"first","11":"instock","12":"taxable","13":"shipping-taxable","14":"purchasable","15":"product-type-simple"},"featured_image_urls":{"full":["https:\/\/pfingstrosen-paradies.de\/wp-content\/uploads\/Nick-Shaylor-6.jpg",1280,960,false],"thumbnail":["https:\/\/pfingstrosen-paradies.de\/wp-content\/uploads\/Nick-Shaylor-6-150x150.jpg",150,150,true],"medium":["https:\/\/pfingstrosen-paradies.de\/wp-content\/uploads\/Nick-Shaylor-6-300x225.jpg",300,225,true],"medium_large":["https:\/\/pfingstrosen-paradies.de\/wp-content\/uploads\/Nick-Shaylor-6-768x576.jpg",768,576,true],"large":["https:\/\/pfingstrosen-paradies.de\/wp-content\/uploads\/Nick-Shaylor-6-1024x768.jpg",1024,768,true],"1536x1536":["https:\/\/pfingstrosen-paradies.de\/wp-content\/uploads\/Nick-Shaylor-6.jpg",1280,960,false],"2048x2048":["https:\/\/pfingstrosen-paradies.de\/wp-content\/uploads\/Nick-Shaylor-6.jpg",1280,960,false],"trp-custom-language-flag":["https:\/\/pfingstrosen-paradies.de\/wp-content\/uploads\/Nick-Shaylor-6-16x12.jpg",16,12,true],"ptam-block-post-grid-landscape":["https:\/\/pfingstrosen-paradies.de\/wp-content\/uploads\/Nick-Shaylor-6-600x400.jpg",600,400,true],"ptam-block-post-grid-square":["https:\/\/pfingstrosen-paradies.de\/wp-content\/uploads\/Nick-Shaylor-6-600x600.jpg",600,600,true],"ptam-block-post-grid-featured-landscape":["https:\/\/pfingstrosen-paradies.de\/wp-content\/uploads\/Nick-Shaylor-6-1000x600.jpg",1000,600,true],"woocommerce_archive_thumbnail":["https:\/\/pfingstrosen-paradies.de\/wp-content\/uploads\/Nick-Shaylor-6-400x350.jpg",400,350,true],"woocommerce_thumbnail":["https:\/\/pfingstrosen-paradies.de\/wp-content\/uploads\/Nick-Shaylor-6-400x350.jpg",400,350,true],"woocommerce_single":["https:\/\/pfingstrosen-paradies.de\/wp-content\/uploads\/Nick-Shaylor-6-1200x900.jpg",1200,900,true],"woocommerce_gallery_thumbnail":["https:\/\/pfingstrosen-paradies.de\/wp-content\/uploads\/Nick-Shaylor-6-100x100.jpg",100,100,true]},"post_excerpt_stackable":"<p>Nick Shaylor z\u00e4hlt zu den besonders eleganten, historischen Edel-Pfingstrosen. Ihre gro\u00dfen, stark gef\u00fcllten Bl\u00fcten erreichen einen Durchmesser von etwa 15 cm und pr\u00e4sentieren sich zun\u00e4chst in einem zarten Hellrosa, das beim Verbl\u00fchen in ein reines Wei\u00df \u00fcbergeht \u2013 ein faszinierender Farbverlauf, der der Pflanze eine besonders edle Wirkung verleiht. Die Bl\u00fcten erscheinen mittel-sp\u00e4t in der Pfingstrosen-Saison und werden von Seitenknospen begleitet, was f\u00fcr eine verl\u00e4ngerte Bl\u00fchdauer sorgt. Mit einer Wuchsh\u00f6he von 80 bis 90 cm zeigt sich die Staude sehr standfest, auch bei regnerischem Wetter \u2013 eine Eigenschaft, die sie von vielen anderen gef\u00fcllten Sorten positiv abhebt. Nick Shaylor wurde&hellip;<\/p>\n","category_list":"","author_info":{"name":"","url":""},"comments_num":"0 comments","featured_image_urls_v2":{"full":["https:\/\/pfingstrosen-paradies.de\/wp-content\/uploads\/Nick-Shaylor-6.jpg",1280,960,false],"thumbnail":["https:\/\/pfingstrosen-paradies.de\/wp-content\/uploads\/Nick-Shaylor-6-150x150.jpg",150,150,true],"medium":["https:\/\/pfingstrosen-paradies.de\/wp-content\/uploads\/Nick-Shaylor-6-300x225.jpg",300,225,true],"medium_large":["https:\/\/pfingstrosen-paradies.de\/wp-content\/uploads\/Nick-Shaylor-6-768x576.jpg",768,576,true],"large":["https:\/\/pfingstrosen-paradies.de\/wp-content\/uploads\/Nick-Shaylor-6-1024x768.jpg",1024,768,true],"1536x1536":["https:\/\/pfingstrosen-paradies.de\/wp-content\/uploads\/Nick-Shaylor-6.jpg",1280,960,false],"2048x2048":["https:\/\/pfingstrosen-paradies.de\/wp-content\/uploads\/Nick-Shaylor-6.jpg",1280,960,false],"trp-custom-language-flag":["https:\/\/pfingstrosen-paradies.de\/wp-content\/uploads\/Nick-Shaylor-6-16x12.jpg",16,12,true],"ptam-block-post-grid-landscape":["https:\/\/pfingstrosen-paradies.de\/wp-content\/uploads\/Nick-Shaylor-6-600x400.jpg",600,400,true],"ptam-block-post-grid-square":["https:\/\/pfingstrosen-paradies.de\/wp-content\/uploads\/Nick-Shaylor-6-600x600.jpg",600,600,true],"ptam-block-post-grid-featured-landscape":["https:\/\/pfingstrosen-paradies.de\/wp-content\/uploads\/Nick-Shaylor-6-1000x600.jpg",1000,600,true],"woocommerce_archive_thumbnail":["https:\/\/pfingstrosen-paradies.de\/wp-content\/uploads\/Nick-Shaylor-6-400x350.jpg",400,350,true],"woocommerce_thumbnail":["https:\/\/pfingstrosen-paradies.de\/wp-content\/uploads\/Nick-Shaylor-6-400x350.jpg",400,350,true],"woocommerce_single":["https:\/\/pfingstrosen-paradies.de\/wp-content\/uploads\/Nick-Shaylor-6-1200x900.jpg",1200,900,true],"woocommerce_gallery_thumbnail":["https:\/\/pfingstrosen-paradies.de\/wp-content\/uploads\/Nick-Shaylor-6-100x100.jpg",100,100,true]},"post_excerpt_stackable_v2":"<p>Nick Shaylor z\u00e4hlt zu den besonders eleganten, historischen Edel-Pfingstrosen. Ihre gro\u00dfen, stark gef\u00fcllten Bl\u00fcten erreichen einen Durchmesser von etwa 15 cm und pr\u00e4sentieren sich zun\u00e4chst in einem zarten Hellrosa, das beim Verbl\u00fchen in ein reines Wei\u00df \u00fcbergeht \u2013 ein faszinierender Farbverlauf, der der Pflanze eine besonders edle Wirkung verleiht. Die Bl\u00fcten erscheinen mittel-sp\u00e4t in der Pfingstrosen-Saison und werden von Seitenknospen begleitet, was f\u00fcr eine verl\u00e4ngerte Bl\u00fchdauer sorgt. Mit einer Wuchsh\u00f6he von 80 bis 90 cm zeigt sich die Staude sehr standfest, auch bei regnerischem Wetter \u2013 eine Eigenschaft, die sie von vielen anderen gef\u00fcllten Sorten positiv abhebt. Nick Shaylor wurde&hellip;<\/p>\n","category_list_v2":"","author_info_v2":{"name":"","url":""},"comments_num_v2":"0 comments","yoast_head":"<!-- This site is optimized with the Yoast SEO plugin v27.3 - https:\/\/yoast.com\/product\/yoast-seo-wordpress\/ -->\n<title>Paeonia &#039;Nick Shaylor&#039; | Pfingstrosen-Paradies Tetzlaff<\/title>\n<meta name=\"description\" content=\"Lactiflora, Staudenp\u00e4onien, Unsere Lieblingssorten | Nick Shaylor z\u00e4hlt zu den besonders eleganten, historischen Edel-Pfingstrosen. Ihre gro\u00dfen, stark gef\u00fcllten Bl\u00fcten erreichen einen Durchmesser von etwa 15\" \/>\n<meta name=\"robots\" content=\"index, follow, max-snippet:-1, max-image-preview:large, max-video-preview:-1\" \/>\n<link rel=\"canonical\" href=\"https:\/\/pfingstrosen-paradies.de\/en\/shop\/staudenpfingstrosen\/lactiflora\/nick-shaylor\/\" \/>\n<meta property=\"og:locale\" content=\"en_GB\" \/>\n<meta property=\"og:type\" content=\"article\" \/>\n<meta property=\"og:title\" content=\"Paeonia &#039;Nick Shaylor&#039; | Pfingstrosen-Paradies Tetzlaff\" \/>\n<meta property=\"og:description\" content=\"Lactiflora, Staudenp\u00e4onien, Unsere Lieblingssorten | Nick Shaylor z\u00e4hlt zu den besonders eleganten, historischen Edel-Pfingstrosen. Ihre gro\u00dfen, stark gef\u00fcllten Bl\u00fcten erreichen einen Durchmesser von etwa 15\" \/>\n<meta property=\"og:url\" content=\"https:\/\/pfingstrosen-paradies.de\/en\/shop\/staudenpfingstrosen\/lactiflora\/nick-shaylor\/\" \/>\n<meta property=\"og:site_name\" content=\"Pfingstrosen-Paradies\" \/>\n<meta property=\"article:modified_time\" content=\"2026-03-16T14:04:01+00:00\" \/>\n<meta property=\"og:image\" content=\"https:\/\/pfingstrosen-paradies.de\/wp-content\/uploads\/Nick-Shaylor-6.jpg\" \/>\n\t<meta property=\"og:image:width\" content=\"1280\" \/>\n\t<meta property=\"og:image:height\" content=\"960\" \/>\n\t<meta property=\"og:image:type\" content=\"image\/jpeg\" \/>\n<meta name=\"twitter:card\" content=\"summary_large_image\" \/>\n<meta name=\"twitter:label1\" content=\"Estimated reading time\" \/>\n\t<meta name=\"twitter:data1\" content=\"1 minute\" \/>\n<script type=\"application\/ld+json\" class=\"yoast-schema-graph\">{\"@context\":\"https:\\\/\\\/schema.org\",\"@graph\":[{\"@type\":\"WebPage\",\"@id\":\"https:\\\/\\\/pfingstrosen-paradies.de\\\/shop\\\/staudenpfingstrosen\\\/lactiflora\\\/nick-shaylor\\\/\",\"url\":\"https:\\\/\\\/pfingstrosen-paradies.de\\\/shop\\\/staudenpfingstrosen\\\/lactiflora\\\/nick-shaylor\\\/\",\"name\":\"Paeonia 'Nick Shaylor' | Pfingstrosen-Paradies Tetzlaff\",\"isPartOf\":{\"@id\":\"https:\\\/\\\/pfingstrosen-paradies.de\\\/#website\"},\"primaryImageOfPage\":{\"@id\":\"https:\\\/\\\/pfingstrosen-paradies.de\\\/shop\\\/staudenpfingstrosen\\\/lactiflora\\\/nick-shaylor\\\/#primaryimage\"},\"image\":{\"@id\":\"https:\\\/\\\/pfingstrosen-paradies.de\\\/shop\\\/staudenpfingstrosen\\\/lactiflora\\\/nick-shaylor\\\/#primaryimage\"},\"thumbnailUrl\":\"https:\\\/\\\/pfingstrosen-paradies.de\\\/wp-content\\\/uploads\\\/Nick-Shaylor-6.jpg\",\"datePublished\":\"2022-01-02T10:22:44+00:00\",\"dateModified\":\"2026-03-16T14:04:01+00:00\",\"description\":\"Lactiflora, Staudenp\u00e4onien, Unsere Lieblingssorten | Nick Shaylor z\u00e4hlt zu den besonders eleganten, historischen Edel-Pfingstrosen. Ihre gro\u00dfen, stark gef\u00fcllten Bl\u00fcten erreichen einen Durchmesser von etwa 15\",\"breadcrumb\":{\"@id\":\"https:\\\/\\\/pfingstrosen-paradies.de\\\/shop\\\/staudenpfingstrosen\\\/lactiflora\\\/nick-shaylor\\\/#breadcrumb\"},\"inLanguage\":\"en-GB\",\"potentialAction\":[{\"@type\":\"ReadAction\",\"target\":[\"https:\\\/\\\/pfingstrosen-paradies.de\\\/shop\\\/staudenpfingstrosen\\\/lactiflora\\\/nick-shaylor\\\/\"]}]},{\"@type\":\"ImageObject\",\"inLanguage\":\"en-GB\",\"@id\":\"https:\\\/\\\/pfingstrosen-paradies.de\\\/shop\\\/staudenpfingstrosen\\\/lactiflora\\\/nick-shaylor\\\/#primaryimage\",\"url\":\"https:\\\/\\\/pfingstrosen-paradies.de\\\/wp-content\\\/uploads\\\/Nick-Shaylor-6.jpg\",\"contentUrl\":\"https:\\\/\\\/pfingstrosen-paradies.de\\\/wp-content\\\/uploads\\\/Nick-Shaylor-6.jpg\",\"width\":1280,\"height\":960,\"caption\":\"Nick Shaylor\"},{\"@type\":\"BreadcrumbList\",\"@id\":\"https:\\\/\\\/pfingstrosen-paradies.de\\\/shop\\\/staudenpfingstrosen\\\/lactiflora\\\/nick-shaylor\\\/#breadcrumb\",\"itemListElement\":[{\"@type\":\"ListItem\",\"position\":1,\"name\":\"Start\",\"item\":\"https:\\\/\\\/pfingstrosen-paradies.de\\\/\"},{\"@type\":\"ListItem\",\"position\":2,\"name\":\"Shop\",\"item\":\"https:\\\/\\\/pfingstrosen-paradies.de\\\/shop\\\/\"},{\"@type\":\"ListItem\",\"position\":3,\"name\":\"Nick Shaylor\"}]},{\"@type\":\"WebSite\",\"@id\":\"https:\\\/\\\/pfingstrosen-paradies.de\\\/#website\",\"url\":\"https:\\\/\\\/pfingstrosen-paradies.de\\\/\",\"name\":\"Pfingstrosen-Paradies\",\"description\":\"Fachg\u00e4rtnerei f\u00fcr Pfingstrosen\",\"publisher\":{\"@id\":\"https:\\\/\\\/pfingstrosen-paradies.de\\\/#organization\"},\"potentialAction\":[{\"@type\":\"SearchAction\",\"target\":{\"@type\":\"EntryPoint\",\"urlTemplate\":\"https:\\\/\\\/pfingstrosen-paradies.de\\\/?s={search_term_string}\"},\"query-input\":{\"@type\":\"PropertyValueSpecification\",\"valueRequired\":true,\"valueName\":\"search_term_string\"}}],\"inLanguage\":\"en-GB\"},{\"@type\":\"Organization\",\"@id\":\"https:\\\/\\\/pfingstrosen-paradies.de\\\/#organization\",\"name\":\"Pfingstrosen-Paradies\",\"url\":\"https:\\\/\\\/pfingstrosen-paradies.de\\\/\",\"logo\":{\"@type\":\"ImageObject\",\"inLanguage\":\"en-GB\",\"@id\":\"https:\\\/\\\/pfingstrosen-paradies.de\\\/#\\\/schema\\\/logo\\\/image\\\/\",\"url\":\"https:\\\/\\\/pfingstrosen-paradies.de\\\/wp-content\\\/uploads\\\/2021\\\/02\\\/logo-pfingstrosen.png\",\"contentUrl\":\"https:\\\/\\\/pfingstrosen-paradies.de\\\/wp-content\\\/uploads\\\/2021\\\/02\\\/logo-pfingstrosen.png\",\"width\":1568,\"height\":366,\"caption\":\"Pfingstrosen-Paradies\"},\"image\":{\"@id\":\"https:\\\/\\\/pfingstrosen-paradies.de\\\/#\\\/schema\\\/logo\\\/image\\\/\"}}]}<\/script>\n<!-- \/ Yoast SEO plugin. -->","yoast_head_json":{"title":"Paeonia 'Nick Shaylor' | Pfingstrosen-Paradies Tetzlaff","description":"Lactiflora, Staudenp\u00e4onien, Unsere Lieblingssorten | Nick Shaylor z\u00e4hlt zu den besonders eleganten, historischen Edel-Pfingstrosen. Ihre gro\u00dfen, stark gef\u00fcllten Bl\u00fcten erreichen einen Durchmesser von etwa 15","robots":{"index":"index","follow":"follow","max-snippet":"max-snippet:-1","max-image-preview":"max-image-preview:large","max-video-preview":"max-video-preview:-1"},"canonical":"https:\/\/pfingstrosen-paradies.de\/en\/shop\/staudenpfingstrosen\/lactiflora\/nick-shaylor\/","og_locale":"en_GB","og_type":"article","og_title":"Paeonia 'Nick Shaylor' | Pfingstrosen-Paradies Tetzlaff","og_description":"Lactiflora, Staudenp\u00e4onien, Unsere Lieblingssorten | Nick Shaylor z\u00e4hlt zu den besonders eleganten, historischen Edel-Pfingstrosen. Ihre gro\u00dfen, stark gef\u00fcllten Bl\u00fcten erreichen einen Durchmesser von etwa 15","og_url":"https:\/\/pfingstrosen-paradies.de\/en\/shop\/staudenpfingstrosen\/lactiflora\/nick-shaylor\/","og_site_name":"Pfingstrosen-Paradies","article_modified_time":"2026-03-16T14:04:01+00:00","og_image":[{"width":1280,"height":960,"url":"https:\/\/pfingstrosen-paradies.de\/wp-content\/uploads\/Nick-Shaylor-6.jpg","type":"image\/jpeg"}],"twitter_card":"summary_large_image","twitter_misc":{"Estimated reading time":"1 minute"},"schema":{"@context":"https:\/\/schema.org","@graph":[{"@type":"WebPage","@id":"https:\/\/pfingstrosen-paradies.de\/shop\/staudenpfingstrosen\/lactiflora\/nick-shaylor\/","url":"https:\/\/pfingstrosen-paradies.de\/shop\/staudenpfingstrosen\/lactiflora\/nick-shaylor\/","name":"Paeonia 'Nick Shaylor' | Pfingstrosen-Paradies Tetzlaff","isPartOf":{"@id":"https:\/\/pfingstrosen-paradies.de\/#website"},"primaryImageOfPage":{"@id":"https:\/\/pfingstrosen-paradies.de\/shop\/staudenpfingstrosen\/lactiflora\/nick-shaylor\/#primaryimage"},"image":{"@id":"https:\/\/pfingstrosen-paradies.de\/shop\/staudenpfingstrosen\/lactiflora\/nick-shaylor\/#primaryimage"},"thumbnailUrl":"https:\/\/pfingstrosen-paradies.de\/wp-content\/uploads\/Nick-Shaylor-6.jpg","datePublished":"2022-01-02T10:22:44+00:00","dateModified":"2026-03-16T14:04:01+00:00","description":"Lactiflora, Staudenp\u00e4onien, Unsere Lieblingssorten | Nick Shaylor z\u00e4hlt zu den besonders eleganten, historischen Edel-Pfingstrosen. Ihre gro\u00dfen, stark gef\u00fcllten Bl\u00fcten erreichen einen Durchmesser von etwa 15","breadcrumb":{"@id":"https:\/\/pfingstrosen-paradies.de\/shop\/staudenpfingstrosen\/lactiflora\/nick-shaylor\/#breadcrumb"},"inLanguage":"en-GB","potentialAction":[{"@type":"ReadAction","target":["https:\/\/pfingstrosen-paradies.de\/shop\/staudenpfingstrosen\/lactiflora\/nick-shaylor\/"]}]},{"@type":"ImageObject","inLanguage":"en-GB","@id":"https:\/\/pfingstrosen-paradies.de\/shop\/staudenpfingstrosen\/lactiflora\/nick-shaylor\/#primaryimage","url":"https:\/\/pfingstrosen-paradies.de\/wp-content\/uploads\/Nick-Shaylor-6.jpg","contentUrl":"https:\/\/pfingstrosen-paradies.de\/wp-content\/uploads\/Nick-Shaylor-6.jpg","width":1280,"height":960,"caption":"Nick Shaylor"},{"@type":"BreadcrumbList","@id":"https:\/\/pfingstrosen-paradies.de\/shop\/staudenpfingstrosen\/lactiflora\/nick-shaylor\/#breadcrumb","itemListElement":[{"@type":"ListItem","position":1,"name":"Start","item":"https:\/\/pfingstrosen-paradies.de\/"},{"@type":"ListItem","position":2,"name":"Shop","item":"https:\/\/pfingstrosen-paradies.de\/shop\/"},{"@type":"ListItem","position":3,"name":"Nick Shaylor"}]},{"@type":"WebSite","@id":"https:\/\/pfingstrosen-paradies.de\/#website","url":"https:\/\/pfingstrosen-paradies.de\/","name":"Pfingstrosen-Paradies","description":"Fachg\u00e4rtnerei f\u00fcr Pfingstrosen","publisher":{"@id":"https:\/\/pfingstrosen-paradies.de\/#organization"},"potentialAction":[{"@type":"SearchAction","target":{"@type":"EntryPoint","urlTemplate":"https:\/\/pfingstrosen-paradies.de\/?s={search_term_string}"},"query-input":{"@type":"PropertyValueSpecification","valueRequired":true,"valueName":"search_term_string"}}],"inLanguage":"en-GB"},{"@type":"Organization","@id":"https:\/\/pfingstrosen-paradies.de\/#organization","name":"Pfingstrosen-Paradies","url":"https:\/\/pfingstrosen-paradies.de\/","logo":{"@type":"ImageObject","inLanguage":"en-GB","@id":"https:\/\/pfingstrosen-paradies.de\/#\/schema\/logo\/image\/","url":"https:\/\/pfingstrosen-paradies.de\/wp-content\/uploads\/2021\/02\/logo-pfingstrosen.png","contentUrl":"https:\/\/pfingstrosen-paradies.de\/wp-content\/uploads\/2021\/02\/logo-pfingstrosen.png","width":1568,"height":366,"caption":"Pfingstrosen-Paradies"},"image":{"@id":"https:\/\/pfingstrosen-paradies.de\/#\/schema\/logo\/image\/"}}]}},"_links":{"self":[{"href":"https:\/\/pfingstrosen-paradies.de\/en\/wp-json\/wp\/v2\/product\/3367","targetHints":{"allow":["GET"]}}],"collection":[{"href":"https:\/\/pfingstrosen-paradies.de\/en\/wp-json\/wp\/v2\/product"}],"about":[{"href":"https:\/\/pfingstrosen-paradies.de\/en\/wp-json\/wp\/v2\/types\/product"}],"wp:featuredmedia":[{"embeddable":true,"href":"https:\/\/pfingstrosen-paradies.de\/en\/wp-json\/wp\/v2\/media\/5415"}],"wp:attachment":[{"href":"https:\/\/pfingstrosen-paradies.de\/en\/wp-json\/wp\/v2\/media?parent=3367"}],"wp:term":[{"taxonomy":"product_brand","embeddable":true,"href":"https:\/\/pfingstrosen-paradies.de\/en\/wp-json\/wp\/v2\/product_brand?post=3367"},{"taxonomy":"product_cat","embeddable":true,"href":"https:\/\/pfingstrosen-paradies.de\/en\/wp-json\/wp\/v2\/product_cat?post=3367"},{"taxonomy":"product_tag","embeddable":true,"href":"https:\/\/pfingstrosen-paradies.de\/en\/wp-json\/wp\/v2\/product_tag?post=3367"}],"curies":[{"name":"wp","href":"https:\/\/api.w.org\/{rel}","templated":true}]}}