{"id":3375,"date":"2022-01-02T11:55:20","date_gmt":"2022-01-02T10:55:20","guid":{"rendered":"https:\/\/pfingstrosen-paradies.de\/?post_type=product&#038;p=3375"},"modified":"2025-11-09T14:18:31","modified_gmt":"2025-11-09T13:18:31","slug":"mrs-franklin-d-roosevelt","status":"publish","type":"product","link":"https:\/\/pfingstrosen-paradies.de\/en\/shop\/staudenpfingstrosen\/lactiflora\/mrs-franklin-d-roosevelt\/","title":{"rendered":"Mrs. Franklin D. Roosevelt"},"content":{"rendered":"<p>&#8218;Mrs. F.D. Roosevelt&#8216; z\u00e4hlt zu den bekanntesten historischen Sorten und wurde 1932 vom amerikanischen Z\u00fcchter Franklin eingef\u00fchrt. Sie gewann 1948 die Goldmedaille der American Peony Society. Ihre Bl\u00fcten sind gro\u00df und gef\u00fcllt. Beim Aufbl\u00fchen erscheinen sie in einem zarten Rosa, das sp\u00e4ter zu Cremewei\u00df \u00fcbergeht. Mit einem Durchmesser von 15\u201318 cm, einem tollen Duft und einer eleganten, aber lockeren Pflanzenstruktur geh\u00f6rt sie zu den besonders gesch\u00e4tzten Sorten, gleicherma\u00dfen f\u00fcr die Verwendung im Garten wie auch als Schnittblume.\u00a0Die Sorte bl\u00fcht mittelfr\u00fch, ist reichbl\u00fchend mit einigen Seitenknospen, bleibt steril und erreicht eine H\u00f6he von etwa 80 cm.<\/p>\n<p>&#8218;Mrs. F.D. Roosevelt&#8216; ist sehr beliebt f\u00fcr ihre elegante Erscheinung, ihren intensiven Duft und ihre zuverl\u00e4ssige Bl\u00fchfreude, die besonders fr\u00fch f\u00fcr eine <em>lactiflora<\/em>-Sorte ist. In Europa wird sie nur selten angeboten und ist eine kleine Rarit\u00e4t im P. <em>lactiflora<\/em>-Sortiment.<\/p>","protected":false},"excerpt":{"rendered":"<p>&#8218;Mrs. F.D. Roosevelt&#8216; z\u00e4hlt zu den bekanntesten historischen Sorten und wurde 1932 vom amerikanischen Z\u00fcchter Franklin eingef\u00fchrt. Sie gewann 1948 die Goldmedaille der American Peony Society. Ihre Bl\u00fcten sind gro\u00df und gef\u00fcllt. Beim Aufbl\u00fchen erscheinen sie in einem zarten Rosa, das sp\u00e4ter zu Cremewei\u00df \u00fcbergeht. Mit einem Durchmesser von 15\u201318 cm, einem tollen Duft und [&hellip;]<\/p>\n","protected":false},"featured_media":5394,"template":"","meta":[],"product_brand":[],"product_cat":[37,33],"product_tag":[],"class_list":{"0":"post-3375","1":"product","2":"type-product","3":"status-publish","4":"has-post-thumbnail","6":"product_cat-lactiflora","7":"product_cat-staudenpfingstrosen","9":"first","10":"outofstock","11":"taxable","12":"shipping-taxable","13":"purchasable","14":"product-type-simple"},"featured_image_urls":{"full":["https:\/\/pfingstrosen-paradies.de\/wp-content\/uploads\/Mrs.-Franklin-D.-Roosevelt.jpg",1280,960,false],"thumbnail":["https:\/\/pfingstrosen-paradies.de\/wp-content\/uploads\/Mrs.-Franklin-D.-Roosevelt-150x150.jpg",150,150,true],"medium":["https:\/\/pfingstrosen-paradies.de\/wp-content\/uploads\/Mrs.-Franklin-D.-Roosevelt-300x225.jpg",300,225,true],"medium_large":["https:\/\/pfingstrosen-paradies.de\/wp-content\/uploads\/Mrs.-Franklin-D.-Roosevelt-768x576.jpg",768,576,true],"large":["https:\/\/pfingstrosen-paradies.de\/wp-content\/uploads\/Mrs.-Franklin-D.-Roosevelt-1024x768.jpg",1024,768,true],"1536x1536":["https:\/\/pfingstrosen-paradies.de\/wp-content\/uploads\/Mrs.-Franklin-D.-Roosevelt.jpg",1280,960,false],"2048x2048":["https:\/\/pfingstrosen-paradies.de\/wp-content\/uploads\/Mrs.-Franklin-D.-Roosevelt.jpg",1280,960,false],"trp-custom-language-flag":["https:\/\/pfingstrosen-paradies.de\/wp-content\/uploads\/Mrs.-Franklin-D.-Roosevelt-16x12.jpg",16,12,true],"ptam-block-post-grid-landscape":["https:\/\/pfingstrosen-paradies.de\/wp-content\/uploads\/Mrs.-Franklin-D.-Roosevelt-600x400.jpg",600,400,true],"ptam-block-post-grid-square":["https:\/\/pfingstrosen-paradies.de\/wp-content\/uploads\/Mrs.-Franklin-D.-Roosevelt-600x600.jpg",600,600,true],"ptam-block-post-grid-featured-landscape":["https:\/\/pfingstrosen-paradies.de\/wp-content\/uploads\/Mrs.-Franklin-D.-Roosevelt-1000x600.jpg",1000,600,true],"woocommerce_archive_thumbnail":["https:\/\/pfingstrosen-paradies.de\/wp-content\/uploads\/Mrs.-Franklin-D.-Roosevelt-400x350.jpg",400,350,true],"woocommerce_thumbnail":["https:\/\/pfingstrosen-paradies.de\/wp-content\/uploads\/Mrs.-Franklin-D.-Roosevelt-400x350.jpg",400,350,true],"woocommerce_single":["https:\/\/pfingstrosen-paradies.de\/wp-content\/uploads\/Mrs.-Franklin-D.-Roosevelt-1200x900.jpg",1200,900,true],"woocommerce_gallery_thumbnail":["https:\/\/pfingstrosen-paradies.de\/wp-content\/uploads\/Mrs.-Franklin-D.-Roosevelt-100x100.jpg",100,100,true]},"post_excerpt_stackable":"<p>&#8218;Mrs. F.D. Roosevelt&#8216; z\u00e4hlt zu den bekanntesten historischen Sorten und wurde 1932 vom amerikanischen Z\u00fcchter Franklin eingef\u00fchrt. Sie gewann 1948 die Goldmedaille der American Peony Society. Ihre Bl\u00fcten sind gro\u00df und gef\u00fcllt. Beim Aufbl\u00fchen erscheinen sie in einem zarten Rosa, das sp\u00e4ter zu Cremewei\u00df \u00fcbergeht. Mit einem Durchmesser von 15\u201318 cm, einem tollen Duft und einer eleganten, aber lockeren Pflanzenstruktur geh\u00f6rt sie zu den besonders gesch\u00e4tzten Sorten, gleicherma\u00dfen f\u00fcr die Verwendung im Garten wie auch als Schnittblume.\u00a0Die Sorte bl\u00fcht mittelfr\u00fch, ist reichbl\u00fchend mit einigen Seitenknospen, bleibt steril und erreicht eine H\u00f6he von etwa 80 cm. &#8218;Mrs. F.D. Roosevelt&#8216; ist sehr&hellip;<\/p>\n","category_list":"","author_info":{"name":"","url":""},"comments_num":"0 comments","featured_image_urls_v2":{"full":["https:\/\/pfingstrosen-paradies.de\/wp-content\/uploads\/Mrs.-Franklin-D.-Roosevelt.jpg",1280,960,false],"thumbnail":["https:\/\/pfingstrosen-paradies.de\/wp-content\/uploads\/Mrs.-Franklin-D.-Roosevelt-150x150.jpg",150,150,true],"medium":["https:\/\/pfingstrosen-paradies.de\/wp-content\/uploads\/Mrs.-Franklin-D.-Roosevelt-300x225.jpg",300,225,true],"medium_large":["https:\/\/pfingstrosen-paradies.de\/wp-content\/uploads\/Mrs.-Franklin-D.-Roosevelt-768x576.jpg",768,576,true],"large":["https:\/\/pfingstrosen-paradies.de\/wp-content\/uploads\/Mrs.-Franklin-D.-Roosevelt-1024x768.jpg",1024,768,true],"1536x1536":["https:\/\/pfingstrosen-paradies.de\/wp-content\/uploads\/Mrs.-Franklin-D.-Roosevelt.jpg",1280,960,false],"2048x2048":["https:\/\/pfingstrosen-paradies.de\/wp-content\/uploads\/Mrs.-Franklin-D.-Roosevelt.jpg",1280,960,false],"trp-custom-language-flag":["https:\/\/pfingstrosen-paradies.de\/wp-content\/uploads\/Mrs.-Franklin-D.-Roosevelt-16x12.jpg",16,12,true],"ptam-block-post-grid-landscape":["https:\/\/pfingstrosen-paradies.de\/wp-content\/uploads\/Mrs.-Franklin-D.-Roosevelt-600x400.jpg",600,400,true],"ptam-block-post-grid-square":["https:\/\/pfingstrosen-paradies.de\/wp-content\/uploads\/Mrs.-Franklin-D.-Roosevelt-600x600.jpg",600,600,true],"ptam-block-post-grid-featured-landscape":["https:\/\/pfingstrosen-paradies.de\/wp-content\/uploads\/Mrs.-Franklin-D.-Roosevelt-1000x600.jpg",1000,600,true],"woocommerce_archive_thumbnail":["https:\/\/pfingstrosen-paradies.de\/wp-content\/uploads\/Mrs.-Franklin-D.-Roosevelt-400x350.jpg",400,350,true],"woocommerce_thumbnail":["https:\/\/pfingstrosen-paradies.de\/wp-content\/uploads\/Mrs.-Franklin-D.-Roosevelt-400x350.jpg",400,350,true],"woocommerce_single":["https:\/\/pfingstrosen-paradies.de\/wp-content\/uploads\/Mrs.-Franklin-D.-Roosevelt-1200x900.jpg",1200,900,true],"woocommerce_gallery_thumbnail":["https:\/\/pfingstrosen-paradies.de\/wp-content\/uploads\/Mrs.-Franklin-D.-Roosevelt-100x100.jpg",100,100,true]},"post_excerpt_stackable_v2":"<p>&#8218;Mrs. F.D. Roosevelt&#8216; z\u00e4hlt zu den bekanntesten historischen Sorten und wurde 1932 vom amerikanischen Z\u00fcchter Franklin eingef\u00fchrt. Sie gewann 1948 die Goldmedaille der American Peony Society. Ihre Bl\u00fcten sind gro\u00df und gef\u00fcllt. Beim Aufbl\u00fchen erscheinen sie in einem zarten Rosa, das sp\u00e4ter zu Cremewei\u00df \u00fcbergeht. Mit einem Durchmesser von 15\u201318 cm, einem tollen Duft und einer eleganten, aber lockeren Pflanzenstruktur geh\u00f6rt sie zu den besonders gesch\u00e4tzten Sorten, gleicherma\u00dfen f\u00fcr die Verwendung im Garten wie auch als Schnittblume.\u00a0Die Sorte bl\u00fcht mittelfr\u00fch, ist reichbl\u00fchend mit einigen Seitenknospen, bleibt steril und erreicht eine H\u00f6he von etwa 80 cm. &#8218;Mrs. F.D. Roosevelt&#8216; ist sehr&hellip;<\/p>\n","category_list_v2":"","author_info_v2":{"name":"","url":""},"comments_num_v2":"0 comments","yoast_head":"<!-- This site is optimized with the Yoast SEO plugin v27.3 - https:\/\/yoast.com\/product\/yoast-seo-wordpress\/ -->\n<title>Paeonia &#039;Mrs. Franklin D. Roosevelt&#039; | Pfingstrosen-Paradies Tetzlaff<\/title>\n<meta name=\"description\" content=\"Lactiflora, Staudenp\u00e4onien | &#039;Mrs. F.D. Roosevelt&#039; z\u00e4hlt zu den bekanntesten historischen Sorten und wurde 1932 vom amerikanischen Z\u00fcchter Franklin eingef\u00fchrt. Sie gewann 1948 die\" \/>\n<meta name=\"robots\" content=\"index, follow, max-snippet:-1, max-image-preview:large, max-video-preview:-1\" \/>\n<link rel=\"canonical\" href=\"https:\/\/pfingstrosen-paradies.de\/en\/shop\/staudenpfingstrosen\/lactiflora\/mrs-franklin-d-roosevelt\/\" \/>\n<meta property=\"og:locale\" content=\"en_GB\" \/>\n<meta property=\"og:type\" content=\"article\" \/>\n<meta property=\"og:title\" content=\"Paeonia &#039;Mrs. Franklin D. Roosevelt&#039; | Pfingstrosen-Paradies Tetzlaff\" \/>\n<meta property=\"og:description\" content=\"Lactiflora, Staudenp\u00e4onien | &#039;Mrs. F.D. Roosevelt&#039; z\u00e4hlt zu den bekanntesten historischen Sorten und wurde 1932 vom amerikanischen Z\u00fcchter Franklin eingef\u00fchrt. Sie gewann 1948 die\" \/>\n<meta property=\"og:url\" content=\"https:\/\/pfingstrosen-paradies.de\/en\/shop\/staudenpfingstrosen\/lactiflora\/mrs-franklin-d-roosevelt\/\" \/>\n<meta property=\"og:site_name\" content=\"Pfingstrosen-Paradies\" \/>\n<meta property=\"article:modified_time\" content=\"2025-11-09T13:18:31+00:00\" \/>\n<meta property=\"og:image\" content=\"https:\/\/pfingstrosen-paradies.de\/wp-content\/uploads\/Mrs.-Franklin-D.-Roosevelt.jpg\" \/>\n\t<meta property=\"og:image:width\" content=\"1280\" \/>\n\t<meta property=\"og:image:height\" content=\"960\" \/>\n\t<meta property=\"og:image:type\" content=\"image\/jpeg\" \/>\n<meta name=\"twitter:card\" content=\"summary_large_image\" \/>\n<meta name=\"twitter:label1\" content=\"Estimated reading time\" \/>\n\t<meta name=\"twitter:data1\" content=\"1 minute\" \/>\n<script type=\"application\/ld+json\" class=\"yoast-schema-graph\">{\"@context\":\"https:\\\/\\\/schema.org\",\"@graph\":[{\"@type\":\"WebPage\",\"@id\":\"https:\\\/\\\/pfingstrosen-paradies.de\\\/shop\\\/staudenpfingstrosen\\\/lactiflora\\\/mrs-franklin-d-roosevelt\\\/\",\"url\":\"https:\\\/\\\/pfingstrosen-paradies.de\\\/shop\\\/staudenpfingstrosen\\\/lactiflora\\\/mrs-franklin-d-roosevelt\\\/\",\"name\":\"Paeonia 'Mrs. Franklin D. Roosevelt' | Pfingstrosen-Paradies Tetzlaff\",\"isPartOf\":{\"@id\":\"https:\\\/\\\/pfingstrosen-paradies.de\\\/#website\"},\"primaryImageOfPage\":{\"@id\":\"https:\\\/\\\/pfingstrosen-paradies.de\\\/shop\\\/staudenpfingstrosen\\\/lactiflora\\\/mrs-franklin-d-roosevelt\\\/#primaryimage\"},\"image\":{\"@id\":\"https:\\\/\\\/pfingstrosen-paradies.de\\\/shop\\\/staudenpfingstrosen\\\/lactiflora\\\/mrs-franklin-d-roosevelt\\\/#primaryimage\"},\"thumbnailUrl\":\"https:\\\/\\\/pfingstrosen-paradies.de\\\/wp-content\\\/uploads\\\/Mrs.-Franklin-D.-Roosevelt.jpg\",\"datePublished\":\"2022-01-02T10:55:20+00:00\",\"dateModified\":\"2025-11-09T13:18:31+00:00\",\"description\":\"Lactiflora, Staudenp\u00e4onien | 'Mrs. F.D. Roosevelt' z\u00e4hlt zu den bekanntesten historischen Sorten und wurde 1932 vom amerikanischen Z\u00fcchter Franklin eingef\u00fchrt. Sie gewann 1948 die\",\"breadcrumb\":{\"@id\":\"https:\\\/\\\/pfingstrosen-paradies.de\\\/shop\\\/staudenpfingstrosen\\\/lactiflora\\\/mrs-franklin-d-roosevelt\\\/#breadcrumb\"},\"inLanguage\":\"en-GB\",\"potentialAction\":[{\"@type\":\"ReadAction\",\"target\":[\"https:\\\/\\\/pfingstrosen-paradies.de\\\/shop\\\/staudenpfingstrosen\\\/lactiflora\\\/mrs-franklin-d-roosevelt\\\/\"]}]},{\"@type\":\"ImageObject\",\"inLanguage\":\"en-GB\",\"@id\":\"https:\\\/\\\/pfingstrosen-paradies.de\\\/shop\\\/staudenpfingstrosen\\\/lactiflora\\\/mrs-franklin-d-roosevelt\\\/#primaryimage\",\"url\":\"https:\\\/\\\/pfingstrosen-paradies.de\\\/wp-content\\\/uploads\\\/Mrs.-Franklin-D.-Roosevelt.jpg\",\"contentUrl\":\"https:\\\/\\\/pfingstrosen-paradies.de\\\/wp-content\\\/uploads\\\/Mrs.-Franklin-D.-Roosevelt.jpg\",\"width\":1280,\"height\":960,\"caption\":\"Mrs. F.D. Roosevelt\"},{\"@type\":\"BreadcrumbList\",\"@id\":\"https:\\\/\\\/pfingstrosen-paradies.de\\\/shop\\\/staudenpfingstrosen\\\/lactiflora\\\/mrs-franklin-d-roosevelt\\\/#breadcrumb\",\"itemListElement\":[{\"@type\":\"ListItem\",\"position\":1,\"name\":\"Start\",\"item\":\"https:\\\/\\\/pfingstrosen-paradies.de\\\/\"},{\"@type\":\"ListItem\",\"position\":2,\"name\":\"Shop\",\"item\":\"https:\\\/\\\/pfingstrosen-paradies.de\\\/shop\\\/\"},{\"@type\":\"ListItem\",\"position\":3,\"name\":\"Mrs. Franklin D. Roosevelt\"}]},{\"@type\":\"WebSite\",\"@id\":\"https:\\\/\\\/pfingstrosen-paradies.de\\\/#website\",\"url\":\"https:\\\/\\\/pfingstrosen-paradies.de\\\/\",\"name\":\"Pfingstrosen-Paradies\",\"description\":\"Fachg\u00e4rtnerei f\u00fcr Pfingstrosen\",\"publisher\":{\"@id\":\"https:\\\/\\\/pfingstrosen-paradies.de\\\/#organization\"},\"potentialAction\":[{\"@type\":\"SearchAction\",\"target\":{\"@type\":\"EntryPoint\",\"urlTemplate\":\"https:\\\/\\\/pfingstrosen-paradies.de\\\/?s={search_term_string}\"},\"query-input\":{\"@type\":\"PropertyValueSpecification\",\"valueRequired\":true,\"valueName\":\"search_term_string\"}}],\"inLanguage\":\"en-GB\"},{\"@type\":\"Organization\",\"@id\":\"https:\\\/\\\/pfingstrosen-paradies.de\\\/#organization\",\"name\":\"Pfingstrosen-Paradies\",\"url\":\"https:\\\/\\\/pfingstrosen-paradies.de\\\/\",\"logo\":{\"@type\":\"ImageObject\",\"inLanguage\":\"en-GB\",\"@id\":\"https:\\\/\\\/pfingstrosen-paradies.de\\\/#\\\/schema\\\/logo\\\/image\\\/\",\"url\":\"https:\\\/\\\/pfingstrosen-paradies.de\\\/wp-content\\\/uploads\\\/2021\\\/02\\\/logo-pfingstrosen.png\",\"contentUrl\":\"https:\\\/\\\/pfingstrosen-paradies.de\\\/wp-content\\\/uploads\\\/2021\\\/02\\\/logo-pfingstrosen.png\",\"width\":1568,\"height\":366,\"caption\":\"Pfingstrosen-Paradies\"},\"image\":{\"@id\":\"https:\\\/\\\/pfingstrosen-paradies.de\\\/#\\\/schema\\\/logo\\\/image\\\/\"}}]}<\/script>\n<!-- \/ Yoast SEO plugin. -->","yoast_head_json":{"title":"Paeonia 'Mrs. Franklin D. Roosevelt' | Pfingstrosen-Paradies Tetzlaff","description":"Lactiflora, Staudenp\u00e4onien | 'Mrs. F.D. Roosevelt' z\u00e4hlt zu den bekanntesten historischen Sorten und wurde 1932 vom amerikanischen Z\u00fcchter Franklin eingef\u00fchrt. Sie gewann 1948 die","robots":{"index":"index","follow":"follow","max-snippet":"max-snippet:-1","max-image-preview":"max-image-preview:large","max-video-preview":"max-video-preview:-1"},"canonical":"https:\/\/pfingstrosen-paradies.de\/en\/shop\/staudenpfingstrosen\/lactiflora\/mrs-franklin-d-roosevelt\/","og_locale":"en_GB","og_type":"article","og_title":"Paeonia 'Mrs. Franklin D. Roosevelt' | Pfingstrosen-Paradies Tetzlaff","og_description":"Lactiflora, Staudenp\u00e4onien | 'Mrs. F.D. Roosevelt' z\u00e4hlt zu den bekanntesten historischen Sorten und wurde 1932 vom amerikanischen Z\u00fcchter Franklin eingef\u00fchrt. Sie gewann 1948 die","og_url":"https:\/\/pfingstrosen-paradies.de\/en\/shop\/staudenpfingstrosen\/lactiflora\/mrs-franklin-d-roosevelt\/","og_site_name":"Pfingstrosen-Paradies","article_modified_time":"2025-11-09T13:18:31+00:00","og_image":[{"width":1280,"height":960,"url":"https:\/\/pfingstrosen-paradies.de\/wp-content\/uploads\/Mrs.-Franklin-D.-Roosevelt.jpg","type":"image\/jpeg"}],"twitter_card":"summary_large_image","twitter_misc":{"Estimated reading time":"1 minute"},"schema":{"@context":"https:\/\/schema.org","@graph":[{"@type":"WebPage","@id":"https:\/\/pfingstrosen-paradies.de\/shop\/staudenpfingstrosen\/lactiflora\/mrs-franklin-d-roosevelt\/","url":"https:\/\/pfingstrosen-paradies.de\/shop\/staudenpfingstrosen\/lactiflora\/mrs-franklin-d-roosevelt\/","name":"Paeonia 'Mrs. Franklin D. Roosevelt' | Pfingstrosen-Paradies Tetzlaff","isPartOf":{"@id":"https:\/\/pfingstrosen-paradies.de\/#website"},"primaryImageOfPage":{"@id":"https:\/\/pfingstrosen-paradies.de\/shop\/staudenpfingstrosen\/lactiflora\/mrs-franklin-d-roosevelt\/#primaryimage"},"image":{"@id":"https:\/\/pfingstrosen-paradies.de\/shop\/staudenpfingstrosen\/lactiflora\/mrs-franklin-d-roosevelt\/#primaryimage"},"thumbnailUrl":"https:\/\/pfingstrosen-paradies.de\/wp-content\/uploads\/Mrs.-Franklin-D.-Roosevelt.jpg","datePublished":"2022-01-02T10:55:20+00:00","dateModified":"2025-11-09T13:18:31+00:00","description":"Lactiflora, Staudenp\u00e4onien | 'Mrs. F.D. Roosevelt' z\u00e4hlt zu den bekanntesten historischen Sorten und wurde 1932 vom amerikanischen Z\u00fcchter Franklin eingef\u00fchrt. Sie gewann 1948 die","breadcrumb":{"@id":"https:\/\/pfingstrosen-paradies.de\/shop\/staudenpfingstrosen\/lactiflora\/mrs-franklin-d-roosevelt\/#breadcrumb"},"inLanguage":"en-GB","potentialAction":[{"@type":"ReadAction","target":["https:\/\/pfingstrosen-paradies.de\/shop\/staudenpfingstrosen\/lactiflora\/mrs-franklin-d-roosevelt\/"]}]},{"@type":"ImageObject","inLanguage":"en-GB","@id":"https:\/\/pfingstrosen-paradies.de\/shop\/staudenpfingstrosen\/lactiflora\/mrs-franklin-d-roosevelt\/#primaryimage","url":"https:\/\/pfingstrosen-paradies.de\/wp-content\/uploads\/Mrs.-Franklin-D.-Roosevelt.jpg","contentUrl":"https:\/\/pfingstrosen-paradies.de\/wp-content\/uploads\/Mrs.-Franklin-D.-Roosevelt.jpg","width":1280,"height":960,"caption":"Mrs. F.D. Roosevelt"},{"@type":"BreadcrumbList","@id":"https:\/\/pfingstrosen-paradies.de\/shop\/staudenpfingstrosen\/lactiflora\/mrs-franklin-d-roosevelt\/#breadcrumb","itemListElement":[{"@type":"ListItem","position":1,"name":"Start","item":"https:\/\/pfingstrosen-paradies.de\/"},{"@type":"ListItem","position":2,"name":"Shop","item":"https:\/\/pfingstrosen-paradies.de\/shop\/"},{"@type":"ListItem","position":3,"name":"Mrs. Franklin D. Roosevelt"}]},{"@type":"WebSite","@id":"https:\/\/pfingstrosen-paradies.de\/#website","url":"https:\/\/pfingstrosen-paradies.de\/","name":"Pfingstrosen-Paradies","description":"Fachg\u00e4rtnerei f\u00fcr Pfingstrosen","publisher":{"@id":"https:\/\/pfingstrosen-paradies.de\/#organization"},"potentialAction":[{"@type":"SearchAction","target":{"@type":"EntryPoint","urlTemplate":"https:\/\/pfingstrosen-paradies.de\/?s={search_term_string}"},"query-input":{"@type":"PropertyValueSpecification","valueRequired":true,"valueName":"search_term_string"}}],"inLanguage":"en-GB"},{"@type":"Organization","@id":"https:\/\/pfingstrosen-paradies.de\/#organization","name":"Pfingstrosen-Paradies","url":"https:\/\/pfingstrosen-paradies.de\/","logo":{"@type":"ImageObject","inLanguage":"en-GB","@id":"https:\/\/pfingstrosen-paradies.de\/#\/schema\/logo\/image\/","url":"https:\/\/pfingstrosen-paradies.de\/wp-content\/uploads\/2021\/02\/logo-pfingstrosen.png","contentUrl":"https:\/\/pfingstrosen-paradies.de\/wp-content\/uploads\/2021\/02\/logo-pfingstrosen.png","width":1568,"height":366,"caption":"Pfingstrosen-Paradies"},"image":{"@id":"https:\/\/pfingstrosen-paradies.de\/#\/schema\/logo\/image\/"}}]}},"_links":{"self":[{"href":"https:\/\/pfingstrosen-paradies.de\/en\/wp-json\/wp\/v2\/product\/3375","targetHints":{"allow":["GET"]}}],"collection":[{"href":"https:\/\/pfingstrosen-paradies.de\/en\/wp-json\/wp\/v2\/product"}],"about":[{"href":"https:\/\/pfingstrosen-paradies.de\/en\/wp-json\/wp\/v2\/types\/product"}],"wp:featuredmedia":[{"embeddable":true,"href":"https:\/\/pfingstrosen-paradies.de\/en\/wp-json\/wp\/v2\/media\/5394"}],"wp:attachment":[{"href":"https:\/\/pfingstrosen-paradies.de\/en\/wp-json\/wp\/v2\/media?parent=3375"}],"wp:term":[{"taxonomy":"product_brand","embeddable":true,"href":"https:\/\/pfingstrosen-paradies.de\/en\/wp-json\/wp\/v2\/product_brand?post=3375"},{"taxonomy":"product_cat","embeddable":true,"href":"https:\/\/pfingstrosen-paradies.de\/en\/wp-json\/wp\/v2\/product_cat?post=3375"},{"taxonomy":"product_tag","embeddable":true,"href":"https:\/\/pfingstrosen-paradies.de\/en\/wp-json\/wp\/v2\/product_tag?post=3375"}],"curies":[{"name":"wp","href":"https:\/\/api.w.org\/{rel}","templated":true}]}}