{"id":3403,"date":"2022-01-02T13:28:53","date_gmt":"2022-01-02T12:28:53","guid":{"rendered":"https:\/\/pfingstrosen-paradies.de\/?post_type=product&#038;p=3403"},"modified":"2026-04-17T19:05:42","modified_gmt":"2026-04-17T17:05:42","slug":"paeonia-peregrina-fire-king","status":"publish","type":"product","link":"https:\/\/pfingstrosen-paradies.de\/en\/shop\/staudenpfingstrosen\/stauden-wildarten\/paeonia-peregrina-fire-king\/","title":{"rendered":"P. per. &#8218;Fire King&#8216;"},"content":{"rendered":"<p>leuchtend lachsrosa, einfache Schalenbl\u00fcte, \u00e4hnlich wie Paeonia peregrina &#8218;Otto Froebel&#8216;, H\u00f6he 70 cm, Durchmesser der Bl\u00fcte: 12 cm<\/p>","protected":false},"excerpt":{"rendered":"<p>leuchtend lachsrosa, einfache Schalenbl\u00fcte, \u00e4hnlich wie Paeonia peregrina &#8218;Otto Froebel&#8216;, H\u00f6he 70 cm, Durchmesser der Bl\u00fcte: 12 cm<\/p>","protected":false},"featured_media":5160,"template":"","meta":[],"product_brand":[],"product_cat":[33,39,46],"product_tag":[],"class_list":{"0":"post-3403","1":"product","2":"type-product","3":"status-publish","4":"has-post-thumbnail","6":"product_cat-staudenpfingstrosen","7":"product_cat-stauden-wildarten","8":"product_cat-wildarten","10":"first","11":"instock","12":"taxable","13":"shipping-taxable","14":"purchasable","15":"product-type-simple"},"featured_image_urls":{"full":["https:\/\/pfingstrosen-paradies.de\/wp-content\/uploads\/P.-per.-Fire-King.jpg",960,1280,false],"thumbnail":["https:\/\/pfingstrosen-paradies.de\/wp-content\/uploads\/P.-per.-Fire-King-150x150.jpg",150,150,true],"medium":["https:\/\/pfingstrosen-paradies.de\/wp-content\/uploads\/P.-per.-Fire-King-225x300.jpg",225,300,true],"medium_large":["https:\/\/pfingstrosen-paradies.de\/wp-content\/uploads\/P.-per.-Fire-King-768x1024.jpg",768,1024,true],"large":["https:\/\/pfingstrosen-paradies.de\/wp-content\/uploads\/P.-per.-Fire-King-768x1024.jpg",768,1024,true],"1536x1536":["https:\/\/pfingstrosen-paradies.de\/wp-content\/uploads\/P.-per.-Fire-King.jpg",960,1280,false],"2048x2048":["https:\/\/pfingstrosen-paradies.de\/wp-content\/uploads\/P.-per.-Fire-King.jpg",960,1280,false],"trp-custom-language-flag":["https:\/\/pfingstrosen-paradies.de\/wp-content\/uploads\/P.-per.-Fire-King-9x12.jpg",9,12,true],"ptam-block-post-grid-landscape":["https:\/\/pfingstrosen-paradies.de\/wp-content\/uploads\/P.-per.-Fire-King-600x400.jpg",600,400,true],"ptam-block-post-grid-square":["https:\/\/pfingstrosen-paradies.de\/wp-content\/uploads\/P.-per.-Fire-King-600x600.jpg",600,600,true],"ptam-block-post-grid-featured-landscape":["https:\/\/pfingstrosen-paradies.de\/wp-content\/uploads\/P.-per.-Fire-King-960x600.jpg",960,600,true],"woocommerce_archive_thumbnail":["https:\/\/pfingstrosen-paradies.de\/wp-content\/uploads\/P.-per.-Fire-King-400x350.jpg",400,350,true],"woocommerce_thumbnail":["https:\/\/pfingstrosen-paradies.de\/wp-content\/uploads\/P.-per.-Fire-King-400x350.jpg",400,350,true],"woocommerce_single":["https:\/\/pfingstrosen-paradies.de\/wp-content\/uploads\/P.-per.-Fire-King.jpg",960,1280,false],"woocommerce_gallery_thumbnail":["https:\/\/pfingstrosen-paradies.de\/wp-content\/uploads\/P.-per.-Fire-King-100x100.jpg",100,100,true]},"post_excerpt_stackable":"<p>leuchtend lachsrosa, einfache Schalenbl\u00fcte, \u00e4hnlich wie Paeonia peregrina &#8218;Otto Froebel&#8216;, H\u00f6he 70 cm, Durchmesser der Bl\u00fcte: 12 cm<\/p>\n","category_list":"","author_info":{"name":"","url":""},"comments_num":"0 comments","featured_image_urls_v2":{"full":["https:\/\/pfingstrosen-paradies.de\/wp-content\/uploads\/P.-per.-Fire-King.jpg",960,1280,false],"thumbnail":["https:\/\/pfingstrosen-paradies.de\/wp-content\/uploads\/P.-per.-Fire-King-150x150.jpg",150,150,true],"medium":["https:\/\/pfingstrosen-paradies.de\/wp-content\/uploads\/P.-per.-Fire-King-225x300.jpg",225,300,true],"medium_large":["https:\/\/pfingstrosen-paradies.de\/wp-content\/uploads\/P.-per.-Fire-King-768x1024.jpg",768,1024,true],"large":["https:\/\/pfingstrosen-paradies.de\/wp-content\/uploads\/P.-per.-Fire-King-768x1024.jpg",768,1024,true],"1536x1536":["https:\/\/pfingstrosen-paradies.de\/wp-content\/uploads\/P.-per.-Fire-King.jpg",960,1280,false],"2048x2048":["https:\/\/pfingstrosen-paradies.de\/wp-content\/uploads\/P.-per.-Fire-King.jpg",960,1280,false],"trp-custom-language-flag":["https:\/\/pfingstrosen-paradies.de\/wp-content\/uploads\/P.-per.-Fire-King-9x12.jpg",9,12,true],"ptam-block-post-grid-landscape":["https:\/\/pfingstrosen-paradies.de\/wp-content\/uploads\/P.-per.-Fire-King-600x400.jpg",600,400,true],"ptam-block-post-grid-square":["https:\/\/pfingstrosen-paradies.de\/wp-content\/uploads\/P.-per.-Fire-King-600x600.jpg",600,600,true],"ptam-block-post-grid-featured-landscape":["https:\/\/pfingstrosen-paradies.de\/wp-content\/uploads\/P.-per.-Fire-King-960x600.jpg",960,600,true],"woocommerce_archive_thumbnail":["https:\/\/pfingstrosen-paradies.de\/wp-content\/uploads\/P.-per.-Fire-King-400x350.jpg",400,350,true],"woocommerce_thumbnail":["https:\/\/pfingstrosen-paradies.de\/wp-content\/uploads\/P.-per.-Fire-King-400x350.jpg",400,350,true],"woocommerce_single":["https:\/\/pfingstrosen-paradies.de\/wp-content\/uploads\/P.-per.-Fire-King.jpg",960,1280,false],"woocommerce_gallery_thumbnail":["https:\/\/pfingstrosen-paradies.de\/wp-content\/uploads\/P.-per.-Fire-King-100x100.jpg",100,100,true]},"post_excerpt_stackable_v2":"<p>leuchtend lachsrosa, einfache Schalenbl\u00fcte, \u00e4hnlich wie Paeonia peregrina &#8218;Otto Froebel&#8216;, H\u00f6he 70 cm, Durchmesser der Bl\u00fcte: 12 cm<\/p>\n","category_list_v2":"","author_info_v2":{"name":"","url":""},"comments_num_v2":"0 comments","yoast_head":"<!-- This site is optimized with the Yoast SEO plugin v27.3 - https:\/\/yoast.com\/product\/yoast-seo-wordpress\/ -->\n<title>P. per. &#039;Fire King&#039; | Pfingstrosen-Paradies Tetzlaff<\/title>\n<meta name=\"description\" content=\"Staudenp\u00e4onien, staudige Wildarten, Wildarten | leuchtend lachsrosa, einfache Schalenbl\u00fcte, \u00e4hnlich wie Paeonia peregrina &#039;Otto Froebel&#039;, H\u00f6he 70 cm, Durchmesser der Bl\u00fcte: 12 cm\" \/>\n<meta name=\"robots\" content=\"index, follow, max-snippet:-1, max-image-preview:large, max-video-preview:-1\" \/>\n<link rel=\"canonical\" href=\"https:\/\/pfingstrosen-paradies.de\/en\/shop\/staudenpfingstrosen\/stauden-wildarten\/paeonia-peregrina-fire-king\/\" \/>\n<meta property=\"og:locale\" content=\"en_GB\" \/>\n<meta property=\"og:type\" content=\"article\" \/>\n<meta property=\"og:title\" content=\"P. per. &#039;Fire King&#039; | Pfingstrosen-Paradies Tetzlaff\" \/>\n<meta property=\"og:description\" content=\"Staudenp\u00e4onien, staudige Wildarten, Wildarten | leuchtend lachsrosa, einfache Schalenbl\u00fcte, \u00e4hnlich wie Paeonia peregrina &#039;Otto Froebel&#039;, H\u00f6he 70 cm, Durchmesser der Bl\u00fcte: 12 cm\" \/>\n<meta property=\"og:url\" content=\"https:\/\/pfingstrosen-paradies.de\/en\/shop\/staudenpfingstrosen\/stauden-wildarten\/paeonia-peregrina-fire-king\/\" \/>\n<meta property=\"og:site_name\" content=\"Pfingstrosen-Paradies\" \/>\n<meta property=\"article:modified_time\" content=\"2026-04-17T17:05:42+00:00\" \/>\n<meta property=\"og:image\" content=\"https:\/\/pfingstrosen-paradies.de\/wp-content\/uploads\/P.-per.-Fire-King.jpg\" \/>\n\t<meta property=\"og:image:width\" content=\"960\" \/>\n\t<meta property=\"og:image:height\" content=\"1280\" \/>\n\t<meta property=\"og:image:type\" content=\"image\/jpeg\" \/>\n<meta name=\"twitter:card\" content=\"summary_large_image\" \/>\n<meta name=\"twitter:label1\" content=\"Estimated reading time\" \/>\n\t<meta name=\"twitter:data1\" content=\"1 minute\" \/>\n<script type=\"application\/ld+json\" class=\"yoast-schema-graph\">{\"@context\":\"https:\\\/\\\/schema.org\",\"@graph\":[{\"@type\":\"WebPage\",\"@id\":\"https:\\\/\\\/pfingstrosen-paradies.de\\\/shop\\\/staudenpfingstrosen\\\/stauden-wildarten\\\/paeonia-peregrina-fire-king\\\/\",\"url\":\"https:\\\/\\\/pfingstrosen-paradies.de\\\/shop\\\/staudenpfingstrosen\\\/stauden-wildarten\\\/paeonia-peregrina-fire-king\\\/\",\"name\":\"P. per. 'Fire King' | Pfingstrosen-Paradies Tetzlaff\",\"isPartOf\":{\"@id\":\"https:\\\/\\\/pfingstrosen-paradies.de\\\/#website\"},\"primaryImageOfPage\":{\"@id\":\"https:\\\/\\\/pfingstrosen-paradies.de\\\/shop\\\/staudenpfingstrosen\\\/stauden-wildarten\\\/paeonia-peregrina-fire-king\\\/#primaryimage\"},\"image\":{\"@id\":\"https:\\\/\\\/pfingstrosen-paradies.de\\\/shop\\\/staudenpfingstrosen\\\/stauden-wildarten\\\/paeonia-peregrina-fire-king\\\/#primaryimage\"},\"thumbnailUrl\":\"https:\\\/\\\/pfingstrosen-paradies.de\\\/wp-content\\\/uploads\\\/P.-per.-Fire-King.jpg\",\"datePublished\":\"2022-01-02T12:28:53+00:00\",\"dateModified\":\"2026-04-17T17:05:42+00:00\",\"description\":\"Staudenp\u00e4onien, staudige Wildarten, Wildarten | leuchtend lachsrosa, einfache Schalenbl\u00fcte, \u00e4hnlich wie Paeonia peregrina 'Otto Froebel', H\u00f6he 70 cm, Durchmesser der Bl\u00fcte: 12 cm\",\"breadcrumb\":{\"@id\":\"https:\\\/\\\/pfingstrosen-paradies.de\\\/shop\\\/staudenpfingstrosen\\\/stauden-wildarten\\\/paeonia-peregrina-fire-king\\\/#breadcrumb\"},\"inLanguage\":\"en-GB\",\"potentialAction\":[{\"@type\":\"ReadAction\",\"target\":[\"https:\\\/\\\/pfingstrosen-paradies.de\\\/shop\\\/staudenpfingstrosen\\\/stauden-wildarten\\\/paeonia-peregrina-fire-king\\\/\"]}]},{\"@type\":\"ImageObject\",\"inLanguage\":\"en-GB\",\"@id\":\"https:\\\/\\\/pfingstrosen-paradies.de\\\/shop\\\/staudenpfingstrosen\\\/stauden-wildarten\\\/paeonia-peregrina-fire-king\\\/#primaryimage\",\"url\":\"https:\\\/\\\/pfingstrosen-paradies.de\\\/wp-content\\\/uploads\\\/P.-per.-Fire-King.jpg\",\"contentUrl\":\"https:\\\/\\\/pfingstrosen-paradies.de\\\/wp-content\\\/uploads\\\/P.-per.-Fire-King.jpg\",\"width\":960,\"height\":1280,\"caption\":\"P. peregrina Fire King\"},{\"@type\":\"BreadcrumbList\",\"@id\":\"https:\\\/\\\/pfingstrosen-paradies.de\\\/shop\\\/staudenpfingstrosen\\\/stauden-wildarten\\\/paeonia-peregrina-fire-king\\\/#breadcrumb\",\"itemListElement\":[{\"@type\":\"ListItem\",\"position\":1,\"name\":\"Start\",\"item\":\"https:\\\/\\\/pfingstrosen-paradies.de\\\/\"},{\"@type\":\"ListItem\",\"position\":2,\"name\":\"Shop\",\"item\":\"https:\\\/\\\/pfingstrosen-paradies.de\\\/shop\\\/\"},{\"@type\":\"ListItem\",\"position\":3,\"name\":\"P. per. &#8218;Fire King&#8216;\"}]},{\"@type\":\"WebSite\",\"@id\":\"https:\\\/\\\/pfingstrosen-paradies.de\\\/#website\",\"url\":\"https:\\\/\\\/pfingstrosen-paradies.de\\\/\",\"name\":\"Pfingstrosen-Paradies\",\"description\":\"Fachg\u00e4rtnerei f\u00fcr Pfingstrosen\",\"publisher\":{\"@id\":\"https:\\\/\\\/pfingstrosen-paradies.de\\\/#organization\"},\"potentialAction\":[{\"@type\":\"SearchAction\",\"target\":{\"@type\":\"EntryPoint\",\"urlTemplate\":\"https:\\\/\\\/pfingstrosen-paradies.de\\\/?s={search_term_string}\"},\"query-input\":{\"@type\":\"PropertyValueSpecification\",\"valueRequired\":true,\"valueName\":\"search_term_string\"}}],\"inLanguage\":\"en-GB\"},{\"@type\":\"Organization\",\"@id\":\"https:\\\/\\\/pfingstrosen-paradies.de\\\/#organization\",\"name\":\"Pfingstrosen-Paradies\",\"url\":\"https:\\\/\\\/pfingstrosen-paradies.de\\\/\",\"logo\":{\"@type\":\"ImageObject\",\"inLanguage\":\"en-GB\",\"@id\":\"https:\\\/\\\/pfingstrosen-paradies.de\\\/#\\\/schema\\\/logo\\\/image\\\/\",\"url\":\"https:\\\/\\\/pfingstrosen-paradies.de\\\/wp-content\\\/uploads\\\/2021\\\/02\\\/logo-pfingstrosen.png\",\"contentUrl\":\"https:\\\/\\\/pfingstrosen-paradies.de\\\/wp-content\\\/uploads\\\/2021\\\/02\\\/logo-pfingstrosen.png\",\"width\":1568,\"height\":366,\"caption\":\"Pfingstrosen-Paradies\"},\"image\":{\"@id\":\"https:\\\/\\\/pfingstrosen-paradies.de\\\/#\\\/schema\\\/logo\\\/image\\\/\"}}]}<\/script>\n<!-- \/ Yoast SEO plugin. -->","yoast_head_json":{"title":"P. per. 'Fire King' | Pfingstrosen-Paradies Tetzlaff","description":"Staudenp\u00e4onien, staudige Wildarten, Wildarten | leuchtend lachsrosa, einfache Schalenbl\u00fcte, \u00e4hnlich wie Paeonia peregrina 'Otto Froebel', H\u00f6he 70 cm, Durchmesser der Bl\u00fcte: 12 cm","robots":{"index":"index","follow":"follow","max-snippet":"max-snippet:-1","max-image-preview":"max-image-preview:large","max-video-preview":"max-video-preview:-1"},"canonical":"https:\/\/pfingstrosen-paradies.de\/en\/shop\/staudenpfingstrosen\/stauden-wildarten\/paeonia-peregrina-fire-king\/","og_locale":"en_GB","og_type":"article","og_title":"P. per. 'Fire King' | Pfingstrosen-Paradies Tetzlaff","og_description":"Staudenp\u00e4onien, staudige Wildarten, Wildarten | leuchtend lachsrosa, einfache Schalenbl\u00fcte, \u00e4hnlich wie Paeonia peregrina 'Otto Froebel', H\u00f6he 70 cm, Durchmesser der Bl\u00fcte: 12 cm","og_url":"https:\/\/pfingstrosen-paradies.de\/en\/shop\/staudenpfingstrosen\/stauden-wildarten\/paeonia-peregrina-fire-king\/","og_site_name":"Pfingstrosen-Paradies","article_modified_time":"2026-04-17T17:05:42+00:00","og_image":[{"width":960,"height":1280,"url":"https:\/\/pfingstrosen-paradies.de\/wp-content\/uploads\/P.-per.-Fire-King.jpg","type":"image\/jpeg"}],"twitter_card":"summary_large_image","twitter_misc":{"Estimated reading time":"1 minute"},"schema":{"@context":"https:\/\/schema.org","@graph":[{"@type":"WebPage","@id":"https:\/\/pfingstrosen-paradies.de\/shop\/staudenpfingstrosen\/stauden-wildarten\/paeonia-peregrina-fire-king\/","url":"https:\/\/pfingstrosen-paradies.de\/shop\/staudenpfingstrosen\/stauden-wildarten\/paeonia-peregrina-fire-king\/","name":"P. per. 'Fire King' | Pfingstrosen-Paradies Tetzlaff","isPartOf":{"@id":"https:\/\/pfingstrosen-paradies.de\/#website"},"primaryImageOfPage":{"@id":"https:\/\/pfingstrosen-paradies.de\/shop\/staudenpfingstrosen\/stauden-wildarten\/paeonia-peregrina-fire-king\/#primaryimage"},"image":{"@id":"https:\/\/pfingstrosen-paradies.de\/shop\/staudenpfingstrosen\/stauden-wildarten\/paeonia-peregrina-fire-king\/#primaryimage"},"thumbnailUrl":"https:\/\/pfingstrosen-paradies.de\/wp-content\/uploads\/P.-per.-Fire-King.jpg","datePublished":"2022-01-02T12:28:53+00:00","dateModified":"2026-04-17T17:05:42+00:00","description":"Staudenp\u00e4onien, staudige Wildarten, Wildarten | leuchtend lachsrosa, einfache Schalenbl\u00fcte, \u00e4hnlich wie Paeonia peregrina 'Otto Froebel', H\u00f6he 70 cm, Durchmesser der Bl\u00fcte: 12 cm","breadcrumb":{"@id":"https:\/\/pfingstrosen-paradies.de\/shop\/staudenpfingstrosen\/stauden-wildarten\/paeonia-peregrina-fire-king\/#breadcrumb"},"inLanguage":"en-GB","potentialAction":[{"@type":"ReadAction","target":["https:\/\/pfingstrosen-paradies.de\/shop\/staudenpfingstrosen\/stauden-wildarten\/paeonia-peregrina-fire-king\/"]}]},{"@type":"ImageObject","inLanguage":"en-GB","@id":"https:\/\/pfingstrosen-paradies.de\/shop\/staudenpfingstrosen\/stauden-wildarten\/paeonia-peregrina-fire-king\/#primaryimage","url":"https:\/\/pfingstrosen-paradies.de\/wp-content\/uploads\/P.-per.-Fire-King.jpg","contentUrl":"https:\/\/pfingstrosen-paradies.de\/wp-content\/uploads\/P.-per.-Fire-King.jpg","width":960,"height":1280,"caption":"P. peregrina Fire King"},{"@type":"BreadcrumbList","@id":"https:\/\/pfingstrosen-paradies.de\/shop\/staudenpfingstrosen\/stauden-wildarten\/paeonia-peregrina-fire-king\/#breadcrumb","itemListElement":[{"@type":"ListItem","position":1,"name":"Start","item":"https:\/\/pfingstrosen-paradies.de\/"},{"@type":"ListItem","position":2,"name":"Shop","item":"https:\/\/pfingstrosen-paradies.de\/shop\/"},{"@type":"ListItem","position":3,"name":"P. per. &#8218;Fire King&#8216;"}]},{"@type":"WebSite","@id":"https:\/\/pfingstrosen-paradies.de\/#website","url":"https:\/\/pfingstrosen-paradies.de\/","name":"Pfingstrosen-Paradies","description":"Fachg\u00e4rtnerei f\u00fcr Pfingstrosen","publisher":{"@id":"https:\/\/pfingstrosen-paradies.de\/#organization"},"potentialAction":[{"@type":"SearchAction","target":{"@type":"EntryPoint","urlTemplate":"https:\/\/pfingstrosen-paradies.de\/?s={search_term_string}"},"query-input":{"@type":"PropertyValueSpecification","valueRequired":true,"valueName":"search_term_string"}}],"inLanguage":"en-GB"},{"@type":"Organization","@id":"https:\/\/pfingstrosen-paradies.de\/#organization","name":"Pfingstrosen-Paradies","url":"https:\/\/pfingstrosen-paradies.de\/","logo":{"@type":"ImageObject","inLanguage":"en-GB","@id":"https:\/\/pfingstrosen-paradies.de\/#\/schema\/logo\/image\/","url":"https:\/\/pfingstrosen-paradies.de\/wp-content\/uploads\/2021\/02\/logo-pfingstrosen.png","contentUrl":"https:\/\/pfingstrosen-paradies.de\/wp-content\/uploads\/2021\/02\/logo-pfingstrosen.png","width":1568,"height":366,"caption":"Pfingstrosen-Paradies"},"image":{"@id":"https:\/\/pfingstrosen-paradies.de\/#\/schema\/logo\/image\/"}}]}},"_links":{"self":[{"href":"https:\/\/pfingstrosen-paradies.de\/en\/wp-json\/wp\/v2\/product\/3403","targetHints":{"allow":["GET"]}}],"collection":[{"href":"https:\/\/pfingstrosen-paradies.de\/en\/wp-json\/wp\/v2\/product"}],"about":[{"href":"https:\/\/pfingstrosen-paradies.de\/en\/wp-json\/wp\/v2\/types\/product"}],"wp:featuredmedia":[{"embeddable":true,"href":"https:\/\/pfingstrosen-paradies.de\/en\/wp-json\/wp\/v2\/media\/5160"}],"wp:attachment":[{"href":"https:\/\/pfingstrosen-paradies.de\/en\/wp-json\/wp\/v2\/media?parent=3403"}],"wp:term":[{"taxonomy":"product_brand","embeddable":true,"href":"https:\/\/pfingstrosen-paradies.de\/en\/wp-json\/wp\/v2\/product_brand?post=3403"},{"taxonomy":"product_cat","embeddable":true,"href":"https:\/\/pfingstrosen-paradies.de\/en\/wp-json\/wp\/v2\/product_cat?post=3403"},{"taxonomy":"product_tag","embeddable":true,"href":"https:\/\/pfingstrosen-paradies.de\/en\/wp-json\/wp\/v2\/product_tag?post=3403"}],"curies":[{"name":"wp","href":"https:\/\/api.w.org\/{rel}","templated":true}]}}