{"id":3557,"date":"2022-01-03T11:13:03","date_gmt":"2022-01-03T10:13:03","guid":{"rendered":"https:\/\/pfingstrosen-paradies.de\/?post_type=product&#038;p=3557"},"modified":"2026-01-19T16:54:43","modified_gmt":"2026-01-19T15:54:43","slug":"reine-elisabeth","status":"publish","type":"product","link":"https:\/\/pfingstrosen-paradies.de\/en\/shop\/baumpaeonien\/suffruticosa\/reine-elisabeth\/","title":{"rendered":"Reine \u00c9lisabeth"},"content":{"rendered":"<p>gro\u00dfe, stark gef\u00fcllte, kr\u00e4ftig rosafarbene bis kirschrote Bl\u00fcte, \u00e4hnelt im aufgebl\u00fchten Zustand sehr einer P. off. rosea plena. Entwicklung am Anfang etwas langsam, holt aber sp\u00e4ter auf, wird auch unter den Namen \u201eElisabeth\u201c, \u201eOnix\u201c, \u201eMadame S\u00e9n\u00e9clauze\u201c oder \u201eJupiter\u201c angeboten, Durchmesser der Bl\u00fcte: 18-20 cm<\/p>","protected":false},"excerpt":{"rendered":"<p>gro\u00dfe, stark gef\u00fcllte, kr\u00e4ftig rosafarbene bis kirschrote Bl\u00fcte, \u00e4hnelt im aufgebl\u00fchten Zustand sehr einer P. off. rosea plena. Entwicklung am Anfang etwas langsam, holt aber sp\u00e4ter auf, wird auch unter den Namen \u201eElisabeth\u201c, \u201eOnix\u201c, \u201eMadame S\u00e9n\u00e9clauze\u201c oder \u201eJupiter\u201c angeboten, Durchmesser der Bl\u00fcte: 18-20 cm<\/p>","protected":false},"featured_media":3963,"template":"","meta":[],"product_brand":[],"product_cat":[34,76],"product_tag":[],"class_list":{"0":"post-3557","1":"product","2":"type-product","3":"status-publish","4":"has-post-thumbnail","6":"product_cat-baumpaeonien","7":"product_cat-suffruticosa","9":"first","10":"outofstock","11":"taxable","12":"shipping-taxable","13":"purchasable","14":"product-type-simple"},"featured_image_urls":{"full":["https:\/\/pfingstrosen-paradies.de\/wp-content\/uploads\/Reine-Elizabeth-2.jpg",1280,960,false],"thumbnail":["https:\/\/pfingstrosen-paradies.de\/wp-content\/uploads\/Reine-Elizabeth-2-150x150.jpg",150,150,true],"medium":["https:\/\/pfingstrosen-paradies.de\/wp-content\/uploads\/Reine-Elizabeth-2-300x225.jpg",300,225,true],"medium_large":["https:\/\/pfingstrosen-paradies.de\/wp-content\/uploads\/Reine-Elizabeth-2-768x576.jpg",768,576,true],"large":["https:\/\/pfingstrosen-paradies.de\/wp-content\/uploads\/Reine-Elizabeth-2-1024x768.jpg",1024,768,true],"1536x1536":["https:\/\/pfingstrosen-paradies.de\/wp-content\/uploads\/Reine-Elizabeth-2.jpg",1280,960,false],"2048x2048":["https:\/\/pfingstrosen-paradies.de\/wp-content\/uploads\/Reine-Elizabeth-2.jpg",1280,960,false],"trp-custom-language-flag":["https:\/\/pfingstrosen-paradies.de\/wp-content\/uploads\/Reine-Elizabeth-2-16x12.jpg",16,12,true],"ptam-block-post-grid-landscape":["https:\/\/pfingstrosen-paradies.de\/wp-content\/uploads\/Reine-Elizabeth-2-600x400.jpg",600,400,true],"ptam-block-post-grid-square":["https:\/\/pfingstrosen-paradies.de\/wp-content\/uploads\/Reine-Elizabeth-2-600x600.jpg",600,600,true],"ptam-block-post-grid-featured-landscape":["https:\/\/pfingstrosen-paradies.de\/wp-content\/uploads\/Reine-Elizabeth-2-1000x600.jpg",1000,600,true],"woocommerce_archive_thumbnail":["https:\/\/pfingstrosen-paradies.de\/wp-content\/uploads\/Reine-Elizabeth-2-400x350.jpg",400,350,true],"woocommerce_thumbnail":["https:\/\/pfingstrosen-paradies.de\/wp-content\/uploads\/Reine-Elizabeth-2-400x350.jpg",400,350,true],"woocommerce_single":["https:\/\/pfingstrosen-paradies.de\/wp-content\/uploads\/Reine-Elizabeth-2-1200x900.jpg",1200,900,true],"woocommerce_gallery_thumbnail":["https:\/\/pfingstrosen-paradies.de\/wp-content\/uploads\/Reine-Elizabeth-2-100x100.jpg",100,100,true]},"post_excerpt_stackable":"<p>gro\u00dfe, stark gef\u00fcllte, kr\u00e4ftig rosafarbene bis kirschrote Bl\u00fcte, \u00e4hnelt im aufgebl\u00fchten Zustand sehr einer P. off. rosea plena. Entwicklung am Anfang etwas langsam, holt aber sp\u00e4ter auf, wird auch unter den Namen \u201eElisabeth\u201c, \u201eOnix\u201c, \u201eMadame S\u00e9n\u00e9clauze\u201c oder \u201eJupiter\u201c angeboten, Durchmesser der Bl\u00fcte: 18-20 cm<\/p>\n","category_list":"","author_info":{"name":"","url":""},"comments_num":"0 comments","featured_image_urls_v2":{"full":["https:\/\/pfingstrosen-paradies.de\/wp-content\/uploads\/Reine-Elizabeth-2.jpg",1280,960,false],"thumbnail":["https:\/\/pfingstrosen-paradies.de\/wp-content\/uploads\/Reine-Elizabeth-2-150x150.jpg",150,150,true],"medium":["https:\/\/pfingstrosen-paradies.de\/wp-content\/uploads\/Reine-Elizabeth-2-300x225.jpg",300,225,true],"medium_large":["https:\/\/pfingstrosen-paradies.de\/wp-content\/uploads\/Reine-Elizabeth-2-768x576.jpg",768,576,true],"large":["https:\/\/pfingstrosen-paradies.de\/wp-content\/uploads\/Reine-Elizabeth-2-1024x768.jpg",1024,768,true],"1536x1536":["https:\/\/pfingstrosen-paradies.de\/wp-content\/uploads\/Reine-Elizabeth-2.jpg",1280,960,false],"2048x2048":["https:\/\/pfingstrosen-paradies.de\/wp-content\/uploads\/Reine-Elizabeth-2.jpg",1280,960,false],"trp-custom-language-flag":["https:\/\/pfingstrosen-paradies.de\/wp-content\/uploads\/Reine-Elizabeth-2-16x12.jpg",16,12,true],"ptam-block-post-grid-landscape":["https:\/\/pfingstrosen-paradies.de\/wp-content\/uploads\/Reine-Elizabeth-2-600x400.jpg",600,400,true],"ptam-block-post-grid-square":["https:\/\/pfingstrosen-paradies.de\/wp-content\/uploads\/Reine-Elizabeth-2-600x600.jpg",600,600,true],"ptam-block-post-grid-featured-landscape":["https:\/\/pfingstrosen-paradies.de\/wp-content\/uploads\/Reine-Elizabeth-2-1000x600.jpg",1000,600,true],"woocommerce_archive_thumbnail":["https:\/\/pfingstrosen-paradies.de\/wp-content\/uploads\/Reine-Elizabeth-2-400x350.jpg",400,350,true],"woocommerce_thumbnail":["https:\/\/pfingstrosen-paradies.de\/wp-content\/uploads\/Reine-Elizabeth-2-400x350.jpg",400,350,true],"woocommerce_single":["https:\/\/pfingstrosen-paradies.de\/wp-content\/uploads\/Reine-Elizabeth-2-1200x900.jpg",1200,900,true],"woocommerce_gallery_thumbnail":["https:\/\/pfingstrosen-paradies.de\/wp-content\/uploads\/Reine-Elizabeth-2-100x100.jpg",100,100,true]},"post_excerpt_stackable_v2":"<p>gro\u00dfe, stark gef\u00fcllte, kr\u00e4ftig rosafarbene bis kirschrote Bl\u00fcte, \u00e4hnelt im aufgebl\u00fchten Zustand sehr einer P. off. rosea plena. Entwicklung am Anfang etwas langsam, holt aber sp\u00e4ter auf, wird auch unter den Namen \u201eElisabeth\u201c, \u201eOnix\u201c, \u201eMadame S\u00e9n\u00e9clauze\u201c oder \u201eJupiter\u201c angeboten, Durchmesser der Bl\u00fcte: 18-20 cm<\/p>\n","category_list_v2":"","author_info_v2":{"name":"","url":""},"comments_num_v2":"0 comments","yoast_head":"<!-- This site is optimized with the Yoast SEO plugin v27.3 - https:\/\/yoast.com\/product\/yoast-seo-wordpress\/ -->\n<title>Paeonia &#039;Reine \u00c9lisabeth&#039; | Pfingstrosen-Paradies Tetzlaff<\/title>\n<meta name=\"description\" content=\"Strauchp\u00e4onien, Suffruticosa | gro\u00dfe, stark gef\u00fcllte, kr\u00e4ftig rosafarbene bis kirschrote Bl\u00fcte, \u00e4hnelt im aufgebl\u00fchten Zustand sehr einer P. off. rosea plena. Entwicklung am Anfang\" \/>\n<meta name=\"robots\" content=\"index, follow, max-snippet:-1, max-image-preview:large, max-video-preview:-1\" \/>\n<link rel=\"canonical\" href=\"https:\/\/pfingstrosen-paradies.de\/en\/shop\/baumpaeonien\/suffruticosa\/reine-elisabeth\/\" \/>\n<meta property=\"og:locale\" content=\"en_GB\" \/>\n<meta property=\"og:type\" content=\"article\" \/>\n<meta property=\"og:title\" content=\"Paeonia &#039;Reine \u00c9lisabeth&#039; | Pfingstrosen-Paradies Tetzlaff\" \/>\n<meta property=\"og:description\" content=\"Strauchp\u00e4onien, Suffruticosa | gro\u00dfe, stark gef\u00fcllte, kr\u00e4ftig rosafarbene bis kirschrote Bl\u00fcte, \u00e4hnelt im aufgebl\u00fchten Zustand sehr einer P. off. rosea plena. Entwicklung am Anfang\" \/>\n<meta property=\"og:url\" content=\"https:\/\/pfingstrosen-paradies.de\/en\/shop\/baumpaeonien\/suffruticosa\/reine-elisabeth\/\" \/>\n<meta property=\"og:site_name\" content=\"Pfingstrosen-Paradies\" \/>\n<meta property=\"article:modified_time\" content=\"2026-01-19T15:54:43+00:00\" \/>\n<meta property=\"og:image\" content=\"https:\/\/pfingstrosen-paradies.de\/wp-content\/uploads\/Reine-Elizabeth-2.jpg\" \/>\n\t<meta property=\"og:image:width\" content=\"1280\" \/>\n\t<meta property=\"og:image:height\" content=\"960\" \/>\n\t<meta property=\"og:image:type\" content=\"image\/jpeg\" \/>\n<meta name=\"twitter:card\" content=\"summary_large_image\" \/>\n<meta name=\"twitter:label1\" content=\"Estimated reading time\" \/>\n\t<meta name=\"twitter:data1\" content=\"1 minute\" \/>\n<script type=\"application\/ld+json\" class=\"yoast-schema-graph\">{\"@context\":\"https:\\\/\\\/schema.org\",\"@graph\":[{\"@type\":\"WebPage\",\"@id\":\"https:\\\/\\\/pfingstrosen-paradies.de\\\/shop\\\/baumpaeonien\\\/suffruticosa\\\/reine-elisabeth\\\/\",\"url\":\"https:\\\/\\\/pfingstrosen-paradies.de\\\/shop\\\/baumpaeonien\\\/suffruticosa\\\/reine-elisabeth\\\/\",\"name\":\"Paeonia 'Reine \u00c9lisabeth' | Pfingstrosen-Paradies Tetzlaff\",\"isPartOf\":{\"@id\":\"https:\\\/\\\/pfingstrosen-paradies.de\\\/#website\"},\"primaryImageOfPage\":{\"@id\":\"https:\\\/\\\/pfingstrosen-paradies.de\\\/shop\\\/baumpaeonien\\\/suffruticosa\\\/reine-elisabeth\\\/#primaryimage\"},\"image\":{\"@id\":\"https:\\\/\\\/pfingstrosen-paradies.de\\\/shop\\\/baumpaeonien\\\/suffruticosa\\\/reine-elisabeth\\\/#primaryimage\"},\"thumbnailUrl\":\"https:\\\/\\\/pfingstrosen-paradies.de\\\/wp-content\\\/uploads\\\/Reine-Elizabeth-2.jpg\",\"datePublished\":\"2022-01-03T10:13:03+00:00\",\"dateModified\":\"2026-01-19T15:54:43+00:00\",\"description\":\"Strauchp\u00e4onien, Suffruticosa | gro\u00dfe, stark gef\u00fcllte, kr\u00e4ftig rosafarbene bis kirschrote Bl\u00fcte, \u00e4hnelt im aufgebl\u00fchten Zustand sehr einer P. off. rosea plena. Entwicklung am Anfang\",\"breadcrumb\":{\"@id\":\"https:\\\/\\\/pfingstrosen-paradies.de\\\/shop\\\/baumpaeonien\\\/suffruticosa\\\/reine-elisabeth\\\/#breadcrumb\"},\"inLanguage\":\"en-GB\",\"potentialAction\":[{\"@type\":\"ReadAction\",\"target\":[\"https:\\\/\\\/pfingstrosen-paradies.de\\\/shop\\\/baumpaeonien\\\/suffruticosa\\\/reine-elisabeth\\\/\"]}]},{\"@type\":\"ImageObject\",\"inLanguage\":\"en-GB\",\"@id\":\"https:\\\/\\\/pfingstrosen-paradies.de\\\/shop\\\/baumpaeonien\\\/suffruticosa\\\/reine-elisabeth\\\/#primaryimage\",\"url\":\"https:\\\/\\\/pfingstrosen-paradies.de\\\/wp-content\\\/uploads\\\/Reine-Elizabeth-2.jpg\",\"contentUrl\":\"https:\\\/\\\/pfingstrosen-paradies.de\\\/wp-content\\\/uploads\\\/Reine-Elizabeth-2.jpg\",\"width\":1280,\"height\":960,\"caption\":\"Reine \u00c9lisabeth\"},{\"@type\":\"BreadcrumbList\",\"@id\":\"https:\\\/\\\/pfingstrosen-paradies.de\\\/shop\\\/baumpaeonien\\\/suffruticosa\\\/reine-elisabeth\\\/#breadcrumb\",\"itemListElement\":[{\"@type\":\"ListItem\",\"position\":1,\"name\":\"Start\",\"item\":\"https:\\\/\\\/pfingstrosen-paradies.de\\\/\"},{\"@type\":\"ListItem\",\"position\":2,\"name\":\"Shop\",\"item\":\"https:\\\/\\\/pfingstrosen-paradies.de\\\/shop\\\/\"},{\"@type\":\"ListItem\",\"position\":3,\"name\":\"Reine \u00c9lisabeth\"}]},{\"@type\":\"WebSite\",\"@id\":\"https:\\\/\\\/pfingstrosen-paradies.de\\\/#website\",\"url\":\"https:\\\/\\\/pfingstrosen-paradies.de\\\/\",\"name\":\"Pfingstrosen-Paradies\",\"description\":\"Fachg\u00e4rtnerei f\u00fcr Pfingstrosen\",\"publisher\":{\"@id\":\"https:\\\/\\\/pfingstrosen-paradies.de\\\/#organization\"},\"potentialAction\":[{\"@type\":\"SearchAction\",\"target\":{\"@type\":\"EntryPoint\",\"urlTemplate\":\"https:\\\/\\\/pfingstrosen-paradies.de\\\/?s={search_term_string}\"},\"query-input\":{\"@type\":\"PropertyValueSpecification\",\"valueRequired\":true,\"valueName\":\"search_term_string\"}}],\"inLanguage\":\"en-GB\"},{\"@type\":\"Organization\",\"@id\":\"https:\\\/\\\/pfingstrosen-paradies.de\\\/#organization\",\"name\":\"Pfingstrosen-Paradies\",\"url\":\"https:\\\/\\\/pfingstrosen-paradies.de\\\/\",\"logo\":{\"@type\":\"ImageObject\",\"inLanguage\":\"en-GB\",\"@id\":\"https:\\\/\\\/pfingstrosen-paradies.de\\\/#\\\/schema\\\/logo\\\/image\\\/\",\"url\":\"https:\\\/\\\/pfingstrosen-paradies.de\\\/wp-content\\\/uploads\\\/2021\\\/02\\\/logo-pfingstrosen.png\",\"contentUrl\":\"https:\\\/\\\/pfingstrosen-paradies.de\\\/wp-content\\\/uploads\\\/2021\\\/02\\\/logo-pfingstrosen.png\",\"width\":1568,\"height\":366,\"caption\":\"Pfingstrosen-Paradies\"},\"image\":{\"@id\":\"https:\\\/\\\/pfingstrosen-paradies.de\\\/#\\\/schema\\\/logo\\\/image\\\/\"}}]}<\/script>\n<!-- \/ Yoast SEO plugin. -->","yoast_head_json":{"title":"Paeonia 'Reine \u00c9lisabeth' | Pfingstrosen-Paradies Tetzlaff","description":"Strauchp\u00e4onien, Suffruticosa | gro\u00dfe, stark gef\u00fcllte, kr\u00e4ftig rosafarbene bis kirschrote Bl\u00fcte, \u00e4hnelt im aufgebl\u00fchten Zustand sehr einer P. off. rosea plena. Entwicklung am Anfang","robots":{"index":"index","follow":"follow","max-snippet":"max-snippet:-1","max-image-preview":"max-image-preview:large","max-video-preview":"max-video-preview:-1"},"canonical":"https:\/\/pfingstrosen-paradies.de\/en\/shop\/baumpaeonien\/suffruticosa\/reine-elisabeth\/","og_locale":"en_GB","og_type":"article","og_title":"Paeonia 'Reine \u00c9lisabeth' | Pfingstrosen-Paradies Tetzlaff","og_description":"Strauchp\u00e4onien, Suffruticosa | gro\u00dfe, stark gef\u00fcllte, kr\u00e4ftig rosafarbene bis kirschrote Bl\u00fcte, \u00e4hnelt im aufgebl\u00fchten Zustand sehr einer P. off. rosea plena. Entwicklung am Anfang","og_url":"https:\/\/pfingstrosen-paradies.de\/en\/shop\/baumpaeonien\/suffruticosa\/reine-elisabeth\/","og_site_name":"Pfingstrosen-Paradies","article_modified_time":"2026-01-19T15:54:43+00:00","og_image":[{"width":1280,"height":960,"url":"https:\/\/pfingstrosen-paradies.de\/wp-content\/uploads\/Reine-Elizabeth-2.jpg","type":"image\/jpeg"}],"twitter_card":"summary_large_image","twitter_misc":{"Estimated reading time":"1 minute"},"schema":{"@context":"https:\/\/schema.org","@graph":[{"@type":"WebPage","@id":"https:\/\/pfingstrosen-paradies.de\/shop\/baumpaeonien\/suffruticosa\/reine-elisabeth\/","url":"https:\/\/pfingstrosen-paradies.de\/shop\/baumpaeonien\/suffruticosa\/reine-elisabeth\/","name":"Paeonia 'Reine \u00c9lisabeth' | Pfingstrosen-Paradies Tetzlaff","isPartOf":{"@id":"https:\/\/pfingstrosen-paradies.de\/#website"},"primaryImageOfPage":{"@id":"https:\/\/pfingstrosen-paradies.de\/shop\/baumpaeonien\/suffruticosa\/reine-elisabeth\/#primaryimage"},"image":{"@id":"https:\/\/pfingstrosen-paradies.de\/shop\/baumpaeonien\/suffruticosa\/reine-elisabeth\/#primaryimage"},"thumbnailUrl":"https:\/\/pfingstrosen-paradies.de\/wp-content\/uploads\/Reine-Elizabeth-2.jpg","datePublished":"2022-01-03T10:13:03+00:00","dateModified":"2026-01-19T15:54:43+00:00","description":"Strauchp\u00e4onien, Suffruticosa | gro\u00dfe, stark gef\u00fcllte, kr\u00e4ftig rosafarbene bis kirschrote Bl\u00fcte, \u00e4hnelt im aufgebl\u00fchten Zustand sehr einer P. off. rosea plena. Entwicklung am Anfang","breadcrumb":{"@id":"https:\/\/pfingstrosen-paradies.de\/shop\/baumpaeonien\/suffruticosa\/reine-elisabeth\/#breadcrumb"},"inLanguage":"en-GB","potentialAction":[{"@type":"ReadAction","target":["https:\/\/pfingstrosen-paradies.de\/shop\/baumpaeonien\/suffruticosa\/reine-elisabeth\/"]}]},{"@type":"ImageObject","inLanguage":"en-GB","@id":"https:\/\/pfingstrosen-paradies.de\/shop\/baumpaeonien\/suffruticosa\/reine-elisabeth\/#primaryimage","url":"https:\/\/pfingstrosen-paradies.de\/wp-content\/uploads\/Reine-Elizabeth-2.jpg","contentUrl":"https:\/\/pfingstrosen-paradies.de\/wp-content\/uploads\/Reine-Elizabeth-2.jpg","width":1280,"height":960,"caption":"Reine \u00c9lisabeth"},{"@type":"BreadcrumbList","@id":"https:\/\/pfingstrosen-paradies.de\/shop\/baumpaeonien\/suffruticosa\/reine-elisabeth\/#breadcrumb","itemListElement":[{"@type":"ListItem","position":1,"name":"Start","item":"https:\/\/pfingstrosen-paradies.de\/"},{"@type":"ListItem","position":2,"name":"Shop","item":"https:\/\/pfingstrosen-paradies.de\/shop\/"},{"@type":"ListItem","position":3,"name":"Reine \u00c9lisabeth"}]},{"@type":"WebSite","@id":"https:\/\/pfingstrosen-paradies.de\/#website","url":"https:\/\/pfingstrosen-paradies.de\/","name":"Pfingstrosen-Paradies","description":"Fachg\u00e4rtnerei f\u00fcr Pfingstrosen","publisher":{"@id":"https:\/\/pfingstrosen-paradies.de\/#organization"},"potentialAction":[{"@type":"SearchAction","target":{"@type":"EntryPoint","urlTemplate":"https:\/\/pfingstrosen-paradies.de\/?s={search_term_string}"},"query-input":{"@type":"PropertyValueSpecification","valueRequired":true,"valueName":"search_term_string"}}],"inLanguage":"en-GB"},{"@type":"Organization","@id":"https:\/\/pfingstrosen-paradies.de\/#organization","name":"Pfingstrosen-Paradies","url":"https:\/\/pfingstrosen-paradies.de\/","logo":{"@type":"ImageObject","inLanguage":"en-GB","@id":"https:\/\/pfingstrosen-paradies.de\/#\/schema\/logo\/image\/","url":"https:\/\/pfingstrosen-paradies.de\/wp-content\/uploads\/2021\/02\/logo-pfingstrosen.png","contentUrl":"https:\/\/pfingstrosen-paradies.de\/wp-content\/uploads\/2021\/02\/logo-pfingstrosen.png","width":1568,"height":366,"caption":"Pfingstrosen-Paradies"},"image":{"@id":"https:\/\/pfingstrosen-paradies.de\/#\/schema\/logo\/image\/"}}]}},"_links":{"self":[{"href":"https:\/\/pfingstrosen-paradies.de\/en\/wp-json\/wp\/v2\/product\/3557","targetHints":{"allow":["GET"]}}],"collection":[{"href":"https:\/\/pfingstrosen-paradies.de\/en\/wp-json\/wp\/v2\/product"}],"about":[{"href":"https:\/\/pfingstrosen-paradies.de\/en\/wp-json\/wp\/v2\/types\/product"}],"wp:featuredmedia":[{"embeddable":true,"href":"https:\/\/pfingstrosen-paradies.de\/en\/wp-json\/wp\/v2\/media\/3963"}],"wp:attachment":[{"href":"https:\/\/pfingstrosen-paradies.de\/en\/wp-json\/wp\/v2\/media?parent=3557"}],"wp:term":[{"taxonomy":"product_brand","embeddable":true,"href":"https:\/\/pfingstrosen-paradies.de\/en\/wp-json\/wp\/v2\/product_brand?post=3557"},{"taxonomy":"product_cat","embeddable":true,"href":"https:\/\/pfingstrosen-paradies.de\/en\/wp-json\/wp\/v2\/product_cat?post=3557"},{"taxonomy":"product_tag","embeddable":true,"href":"https:\/\/pfingstrosen-paradies.de\/en\/wp-json\/wp\/v2\/product_tag?post=3557"}],"curies":[{"name":"wp","href":"https:\/\/api.w.org\/{rel}","templated":true}]}}