{"id":3768,"date":"2022-01-03T18:16:11","date_gmt":"2022-01-03T17:16:11","guid":{"rendered":"https:\/\/pfingstrosen-paradies.de\/?post_type=product&#038;p=3768"},"modified":"2026-01-19T09:52:49","modified_gmt":"2026-01-19T08:52:49","slug":"boreas","status":"publish","type":"product","link":"https:\/\/pfingstrosen-paradies.de\/en\/shop\/baumpaeonien\/lutea-hybriden\/boreas\/","title":{"rendered":"Boreas"},"content":{"rendered":"<p>dunkelrote, einfache Bl\u00fcte mit Basalfleck, leichter Duft, pollenfertil, wurde bereits als Pollenspender in der Z\u00fcchtung der Intersektionellen Hybriden \u201eSonoma Velvet Ruby\u201c, Tolomeo erfolgreich eingesetzt, kr\u00e4ftiger Wuchs, Habitus der Pflanze im Alter mehr (2 m und mehr) breit als hoch (~ 150 cm), Durchmesser der Bl\u00fcte: 18-20 cm<\/p>","protected":false},"excerpt":{"rendered":"<p>dunkelrote, einfache Bl\u00fcte mit Basalfleck, leichter Duft, pollenfertil, wurde bereits als Pollenspender in der Z\u00fcchtung der Intersektionellen Hybriden \u201eSonoma Velvet Ruby\u201c, Tolomeo erfolgreich eingesetzt, kr\u00e4ftiger Wuchs, Habitus der Pflanze im Alter mehr (2 m und mehr) breit als hoch (~ 150 cm), Durchmesser der Bl\u00fcte: 18-20 cm<\/p>","protected":false},"featured_media":3848,"template":"","meta":[],"product_brand":[],"product_cat":[36,34],"product_tag":[],"class_list":{"0":"post-3768","1":"product","2":"type-product","3":"status-publish","4":"has-post-thumbnail","6":"product_cat-lutea-hybriden","7":"product_cat-baumpaeonien","9":"first","10":"instock","11":"taxable","12":"shipping-taxable","13":"purchasable","14":"product-type-simple"},"featured_image_urls":{"full":["https:\/\/pfingstrosen-paradies.de\/wp-content\/uploads\/Boreas-6-2.jpg",1280,945,false],"thumbnail":["https:\/\/pfingstrosen-paradies.de\/wp-content\/uploads\/Boreas-6-2-150x150.jpg",150,150,true],"medium":["https:\/\/pfingstrosen-paradies.de\/wp-content\/uploads\/Boreas-6-2-300x221.jpg",300,221,true],"medium_large":["https:\/\/pfingstrosen-paradies.de\/wp-content\/uploads\/Boreas-6-2-768x567.jpg",768,567,true],"large":["https:\/\/pfingstrosen-paradies.de\/wp-content\/uploads\/Boreas-6-2-1024x756.jpg",1024,756,true],"1536x1536":["https:\/\/pfingstrosen-paradies.de\/wp-content\/uploads\/Boreas-6-2.jpg",1280,945,false],"2048x2048":["https:\/\/pfingstrosen-paradies.de\/wp-content\/uploads\/Boreas-6-2.jpg",1280,945,false],"trp-custom-language-flag":["https:\/\/pfingstrosen-paradies.de\/wp-content\/uploads\/Boreas-6-2-16x12.jpg",16,12,true],"ptam-block-post-grid-landscape":["https:\/\/pfingstrosen-paradies.de\/wp-content\/uploads\/Boreas-6-2-600x400.jpg",600,400,true],"ptam-block-post-grid-square":["https:\/\/pfingstrosen-paradies.de\/wp-content\/uploads\/Boreas-6-2-600x600.jpg",600,600,true],"ptam-block-post-grid-featured-landscape":["https:\/\/pfingstrosen-paradies.de\/wp-content\/uploads\/Boreas-6-2-1000x600.jpg",1000,600,true],"woocommerce_archive_thumbnail":["https:\/\/pfingstrosen-paradies.de\/wp-content\/uploads\/Boreas-6-2-400x350.jpg",400,350,true],"woocommerce_thumbnail":["https:\/\/pfingstrosen-paradies.de\/wp-content\/uploads\/Boreas-6-2-400x350.jpg",400,350,true],"woocommerce_single":["https:\/\/pfingstrosen-paradies.de\/wp-content\/uploads\/Boreas-6-2-1200x886.jpg",1200,886,true],"woocommerce_gallery_thumbnail":["https:\/\/pfingstrosen-paradies.de\/wp-content\/uploads\/Boreas-6-2-100x100.jpg",100,100,true]},"post_excerpt_stackable":"<p>dunkelrote, einfache Bl\u00fcte mit Basalfleck, leichter Duft, pollenfertil, wurde bereits als Pollenspender in der Z\u00fcchtung der Intersektionellen Hybriden \u201eSonoma Velvet Ruby\u201c, Tolomeo erfolgreich eingesetzt, kr\u00e4ftiger Wuchs, Habitus der Pflanze im Alter mehr (2 m und mehr) breit als hoch (~ 150 cm), Durchmesser der Bl\u00fcte: 18-20 cm<\/p>\n","category_list":"","author_info":{"name":"","url":""},"comments_num":"0 comments","featured_image_urls_v2":{"full":["https:\/\/pfingstrosen-paradies.de\/wp-content\/uploads\/Boreas-6-2.jpg",1280,945,false],"thumbnail":["https:\/\/pfingstrosen-paradies.de\/wp-content\/uploads\/Boreas-6-2-150x150.jpg",150,150,true],"medium":["https:\/\/pfingstrosen-paradies.de\/wp-content\/uploads\/Boreas-6-2-300x221.jpg",300,221,true],"medium_large":["https:\/\/pfingstrosen-paradies.de\/wp-content\/uploads\/Boreas-6-2-768x567.jpg",768,567,true],"large":["https:\/\/pfingstrosen-paradies.de\/wp-content\/uploads\/Boreas-6-2-1024x756.jpg",1024,756,true],"1536x1536":["https:\/\/pfingstrosen-paradies.de\/wp-content\/uploads\/Boreas-6-2.jpg",1280,945,false],"2048x2048":["https:\/\/pfingstrosen-paradies.de\/wp-content\/uploads\/Boreas-6-2.jpg",1280,945,false],"trp-custom-language-flag":["https:\/\/pfingstrosen-paradies.de\/wp-content\/uploads\/Boreas-6-2-16x12.jpg",16,12,true],"ptam-block-post-grid-landscape":["https:\/\/pfingstrosen-paradies.de\/wp-content\/uploads\/Boreas-6-2-600x400.jpg",600,400,true],"ptam-block-post-grid-square":["https:\/\/pfingstrosen-paradies.de\/wp-content\/uploads\/Boreas-6-2-600x600.jpg",600,600,true],"ptam-block-post-grid-featured-landscape":["https:\/\/pfingstrosen-paradies.de\/wp-content\/uploads\/Boreas-6-2-1000x600.jpg",1000,600,true],"woocommerce_archive_thumbnail":["https:\/\/pfingstrosen-paradies.de\/wp-content\/uploads\/Boreas-6-2-400x350.jpg",400,350,true],"woocommerce_thumbnail":["https:\/\/pfingstrosen-paradies.de\/wp-content\/uploads\/Boreas-6-2-400x350.jpg",400,350,true],"woocommerce_single":["https:\/\/pfingstrosen-paradies.de\/wp-content\/uploads\/Boreas-6-2-1200x886.jpg",1200,886,true],"woocommerce_gallery_thumbnail":["https:\/\/pfingstrosen-paradies.de\/wp-content\/uploads\/Boreas-6-2-100x100.jpg",100,100,true]},"post_excerpt_stackable_v2":"<p>dunkelrote, einfache Bl\u00fcte mit Basalfleck, leichter Duft, pollenfertil, wurde bereits als Pollenspender in der Z\u00fcchtung der Intersektionellen Hybriden \u201eSonoma Velvet Ruby\u201c, Tolomeo erfolgreich eingesetzt, kr\u00e4ftiger Wuchs, Habitus der Pflanze im Alter mehr (2 m und mehr) breit als hoch (~ 150 cm), Durchmesser der Bl\u00fcte: 18-20 cm<\/p>\n","category_list_v2":"","author_info_v2":{"name":"","url":""},"comments_num_v2":"0 comments","yoast_head":"<!-- This site is optimized with the Yoast SEO plugin v27.3 - https:\/\/yoast.com\/product\/yoast-seo-wordpress\/ -->\n<title>Paeonia &#039;Boreas&#039; | Pfingstrosen-Paradies Tetzlaff<\/title>\n<meta name=\"description\" content=\"Lutea-Hybriden, Strauchp\u00e4onien | dunkelrote, einfache Bl\u00fcte mit Basalfleck, leichter Duft, pollenfertil, wurde bereits als Pollenspender in der Z\u00fcchtung der Intersektionellen Hybriden\" \/>\n<meta name=\"robots\" content=\"index, follow, max-snippet:-1, max-image-preview:large, max-video-preview:-1\" \/>\n<link rel=\"canonical\" href=\"https:\/\/pfingstrosen-paradies.de\/en\/shop\/baumpaeonien\/lutea-hybriden\/boreas\/\" \/>\n<meta property=\"og:locale\" content=\"en_GB\" \/>\n<meta property=\"og:type\" content=\"article\" \/>\n<meta property=\"og:title\" content=\"Paeonia &#039;Boreas&#039; | Pfingstrosen-Paradies Tetzlaff\" \/>\n<meta property=\"og:description\" content=\"Lutea-Hybriden, Strauchp\u00e4onien | dunkelrote, einfache Bl\u00fcte mit Basalfleck, leichter Duft, pollenfertil, wurde bereits als Pollenspender in der Z\u00fcchtung der Intersektionellen Hybriden\" \/>\n<meta property=\"og:url\" content=\"https:\/\/pfingstrosen-paradies.de\/en\/shop\/baumpaeonien\/lutea-hybriden\/boreas\/\" \/>\n<meta property=\"og:site_name\" content=\"Pfingstrosen-Paradies\" \/>\n<meta property=\"article:modified_time\" content=\"2026-01-19T08:52:49+00:00\" \/>\n<meta property=\"og:image\" content=\"https:\/\/pfingstrosen-paradies.de\/wp-content\/uploads\/Boreas-6-2.jpg\" \/>\n\t<meta property=\"og:image:width\" content=\"1280\" \/>\n\t<meta property=\"og:image:height\" content=\"945\" \/>\n\t<meta property=\"og:image:type\" content=\"image\/jpeg\" \/>\n<meta name=\"twitter:card\" content=\"summary_large_image\" \/>\n<meta name=\"twitter:label1\" content=\"Estimated reading time\" \/>\n\t<meta name=\"twitter:data1\" content=\"1 minute\" \/>\n<script type=\"application\/ld+json\" class=\"yoast-schema-graph\">{\"@context\":\"https:\\\/\\\/schema.org\",\"@graph\":[{\"@type\":\"WebPage\",\"@id\":\"https:\\\/\\\/pfingstrosen-paradies.de\\\/shop\\\/baumpaeonien\\\/lutea-hybriden\\\/boreas\\\/\",\"url\":\"https:\\\/\\\/pfingstrosen-paradies.de\\\/shop\\\/baumpaeonien\\\/lutea-hybriden\\\/boreas\\\/\",\"name\":\"Paeonia 'Boreas' | Pfingstrosen-Paradies Tetzlaff\",\"isPartOf\":{\"@id\":\"https:\\\/\\\/pfingstrosen-paradies.de\\\/#website\"},\"primaryImageOfPage\":{\"@id\":\"https:\\\/\\\/pfingstrosen-paradies.de\\\/shop\\\/baumpaeonien\\\/lutea-hybriden\\\/boreas\\\/#primaryimage\"},\"image\":{\"@id\":\"https:\\\/\\\/pfingstrosen-paradies.de\\\/shop\\\/baumpaeonien\\\/lutea-hybriden\\\/boreas\\\/#primaryimage\"},\"thumbnailUrl\":\"https:\\\/\\\/pfingstrosen-paradies.de\\\/wp-content\\\/uploads\\\/Boreas-6-2.jpg\",\"datePublished\":\"2022-01-03T17:16:11+00:00\",\"dateModified\":\"2026-01-19T08:52:49+00:00\",\"description\":\"Lutea-Hybriden, Strauchp\u00e4onien | dunkelrote, einfache Bl\u00fcte mit Basalfleck, leichter Duft, pollenfertil, wurde bereits als Pollenspender in der Z\u00fcchtung der Intersektionellen Hybriden\",\"breadcrumb\":{\"@id\":\"https:\\\/\\\/pfingstrosen-paradies.de\\\/shop\\\/baumpaeonien\\\/lutea-hybriden\\\/boreas\\\/#breadcrumb\"},\"inLanguage\":\"en-GB\",\"potentialAction\":[{\"@type\":\"ReadAction\",\"target\":[\"https:\\\/\\\/pfingstrosen-paradies.de\\\/shop\\\/baumpaeonien\\\/lutea-hybriden\\\/boreas\\\/\"]}]},{\"@type\":\"ImageObject\",\"inLanguage\":\"en-GB\",\"@id\":\"https:\\\/\\\/pfingstrosen-paradies.de\\\/shop\\\/baumpaeonien\\\/lutea-hybriden\\\/boreas\\\/#primaryimage\",\"url\":\"https:\\\/\\\/pfingstrosen-paradies.de\\\/wp-content\\\/uploads\\\/Boreas-6-2.jpg\",\"contentUrl\":\"https:\\\/\\\/pfingstrosen-paradies.de\\\/wp-content\\\/uploads\\\/Boreas-6-2.jpg\",\"width\":1280,\"height\":945,\"caption\":\"Boreas\"},{\"@type\":\"BreadcrumbList\",\"@id\":\"https:\\\/\\\/pfingstrosen-paradies.de\\\/shop\\\/baumpaeonien\\\/lutea-hybriden\\\/boreas\\\/#breadcrumb\",\"itemListElement\":[{\"@type\":\"ListItem\",\"position\":1,\"name\":\"Start\",\"item\":\"https:\\\/\\\/pfingstrosen-paradies.de\\\/\"},{\"@type\":\"ListItem\",\"position\":2,\"name\":\"Shop\",\"item\":\"https:\\\/\\\/pfingstrosen-paradies.de\\\/shop\\\/\"},{\"@type\":\"ListItem\",\"position\":3,\"name\":\"Boreas\"}]},{\"@type\":\"WebSite\",\"@id\":\"https:\\\/\\\/pfingstrosen-paradies.de\\\/#website\",\"url\":\"https:\\\/\\\/pfingstrosen-paradies.de\\\/\",\"name\":\"Pfingstrosen-Paradies\",\"description\":\"Fachg\u00e4rtnerei f\u00fcr Pfingstrosen\",\"publisher\":{\"@id\":\"https:\\\/\\\/pfingstrosen-paradies.de\\\/#organization\"},\"potentialAction\":[{\"@type\":\"SearchAction\",\"target\":{\"@type\":\"EntryPoint\",\"urlTemplate\":\"https:\\\/\\\/pfingstrosen-paradies.de\\\/?s={search_term_string}\"},\"query-input\":{\"@type\":\"PropertyValueSpecification\",\"valueRequired\":true,\"valueName\":\"search_term_string\"}}],\"inLanguage\":\"en-GB\"},{\"@type\":\"Organization\",\"@id\":\"https:\\\/\\\/pfingstrosen-paradies.de\\\/#organization\",\"name\":\"Pfingstrosen-Paradies\",\"url\":\"https:\\\/\\\/pfingstrosen-paradies.de\\\/\",\"logo\":{\"@type\":\"ImageObject\",\"inLanguage\":\"en-GB\",\"@id\":\"https:\\\/\\\/pfingstrosen-paradies.de\\\/#\\\/schema\\\/logo\\\/image\\\/\",\"url\":\"https:\\\/\\\/pfingstrosen-paradies.de\\\/wp-content\\\/uploads\\\/2021\\\/02\\\/logo-pfingstrosen.png\",\"contentUrl\":\"https:\\\/\\\/pfingstrosen-paradies.de\\\/wp-content\\\/uploads\\\/2021\\\/02\\\/logo-pfingstrosen.png\",\"width\":1568,\"height\":366,\"caption\":\"Pfingstrosen-Paradies\"},\"image\":{\"@id\":\"https:\\\/\\\/pfingstrosen-paradies.de\\\/#\\\/schema\\\/logo\\\/image\\\/\"}}]}<\/script>\n<!-- \/ Yoast SEO plugin. -->","yoast_head_json":{"title":"Paeonia 'Boreas' | Pfingstrosen-Paradies Tetzlaff","description":"Lutea-Hybriden, Strauchp\u00e4onien | dunkelrote, einfache Bl\u00fcte mit Basalfleck, leichter Duft, pollenfertil, wurde bereits als Pollenspender in der Z\u00fcchtung der Intersektionellen Hybriden","robots":{"index":"index","follow":"follow","max-snippet":"max-snippet:-1","max-image-preview":"max-image-preview:large","max-video-preview":"max-video-preview:-1"},"canonical":"https:\/\/pfingstrosen-paradies.de\/en\/shop\/baumpaeonien\/lutea-hybriden\/boreas\/","og_locale":"en_GB","og_type":"article","og_title":"Paeonia 'Boreas' | Pfingstrosen-Paradies Tetzlaff","og_description":"Lutea-Hybriden, Strauchp\u00e4onien | dunkelrote, einfache Bl\u00fcte mit Basalfleck, leichter Duft, pollenfertil, wurde bereits als Pollenspender in der Z\u00fcchtung der Intersektionellen Hybriden","og_url":"https:\/\/pfingstrosen-paradies.de\/en\/shop\/baumpaeonien\/lutea-hybriden\/boreas\/","og_site_name":"Pfingstrosen-Paradies","article_modified_time":"2026-01-19T08:52:49+00:00","og_image":[{"width":1280,"height":945,"url":"https:\/\/pfingstrosen-paradies.de\/wp-content\/uploads\/Boreas-6-2.jpg","type":"image\/jpeg"}],"twitter_card":"summary_large_image","twitter_misc":{"Estimated reading time":"1 minute"},"schema":{"@context":"https:\/\/schema.org","@graph":[{"@type":"WebPage","@id":"https:\/\/pfingstrosen-paradies.de\/shop\/baumpaeonien\/lutea-hybriden\/boreas\/","url":"https:\/\/pfingstrosen-paradies.de\/shop\/baumpaeonien\/lutea-hybriden\/boreas\/","name":"Paeonia 'Boreas' | Pfingstrosen-Paradies Tetzlaff","isPartOf":{"@id":"https:\/\/pfingstrosen-paradies.de\/#website"},"primaryImageOfPage":{"@id":"https:\/\/pfingstrosen-paradies.de\/shop\/baumpaeonien\/lutea-hybriden\/boreas\/#primaryimage"},"image":{"@id":"https:\/\/pfingstrosen-paradies.de\/shop\/baumpaeonien\/lutea-hybriden\/boreas\/#primaryimage"},"thumbnailUrl":"https:\/\/pfingstrosen-paradies.de\/wp-content\/uploads\/Boreas-6-2.jpg","datePublished":"2022-01-03T17:16:11+00:00","dateModified":"2026-01-19T08:52:49+00:00","description":"Lutea-Hybriden, Strauchp\u00e4onien | dunkelrote, einfache Bl\u00fcte mit Basalfleck, leichter Duft, pollenfertil, wurde bereits als Pollenspender in der Z\u00fcchtung der Intersektionellen Hybriden","breadcrumb":{"@id":"https:\/\/pfingstrosen-paradies.de\/shop\/baumpaeonien\/lutea-hybriden\/boreas\/#breadcrumb"},"inLanguage":"en-GB","potentialAction":[{"@type":"ReadAction","target":["https:\/\/pfingstrosen-paradies.de\/shop\/baumpaeonien\/lutea-hybriden\/boreas\/"]}]},{"@type":"ImageObject","inLanguage":"en-GB","@id":"https:\/\/pfingstrosen-paradies.de\/shop\/baumpaeonien\/lutea-hybriden\/boreas\/#primaryimage","url":"https:\/\/pfingstrosen-paradies.de\/wp-content\/uploads\/Boreas-6-2.jpg","contentUrl":"https:\/\/pfingstrosen-paradies.de\/wp-content\/uploads\/Boreas-6-2.jpg","width":1280,"height":945,"caption":"Boreas"},{"@type":"BreadcrumbList","@id":"https:\/\/pfingstrosen-paradies.de\/shop\/baumpaeonien\/lutea-hybriden\/boreas\/#breadcrumb","itemListElement":[{"@type":"ListItem","position":1,"name":"Start","item":"https:\/\/pfingstrosen-paradies.de\/"},{"@type":"ListItem","position":2,"name":"Shop","item":"https:\/\/pfingstrosen-paradies.de\/shop\/"},{"@type":"ListItem","position":3,"name":"Boreas"}]},{"@type":"WebSite","@id":"https:\/\/pfingstrosen-paradies.de\/#website","url":"https:\/\/pfingstrosen-paradies.de\/","name":"Pfingstrosen-Paradies","description":"Fachg\u00e4rtnerei f\u00fcr Pfingstrosen","publisher":{"@id":"https:\/\/pfingstrosen-paradies.de\/#organization"},"potentialAction":[{"@type":"SearchAction","target":{"@type":"EntryPoint","urlTemplate":"https:\/\/pfingstrosen-paradies.de\/?s={search_term_string}"},"query-input":{"@type":"PropertyValueSpecification","valueRequired":true,"valueName":"search_term_string"}}],"inLanguage":"en-GB"},{"@type":"Organization","@id":"https:\/\/pfingstrosen-paradies.de\/#organization","name":"Pfingstrosen-Paradies","url":"https:\/\/pfingstrosen-paradies.de\/","logo":{"@type":"ImageObject","inLanguage":"en-GB","@id":"https:\/\/pfingstrosen-paradies.de\/#\/schema\/logo\/image\/","url":"https:\/\/pfingstrosen-paradies.de\/wp-content\/uploads\/2021\/02\/logo-pfingstrosen.png","contentUrl":"https:\/\/pfingstrosen-paradies.de\/wp-content\/uploads\/2021\/02\/logo-pfingstrosen.png","width":1568,"height":366,"caption":"Pfingstrosen-Paradies"},"image":{"@id":"https:\/\/pfingstrosen-paradies.de\/#\/schema\/logo\/image\/"}}]}},"_links":{"self":[{"href":"https:\/\/pfingstrosen-paradies.de\/en\/wp-json\/wp\/v2\/product\/3768","targetHints":{"allow":["GET"]}}],"collection":[{"href":"https:\/\/pfingstrosen-paradies.de\/en\/wp-json\/wp\/v2\/product"}],"about":[{"href":"https:\/\/pfingstrosen-paradies.de\/en\/wp-json\/wp\/v2\/types\/product"}],"wp:featuredmedia":[{"embeddable":true,"href":"https:\/\/pfingstrosen-paradies.de\/en\/wp-json\/wp\/v2\/media\/3848"}],"wp:attachment":[{"href":"https:\/\/pfingstrosen-paradies.de\/en\/wp-json\/wp\/v2\/media?parent=3768"}],"wp:term":[{"taxonomy":"product_brand","embeddable":true,"href":"https:\/\/pfingstrosen-paradies.de\/en\/wp-json\/wp\/v2\/product_brand?post=3768"},{"taxonomy":"product_cat","embeddable":true,"href":"https:\/\/pfingstrosen-paradies.de\/en\/wp-json\/wp\/v2\/product_cat?post=3768"},{"taxonomy":"product_tag","embeddable":true,"href":"https:\/\/pfingstrosen-paradies.de\/en\/wp-json\/wp\/v2\/product_tag?post=3768"}],"curies":[{"name":"wp","href":"https:\/\/api.w.org\/{rel}","templated":true}]}}